{"id":45,"date":"2018-10-11T10:48:04","date_gmt":"2018-10-11T08:48:04","guid":{"rendered":"https:\/\/klett.cz\/kmi\/?page_id=45"},"modified":"2025-10-30T16:19:35","modified_gmt":"2025-10-30T15:19:35","slug":"vzorky-zdarma","status":"publish","type":"page","link":"https:\/\/klett.cz\/wir-alle\/vzorky-zdarma\/","title":{"rendered":"Vzorky zdarma"},"content":{"rendered":"\n<style type=\"text\/css\" data-created_by=\"avia_inline_auto\" id=\"style-css-av-9ojpx-4ddb30258e6282a67d36554bc2acbbcb\">\n.avia-image-container.av-9ojpx-4ddb30258e6282a67d36554bc2acbbcb img.avia_image{\nbox-shadow:none;\n}\n.avia-image-container.av-9ojpx-4ddb30258e6282a67d36554bc2acbbcb .av-image-caption-overlay-center{\ncolor:#ffffff;\n}\n<\/style>\n<div  class='avia-image-container av-9ojpx-4ddb30258e6282a67d36554bc2acbbcb av-styling- avia-align-center  avia-builder-el-0  el_before_av_one_full  avia-builder-el-first '   itemprop=\"image\" itemscope=\"itemscope\" itemtype=\"https:\/\/schema.org\/ImageObject\" ><div class=\"avia-image-container-inner\"><div class=\"avia-image-overlay-wrap\"><img decoding=\"async\" fetchpriority=\"high\" class='wp-image-1008 avia-img-lazy-loading-not-1008 avia_image ' src=\"https:\/\/klett.cz\/wir-alle\/wp-content\/uploads\/5_Klett_Wir_alle_banner_1500x630-novy.jpg\" alt='' title='5_Klett_Wir_alle_banner_1500x630-novy'  height=\"630\" width=\"1500\"  itemprop=\"thumbnailUrl\" srcset=\"https:\/\/klett.cz\/wir-alle\/wp-content\/uploads\/5_Klett_Wir_alle_banner_1500x630-novy.jpg 1500w, https:\/\/klett.cz\/wir-alle\/wp-content\/uploads\/5_Klett_Wir_alle_banner_1500x630-novy-300x126.jpg 300w, https:\/\/klett.cz\/wir-alle\/wp-content\/uploads\/5_Klett_Wir_alle_banner_1500x630-novy-1030x433.jpg 1030w, https:\/\/klett.cz\/wir-alle\/wp-content\/uploads\/5_Klett_Wir_alle_banner_1500x630-novy-768x323.jpg 768w, https:\/\/klett.cz\/wir-alle\/wp-content\/uploads\/5_Klett_Wir_alle_banner_1500x630-novy-705x296.jpg 705w\" sizes=\"(max-width: 1500px) 100vw, 1500px\" \/><\/div><\/div><\/div>\n\n<style type=\"text\/css\" data-created_by=\"avia_inline_auto\" id=\"style-css-av-bmz25-60bf4db1abc2bcb0a3c80ba6c9bb3f37\">\n.flex_column.av-bmz25-60bf4db1abc2bcb0a3c80ba6c9bb3f37{\nborder-radius:0px 0px 0px 0px;\npadding:0px 0px 0px 0px;\n}\n<\/style>\n<div  class='flex_column av-bmz25-60bf4db1abc2bcb0a3c80ba6c9bb3f37 av_one_full  avia-builder-el-1  el_after_av_image  el_before_av_one_full  first flex_column_div av-zero-column-padding  '     ><p>\n<style type=\"text\/css\" data-created_by=\"avia_inline_auto\" id=\"style-css-av-ab0wh-c988cf5b4a6ab4825f860314c26cedfb\">\n#top .hr.hr-invisible.av-ab0wh-c988cf5b4a6ab4825f860314c26cedfb{\nheight:50px;\n}\n<\/style>\n<div  class='hr av-ab0wh-c988cf5b4a6ab4825f860314c26cedfb hr-invisible  avia-builder-el-2  el_before_av_textblock  avia-builder-el-first '><span class='hr-inner '><span class=\"hr-inner-style\"><\/span><\/span><\/div><br \/>\n<section  class='av_textblock_section av-b3nj9-08d61fd4069ce0fbb9d648cf6e0fd834 '   itemscope=\"itemscope\" itemtype=\"https:\/\/schema.org\/CreativeWork\" ><div class='avia_textblock'  itemprop=\"text\" ><h1 style=\"text-align: center;\">OBJEDNEJTE SI ZDARMA VZORKY WIR ALLE<\/h1>\n<p style=\"text-align: center;\">Chcete se sezn\u00e1mit s materi\u00e1ly Wir alle? Vyberte si variantu, vypl\u0148te formul\u00e1\u0159 se \u017e\u00e1dost\u00ed a my v\u00e1m v\u00fdtisk doru\u010d\u00edme do \u0161koly.<\/p>\n<\/div><\/section><\/p><\/div>\n<style type=\"text\/css\" data-created_by=\"avia_inline_auto\" id=\"style-css-av-28681-557cb25f8daa4c773b1b4012dd1b42ae\">\n.flex_column.av-28681-557cb25f8daa4c773b1b4012dd1b42ae{\nborder-radius:0px 0px 0px 0px;\npadding:0px 0px 0px 0px;\n}\n<\/style>\n<div  class='flex_column av-28681-557cb25f8daa4c773b1b4012dd1b42ae av_one_full  avia-builder-el-4  el_after_av_one_full  el_before_av_contact  first flex_column_div av-zero-column-padding  column-top-margin'     ><section  class='av_textblock_section av-k66kyocf-6323e4da617647dc150a6f044b96a732 '   itemscope=\"itemscope\" itemtype=\"https:\/\/schema.org\/CreativeWork\" ><div class='avia_textblock'  itemprop=\"text\" ><p style=\"text-align: center;\">Vypln\u011bn\u00edm formul\u00e1\u0159e \u0161kole nevznik\u00e1 \u017e\u00e1dn\u00e1 povinnost ani z\u00e1vazek v\u016f\u010di nakladatelstv\u00ed Fraus Klett. V\u0161echny n\u00e1klady spojen\u00e9 se zasl\u00e1n\u00edm vzorov\u00fdch v\u00fdtisk\u016f pln\u011b hrad\u00ed nakladatelstv\u00ed Fraus Klett. Vzorky jsou ur\u010deny pouze pro u\u010ditele ciz\u00edch jazyk\u016f \u010di \u0159editele \u0161kol.<\/p>\n<\/div><\/section><\/div><form action=\"https:\/\/klett.cz\/wir-alle\/vzorky-zdarma\/\" method=\"post\" data-fields-with-error=\"Found errors in the following field(s):\" class=\"avia_ajax_form av-form-labels-visible   avia-builder-el-6  el_after_av_one_full  el_before_av_hr   \" data-avia-form-id=\"1\" data-avia-redirect='https:\/\/klett.cz\/wir-alle\/dekujeme\/' ><h3 class=''>Vypl\u0148te pros\u00edm n\u00e1sleduj\u00edc\u00ed \u00fadaje:<\/h3><fieldset><p id='element_avia_1_1' class=' first_form  form_element form_fullwidth av-form-empty-line '> <\/p><h5 id='element_avia_2_1' class=' first_form  form_element form_fullwidth av-form-headline '>Vyberte, o jak\u00fd vzorov\u00fd v\u00fdtisk m\u00e1te z\u00e1jem<\/h5><p class='  first_form  form_element form_element_third' id='element_avia_3_1'><input  name=\"avia_3_1\" class=\"input_checkbox \" type=\"checkbox\" id=\"avia_3_1\" value=\"true\"\/><label class=\"input_checkbox_label\" for=\"avia_3_1\">Vzorov\u00fd v\u00fdtisk Wir alle 1 \u2013 zdarma<\/label><\/p><p class='  form_element form_element_third' id='element_avia_4_1'><input  name=\"avia_4_1\" class=\"input_checkbox \" type=\"checkbox\" id=\"avia_4_1\" value=\"true\"\/><label class=\"input_checkbox_label\" for=\"avia_4_1\">Vzorov\u00fd v\u00fdtisk Wir alle 2 \u2013 zdarma<\/label><\/p><p class='  form_element form_element_third' id='element_avia_5_1'><input  name=\"avia_5_1\" class=\"input_checkbox \" type=\"checkbox\" id=\"avia_5_1\" value=\"true\"\/><label class=\"input_checkbox_label\" for=\"avia_5_1\">Vzorov\u00fd v\u00fdtisk Wir alle 3 \u2013 zdarma<\/label><\/p><h3 id='element_avia_6_1' class=' first_form  form_element form_fullwidth av-form-headline '>Va\u0161e \u00fadaje<\/h3><p class='  first_form  form_element form_element_two_third' id='element_avia_7_1'><label for=\"avia_7_1\">N\u00e1zev \u0161koly <abbr class=\"required\" title=\"required\">*<\/abbr><\/label> <input name=\"avia_7_1\" class=\"text_input is_empty\" type=\"text\" id=\"avia_7_1\" value=\"\" \/><\/p><p class='  form_element form_element_third' id='element_avia_8_1'><label for=\"avia_8_1\">I\u010cO (za \u00fa\u010delem ov\u011b\u0159en\u00ed spr\u00e1vnosti adresy \u0161koly) <abbr class=\"required\" title=\"required\">*<\/abbr><\/label> <input name=\"avia_8_1\" class=\"text_input is_empty\" type=\"text\" id=\"avia_8_1\" value=\"\" \/><\/p><p class='  first_form  form_element form_element_half' id='element_avia_9_1'><label for=\"avia_9_1\">Jm\u00e9no <abbr class=\"required\" title=\"required\">*<\/abbr><\/label> <input name=\"avia_9_1\" class=\"text_input is_empty\" type=\"text\" id=\"avia_9_1\" value=\"\" \/><\/p><p class='  form_element form_element_half' id='element_avia_10_1'><label for=\"avia_10_1\">P\u0159\u00edjmen\u00ed <abbr class=\"required\" title=\"required\">*<\/abbr><\/label> <input name=\"avia_10_1\" class=\"text_input is_empty\" type=\"text\" id=\"avia_10_1\" value=\"\" \/><\/p><p class='  first_form  form_element form_element_half' id='element_avia_11_1'><label for=\"avia_11_1\">E-mail <abbr class=\"required\" title=\"required\">*<\/abbr><\/label> <input name=\"avia_11_1\" class=\"text_input is_email\" type=\"text\" id=\"avia_11_1\" value=\"\" \/><\/p><p class='  form_element form_element_half' id='element_avia_12_1'><label for=\"avia_12_1\">Telefon (za \u00fa\u010delem dopravy) <abbr class=\"required\" title=\"required\">*<\/abbr><\/label> <input name=\"avia_12_1\" class=\"text_input is_empty\" type=\"text\" id=\"avia_12_1\" value=\"\" \/><\/p><p class='  first_form  form_element form_fullwidth' id='element_avia_13_1'><label for=\"avia_13_1\">Kam m\u00e1me vzorov\u00fd v\u00fdtisk poslat?<\/label><select  name=\"avia_13_1\" class=\"select \" id=\"avia_13_1\"><option   value='na adresu \u0161koly'>na adresu \u0161koly<\/option><option   value='na soukromou adresu'>na soukromou adresu<\/option><\/select><\/p><p class='  first_form  form_element form_element_two_third' id='element_avia_14_1'><label for=\"avia_14_1\">Ulice <abbr class=\"required\" title=\"required\">*<\/abbr><\/label> <input name=\"avia_14_1\" class=\"text_input is_empty\" type=\"text\" id=\"avia_14_1\" value=\"\" \/><\/p><p class='  form_element form_element_third' id='element_avia_15_1'><label for=\"avia_15_1\">\u010c\u00edslo popisn\u00e9<\/label> <input name=\"avia_15_1\" class=\"text_input \" type=\"text\" id=\"avia_15_1\" value=\"\" \/><\/p><p class='  first_form  form_element form_element_third' id='element_avia_16_1'><label for=\"avia_16_1\">PS\u010c<\/label> <input name=\"avia_16_1\" class=\"text_input \" type=\"text\" id=\"avia_16_1\" value=\"\" \/><\/p><p class='  form_element form_element_two_third' id='element_avia_17_1'><label for=\"avia_17_1\">M\u011bsto <abbr class=\"required\" title=\"required\">*<\/abbr><\/label> <input name=\"avia_17_1\" class=\"text_input is_empty\" type=\"text\" id=\"avia_17_1\" value=\"\" \/><\/p><p class='  first_form  form_element form_fullwidth' id='element_avia_18_1'><input  name=\"avia_18_1\" class=\"input_checkbox \" type=\"checkbox\" id=\"avia_18_1\" value=\"true\"\/><label class=\"input_checkbox_label\" for=\"avia_18_1\">Souhlas\u00edm se zas\u00edl\u00e1n\u00edm informac\u00ed o sout\u011b\u017e\u00edch, dopl\u0148kov\u00fdch materi\u00e1lech, vzd\u011bl\u00e1vac\u00edch akc\u00ed a dal\u0161\u00edch zaj\u00edmav\u00fdch informac\u00ed na v\u00fd\u0161e uvedenou e-mailovou adresu.<\/label><\/p><p class='  first_form  form_element form_fullwidth' id='element_avia_19_1'><input  name=\"avia_19_1\" class=\"input_checkbox \" type=\"checkbox\" id=\"avia_19_1\" value=\"true\"\/><label class=\"input_checkbox_label\" for=\"avia_19_1\">Souhlas\u00edm s vyu\u017eit\u00edm m\u00e9ho telefonn\u00edho \u010d\u00edsla pro marketingov\u00e9 \u00fa\u010dely.<\/label><\/p><h5 id='element_avia_20_1' class=' first_form  form_element form_fullwidth av-form-headline '>Co pro v\u00e1s je\u0161t\u011b m\u016f\u017eeme ud\u011blat?<\/h5><p class='  first_form  form_element form_element_half' id='element_avia_21_1'><input  name=\"avia_21_1\" class=\"input_checkbox \" type=\"checkbox\" id=\"avia_21_1\" value=\"true\"\/><label class=\"input_checkbox_label\" for=\"avia_21_1\">Prezentaci na moj\u00ed \u0161kole zdarma<\/label><\/p><p class='  form_element form_element_half' id='element_avia_22_1'><input  name=\"avia_22_1\" class=\"input_checkbox \" type=\"checkbox\" id=\"avia_22_1\" value=\"true\"\/><label class=\"input_checkbox_label\" for=\"avia_22_1\">M\u00e1m z\u00e1jem o \u0161kolen\u00ed na v\u00fdukov\u00fd interaktivn\u00ed syst\u00e9m IZZI \u2013 zdarma<\/label><\/p><div id='avia_23_1' class='av-form-text'><p>\nOdesl\u00e1n\u00edm formul\u00e1\u0159e souhlas\u00edm se zpracov\u00e1n\u00edm osobn\u00edch \u00fadaj\u016f. <a href=\"https:\/\/klett.cz\/osobniudaje\/zasady_zpracovani_osobnich_udaju.pdf\">Z\u00e1sady zpracov\u00e1n\u00ed osobn\u00edch \u00fadaj\u016f.<\/a><\/p>\n<\/div><p class=\"hidden\"><input type=\"text\" name=\"avia_24_1\" class=\"hidden \" id=\"avia_24_1\" value=\"\" \/><\/p><p class=\"form_element \"><input type=\"hidden\" value=\"1\" name=\"avia_generated_form1\" \/><input type=\"submit\" value=\"Odeslat\" class=\"button\"  data-sending-label=\"Sending\"\/><\/p><\/fieldset><\/form><div id=\"ajaxresponse_1\" class=\"ajaxresponse ajaxresponse_1 hidden\"><\/div><\/p>\n\n<style type=\"text\/css\" data-created_by=\"avia_inline_auto\" id=\"style-css-av-2j829-36c42af5b1916d1a02f53e4c797be299\">\n#top .hr.hr-invisible.av-2j829-36c42af5b1916d1a02f53e4c797be299{\nheight:80px;\n}\n<\/style>\n<div  class='hr av-2j829-36c42af5b1916d1a02f53e4c797be299 hr-invisible  avia-builder-el-7  el_after_av_contact  el_before_av_hr '><span class='hr-inner '><span class=\"hr-inner-style\"><\/span><\/span><\/div>\n\n<style type=\"text\/css\" data-created_by=\"avia_inline_auto\" id=\"style-css-av-93kml-af8f2abd3f81f3ef929ca6000bebb772\">\n#top .hr.hr-invisible.av-93kml-af8f2abd3f81f3ef929ca6000bebb772{\nheight:80px;\n}\n<\/style>\n<div  class='hr av-93kml-af8f2abd3f81f3ef929ca6000bebb772 hr-invisible  avia-builder-el-8  el_after_av_hr  el_before_av_one_full '><span class='hr-inner '><span class=\"hr-inner-style\"><\/span><\/span><\/div>\n\n<style type=\"text\/css\" data-created_by=\"avia_inline_auto\" id=\"style-css-av-77r9-e77d17ab7003478c53de588c359270af\">\n.flex_column.av-77r9-e77d17ab7003478c53de588c359270af{\nborder-radius:0px 0px 0px 0px;\npadding:0px 0px 0px 0px;\n}\n<\/style>\n<div  class='flex_column av-77r9-e77d17ab7003478c53de588c359270af av_one_full  avia-builder-el-9  el_after_av_hr  avia-builder-el-last  first flex_column_div av-zero-column-padding  '     ><section  class='av_textblock_section av-196nl-e2d27f2aa73f2884e7467b98a5223948 '   itemscope=\"itemscope\" itemtype=\"https:\/\/schema.org\/CreativeWork\" ><div class='avia_textblock'  itemprop=\"text\" ><p style=\"text-align: center;\"><strong>P\u0159ejete si dost\u00e1vat informace o novink\u00e1ch, produktech a n\u00e1mi po\u0159\u00e1dan\u00fdch akc\u00edch?\u00a0<\/strong><\/p>\n<p style=\"text-align: center;\">Vypl\u0148te souhlas a my v\u00e1s budeme r\u00e1di kontaktovat.<\/p>\n<\/div><\/section><br \/>\n<div  class='avia-button-wrap av-ycrh-e5f73d6ce7750224f3aa363a329e22dc-wrap avia-button-center  avia-builder-el-11  el_after_av_textblock  avia-builder-el-last '><a href='https:\/\/www.klett.cz\/souhlas'  class='avia-button av-ycrh-e5f73d6ce7750224f3aa363a329e22dc av-link-btn avia-icon_select-no avia-size-x-large avia-position-center avia-color-theme-color'  target=\"_blank\"  rel=\"noopener noreferrer\"  aria-label=\"VYPLNIT SOUHLAS\"><span class='avia_iconbox_title' >VYPLNIT SOUHLAS<\/span><\/a><\/div><\/p><\/div>\n","protected":false},"excerpt":{"rendered":"","protected":false},"author":2,"featured_media":0,"parent":0,"menu_order":0,"comment_status":"closed","ping_status":"closed","template":"","meta":{"footnotes":""},"class_list":["post-45","page","type-page","status-publish","hentry"],"_links":{"self":[{"href":"https:\/\/klett.cz\/wir-alle\/wp-json\/wp\/v2\/pages\/45","targetHints":{"allow":["GET"]}}],"collection":[{"href":"https:\/\/klett.cz\/wir-alle\/wp-json\/wp\/v2\/pages"}],"about":[{"href":"https:\/\/klett.cz\/wir-alle\/wp-json\/wp\/v2\/types\/page"}],"author":[{"embeddable":true,"href":"https:\/\/klett.cz\/wir-alle\/wp-json\/wp\/v2\/users\/2"}],"replies":[{"embeddable":true,"href":"https:\/\/klett.cz\/wir-alle\/wp-json\/wp\/v2\/comments?post=45"}],"version-history":[{"count":45,"href":"https:\/\/klett.cz\/wir-alle\/wp-json\/wp\/v2\/pages\/45\/revisions"}],"predecessor-version":[{"id":1358,"href":"https:\/\/klett.cz\/wir-alle\/wp-json\/wp\/v2\/pages\/45\/revisions\/1358"}],"wp:attachment":[{"href":"https:\/\/klett.cz\/wir-alle\/wp-json\/wp\/v2\/media?parent=45"}],"curies":[{"name":"wp","href":"https:\/\/api.w.org\/{rel}","templated":true}]}}