{"id":39,"date":"2018-10-11T10:47:41","date_gmt":"2018-10-11T08:47:41","guid":{"rendered":"https:\/\/klett.cz\/kmi\/?page_id=39"},"modified":"2025-10-30T16:17:38","modified_gmt":"2025-10-30T15:17:38","slug":"vyukova-sada","status":"publish","type":"page","link":"https:\/\/klett.cz\/wir-alle\/vyukova-sada\/","title":{"rendered":"O v\u00fdukov\u00e9 sad\u011b"},"content":{"rendered":"\n<style type=\"text\/css\" data-created_by=\"avia_inline_auto\" id=\"style-css-av-13z5f-d59f42012e696675f2c80cd920ac05f0\">\n.flex_column.av-13z5f-d59f42012e696675f2c80cd920ac05f0{\nborder-radius:0px 0px 0px 0px;\npadding:0px 0px 0px 0px;\n}\n<\/style>\n<div  class='flex_column av-13z5f-d59f42012e696675f2c80cd920ac05f0 av_one_full  avia-builder-el-0  el_before_av_one_full  avia-builder-el-first  first flex_column_div av-zero-column-padding  '     ><style type=\"text\/css\" data-created_by=\"avia_inline_auto\" id=\"style-css-av-a7xef-bd91e481994a789b75d05a71da551718\">\n.avia-image-container.av-a7xef-bd91e481994a789b75d05a71da551718 img.avia_image{\nbox-shadow:none;\n}\n.avia-image-container.av-a7xef-bd91e481994a789b75d05a71da551718 .av-image-caption-overlay-center{\ncolor:#ffffff;\n}\n<\/style>\n<div  class='avia-image-container av-a7xef-bd91e481994a789b75d05a71da551718 av-styling- avia-align-center  avia-builder-el-1  avia-builder-el-no-sibling '   itemprop=\"image\" itemscope=\"itemscope\" itemtype=\"https:\/\/schema.org\/ImageObject\" ><div class=\"avia-image-container-inner\"><div class=\"avia-image-overlay-wrap\"><img decoding=\"async\" fetchpriority=\"high\" class='wp-image-1012 avia-img-lazy-loading-not-1012 avia_image ' src=\"https:\/\/klett.cz\/wir-alle\/wp-content\/uploads\/2_Klett_Wir_alle_banner_1500x630-novy.png\" alt='' title='2_Klett_Wir_alle_banner_1500x630-novy'  height=\"630\" width=\"1500\"  itemprop=\"thumbnailUrl\" srcset=\"https:\/\/klett.cz\/wir-alle\/wp-content\/uploads\/2_Klett_Wir_alle_banner_1500x630-novy.png 1500w, https:\/\/klett.cz\/wir-alle\/wp-content\/uploads\/2_Klett_Wir_alle_banner_1500x630-novy-300x126.png 300w, https:\/\/klett.cz\/wir-alle\/wp-content\/uploads\/2_Klett_Wir_alle_banner_1500x630-novy-1030x433.png 1030w, https:\/\/klett.cz\/wir-alle\/wp-content\/uploads\/2_Klett_Wir_alle_banner_1500x630-novy-768x323.png 768w, https:\/\/klett.cz\/wir-alle\/wp-content\/uploads\/2_Klett_Wir_alle_banner_1500x630-novy-705x296.png 705w\" sizes=\"(max-width: 1500px) 100vw, 1500px\" \/><\/div><\/div><\/div><\/div>\n\n<style type=\"text\/css\" data-created_by=\"avia_inline_auto\" id=\"style-css-av-9pbhr-e2c3e0af40da45db9e1fbda75ba296a7\">\n.flex_column.av-9pbhr-e2c3e0af40da45db9e1fbda75ba296a7{\nborder-radius:0px 0px 0px 0px;\npadding:0px 0px 0px 0px;\n}\n<\/style>\n<div  class='flex_column av-9pbhr-e2c3e0af40da45db9e1fbda75ba296a7 av_one_full  avia-builder-el-2  el_after_av_one_full  el_before_av_hr  first flex_column_div av-zero-column-padding  column-top-margin'     ><section  class='av_textblock_section av-98nq3-6756f62de7d1c3ebc50ce0efe6a0b364 '   itemscope=\"itemscope\" itemtype=\"https:\/\/schema.org\/CreativeWork\" ><div class='avia_textblock'  itemprop=\"text\" ><h1 style=\"text-align: center;\">Seznamte se s Wir alle<\/h1>\n<h2 style=\"text-align: center;\">U\u010debnice n\u011bm\u010diny pro v\u0161echny<\/h2>\n<h3 style=\"text-align: center;\">Pomalu a jist\u011b k c\u00edli<\/h3>\n<p style=\"text-align: center;\">Osv\u011bd\u010den\u00e1 koncepce v nov\u00e9m aktualizovan\u00e9m vyd\u00e1n\u00ed je ur\u010dena pro \u017e\u00e1ky 2. stupn\u011b Z\u0160 a ni\u017e\u0161\u00ed ro\u010dn\u00edky v\u00edcelet\u00fdch gymn\u00e1zi\u00ed. U\u010debn\u00ed sada dovede \u017e\u00e1ky ve t\u0159ech d\u00edlech na jazykovou \u00farove\u0148 A2.2 dle SERR. Pokud byste pot\u0159ebovali dov\u00e9st sv\u00e9 \u017e\u00e1ky do \u00farovn\u011b B1, je mo\u017en\u00e9 plynule nav\u00e1zat \u010dtvrt\u00fdm d\u00edlem \u2013 origin\u00e1ln\u00edm n\u011bmeck\u00fdm vyd\u00e1n\u00edm na B1 (neobsahuje \u010de\u0161tinu).<\/p>\n<\/div><\/section><\/div>\n\n<style type=\"text\/css\" data-created_by=\"avia_inline_auto\" id=\"style-css-av-79vvv-3688ec4535338254c94b5e62326830f6\">\n#top .hr.hr-invisible.av-79vvv-3688ec4535338254c94b5e62326830f6{\nheight:80px;\n}\n<\/style>\n<div  class='hr av-79vvv-3688ec4535338254c94b5e62326830f6 hr-invisible  avia-builder-el-4  el_after_av_one_full  el_before_av_one_full '><span class='hr-inner '><span class=\"hr-inner-style\"><\/span><\/span><\/div>\n\n<style type=\"text\/css\" data-created_by=\"avia_inline_auto\" id=\"style-css-av-71w2r-970adb553cd39f779cec53e9a3d33e91\">\n.flex_column.av-71w2r-970adb553cd39f779cec53e9a3d33e91{\nborder-radius:0px 0px 0px 0px;\npadding:0px 0px 0px 0px;\n}\n<\/style>\n<div  class='flex_column av-71w2r-970adb553cd39f779cec53e9a3d33e91 av_one_full  avia-builder-el-5  el_after_av_hr  el_before_av_hr  first flex_column_div av-zero-column-padding  '     ><section  class='av_textblock_section av-6e8zv-11381625de696077500e5188567b6843 '   itemscope=\"itemscope\" itemtype=\"https:\/\/schema.org\/CreativeWork\" ><div class='avia_textblock'  itemprop=\"text\" ><h3 style=\"text-align: center;\">Hlavn\u00ed specifika u\u010debn\u00ed sady<\/h3>\n<p style=\"text-align: center;\"><strong>#<\/strong>\u00a0 vhodn\u00e1 zejm\u00e9na p\u0159i ni\u017e\u0161\u00ed hodinov\u00e9 dotaci<\/p>\n<p style=\"text-align: center;\"><strong>#<\/strong>\u00a0 m\u00edrn\u00e1 progrese p\u0159i prob\u00edr\u00e1n\u00ed nov\u00e9 l\u00e1tky a gramatiky<\/p>\n<p style=\"text-align: center;\"><strong>#<\/strong>\u00a0 snadn\u00e1 orientace a jasn\u00e1 struktura<\/p>\n<p style=\"text-align: center;\"><strong>#\u00a0<\/strong> jednoduch\u00e1 cvi\u010den\u00ed na mluven\u00ed, d\u00edky kter\u00fdm \u017e\u00e1ci za\u017eij\u00ed brzy pocit \u00fasp\u011bchu<\/p>\n<p style=\"text-align: center;\"><strong>#\u00a0 <\/strong>hry zakomponovan\u00e9 p\u0159\u00edmo do u\u010debnice<\/p>\n<p style=\"text-align: center;\"><strong>#\u00a0 <\/strong>rozmanit\u00e9 rubriky a cvi\u010den\u00ed na v\u00fdb\u011br<\/p>\n<p style=\"text-align: center;\"><strong>#\u00a0 <\/strong>kreativn\u00ed pr\u00e1ce se slovn\u00ed z\u00e1sobou<\/p>\n<p style=\"text-align: center;\"><strong>#\u00a0 <\/strong>rapy a mini-projekty<\/p>\n<p style=\"text-align: center;\"><strong># <\/strong>z\u00e1v\u011bre\u010dn\u00e9 shrnut\u00ed formou autoevaluace<\/p>\n<p style=\"text-align: center;\"><strong>#\u00a0 <\/strong>kr\u00e1tk\u00e9 texty a autentick\u00e9 materi\u00e1ly, za\u0159azen\u00e9 od za\u010d\u00e1tku<\/p>\n<p style=\"text-align: center;\"><strong>#\u00a0 <\/strong>interkulturn\u00ed p\u0159\u00edstup \u2013 re\u00e1lie n\u011bmecky hovo\u0159\u00edc\u00edch krajin, re\u00e1lie \u010cesk\u00e9 republiky<\/p>\n<p style=\"text-align: center;\"><strong>#\u00a0 <\/strong>autentick\u00e9 situace ze \u017eivota rodiny v\u00a0Berl\u00edn\u011b nap\u0159\u00ed\u010d lekcemi<\/p>\n<p style=\"text-align: center;\"><strong>#\u00a0 <\/strong>r\u00e1me\u010dky s\u00a0vysv\u011btlen\u00edm v\u00a0\u010de\u0161tin\u011b \u2013 infoboxy \u201eGrammatik\u201c a \u201eKommunikation\u201c<\/p>\n<p style=\"text-align: center;\"><strong>#\u00a0 <\/strong>gramatick\u00e9 klipy<\/p>\n<p style=\"text-align: center;\"><strong>#\u00a0 <\/strong>didaktizovan\u00e1 videa z Berl\u00edna<\/p>\n<p style=\"text-align: center;\"><strong>#\u00a0 <\/strong>za ka\u017ed\u00fdm modulem shrnut\u00ed gramatiky s\u00a0vysv\u011btlen\u00edm v\u00a0\u010de\u0161tin\u011b<\/p>\n<\/div><\/section><\/div>\n\n<style type=\"text\/css\" data-created_by=\"avia_inline_auto\" id=\"style-css-av-k1jhswn5-e3ed78c27d1845b048b6989c8a17091a\">\n#top .hr.hr-invisible.av-k1jhswn5-e3ed78c27d1845b048b6989c8a17091a{\nheight:80px;\n}\n<\/style>\n<div  class='hr av-k1jhswn5-e3ed78c27d1845b048b6989c8a17091a hr-invisible  avia-builder-el-7  el_after_av_one_full  el_before_av_one_full '><span class='hr-inner '><span class=\"hr-inner-style\"><\/span><\/span><\/div>\n\n<style type=\"text\/css\" data-created_by=\"avia_inline_auto\" id=\"style-css-av-3raxv-097c30f6a4596af72499863adb643cd9\">\n.flex_column.av-3raxv-097c30f6a4596af72499863adb643cd9{\nborder-radius:0px 0px 0px 0px;\npadding:0px 0px 0px 0px;\n}\n<\/style>\n<div  class='flex_column av-3raxv-097c30f6a4596af72499863adb643cd9 av_one_full  avia-builder-el-8  el_after_av_hr  el_before_av_one_full  first flex_column_div av-zero-column-padding  '     ><section  class='av_textblock_section av-bshn-410b859db073b8f7b1e04f05370a4a0e '   itemscope=\"itemscope\" itemtype=\"https:\/\/schema.org\/CreativeWork\" ><div class='avia_textblock'  itemprop=\"text\" ><h2 style=\"text-align: center;\">Struktura u\u010debnice a pracovn\u00edch se\u0161it\u016f<\/h2>\n<\/div><\/section><\/div>\n\n<style type=\"text\/css\" data-created_by=\"avia_inline_auto\" id=\"style-css-av-3raxv-7-7332ec6895d42afbf066e874ee700d88\">\n.flex_column.av-3raxv-7-7332ec6895d42afbf066e874ee700d88{\nborder-radius:0px 0px 0px 0px;\npadding:0px 0px 0px 0px;\n}\n<\/style>\n<div  class='flex_column av-3raxv-7-7332ec6895d42afbf066e874ee700d88 av_one_full  avia-builder-el-10  el_after_av_one_full  el_before_av_one_full  first flex_column_div av-zero-column-padding  column-top-margin'     ><style type=\"text\/css\" data-created_by=\"avia_inline_auto\" id=\"style-css-av-13cdz-2b4adaa931e6f9e2c8065063b32bc067\">\n.avia-image-container.av-13cdz-2b4adaa931e6f9e2c8065063b32bc067 img.avia_image{\nbox-shadow:none;\n}\n.avia-image-container.av-13cdz-2b4adaa931e6f9e2c8065063b32bc067 .av-image-caption-overlay-center{\ncolor:#ffffff;\n}\n<\/style>\n<div  class='avia-image-container av-13cdz-2b4adaa931e6f9e2c8065063b32bc067 av-styling- avia-align-center  avia-builder-el-11  avia-builder-el-no-sibling '   itemprop=\"image\" itemscope=\"itemscope\" itemtype=\"https:\/\/schema.org\/ImageObject\" ><div class=\"avia-image-container-inner\"><div class=\"avia-image-overlay-wrap\"><img decoding=\"async\" fetchpriority=\"high\" class='wp-image-1016 avia-img-lazy-loading-not-1016 avia_image ' src=\"https:\/\/klett.cz\/wir-alle\/wp-content\/uploads\/2_1_Klett_Wir_alle_banner_1500x630-novy.png\" alt='' title='2_1_Klett_Wir_alle_banner_1500x630-novy'  height=\"630\" width=\"1500\"  itemprop=\"thumbnailUrl\" srcset=\"https:\/\/klett.cz\/wir-alle\/wp-content\/uploads\/2_1_Klett_Wir_alle_banner_1500x630-novy.png 1500w, https:\/\/klett.cz\/wir-alle\/wp-content\/uploads\/2_1_Klett_Wir_alle_banner_1500x630-novy-300x126.png 300w, https:\/\/klett.cz\/wir-alle\/wp-content\/uploads\/2_1_Klett_Wir_alle_banner_1500x630-novy-1030x433.png 1030w, https:\/\/klett.cz\/wir-alle\/wp-content\/uploads\/2_1_Klett_Wir_alle_banner_1500x630-novy-768x323.png 768w, https:\/\/klett.cz\/wir-alle\/wp-content\/uploads\/2_1_Klett_Wir_alle_banner_1500x630-novy-705x296.png 705w\" sizes=\"(max-width: 1500px) 100vw, 1500px\" \/><\/div><\/div><\/div><\/div>\n\n<style type=\"text\/css\" data-created_by=\"avia_inline_auto\" id=\"style-css-av-3raxv-5-a8d68748f7900f689b3ae5339dceec24\">\n.flex_column.av-3raxv-5-a8d68748f7900f689b3ae5339dceec24{\nborder-radius:0px 0px 0px 0px;\npadding:0px 0px 0px 0px;\n}\n<\/style>\n<div  class='flex_column av-3raxv-5-a8d68748f7900f689b3ae5339dceec24 av_one_full  avia-builder-el-12  el_after_av_one_full  el_before_av_one_full  first flex_column_div av-zero-column-padding  column-top-margin'     ><section  class='av_textblock_section av-bshn-6-cc3364c99e07428ed9aca947367ed8ad '   itemscope=\"itemscope\" itemtype=\"https:\/\/schema.org\/CreativeWork\" ><div class='avia_textblock'  itemprop=\"text\" ><h3 style=\"text-align: center;\">Struktura u\u010debnice<\/h3>\n<p style=\"text-align: center;\"><strong>#\u00a0 <\/strong>3 d\u00edly u\u010debnice na \u00farovn\u00edch A1, A2.1, A2.2 s\u00a0mo\u017enost\u00ed nav\u00e1z\u00e1n\u00ed na monolingvn\u00ed \u010dtvrt\u00fd d\u00edl B1<\/p>\n<p style=\"text-align: center;\"><strong>#\u00a0 <\/strong>ka\u017ed\u00fd d\u00edl se skl\u00e1d\u00e1 ze t\u0159ech modul\u016f<\/p>\n<p style=\"text-align: center;\"><strong>#\u00a0 <\/strong>Wir alle 1 ve t\u0159ech modulech na \u00farovni A1<\/p>\n<p style=\"text-align: center;\"><strong>#\u00a0 <\/strong>Wir alle 2 ve t\u0159ech modulech na \u00farovni A2.1<\/p>\n<p style=\"text-align: center;\"><strong>#\u00a0 <\/strong>Wir alle 3 je slo\u017een\u00fd ze dvou modul\u016f, ve kter\u00fdch bude prob\u00edr\u00e1na nov\u00e1 l\u00e1tka, a z\u00e1v\u011bre\u010dn\u00e9ho, opakovac\u00edho a prohlubovac\u00edho modulu A2.2 ur\u010den\u00e9ho pro v\u00fduku n\u011bm\u010diny na z\u00e1v\u011br 9. ro\u010dn\u00edku<\/p>\n<p style=\"text-align: center;\"><strong>#\u00a0 <\/strong>ka\u017ed\u00fd modul je tvo\u0159en t\u0159emi lekcemi<\/p>\n<p style=\"text-align: center;\"><strong>#\u00a0 <\/strong>v\u00a0\u00favodu u\u010debnice a po dvou modulech jsou motiva\u010dn\u00ed strany <em>Wir starten!<\/em><\/p>\n<p style=\"text-align: center;\"><strong>#\u00a0 <\/strong>pomocn\u00e9 r\u00e1me\u010dky \u201eGrammatik\u201c a \u201eKommunikation\u201c v lekc\u00edch<\/p>\n<p style=\"text-align: center;\"><strong>#\u00a0 <\/strong>za ka\u017ed\u00fdm modulem vysv\u011btlen\u00ed gramatiky v \u010de\u0161tin\u011b s p\u0159\u00edkladov\u00fdmi v\u011btami a gramatick\u00fdmi klipy<\/p>\n<p style=\"text-align: center;\"><strong>#\u00a0 <\/strong>re\u00e1lie v pr\u016fb\u011bhu lekc\u00ed i v samostatn\u00e9m odd\u00edlu Land und Leute extra<\/p>\n<p style=\"text-align: center;\"><strong>#\u00a0 <\/strong>didaktizovan\u00e1 videa z Berl\u00edna<\/p>\n<\/div><\/section><\/div>\n\n<style type=\"text\/css\" data-created_by=\"avia_inline_auto\" id=\"style-css-av-1patj-a2d43da62428741883866913a3400226\">\n.flex_column.av-1patj-a2d43da62428741883866913a3400226{\nborder-radius:0px 0px 0px 0px;\npadding:0px 0px 0px 0px;\n}\n<\/style>\n<div  class='flex_column av-1patj-a2d43da62428741883866913a3400226 av_one_full  avia-builder-el-14  el_after_av_one_full  el_before_av_one_full  first flex_column_div av-zero-column-padding  column-top-margin'     ><p>\n<style type=\"text\/css\" data-created_by=\"avia_inline_auto\" id=\"style-css-av-jywz7dwz-6ca5cff5ab2be1e0b3d402df8fdf94a1\">\n#top .hr.hr-invisible.av-jywz7dwz-6ca5cff5ab2be1e0b3d402df8fdf94a1{\nheight:50px;\n}\n<\/style>\n<div  class='hr av-jywz7dwz-6ca5cff5ab2be1e0b3d402df8fdf94a1 hr-invisible  avia-builder-el-15  el_before_av_image  avia-builder-el-first '><span class='hr-inner '><span class=\"hr-inner-style\"><\/span><\/span><\/div><br \/>\n\n<style type=\"text\/css\" data-created_by=\"avia_inline_auto\" id=\"style-css-av-kcn7qi7q-6fa4f80c559ea95abc63cdd717ca48c2\">\n.avia-image-container.av-kcn7qi7q-6fa4f80c559ea95abc63cdd717ca48c2 img.avia_image{\nbox-shadow:none;\n}\n.avia-image-container.av-kcn7qi7q-6fa4f80c559ea95abc63cdd717ca48c2 .av-image-caption-overlay-center{\ncolor:#ffffff;\n}\n<\/style>\n<div  class='avia-image-container av-kcn7qi7q-6fa4f80c559ea95abc63cdd717ca48c2 av-styling- avia-align-center  avia-builder-el-16  el_after_av_hr  avia-builder-el-last '   itemprop=\"image\" itemscope=\"itemscope\" itemtype=\"https:\/\/schema.org\/ImageObject\" ><div class=\"avia-image-container-inner\"><div class=\"avia-image-overlay-wrap\"><img decoding=\"async\" fetchpriority=\"high\" class='wp-image-1011 avia-img-lazy-loading-not-1011 avia_image ' src=\"https:\/\/klett.cz\/wir-alle\/wp-content\/uploads\/3_1_Klett_Wir_alle_banner_700x515-novy.png\" alt='' title='3_1_Klett_Wir_alle_banner_700x515-novy'  height=\"515\" width=\"700\"  itemprop=\"thumbnailUrl\" srcset=\"https:\/\/klett.cz\/wir-alle\/wp-content\/uploads\/3_1_Klett_Wir_alle_banner_700x515-novy.png 700w, https:\/\/klett.cz\/wir-alle\/wp-content\/uploads\/3_1_Klett_Wir_alle_banner_700x515-novy-300x221.png 300w\" sizes=\"(max-width: 700px) 100vw, 700px\" \/><\/div><\/div><\/div><\/p><\/div>\n\n<style type=\"text\/css\" data-created_by=\"avia_inline_auto\" id=\"style-css-av-3raxv-4-29da09a86d3fc551d8a96355877371dc\">\n.flex_column.av-3raxv-4-29da09a86d3fc551d8a96355877371dc{\nborder-radius:0px 0px 0px 0px;\npadding:0px 0px 0px 0px;\n}\n<\/style>\n<div  class='flex_column av-3raxv-4-29da09a86d3fc551d8a96355877371dc av_one_full  avia-builder-el-17  el_after_av_one_full  el_before_av_hr  first flex_column_div av-zero-column-padding  column-top-margin'     ><section  class='av_textblock_section av-bshn-3-d452681065e4d8218e825b330c25859a '   itemscope=\"itemscope\" itemtype=\"https:\/\/schema.org\/CreativeWork\" ><div class='avia_textblock'  itemprop=\"text\" ><h3 style=\"text-align: center;\">Struktura pracovn\u00edho se\u0161itu<\/h3>\n<p style=\"text-align: center;\"><strong>#\u00a0 <\/strong>pracovn\u00ed se\u0161it v\u00a0samostatn\u00e9m svazku<\/p>\n<p style=\"text-align: center;\"><strong>#\u00a0 <\/strong>pracovn\u00ed se\u0161it se stejn\u011b jako u\u010debnice skl\u00e1d\u00e1 ze t\u0159\u00ed modul\u016f<\/p>\n<p style=\"text-align: center;\"><strong>#\u00a0 <\/strong>ka\u017ed\u00fd modul je tvo\u0159en t\u0159emi lekcemi<\/p>\n<p style=\"text-align: center;\"><strong>#\u00a0 <\/strong>\u00favodn\u00ed motiva\u010dn\u00ed dvojstrana \u2013 vztahuje se k\u00a0motiva\u010dn\u00edm stran\u00e1m v u\u010debnici<\/p>\n<p style=\"text-align: center;\"><strong>#\u00a0 <\/strong>jednotliv\u00e9 lekce se skl\u00e1daj\u00ed z 6 stran s\u00a0r\u016fznorod\u00fdmi cvi\u010den\u00edmi<\/p>\n<p style=\"text-align: center;\"><strong>#\u00a0 <\/strong>po dvou modulech n\u00e1sleduj\u00ed opakovac\u00ed dvojstrany<\/p>\n<p style=\"text-align: center;\"><strong>#\u00a0 <\/strong>za ka\u017ed\u00fdm modulem p\u0159ehledn\u00fd slovn\u00ed\u010dek s p\u0159ekladem slov\u00ed\u010dek a p\u0159\u00edkladov\u00fdmi v\u011btami (v\u0161echna slov\u00ed\u010dka nahran\u00e1 v MP3 a k dispozici ke sta\u017een\u00ed na webu)<\/p>\n<p style=\"text-align: center;\"><strong>#\u00a0 <\/strong>odd\u00edl Wir trainieren &#8211; tr\u00e9nink v\u0161ech \u010dty\u0159 jazykov\u00fdch dovednost\u00ed \u2013 poslech s porozum\u011bn\u00edm, \u010dten\u00ed, psan\u00ed, mluven\u00ed<\/p>\n<\/div><\/section><\/div>\n\n<style type=\"text\/css\" data-created_by=\"avia_inline_auto\" id=\"style-css-av-jywzukgl-f1dc30ed1becb6eaedb150be47df2076\">\n#top .hr.hr-invisible.av-jywzukgl-f1dc30ed1becb6eaedb150be47df2076{\nheight:50px;\n}\n<\/style>\n<div  class='hr av-jywzukgl-f1dc30ed1becb6eaedb150be47df2076 hr-invisible  avia-builder-el-19  el_after_av_one_full  el_before_av_one_full '><span class='hr-inner '><span class=\"hr-inner-style\"><\/span><\/span><\/div>\n\n<style type=\"text\/css\" data-created_by=\"avia_inline_auto\" id=\"style-css-av-11g0v-609edca0e2149fa2e800bf72d9e90109\">\n.flex_column.av-11g0v-609edca0e2149fa2e800bf72d9e90109{\nborder-radius:0px 0px 0px 0px;\npadding:0px 0px 0px 0px;\n}\n<\/style>\n<div  class='flex_column av-11g0v-609edca0e2149fa2e800bf72d9e90109 av_one_full  avia-builder-el-20  el_after_av_hr  el_before_av_one_full  first flex_column_div av-zero-column-padding  '     ><section  class='av_textblock_section av-jywzkrwg-c4f7b5f7559162ea1085d2a2e6dc4d98 '   itemscope=\"itemscope\" itemtype=\"https:\/\/schema.org\/CreativeWork\" ><div class='avia_textblock'  itemprop=\"text\" ><h2 style=\"text-align: center;\">Dal\u0161\u00ed komponenty k u\u010debn\u00ed sad\u011b<\/h2>\n<p style=\"text-align: center;\"><strong>#\u00a0 <\/strong>metodick\u00e1 p\u0159\u00edru\u010dka s\u00a0mno\u017estv\u00edm dopl\u0148kov\u00fdch materi\u00e1l\u016f a kop\u00edrovateln\u00fdch p\u0159edloh<\/p>\n<p style=\"text-align: center;\"><strong>#\u00a0 <\/strong>testy ke ka\u017ed\u00e9 lekci<\/p>\n<p style=\"text-align: center;\"><strong>#\u00a0 <\/strong>velk\u00e9 mno\u017estv\u00ed digit\u00e1ln\u00edch materi\u00e1l\u016f na webu, jako jsou nahr\u00e1vky v MP3 k u\u010debnici i pracovn\u00edmu se\u0161itu, videa, gramatick\u00e9 klipy, online cvi\u010den\u00ed, cvi\u010den\u00ed Kahoot!, \u0160VP, abecedn\u00ed slovn\u00ed\u010dek<\/p>\n<\/div><\/section><\/div>\n\n<style type=\"text\/css\" data-created_by=\"avia_inline_auto\" id=\"style-css-av-1gq97-ef8458bbc2135389b75cf11b40fd054e\">\n.flex_column.av-1gq97-ef8458bbc2135389b75cf11b40fd054e{\nborder-radius:0px 0px 0px 0px;\npadding:0px 0px 0px 0px;\n}\n<\/style>\n<div  class='flex_column av-1gq97-ef8458bbc2135389b75cf11b40fd054e av_one_full  avia-builder-el-22  el_after_av_one_full  el_before_av_one_full  first flex_column_div av-zero-column-padding  column-top-margin'     ><section  class='av_textblock_section av-kqhrzwba-c1a435c17d6f98af22c1657ab15febb4 '   itemscope=\"itemscope\" itemtype=\"https:\/\/schema.org\/CreativeWork\" ><div class='avia_textblock'  itemprop=\"text\" ><h2 style=\"text-align: center;\">St\u00e1le si nejste jist\u00ed, kter\u00e1 v\u00fdukov\u00e1 sada nakladatelstv\u00ed Fraus Klett\u00a0 je pro v\u00e1s vhodn\u00e1?<\/h2>\n<p style=\"text-align: center;\"><strong>V \u010dem se li\u0161\u00ed sada Wir alle od jin\u00fdch v\u00fdukov\u00fdch sad<\/strong><\/p>\n<p style=\"text-align: center;\"><strong>#\u00a0 <\/strong>m\u00edrn\u00e1 progrese<\/p>\n<p style=\"text-align: center;\"><strong>#\u00a0 <\/strong>tradi\u010dn\u00ed pojet\u00ed<\/p>\n<p style=\"text-align: center;\"><strong>#\u00a0 <\/strong>osv\u011bd\u010den\u00fd koncept v\u00a0aktualizovan\u00e9m vyd\u00e1n\u00ed<\/p>\n<p style=\"text-align: center;\"><strong>#\u00a0 <\/strong>st\u00e1l\u00e9 opakuj\u00edc\u00ed se rubriky<\/p>\n<p style=\"text-align: center;\"><strong>#\u00a0 <\/strong>jasn\u00e1 struktura<\/p>\n<p style=\"text-align: center;\"><strong>#\u00a0 <\/strong>vysv\u011btlen\u00ed gramatiky za ka\u017ed\u00fdm modulem<\/p>\n<p style=\"text-align: center;\"><strong>#\u00a0 <\/strong>slovn\u00ed\u010dek ke ka\u017ed\u00e9 lekci s\u00a0p\u0159\u00edkladov\u00fdmi v\u011btami<\/p>\n<p style=\"text-align: center;\"><strong>#\u00a0 <\/strong>re\u00e1lie n\u011bmecky mluv\u00edc\u00edch zem\u00ed, ale tak\u00e9 re\u00e1lie \u010cesk\u00e9 republiky<\/p>\n<p style=\"text-align: center;\"><strong>#\u00a0 <\/strong>pr\u00e1ce s\u00a0autentick\u00fdmi materi\u00e1ly<\/p>\n<\/div><\/section><\/div>\n<style type=\"text\/css\" data-created_by=\"avia_inline_auto\" id=\"style-css-av-1gq97-2-56126b9ca7836d17997b5f7bcad0bc50\">\n.flex_column.av-1gq97-2-56126b9ca7836d17997b5f7bcad0bc50{\nborder-radius:0px 0px 0px 0px;\npadding:0px 0px 0px 0px;\n}\n<\/style>\n<div  class='flex_column av-1gq97-2-56126b9ca7836d17997b5f7bcad0bc50 av_one_full  avia-builder-el-24  el_after_av_one_full  avia-builder-el-last  first flex_column_div av-zero-column-padding  column-top-margin'     ><section  class='av_textblock_section av-kqhrzwba-1-736b8917f86cb564dae3cba494084012 '   itemscope=\"itemscope\" itemtype=\"https:\/\/schema.org\/CreativeWork\" ><div class='avia_textblock'  itemprop=\"text\" ><h2 style=\"text-align: center;\">Nev\u00edte, kterou v\u00fdukovou sadu zvolit?<\/h2>\n<p style=\"text-align: center;\"><strong>Rozhodujete se mezi sadami Wir alle, Team Deutsch neu, Klett Maximal interkativ nebo Deutsch mit Max?\u00a0<\/strong><\/p>\n<p style=\"text-align: center;\">Pod\u00edvejte se na n\u00e1\u0161 rozcestn\u00edk nebo na str\u00e1nku zam\u011b\u0159enou na porovn\u00e1n\u00ed jednotliv\u00fdch sad.<\/p>\n<p style=\"text-align: center;\">P\u0159\u00edpadn\u011b n\u00e1s kontaktujte prost\u0159ednictv\u00edm e-mailu <a href=\"mailto:info@fraus-klett.cz\">info@fraus-klett.cz<\/a>.<\/p>\n<\/div><\/section><br \/>\n\n<style type=\"text\/css\" data-created_by=\"avia_inline_auto\" id=\"style-css-av-kvtb3j7d-451f5c48d73f2fb7d9d5f88585ee5e9b\">\n.avia-image-container.av-kvtb3j7d-451f5c48d73f2fb7d9d5f88585ee5e9b img.avia_image{\nbox-shadow:none;\n}\n.avia-image-container.av-kvtb3j7d-451f5c48d73f2fb7d9d5f88585ee5e9b .av-image-caption-overlay-center{\ncolor:#ffffff;\n}\n<\/style>\n<div  class='avia-image-container av-kvtb3j7d-451f5c48d73f2fb7d9d5f88585ee5e9b av-styling- avia-align-center  avia-builder-el-26  el_after_av_textblock  el_before_av_button '   itemprop=\"image\" itemscope=\"itemscope\" itemtype=\"https:\/\/schema.org\/ImageObject\" ><div class=\"avia-image-container-inner\"><div class=\"avia-image-overlay-wrap\"><img decoding=\"async\" fetchpriority=\"high\" class='wp-image-768 avia-img-lazy-loading-not-768 avia_image ' src=\"https:\/\/klett.cz\/wir-alle\/wp-content\/uploads\/DAF_ZS_rozcestnik-724x1030.png\" alt='' title='DAF_ZS_rozcestnik'  height=\"1030\" width=\"724\"  itemprop=\"thumbnailUrl\" srcset=\"https:\/\/klett.cz\/wir-alle\/wp-content\/uploads\/DAF_ZS_rozcestnik-724x1030.png 724w, https:\/\/klett.cz\/wir-alle\/wp-content\/uploads\/DAF_ZS_rozcestnik-211x300.png 211w, https:\/\/klett.cz\/wir-alle\/wp-content\/uploads\/DAF_ZS_rozcestnik-768x1093.png 768w, https:\/\/klett.cz\/wir-alle\/wp-content\/uploads\/DAF_ZS_rozcestnik-1080x1536.png 1080w, https:\/\/klett.cz\/wir-alle\/wp-content\/uploads\/DAF_ZS_rozcestnik-1054x1500.png 1054w, https:\/\/klett.cz\/wir-alle\/wp-content\/uploads\/DAF_ZS_rozcestnik-495x705.png 495w, https:\/\/klett.cz\/wir-alle\/wp-content\/uploads\/DAF_ZS_rozcestnik.png 1140w\" sizes=\"(max-width: 724px) 100vw, 724px\" \/><\/div><\/div><\/div><br \/>\n<div  class='avia-button-wrap av-kvtb744k-4f609377307a0ba08cf3ea32f4ca65ab-wrap avia-button-center  avia-builder-el-27  el_after_av_image  avia-builder-el-last '><a href='https:\/\/klett.cz\/wir-alle\/srovnani-sad\/'  class='avia-button av-kvtb744k-4f609377307a0ba08cf3ea32f4ca65ab av-link-btn avia-icon_select-no avia-size-x-large avia-position-center avia-color-theme-color'   aria-label=\"P\u0158EJ\u00cdT NA POROVN\u00c1N\u00cd SAD\"><span class='avia_iconbox_title' >P\u0158EJ\u00cdT NA POROVN\u00c1N\u00cd SAD<\/span><\/a><\/div><\/p><\/div><\/p>\n","protected":false},"excerpt":{"rendered":"","protected":false},"author":2,"featured_media":0,"parent":0,"menu_order":0,"comment_status":"closed","ping_status":"closed","template":"","meta":{"footnotes":""},"class_list":["post-39","page","type-page","status-publish","hentry"],"_links":{"self":[{"href":"https:\/\/klett.cz\/wir-alle\/wp-json\/wp\/v2\/pages\/39","targetHints":{"allow":["GET"]}}],"collection":[{"href":"https:\/\/klett.cz\/wir-alle\/wp-json\/wp\/v2\/pages"}],"about":[{"href":"https:\/\/klett.cz\/wir-alle\/wp-json\/wp\/v2\/types\/page"}],"author":[{"embeddable":true,"href":"https:\/\/klett.cz\/wir-alle\/wp-json\/wp\/v2\/users\/2"}],"replies":[{"embeddable":true,"href":"https:\/\/klett.cz\/wir-alle\/wp-json\/wp\/v2\/comments?post=39"}],"version-history":[{"count":60,"href":"https:\/\/klett.cz\/wir-alle\/wp-json\/wp\/v2\/pages\/39\/revisions"}],"predecessor-version":[{"id":1354,"href":"https:\/\/klett.cz\/wir-alle\/wp-json\/wp\/v2\/pages\/39\/revisions\/1354"}],"wp:attachment":[{"href":"https:\/\/klett.cz\/wir-alle\/wp-json\/wp\/v2\/media?parent=39"}],"curies":[{"name":"wp","href":"https:\/\/api.w.org\/{rel}","templated":true}]}}