{"id":36,"date":"2018-10-11T10:47:29","date_gmt":"2018-10-11T08:47:29","guid":{"rendered":"https:\/\/klett.cz\/kmi\/?page_id=36"},"modified":"2024-12-12T12:09:53","modified_gmt":"2024-12-12T11:09:53","slug":"ukazky-materialy","status":"publish","type":"page","link":"https:\/\/klett.cz\/wir-alle\/ukazky-materialy\/","title":{"rendered":"Uk\u00e1zky a materi\u00e1ly"},"content":{"rendered":"<section  class='av_textblock_section av-9tdv4-9a2789ef16cda7baa8a91baea09f3d57 '   itemscope=\"itemscope\" itemtype=\"https:\/\/schema.org\/CreativeWork\" ><div class='avia_textblock'  itemprop=\"text\" ><h1 style=\"text-align: center;\">MATERI\u00c1LY KE STA\u017dEN\u00cd A UK\u00c1ZKY U\u010cEBN\u00cd SADY WIR ALLE<\/h1>\n<p style=\"text-align: center;\">Materi\u00e1ly jsou voln\u011b ke sta\u017een\u00ed \u010di poslechu bez registrace a p\u0159ihl\u00e1\u0161en\u00ed. M\u00e1te-li dotazy ke zve\u0159ejn\u011bn\u00fdm materi\u00e1l\u016fm, obra\u0165te se na na\u0161i\u00a0<a href=\"https:\/\/klett.cz\/aventura\/kontakty\/\">infolinku<\/a>\u00a0nebo n\u00e1m napi\u0161te<br \/>\n<a href=\"https:\/\/klett.cz\/aventura\/kontakty\/\">e-mail<\/a>.<\/p>\n<\/div><\/section>\n\n<style type=\"text\/css\" data-created_by=\"avia_inline_auto\" id=\"style-css-av-8i0rs-effe34077b3a8f756e24adc131bffd15\">\n#top .hr.hr-invisible.av-8i0rs-effe34077b3a8f756e24adc131bffd15{\nheight:80px;\n}\n<\/style>\n<div  class='hr av-8i0rs-effe34077b3a8f756e24adc131bffd15 hr-invisible  avia-builder-el-1  el_after_av_textblock  el_before_av_textblock '><span class='hr-inner '><span class=\"hr-inner-style\"><\/span><\/span><\/div>\n<section  class='av_textblock_section av-9ceg0-eabbc0fd7a92da089b574bea9e6ab063 '   itemscope=\"itemscope\" itemtype=\"https:\/\/schema.org\/CreativeWork\" ><div class='avia_textblock'  itemprop=\"text\" ><h2 style=\"text-align: center;\">Uk\u00e1zka u\u010debnice a pracovn\u00edho se\u0161itu Wir alle<\/h2>\n<\/div><\/section>\n\n<style type=\"text\/css\" data-created_by=\"avia_inline_auto\" id=\"style-css-av-si14-80e89c7fa376ca52899add05a1b7bdda\">\n#top .av-masonry.av-si14-80e89c7fa376ca52899add05a1b7bdda{\nbackground-color:#ffffff;\n}\n<\/style>\n<div id='av-masonry-1' class='av-masonry av-si14-80e89c7fa376ca52899add05a1b7bdda noHover av-flex-size av-large-gap av-hover-overlay-active av-masonry-animation-active av-masonry-col-flexible av-caption-always av-caption-style- av-masonry-gallery ' data-post_id=\"36\"><div class=\"av-masonry-container isotope av-js-disabled\"><div class='av-masonry-entry isotope-item av-masonry-item-no-image '><\/div><a href=\"https:\/\/online.fliphtml5.com\/woejv\/lwbi\/#p=1\"  aria-label=\"image Uk\u00e1zka u\u010debnice\"  target=\"_blank\" rel=\"noopener noreferrer\" id='av-masonry-1-item-1029' data-av-masonry-item='1029' class='av-masonry-entry isotope-item post-1029 attachment type-attachment status-inherit hentry  av-masonry-item-with-image' title=\"Uk\u00e1zka u\u010debnice\" alt=\"\"  data-av-masonry-custom-link=\"https:\/\/online.fliphtml5.com\/woejv\/lwbi\/#p=1\"  itemprop=\"thumbnailUrl\" ><div class='av-inner-masonry-sizer'><\/div><figure class='av-inner-masonry main_color'><div class=\"av-masonry-outerimage-container\"><div class='av-masonry-image-container'  ><img decoding=\"async\" width=\"497\" height=\"705\" fetchpriority=\"high\" class=\"wp-image-1029 avia-img-lazy-loading-not-1029\"  src=\"https:\/\/klett.cz\/wir-alle\/wp-content\/uploads\/Wir-alle-uc-nova.png\" title=\"Uk\u00e1zka u\u010debnice\" alt=\"\" srcset=\"https:\/\/klett.cz\/wir-alle\/wp-content\/uploads\/Wir-alle-uc-nova.png 497w, https:\/\/klett.cz\/wir-alle\/wp-content\/uploads\/Wir-alle-uc-nova-211x300.png 211w\" sizes=\"(max-width: 497px) 100vw, 497px\" \/><\/div><\/div><figcaption class='av-inner-masonry-content site-background'><div class='av-inner-masonry-content-pos'><div class='av-inner-masonry-content-pos-content'><div class='avia-arrow'><\/div><h3 class='av-masonry-entry-title entry-title '  itemprop=\"headline\" >Uk\u00e1zka u\u010debnice<\/h3><\/div><\/div><\/figcaption><\/figure><\/a><!--end av-masonry entry--><a href=\"https:\/\/online.fliphtml5.com\/woejv\/fjhc\/#p=1\"  aria-label=\"image Uk\u00e1zka pracovn\u00edho se\u0161itu\"  target=\"_blank\" rel=\"noopener noreferrer\" id='av-masonry-1-item-1028' data-av-masonry-item='1028' class='av-masonry-entry isotope-item post-1028 attachment type-attachment status-inherit hentry  av-masonry-item-with-image' title=\"Uk\u00e1zka pracovn\u00edho se\u0161itu\" alt=\"\"  data-av-masonry-custom-link=\"https:\/\/online.fliphtml5.com\/woejv\/fjhc\/#p=1\"  itemprop=\"thumbnailUrl\" ><div class='av-inner-masonry-sizer'><\/div><figure class='av-inner-masonry main_color'><div class=\"av-masonry-outerimage-container\"><div class='av-masonry-image-container'  ><img decoding=\"async\" width=\"497\" height=\"705\" fetchpriority=\"high\" class=\"wp-image-1028 avia-img-lazy-loading-not-1028\"  src=\"https:\/\/klett.cz\/wir-alle\/wp-content\/uploads\/Wir-alle-ps-novy.png\" title=\"Uk\u00e1zka pracovn\u00edho se\u0161itu\" alt=\"\" srcset=\"https:\/\/klett.cz\/wir-alle\/wp-content\/uploads\/Wir-alle-ps-novy.png 497w, https:\/\/klett.cz\/wir-alle\/wp-content\/uploads\/Wir-alle-ps-novy-211x300.png 211w\" sizes=\"(max-width: 497px) 100vw, 497px\" \/><\/div><\/div><figcaption class='av-inner-masonry-content site-background'><div class='av-inner-masonry-content-pos'><div class='av-inner-masonry-content-pos-content'><div class='avia-arrow'><\/div><h3 class='av-masonry-entry-title entry-title '  itemprop=\"headline\" >Uk\u00e1zka pracovn\u00edho se\u0161itu<\/h3><\/div><\/div><\/figcaption><\/figure><\/a><!--end av-masonry entry--><a href=\"https:\/\/online.fliphtml5.com\/woejv\/stum\/#p=1\"  aria-label=\"image Uk\u00e1zka u\u010debnice\"  target=\"_blank\" rel=\"noopener noreferrer\" id='av-masonry-1-item-1298' data-av-masonry-item='1298' class='av-masonry-entry isotope-item post-1298 attachment type-attachment status-inherit hentry  av-masonry-item-with-image' title=\"Uk\u00e1zka u\u010debnice\" alt=\"Wir Alle 2\"  data-av-masonry-custom-link=\"https:\/\/online.fliphtml5.com\/woejv\/stum\/#p=1\"  itemprop=\"thumbnailUrl\" ><div class='av-inner-masonry-sizer'><\/div><figure class='av-inner-masonry main_color'><div class=\"av-masonry-outerimage-container\"><div class='av-masonry-image-container'  ><img decoding=\"async\" width=\"497\" height=\"705\" fetchpriority=\"high\" class=\"wp-image-1298 avia-img-lazy-loading-not-1298\"  src=\"https:\/\/klett.cz\/wir-alle\/wp-content\/uploads\/WA2-UC.png\" title=\"Uk\u00e1zka u\u010debnice\" alt=\"Wir Alle 2\" srcset=\"https:\/\/klett.cz\/wir-alle\/wp-content\/uploads\/WA2-UC.png 497w, https:\/\/klett.cz\/wir-alle\/wp-content\/uploads\/WA2-UC-211x300.png 211w\" sizes=\"(max-width: 497px) 100vw, 497px\" \/><\/div><\/div><figcaption class='av-inner-masonry-content site-background'><div class='av-inner-masonry-content-pos'><div class='av-inner-masonry-content-pos-content'><div class='avia-arrow'><\/div><h3 class='av-masonry-entry-title entry-title '  itemprop=\"headline\" >Uk\u00e1zka u\u010debnice<\/h3><\/div><\/div><\/figcaption><\/figure><\/a><!--end av-masonry entry--><a href=\"https:\/\/online.fliphtml5.com\/woejv\/ctif\/#p=1\"  aria-label=\"image Uk\u00e1zka pracovn\u00edho se\u0161itu\"  target=\"_blank\" rel=\"noopener noreferrer\" id='av-masonry-1-item-1297' data-av-masonry-item='1297' class='av-masonry-entry isotope-item post-1297 attachment type-attachment status-inherit hentry  av-masonry-item-with-image' title=\"Uk\u00e1zka pracovn\u00edho se\u0161itu\" alt=\"Wir Alle 2 Ps\"  data-av-masonry-custom-link=\"https:\/\/online.fliphtml5.com\/woejv\/ctif\/#p=1\"  itemprop=\"thumbnailUrl\" ><div class='av-inner-masonry-sizer'><\/div><figure class='av-inner-masonry main_color'><div class=\"av-masonry-outerimage-container\"><div class='av-masonry-image-container'  ><img decoding=\"async\" width=\"497\" height=\"705\" fetchpriority=\"high\" class=\"wp-image-1297 avia-img-lazy-loading-not-1297\"  src=\"https:\/\/klett.cz\/wir-alle\/wp-content\/uploads\/WA2-ps.png\" title=\"Uk\u00e1zka pracovn\u00edho se\u0161itu\" alt=\"Wir Alle 2 Ps\" srcset=\"https:\/\/klett.cz\/wir-alle\/wp-content\/uploads\/WA2-ps.png 497w, https:\/\/klett.cz\/wir-alle\/wp-content\/uploads\/WA2-ps-211x300.png 211w\" sizes=\"(max-width: 497px) 100vw, 497px\" \/><\/div><\/div><figcaption class='av-inner-masonry-content site-background'><div class='av-inner-masonry-content-pos'><div class='av-inner-masonry-content-pos-content'><div class='avia-arrow'><\/div><h3 class='av-masonry-entry-title entry-title '  itemprop=\"headline\" >Uk\u00e1zka pracovn\u00edho se\u0161itu<\/h3><\/div><\/div><\/figcaption><\/figure><\/a><!--end av-masonry entry--><a href=\"https:\/\/online.fliphtml5.com\/woejv\/ucda\/#p=6\"  aria-label=\"image Uk\u00e1zka u\u010debnice\"  target=\"_blank\" rel=\"noopener noreferrer\" id='av-masonry-1-item-1305' data-av-masonry-item='1305' class='av-masonry-entry isotope-item post-1305 attachment type-attachment status-inherit hentry  av-masonry-item-with-image' title=\"Uk\u00e1zka u\u010debnice\" alt=\"\"  data-av-masonry-custom-link=\"https:\/\/online.fliphtml5.com\/woejv\/ucda\/#p=6\"  itemprop=\"thumbnailUrl\" ><div class='av-inner-masonry-sizer'><\/div><figure class='av-inner-masonry main_color'><div class=\"av-masonry-outerimage-container\"><div class='av-masonry-image-container'  ><img decoding=\"async\" width=\"497\" height=\"705\" fetchpriority=\"high\" class=\"wp-image-1305 avia-img-lazy-loading-not-1305\"  src=\"https:\/\/klett.cz\/wir-alle\/wp-content\/uploads\/1-3.png\" title=\"Uk\u00e1zka u\u010debnice\" alt=\"\" srcset=\"https:\/\/klett.cz\/wir-alle\/wp-content\/uploads\/1-3.png 497w, https:\/\/klett.cz\/wir-alle\/wp-content\/uploads\/1-3-211x300.png 211w\" sizes=\"(max-width: 497px) 100vw, 497px\" \/><\/div><\/div><figcaption class='av-inner-masonry-content site-background'><div class='av-inner-masonry-content-pos'><div class='av-inner-masonry-content-pos-content'><div class='avia-arrow'><\/div><h3 class='av-masonry-entry-title entry-title '  itemprop=\"headline\" >Uk\u00e1zka u\u010debnice<\/h3><\/div><\/div><\/figcaption><\/figure><\/a><!--end av-masonry entry--><a href=\"https:\/\/online.fliphtml5.com\/woejv\/uqzo\/\"  aria-label=\"image Uk\u00e1zka pracovn\u00edho se\u0161itu\"  target=\"_blank\" rel=\"noopener noreferrer\" id='av-masonry-1-item-1306' data-av-masonry-item='1306' class='av-masonry-entry isotope-item post-1306 attachment type-attachment status-inherit hentry  av-masonry-item-with-image' title=\"Uk\u00e1zka pracovn\u00edho se\u0161itu\" alt=\"\"  data-av-masonry-custom-link=\"https:\/\/online.fliphtml5.com\/woejv\/uqzo\/\"  itemprop=\"thumbnailUrl\" ><div class='av-inner-masonry-sizer'><\/div><figure class='av-inner-masonry main_color'><div class=\"av-masonry-outerimage-container\"><div class='av-masonry-image-container'  ><img decoding=\"async\" width=\"497\" height=\"705\" fetchpriority=\"high\" class=\"wp-image-1306 avia-img-lazy-loading-not-1306\"  src=\"https:\/\/klett.cz\/wir-alle\/wp-content\/uploads\/2-3.png\" title=\"Uk\u00e1zka pracovn\u00edho se\u0161itu\" alt=\"\" srcset=\"https:\/\/klett.cz\/wir-alle\/wp-content\/uploads\/2-3.png 497w, https:\/\/klett.cz\/wir-alle\/wp-content\/uploads\/2-3-211x300.png 211w\" sizes=\"(max-width: 497px) 100vw, 497px\" \/><\/div><\/div><figcaption class='av-inner-masonry-content site-background'><div class='av-inner-masonry-content-pos'><div class='av-inner-masonry-content-pos-content'><div class='avia-arrow'><\/div><h3 class='av-masonry-entry-title entry-title '  itemprop=\"headline\" >Uk\u00e1zka pracovn\u00edho se\u0161itu<\/h3><\/div><\/div><\/figcaption><\/figure><\/a><!--end av-masonry entry--><\/div><\/div>\n\n<style type=\"text\/css\" data-created_by=\"avia_inline_auto\" id=\"style-css-av-78n7g-b99fd5b1ff19098b7c08b72495017a98\">\n#top .hr.hr-invisible.av-78n7g-b99fd5b1ff19098b7c08b72495017a98{\nheight:80px;\n}\n<\/style>\n<div  class='hr av-78n7g-b99fd5b1ff19098b7c08b72495017a98 hr-invisible  avia-builder-el-4  el_after_av_masonry_gallery  el_before_av_textblock  avia-builder-el-first '><span class='hr-inner '><span class=\"hr-inner-style\"><\/span><\/span><\/div>\n<section  class='av_textblock_section av-6rqhk-530ec7cb43189fe0e95434f8a7a871f1 '   itemscope=\"itemscope\" itemtype=\"https:\/\/schema.org\/CreativeWork\" ><div class='avia_textblock'  itemprop=\"text\" ><h2 style=\"text-align: center;\">Dal\u0161\u00ed uk\u00e1zky brzy zve\u0159ejn\u00edme<\/h2>\n<\/div><\/section>\n","protected":false},"excerpt":{"rendered":"","protected":false},"author":2,"featured_media":0,"parent":0,"menu_order":0,"comment_status":"closed","ping_status":"closed","template":"","meta":{"footnotes":""},"class_list":["post-36","page","type-page","status-publish","hentry"],"_links":{"self":[{"href":"https:\/\/klett.cz\/wir-alle\/wp-json\/wp\/v2\/pages\/36","targetHints":{"allow":["GET"]}}],"collection":[{"href":"https:\/\/klett.cz\/wir-alle\/wp-json\/wp\/v2\/pages"}],"about":[{"href":"https:\/\/klett.cz\/wir-alle\/wp-json\/wp\/v2\/types\/page"}],"author":[{"embeddable":true,"href":"https:\/\/klett.cz\/wir-alle\/wp-json\/wp\/v2\/users\/2"}],"replies":[{"embeddable":true,"href":"https:\/\/klett.cz\/wir-alle\/wp-json\/wp\/v2\/comments?post=36"}],"version-history":[{"count":54,"href":"https:\/\/klett.cz\/wir-alle\/wp-json\/wp\/v2\/pages\/36\/revisions"}],"predecessor-version":[{"id":1295,"href":"https:\/\/klett.cz\/wir-alle\/wp-json\/wp\/v2\/pages\/36\/revisions\/1295"}],"wp:attachment":[{"href":"https:\/\/klett.cz\/wir-alle\/wp-json\/wp\/v2\/media?parent=36"}],"curies":[{"name":"wp","href":"https:\/\/api.w.org\/{rel}","templated":true}]}}