{"id":2,"date":"2018-04-25T18:25:53","date_gmt":"2018-04-25T16:25:53","guid":{"rendered":"http:\/\/klett.cz\/maximalinteraktiv\/?page_id=2"},"modified":"2025-10-30T16:16:55","modified_gmt":"2025-10-30T15:16:55","slug":"zkusebni-stranka","status":"publish","type":"page","link":"https:\/\/klett.cz\/wir-alle\/","title":{"rendered":"Dom\u016f"},"content":{"rendered":"\n<style type=\"text\/css\" data-created_by=\"avia_inline_auto\" id=\"style-css-av-28bq-dda9ba5cc33947715a5781aad0e4c0cc\">\n.avia-image-container.av-28bq-dda9ba5cc33947715a5781aad0e4c0cc img.avia_image{\nbox-shadow:none;\n}\n.avia-image-container.av-28bq-dda9ba5cc33947715a5781aad0e4c0cc .av-image-caption-overlay-center{\ncolor:#ffffff;\n}\n<\/style>\n<div  class='avia-image-container av-28bq-dda9ba5cc33947715a5781aad0e4c0cc av-styling- avia-align-center  avia-builder-el-0  el_before_av_hr  avia-builder-el-first '   itemprop=\"image\" itemscope=\"itemscope\" itemtype=\"https:\/\/schema.org\/ImageObject\" ><div class=\"avia-image-container-inner\"><div class=\"avia-image-overlay-wrap\"><img decoding=\"async\" fetchpriority=\"high\" class='wp-image-1010 avia-img-lazy-loading-not-1010 avia_image ' src=\"https:\/\/klett.cz\/wir-alle\/wp-content\/uploads\/1_2_Klett_Wir_alle_banner_1500x630-novy.jpg\" alt='' title='1_2_Klett_Wir_alle_banner_1500x630-novy'  height=\"630\" width=\"1500\"  itemprop=\"thumbnailUrl\" srcset=\"https:\/\/klett.cz\/wir-alle\/wp-content\/uploads\/1_2_Klett_Wir_alle_banner_1500x630-novy.jpg 1500w, https:\/\/klett.cz\/wir-alle\/wp-content\/uploads\/1_2_Klett_Wir_alle_banner_1500x630-novy-300x126.jpg 300w, https:\/\/klett.cz\/wir-alle\/wp-content\/uploads\/1_2_Klett_Wir_alle_banner_1500x630-novy-1030x433.jpg 1030w, https:\/\/klett.cz\/wir-alle\/wp-content\/uploads\/1_2_Klett_Wir_alle_banner_1500x630-novy-768x323.jpg 768w, https:\/\/klett.cz\/wir-alle\/wp-content\/uploads\/1_2_Klett_Wir_alle_banner_1500x630-novy-705x296.jpg 705w\" sizes=\"(max-width: 1500px) 100vw, 1500px\" \/><\/div><\/div><\/div>\n\n<style type=\"text\/css\" data-created_by=\"avia_inline_auto\" id=\"style-css-av-la06-c76671bd8da5c88572fc1ff7ef703de1\">\n#top .hr.hr-invisible.av-la06-c76671bd8da5c88572fc1ff7ef703de1{\nheight:50px;\n}\n<\/style>\n<div  class='hr av-la06-c76671bd8da5c88572fc1ff7ef703de1 hr-invisible  avia-builder-el-1  el_after_av_image  el_before_av_one_full '><span class='hr-inner '><span class=\"hr-inner-style\"><\/span><\/span><\/div>\n\n<style type=\"text\/css\" data-created_by=\"avia_inline_auto\" id=\"style-css-av-i4ka-40b101598816aca86aef0cc2db0cefab\">\n.flex_column.av-i4ka-40b101598816aca86aef0cc2db0cefab{\nborder-radius:0px 0px 0px 0px;\npadding:0px 0px 0px 0px;\n}\n<\/style>\n<div  class='flex_column av-i4ka-40b101598816aca86aef0cc2db0cefab av_one_full  avia-builder-el-2  el_after_av_hr  el_before_av_one_full  first flex_column_div av-zero-column-padding  '     ><section  class='av_textblock_section av-gzva-029f2825d57f4d1936c9bac365e3c04a '   itemscope=\"itemscope\" itemtype=\"https:\/\/schema.org\/CreativeWork\" ><div class='avia_textblock'  itemprop=\"text\" ><h1 style=\"text-align: center;\">Wir alle<\/h1>\n<\/div><\/section><\/div>\n\n<style type=\"text\/css\" data-created_by=\"avia_inline_auto\" id=\"style-css-av-i4ka-4-70ad817601300fd691888ef61e708de9\">\n.flex_column.av-i4ka-4-70ad817601300fd691888ef61e708de9{\nborder-radius:0px 0px 0px 0px;\npadding:0px 0px 0px 0px;\n}\n<\/style>\n<div  class='flex_column av-i4ka-4-70ad817601300fd691888ef61e708de9 av_one_full  avia-builder-el-4  el_after_av_one_full  el_before_av_one_full  first flex_column_div av-zero-column-padding  column-top-margin'     ><section  class='av_textblock_section av-gzva-3-98930e2bc822947b87aa58de5b6df1fb '   itemscope=\"itemscope\" itemtype=\"https:\/\/schema.org\/CreativeWork\" ><div class='avia_textblock'  itemprop=\"text\" ><h2 style=\"text-align: center;\">V\u00fdukov\u00e1 sada pro 2. stupe\u0148 Z\u0160 a ni\u017e\u0161\u00ed ro\u010dn\u00edky v\u00edcelet\u00fdch gymn\u00e1zi\u00ed<\/h2>\n<\/div><\/section><\/div>\n\n<style type=\"text\/css\" data-created_by=\"avia_inline_auto\" id=\"style-css-av-d3cy-77a8ba1d64b591013cc8933cf2bc0a9c\">\n.flex_column.av-d3cy-77a8ba1d64b591013cc8933cf2bc0a9c{\nborder-radius:0px 0px 0px 0px;\npadding:0px 0px 0px 0px;\n}\n<\/style>\n<div  class='flex_column av-d3cy-77a8ba1d64b591013cc8933cf2bc0a9c av_one_full  avia-builder-el-6  el_after_av_one_full  el_before_av_one_full  first flex_column_div av-zero-column-padding  column-top-margin'     ><section  class='av_textblock_section av-bh22-1186051f3e680f6d532f4d65a1446aa2 '   itemscope=\"itemscope\" itemtype=\"https:\/\/schema.org\/CreativeWork\" ><div class='avia_textblock'  itemprop=\"text\" ><p style=\"text-align: center;\">U\u010debn\u00ed sada Wir alle je ur\u010dena pro \u017e\u00e1ky 2. stupn\u011b Z\u0160 a v\u00edcelet\u00fdch gymn\u00e1zi\u00ed a je vhodn\u00e1 zejm\u00e9na p\u0159i ni\u017e\u0161\u00ed hodinov\u00e9 dotaci. Osv\u011bd\u010den\u00fd koncept sady v aktualizovan\u00e9m vyd\u00e1n\u00ed se vyzna\u010duje m\u00edrn\u011bj\u0161\u00ed progres\u00ed, opakuj\u00edc\u00edmi se rubrikami, didaktizovan\u00fdmi videi s hlavn\u00edmi hrdiny a d\u016frazem na re\u00e1lie n\u011bmecky mluv\u00edc\u00edch zem\u00ed. Sada Wir alle je ur\u010dena pro tradi\u010dn\u011bj\u0161\u00ed v\u00fduku od 6. do 9. ro\u010dn\u00edku.<\/p>\n<p style=\"text-align: center;\">Sada se skl\u00e1d\u00e1 ze t\u0159\u00ed d\u00edl\u016f u\u010debnic a samostatn\u00fdch pracovn\u00edch se\u0161it\u016f. Wir alle bylo vytvo\u0159eno v souladu s po\u017eadavky RVP pro v\u00fduku druh\u00e9ho ciz\u00edho jazyka a zcela vyhovuje variant\u011b v\u00fduky 2\u20133 hodiny t\u00fddn\u011b pro 6.(7.)\u20139. t\u0159\u00eddy. Sada \u017e\u00e1ky dovede na jazykovou \u00farove\u0148 A2.2 dle SERR. N\u00e1sledn\u011b je mo\u017en\u00e9 nav\u00e1zat na monolingvn\u00ed \u010dtvrt\u00fd d\u00edl na \u00farovni B1.<\/p>\n<\/div><\/section><\/div>\n\n<style type=\"text\/css\" data-created_by=\"avia_inline_auto\" id=\"style-css-av-d3cy-2-c4dbf32b8d337170dca2f9d595bfd672\">\n.flex_column.av-d3cy-2-c4dbf32b8d337170dca2f9d595bfd672{\nborder-radius:0px 0px 0px 0px;\npadding:0px 0px 0px 0px;\n}\n<\/style>\n<div  class='flex_column av-d3cy-2-c4dbf32b8d337170dca2f9d595bfd672 av_one_full  avia-builder-el-8  el_after_av_one_full  el_before_av_one_full  first flex_column_div av-zero-column-padding  column-top-margin'     ><section  class='av_textblock_section av-bh22-1-eae2b7b45f67344d010a7e8bc8eb4929 '   itemscope=\"itemscope\" itemtype=\"https:\/\/schema.org\/CreativeWork\" ><div class='avia_textblock'  itemprop=\"text\" ><p style=\"text-align: center;\">Na port\u00e1lu iKlett.cz je pro sadu Wir alle rovn\u011b\u017e p\u0159ipravena elektronick\u00e1 u\u010debnice.<\/p>\n<\/div><\/section><\/div>\n<style type=\"text\/css\" data-created_by=\"avia_inline_auto\" id=\"style-css-av-90lw-0caa92404c8333e5db8f3029f7ee6920\">\n.flex_column.av-90lw-0caa92404c8333e5db8f3029f7ee6920{\nborder-radius:0px 0px 0px 0px;\npadding:0px 0px 0px 0px;\n}\n<\/style>\n<div  class='flex_column av-90lw-0caa92404c8333e5db8f3029f7ee6920 av_one_full  avia-builder-el-10  el_after_av_one_full  el_before_av_one_full  first flex_column_div av-zero-column-padding  column-top-margin'     ><\/div><\/p>\n\n<style type=\"text\/css\" data-created_by=\"avia_inline_auto\" id=\"style-css-av-6f4m-a5a0cbc1c106f203fef5684cbed89407\">\n.flex_column.av-6f4m-a5a0cbc1c106f203fef5684cbed89407{\nborder-radius:0px 0px 0px 0px;\npadding:0px 0px 0px 0px;\n}\n<\/style>\n<div  class='flex_column av-6f4m-a5a0cbc1c106f203fef5684cbed89407 av_one_full  avia-builder-el-11  el_after_av_one_full  el_before_av_one_full  first flex_column_div av-zero-column-padding  column-top-margin'     ><style type=\"text\/css\" data-created_by=\"avia_inline_auto\" id=\"style-css-av-3cys-4fdb25fbfa889e51759c06e311ecfc82\">\n.avia-image-container.av-3cys-4fdb25fbfa889e51759c06e311ecfc82 img.avia_image{\nbox-shadow:none;\n}\n.avia-image-container.av-3cys-4fdb25fbfa889e51759c06e311ecfc82 .av-image-caption-overlay-center{\ncolor:#ffffff;\n}\n<\/style>\n<div  class='avia-image-container av-3cys-4fdb25fbfa889e51759c06e311ecfc82 av-styling- avia-align-center  avia-builder-el-12  avia-builder-el-no-sibling '   itemprop=\"image\" itemscope=\"itemscope\" itemtype=\"https:\/\/schema.org\/ImageObject\" ><div class=\"avia-image-container-inner\"><div class=\"avia-image-overlay-wrap\"><img decoding=\"async\" fetchpriority=\"high\" class='wp-image-1014 avia-img-lazy-loading-not-1014 avia_image ' src=\"https:\/\/klett.cz\/wir-alle\/wp-content\/uploads\/4_Klett_Wir_alle_banner_1500x630-novy.jpg\" alt='' title='4_Klett_Wir_alle_banner_1500x630-novy'  height=\"630\" width=\"1500\"  itemprop=\"thumbnailUrl\" srcset=\"https:\/\/klett.cz\/wir-alle\/wp-content\/uploads\/4_Klett_Wir_alle_banner_1500x630-novy.jpg 1500w, https:\/\/klett.cz\/wir-alle\/wp-content\/uploads\/4_Klett_Wir_alle_banner_1500x630-novy-300x126.jpg 300w, https:\/\/klett.cz\/wir-alle\/wp-content\/uploads\/4_Klett_Wir_alle_banner_1500x630-novy-1030x433.jpg 1030w, https:\/\/klett.cz\/wir-alle\/wp-content\/uploads\/4_Klett_Wir_alle_banner_1500x630-novy-768x323.jpg 768w, https:\/\/klett.cz\/wir-alle\/wp-content\/uploads\/4_Klett_Wir_alle_banner_1500x630-novy-705x296.jpg 705w\" sizes=\"(max-width: 1500px) 100vw, 1500px\" \/><\/div><\/div><\/div><\/div>\n\n<style type=\"text\/css\" data-created_by=\"avia_inline_auto\" id=\"style-css-av-3l4e-fcb0f5b8f7ade36083f4a3cfc765fb27\">\n.flex_column.av-3l4e-fcb0f5b8f7ade36083f4a3cfc765fb27{\nborder-radius:0px 0px 0px 0px;\npadding:0px 0px 0px 0px;\n}\n<\/style>\n<div  class='flex_column av-3l4e-fcb0f5b8f7ade36083f4a3cfc765fb27 av_one_full  avia-builder-el-13  el_after_av_one_full  avia-builder-el-last  first flex_column_div av-zero-column-padding  column-top-margin'     ><div  class='avia-button-wrap av-kvqhj7tc-f0777cae14c070c3f2263a47afb5d799-wrap avia-button-center  avia-builder-el-14  avia-builder-el-no-sibling '><a href='https:\/\/klett.cz\/wir-alle\/vyukova-sada\/'  class='avia-button av-kvqhj7tc-f0777cae14c070c3f2263a47afb5d799 av-link-btn avia-icon_select-no avia-size-x-large avia-position-center avia-color-theme-color'   aria-label=\"ZJISTIT V\u00cdCE O V\u00ddUKOV\u00c9 SAD\u011a\"><span class='avia_iconbox_title' >ZJISTIT V\u00cdCE O V\u00ddUKOV\u00c9 SAD\u011a<\/span><\/a><\/div><\/div>\n","protected":false},"excerpt":{"rendered":"","protected":false},"author":1,"featured_media":0,"parent":0,"menu_order":0,"comment_status":"closed","ping_status":"open","template":"","meta":{"footnotes":""},"class_list":["post-2","page","type-page","status-publish","hentry"],"_links":{"self":[{"href":"https:\/\/klett.cz\/wir-alle\/wp-json\/wp\/v2\/pages\/2","targetHints":{"allow":["GET"]}}],"collection":[{"href":"https:\/\/klett.cz\/wir-alle\/wp-json\/wp\/v2\/pages"}],"about":[{"href":"https:\/\/klett.cz\/wir-alle\/wp-json\/wp\/v2\/types\/page"}],"author":[{"embeddable":true,"href":"https:\/\/klett.cz\/wir-alle\/wp-json\/wp\/v2\/users\/1"}],"replies":[{"embeddable":true,"href":"https:\/\/klett.cz\/wir-alle\/wp-json\/wp\/v2\/comments?post=2"}],"version-history":[{"count":41,"href":"https:\/\/klett.cz\/wir-alle\/wp-json\/wp\/v2\/pages\/2\/revisions"}],"predecessor-version":[{"id":1355,"href":"https:\/\/klett.cz\/wir-alle\/wp-json\/wp\/v2\/pages\/2\/revisions\/1355"}],"wp:attachment":[{"href":"https:\/\/klett.cz\/wir-alle\/wp-json\/wp\/v2\/media?parent=2"}],"curies":[{"name":"wp","href":"https:\/\/api.w.org\/{rel}","templated":true}]}}