{"id":1162,"date":"2023-10-25T10:30:36","date_gmt":"2023-10-25T08:30:36","guid":{"rendered":"https:\/\/klett.cz\/wir-alle\/?page_id=1162"},"modified":"2026-04-10T11:51:10","modified_gmt":"2026-04-10T09:51:10","slug":"srovnani-sad","status":"publish","type":"page","link":"https:\/\/klett.cz\/wir-alle\/srovnani-sad\/","title":{"rendered":"Srovn\u00e1n\u00ed sad"},"content":{"rendered":"<div  class='flex_column av-3j7aai-18ac835adc84da7981cde559b87f3298 av_one_full  avia-builder-el-0  el_before_av_one_full  avia-builder-el-first  first flex_column_div  '     ><section  class='av_textblock_section av-lo5gsa9h-35f7614bbe2f164507ce12e18b130ae3 '   itemscope=\"itemscope\" itemtype=\"https:\/\/schema.org\/CreativeWork\" ><div class='avia_textblock'  itemprop=\"text\" ><h1 style=\"text-align: center;\">Srovn\u00e1n\u00ed u\u010debn\u00edch sad pro v\u00fduku n\u011bm\u010diny na z\u00e1kladn\u00edch \u0161kol\u00e1ch<\/h1>\n<p style=\"text-align: center;\">Nejste si jist\u00ed, jakou u\u010debn\u00ed sadu pro v\u00fduku n\u011bm\u010diny na Z\u0160 zvolit? P\u0159ipravili jsme pro v\u00e1s srovn\u00e1n\u00ed n\u00e1mi vydan\u00fdch publikac\u00ed.<\/p>\n<\/div><\/section><\/div>\n<div  class='flex_column av-alp8je-59dd70d1bf9caeedb1735787eb8c1df6 av_one_full  avia-builder-el-2  el_after_av_one_full  el_before_av_one_full  first flex_column_div  column-top-margin'     ><style type=\"text\/css\" data-created_by=\"avia_inline_auto\" id=\"style-css-av-lo5gy9m3-9871350e3cdd038a2d358c9d8f41cdbe\">\n.avia-image-container.av-lo5gy9m3-9871350e3cdd038a2d358c9d8f41cdbe img.avia_image{\nbox-shadow:none;\n}\n.avia-image-container.av-lo5gy9m3-9871350e3cdd038a2d358c9d8f41cdbe .av-image-caption-overlay-center{\ncolor:#ffffff;\n}\n<\/style>\n<div  class='avia-image-container av-lo5gy9m3-9871350e3cdd038a2d358c9d8f41cdbe av-styling- avia-align-center  avia-builder-el-3  avia-builder-el-no-sibling '   itemprop=\"image\" itemscope=\"itemscope\" itemtype=\"https:\/\/schema.org\/ImageObject\" ><div class=\"avia-image-container-inner\"><div class=\"avia-image-overlay-wrap\"><img decoding=\"async\" fetchpriority=\"high\" class='wp-image-1165 avia-img-lazy-loading-not-1165 avia_image ' src=\"https:\/\/klett.cz\/wir-alle\/wp-content\/uploads\/daf_26-1030x362.jpg\" alt='' title='daf_26'  height=\"362\" width=\"1030\"  itemprop=\"thumbnailUrl\" srcset=\"https:\/\/klett.cz\/wir-alle\/wp-content\/uploads\/daf_26-1030x362.jpg 1030w, https:\/\/klett.cz\/wir-alle\/wp-content\/uploads\/daf_26-300x105.jpg 300w, https:\/\/klett.cz\/wir-alle\/wp-content\/uploads\/daf_26-768x270.jpg 768w, https:\/\/klett.cz\/wir-alle\/wp-content\/uploads\/daf_26-705x248.jpg 705w, https:\/\/klett.cz\/wir-alle\/wp-content\/uploads\/daf_26.jpg 1139w\" sizes=\"(max-width: 1030px) 100vw, 1030px\" \/><\/div><\/div><\/div><\/div>\n<div  class='flex_column av-2qou4q-c621ccc65f4d04998c07b903a1a89faf av_one_full  avia-builder-el-4  el_after_av_one_full  el_before_av_one_full  first flex_column_div  column-top-margin'     ><p>\n<style type=\"text\/css\" data-created_by=\"avia_inline_auto\" id=\"style-css-av-lo5h1oac-70f327e56146e3a11f116c9ef0cd3772\">\n#top .hr.hr-invisible.av-lo5h1oac-70f327e56146e3a11f116c9ef0cd3772{\nheight:20px;\n}\n<\/style>\n<div  class='hr av-lo5h1oac-70f327e56146e3a11f116c9ef0cd3772 hr-invisible  avia-builder-el-5  el_before_av_textblock  avia-builder-el-first '><span class='hr-inner '><span class=\"hr-inner-style\"><\/span><\/span><\/div><br \/>\n<section  class='av_textblock_section av-lo5gu7i2-1e2519a6fdd177e601267644684b417b '   itemscope=\"itemscope\" itemtype=\"https:\/\/schema.org\/CreativeWork\" ><div class='avia_textblock'  itemprop=\"text\" ><h2>Klett Maximal interaktiv<\/h2>\n<p>Komunikativn\u00ed u\u010debnice v atraktivn\u00edm grafick\u00e9m zpracov\u00e1n\u00ed obsahuj\u00edc\u00ed modern\u00ed, \u017eivou n\u011bm\u010dinu, kterou pou\u017e\u00edvaj\u00ed sou\u010dasn\u00ed teenage\u0159i v n\u011bmecky mluv\u00edc\u00edch zem\u00edch. U\u010debnic\u00ed prov\u00e1z\u00ed parta kamar\u00e1d\u016f, kte\u0159\u00ed se prezentuj\u00ed prost\u0159ednictv\u00edm dialog\u016f a fotek, ale tak\u00e9 ve vide\u00edch, tvo\u0159\u00edc\u00edch ned\u00edlnou sou\u010d\u00e1st ka\u017ed\u00e9 lekce. Mno\u017estv\u00ed rozmanit\u00fdch text\u016f, fotografi\u00ed, komiks, odkazy na modern\u00ed m\u00e9dia \u010di cvi\u010den\u00ed podporuj\u00edc\u00ed vnit\u0159n\u00ed diferenciaci \u010din\u00ed v\u00fduku atraktivn\u00ed a efektivn\u00ed. Sou\u010d\u00e1st\u00ed sady jsou tak\u00e9 speci\u00e1ln\u00ed strany s projekty, p\u0159\u00edpravou na jazykov\u00e9 zkou\u0161ky a re\u00e1liemi n\u011bmecky mluv\u00edc\u00edch zem\u00ed. U\u010debnice m\u00e1 pln\u011b interaktivn\u00ed podporu pro vyu\u010duj\u00edc\u00ed i \u017e\u00e1ky d\u00edky aplikaci Klett LMS.<\/p>\n<p>Netradi\u010dn\u00ed u\u010debnice n\u011bm\u010diny se st\u0159edn\u00ed progres\u00ed prob\u00edran\u00e9ho u\u010diva ur\u010den\u00e1 pro \u017e\u00e1ky 7.\u20139. t\u0159\u00edd z\u00e1kladn\u00edch \u0161kol.<\/p>\n<ul>\n<li>u\u010debnice a \u010dernob\u00edl\u00fd\/barevn\u00fd pracovn\u00ed se\u0161it v samostatn\u00e9m svazku<\/li>\n<li>obsahuje \u010de\u0161tinu<\/li>\n<li>3 d\u00edly, A1.1, A1.2, A2.1<\/li>\n<\/ul>\n<\/div><\/section><br \/>\n<div  class='avia-button-wrap av-lo5gw1lg-64e90c56ecdf28a7799f43d623c2896f-wrap avia-button-center  avia-builder-el-7  el_after_av_textblock  avia-builder-el-last '><a href='https:\/\/klett.cz\/kmi\/'  class='avia-button av-lo5gw1lg-64e90c56ecdf28a7799f43d623c2896f av-link-btn avia-icon_select-no avia-size-x-large avia-position-center avia-color-theme-color'  target=\"_blank\"  rel=\"noopener noreferrer\"  aria-label=\"ZJISTIT V\u00cdCE O SAD\u011a KLETT MAXIMAL INTERAKTIV\"><span class='avia_iconbox_title' >ZJISTIT V\u00cdCE O SAD\u011a KLETT MAXIMAL INTERAKTIV<\/span><\/a><\/div><\/p><\/div>\n<div  class='flex_column av-2pr6pm-94e88fc7a27a80a5c72f51f1d6a69103 av_one_full  avia-builder-el-8  el_after_av_one_full  el_before_av_one_full  first flex_column_div  column-top-margin'     ><p>\n<style type=\"text\/css\" data-created_by=\"avia_inline_auto\" id=\"style-css-av-8ibjmy-71df2569f2e1c3b201c8627a2ca626a3\">\n#top .hr.hr-invisible.av-8ibjmy-71df2569f2e1c3b201c8627a2ca626a3{\nheight:20px;\n}\n<\/style>\n<div  class='hr av-8ibjmy-71df2569f2e1c3b201c8627a2ca626a3 hr-invisible  avia-builder-el-9  el_before_av_textblock  avia-builder-el-first '><span class='hr-inner '><span class=\"hr-inner-style\"><\/span><\/span><\/div><br \/>\n<section  class='av_textblock_section av-lo5gze65-8ad04f755aeb504a87643dc763d49918 '   itemscope=\"itemscope\" itemtype=\"https:\/\/schema.org\/CreativeWork\" ><div class='avia_textblock'  itemprop=\"text\" ><h2>Team Deutsch neu<\/h2>\n<p>Jedna u\u010debnice pro \u017e\u00e1ky druh\u00e9ho stupn\u011b z\u00e1kladn\u00edch \u0161kol, kter\u00e1 pokryje celou dobu v\u00fduky n\u011bm\u010diny \u2013 8. a 9. ro\u010dn\u00edk Z\u0160. L\u00e1tka lekc\u00ed je rozd\u011blena do dvojstran, na jejich\u017e okraji se nach\u00e1z\u00ed sloupec Baukasten, kter\u00fd prezentuje gramatiku a frazeologii p\u0159\u00edslu\u0161n\u00e9 dvojstrany na principu postupn\u00e9ho skl\u00e1d\u00e1n\u00ed jednotliv\u00fdch jazykov\u00fdch stavebn\u00edch kamen\u016f. \u017d\u00e1ci maj\u00ed mo\u017enost prost\u0159ednictv\u00edm mobiln\u00edch telefon\u016f a jasn\u011b dan\u00e9ho sc\u00e9n\u00e1\u0159e d\u011blat selfie a nat\u00e1\u010det videa, pou\u017e\u00edvat p\u0159i tom n\u011bm\u010dinu a v\u0161e pak prezentovat v hodin\u00e1ch. V lekc\u00edch je \u0159ada aktivit, kter\u00e9 podporuj\u00ed projektovou v\u00fduku a vz\u00e1jemnou spolupr\u00e1ci. V pracovn\u00edm se\u0161it\u011b jsou \u017e\u00e1ci vedeni k dotv\u00e1\u0159en\u00ed my\u0161lenkov\u00fdch map a ke kreativn\u00ed pr\u00e1ci se slovn\u00ed z\u00e1sobou. Nechyb\u00ed dostate\u010dn\u00e9 mno\u017estv\u00ed text\u016f, zapojen\u00ed re\u00e1li\u00ed prost\u0159ednictv\u00edm bohat\u00e9ho obrazov\u00e9ho materi\u00e1lu a deskov\u00e9 hry na procvi\u010den\u00ed prob\u00edran\u00e9 l\u00e1tky.<\/p>\n<p>U\u010debnice podporuj\u00edc\u00ed projektovou v\u00fduku s m\u00edrnou progres\u00ed vhodn\u00e1 pro \u017e\u00e1ky 8. a 9. t\u0159\u00edd z\u00e1kladn\u00edch \u0161kol.<\/p>\n<ul>\n<li>u\u010debnice a samostatn\u00fd pracovn\u00ed se\u0161it ve dvou d\u00edlech<\/li>\n<li>obsahuje \u010de\u0161tinu<\/li>\n<li>1 d\u00edl, A1<\/li>\n<\/ul>\n<\/div><\/section><br \/>\n<div  class='avia-button-wrap av-lo5h05vt-05a4c02b70996eb0aabee07ed7220514-wrap avia-button-center  avia-builder-el-11  el_after_av_textblock  avia-builder-el-last '><a href='https:\/\/klett.cz\/team-deutsch\/'  class='avia-button av-lo5h05vt-05a4c02b70996eb0aabee07ed7220514 av-link-btn avia-icon_select-no avia-size-x-large avia-position-center avia-color-theme-color'  target=\"_blank\"  rel=\"noopener noreferrer\"  aria-label=\"ZJISTIT V\u00cdCE O SAD\u011a TEAM DEUTSCH NEU\"><span class='avia_iconbox_title' >ZJISTIT V\u00cdCE O SAD\u011a TEAM DEUTSCH NEU<\/span><\/a><\/div><\/p><\/div>\n<div  class='flex_column av-7m4f8q-a3b3e1a7b9d0997d6426a12d0ad0a578 av_one_full  avia-builder-el-12  el_after_av_one_full  el_before_av_one_full  first flex_column_div  column-top-margin'     ><p>\n<style type=\"text\/css\" data-created_by=\"avia_inline_auto\" id=\"style-css-av-5ej73e-5f3c7257244c3581cf4ac6bcb7daba8a\">\n#top .hr.hr-invisible.av-5ej73e-5f3c7257244c3581cf4ac6bcb7daba8a{\nheight:20px;\n}\n<\/style>\n<div  class='hr av-5ej73e-5f3c7257244c3581cf4ac6bcb7daba8a hr-invisible  avia-builder-el-13  el_before_av_textblock  avia-builder-el-first '><span class='hr-inner '><span class=\"hr-inner-style\"><\/span><\/span><\/div><br \/>\n<section  class='av_textblock_section av-lo5h3hio-b902ba08d2082f022ab419876d363f90 '   itemscope=\"itemscope\" itemtype=\"https:\/\/schema.org\/CreativeWork\" ><div class='avia_textblock'  itemprop=\"text\" ><h2>Wir alle<\/h2>\n<p>\u0158ada u\u010debnic pro \u017e\u00e1ky druh\u00e9ho stupn\u011b z\u00e1kladn\u00edch \u0161kol vhodn\u00e1 zejm\u00e9na p\u0159i ni\u017e\u0161\u00ed hodinov\u00e9 dotaci (2\u20133 hodiny t\u00fddn\u011b). Osv\u011bd\u010den\u00fd koncept v modern\u00edm aktualizovan\u00e9m pojet\u00ed zachov\u00e1v\u00e1 p\u0159ednosti p\u016fvodn\u00edho vyd\u00e1n\u00ed: modul\u00e1rn\u00ed syst\u00e9m, velmi m\u00edrnou progresi, p\u0159im\u011b\u0159enou slovn\u00ed z\u00e1sobu a jednoduch\u00e9 \u00falohy na mluven\u00ed, d\u00edky kter\u00fdm za\u017eij\u00ed \u017e\u00e1ci brzy pocit \u00fasp\u011bchu. Novinkami jsou rapy, gramatick\u00e9 klipy, zapojen\u00ed re\u00e1li\u00ed (mimo jin\u00e9 prost\u0159ednictv\u00edm vide\u00ed z Berl\u00edna) a pr\u00e1ce s jednoduch\u00fdmi autentick\u00fdmi materi\u00e1ly. P\u0159\u00edmo do u\u010debnice jsou zakomponovan\u00e9 n\u00e1vody na konverza\u010dn\u00ed a pohybov\u00e9 hry. V z\u00e1v\u011bru lekc\u00ed najdou \u017e\u00e1ci st\u00e1l\u00e9 rubriky pro aktivn\u00ed pr\u00e1ci se slovn\u00ed z\u00e1sobou, autentick\u00fdmi texty a podn\u011bty pro vytv\u00e1\u0159en\u00ed vlastn\u00edch projekt\u016f. U\u010debnice Wir alle m\u00e1 tak\u00e9 pln\u011b interaktivn\u00ed verzi.<\/p>\n<p>U\u010debnice p\u0159edstavuje n\u011bm\u010dinu jednoduchou a srozumitelnou formou a je vhodn\u00e1 pro druh\u00fd stupe\u0148 z\u00e1kladn\u00edch \u0161kol s ni\u017e\u0161\u00ed hodinovou dotac\u00ed.<\/p>\n<ul>\n<li>u\u010debnice a pracovn\u00ed se\u0161it v samostatn\u00e9m svazku<\/li>\n<li>obsahuje \u010de\u0161tinu<\/li>\n<li>3 d\u00edly, A1, A2.1, A2.2, mo\u017enost nav\u00e1zat dal\u0161\u00edm d\u00edlem na B1 v origin\u00e1ln\u00edm n\u011bmeck\u00e9m vyd\u00e1n\u00ed (neobsahuje \u010de\u0161tinu)<\/li>\n<\/ul>\n<\/div><\/section><\/p><\/div>\n<div  class='flex_column av-4nurh6-f35797de5ab3bd96fed5e1211594e4ba av_one_full  avia-builder-el-15  el_after_av_one_full  el_before_av_one_fourth  first flex_column_div  column-top-margin'     ><p>\n<style type=\"text\/css\" data-created_by=\"avia_inline_auto\" id=\"style-css-av-lo5hfpoc-f5b4987fadcc83859fcc7eea9a7ffab3\">\n#top .hr.hr-invisible.av-lo5hfpoc-f5b4987fadcc83859fcc7eea9a7ffab3{\nheight:30px;\n}\n<\/style>\n<div  class='hr av-lo5hfpoc-f5b4987fadcc83859fcc7eea9a7ffab3 hr-invisible  avia-builder-el-16  el_before_av_textblock  avia-builder-el-first '><span class='hr-inner '><span class=\"hr-inner-style\"><\/span><\/span><\/div><br \/>\n<section  class='av_textblock_section av-a93xm-0f52397c496bd0f030daff34df759698 '   itemscope=\"itemscope\" itemtype=\"https:\/\/schema.org\/CreativeWork\" ><div class='avia_textblock'  itemprop=\"text\" ><h2 style=\"text-align: center;\">D\u016fle\u017eit\u00e9 dokumenty ke sta\u017een\u00ed<\/h2>\n<\/div><\/section><\/p><\/div>\n<div  class='flex_column av-6x3sei-469ac694b19195f2395ee6acfd72bdbf av_one_fourth  avia-builder-el-18  el_after_av_one_full  el_before_av_one_fourth  first flex_column_div  column-top-margin'     ><div  class='avia-button-wrap av-lo5hgtil-37d4b7cb2fee1edbc40d1ded99fc87fc-wrap avia-button-center  avia-builder-el-19  avia-builder-el-no-sibling '><a href='https:\/\/klett.cz\/wir-alle\/wp-content\/uploads\/DAF_srovnani_sad_upraveny_TISK_A4.pdf'  class='avia-button av-lo5hgtil-37d4b7cb2fee1edbc40d1ded99fc87fc av-link-btn avia-icon_select-no avia-size-medium avia-position-center avia-color-theme-color'  target=\"_blank\"  rel=\"noopener noreferrer\"  aria-label=\"POROVN\u00c1N\u00cd SAD\"><span class='avia_iconbox_title' >POROVN\u00c1N\u00cd SAD<\/span><\/a><\/div><\/div>\n<div  class='flex_column av-6504ne-655be2335109464dd97f0522a6e7acfd av_one_fourth  avia-builder-el-20  el_after_av_one_fourth  el_before_av_one_fourth  flex_column_div  column-top-margin'     ><div  class='avia-button-wrap av-lo5hhjii-a64b68a19e542593a78335b71e7ae485-wrap avia-button-center  avia-builder-el-21  avia-builder-el-no-sibling '><a href='https:\/\/klett.cz\/wir-alle\/wp-content\/uploads\/DAF_financni_pomoc_skolam_TISK.pdf'  class='avia-button av-lo5hhjii-a64b68a19e542593a78335b71e7ae485 av-link-btn avia-icon_select-no avia-size-medium avia-position-center avia-color-theme-color'  target=\"_blank\"  rel=\"noopener noreferrer\"  aria-label=\"PROGRAM FINAN\u010cN\u00cd POMOCI\"><span class='avia_iconbox_title' >PROGRAM FINAN\u010cN\u00cd POMOCI<\/span><\/a><\/div><\/div>\n<div  class='flex_column av-3hkziy-85946ed006693f38a8eecbc954af05fd av_one_fourth  avia-builder-el-22  el_after_av_one_fourth  el_before_av_one_fourth  flex_column_div  column-top-margin'     ><div  class='avia-button-wrap av-lo5hi59g-1788eb09551f19db726019b63528062d-wrap avia-button-center  avia-builder-el-23  avia-builder-el-no-sibling '><a href='https:\/\/klett.cz\/wir-alle\/wp-content\/uploads\/DAF_nemcina_portfolio_novy_2025_upraveny_TISK_A4.pdf'  class='avia-button av-lo5hi59g-1788eb09551f19db726019b63528062d av-link-btn avia-icon_select-no avia-size-medium avia-position-center avia-color-theme-color'  target=\"_blank\"  rel=\"noopener noreferrer\"  aria-label=\"PR\u016eVODN\u00cd DOPIS\"><span class='avia_iconbox_title' >PR\u016eVODN\u00cd DOPIS<\/span><\/a><\/div><\/div>\n<div  class='flex_column av-2dk0iy-c0a600b6a79332e1f1e1b520b1c9dc07 av_one_fourth  avia-builder-el-24  el_after_av_one_fourth  avia-builder-el-last  flex_column_div  column-top-margin'     ><div  class='avia-button-wrap av-lo5hibmy-e1c196546c25076253eec14214aa221e-wrap avia-button-center  avia-builder-el-25  avia-builder-el-no-sibling '><a href='https:\/\/klett.cz\/wir-alle\/wp-content\/uploads\/DAF_cenik_vyukovych_sad_na_web.pdf'  class='avia-button av-lo5hibmy-e1c196546c25076253eec14214aa221e av-link-btn avia-icon_select-no avia-size-medium avia-position-center avia-color-theme-color'  target=\"_blank\"  rel=\"noopener noreferrer\"  aria-label=\"CEN\u00cdK\"><span class='avia_iconbox_title' >CEN\u00cdK<\/span><\/a><\/div><\/div>\n","protected":false},"excerpt":{"rendered":"","protected":false},"author":4,"featured_media":0,"parent":0,"menu_order":0,"comment_status":"closed","ping_status":"closed","template":"","meta":{"footnotes":""},"class_list":["post-1162","page","type-page","status-publish","hentry"],"_links":{"self":[{"href":"https:\/\/klett.cz\/wir-alle\/wp-json\/wp\/v2\/pages\/1162","targetHints":{"allow":["GET"]}}],"collection":[{"href":"https:\/\/klett.cz\/wir-alle\/wp-json\/wp\/v2\/pages"}],"about":[{"href":"https:\/\/klett.cz\/wir-alle\/wp-json\/wp\/v2\/types\/page"}],"author":[{"embeddable":true,"href":"https:\/\/klett.cz\/wir-alle\/wp-json\/wp\/v2\/users\/4"}],"replies":[{"embeddable":true,"href":"https:\/\/klett.cz\/wir-alle\/wp-json\/wp\/v2\/comments?post=1162"}],"version-history":[{"count":10,"href":"https:\/\/klett.cz\/wir-alle\/wp-json\/wp\/v2\/pages\/1162\/revisions"}],"predecessor-version":[{"id":1365,"href":"https:\/\/klett.cz\/wir-alle\/wp-json\/wp\/v2\/pages\/1162\/revisions\/1365"}],"wp:attachment":[{"href":"https:\/\/klett.cz\/wir-alle\/wp-json\/wp\/v2\/media?parent=1162"}],"curies":[{"name":"wp","href":"https:\/\/api.w.org\/{rel}","templated":true}]}}