{"id":1053,"date":"2023-01-27T10:47:43","date_gmt":"2023-01-27T09:47:43","guid":{"rendered":"https:\/\/klett.cz\/wir-alle\/?page_id=1053"},"modified":"2023-02-02T16:21:04","modified_gmt":"2023-02-02T15:21:04","slug":"kahoot-sk","status":"publish","type":"page","link":"https:\/\/klett.cz\/wir-alle\/kahoot-sk\/","title":{"rendered":"Online kv\u00edzy Kahoot! SK"},"content":{"rendered":"<div  class='flex_column av-wlxgul-a2322d71e8243879baa437cb2525a328 av_one_full  avia-builder-el-0  el_before_av_one_full  avia-builder-el-first  first flex_column_div  '     ><style type=\"text\/css\" data-created_by=\"avia_inline_auto\" id=\"style-css-av-ldec181c-e74e8d742650909fcfd9cd7b977f436e\">\n.avia-image-container.av-ldec181c-e74e8d742650909fcfd9cd7b977f436e img.avia_image{\nbox-shadow:none;\n}\n.avia-image-container.av-ldec181c-e74e8d742650909fcfd9cd7b977f436e .av-image-caption-overlay-center{\ncolor:#ffffff;\n}\n<\/style>\n<div  class='avia-image-container av-ldec181c-e74e8d742650909fcfd9cd7b977f436e av-styling- avia-align-center  avia-builder-el-1  avia-builder-el-no-sibling '   itemprop=\"image\" itemscope=\"itemscope\" itemtype=\"https:\/\/schema.org\/ImageObject\" ><div class=\"avia-image-container-inner\"><div class=\"avia-image-overlay-wrap\"><img decoding=\"async\" fetchpriority=\"high\" class='wp-image-1047 avia-img-lazy-loading-not-1047 avia_image ' src=\"https:\/\/klett.cz\/wir-alle\/wp-content\/uploads\/1280px-Kahoot_Logo.svg_-300x102-1.png\" alt='' title='1280px-Kahoot_Logo.svg_-300x102'  height=\"102\" width=\"300\"  itemprop=\"thumbnailUrl\"  \/><\/div><\/div><\/div><\/div>\n<div  class='flex_column av-uy2bz1-4703450aeb4764063ff3e92072d80e2a av_one_full  avia-builder-el-2  el_after_av_one_full  el_before_av_one_full  first flex_column_div  column-top-margin'     ><section  class='av_textblock_section av-sikwcd-d407bf62f61a950e099e53fbc9ab2998 '   itemscope=\"itemscope\" itemtype=\"https:\/\/schema.org\/CreativeWork\" ><div class='avia_textblock'  itemprop=\"text\" ><h1 style=\"text-align: center;\">Online kv\u00edzy Kahoot! k Wir alle 1<\/h1>\n<div class=\"elementToProof\" style=\"text-align: center;\">K jednotliv\u00fdm lekci\u00e1m u\u010debnice Wir alle sme vytvorili jednoduch\u00e9 a z\u00e1bavn\u00e9 online kv\u00edzy Kahoot!.<\/div>\n<div><\/div>\n<div class=\"elementToProof\" style=\"text-align: center;\">Vyberte si lekciu, ktor\u00e1 V\u00e1s zauj\u00edma, a potom u\u017e sa len zab\u00e1vajte (a u\u010dte) s na\u0161imi z\u00e1bavn\u00fdmi kv\u00edzmi.<\/div>\n<\/div><\/section><\/div><div  class='flex_column av-qqkddp-2272b8ba14793e7b06519280173b12dd av_one_full  avia-builder-el-4  el_after_av_one_full  el_before_av_one_full  first flex_column_div  column-top-margin'     ><section  class='av_textblock_section av-ldec2zf8-c49367e16ed8cf866a4585b78bf5e162 '   itemscope=\"itemscope\" itemtype=\"https:\/\/schema.org\/CreativeWork\" ><div class='avia_textblock'  itemprop=\"text\" ><h2 style=\"text-align: center;\">Wir alle 1 \u2013 Modul 1<\/h2>\n<\/div><\/section><\/div><\/p>\n<div  class='flex_column av-pvg9b1-c9caabf6cb056095d729a8bb544bf6d8 av_one_full  avia-builder-el-6  el_after_av_one_full  el_before_av_one_full  first flex_column_div  column-top-margin'     ><section  class='av_textblock_section av-ldec40le-94629240c49693bfd4b9b703d8632c66 '   itemscope=\"itemscope\" itemtype=\"https:\/\/schema.org\/CreativeWork\" ><div class='avia_textblock'  itemprop=\"text\" ><h3 style=\"text-align: center;\"><a href=\"https:\/\/create.kahoot.it\/share\/wir-alle-a1-modul-1-lektion-1\/09a96867-176a-4fd5-9053-4b19a7c43c39\" target=\"_blank\" rel=\"noopener\">Lekcia 1<\/a><\/h3>\n<\/div><\/section><\/div>\n<div  class='flex_column av-nv9nx9-df5d0c0bba6b70fdb6d9bc2970494620 av_one_full  avia-builder-el-8  el_after_av_one_full  el_before_av_one_full  first flex_column_div  column-top-margin'     ><section  class='av_textblock_section av-ldec4gm9-f96e9b5c71a3a0830a1675bd2386d03b '   itemscope=\"itemscope\" itemtype=\"https:\/\/schema.org\/CreativeWork\" ><div class='avia_textblock'  itemprop=\"text\" ><h3 style=\"text-align: center;\"><a href=\"https:\/\/create.kahoot.it\/share\/wir-alle-a1-modul-1-lektion-2\/e95ccdce-da04-403e-8303-7166cb0b3280\" target=\"_blank\" rel=\"noopener\">Lekcia 2<\/a><\/h3>\n<\/div><\/section><\/div>\n<div  class='flex_column av-mbghod-021fd3c878fa3ad6a99787841122c943 av_one_full  avia-builder-el-10  el_after_av_one_full  el_before_av_one_full  first flex_column_div  column-top-margin'     ><section  class='av_textblock_section av-ldec4vf9-66b19d5843a7dccf909183dd5c6fcf99 '   itemscope=\"itemscope\" itemtype=\"https:\/\/schema.org\/CreativeWork\" ><div class='avia_textblock'  itemprop=\"text\" ><h3 style=\"text-align: center;\"><a href=\"https:\/\/create.kahoot.it\/share\/wir-alle-a1-modul-1-lektion-3\/78201f30-b960-4462-8e13-0aa8b74017bf\" target=\"_blank\" rel=\"noopener\">Lekcia 3<\/a><\/h3>\n<\/div><\/section><\/div>\n<div  class='flex_column av-k5kclp-b5594212075993c346c9a213c7080d65 av_one_full  avia-builder-el-12  el_after_av_one_full  el_before_av_one_full  first flex_column_div  column-top-margin'     ><section  class='av_textblock_section av-ldec5733-80231add3698d527670b97927ab10a55 '   itemscope=\"itemscope\" itemtype=\"https:\/\/schema.org\/CreativeWork\" ><div class='avia_textblock'  itemprop=\"text\" ><h2 style=\"text-align: center;\">Wir alle 1 \u2013 Modul 2<\/h2>\n<\/div><\/section><\/div>\n<div  class='flex_column av-imj1fx-ee0224921735432159c872ff22786a00 av_one_full  avia-builder-el-14  el_after_av_one_full  el_before_av_one_full  first flex_column_div  column-top-margin'     ><section  class='av_textblock_section av-ldec5v4u-9f37b24da079cbe2c1dec83ef61e652b '   itemscope=\"itemscope\" itemtype=\"https:\/\/schema.org\/CreativeWork\" ><div class='avia_textblock'  itemprop=\"text\" ><h3 style=\"text-align: center;\"><a href=\"https:\/\/create.kahoot.it\/share\/wir-alle-a1-modul-2-lektion-1\/e33576aa-4bc4-4b76-8ea2-43fa0dbdbd62\" target=\"_blank\" rel=\"noopener\">Lekcia 1<\/a><\/h3>\n<\/div><\/section><\/div>\n<div  class='flex_column av-hx8jnx-d164fd72876549a17b89758d91a43be7 av_one_full  avia-builder-el-16  el_after_av_one_full  el_before_av_one_full  first flex_column_div  column-top-margin'     ><section  class='av_textblock_section av-ldec6asx-86828e9808510d210d89812080a7f3e2 '   itemscope=\"itemscope\" itemtype=\"https:\/\/schema.org\/CreativeWork\" ><div class='avia_textblock'  itemprop=\"text\" ><h3 style=\"text-align: center;\"><a href=\"https:\/\/create.kahoot.it\/share\/wir-alle-a1-modul-2-lektion-2\/c91ce20e-b26b-4919-a2ee-3345ba7b2429\" target=\"_blank\" rel=\"noopener\">Lekcia 2<\/a><\/h3>\n<\/div><\/section><\/div>\n<div  class='flex_column av-fr8bzh-6bc1537bb3a9142d8e35899f55b5714b av_one_full  avia-builder-el-18  el_after_av_one_full  el_before_av_one_full  first flex_column_div  column-top-margin'     ><section  class='av_textblock_section av-ldec6sgr-ce59c85c3c3cf3303ac8e30711836f1f '   itemscope=\"itemscope\" itemtype=\"https:\/\/schema.org\/CreativeWork\" ><div class='avia_textblock'  itemprop=\"text\" ><h3 style=\"text-align: center;\"><a href=\"https:\/\/create.kahoot.it\/share\/wir-alle-a1-modul-2-lektion-3\/18c24b5f-6c7c-4c3b-93ec-263495b50145\" target=\"_blank\" rel=\"noopener\">Lekcia 3<\/a><\/h3>\n<\/div><\/section><\/div>\n<div  class='flex_column av-eqt8wt-8c1a59bc055d04deba2de4939cfe25b0 av_one_full  avia-builder-el-20  el_after_av_one_full  el_before_av_one_full  first flex_column_div  column-top-margin'     ><section  class='av_textblock_section av-ldec5bt5-7fa5304d987336b3da7516de5d3868c0 '   itemscope=\"itemscope\" itemtype=\"https:\/\/schema.org\/CreativeWork\" ><div class='avia_textblock'  itemprop=\"text\" ><h2 style=\"text-align: center;\">Wir alle 1 \u2013 Modul 3<\/h2>\n<\/div><\/section><\/div>\n<div  class='flex_column av-cjvt8t-2e8fc6039024d871fda7bc0fb9ea21bf av_one_full  avia-builder-el-22  el_after_av_one_full  el_before_av_one_full  first flex_column_div  column-top-margin'     ><section  class='av_textblock_section av-ldec7lfe-78559011f7912141ce4d09bf1708d4b7 '   itemscope=\"itemscope\" itemtype=\"https:\/\/schema.org\/CreativeWork\" ><div class='avia_textblock'  itemprop=\"text\" ><h3 style=\"text-align: center;\"><a href=\"https:\/\/create.kahoot.it\/share\/wir-alle-a1-modul-3-lektion-1\/60019657-630d-4df4-b685-7429512c1610\" target=\"_blank\" rel=\"noopener\">Lekcia 1<\/a><\/h3>\n<\/div><\/section><\/div>\n<div  class='flex_column av-baeicd-e03c4f9304d2f924524afdbe30d009f0 av_one_full  avia-builder-el-24  el_after_av_one_full  el_before_av_one_full  first flex_column_div  column-top-margin'     ><section  class='av_textblock_section av-ldec7yhz-047c8b5f33308409e97498688e1293d1 '   itemscope=\"itemscope\" itemtype=\"https:\/\/schema.org\/CreativeWork\" ><div class='avia_textblock'  itemprop=\"text\" ><h3 style=\"text-align: center;\"><a href=\"https:\/\/create.kahoot.it\/share\/wir-alle-a1-modul-3-lektion-2\/c35460af-0cb1-462c-98de-64e33393a2a2\" target=\"_blank\" rel=\"noopener\">Lekcia 2<\/a><\/h3>\n<\/div><\/section><\/div>\n<div  class='flex_column av-91hp8d-4c002c092418db232ba7c401fa3896e6 av_one_full  avia-builder-el-26  el_after_av_one_full  el_before_av_one_full  first flex_column_div  column-top-margin'     ><section  class='av_textblock_section av-ldec8esd-99ee665bb437a514816e7358e9d3ecde '   itemscope=\"itemscope\" itemtype=\"https:\/\/schema.org\/CreativeWork\" ><div class='avia_textblock'  itemprop=\"text\" ><h3 style=\"text-align: center;\"><a href=\"https:\/\/create.kahoot.it\/share\/wir-alle-a1-modul-3-lektion-3\/a52a6c51-b0aa-4344-9478-33b6b102c3d3\" target=\"_blank\" rel=\"noopener\">Lekcia 3<\/a><\/h3>\n<\/div><\/section><\/div>\n<div  class='flex_column av-7acw8t-939c931f896a39e407b2da48987e8224 av_one_full  avia-builder-el-28  el_after_av_one_full  el_before_av_one_full  first flex_column_div  column-top-margin'     ><section  class='av_textblock_section av-ldec7576-fd8b74be05b33f3cad748287807ddb23 '   itemscope=\"itemscope\" itemtype=\"https:\/\/schema.org\/CreativeWork\" ><div class='avia_textblock'  itemprop=\"text\" ><h2 style=\"text-align: center;\">Wir alle 1 \u2013 Modul 4<\/h2>\n<\/div><\/section><\/div>\n<div  class='flex_column av-58fxhp-3350d534442e874c81a25f5b733aade5 av_one_full  avia-builder-el-30  el_after_av_one_full  el_before_av_one_full  first flex_column_div  column-top-margin'     ><section  class='av_textblock_section av-ldecas4j-8e54501e11c0c0560fa5a8dbb94812f1 '   itemscope=\"itemscope\" itemtype=\"https:\/\/schema.org\/CreativeWork\" ><div class='avia_textblock'  itemprop=\"text\" ><h3 style=\"text-align: center;\"><a href=\"https:\/\/create.kahoot.it\/share\/wir-alle-a1-modul-4-lektion-1\/82987d9d-29d0-414b-a014-61d3f3b8a24c\" target=\"_blank\" rel=\"noopener\">Lekcia 1<\/a><\/h3>\n<\/div><\/section><\/div>\n<div  class='flex_column av-3r44u5-b87ac76a361535c6931c4429a922da21 av_one_full  avia-builder-el-32  el_after_av_one_full  el_before_av_one_full  first flex_column_div  column-top-margin'     ><section  class='av_textblock_section av-ldecb8ml-e820ea3f4ebf5d8e38c18eba336d5d61 '   itemscope=\"itemscope\" itemtype=\"https:\/\/schema.org\/CreativeWork\" ><div class='avia_textblock'  itemprop=\"text\" ><h3 style=\"text-align: center;\"><a href=\"https:\/\/create.kahoot.it\/share\/wir-alle-a1-modul-4-lektion-2\/ac67aad7-6102-475f-a439-982d922d2176\" target=\"_blank\" rel=\"noopener\">Lekcia 2<\/a><\/h3>\n<\/div><\/section><\/div>\n<div  class='flex_column av-2kv019-d749d56ebed1b9052eb0a658300da1ad av_one_full  avia-builder-el-34  el_after_av_one_full  avia-builder-el-last  first flex_column_div  column-top-margin'     ><section  class='av_textblock_section av-ldecbqre-f7fa89a3547bc7bd06ac43f84b0003c1 '   itemscope=\"itemscope\" itemtype=\"https:\/\/schema.org\/CreativeWork\" ><div class='avia_textblock'  itemprop=\"text\" ><h3 style=\"text-align: center;\"><a href=\"https:\/\/create.kahoot.it\/share\/wir-alle-a1-modul-4-lektion-3\/e15f3330-198a-48dd-8bb6-d6316693be17\" target=\"_blank\" rel=\"noopener\">Lekcia 3<\/a><\/h3>\n<\/div><\/section><\/div>\n","protected":false},"excerpt":{"rendered":"","protected":false},"author":4,"featured_media":0,"parent":0,"menu_order":0,"comment_status":"closed","ping_status":"closed","template":"","meta":{"footnotes":""},"class_list":["post-1053","page","type-page","status-publish","hentry"],"_links":{"self":[{"href":"https:\/\/klett.cz\/wir-alle\/wp-json\/wp\/v2\/pages\/1053","targetHints":{"allow":["GET"]}}],"collection":[{"href":"https:\/\/klett.cz\/wir-alle\/wp-json\/wp\/v2\/pages"}],"about":[{"href":"https:\/\/klett.cz\/wir-alle\/wp-json\/wp\/v2\/types\/page"}],"author":[{"embeddable":true,"href":"https:\/\/klett.cz\/wir-alle\/wp-json\/wp\/v2\/users\/4"}],"replies":[{"embeddable":true,"href":"https:\/\/klett.cz\/wir-alle\/wp-json\/wp\/v2\/comments?post=1053"}],"version-history":[{"count":4,"href":"https:\/\/klett.cz\/wir-alle\/wp-json\/wp\/v2\/pages\/1053\/revisions"}],"predecessor-version":[{"id":1066,"href":"https:\/\/klett.cz\/wir-alle\/wp-json\/wp\/v2\/pages\/1053\/revisions\/1066"}],"wp:attachment":[{"href":"https:\/\/klett.cz\/wir-alle\/wp-json\/wp\/v2\/media?parent=1053"}],"curies":[{"name":"wp","href":"https:\/\/api.w.org\/{rel}","templated":true}]}}