{"id":36,"date":"2018-10-11T10:47:29","date_gmt":"2018-10-11T08:47:29","guid":{"rendered":"https:\/\/klett.cz\/kmi\/?page_id=36"},"modified":"2021-06-29T13:35:07","modified_gmt":"2021-06-29T11:35:07","slug":"ukazky-materialy","status":"publish","type":"page","link":"https:\/\/klett.cz\/team-deutsch\/ukazky-materialy\/","title":{"rendered":"Uk\u00e1zky a materi\u00e1ly"},"content":{"rendered":"<section  class='av_textblock_section av-9tdv4-9a2789ef16cda7baa8a91baea09f3d57 '   itemscope=\"itemscope\" itemtype=\"https:\/\/schema.org\/CreativeWork\" ><div class='avia_textblock'  itemprop=\"text\" ><h1 style=\"text-align: center;\">MATERI\u00c1LY KE STA\u017dEN\u00cd A UK\u00c1ZKY Z LEKC\u00cd Team Deutsch neu<\/h1>\n<p style=\"text-align: center;\">Materi\u00e1ly jsou voln\u011b ke sta\u017een\u00ed \u010di poslechu bez registrace a p\u0159ihl\u00e1\u0161en\u00ed. M\u00e1te-li dotazy ke zve\u0159ejn\u011bn\u00fdm materi\u00e1l\u016fm, obra\u0165te se na na\u0161i\u00a0<a href=\"https:\/\/klett.cz\/aventura\/kontakty\/\">infolinku<\/a>\u00a0nebo n\u00e1m napi\u0161te<br \/>\n<a href=\"https:\/\/klett.cz\/aventura\/kontakty\/\">e-mail<\/a>.<\/p>\n<\/div><\/section>\n<section  class='av_textblock_section av-9ceg0-eabbc0fd7a92da089b574bea9e6ab063 '   itemscope=\"itemscope\" itemtype=\"https:\/\/schema.org\/CreativeWork\" ><div class='avia_textblock'  itemprop=\"text\" ><h2 style=\"text-align: center;\">Uk\u00e1zka lekc\u00ed z u\u010debnice a pracovn\u00edch se\u0161it\u016f Team Deutsch neu<\/h2>\n<\/div><\/section>\n\n<style type=\"text\/css\" data-created_by=\"avia_inline_auto\" id=\"style-css-av-8i0rs-effe34077b3a8f756e24adc131bffd15\">\n#top .hr.hr-invisible.av-8i0rs-effe34077b3a8f756e24adc131bffd15{\nheight:80px;\n}\n<\/style>\n<div  class='hr av-8i0rs-effe34077b3a8f756e24adc131bffd15 hr-invisible  avia-builder-el-2  el_after_av_textblock  el_before_av_masonry_gallery  avia-builder-el-last '><span class='hr-inner '><span class=\"hr-inner-style\"><\/span><\/span><\/div>\n\n<style type=\"text\/css\" data-created_by=\"avia_inline_auto\" id=\"style-css-av-si14-4c35c01acf6a870f9458fe00f30affc6\">\n#top .av-masonry.av-si14-4c35c01acf6a870f9458fe00f30affc6{\nbackground-color:#ffffff;\n}\n<\/style>\n<div id='av-masonry-1' class='av-masonry av-si14-4c35c01acf6a870f9458fe00f30affc6 noHover av-flex-size av-large-gap av-hover-overlay-active av-masonry-animation-active av-masonry-col-flexible av-caption-always av-caption-style- av-masonry-gallery ' data-post_id=\"36\"><div class=\"av-masonry-container isotope av-js-disabled\"><div class='av-masonry-entry isotope-item av-masonry-item-no-image '><\/div><a href=\"https:\/\/issuu.com\/klett2\/docs\/tdneu_ucebnice1_ukazka_lekce\"  aria-label=\"image U\u010debnice Team Deutsch neu\"  target=\"_blank\" rel=\"noopener noreferrer\" id='av-masonry-1-item-608' data-av-masonry-item='608' class='av-masonry-entry isotope-item post-608 attachment type-attachment status-inherit hentry  av-masonry-item-with-image' title=\"U\u010debnice Team Deutsch neu\" alt=\"\"  data-av-masonry-custom-link=\"https:\/\/issuu.com\/klett2\/docs\/tdneu_ucebnice1_ukazka_lekce\"  itemprop=\"thumbnailUrl\" ><div class='av-inner-masonry-sizer'><\/div><figure class='av-inner-masonry main_color'><div class=\"av-masonry-outerimage-container\"><div class='av-masonry-image-container'  ><img decoding=\"async\" width=\"497\" height=\"705\" fetchpriority=\"high\" class=\"wp-image-608 avia-img-lazy-loading-not-608\"  src=\"https:\/\/klett.cz\/team-deutsch\/wp-content\/uploads\/1-2.png\" title=\"U\u010debnice Team Deutsch neu\" alt=\"\" srcset=\"https:\/\/klett.cz\/team-deutsch\/wp-content\/uploads\/1-2.png 497w, https:\/\/klett.cz\/team-deutsch\/wp-content\/uploads\/1-2-211x300.png 211w\" sizes=\"(max-width: 497px) 100vw, 497px\" \/><\/div><\/div><figcaption class='av-inner-masonry-content site-background'><div class='av-inner-masonry-content-pos'><div class='av-inner-masonry-content-pos-content'><div class='avia-arrow'><\/div><h3 class='av-masonry-entry-title entry-title '  itemprop=\"headline\" >U\u010debnice Team Deutsch neu<\/h3><\/div><\/div><\/figcaption><\/figure><\/a><!--end av-masonry entry--><a href=\"https:\/\/issuu.com\/klett2\/docs\/tdne_pracovni_sesit1_ukazka_lekce\"  aria-label=\"image Pracovn\u00ed se\u0161it 1. d\u00edl\"  target=\"_blank\" rel=\"noopener noreferrer\" id='av-masonry-1-item-609' data-av-masonry-item='609' class='av-masonry-entry isotope-item post-609 attachment type-attachment status-inherit hentry  av-masonry-item-with-image' title=\"Pracovn\u00ed se\u0161it 1. d\u00edl\" alt=\"\"  data-av-masonry-custom-link=\"https:\/\/issuu.com\/klett2\/docs\/tdne_pracovni_sesit1_ukazka_lekce\"  itemprop=\"thumbnailUrl\" ><div class='av-inner-masonry-sizer'><\/div><figure class='av-inner-masonry main_color'><div class=\"av-masonry-outerimage-container\"><div class='av-masonry-image-container'  ><img decoding=\"async\" width=\"497\" height=\"705\" fetchpriority=\"high\" class=\"wp-image-609 avia-img-lazy-loading-not-609\"  src=\"https:\/\/klett.cz\/team-deutsch\/wp-content\/uploads\/2-2.png\" title=\"Pracovn\u00ed se\u0161it 1. d\u00edl\" alt=\"\" srcset=\"https:\/\/klett.cz\/team-deutsch\/wp-content\/uploads\/2-2.png 497w, https:\/\/klett.cz\/team-deutsch\/wp-content\/uploads\/2-2-211x300.png 211w\" sizes=\"(max-width: 497px) 100vw, 497px\" \/><\/div><\/div><figcaption class='av-inner-masonry-content site-background'><div class='av-inner-masonry-content-pos'><div class='av-inner-masonry-content-pos-content'><div class='avia-arrow'><\/div><h3 class='av-masonry-entry-title entry-title '  itemprop=\"headline\" >Pracovn\u00ed se\u0161it 1. d\u00edl<\/h3><\/div><\/div><\/figcaption><\/figure><\/a><!--end av-masonry entry--><a href=\"https:\/\/issuu.com\/klett2\/docs\/tdneu_pracovni_sesit2_ukazka_lekce\"  aria-label=\"image Pracovn\u00ed se\u0161it 2. d\u00edl\"  target=\"_blank\" rel=\"noopener noreferrer\" id='av-masonry-1-item-610' data-av-masonry-item='610' class='av-masonry-entry isotope-item post-610 attachment type-attachment status-inherit hentry  av-masonry-item-with-image' title=\"Pracovn\u00ed se\u0161it 2. d\u00edl\" alt=\"\"  data-av-masonry-custom-link=\"https:\/\/issuu.com\/klett2\/docs\/tdneu_pracovni_sesit2_ukazka_lekce\"  itemprop=\"thumbnailUrl\" ><div class='av-inner-masonry-sizer'><\/div><figure class='av-inner-masonry main_color'><div class=\"av-masonry-outerimage-container\"><div class='av-masonry-image-container'  ><img decoding=\"async\" width=\"497\" height=\"705\" fetchpriority=\"high\" class=\"wp-image-610 avia-img-lazy-loading-not-610\"  src=\"https:\/\/klett.cz\/team-deutsch\/wp-content\/uploads\/3-2.png\" title=\"Pracovn\u00ed se\u0161it 2. d\u00edl\" alt=\"\" srcset=\"https:\/\/klett.cz\/team-deutsch\/wp-content\/uploads\/3-2.png 497w, https:\/\/klett.cz\/team-deutsch\/wp-content\/uploads\/3-2-211x300.png 211w\" sizes=\"(max-width: 497px) 100vw, 497px\" \/><\/div><\/div><figcaption class='av-inner-masonry-content site-background'><div class='av-inner-masonry-content-pos'><div class='av-inner-masonry-content-pos-content'><div class='avia-arrow'><\/div><h3 class='av-masonry-entry-title entry-title '  itemprop=\"headline\" >Pracovn\u00ed se\u0161it 2. d\u00edl<\/h3><\/div><\/div><\/figcaption><\/figure><\/a><!--end av-masonry entry--><\/div><\/div>\n\n<style type=\"text\/css\" data-created_by=\"avia_inline_auto\" id=\"style-css-av-78n7g-b99fd5b1ff19098b7c08b72495017a98\">\n#top .hr.hr-invisible.av-78n7g-b99fd5b1ff19098b7c08b72495017a98{\nheight:80px;\n}\n<\/style>\n<div  class='hr av-78n7g-b99fd5b1ff19098b7c08b72495017a98 hr-invisible  avia-builder-el-4  el_after_av_masonry_gallery  el_before_av_textblock  avia-builder-el-first '><span class='hr-inner '><span class=\"hr-inner-style\"><\/span><\/span><\/div>\n<section  class='av_textblock_section av-6rqhk-530ec7cb43189fe0e95434f8a7a871f1 '   itemscope=\"itemscope\" itemtype=\"https:\/\/schema.org\/CreativeWork\" ><div class='avia_textblock'  itemprop=\"text\" ><h2 style=\"text-align: center;\">Gramatick\u00fd p\u0159ehled Team Deutsch neu<\/h2>\n<\/div><\/section>\n\n<style type=\"text\/css\" data-created_by=\"avia_inline_auto\" id=\"style-css-av-kqapxfj9-3a4392b0e37a8e75fecfe57d612a3c98\">\n.avia-image-container.av-kqapxfj9-3a4392b0e37a8e75fecfe57d612a3c98 img.avia_image{\nbox-shadow:none;\n}\n.avia-image-container.av-kqapxfj9-3a4392b0e37a8e75fecfe57d612a3c98 .av-image-caption-overlay-center{\ncolor:#ffffff;\n}\n<\/style>\n<div  class='avia-image-container av-kqapxfj9-3a4392b0e37a8e75fecfe57d612a3c98 av-styling- av-img-linked avia-align-center  avia-builder-el-6  el_after_av_textblock  el_before_av_hr '   itemprop=\"image\" itemscope=\"itemscope\" itemtype=\"https:\/\/schema.org\/ImageObject\" ><div class=\"avia-image-container-inner\"><div class=\"avia-image-overlay-wrap\"><a href=\"https:\/\/klett.cz\/team-deutsch\/wp-content\/uploads\/TDNEU_GRAMATIKA_A4_harmonika_final_10_6.pdf\" class='avia_image '  target=\"_blank\"  rel=\"noopener noreferrer\" aria-label='Gramaticky prehled_TDneu'><img decoding=\"async\" fetchpriority=\"high\" class='wp-image-612 avia-img-lazy-loading-not-612 avia_image ' src=\"https:\/\/klett.cz\/team-deutsch\/wp-content\/uploads\/Gramaticky-prehled_TDneu-1030x487.png\" alt='' title='Gramaticky prehled_TDneu'  height=\"487\" width=\"1030\"  itemprop=\"thumbnailUrl\" srcset=\"https:\/\/klett.cz\/team-deutsch\/wp-content\/uploads\/Gramaticky-prehled_TDneu-1030x487.png 1030w, https:\/\/klett.cz\/team-deutsch\/wp-content\/uploads\/Gramaticky-prehled_TDneu-300x142.png 300w, https:\/\/klett.cz\/team-deutsch\/wp-content\/uploads\/Gramaticky-prehled_TDneu-768x363.png 768w, https:\/\/klett.cz\/team-deutsch\/wp-content\/uploads\/Gramaticky-prehled_TDneu-705x333.png 705w, https:\/\/klett.cz\/team-deutsch\/wp-content\/uploads\/Gramaticky-prehled_TDneu.png 1178w\" sizes=\"(max-width: 1030px) 100vw, 1030px\" \/><\/a><\/div><\/div><\/div>\n\n<style type=\"text\/css\" data-created_by=\"avia_inline_auto\" id=\"style-css-av-429ow-82901be29f769776e65e69b0dbcae45b\">\n#top .hr.hr-invisible.av-429ow-82901be29f769776e65e69b0dbcae45b{\nheight:80px;\n}\n<\/style>\n<div  class='hr av-429ow-82901be29f769776e65e69b0dbcae45b hr-invisible  avia-builder-el-7  el_after_av_image  el_before_av_textblock '><span class='hr-inner '><span class=\"hr-inner-style\"><\/span><\/span><\/div>\n<section  class='av_textblock_section av-bm8k-80141d2262318051123cf322df3d5802 '   itemscope=\"itemscope\" itemtype=\"https:\/\/schema.org\/CreativeWork\" ><div class='avia_textblock'  itemprop=\"text\" ><h2 style=\"text-align: center;\">Dal\u0161\u00ed materi\u00e1ly k u\u010debn\u00ed sad\u011b<\/h2>\n<\/div><\/section>\n\n<style type=\"text\/css\" data-created_by=\"avia_inline_auto\" id=\"style-css-av-2ipb0-23cba50db109ebb72bcf4ac19052cdb3\">\n#top .av-masonry.av-2ipb0-23cba50db109ebb72bcf4ac19052cdb3{\nbackground-color:#ffffff;\n}\n<\/style>\n<div id='av-masonry-2' class='av-masonry av-2ipb0-23cba50db109ebb72bcf4ac19052cdb3 noHover av-flex-size av-large-gap av-hover-overlay-active av-masonry-animation-active av-masonry-col-flexible av-caption-always av-caption-style- av-masonry-gallery ' data-post_id=\"36\"><div class=\"av-masonry-container isotope av-js-disabled\"><div class='av-masonry-entry isotope-item av-masonry-item-no-image '><\/div><a href=\"https:\/\/klett.cz\/team-deutsch\/wp-content\/uploads\/TDneu_metodika_ukazka.pdf\"  aria-label=\"image Metodick\u00e1 p\u0159\u00edru\u010dka k cel\u00e9 sad\u011b\"  id='av-masonry-2-item-615' data-av-masonry-item='615' class='av-masonry-entry isotope-item post-615 attachment type-attachment status-inherit hentry  av-masonry-item-with-image' title=\"Metodick\u00e1 p\u0159\u00edru\u010dka k cel\u00e9 sad\u011b\" alt=\"\"  data-av-masonry-custom-link=\"https:\/\/klett.cz\/team-deutsch\/wp-content\/uploads\/TDneu_metodika_ukazka.pdf\"  itemprop=\"thumbnailUrl\" ><div class='av-inner-masonry-sizer'><\/div><figure class='av-inner-masonry main_color'><div class=\"av-masonry-outerimage-container\"><div class='av-masonry-image-container'  ><img decoding=\"async\" width=\"497\" height=\"705\" fetchpriority=\"high\" class=\"wp-image-615 avia-img-lazy-loading-not-615\"  src=\"https:\/\/klett.cz\/team-deutsch\/wp-content\/uploads\/4-1.png\" title=\"Metodick\u00e1 p\u0159\u00edru\u010dka k cel\u00e9 sad\u011b\" alt=\"\" srcset=\"https:\/\/klett.cz\/team-deutsch\/wp-content\/uploads\/4-1.png 497w, https:\/\/klett.cz\/team-deutsch\/wp-content\/uploads\/4-1-211x300.png 211w\" sizes=\"(max-width: 497px) 100vw, 497px\" \/><\/div><\/div><figcaption class='av-inner-masonry-content site-background'><div class='av-inner-masonry-content-pos'><div class='av-inner-masonry-content-pos-content'><div class='avia-arrow'><\/div><h3 class='av-masonry-entry-title entry-title '  itemprop=\"headline\" >Metodick\u00e1 p\u0159\u00edru\u010dka k cel\u00e9 sad\u011b<\/h3><\/div><\/div><\/figcaption><\/figure><\/a><!--end av-masonry entry--><a href=\"https:\/\/klett.cz\/team-deutsch\/wp-content\/uploads\/SVP_Team_Deutsch_neu_1.docx\"  aria-label=\"image \u0160VP k Team Deutsch neu\"  id='av-masonry-2-item-616' data-av-masonry-item='616' class='av-masonry-entry isotope-item post-616 attachment type-attachment status-inherit hentry  av-masonry-item-with-image' title=\"\u0160VP k Team Deutsch neu\" alt=\"\"  data-av-masonry-custom-link=\"https:\/\/klett.cz\/team-deutsch\/wp-content\/uploads\/SVP_Team_Deutsch_neu_1.docx\"  itemprop=\"thumbnailUrl\" ><div class='av-inner-masonry-sizer'><\/div><figure class='av-inner-masonry main_color'><div class=\"av-masonry-outerimage-container\"><div class='av-masonry-image-container'  ><img decoding=\"async\" width=\"497\" height=\"705\" fetchpriority=\"high\" class=\"wp-image-616 avia-img-lazy-loading-not-616\"  src=\"https:\/\/klett.cz\/team-deutsch\/wp-content\/uploads\/TDneu-obalky-na-web.png\" title=\"\u0160VP k Team Deutsch neu\" alt=\"\" srcset=\"https:\/\/klett.cz\/team-deutsch\/wp-content\/uploads\/TDneu-obalky-na-web.png 497w, https:\/\/klett.cz\/team-deutsch\/wp-content\/uploads\/TDneu-obalky-na-web-211x300.png 211w\" sizes=\"(max-width: 497px) 100vw, 497px\" \/><\/div><\/div><figcaption class='av-inner-masonry-content site-background'><div class='av-inner-masonry-content-pos'><div class='av-inner-masonry-content-pos-content'><div class='avia-arrow'><\/div><h3 class='av-masonry-entry-title entry-title '  itemprop=\"headline\" >\u0160VP k Team Deutsch neu<\/h3><\/div><\/div><\/figcaption><\/figure><\/a><!--end av-masonry entry--><a href=\"https:\/\/klett.cz\/team-deutsch\/wp-content\/uploads\/TDneu_ukazka-testu.pdf\"  aria-label=\"image Uk\u00e1zka z test\u016f\"  id='av-masonry-2-item-648' data-av-masonry-item='648' class='av-masonry-entry isotope-item post-648 attachment type-attachment status-inherit hentry  av-masonry-item-with-image' title=\"Uk\u00e1zka z test\u016f\" alt=\"\"  data-av-masonry-custom-link=\"https:\/\/klett.cz\/team-deutsch\/wp-content\/uploads\/TDneu_ukazka-testu.pdf\"  itemprop=\"thumbnailUrl\" ><div class='av-inner-masonry-sizer'><\/div><figure class='av-inner-masonry main_color'><div class=\"av-masonry-outerimage-container\"><div class='av-masonry-image-container'  ><img decoding=\"async\" width=\"497\" height=\"705\" fetchpriority=\"high\" class=\"wp-image-648 avia-img-lazy-loading-not-648\"  src=\"https:\/\/klett.cz\/team-deutsch\/wp-content\/uploads\/6-2.png\" title=\"Uk\u00e1zka z test\u016f\" alt=\"\" srcset=\"https:\/\/klett.cz\/team-deutsch\/wp-content\/uploads\/6-2.png 497w, https:\/\/klett.cz\/team-deutsch\/wp-content\/uploads\/6-2-211x300.png 211w\" sizes=\"(max-width: 497px) 100vw, 497px\" \/><\/div><\/div><figcaption class='av-inner-masonry-content site-background'><div class='av-inner-masonry-content-pos'><div class='av-inner-masonry-content-pos-content'><div class='avia-arrow'><\/div><h3 class='av-masonry-entry-title entry-title '  itemprop=\"headline\" >Uk\u00e1zka z test\u016f<\/h3><\/div><\/div><\/figcaption><\/figure><\/a><!--end av-masonry entry--><\/div><\/div>\n\n<style type=\"text\/css\" data-created_by=\"avia_inline_auto\" id=\"style-css-av-429ow-82901be29f769776e65e69b0dbcae45b\">\n#top .hr.hr-invisible.av-429ow-82901be29f769776e65e69b0dbcae45b{\nheight:80px;\n}\n<\/style>\n<div  class='hr av-429ow-82901be29f769776e65e69b0dbcae45b hr-invisible  avia-builder-el-10  el_after_av_masonry_gallery  el_before_av_hr  avia-builder-el-first '><span class='hr-inner '><span class=\"hr-inner-style\"><\/span><\/span><\/div>\n\n<style type=\"text\/css\" data-created_by=\"avia_inline_auto\" id=\"style-css-av-429ow-82901be29f769776e65e69b0dbcae45b\">\n#top .hr.hr-invisible.av-429ow-82901be29f769776e65e69b0dbcae45b{\nheight:80px;\n}\n<\/style>\n<div  class='hr av-429ow-82901be29f769776e65e69b0dbcae45b hr-invisible  avia-builder-el-11  el_after_av_hr  el_before_av_textblock '><span class='hr-inner '><span class=\"hr-inner-style\"><\/span><\/span><\/div>\n<section  class='av_textblock_section av-bm8k-80141d2262318051123cf322df3d5802 '   itemscope=\"itemscope\" itemtype=\"https:\/\/schema.org\/CreativeWork\" ><div class='avia_textblock'  itemprop=\"text\" ><h2 style=\"text-align: center;\">Uk\u00e1zka poslech\u016f z Team Deutsch neu<\/h2>\n<\/div><\/section>\n\n<style type=\"text\/css\" data-created_by=\"avia_inline_auto\" id=\"style-css-av-2ipb0-dc04ddd4ab5083ac456c6b9220e751ad\">\n#top .av-masonry.av-2ipb0-dc04ddd4ab5083ac456c6b9220e751ad{\nbackground-color:#ffffff;\n}\n<\/style>\n<div id='av-masonry-3' class='av-masonry av-2ipb0-dc04ddd4ab5083ac456c6b9220e751ad noHover av-flex-size av-large-gap av-hover-overlay-active av-masonry-animation-active av-masonry-col-flexible av-caption-always av-caption-style- av-masonry-gallery ' data-post_id=\"36\"><div class=\"av-masonry-container isotope av-js-disabled\"><div class='av-masonry-entry isotope-item av-masonry-item-no-image '><\/div><a href=\"https:\/\/klett.cz\/team-deutsch\/wp-content\/uploads\/105_KB.mp3\"  aria-label=\"image Uk\u00e1zka poslechu\"  id='av-masonry-3-item-639' data-av-masonry-item='639' class='av-masonry-entry isotope-item post-639 attachment type-attachment status-inherit hentry  av-masonry-item-with-image' title=\"Uk\u00e1zka poslechu\" alt=\"\"  data-av-masonry-custom-link=\"https:\/\/klett.cz\/team-deutsch\/wp-content\/uploads\/105_KB.mp3\"  itemprop=\"thumbnailUrl\" ><div class='av-inner-masonry-sizer'><\/div><figure class='av-inner-masonry main_color'><div class=\"av-masonry-outerimage-container\"><div class='av-masonry-image-container'  ><img decoding=\"async\" width=\"705\" height=\"497\" fetchpriority=\"high\" class=\"wp-image-639 avia-img-lazy-loading-not-639\"  src=\"https:\/\/klett.cz\/team-deutsch\/wp-content\/uploads\/TDneu_poslech1.png\" title=\"Uk\u00e1zka poslechu\" alt=\"\" srcset=\"https:\/\/klett.cz\/team-deutsch\/wp-content\/uploads\/TDneu_poslech1.png 705w, https:\/\/klett.cz\/team-deutsch\/wp-content\/uploads\/TDneu_poslech1-300x211.png 300w\" sizes=\"(max-width: 705px) 100vw, 705px\" \/><\/div><\/div><figcaption class='av-inner-masonry-content site-background'><div class='av-inner-masonry-content-pos'><div class='av-inner-masonry-content-pos-content'><div class='avia-arrow'><\/div><h3 class='av-masonry-entry-title entry-title '  itemprop=\"headline\" >Uk\u00e1zka poslechu<\/h3><\/div><\/div><\/figcaption><\/figure><\/a><!--end av-masonry entry--><a href=\"https:\/\/klett.cz\/team-deutsch\/wp-content\/uploads\/088_AB.mp3\"  aria-label=\"image Uk\u00e1zka poslechu\"  id='av-masonry-3-item-640' data-av-masonry-item='640' class='av-masonry-entry isotope-item post-640 attachment type-attachment status-inherit hentry  av-masonry-item-with-image' title=\"Uk\u00e1zka poslechu\" alt=\"\"  data-av-masonry-custom-link=\"https:\/\/klett.cz\/team-deutsch\/wp-content\/uploads\/088_AB.mp3\"  itemprop=\"thumbnailUrl\" ><div class='av-inner-masonry-sizer'><\/div><figure class='av-inner-masonry main_color'><div class=\"av-masonry-outerimage-container\"><div class='av-masonry-image-container'  ><img decoding=\"async\" width=\"705\" height=\"497\" fetchpriority=\"high\" class=\"wp-image-640 avia-img-lazy-loading-not-640\"  src=\"https:\/\/klett.cz\/team-deutsch\/wp-content\/uploads\/TDneu_poslech2.png\" title=\"Uk\u00e1zka poslechu\" alt=\"\" srcset=\"https:\/\/klett.cz\/team-deutsch\/wp-content\/uploads\/TDneu_poslech2.png 705w, https:\/\/klett.cz\/team-deutsch\/wp-content\/uploads\/TDneu_poslech2-300x211.png 300w\" sizes=\"(max-width: 705px) 100vw, 705px\" \/><\/div><\/div><figcaption class='av-inner-masonry-content site-background'><div class='av-inner-masonry-content-pos'><div class='av-inner-masonry-content-pos-content'><div class='avia-arrow'><\/div><h3 class='av-masonry-entry-title entry-title '  itemprop=\"headline\" >Uk\u00e1zka poslechu<\/h3><\/div><\/div><\/figcaption><\/figure><\/a><!--end av-masonry entry--><a href=\"https:\/\/klett.cz\/team-deutsch\/wp-content\/uploads\/072_KB.mp3\"  aria-label=\"image Uk\u00e1zka poslechu\"  id='av-masonry-3-item-641' data-av-masonry-item='641' class='av-masonry-entry isotope-item post-641 attachment type-attachment status-inherit hentry  av-masonry-item-with-image' title=\"Uk\u00e1zka poslechu\" alt=\"\"  data-av-masonry-custom-link=\"https:\/\/klett.cz\/team-deutsch\/wp-content\/uploads\/072_KB.mp3\"  itemprop=\"thumbnailUrl\" ><div class='av-inner-masonry-sizer'><\/div><figure class='av-inner-masonry main_color'><div class=\"av-masonry-outerimage-container\"><div class='av-masonry-image-container'  ><img decoding=\"async\" width=\"705\" height=\"497\" fetchpriority=\"high\" class=\"wp-image-641 avia-img-lazy-loading-not-641\"  src=\"https:\/\/klett.cz\/team-deutsch\/wp-content\/uploads\/TDneu_poslech3.png\" title=\"Uk\u00e1zka poslechu\" alt=\"\" srcset=\"https:\/\/klett.cz\/team-deutsch\/wp-content\/uploads\/TDneu_poslech3.png 705w, https:\/\/klett.cz\/team-deutsch\/wp-content\/uploads\/TDneu_poslech3-300x211.png 300w\" sizes=\"(max-width: 705px) 100vw, 705px\" \/><\/div><\/div><figcaption class='av-inner-masonry-content site-background'><div class='av-inner-masonry-content-pos'><div class='av-inner-masonry-content-pos-content'><div class='avia-arrow'><\/div><h3 class='av-masonry-entry-title entry-title '  itemprop=\"headline\" >Uk\u00e1zka poslechu<\/h3><\/div><\/div><\/figcaption><\/figure><\/a><!--end av-masonry entry--><\/div><\/div>\n","protected":false},"excerpt":{"rendered":"","protected":false},"author":2,"featured_media":0,"parent":0,"menu_order":0,"comment_status":"closed","ping_status":"closed","template":"","meta":{"footnotes":""},"class_list":["post-36","page","type-page","status-publish","hentry"],"_links":{"self":[{"href":"https:\/\/klett.cz\/team-deutsch\/wp-json\/wp\/v2\/pages\/36","targetHints":{"allow":["GET"]}}],"collection":[{"href":"https:\/\/klett.cz\/team-deutsch\/wp-json\/wp\/v2\/pages"}],"about":[{"href":"https:\/\/klett.cz\/team-deutsch\/wp-json\/wp\/v2\/types\/page"}],"author":[{"embeddable":true,"href":"https:\/\/klett.cz\/team-deutsch\/wp-json\/wp\/v2\/users\/2"}],"replies":[{"embeddable":true,"href":"https:\/\/klett.cz\/team-deutsch\/wp-json\/wp\/v2\/comments?post=36"}],"version-history":[{"count":46,"href":"https:\/\/klett.cz\/team-deutsch\/wp-json\/wp\/v2\/pages\/36\/revisions"}],"predecessor-version":[{"id":638,"href":"https:\/\/klett.cz\/team-deutsch\/wp-json\/wp\/v2\/pages\/36\/revisions\/638"}],"wp:attachment":[{"href":"https:\/\/klett.cz\/team-deutsch\/wp-json\/wp\/v2\/media?parent=36"}],"curies":[{"name":"wp","href":"https:\/\/api.w.org\/{rel}","templated":true}]}}