{"id":2,"date":"2018-04-25T18:25:53","date_gmt":"2018-04-25T16:25:53","guid":{"rendered":"http:\/\/klett.cz\/maximalinteraktiv\/?page_id=2"},"modified":"2025-05-23T07:30:36","modified_gmt":"2025-05-23T05:30:36","slug":"zkusebni-stranka","status":"publish","type":"page","link":"https:\/\/klett.cz\/team-deutsch\/","title":{"rendered":"Dom\u016f"},"content":{"rendered":"\n<style type=\"text\/css\" data-created_by=\"avia_inline_auto\" id=\"style-css-av-28bq-04d22e03a4e637e3b74e0dffbc8d2580\">\n.avia-image-container.av-28bq-04d22e03a4e637e3b74e0dffbc8d2580 img.avia_image{\nbox-shadow:none;\n}\n.avia-image-container.av-28bq-04d22e03a4e637e3b74e0dffbc8d2580 .av-image-caption-overlay-center{\ncolor:#ffffff;\n}\n<\/style>\n<div  class='avia-image-container av-28bq-04d22e03a4e637e3b74e0dffbc8d2580 av-styling- avia-align-center  avia-builder-el-0  el_before_av_hr  avia-builder-el-first '   itemprop=\"image\" itemscope=\"itemscope\" itemtype=\"https:\/\/schema.org\/ImageObject\" ><div class=\"avia-image-container-inner\"><div class=\"avia-image-overlay-wrap\"><img decoding=\"async\" fetchpriority=\"high\" class='wp-image-667 avia-img-lazy-loading-not-667 avia_image ' src=\"https:\/\/klett.cz\/team-deutsch\/wp-content\/uploads\/1_2_TD_1500x630.jpg\" alt='' title='1_2_TD_1500x630'  height=\"630\" width=\"1500\"  itemprop=\"thumbnailUrl\" srcset=\"https:\/\/klett.cz\/team-deutsch\/wp-content\/uploads\/1_2_TD_1500x630.jpg 1500w, https:\/\/klett.cz\/team-deutsch\/wp-content\/uploads\/1_2_TD_1500x630-300x126.jpg 300w, https:\/\/klett.cz\/team-deutsch\/wp-content\/uploads\/1_2_TD_1500x630-1030x433.jpg 1030w, https:\/\/klett.cz\/team-deutsch\/wp-content\/uploads\/1_2_TD_1500x630-768x323.jpg 768w, https:\/\/klett.cz\/team-deutsch\/wp-content\/uploads\/1_2_TD_1500x630-705x296.jpg 705w\" sizes=\"(max-width: 1500px) 100vw, 1500px\" \/><\/div><\/div><\/div>\n\n<style type=\"text\/css\" data-created_by=\"avia_inline_auto\" id=\"style-css-av-la06-c76671bd8da5c88572fc1ff7ef703de1\">\n#top .hr.hr-invisible.av-la06-c76671bd8da5c88572fc1ff7ef703de1{\nheight:50px;\n}\n<\/style>\n<div  class='hr av-la06-c76671bd8da5c88572fc1ff7ef703de1 hr-invisible  avia-builder-el-1  el_after_av_image  el_before_av_one_full '><span class='hr-inner '><span class=\"hr-inner-style\"><\/span><\/span><\/div>\n\n<style type=\"text\/css\" data-created_by=\"avia_inline_auto\" id=\"style-css-av-i4ka-40b101598816aca86aef0cc2db0cefab\">\n.flex_column.av-i4ka-40b101598816aca86aef0cc2db0cefab{\nborder-radius:0px 0px 0px 0px;\npadding:0px 0px 0px 0px;\n}\n<\/style>\n<div  class='flex_column av-i4ka-40b101598816aca86aef0cc2db0cefab av_one_full  avia-builder-el-2  el_after_av_hr  el_before_av_one_full  first flex_column_div av-zero-column-padding  '     ><section  class='av_textblock_section av-gzva-029f2825d57f4d1936c9bac365e3c04a '   itemscope=\"itemscope\" itemtype=\"https:\/\/schema.org\/CreativeWork\" ><div class='avia_textblock'  itemprop=\"text\" ><h1 style=\"text-align: center;\">Team Deutsch neu<\/h1>\n<\/div><\/section><\/div>\n\n<style type=\"text\/css\" data-created_by=\"avia_inline_auto\" id=\"style-css-av-i4ka-40b101598816aca86aef0cc2db0cefab\">\n.flex_column.av-i4ka-40b101598816aca86aef0cc2db0cefab{\nborder-radius:0px 0px 0px 0px;\npadding:0px 0px 0px 0px;\n}\n<\/style>\n<div  class='flex_column av-i4ka-40b101598816aca86aef0cc2db0cefab av_one_full  avia-builder-el-4  el_after_av_one_full  el_before_av_one_full  first flex_column_div av-zero-column-padding  column-top-margin'     ><section  class='av_textblock_section av-gzva-c5ad07ee54efb6146a6242303554eb17 '   itemscope=\"itemscope\" itemtype=\"https:\/\/schema.org\/CreativeWork\" ><div class='avia_textblock'  itemprop=\"text\" ><h2 style=\"text-align: center;\">Jedna u\u010debnice pro v\u00fduku n\u011bm\u010diny na druh\u00e9m stupni z\u00e1kladn\u00edch \u0161kol po celou dobu studia \u2013 pro 7.\u20139. ro\u010dn\u00edk Z\u0160.<\/h2>\n<\/div><\/section><\/div>\n<style type=\"text\/css\" data-created_by=\"avia_inline_auto\" id=\"style-css-av-d3cy-77a8ba1d64b591013cc8933cf2bc0a9c\">\n.flex_column.av-d3cy-77a8ba1d64b591013cc8933cf2bc0a9c{\nborder-radius:0px 0px 0px 0px;\npadding:0px 0px 0px 0px;\n}\n<\/style>\n<div  class='flex_column av-d3cy-77a8ba1d64b591013cc8933cf2bc0a9c av_one_full  avia-builder-el-6  el_after_av_one_full  el_before_av_one_full  first flex_column_div av-zero-column-padding  column-top-margin'     ><section  class='av_textblock_section av-bh22-1186051f3e680f6d532f4d65a1446aa2 '   itemscope=\"itemscope\" itemtype=\"https:\/\/schema.org\/CreativeWork\" ><div class='avia_textblock'  itemprop=\"text\" ><p style=\"text-align: center;\">U\u010debn\u00ed sada Team Deutsch neu je ur\u010dena pro \u017e\u00e1ky 2. stupn\u011b Z\u0160, kte\u0159\u00ed se studiem n\u011bmeck\u00e9ho jazyka za\u010d\u00ednaj\u00ed. Sada m\u00e1 jednu u\u010debnici, kter\u00e1 \u017e\u00e1k\u016fm sta\u010d\u00ed na cel\u00e9 dva roky studia a dva pracovn\u00ed se\u0161ity. Sada byla naps\u00e1na v souladu s po\u017eadavky RVP pro v\u00fduku druh\u00e9ho ciz\u00edho jazyka a zcela vyhovuje variant\u011b v\u00fduky 2\u20133 hodiny t\u00fddn\u011b pro 7.\u20139. t\u0159\u00eddy. Sada \u017e\u00e1ky dovede na jazykovou \u00farove\u0148 A1 dle SERR.<\/p>\n<p style=\"text-align: center;\">Sadu tvo\u0159\u00ed <strong>u\u010debnice<\/strong>, 1. a 2. d\u00edl <strong>barevn\u00e9ho pracovn\u00edho se\u0161itu, <\/strong><strong>vlo\u017een\u00fd <\/strong><strong>gramatick\u00fd p\u0159ehled <\/strong><strong>probran\u00e9 l\u00e1tky <\/strong><strong>na \u00farovni A1<\/strong>, <strong>metodick\u00e1 p\u0159\u00edru\u010dka <\/strong><strong>a<\/strong><strong> Testy k lekc\u00edm<\/strong>.<\/p>\n<p style=\"text-align: center;\">U\u010debnice a pracovn\u00ed se\u0161ity Team Deutsch neu byly schv\u00e1leny Ministerstvem \u0161kolstv\u00ed, ml\u00e1de\u017ee a t\u011blov\u00fdchovy.<\/p>\n<\/div><\/section><\/div>\n<style type=\"text\/css\" data-created_by=\"avia_inline_auto\" id=\"style-css-av-90lw-0caa92404c8333e5db8f3029f7ee6920\">\n.flex_column.av-90lw-0caa92404c8333e5db8f3029f7ee6920{\nborder-radius:0px 0px 0px 0px;\npadding:0px 0px 0px 0px;\n}\n<\/style>\n<div  class='flex_column av-90lw-0caa92404c8333e5db8f3029f7ee6920 av_one_full  avia-builder-el-8  el_after_av_one_full  el_before_av_one_full  first flex_column_div av-zero-column-padding  column-top-margin'     ><div  class='avia-button-wrap av-6vfk-6a0340538c3c58dccbfbafd189746a1e-wrap avia-button-center  avia-builder-el-9  avia-builder-el-no-sibling '><a href='https:\/\/www.iklett.cz\/info.php?id=177114'  class='avia-button av-6vfk-6a0340538c3c58dccbfbafd189746a1e av-link-btn avia-icon_select-yes-left-icon avia-size-x-large avia-position-center avia-color-theme-color'  target=\"_blank\"  rel=\"noopener noreferrer\"  aria-label=\"Prohl\u00e9dnout elektronickou u\u010debnici Team Deutsch neu\"><span class='avia_button_icon avia_button_icon_left avia-iconfont avia-font-entypo-fontello' data-av_icon='\ue803' data-av_iconfont='entypo-fontello' ><\/span><span class='avia_iconbox_title' >Prohl\u00e9dnout elektronickou u\u010debnici Team Deutsch neu<\/span><\/a><\/div><\/div><\/p>\n\n<style type=\"text\/css\" data-created_by=\"avia_inline_auto\" id=\"style-css-av-6f4m-a5a0cbc1c106f203fef5684cbed89407\">\n.flex_column.av-6f4m-a5a0cbc1c106f203fef5684cbed89407{\nborder-radius:0px 0px 0px 0px;\npadding:0px 0px 0px 0px;\n}\n<\/style>\n<div  class='flex_column av-6f4m-a5a0cbc1c106f203fef5684cbed89407 av_one_full  avia-builder-el-10  el_after_av_one_full  avia-builder-el-last  first flex_column_div av-zero-column-padding  column-top-margin'     ><style type=\"text\/css\" data-created_by=\"avia_inline_auto\" id=\"style-css-av-3cys-ff20f512543464fa86e3ac232869c44f\">\n.avia-image-container.av-3cys-ff20f512543464fa86e3ac232869c44f img.avia_image{\nbox-shadow:none;\n}\n.avia-image-container.av-3cys-ff20f512543464fa86e3ac232869c44f .av-image-caption-overlay-center{\ncolor:#ffffff;\n}\n<\/style>\n<div  class='avia-image-container av-3cys-ff20f512543464fa86e3ac232869c44f av-styling- avia-align-center  avia-builder-el-11  avia-builder-el-no-sibling '   itemprop=\"image\" itemscope=\"itemscope\" itemtype=\"https:\/\/schema.org\/ImageObject\" ><div class=\"avia-image-container-inner\"><div class=\"avia-image-overlay-wrap\"><img decoding=\"async\" fetchpriority=\"high\" class='wp-image-668 avia-img-lazy-loading-not-668 avia_image ' src=\"https:\/\/klett.cz\/team-deutsch\/wp-content\/uploads\/2_TD_1500x630_10_duvodu_proc.png\" alt='' title='2_TD_1500x630_10_duvodu_proc'  height=\"630\" width=\"1500\"  itemprop=\"thumbnailUrl\" srcset=\"https:\/\/klett.cz\/team-deutsch\/wp-content\/uploads\/2_TD_1500x630_10_duvodu_proc.png 1500w, https:\/\/klett.cz\/team-deutsch\/wp-content\/uploads\/2_TD_1500x630_10_duvodu_proc-300x126.png 300w, https:\/\/klett.cz\/team-deutsch\/wp-content\/uploads\/2_TD_1500x630_10_duvodu_proc-1030x433.png 1030w, https:\/\/klett.cz\/team-deutsch\/wp-content\/uploads\/2_TD_1500x630_10_duvodu_proc-768x323.png 768w, https:\/\/klett.cz\/team-deutsch\/wp-content\/uploads\/2_TD_1500x630_10_duvodu_proc-705x296.png 705w\" sizes=\"(max-width: 1500px) 100vw, 1500px\" \/><\/div><\/div><\/div><\/div>\n","protected":false},"excerpt":{"rendered":"","protected":false},"author":1,"featured_media":0,"parent":0,"menu_order":0,"comment_status":"closed","ping_status":"open","template":"","meta":{"footnotes":""},"class_list":["post-2","page","type-page","status-publish","hentry"],"_links":{"self":[{"href":"https:\/\/klett.cz\/team-deutsch\/wp-json\/wp\/v2\/pages\/2","targetHints":{"allow":["GET"]}}],"collection":[{"href":"https:\/\/klett.cz\/team-deutsch\/wp-json\/wp\/v2\/pages"}],"about":[{"href":"https:\/\/klett.cz\/team-deutsch\/wp-json\/wp\/v2\/types\/page"}],"author":[{"embeddable":true,"href":"https:\/\/klett.cz\/team-deutsch\/wp-json\/wp\/v2\/users\/1"}],"replies":[{"embeddable":true,"href":"https:\/\/klett.cz\/team-deutsch\/wp-json\/wp\/v2\/comments?post=2"}],"version-history":[{"count":32,"href":"https:\/\/klett.cz\/team-deutsch\/wp-json\/wp\/v2\/pages\/2\/revisions"}],"predecessor-version":[{"id":765,"href":"https:\/\/klett.cz\/team-deutsch\/wp-json\/wp\/v2\/pages\/2\/revisions\/765"}],"wp:attachment":[{"href":"https:\/\/klett.cz\/team-deutsch\/wp-json\/wp\/v2\/media?parent=2"}],"curies":[{"name":"wp","href":"https:\/\/api.w.org\/{rel}","templated":true}]}}