{"id":86,"date":"2018-02-07T16:57:31","date_gmt":"2018-02-07T15:57:31","guid":{"rendered":"http:\/\/klett.cz\/blog\/?page_id=86"},"modified":"2026-05-13T11:16:15","modified_gmt":"2026-05-13T09:16:15","slug":"domu","status":"publish","type":"page","link":"https:\/\/klett.cz\/soutez\/","title":{"rendered":"Dom\u016f"},"content":{"rendered":"\n<style type=\"text\/css\" data-created_by=\"avia_inline_auto\" id=\"style-css-av-slxe-69404df86cc212c5d0a441e12044286c\">\n.flex_column.av-slxe-69404df86cc212c5d0a441e12044286c{\nborder-radius:15px 15px 15px 15px;\n}\n<\/style>\n<div  class='flex_column av-slxe-69404df86cc212c5d0a441e12044286c av_one_full  avia-builder-el-0  el_before_av_one_full  avia-builder-el-first  first flex_column_div  '     ><style type=\"text\/css\" data-created_by=\"avia_inline_auto\" id=\"style-css-av-mfp6iv95-4140c3bbcfb5188b97b01bd83b419932\">\n@keyframes av_boxShadowEffect_av-mfp6iv95-4140c3bbcfb5188b97b01bd83b419932 {\n0%   { box-shadow:  0 0 0 0 #548cad; opacity: 1; }\n100% { box-shadow:  0 0 10px 0 #548cad; opacity: 1; }\n}\n.avia-image-container.av-mfp6iv95-4140c3bbcfb5188b97b01bd83b419932 img.avia_image{\nbox-shadow: 0 0 10px 0 #548cad;\n}\n.avia-image-container.av-mfp6iv95-4140c3bbcfb5188b97b01bd83b419932 .av-image-caption-overlay-center{\ncolor:#ffffff;\n}\n<\/style>\n<div  class='avia-image-container av-mfp6iv95-4140c3bbcfb5188b97b01bd83b419932 av-styling- avia-align-center  avia-builder-el-1  avia-builder-el-no-sibling  av-img-box-shadow av-box-shadow-not-animated'   itemprop=\"image\" itemscope=\"itemscope\" itemtype=\"https:\/\/schema.org\/ImageObject\" ><div class=\"avia-image-container-inner\"><div class=\"avia-image-overlay-wrap\"><img decoding=\"async\" fetchpriority=\"high\" class='wp-image-6783 avia-img-lazy-loading-not-6783 avia_image shadow-not-animated' src=\"https:\/\/klett.cz\/soutez\/wp-content\/uploads\/divici-chcete-pilotovat-7.png\" alt='' title='divici chcete pilotovat (7)'  height=\"478\" width=\"1920\"  itemprop=\"thumbnailUrl\" srcset=\"https:\/\/klett.cz\/soutez\/wp-content\/uploads\/divici-chcete-pilotovat-7.png 1920w, https:\/\/klett.cz\/soutez\/wp-content\/uploads\/divici-chcete-pilotovat-7-300x75.png 300w, https:\/\/klett.cz\/soutez\/wp-content\/uploads\/divici-chcete-pilotovat-7-1030x256.png 1030w, https:\/\/klett.cz\/soutez\/wp-content\/uploads\/divici-chcete-pilotovat-7-768x191.png 768w, https:\/\/klett.cz\/soutez\/wp-content\/uploads\/divici-chcete-pilotovat-7-1536x382.png 1536w, https:\/\/klett.cz\/soutez\/wp-content\/uploads\/divici-chcete-pilotovat-7-1500x373.png 1500w, https:\/\/klett.cz\/soutez\/wp-content\/uploads\/divici-chcete-pilotovat-7-705x176.png 705w\" sizes=\"(max-width: 1920px) 100vw, 1920px\" \/><\/div><\/div><\/div><\/div>\n<div  class='flex_column av-10d8y-802dd91be8326b17e8921fa5675ff2d9 av_one_full  avia-builder-el-2  el_after_av_one_full  el_before_av_one_fourth  first flex_column_div  column-top-margin'     ><section  class='av_textblock_section av-m60rzzde-8aee143008d01f053c0e6bb2f148840e '   itemscope=\"itemscope\" itemtype=\"https:\/\/schema.org\/CreativeWork\" ><div class='avia_textblock'  itemprop=\"text\" ><p style=\"text-align: center;\">P\u0159ipravili jsme pro v\u00e1s a va\u0161e \u017e\u00e1ky pestr\u00e9 sout\u011b\u017ee, kter\u00e9 inspiruj\u00ed, vzd\u011bl\u00e1vaj\u00ed a p\u0159in\u00e1\u0161ej\u00ed radost z objevov\u00e1n\u00ed.<br \/>\nA\u0165 u\u017e jste u\u010ditel n\u011bm\u010diny, angli\u010dtiny, nebo pracujete s d\u011btmi na prvn\u00edm stupni, najdete zde v\u00fdzvy \u0161it\u00e9 na m\u00edru pr\u00e1v\u011b v\u00e1m.<\/p>\n<p style=\"text-align: center;\">Vyberte si sout\u011b\u017e, zjist\u011bte podm\u00ednky \u00fa\u010dasti a objevte skv\u011bl\u00e9 ceny, kter\u00e9 na v\u00e1s \u010dekaj\u00ed.<br \/>\nSpole\u010dn\u011b s va\u0161imi \u017e\u00e1ky se m\u016f\u017eete pono\u0159it do u\u010den\u00ed a z\u00e1bavy, kter\u00e9 v\u00e1s je\u0161t\u011b v\u00edce propoj\u00ed.<\/p>\n<p style=\"text-align: center;\">Klikn\u011bte na sout\u011b\u017e, kter\u00e1 v\u00e1s zaj\u00edm\u00e1, a zapojte se je\u0161t\u011b dnes!<\/p>\n<\/div><\/section><\/div>\n<div  class='flex_column av-2ytz6-d42f84838b413881d9d05fd1ffade000 av_one_fourth  avia-builder-el-4  el_after_av_one_full  el_before_av_one_fourth  first flex_column_div  column-top-margin'     ><style type=\"text\/css\" data-created_by=\"avia_inline_auto\" id=\"style-css-av-m60stjud-fc8f8dc2d47a79c687f6eeaf436d2759\">\n.avia-image-container.av-m60stjud-fc8f8dc2d47a79c687f6eeaf436d2759 img.avia_image{\nbox-shadow:none;\n}\n.avia-image-container.av-m60stjud-fc8f8dc2d47a79c687f6eeaf436d2759 .av-image-caption-overlay-center{\ncolor:#ffffff;\n}\n<\/style>\n<div  class='avia-image-container av-m60stjud-fc8f8dc2d47a79c687f6eeaf436d2759 av-styling- av-img-linked avia-align-center  avia-builder-el-5  avia-builder-el-no-sibling '   itemprop=\"image\" itemscope=\"itemscope\" itemtype=\"https:\/\/schema.org\/ImageObject\" ><div class=\"avia-image-container-inner\"><div class=\"avia-image-overlay-wrap\"><a href=\"https:\/\/klett.cz\/soutez\/domecek-pro-elu-a-tea\/\" class='avia_image '  aria-label='PRVN\u00cd STUPE\u0147'><img decoding=\"async\" fetchpriority=\"high\" class='wp-image-6195 avia-img-lazy-loading-not-6195 avia_image ' src=\"https:\/\/klett.cz\/soutez\/wp-content\/uploads\/PRVNI-STUPEN.png\" alt='' title='PRVN\u00cd STUPE\u0147'  height=\"300\" width=\"300\"  itemprop=\"thumbnailUrl\" srcset=\"https:\/\/klett.cz\/soutez\/wp-content\/uploads\/PRVNI-STUPEN.png 300w, https:\/\/klett.cz\/soutez\/wp-content\/uploads\/PRVNI-STUPEN-80x80.png 80w, https:\/\/klett.cz\/soutez\/wp-content\/uploads\/PRVNI-STUPEN-36x36.png 36w, https:\/\/klett.cz\/soutez\/wp-content\/uploads\/PRVNI-STUPEN-180x180.png 180w\" sizes=\"(max-width: 300px) 100vw, 300px\" \/><\/a><\/div><\/div><\/div><\/div>\n<div  class='flex_column av-1qtsm-4617ad7c7b9ff3d268891ab15e4df987 av_one_fourth  avia-builder-el-6  el_after_av_one_fourth  el_before_av_one_fourth  flex_column_div  column-top-margin'     ><style type=\"text\/css\" data-created_by=\"avia_inline_auto\" id=\"style-css-av-m60sulub-58b74d790b04ae3efd2d965a108c2b15\">\n.avia-image-container.av-m60sulub-58b74d790b04ae3efd2d965a108c2b15 img.avia_image{\nbox-shadow:none;\n}\n.avia-image-container.av-m60sulub-58b74d790b04ae3efd2d965a108c2b15 .av-image-caption-overlay-center{\ncolor:#ffffff;\n}\n<\/style>\n<div  class='avia-image-container av-m60sulub-58b74d790b04ae3efd2d965a108c2b15 av-styling- av-img-linked avia-align-center  avia-builder-el-7  avia-builder-el-no-sibling '   itemprop=\"image\" itemscope=\"itemscope\" itemtype=\"https:\/\/schema.org\/ImageObject\" ><div class=\"avia-image-container-inner\"><div class=\"avia-image-overlay-wrap\"><a href=\"https:\/\/klett.cz\/soutez\/kouzelny-les\/\" class='avia_image '  aria-label='Sout\u011b\u017ee \u010dtvercov\u00e9 bannery (2)'><img decoding=\"async\" fetchpriority=\"high\" class='wp-image-6217 avia-img-lazy-loading-not-6217 avia_image ' src=\"https:\/\/klett.cz\/soutez\/wp-content\/uploads\/Souteze-ctvercove-bannery-2.png\" alt='' title='Sout\u011b\u017ee \u010dtvercov\u00e9 bannery (2)'  height=\"300\" width=\"300\"  itemprop=\"thumbnailUrl\" srcset=\"https:\/\/klett.cz\/soutez\/wp-content\/uploads\/Souteze-ctvercove-bannery-2.png 300w, https:\/\/klett.cz\/soutez\/wp-content\/uploads\/Souteze-ctvercove-bannery-2-80x80.png 80w, https:\/\/klett.cz\/soutez\/wp-content\/uploads\/Souteze-ctvercove-bannery-2-36x36.png 36w, https:\/\/klett.cz\/soutez\/wp-content\/uploads\/Souteze-ctvercove-bannery-2-180x180.png 180w\" sizes=\"(max-width: 300px) 100vw, 300px\" \/><\/a><\/div><\/div><\/div><\/div>\n<div  class='flex_column av-271a6-e856210c7a68e9ab8eb962d921c83c35 av_one_fourth  avia-builder-el-8  el_after_av_one_fourth  el_before_av_one_fourth  flex_column_div  column-top-margin'     ><style type=\"text\/css\" data-created_by=\"avia_inline_auto\" id=\"style-css-av-m60stzvn-4741ecfdee15c41f88a112eb2c1ce26e\">\n.avia-image-container.av-m60stzvn-4741ecfdee15c41f88a112eb2c1ce26e img.avia_image{\nbox-shadow:none;\n}\n.avia-image-container.av-m60stzvn-4741ecfdee15c41f88a112eb2c1ce26e .av-image-caption-overlay-center{\ncolor:#ffffff;\n}\n<\/style>\n<div  class='avia-image-container av-m60stzvn-4741ecfdee15c41f88a112eb2c1ce26e av-styling- av-img-linked avia-align-center  avia-builder-el-9  avia-builder-el-no-sibling '   itemprop=\"image\" itemscope=\"itemscope\" itemtype=\"https:\/\/schema.org\/ImageObject\" ><div class=\"avia-image-container-inner\"><div class=\"avia-image-overlay-wrap\"><a href=\"https:\/\/klett.cz\/soutez\/dach-leto\/\" class='avia_image '  aria-label='N\u011aM\u010cINA'><img decoding=\"async\" fetchpriority=\"high\" class='wp-image-6218 avia-img-lazy-loading-not-6218 avia_image ' src=\"https:\/\/klett.cz\/soutez\/wp-content\/uploads\/NEMCINA-1.png\" alt='' title='N\u011aM\u010cINA'  height=\"300\" width=\"300\"  itemprop=\"thumbnailUrl\" srcset=\"https:\/\/klett.cz\/soutez\/wp-content\/uploads\/NEMCINA-1.png 300w, https:\/\/klett.cz\/soutez\/wp-content\/uploads\/NEMCINA-1-80x80.png 80w, https:\/\/klett.cz\/soutez\/wp-content\/uploads\/NEMCINA-1-36x36.png 36w, https:\/\/klett.cz\/soutez\/wp-content\/uploads\/NEMCINA-1-180x180.png 180w\" sizes=\"(max-width: 300px) 100vw, 300px\" \/><\/a><\/div><\/div><\/div><\/div>\n<div  class='flex_column av-picq-fe49e5ee02cb8daaac5e5fb385a71bca av_one_fourth  avia-builder-el-10  el_after_av_one_fourth  el_before_av_hr  flex_column_div  column-top-margin'     ><style type=\"text\/css\" data-created_by=\"avia_inline_auto\" id=\"style-css-av-mi65v01i-d0abd215c515e8a9b8a97bacb547d6d6\">\n.avia-image-container.av-mi65v01i-d0abd215c515e8a9b8a97bacb547d6d6 img.avia_image{\nbox-shadow:none;\n}\n.avia-image-container.av-mi65v01i-d0abd215c515e8a9b8a97bacb547d6d6 .av-image-caption-overlay-center{\ncolor:#ffffff;\n}\n<\/style>\n<div  class='avia-image-container av-mi65v01i-d0abd215c515e8a9b8a97bacb547d6d6 av-styling- av-img-linked avia-align-center  avia-builder-el-11  avia-builder-el-no-sibling '   itemprop=\"image\" itemscope=\"itemscope\" itemtype=\"https:\/\/schema.org\/ImageObject\" ><div class=\"avia-image-container-inner\"><div class=\"avia-image-overlay-wrap\"><a href=\"https:\/\/klett.cz\/soutez\/dach-leto\/\" class='avia_image '  aria-label='Sout\u011b\u017ee \u010dtvercov\u00e9 bannery (4)'><img decoding=\"async\" fetchpriority=\"high\" class='wp-image-7015 avia-img-lazy-loading-not-7015 avia_image ' src=\"https:\/\/klett.cz\/soutez\/wp-content\/uploads\/Souteze-ctvercove-bannery-4.png\" alt='' title='Sout\u011b\u017ee \u010dtvercov\u00e9 bannery (4)'  height=\"300\" width=\"300\"  itemprop=\"thumbnailUrl\" srcset=\"https:\/\/klett.cz\/soutez\/wp-content\/uploads\/Souteze-ctvercove-bannery-4.png 300w, https:\/\/klett.cz\/soutez\/wp-content\/uploads\/Souteze-ctvercove-bannery-4-80x80.png 80w, https:\/\/klett.cz\/soutez\/wp-content\/uploads\/Souteze-ctvercove-bannery-4-36x36.png 36w, https:\/\/klett.cz\/soutez\/wp-content\/uploads\/Souteze-ctvercove-bannery-4-180x180.png 180w\" sizes=\"(max-width: 300px) 100vw, 300px\" \/><\/a><\/div><\/div><\/div><\/div>\n\n<style type=\"text\/css\" data-created_by=\"avia_inline_auto\" id=\"style-css-av-m655dmzt-d8162689593e22539389649f1cef47f5\">\n#top .hr.av-m655dmzt-d8162689593e22539389649f1cef47f5{\nmargin-top:30px;\nmargin-bottom:30px;\n}\n.hr.av-m655dmzt-d8162689593e22539389649f1cef47f5 .hr-inner{\nwidth:980;\nborder-color:#f2ab02;\nmax-width:45%;\n}\n<\/style>\n<div  class='hr av-m655dmzt-d8162689593e22539389649f1cef47f5 hr-custom  avia-builder-el-12  el_after_av_one_fourth  el_before_av_one_full  hr-center hr-icon-yes'><span class='hr-inner inner-border-av-border-thin'><span class=\"hr-inner-style\"><\/span><\/span><span class='av-seperator-icon' aria-hidden='true' data-av_icon='\ue806' data-av_iconfont='entypo-fontello'><\/span><span class='hr-inner inner-border-av-border-thin'><span class=\"hr-inner-style\"><\/span><\/span><\/div>\n\n<style type=\"text\/css\" data-created_by=\"avia_inline_auto\" id=\"style-css-av-15eym-8b6b988c7b7df13c5add65739e2fc7af\">\n.flex_column.av-15eym-8b6b988c7b7df13c5add65739e2fc7af{\nborder-width:1px;\nborder-color:#00628a;\nborder-style:solid;\nborder-radius:15px 15px 15px 15px;\npadding:25px 25px 25px 25px;\n}\n<\/style>\n<div  class='flex_column av-15eym-8b6b988c7b7df13c5add65739e2fc7af av_one_full  avia-builder-el-13  el_after_av_hr  avia-builder-el-last  first flex_column_div  '     ><form action=\"https:\/\/klett.cz\/soutez\/\" method=\"post\" data-fields-with-error=\"Found errors in the following field(s):\" class=\"avia_ajax_form av-form-labels-visible   avia-builder-el-14  avia-builder-el-no-sibling   \" data-avia-form-id=\"1\" data-avia-redirect=''  aria-label='Kontaktn\u00ed formul\u00e1\u0159' ><h1 class=''>Sta\u0148te se sou\u010d\u00e1st\u00ed komunity<\/h1><fieldset><h3 id='element_avia_1_1' class=' first_form  form_element form_fullwidth av-form-headline '>R\u00e1di bychom V\u00e1m v nepravideln\u00fdch intervalech e-mailem nebo telefonicky p\u0159ed\u00e1vali informace o: <\/h3><div id='avia_2_1' class='av-form-text'><\/p>\n<p class=\"font_8 wixui-rich-text__text\"><span class=\"wixui-rich-text__text\">R\u00e1di bychom V\u00e1m v nepravideln\u00fdch intervalech e-mailem nebo telefonicky p\u0159ed\u00e1vali informace o:<\/span><\/p>\n<ul>\n<li class=\"font_8 wixui-rich-text__text\"><span class=\"wixui-rich-text__text\">novink\u00e1ch, kter\u00e9 chyst\u00e1me,<\/span><\/li>\n<li class=\"font_8 wixui-rich-text__text\"><span class=\"wixui-rich-text__text\">produktech a dopl\u0148kov\u00fdch materi\u00e1lech,<\/span><\/li>\n<li class=\"font_8 wixui-rich-text__text\"><span class=\"wixui-rich-text__text\">vzd\u011bl\u00e1vac\u00edch akc\u00edch,<\/span><\/li>\n<li class=\"font_8 wixui-rich-text__text\"><span class=\"wixui-rich-text__text\">sout\u011b\u017e\u00edch a dal\u0161\u00edch zaj\u00edmavostech.<\/span><\/li>\n<\/ul>\n<p class=\"font_8 wixui-rich-text__text\"><span class=\"wixui-rich-text__text\">V r\u00e1mci toho od n\u00e1s m\u016f\u017eete tak\u00e9 bezplatn\u011b obdr\u017eet v\u00fdukov\u00e9 materi\u00e1ly nebo exkluzivn\u00ed nab\u00eddky, kter\u00e9 jsou ur\u010den\u00e9 v\u00fdhradn\u011b odb\u011bratel\u016fm na\u0161ich novinek. <\/span>Pokud m\u00e1te z\u00e1jem o tyto informace, uve\u010fte n\u00ed\u017ee sv\u016fj e-mail, p\u0159\u00edpadn\u011b sv\u016fj telefon. Z\u00e1rove\u0148 si vyberte p\u0159edm\u011bty, kter\u00e9 V\u00e1s zaj\u00edmaj\u00ed. Odesl\u00e1n\u00edm formul\u00e1\u0159e d\u00e1v\u00e1te souhlas s t\u00edmto osloven\u00edm.\u00a0<br class=\"wixui-rich-text__text\" \/><br class=\"wixui-rich-text__text\" \/>Z odb\u011bru novinek se m\u016f\u017eete kdykoli odhl\u00e1sit prost\u0159ednictv\u00edm odkazu obsa\u017een\u00e9ho v ka\u017ed\u00e9 zas\u00edlan\u00e9 e-mailov\u00e9 zpr\u00e1v\u011b, b\u011bhem telefonick\u00e9ho hovoru nebo prost\u0159ednictv\u00edm e-mailu\u00a0<span class=\"wixui-rich-text__text\"><a class=\"wixui-rich-text__text\" href=\"mailto:info@fraus-klett.cz\" target=\"_self\">info@fraus-klett.cz<\/a><\/span>.\u00a0<br class=\"wixui-rich-text__text\" \/><br class=\"wixui-rich-text__text\" \/>Odesl\u00e1n\u00edm formul\u00e1\u0159e souhlas\u00edte se zpracov\u00e1n\u00edm osobn\u00edch \u00fadaj\u016f.\u00a0<span class=\"wixui-rich-text__text\"><a class=\"wixui-rich-text__text\" href=\"https:\/\/klett.cz\/osobniudaje\/zasady_zpracovani_osobnich_udaju.pdf\" target=\"_blank\" rel=\"noreferrer noopener\">Z\u00e1sady zpracov\u00e1n\u00ed osobn\u00edch \u00fadaj\u016f<\/a><\/span><\/p>\n<p>\n<\/div><h3 id='element_avia_3_1' class=' first_form  form_element form_fullwidth av-form-headline '>Va\u0161e \u00fadaje<\/h3><p class='  first_form  form_element form_element_half' id='element_avia_4_1'><label for=\"avia_4_1\">Jm\u00e9no <abbr class=\"required\" title=\"required\">*<\/abbr><\/label> <input name=\"avia_4_1\" class=\"text_input is_empty\" type=\"text\" id=\"avia_4_1\" value=\"\" \/><\/p><p class='  form_element form_element_half' id='element_avia_5_1'><label for=\"avia_5_1\">P\u0159\u00edjmen\u00ed <abbr class=\"required\" title=\"required\">*<\/abbr><\/label> <input name=\"avia_5_1\" class=\"text_input is_empty\" type=\"text\" id=\"avia_5_1\" value=\"\" \/><\/p><p class='  first_form  form_element form_element_two_third' id='element_avia_6_1'><label for=\"avia_6_1\">N\u00e1zev \u0161koly <abbr class=\"required\" title=\"required\">*<\/abbr><\/label> <input name=\"avia_6_1\" class=\"text_input is_empty\" type=\"text\" id=\"avia_6_1\" value=\"\" \/><\/p><p class='  form_element form_element_third' id='element_avia_7_1'><label for=\"avia_7_1\">I\u010cO (za \u00fa\u010delem ov\u011b\u0159en\u00ed adresy \u0161koly) <abbr class=\"required\" title=\"required\">*<\/abbr><\/label> <input name=\"avia_7_1\" class=\"text_input is_empty\" type=\"text\" id=\"avia_7_1\" value=\"\" \/><\/p><p class='  first_form  form_element form_element_half' id='element_avia_8_1'><label for=\"avia_8_1\">E-mail <abbr class=\"required\" title=\"required\">*<\/abbr><\/label> <input name=\"avia_8_1\" class=\"text_input is_email\" type=\"text\" id=\"avia_8_1\" value=\"\" \/><\/p><p class='  form_element form_element_half' id='element_avia_9_1'><label for=\"avia_9_1\">Telefon<\/label> <input name=\"avia_9_1\" class=\"text_input \" type=\"text\" id=\"avia_9_1\" value=\"\" \/><\/p><h5 id='element_avia_10_1' class=' first_form  form_element form_fullwidth av-form-headline '>Vyberte, na jak\u00e9m stupni u\u010d\u00edte<\/h5><p class='  first_form  form_element form_element_fourth' id='element_avia_11_1'><input  name=\"avia_11_1\" class=\"input_checkbox \" type=\"checkbox\" id=\"avia_11_1\" value=\"true\"\/><label class=\"input_checkbox_label\" for=\"avia_11_1\">Z\u0160 \u2013 1. stupe\u0148<\/label><\/p><p class='  form_element form_element_fourth' id='element_avia_12_1'><input  name=\"avia_12_1\" class=\"input_checkbox \" type=\"checkbox\" id=\"avia_12_1\" value=\"true\"\/><label class=\"input_checkbox_label\" for=\"avia_12_1\">Z\u0160 \u2013 2. stupe\u0148<\/label><\/p><p class='  form_element form_element_third' id='element_avia_13_1'><input  name=\"avia_13_1\" class=\"input_checkbox \" type=\"checkbox\" id=\"avia_13_1\" value=\"true\"\/><label class=\"input_checkbox_label\" for=\"avia_13_1\">S\u0160<\/label><\/p><h5 id='element_avia_14_1' class=' first_form  form_element form_fullwidth av-form-headline '>Ke kter\u00fdm p\u0159edm\u011bt\u016fm byste cht\u011bli z\u00edsk\u00e1vat informace?<\/h5><p class='  first_form  form_element form_element_fourth' id='element_avia_15_1'><input  name=\"avia_15_1\" class=\"input_checkbox \" type=\"checkbox\" id=\"avia_15_1\" value=\"true\"\/><label class=\"input_checkbox_label\" for=\"avia_15_1\">\u010cesk\u00fd jazyk<\/label><\/p><p class='  form_element form_element_fourth' id='element_avia_16_1'><input  name=\"avia_16_1\" class=\"input_checkbox \" type=\"checkbox\" id=\"avia_16_1\" value=\"true\"\/><label class=\"input_checkbox_label\" for=\"avia_16_1\">P\u0159\u00edrodopis<\/label><\/p><p class='  form_element form_element_fourth' id='element_avia_17_1'><input  name=\"avia_17_1\" class=\"input_checkbox \" type=\"checkbox\" id=\"avia_17_1\" value=\"true\"\/><label class=\"input_checkbox_label\" for=\"avia_17_1\">Chemie<\/label><\/p><p class='  form_element form_element_fourth' id='element_avia_18_1'><input  name=\"avia_18_1\" class=\"input_checkbox \" type=\"checkbox\" id=\"avia_18_1\" value=\"true\"\/><label class=\"input_checkbox_label\" for=\"avia_18_1\">\u0160pan\u011bl\u0161tina<\/label><\/p><p class='  first_form  form_element form_element_fourth' id='element_avia_19_1'><input  name=\"avia_19_1\" class=\"input_checkbox \" type=\"checkbox\" id=\"avia_19_1\" value=\"true\"\/><label class=\"input_checkbox_label\" for=\"avia_19_1\">Matematika<\/label><\/p><p class='  form_element form_element_fourth' id='element_avia_20_1'><input  name=\"avia_20_1\" class=\"input_checkbox \" type=\"checkbox\" id=\"avia_20_1\" value=\"true\"\/><label class=\"input_checkbox_label\" for=\"avia_20_1\">Zem\u011bpis<\/label><\/p><p class='  form_element form_element_fourth' id='element_avia_21_1'><input  name=\"avia_21_1\" class=\"input_checkbox \" type=\"checkbox\" id=\"avia_21_1\" value=\"true\"\/><label class=\"input_checkbox_label\" for=\"avia_21_1\">Angli\u010dtina<\/label><\/p><p class='  form_element form_element_fourth' id='element_avia_22_1'><input  name=\"avia_22_1\" class=\"input_checkbox \" type=\"checkbox\" id=\"avia_22_1\" value=\"true\"\/><label class=\"input_checkbox_label\" for=\"avia_22_1\">Francouz\u0161tina<\/label><\/p><p class='  first_form  form_element form_element_fourth' id='element_avia_23_1'><input  name=\"avia_23_1\" class=\"input_checkbox \" type=\"checkbox\" id=\"avia_23_1\" value=\"true\"\/><label class=\"input_checkbox_label\" for=\"avia_23_1\">\u010clov\u011bk a jeho sv\u011bt<\/label><\/p><p class='  form_element form_element_fourth' id='element_avia_24_1'><input  name=\"avia_24_1\" class=\"input_checkbox \" type=\"checkbox\" id=\"avia_24_1\" value=\"true\"\/><label class=\"input_checkbox_label\" for=\"avia_24_1\">D\u011bjepis<\/label><\/p><p class='  form_element form_element_fourth' id='element_avia_25_1'><input  name=\"avia_25_1\" class=\"input_checkbox \" type=\"checkbox\" id=\"avia_25_1\" value=\"true\"\/><label class=\"input_checkbox_label\" for=\"avia_25_1\">N\u011bm\u010dina<\/label><\/p><p class='  form_element form_element_fourth' id='element_avia_26_1'><input  name=\"avia_26_1\" class=\"input_checkbox \" type=\"checkbox\" id=\"avia_26_1\" value=\"true\"\/><label class=\"input_checkbox_label\" for=\"avia_26_1\">Ru\u0161tina<\/label><\/p><p class='  first_form  form_element form_element_fourth' id='element_avia_27_1'><input  name=\"avia_27_1\" class=\"input_checkbox \" type=\"checkbox\" id=\"avia_27_1\" value=\"true\"\/><label class=\"input_checkbox_label\" for=\"avia_27_1\">Informatika<\/label><\/p><p class='  form_element form_element_fourth' id='element_avia_28_1'><input  name=\"avia_28_1\" class=\"input_checkbox \" type=\"checkbox\" id=\"avia_28_1\" value=\"true\"\/><label class=\"input_checkbox_label\" for=\"avia_28_1\">Fyzika<\/label><\/p><p class='  form_element form_element_fourth' id='element_avia_29_1'><input  name=\"avia_29_1\" class=\"input_checkbox \" type=\"checkbox\" id=\"avia_29_1\" value=\"true\"\/><label class=\"input_checkbox_label\" for=\"avia_29_1\">Speci\u00e1ln\u00ed pedagogika<\/label><\/p><p class='  form_element form_element_fourth' id='element_avia_30_1'><input  name=\"avia_30_1\" class=\"input_checkbox \" type=\"checkbox\" id=\"avia_30_1\" value=\"true\"\/><label class=\"input_checkbox_label\" for=\"avia_30_1\">V\u00fdtvarn\u00e1 v\u00fdchova<\/label><\/p><p class='  first_form  form_element form_element_fourth av-last-visible-form-element' id='element_avia_31_1'><input  name=\"avia_31_1\" class=\"input_checkbox \" type=\"checkbox\" id=\"avia_31_1\" value=\"true\"\/><label class=\"input_checkbox_label\" for=\"avia_31_1\">Hudebn\u00ed v\u00fdchova<\/label><\/p><p class=\"hidden\"><input type=\"text\" name=\"avia_32_1\" class=\"hidden \" id=\"avia_32_1\" value=\"\" \/><\/p><p class=\"form_element form_element_three_fourth modified_width\"><input type=\"hidden\" value=\"1\" name=\"avia_generated_form1\" \/><input type=\"submit\" value=\"Souhlas\u00edm s odb\u011brem novinek\" class=\"button\"  data-sending-label=\"Sending\"\/><\/p><\/fieldset><\/form><div id=\"ajaxresponse_1\" class=\"ajaxresponse ajaxresponse_1 hidden\"><\/div><\/div>\n","protected":false},"excerpt":{"rendered":"","protected":false},"author":2,"featured_media":0,"parent":0,"menu_order":0,"comment_status":"closed","ping_status":"closed","template":"","meta":{"_exactmetrics_skip_tracking":false,"_exactmetrics_sitenote_active":false,"_exactmetrics_sitenote_note":"","_exactmetrics_sitenote_category":0,"footnotes":""},"class_list":["post-86","page","type-page","status-publish","hentry"],"_links":{"self":[{"href":"https:\/\/klett.cz\/soutez\/wp-json\/wp\/v2\/pages\/86","targetHints":{"allow":["GET"]}}],"collection":[{"href":"https:\/\/klett.cz\/soutez\/wp-json\/wp\/v2\/pages"}],"about":[{"href":"https:\/\/klett.cz\/soutez\/wp-json\/wp\/v2\/types\/page"}],"author":[{"embeddable":true,"href":"https:\/\/klett.cz\/soutez\/wp-json\/wp\/v2\/users\/2"}],"replies":[{"embeddable":true,"href":"https:\/\/klett.cz\/soutez\/wp-json\/wp\/v2\/comments?post=86"}],"version-history":[{"count":202,"href":"https:\/\/klett.cz\/soutez\/wp-json\/wp\/v2\/pages\/86\/revisions"}],"predecessor-version":[{"id":7189,"href":"https:\/\/klett.cz\/soutez\/wp-json\/wp\/v2\/pages\/86\/revisions\/7189"}],"wp:attachment":[{"href":"https:\/\/klett.cz\/soutez\/wp-json\/wp\/v2\/media?parent=86"}],"curies":[{"name":"wp","href":"https:\/\/api.w.org\/{rel}","templated":true}]}}