{"id":6164,"date":"2025-01-17T14:44:30","date_gmt":"2025-01-17T13:44:30","guid":{"rendered":"https:\/\/klett.cz\/soutez\/?page_id=6164"},"modified":"2025-09-18T10:53:50","modified_gmt":"2025-09-18T08:53:50","slug":"archiv","status":"publish","type":"page","link":"https:\/\/klett.cz\/soutez\/archiv\/","title":{"rendered":"Archiv"},"content":{"rendered":"<div  class='flex_column av-7ani9w-67778b1204cc307cbc6c129b241fce0e av_one_full  avia-builder-el-0  el_before_av_one_full  avia-builder-el-first  first flex_column_div  '     ><style type=\"text\/css\" data-created_by=\"avia_inline_auto\" id=\"style-css-av-mfp5u634-c5a9ffb54c5b09eecf52fe7d92a75c31\">\n.avia-image-container.av-mfp5u634-c5a9ffb54c5b09eecf52fe7d92a75c31 img.avia_image{\nbox-shadow:none;\n}\n.avia-image-container.av-mfp5u634-c5a9ffb54c5b09eecf52fe7d92a75c31 .av-image-caption-overlay-center{\ncolor:#ffffff;\n}\n<\/style>\n<div  class='avia-image-container av-mfp5u634-c5a9ffb54c5b09eecf52fe7d92a75c31 av-styling- avia-align-center  avia-builder-el-1  avia-builder-el-no-sibling '   itemprop=\"image\" itemscope=\"itemscope\" itemtype=\"https:\/\/schema.org\/ImageObject\" ><div class=\"avia-image-container-inner\"><div class=\"avia-image-overlay-wrap\"><img decoding=\"async\" fetchpriority=\"high\" class='wp-image-6764 avia-img-lazy-loading-not-6764 avia_image ' src=\"https:\/\/klett.cz\/soutez\/wp-content\/uploads\/divici-chcete-pilotovat-4.png\" alt='' title='divici chcete pilotovat (4)'  height=\"478\" width=\"1920\"  itemprop=\"thumbnailUrl\" srcset=\"https:\/\/klett.cz\/soutez\/wp-content\/uploads\/divici-chcete-pilotovat-4.png 1920w, https:\/\/klett.cz\/soutez\/wp-content\/uploads\/divici-chcete-pilotovat-4-300x75.png 300w, https:\/\/klett.cz\/soutez\/wp-content\/uploads\/divici-chcete-pilotovat-4-1030x256.png 1030w, https:\/\/klett.cz\/soutez\/wp-content\/uploads\/divici-chcete-pilotovat-4-768x191.png 768w, https:\/\/klett.cz\/soutez\/wp-content\/uploads\/divici-chcete-pilotovat-4-1536x382.png 1536w, https:\/\/klett.cz\/soutez\/wp-content\/uploads\/divici-chcete-pilotovat-4-1500x373.png 1500w, https:\/\/klett.cz\/soutez\/wp-content\/uploads\/divici-chcete-pilotovat-4-705x176.png 705w\" sizes=\"(max-width: 1920px) 100vw, 1920px\" \/><\/div><\/div><\/div><\/div>\n<div  class='flex_column av-1voa3vo-e558e46d14f1ed16bf53eaefe9f4f790 av_one_full  avia-builder-el-2  el_after_av_one_full  el_before_av_one_third  first flex_column_div  column-top-margin'     ><section  class='av_textblock_section av-mfp55s22-1751a023ce1483a06c2cf7723555334e '   itemscope=\"itemscope\" itemtype=\"https:\/\/schema.org\/CreativeWork\" ><div class='avia_textblock'  itemprop=\"text\" ><h1 style=\"text-align: center; line-height: 1.45em;\">Pod\u00edvejte se do na\u0161eho archivu, jak prob\u00edhaly na\u0161e sout\u011b\u017ee v minulosti.<br \/>\nNajdete zde v\u00fdherce, p\u0159\u00edsp\u011bvky a tak\u00e9 podm\u00ednky sout\u011b\u017e\u00ed.<\/h1>\n<\/div><\/section><\/div>\n<div class='flex_column_table av-1t2hwo4-a81497f87282962ee70a91b7a03cc19b sc-av_one_third av-equal-height-column-flextable'>\n<style type=\"text\/css\" data-created_by=\"avia_inline_auto\" id=\"style-css-av-1t2hwo4-a81497f87282962ee70a91b7a03cc19b\">\n.flex_column.av-1t2hwo4-a81497f87282962ee70a91b7a03cc19b{\nborder-radius:15px 15px 15px 15px;\npadding:25px 25px 25px 25px;\nbackground-color:#cce0e8;\n}\n<\/style>\n<div  class='flex_column av-1t2hwo4-a81497f87282962ee70a91b7a03cc19b av_one_third  avia-builder-el-4  el_after_av_one_full  el_before_av_one_third  first flex_column_table_cell av-equal-height-column av-align-middle  column-top-margin'     ><section  class='av_textblock_section av-mfp62h1w-d25d5725df55c7d5d560f85b6c1aed51 '   itemscope=\"itemscope\" itemtype=\"https:\/\/schema.org\/CreativeWork\" ><div class='avia_textblock'  itemprop=\"text\" ><h2>Sn\u011bhul\u00e1k bez sn\u011bhu<\/h2>\n<\/div><\/section><br \/>\n<section  class='av_textblock_section av-2vmmlg-3101965b2d0d0f5fb793dcb9ff5520f4 '   itemscope=\"itemscope\" itemtype=\"https:\/\/schema.org\/CreativeWork\" ><div class='avia_textblock'  itemprop=\"text\" ><p>V na\u0161\u00ed sout\u011b\u017ei \u201eSn\u011bhul\u00e1k bez sn\u011bhu\u201c jste n\u00e1m dok\u00e1zali, \u017ee to jde \u2013 a to velmi kreativn\u011b a ekologicky! Sout\u011b\u017e se nesm\u00edrn\u011b povedla, zapojily se des\u00edtky t\u0159\u00edd z\u00e1kladn\u00edch \u0161kol, kter\u00e9 n\u00e1m poslaly \u00fa\u017easn\u00e9 p\u0159\u00edsp\u011bvky pln\u00e9 originality a fantazie.<\/p>\n<\/div><\/section><br \/>\n<div  class='avia-button-wrap avia-button-center  avia-builder-el-7  el_after_av_textblock  avia-builder-el-last '>\n<style type=\"text\/css\" data-created_by=\"avia_inline_auto\" id=\"style-css-av-mfp5z3jr-6ac54379a1a6d1ebed02b86b37e425f6\">\n#top #wrap_all .avia-button.av-mfp5z3jr-6ac54379a1a6d1ebed02b86b37e425f6:hover{\ncolor:white;\ntransition:all 0.4s ease-in-out;\n}\n<\/style>\n<a href='https:\/\/klett.cz\/soutez\/snehulak-bez-snehu\/' class='avia-color-theme-color avia-font-color-theme-color avia-button avia-button-fullwidth av-mfp5z3jr-6ac54379a1a6d1ebed02b86b37e425f6 avia-icon_select-no avia-color-theme-color'   aria-label=\"Sn\u011bhul\u00e1k bez sn\u011bhu\"><span class='avia_iconbox_title' >Sn\u011bhul\u00e1k bez sn\u011bhu<\/span><span class='avia_button_background avia-button avia-button-fullwidth avia-color-theme-color-highlight'><\/span><\/a><\/div><\/p><\/div>\n<div class='av-flex-placeholder'><\/div>\n<style type=\"text\/css\" data-created_by=\"avia_inline_auto\" id=\"style-css-av-mfp68lv8-c242d34a6ee4eb33da52469e487ed75d\">\n.flex_column.av-mfp68lv8-c242d34a6ee4eb33da52469e487ed75d{\nborder-radius:15px 15px 15px 15px;\npadding:25px 25px 25px 25px;\nbackground-color:#fce5cc;\n}\n<\/style>\n<div  class='flex_column av-mfp68lv8-c242d34a6ee4eb33da52469e487ed75d av_one_third  avia-builder-el-8  el_after_av_one_third  el_before_av_one_third  flex_column_table_cell av-equal-height-column av-align-middle  column-top-margin'     ><section  class='av_textblock_section av-5zejpg-9f5e3b5499975f1e62a558895c285b49 '   itemscope=\"itemscope\" itemtype=\"https:\/\/schema.org\/CreativeWork\" ><div class='avia_textblock'  itemprop=\"text\" ><h2>Masopustn\u00ed hr\u00e1tky s angli\u010dtinou<\/h2>\n<\/div><\/section><br \/>\n<section  class='av_textblock_section av-4skmg4-5d099ed903948e1a9d657d47cbd51c03 '   itemscope=\"itemscope\" itemtype=\"https:\/\/schema.org\/CreativeWork\" ><div class='avia_textblock'  itemprop=\"text\" ><p>Uspo\u0159\u00e1dali jste t\u0159\u00eddn\u00ed karneval a vytvo\u0159ili si s d\u011btmi origin\u00e1ln\u00ed masky spojen\u00e9 s pr\u016fvodci v\u00fdukov\u00fdch sad Funpark a Nutty\u00b4s English.<\/p>\n<\/div><\/section><br \/>\n<div  class='avia-button-wrap avia-button-center  avia-builder-el-11  el_after_av_textblock  avia-builder-el-last '>\n<style type=\"text\/css\" data-created_by=\"avia_inline_auto\" id=\"style-css-av-2qa5l0-f4c0507e99c7cb472aaf79df3693abed\">\n#top #wrap_all .avia-button.av-2qa5l0-f4c0507e99c7cb472aaf79df3693abed:hover{\ncolor:white;\ntransition:all 0.4s ease-in-out;\n}\n<\/style>\n<a href='https:\/\/klett.cz\/soutez\/masopust\/' class='avia-color-theme-color avia-font-color-theme-color avia-button avia-button-fullwidth av-2qa5l0-f4c0507e99c7cb472aaf79df3693abed avia-icon_select-no avia-color-theme-color'   aria-label=\"Masopustn\u00ed hr\u00e1tky s angli\u010dtinou\"><span class='avia_iconbox_title' >Masopustn\u00ed hr\u00e1tky s angli\u010dtinou<\/span><span class='avia_button_background avia-button avia-button-fullwidth avia-color-theme-color-highlight'><\/span><\/a><\/div><\/p><\/div><div class='av-flex-placeholder'><\/div>\n<style type=\"text\/css\" data-created_by=\"avia_inline_auto\" id=\"style-css-av-1n4oah0-feb30a708d3dec5f0de6c84020c8d77c\">\n.flex_column.av-1n4oah0-feb30a708d3dec5f0de6c84020c8d77c{\nborder-radius:15px 15px 15px 15px;\npadding:25px 25px 25px 25px;\nbackground-color:#fdeed3;\n}\n<\/style>\n<div  class='flex_column av-1n4oah0-feb30a708d3dec5f0de6c84020c8d77c av_one_third  avia-builder-el-12  el_after_av_one_third  el_before_av_hr  flex_column_table_cell av-equal-height-column av-align-middle  column-top-margin'     ><section  class='av_textblock_section av-mfp65cnf-710539d2c5a105056c90161feb217811 '   itemscope=\"itemscope\" itemtype=\"https:\/\/schema.org\/CreativeWork\" ><div class='avia_textblock'  itemprop=\"text\" ><h2>dAch l\u00e9to\u2026<\/h2>\n<\/div><\/section><br \/>\n<section  class='av_textblock_section av-mfp633vx-a0da08418b14f022b7a903b2af4500b6 '   itemscope=\"itemscope\" itemtype=\"https:\/\/schema.org\/CreativeWork\" ><div class='avia_textblock'  itemprop=\"text\" ><section class=\"av_textblock_section av-m610m9xh-7bab22643c9a7441d62f8c578275fa14 \">\n<div class=\"avia_textblock\">\n<p>\u017d\u00e1ci (ve skupink\u00e1ch) navrhovali plak\u00e1t nebo kol\u00e1\u017e jako z katalogu cestovn\u00ed kancel\u00e1\u0159e \u2013 l\u00e1kali na z\u00e1jezd do n\u011bmecky mluv\u00edc\u00edch zem\u00ed.<\/p>\n<\/div>\n<\/section>\n<div class=\"hr av-m6b1ku6j-e6459f386bb0e722a6e8cfa4e3ca7249 hr-invisible avia-builder-el-4 el_after_av_textblock avia-builder-el-last \"><\/div>\n<\/div><\/section><br \/>\n<div  class='avia-button-wrap avia-button-center  avia-builder-el-15  el_after_av_textblock  avia-builder-el-last '>\n<style type=\"text\/css\" data-created_by=\"avia_inline_auto\" id=\"style-css-av-mfp61gjg-3d0c8c5af3c8113c69eebf46ced29499\">\n#top #wrap_all .avia-button.av-mfp61gjg-3d0c8c5af3c8113c69eebf46ced29499:hover{\ncolor:white;\ntransition:all 0.4s ease-in-out;\n}\n<\/style>\n<a href='https:\/\/klett.cz\/soutez\/dach-leto\/' class='avia-color-theme-color avia-font-color-theme-color avia-button avia-button-fullwidth av-mfp61gjg-3d0c8c5af3c8113c69eebf46ced29499 avia-icon_select-no avia-color-theme-color'   aria-label=\"dAch l\u00e9to\u2026\"><span class='avia_iconbox_title' >dAch l\u00e9to\u2026<\/span><span class='avia_button_background avia-button avia-button-fullwidth avia-color-theme-color-highlight'><\/span><\/a><\/div><\/p><\/div><\/div><!--close column table wrapper. Autoclose: 1 --><\/p>\n\n<style type=\"text\/css\" data-created_by=\"avia_inline_auto\" id=\"style-css-av-1k1qdlw-7aa273692da8ac660ec309f1746c4650\">\n#top .hr.av-1k1qdlw-7aa273692da8ac660ec309f1746c4650{\nmargin-top:30px;\nmargin-bottom:30px;\n}\n.hr.av-1k1qdlw-7aa273692da8ac660ec309f1746c4650 .hr-inner{\nwidth:980;\nborder-color:#f2ab02;\nmax-width:45%;\n}\n<\/style>\n<div  class='hr av-1k1qdlw-7aa273692da8ac660ec309f1746c4650 hr-custom  avia-builder-el-16  el_after_av_one_third  el_before_av_one_full  hr-center hr-icon-yes'><span class='hr-inner inner-border-av-border-thin'><span class=\"hr-inner-style\"><\/span><\/span><span class='av-seperator-icon' aria-hidden='true' data-av_icon='\ue806' data-av_iconfont='entypo-fontello'><\/span><span class='hr-inner inner-border-av-border-thin'><span class=\"hr-inner-style\"><\/span><\/span><\/div>\n\n<style type=\"text\/css\" data-created_by=\"avia_inline_auto\" id=\"style-css-av-1ifqrac-db5d5686127cb907df2cfe1829dc56cf\">\n.flex_column.av-1ifqrac-db5d5686127cb907df2cfe1829dc56cf{\nborder-width:1px;\nborder-color:#00628a;\nborder-style:solid;\nborder-radius:15px 15px 15px 15px;\npadding:25px 25px 25px 25px;\nbackground-color:#cce0e8;\n}\n<\/style>\n<div  class='flex_column av-1ifqrac-db5d5686127cb907df2cfe1829dc56cf av_one_full  avia-builder-el-17  el_after_av_hr  avia-builder-el-last  first flex_column_div  '     ><form action=\"https:\/\/klett.cz\/soutez\/archiv\/\" method=\"post\" data-fields-with-error=\"Found errors in the following field(s):\" class=\"avia_ajax_form av-form-labels-visible   avia-builder-el-18  avia-builder-el-no-sibling   \" data-avia-form-id=\"1\" data-avia-redirect=''  aria-label='Kontaktn\u00ed formul\u00e1\u0159' ><h1 class=''>P\u0159ihlaste se k odb\u011bru novinek<\/h1><fieldset><h3 id='element_avia_1_1' class=' first_form  form_element form_fullwidth av-form-headline '>R\u00e1di bychom V\u00e1m v nepravideln\u00fdch intervalech e-mailem nebo telefonicky p\u0159ed\u00e1vali informace o:<\/h3><div id='avia_2_1' class='av-form-text'><\/p>\n<ul>\n<li>novink\u00e1ch, kter\u00e9 chyst\u00e1me,<\/li>\n<li>nov\u00fdch produktech a projektech,<\/li>\n<li>semin\u00e1\u0159\u00edch, webin\u00e1\u0159\u00edch a konferenc\u00edch, kter\u00e9 po\u0159\u00e1d\u00e1me.<\/li>\n<\/ul>\n<p>V r\u00e1mci toho od n\u00e1s m\u016f\u017eete tak\u00e9 bezplatn\u011b obdr\u017eet v\u00fdukov\u00e9 materi\u00e1ly nebo exkluzivn\u00ed nab\u00eddky, kter\u00e9 jsou ur\u010den\u00e9 v\u00fdhradn\u011b odb\u011bratel\u016fm na\u0161ich novinek.<\/p>\n<p><strong style=\"color: #ffb300;\">Vypl\u0148te pros\u00edm n\u00e1sleduj\u00edc\u00ed \u00fadaje:<\/strong><\/p>\n<\/div><p class='  first_form  form_element form_element_half' id='element_avia_3_1'><label for=\"avia_3_1\">Jm\u00e9no <abbr class=\"required\" title=\"required\">*<\/abbr><\/label> <input name=\"avia_3_1\" class=\"text_input is_empty\" type=\"text\" id=\"avia_3_1\" value=\"\" \/><\/p><p class='  form_element form_element_half' id='element_avia_4_1'><label for=\"avia_4_1\">P\u0159\u00edjmen\u00ed <abbr class=\"required\" title=\"required\">*<\/abbr><\/label> <input name=\"avia_4_1\" class=\"text_input is_empty\" type=\"text\" id=\"avia_4_1\" value=\"\" \/><\/p><p class='  first_form  form_element form_element_two_third' id='element_avia_5_1'><label for=\"avia_5_1\">N\u00e1zev \u0161koly <abbr class=\"required\" title=\"required\">*<\/abbr><\/label> <input name=\"avia_5_1\" class=\"text_input is_empty\" type=\"text\" id=\"avia_5_1\" value=\"\" \/><\/p><p class='  form_element form_element_third' id='element_avia_6_1'><label for=\"avia_6_1\">I\u010cO (za \u00fa\u010delem ov\u011b\u0159en\u00ed adresy \u0161koly) <abbr class=\"required\" title=\"required\">*<\/abbr><\/label> <input name=\"avia_6_1\" class=\"text_input is_empty\" type=\"text\" id=\"avia_6_1\" value=\"\" \/><\/p><p class='  first_form  form_element form_element_half' id='element_avia_7_1'><label for=\"avia_7_1\">E-mail <abbr class=\"required\" title=\"required\">*<\/abbr><\/label> <input name=\"avia_7_1\" class=\"text_input is_email\" type=\"text\" id=\"avia_7_1\" value=\"\" \/><\/p><p class='  form_element form_element_half' id='element_avia_8_1'><label for=\"avia_8_1\">Telefon<\/label> <input name=\"avia_8_1\" class=\"text_input \" type=\"text\" id=\"avia_8_1\" value=\"\" \/><\/p><h5 id='element_avia_9_1' class=' first_form  form_element form_fullwidth av-form-headline '>Vyberte, o jak\u00e9 tituly m\u00e1te z\u00e1jem:<\/h5><p class='  first_form  form_element form_element_fourth' id='element_avia_10_1'><input  name=\"avia_10_1\" class=\"input_checkbox \" type=\"checkbox\" id=\"avia_10_1\" value=\"true\"\/><label class=\"input_checkbox_label\" for=\"avia_10_1\">Z\u0160 \u2013 1. stupe\u0148<\/label><\/p><p class='  form_element form_element_fourth' id='element_avia_11_1'><input  name=\"avia_11_1\" class=\"input_checkbox \" type=\"checkbox\" id=\"avia_11_1\" value=\"true\"\/><label class=\"input_checkbox_label\" for=\"avia_11_1\">Z\u0160 \u2013 2. stupe\u0148<\/label><\/p><p class='  form_element form_element_third' id='element_avia_12_1'><input  name=\"avia_12_1\" class=\"input_checkbox \" type=\"checkbox\" id=\"avia_12_1\" value=\"true\"\/><label class=\"input_checkbox_label\" for=\"avia_12_1\">S\u0160<\/label><\/p><h5 id='element_avia_13_1' class=' first_form  form_element form_fullwidth av-form-headline '>Va\u0161e preference p\u0159edm\u011bt\u016f:<\/h5><p class='  first_form  form_element form_element_fourth' id='element_avia_14_1'><input  name=\"avia_14_1\" class=\"input_checkbox \" type=\"checkbox\" id=\"avia_14_1\" value=\"true\"\/><label class=\"input_checkbox_label\" for=\"avia_14_1\">\u010cesk\u00fd jazyk<\/label><\/p><p class='  form_element form_element_fourth' id='element_avia_15_1'><input  name=\"avia_15_1\" class=\"input_checkbox \" type=\"checkbox\" id=\"avia_15_1\" value=\"true\"\/><label class=\"input_checkbox_label\" for=\"avia_15_1\">P\u0159\u00edrodopis<\/label><\/p><p class='  form_element form_element_fourth' id='element_avia_16_1'><input  name=\"avia_16_1\" class=\"input_checkbox \" type=\"checkbox\" id=\"avia_16_1\" value=\"true\"\/><label class=\"input_checkbox_label\" for=\"avia_16_1\">Chemie<\/label><\/p><p class='  form_element form_element_fourth' id='element_avia_17_1'><input  name=\"avia_17_1\" class=\"input_checkbox \" type=\"checkbox\" id=\"avia_17_1\" value=\"true\"\/><label class=\"input_checkbox_label\" for=\"avia_17_1\">\u0160pan\u011bl\u0161tina<\/label><\/p><p class='  first_form  form_element form_element_fourth' id='element_avia_18_1'><input  name=\"avia_18_1\" class=\"input_checkbox \" type=\"checkbox\" id=\"avia_18_1\" value=\"true\"\/><label class=\"input_checkbox_label\" for=\"avia_18_1\">Matematika<\/label><\/p><p class='  form_element form_element_fourth' id='element_avia_19_1'><input  name=\"avia_19_1\" class=\"input_checkbox \" type=\"checkbox\" id=\"avia_19_1\" value=\"true\"\/><label class=\"input_checkbox_label\" for=\"avia_19_1\">Zem\u011bpis<\/label><\/p><p class='  form_element form_element_fourth' id='element_avia_20_1'><input  name=\"avia_20_1\" class=\"input_checkbox \" type=\"checkbox\" id=\"avia_20_1\" value=\"true\"\/><label class=\"input_checkbox_label\" for=\"avia_20_1\">Angli\u010dtina<\/label><\/p><p class='  form_element form_element_fourth' id='element_avia_21_1'><input  name=\"avia_21_1\" class=\"input_checkbox \" type=\"checkbox\" id=\"avia_21_1\" value=\"true\"\/><label class=\"input_checkbox_label\" for=\"avia_21_1\">Francouz\u0161tina<\/label><\/p><p class='  first_form  form_element form_element_fourth' id='element_avia_22_1'><input  name=\"avia_22_1\" class=\"input_checkbox \" type=\"checkbox\" id=\"avia_22_1\" value=\"true\"\/><label class=\"input_checkbox_label\" for=\"avia_22_1\">\u010clov\u011bk a jeho sv\u011bt<\/label><\/p><p class='  form_element form_element_fourth' id='element_avia_23_1'><input  name=\"avia_23_1\" class=\"input_checkbox \" type=\"checkbox\" id=\"avia_23_1\" value=\"true\"\/><label class=\"input_checkbox_label\" for=\"avia_23_1\">D\u011bjepis<\/label><\/p><p class='  form_element form_element_fourth' id='element_avia_24_1'><input  name=\"avia_24_1\" class=\"input_checkbox \" type=\"checkbox\" id=\"avia_24_1\" value=\"true\"\/><label class=\"input_checkbox_label\" for=\"avia_24_1\">N\u011bm\u010dina<\/label><\/p><p class='  form_element form_element_fourth' id='element_avia_25_1'><input  name=\"avia_25_1\" class=\"input_checkbox \" type=\"checkbox\" id=\"avia_25_1\" value=\"true\"\/><label class=\"input_checkbox_label\" for=\"avia_25_1\">Ru\u0161tina<\/label><\/p><p class='  first_form  form_element form_element_fourth' id='element_avia_26_1'><input  name=\"avia_26_1\" class=\"input_checkbox \" type=\"checkbox\" id=\"avia_26_1\" value=\"true\"\/><label class=\"input_checkbox_label\" for=\"avia_26_1\">Informatika<\/label><\/p><p class='  form_element form_element_fourth' id='element_avia_27_1'><input  name=\"avia_27_1\" class=\"input_checkbox \" type=\"checkbox\" id=\"avia_27_1\" value=\"true\"\/><label class=\"input_checkbox_label\" for=\"avia_27_1\">Fyzika<\/label><\/p><p class='  first_form  form_element form_fullwidth' id='element_avia_28_1'><input  name=\"avia_28_1\" class=\"input_checkbox \" type=\"checkbox\" id=\"avia_28_1\" value=\"true\"\/><label class=\"input_checkbox_label\" for=\"avia_28_1\">Souhlas\u00edm se zpracov\u00e1n\u00edm osobn\u00edch \u00fadaj\u016f za \u00fa\u010delem zas\u00edl\u00e1n\u00ed marketingov\u00fdch sd\u011blen\u00ed prost\u0159ednictv\u00edm SMS \/ Whatsapp \/ Viber spole\u010dnosti Klett nakladatelstv\u00ed s.r.o. a Nakladatelstv\u00ed Fraus s. r. o. <\/label><\/p><p class='  first_form  form_element form_fullwidth' id='element_avia_29_1'><input  name=\"avia_29_1\" class=\"input_checkbox is_empty\" type=\"checkbox\" id=\"avia_29_1\" value=\"true\"\/><label class=\"input_checkbox_label\" for=\"avia_29_1\">Souhlas\u00edm se zas\u00edl\u00e1n\u00edm informac\u00ed o sout\u011b\u017e\u00edch, dopl\u0148kov\u00fdch materi\u00e1lech, vzd\u011bl\u00e1vac\u00edch akc\u00ed a dal\u0161\u00edch zaj\u00edmav\u00fdch informac\u00ed na v\u00fd\u0161e uvedenou e-mailovou adresu. <abbr class=\"required\" title=\"required\">*<\/abbr><\/label><\/p><div id='avia_30_1' class='av-form-text'><p>\n<a style=\"color: #ffb300;\" href=\"https:\/\/klett.cz\/osobniudaje\/zasady_zpracovani_osobnich_udaju.pdf\">Z\u00e1sady zpracov\u00e1n\u00ed osobn\u00edch \u00fadaj\u016f.<\/a><\/p>\n<\/div><p class=\"hidden\"><input type=\"text\" name=\"avia_31_1\" class=\"hidden \" id=\"avia_31_1\" value=\"\" \/><\/p><p class=\"form_element \"><input type=\"hidden\" value=\"1\" name=\"avia_generated_form1\" \/><input type=\"submit\" value=\"P\u0159ihl\u00e1sit se k odb\u011bru novinek\" class=\"button\"  data-sending-label=\"Sending\"\/><\/p><\/fieldset><\/form><div id=\"ajaxresponse_1\" class=\"ajaxresponse ajaxresponse_1 hidden\"><\/div><\/div>\n","protected":false},"excerpt":{"rendered":"","protected":false},"author":8,"featured_media":0,"parent":0,"menu_order":0,"comment_status":"closed","ping_status":"closed","template":"","meta":{"_exactmetrics_skip_tracking":false,"_exactmetrics_sitenote_active":false,"_exactmetrics_sitenote_note":"","_exactmetrics_sitenote_category":0,"footnotes":""},"class_list":["post-6164","page","type-page","status-publish","hentry"],"_links":{"self":[{"href":"https:\/\/klett.cz\/soutez\/wp-json\/wp\/v2\/pages\/6164","targetHints":{"allow":["GET"]}}],"collection":[{"href":"https:\/\/klett.cz\/soutez\/wp-json\/wp\/v2\/pages"}],"about":[{"href":"https:\/\/klett.cz\/soutez\/wp-json\/wp\/v2\/types\/page"}],"author":[{"embeddable":true,"href":"https:\/\/klett.cz\/soutez\/wp-json\/wp\/v2\/users\/8"}],"replies":[{"embeddable":true,"href":"https:\/\/klett.cz\/soutez\/wp-json\/wp\/v2\/comments?post=6164"}],"version-history":[{"count":12,"href":"https:\/\/klett.cz\/soutez\/wp-json\/wp\/v2\/pages\/6164\/revisions"}],"predecessor-version":[{"id":6864,"href":"https:\/\/klett.cz\/soutez\/wp-json\/wp\/v2\/pages\/6164\/revisions\/6864"}],"wp:attachment":[{"href":"https:\/\/klett.cz\/soutez\/wp-json\/wp\/v2\/media?parent=6164"}],"curies":[{"name":"wp","href":"https:\/\/api.w.org\/{rel}","templated":true}]}}