{"id":2,"date":"2018-01-16T13:35:24","date_gmt":"2018-01-16T12:35:24","guid":{"rendered":"http:\/\/klett.cz\/blog\/?page_id=2"},"modified":"2025-01-17T16:46:27","modified_gmt":"2025-01-17T15:46:27","slug":"kontakty","status":"publish","type":"page","link":"https:\/\/klett.cz\/soutez\/kontakty\/","title":{"rendered":"Kontakty"},"content":{"rendered":"<div id='av_section_1'  class='avia-section av-tjww-34e9afdff4e03a7edf0878b510b25788 main_color avia-section-default avia-no-shadow  avia-builder-el-0  avia-builder-el-no-sibling  avia-bg-style-scroll container_wrap sidebar_right'  ><div class='container av-section-cont-open' ><main  role=\"main\" itemprop=\"mainContentOfPage\"  class='template-page content  av-content-small alpha units'><div class='post-entry post-entry-type-page post-entry-2'><div class='entry-content-wrapper clearfix'>\n\n<style type=\"text\/css\" data-created_by=\"avia_inline_auto\" id=\"style-css-av-ql64-8f280af132eb3726e49aca9a7d7da0d9\">\n.flex_column.av-ql64-8f280af132eb3726e49aca9a7d7da0d9{\nborder-radius:0px 0px 0px 0px;\npadding:0px 0px 0px 0px;\n}\n<\/style>\n<div  class='flex_column av-ql64-8f280af132eb3726e49aca9a7d7da0d9 av_one_half  avia-builder-el-1  el_before_av_one_half  avia-builder-el-first  first flex_column_div av-zero-column-padding  '     ><p>\n<style type=\"text\/css\" data-created_by=\"avia_inline_auto\" id=\"style-css-av-p61u-83afaece080c8f0abda2743d306cbe49\">\n#top .av-special-heading.av-p61u-83afaece080c8f0abda2743d306cbe49{\npadding-bottom:10px;\n}\nbody .av-special-heading.av-p61u-83afaece080c8f0abda2743d306cbe49 .av-special-heading-tag .heading-char{\nfont-size:25px;\n}\n.av-special-heading.av-p61u-83afaece080c8f0abda2743d306cbe49 .av-subheading{\nfont-size:15px;\n}\n<\/style>\n<div  class='av-special-heading av-p61u-83afaece080c8f0abda2743d306cbe49 av-special-heading-h2 blockquote modern-quote  avia-builder-el-2  el_before_av_textblock  avia-builder-el-first '><h2 class='av-special-heading-tag '  itemprop=\"headline\"  >Kontakty<\/h2><div class=\"special-heading-border\"><div class=\"special-heading-inner-border\"><\/div><\/div><\/div><br \/>\n<section  class='av_textblock_section av-n6yo-231be8ac8d1793b705265caf5523009d '   itemscope=\"itemscope\" itemtype=\"https:\/\/schema.org\/CreativeWork\" ><div class='avia_textblock'  itemprop=\"text\" ><p><strong>Klett nakladatelstv\u00ed s.r.o.<\/strong><br \/>\nJi\u010d\u00ednsk\u00e1 2348\/10<br \/>\n130 00 Praha 3 \u2013 Vinohrady<\/p>\n<p><strong>Nakladatelstv\u00ed Fraus, s.r.o.<\/strong><br \/>\nEdvarda Bene\u0161e 72<br \/>\n301 00 Plze\u0148<\/p>\n<p><strong>Dotazy<\/strong><\/p>\n<p><strong>E-mail: info@fraus-klett.cz<\/strong><br \/>\n<strong>Telefon: +420 377 321 069<\/strong><\/p>\n<p><strong>\u00a0<\/strong><\/p>\n<\/div><\/section><\/p><\/div>\n<style type=\"text\/css\" data-created_by=\"avia_inline_auto\" id=\"style-css-av-6cou-ffbb0f0548052eb967d5ceff229af85d\">\n.flex_column.av-6cou-ffbb0f0548052eb967d5ceff229af85d{\nborder-radius:0px 0px 0px 0px;\npadding:0px 0px 0px 0px;\n}\n<\/style>\n<div  class='flex_column av-6cou-ffbb0f0548052eb967d5ceff229af85d av_one_half  avia-builder-el-4  el_after_av_one_half  avia-builder-el-last  flex_column_div av-zero-column-padding  '     ><p><div  class='av-social-sharing-box av-m60xadem-3fc77bb83b0d4048c8b76915bc893b60 av-social-sharing-box-circle  avia-builder-el-5  el_before_av_image  avia-builder-el-first  av-social-sharing-box-color-bg av-social-sharing-box-same-width'><div class=\"av-share-box\"><h5 class='av-share-link-description av-no-toc '>Sledujte n\u00e1s na soci\u00e1ln\u00edch s\u00edt\u00edch<\/h5><ul class=\"av-share-box-list noLightbox\"><li class='av-share-link av-social-link-facebook' ><a target=\"_blank\" aria-label=\"Link to Facebook\" href='https:\/\/www.facebook.com\/FrausKlett' aria-hidden='false' data-av_icon='\ue8f3' data-av_iconfont='entypo-fontello' title='' data-avia-related-tooltip='Link to Facebook'><span class='avia_hidden_link_text'>Link to Facebook<\/span><\/a><\/li><li class='av-share-link av-social-link-linkedin' ><a target=\"_blank\" aria-label=\"Link to LinkedIn\" href='https:\/\/www.linkedin.com\/company\/klett-nakladatelstvi\/' aria-hidden='false' data-av_icon='\ue8fc' data-av_iconfont='entypo-fontello' title='' data-avia-related-tooltip='Link to LinkedIn'><span class='avia_hidden_link_text'>Link to LinkedIn<\/span><\/a><\/li><li class='av-share-link av-social-link-instagram' ><a target=\"_blank\" aria-label=\"Link to Instagram\" href='https:\/\/www.instagram.com\/fraus_klett\/' aria-hidden='false' data-av_icon='\uf16d' data-av_iconfont='entypo-fontello' title='' data-avia-related-tooltip='Link to Instagram'><span class='avia_hidden_link_text'>Link to Instagram<\/span><\/a><\/li><li class='av-share-link av-social-link-youtube' ><a target=\"_blank\" aria-label=\"Link to Youtube\" href='https:\/\/www.youtube.com\/@FrausKlett' aria-hidden='false' data-av_icon='\uf16a' data-av_iconfont='entypo-fontello' title='' data-avia-related-tooltip='Link to Youtube'><span class='avia_hidden_link_text'>Link to Youtube<\/span><\/a><\/li><\/ul><\/div><\/div><br \/>\n\n<style type=\"text\/css\" data-created_by=\"avia_inline_auto\" id=\"style-css-av-3gy4-031b95dbd9b643d7fbee6b8dfa45f90f\">\n.avia-image-container.av-3gy4-031b95dbd9b643d7fbee6b8dfa45f90f img.avia_image{\nbox-shadow:none;\n}\n.avia-image-container.av-3gy4-031b95dbd9b643d7fbee6b8dfa45f90f .av-image-caption-overlay-center{\ncolor:#ffffff;\n}\n<\/style>\n<div  class='avia-image-container av-3gy4-031b95dbd9b643d7fbee6b8dfa45f90f av-styling- avia-align-center  avia-builder-el-6  el_after_av_social_share  avia-builder-el-last '   itemprop=\"image\" itemscope=\"itemscope\" itemtype=\"https:\/\/schema.org\/ImageObject\" ><div class=\"avia-image-container-inner\"><div class=\"avia-image-overlay-wrap\"><img decoding=\"async\" fetchpriority=\"high\" class='wp-image- avia-img-lazy-loading-not- avia_image ' src=\"http:\/\/klett.cz\/blog\/wp-content\/uploads\/7.-pracovn\u00ed-a-\u0161koln\u00ed-\u00fasp\u011bchy.jpg\" alt='' title=''   itemprop=\"thumbnailUrl\"  \/><\/div><\/div><\/div><\/p><\/div><\/div><\/div><\/main><!-- close content main element --><\/div><\/div><div id='after_section_1'  class='main_color av_default_container_wrap container_wrap sidebar_right'  ><div class='container av-section-cont-open' ><div class='template-page content  av-content-small alpha units'><div class='post-entry post-entry-type-page post-entry-2'><div class='entry-content-wrapper clearfix'>\n","protected":false},"excerpt":{"rendered":"","protected":false},"author":1,"featured_media":0,"parent":0,"menu_order":0,"comment_status":"closed","ping_status":"open","template":"","meta":{"_exactmetrics_skip_tracking":false,"_exactmetrics_sitenote_active":false,"_exactmetrics_sitenote_note":"","_exactmetrics_sitenote_category":0,"footnotes":""},"class_list":["post-2","page","type-page","status-publish","hentry"],"_links":{"self":[{"href":"https:\/\/klett.cz\/soutez\/wp-json\/wp\/v2\/pages\/2","targetHints":{"allow":["GET"]}}],"collection":[{"href":"https:\/\/klett.cz\/soutez\/wp-json\/wp\/v2\/pages"}],"about":[{"href":"https:\/\/klett.cz\/soutez\/wp-json\/wp\/v2\/types\/page"}],"author":[{"embeddable":true,"href":"https:\/\/klett.cz\/soutez\/wp-json\/wp\/v2\/users\/1"}],"replies":[{"embeddable":true,"href":"https:\/\/klett.cz\/soutez\/wp-json\/wp\/v2\/comments?post=2"}],"version-history":[{"count":10,"href":"https:\/\/klett.cz\/soutez\/wp-json\/wp\/v2\/pages\/2\/revisions"}],"predecessor-version":[{"id":6207,"href":"https:\/\/klett.cz\/soutez\/wp-json\/wp\/v2\/pages\/2\/revisions\/6207"}],"wp:attachment":[{"href":"https:\/\/klett.cz\/soutez\/wp-json\/wp\/v2\/media?parent=2"}],"curies":[{"name":"wp","href":"https:\/\/api.w.org\/{rel}","templated":true}]}}