{"id":42,"date":"2018-10-11T10:47:53","date_gmt":"2018-10-11T08:47:53","guid":{"rendered":"https:\/\/klett.cz\/kmi\/?page_id=42"},"modified":"2022-03-07T16:52:04","modified_gmt":"2022-03-07T15:52:04","slug":"vyukova-sada","status":"publish","type":"page","link":"https:\/\/klett.cz\/snova-klass\/vyukova-sada\/","title":{"rendered":"Interaktivn\u00ed v\u00fdukov\u00e1 sada"},"content":{"rendered":"\n<style type=\"text\/css\" data-created_by=\"avia_inline_auto\" id=\"style-css-av-matce-8ec4a5a457666ef1b9554b870071dedf\">\n.flex_column.av-matce-8ec4a5a457666ef1b9554b870071dedf{\nborder-radius:0px 0px 0px 0px;\npadding:0px 0px 0px 0px;\n}\n<\/style>\n<div  class='flex_column av-matce-8ec4a5a457666ef1b9554b870071dedf av_one_full  avia-builder-el-0  el_before_av_hr  avia-builder-el-first  first flex_column_div av-zero-column-padding  '     ><section  class='av_textblock_section av-lzsl2-d5fe562976a4c8e1089e21d820e758b7 '   itemscope=\"itemscope\" itemtype=\"https:\/\/schema.org\/CreativeWork\" ><div class='avia_textblock'  itemprop=\"text\" ><h1 style=\"text-align: center;\">V\u00fdukov\u00e1 sada pro ka\u017ed\u00e9ho<\/h1>\n<p style=\"text-align: center;\">Snova Klass! nab\u00edz\u00ed u\u010ditel\u016fm a \u017e\u00e1k\u016fm 3 atraktivn\u00ed mo\u017enosti vyu\u017eit\u00ed ve v\u00fduce. Z\u00e1le\u017e\u00ed jen na v\u00e1s, va\u0161em v\u00fdukov\u00e9m stylu, pot\u0159eb\u00e1ch va\u0161ich \u017e\u00e1k\u016f a technick\u00e9m vybaven\u00ed va\u0161\u00ed \u0161koly, jak\u00e9 \u0159e\u0161en\u00ed vyberete.<\/p>\n<p style=\"text-align: center;\">U\u010debnice s\u00a0integrovan\u00fdm pracovn\u00edm se\u0161item Snova Klass! 1 obsahuje unik\u00e1tn\u00ed \u017e\u00e1kovsk\u00fd k\u00f3d pro p\u0159\u00edstup k bohat\u011b vybaven\u00e9 interaktivn\u00ed podpo\u0159e a Klett Learning Management System. Jeho vyu\u017eit\u00ed ve v\u00fduce je zcela na zv\u00e1\u017een\u00ed vyu\u010duj\u00edc\u00edho.<\/p>\n<p style=\"text-align: center;\">S pln\u011b interaktivn\u00ed podporou budete ka\u017edou hodinu motivovat sv\u00e9 \u017e\u00e1ky k lep\u0161\u00edm v\u00fdkon\u016fm. N\u00e1\u0161 port\u00e1l obsahuje nejen kompletn\u00ed ti\u0161t\u011bn\u00e9 materi\u00e1ly, ale i dal\u0161\u00ed dopl\u0148kov\u00e1 cvi\u010den\u00ed a aktivity.<\/p>\n<\/div><\/section><\/div>\n<style type=\"text\/css\" data-created_by=\"avia_inline_auto\" id=\"style-css-av-24bby-cf248707dc00c2bcbb35a26deb370745\">\n#top .hr.hr-invisible.av-24bby-cf248707dc00c2bcbb35a26deb370745{\nheight:80px;\n}\n<\/style>\n<div  class='hr av-24bby-cf248707dc00c2bcbb35a26deb370745 hr-invisible  avia-builder-el-2  el_after_av_one_full  el_before_av_one_third '><span class='hr-inner '><span class=\"hr-inner-style\"><\/span><\/span><\/div><\/p>\n\n<style type=\"text\/css\" data-created_by=\"avia_inline_auto\" id=\"style-css-av-kjtae-4b304486be759e4aebb8376758436a65\">\n.flex_column.av-kjtae-4b304486be759e4aebb8376758436a65{\nborder-radius:0px 0px 0px 0px;\npadding:0px 0px 0px 0px;\n}\n<\/style>\n<div  class='flex_column av-kjtae-4b304486be759e4aebb8376758436a65 av_one_third  avia-builder-el-3  el_after_av_hr  el_before_av_one_third  first flex_column_div av-zero-column-padding  '     ><p>\n<style type=\"text\/css\" data-created_by=\"avia_inline_auto\" id=\"style-css-av-k1dbm-35dbf76c505d2b41acdf0030752c645c\">\n.avia-image-container.av-k1dbm-35dbf76c505d2b41acdf0030752c645c img.avia_image{\nbox-shadow:none;\n}\n.avia-image-container.av-k1dbm-35dbf76c505d2b41acdf0030752c645c .av-image-caption-overlay-center{\ncolor:#ffffff;\n}\n<\/style>\n<div  class='avia-image-container av-k1dbm-35dbf76c505d2b41acdf0030752c645c av-styling- avia-align-center  avia-builder-el-4  el_before_av_textblock  avia-builder-el-first '   itemprop=\"image\" itemscope=\"itemscope\" itemtype=\"https:\/\/schema.org\/ImageObject\" ><div class=\"avia-image-container-inner\"><div class=\"avia-image-overlay-wrap\"><img fetchpriority=\"high\" class='wp-image-512 avia-img-lazy-loading-not-512 avia_image ' src='https:\/\/klett.cz\/snova-klass\/wp-content\/uploads\/Klett_Snova_Klass_ucebnice_700x5151-300x221.png' alt='' title='Klett_Snova_Klass_ucebnice_700x515[1]'  height=\"221\" width=\"300\"  itemprop=\"thumbnailUrl\"  \/><\/div><\/div><\/div><br \/>\n<section  class='av_textblock_section av-j4ouu-a46ed83023592988a1cda377d2dfa7c2 '   itemscope=\"itemscope\" itemtype=\"https:\/\/schema.org\/CreativeWork\" ><div class='avia_textblock'  itemprop=\"text\" ><h3 style=\"text-align: center;\">TRADI\u010cN\u00cd V\u00ddUKA<\/h3>\n<p style=\"text-align: center;\">Vyu\u017eijte ve v\u00fduce ti\u0161t\u011bnou u\u010debnici a pracovn\u00ed se\u0161it. Strukturu u\u010debnice s integrovan\u00fdm pracovn\u00edm se\u0161item si m\u016f\u017eete prohl\u00e9dnout <a href=\"https:\/\/klett.cz\/snova-klass\/snova-klass\">ZDE<\/a>.<\/p>\n<\/div><\/section><\/p><\/div>\n\n<style type=\"text\/css\" data-created_by=\"avia_inline_auto\" id=\"style-css-av-iqnly-4bf425aa74b77c335696f87bb92a88fd\">\n.flex_column.av-iqnly-4bf425aa74b77c335696f87bb92a88fd{\nborder-radius:0px 0px 0px 0px;\npadding:0px 0px 0px 0px;\n}\n<\/style>\n<div  class='flex_column av-iqnly-4bf425aa74b77c335696f87bb92a88fd av_one_third  avia-builder-el-6  el_after_av_one_third  el_before_av_one_third  flex_column_div av-zero-column-padding  '     ><p>\n<style type=\"text\/css\" data-created_by=\"avia_inline_auto\" id=\"style-css-av-i0yge-cc02cfa329c83e3742c62ab484f7730e\">\n.avia-image-container.av-i0yge-cc02cfa329c83e3742c62ab484f7730e img.avia_image{\nbox-shadow:none;\n}\n.avia-image-container.av-i0yge-cc02cfa329c83e3742c62ab484f7730e .av-image-caption-overlay-center{\ncolor:#ffffff;\n}\n<\/style>\n<div  class='avia-image-container av-i0yge-cc02cfa329c83e3742c62ab484f7730e av-styling- avia-align-center  avia-builder-el-7  el_before_av_textblock  avia-builder-el-first '   itemprop=\"image\" itemscope=\"itemscope\" itemtype=\"https:\/\/schema.org\/ImageObject\" ><div class=\"avia-image-container-inner\"><div class=\"avia-image-overlay-wrap\"><img fetchpriority=\"high\" class='wp-image-513 avia-img-lazy-loading-not-513 avia_image ' src='https:\/\/klett.cz\/snova-klass\/wp-content\/uploads\/Klett_Snova_Klass_ucebnice_tabule_700x5151-300x221.png' alt='' title='Klett_Snova_Klass_ucebnice_tabule_700x515[1]'  height=\"221\" width=\"300\"  itemprop=\"thumbnailUrl\"  \/><\/div><\/div><\/div><br \/>\n<section  class='av_textblock_section av-1sagm-96ddc40b04e714fb6bf1e4b03c9b7a30 '   itemscope=\"itemscope\" itemtype=\"https:\/\/schema.org\/CreativeWork\" ><div class='avia_textblock'  itemprop=\"text\" ><h3 style=\"text-align: center;\">V\u00ddUKA S INTERAKTIVN\u00cd PODPOROU<\/h3>\n<p style=\"text-align: center;\">Propojte tradi\u010dn\u00ed u\u010debnici a pracovn\u00ed se\u0161it s modern\u00ed v\u00fdukou. Vyu\u017eijte interaktivn\u00ed podporu v\u00fduky, nap\u0159. formou interaktivn\u00ed tabule \u010di voliteln\u00e9ho vyu\u017eit\u00ed mobiln\u00edch telefon\u016f a tablet\u016f.<\/p>\n<\/div><\/section><\/p><\/div>\n<style type=\"text\/css\" data-created_by=\"avia_inline_auto\" id=\"style-css-av-h8fde-173e0274f2540b62c6c466eafe8ab6d4\">\n.flex_column.av-h8fde-173e0274f2540b62c6c466eafe8ab6d4{\nborder-radius:0px 0px 0px 0px;\npadding:0px 0px 0px 0px;\n}\n<\/style>\n<div  class='flex_column av-h8fde-173e0274f2540b62c6c466eafe8ab6d4 av_one_third  avia-builder-el-9  el_after_av_one_third  el_before_av_hr  flex_column_div av-zero-column-padding  '     ><p>\n<style type=\"text\/css\" data-created_by=\"avia_inline_auto\" id=\"style-css-av-g7i4m-0f104127018a6902d580703041494d9a\">\n.avia-image-container.av-g7i4m-0f104127018a6902d580703041494d9a img.avia_image{\nbox-shadow:none;\n}\n.avia-image-container.av-g7i4m-0f104127018a6902d580703041494d9a .av-image-caption-overlay-center{\ncolor:#ffffff;\n}\n<\/style>\n<div  class='avia-image-container av-g7i4m-0f104127018a6902d580703041494d9a av-styling- avia-align-center  avia-builder-el-10  el_before_av_textblock  avia-builder-el-first '   itemprop=\"image\" itemscope=\"itemscope\" itemtype=\"https:\/\/schema.org\/ImageObject\" ><div class=\"avia-image-container-inner\"><div class=\"avia-image-overlay-wrap\"><img fetchpriority=\"high\" class='wp-image-514 avia-img-lazy-loading-not-514 avia_image ' src='https:\/\/klett.cz\/snova-klass\/wp-content\/uploads\/Klett_Snova_Klass_ucebnice_tabule_PC_tablet_mobil_700x515-300x221.png' alt='' title='Klett_Snova_Klass_ucebnice_tabule_PC_tablet_mobil_700x515'  height=\"221\" width=\"300\"  itemprop=\"thumbnailUrl\"  \/><\/div><\/div><\/div><br \/>\n<section  class='av_textblock_section av-fk6me-2bd00802a07e44ffa7849bca6e68c183 '   itemscope=\"itemscope\" itemtype=\"https:\/\/schema.org\/CreativeWork\" ><div class='avia_textblock'  itemprop=\"text\" ><h3 style=\"text-align: center;\">PLN\u011a INTERAKTIVN\u00cd V\u00ddUKA<\/h3>\n<p style=\"text-align: center;\">Pou\u017eijte ti\u0161t\u011bnou u\u010debnici s integrovan\u00fdm pracovn\u00edm se\u0161item v\u010detn\u011b pln\u00e9 interaktivn\u00ed podpory vyu\u010duj\u00edc\u00edch i \u017e\u00e1k\u016f. Pomoc\u00ed Klett Learning Management System spravujte svou virtu\u00e1ln\u00ed t\u0159\u00eddu, p\u0159ipojte sv\u00e9 \u017e\u00e1ky a m\u011bjte p\u0159ehled o jejich v\u00fdsledc\u00edch<\/p>\n<\/div><\/section><\/p><\/div>\n<style type=\"text\/css\" data-created_by=\"avia_inline_auto\" id=\"style-css-av-fe3n2-855b8a7fcc98ef291b4c491858756c75\">\n#top .hr.hr-invisible.av-fe3n2-855b8a7fcc98ef291b4c491858756c75{\nheight:80px;\n}\n<\/style>\n<div  class='hr av-fe3n2-855b8a7fcc98ef291b4c491858756c75 hr-invisible  avia-builder-el-12  el_after_av_one_third  el_before_av_one_full '><span class='hr-inner '><span class=\"hr-inner-style\"><\/span><\/span><\/div><\/p>\n\n<style type=\"text\/css\" data-created_by=\"avia_inline_auto\" id=\"style-css-av-1g33y-c3460b727e59c4c962120296731d17b9\">\n.flex_column.av-1g33y-c3460b727e59c4c962120296731d17b9{\nborder-radius:0px 0px 0px 0px;\npadding:0px 0px 0px 0px;\n}\n<\/style>\n<div  class='flex_column av-1g33y-c3460b727e59c4c962120296731d17b9 av_one_full  avia-builder-el-13  el_after_av_hr  el_before_av_one_full  first flex_column_div av-zero-column-padding  '     ><section  class='av_textblock_section av-e6z66-5452ef5c445cbdb756c29fad05f67bd1 '   itemscope=\"itemscope\" itemtype=\"https:\/\/schema.org\/CreativeWork\" ><div class='avia_textblock'  itemprop=\"text\" ><h1 style=\"text-align: center;\">KLETT LEARNING MANAGEMENT SYSTEM<\/h1>\n<\/div><\/section><br \/>\n\n<style type=\"text\/css\" data-created_by=\"avia_inline_auto\" id=\"style-css-av-1cg3a-3faf6787a3a7e9467c15ff1a5d4d108f\">\n.avia-image-container.av-1cg3a-3faf6787a3a7e9467c15ff1a5d4d108f img.avia_image{\nbox-shadow:none;\n}\n.avia-image-container.av-1cg3a-3faf6787a3a7e9467c15ff1a5d4d108f .av-image-caption-overlay-center{\ncolor:#ffffff;\n}\n<\/style>\n<div  class='avia-image-container av-1cg3a-3faf6787a3a7e9467c15ff1a5d4d108f av-styling- avia-align-center  avia-builder-el-15  el_after_av_textblock  avia-builder-el-last '   itemprop=\"image\" itemscope=\"itemscope\" itemtype=\"https:\/\/schema.org\/ImageObject\" ><div class=\"avia-image-container-inner\"><div class=\"avia-image-overlay-wrap\"><img fetchpriority=\"high\" class='wp-image-515 avia-img-lazy-loading-not-515 avia_image ' src='https:\/\/klett.cz\/snova-klass\/wp-content\/uploads\/Klett_Snova_Klass_ucebnice_tabule_PC_tablet_mobil_700x515-1.png' alt='' title='Klett_Snova_Klass_ucebnice_tabule_PC_tablet_mobil_700x515'  height=\"515\" width=\"700\"  itemprop=\"thumbnailUrl\"  \/><\/div><\/div><\/div><\/p><\/div>\n\n<style type=\"text\/css\" data-created_by=\"avia_inline_auto\" id=\"style-css-av-cx0um-ab9df831fa607d5f9b9b984a0fd35d5b\">\n.flex_column.av-cx0um-ab9df831fa607d5f9b9b984a0fd35d5b{\nborder-radius:0px 0px 0px 0px;\npadding:0px 0px 0px 0px;\n}\n<\/style>\n<div  class='flex_column av-cx0um-ab9df831fa607d5f9b9b984a0fd35d5b av_one_full  avia-builder-el-16  el_after_av_one_full  el_before_av_hr  first flex_column_div av-zero-column-padding  column-top-margin'     ><section  class='av_textblock_section av-c9r4a-1146971a92b87c420be882beb54b8726 '   itemscope=\"itemscope\" itemtype=\"https:\/\/schema.org\/CreativeWork\" ><div class='avia_textblock'  itemprop=\"text\" ><h3 style=\"text-align: center;\">Co v\u00e1m interaktivn\u00ed port\u00e1l Klett LMS umo\u017e\u0148uje?<\/h3>\n<p style=\"text-align: center;\"><strong>#<\/strong> Spoj\u00edte \u017e\u00e1ky do jedn\u00e9 virtu\u00e1ln\u00ed u\u010debny.<\/p>\n<p style=\"text-align: center;\"><strong>#<\/strong> Organizujete individu\u00e1ln\u00ed pr\u00e1ce \u017e\u00e1k\u016f i skupin.<\/p>\n<p style=\"text-align: center;\"><strong>#<\/strong> Zad\u00e1v\u00e1te a kontrolujete dom\u00e1c\u00ed pr\u00e1ci jednotliv\u00fdch \u017e\u00e1k\u016f.<\/p>\n<p style=\"text-align: center;\"><strong>#<\/strong> Sledujete v\u00fdvoj jednotliv\u00fdch \u017e\u00e1k\u016f.<\/p>\n<p style=\"text-align: center;\"><strong>#<\/strong> M\u00e1te k dispozici p\u0159ehledn\u00e9 a graficky zpracovan\u00e9 \u00fadaje.<\/p>\n<p style=\"text-align: center;\"><strong>#<\/strong> Snadno p\u0159iprav\u00edte dal\u0161\u00ed dopl\u0148kov\u00e9 a metodick\u00e9 materi\u00e1ly.<\/p>\n<p style=\"text-align: center;\"><strong>Pod\u00edvejte se na uk\u00e1zku interaktivn\u00ed v\u00fduky s Snova Klass!<\/strong><\/p>\n<\/div><\/section><br \/>\n<div  class='avia-button-wrap av-bg7du-595109baba81a834535efa88554c7f93-wrap avia-button-center  avia-builder-el-18  el_after_av_textblock  avia-builder-el-last '><a href='https:\/\/www.mauthor.com\/present\/5335630212104192'  class='avia-button av-bg7du-595109baba81a834535efa88554c7f93 av-link-btn avia-icon_select-yes-left-icon avia-size-large avia-position-center avia-color-theme-color'  target=\"_blank\"  rel=\"noopener noreferrer\"  aria-label=\"To chci vid\u011bt \"><span class='avia_button_icon avia_button_icon_left avia-iconfont avia-font-entypo-fontello' data-av_icon='\ue826' data-av_iconfont='entypo-fontello' ><\/span><span class='avia_iconbox_title' >To chci vid\u011bt <\/span><\/a><\/div><\/p><\/div>\n<style type=\"text\/css\" data-created_by=\"avia_inline_auto\" id=\"style-css-av-awumi-67271e446174ae4783d8a7ee8824c8ad\">\n#top .hr.hr-invisible.av-awumi-67271e446174ae4783d8a7ee8824c8ad{\nheight:80px;\n}\n<\/style>\n<div  class='hr av-awumi-67271e446174ae4783d8a7ee8824c8ad hr-invisible  avia-builder-el-19  el_after_av_one_full  el_before_av_one_full '><span class='hr-inner '><span class=\"hr-inner-style\"><\/span><\/span><\/div><\/p>\n\n<style type=\"text\/css\" data-created_by=\"avia_inline_auto\" id=\"style-css-av-bmz25-60bf4db1abc2bcb0a3c80ba6c9bb3f37\">\n.flex_column.av-bmz25-60bf4db1abc2bcb0a3c80ba6c9bb3f37{\nborder-radius:0px 0px 0px 0px;\npadding:0px 0px 0px 0px;\n}\n<\/style>\n<div  class='flex_column av-bmz25-60bf4db1abc2bcb0a3c80ba6c9bb3f37 av_one_full  avia-builder-el-20  el_after_av_hr  el_before_av_one_full  first flex_column_div av-zero-column-padding  '     ><p>\n<style type=\"text\/css\" data-created_by=\"avia_inline_auto\" id=\"style-css-av-ab0wh-c988cf5b4a6ab4825f860314c26cedfb\">\n#top .hr.hr-invisible.av-ab0wh-c988cf5b4a6ab4825f860314c26cedfb{\nheight:50px;\n}\n<\/style>\n<div  class='hr av-ab0wh-c988cf5b4a6ab4825f860314c26cedfb hr-invisible  avia-builder-el-21  el_before_av_textblock  avia-builder-el-first '><span class='hr-inner '><span class=\"hr-inner-style\"><\/span><\/span><\/div><br \/>\n<section  class='av_textblock_section av-b3nj9-653e6ecbb87b2bb689906903a5e649c2 '   itemscope=\"itemscope\" itemtype=\"https:\/\/schema.org\/CreativeWork\" ><div class='avia_textblock'  itemprop=\"text\" ><h2 style=\"text-align: center;\">SEZNAMTE SE SE SNOVA KLASS! ZDARMA<\/h2>\n<p style=\"text-align: center;\">Chcete se sezn\u00e1mit s u\u010debnic\u00ed Snova Klass!? Vyberte si variantu, kter\u00e1 v\u00e1m vyhovuje, vypl\u0148te formul\u00e1\u0159 se \u017e\u00e1dost\u00ed a my v\u00e1m v\u00fdtisk doru\u010d\u00edme do \u0161koly.<\/p>\n<\/div><\/section><\/p><\/div>\n\n<style type=\"text\/css\" data-created_by=\"avia_inline_auto\" id=\"style-css-av-1csqu-e79627d81a7b96b2caa2a2da5f3c2ccf\">\n.flex_column.av-1csqu-e79627d81a7b96b2caa2a2da5f3c2ccf{\nborder-radius:0px 0px 0px 0px;\npadding:0px 0px 0px 0px;\n}\n<\/style>\n<div  class='flex_column av-1csqu-e79627d81a7b96b2caa2a2da5f3c2ccf av_one_full  avia-builder-el-23  el_after_av_one_full  el_before_av_one_full  first flex_column_div av-zero-column-padding  column-top-margin'     ><section  class='av_textblock_section av-k66l242z-98f26de49647efa2d92d139a80a09169 '   itemscope=\"itemscope\" itemtype=\"https:\/\/schema.org\/CreativeWork\" ><div class='avia_textblock'  itemprop=\"text\" ><h2 style=\"text-align: center;\">VZOROV\u00dd V\u00ddTISK SNOVA KLASS!<\/h2>\n<p style=\"text-align: center;\">Chcete nahl\u00e9dnout do u\u010debn\u00ed sady Snova Klass! a poznat, co nab\u00edz\u00ed? Vy\u017e\u00e1dejte si zdarma zasl\u00e1n\u00ed vzorov\u00fdch v\u00fdtisk\u016f k prvn\u00edmu, druh\u00e9mu nebo t\u0159et\u00edmu d\u00edlu: z\u00e1silka bude obsahovat kompletn\u00ed u\u010debnici s integrovan\u00fdm pracovn\u00edm se\u0161item.<\/p>\n<\/div><\/section><\/div>\n\n<style type=\"text\/css\" data-created_by=\"avia_inline_auto\" id=\"style-css-av-yq6q-8bac932cad0a1a3f35ddbcddee354219\">\n.flex_column.av-yq6q-8bac932cad0a1a3f35ddbcddee354219{\nborder-radius:0px 0px 0px 0px;\npadding:0px 0px 0px 0px;\n}\n<\/style>\n<div  class='flex_column av-yq6q-8bac932cad0a1a3f35ddbcddee354219 av_one_full  avia-builder-el-25  el_after_av_one_full  el_before_av_contact  first flex_column_div av-zero-column-padding  column-top-margin'     ><section  class='av_textblock_section av-k66lr0ng-f067610d54f64e9b7d6f86d717dc6828 '   itemscope=\"itemscope\" itemtype=\"https:\/\/schema.org\/CreativeWork\" ><div class='avia_textblock'  itemprop=\"text\" ><p style=\"text-align: center;\">Vypln\u011bn\u00edm formul\u00e1\u0159e \u0161kole nevznik\u00e1 \u017e\u00e1dn\u00e1 povinnost ani z\u00e1vazek v\u016f\u010di Klett nakladatelstv\u00ed. V\u0161echny n\u00e1klady spojen\u00e9 se zasl\u00e1n\u00edm vzorov\u00fdch v\u00fdtisk\u016f pln\u011b hrad\u00ed Klett nakladatelstv\u00ed. Vzorky jsou ur\u010deny pouze pro u\u010ditele ciz\u00edch jazyk\u016f \u010di \u0159editele \u0161kol.<\/p>\n<\/div><\/section><br \/>\n\n<style type=\"text\/css\" data-created_by=\"avia_inline_auto\" id=\"style-css-av-ab0wh-c988cf5b4a6ab4825f860314c26cedfb\">\n#top .hr.hr-invisible.av-ab0wh-c988cf5b4a6ab4825f860314c26cedfb{\nheight:50px;\n}\n<\/style>\n<div  class='hr av-ab0wh-c988cf5b4a6ab4825f860314c26cedfb hr-invisible  avia-builder-el-27  el_after_av_textblock  avia-builder-el-last '><span class='hr-inner '><span class=\"hr-inner-style\"><\/span><\/span><\/div><\/p><\/div>\n<form action=\"https:\/\/klett.cz\/snova-klass\/vyukova-sada\/\" method=\"post\" data-fields-with-error=\"Found errors in the following field(s):\" class=\"avia_ajax_form av-form-labels-visible   avia-builder-el-28  el_after_av_one_full  el_before_av_hr   \" data-avia-form-id=\"1\" data-avia-redirect='https:\/\/klett.cz\/snova-klass\/dekujeme\/' ><h3 class=''>Napi\u0161te n\u00e1m, co si p\u0159ejete<\/h3><fieldset><p class='  first_form  form_element form_element_half' id='element_avia_1_1'><label for=\"avia_1_1\">Jm\u00e9no <abbr class=\"required\" title=\"required\">*<\/abbr><\/label> <input name=\"avia_1_1\" class=\"text_input is_empty\" type=\"text\" id=\"avia_1_1\" value=\"\" \/><\/p><p class='  form_element form_element_half' id='element_avia_2_1'><label for=\"avia_2_1\">P\u0159\u00edjmen\u00ed <abbr class=\"required\" title=\"required\">*<\/abbr><\/label> <input name=\"avia_2_1\" class=\"text_input is_empty\" type=\"text\" id=\"avia_2_1\" value=\"\" \/><\/p><p class='  first_form  form_element form_element_half' id='element_avia_3_1'><label for=\"avia_3_1\">E-Mail <abbr class=\"required\" title=\"required\">*<\/abbr><\/label> <input name=\"avia_3_1\" class=\"text_input is_email\" type=\"text\" id=\"avia_3_1\" value=\"\" \/><\/p><p class='  form_element form_element_half' id='element_avia_4_1'><label for=\"avia_4_1\">N\u00e1zev \u0161koly a adresa <abbr class=\"required\" title=\"required\">*<\/abbr><\/label> <input name=\"avia_4_1\" class=\"text_input is_empty\" type=\"text\" id=\"avia_4_1\" value=\"\" \/><\/p><p class='  first_form  form_element form_element_half' id='element_avia_5_1'><input  name=\"avia_5_1\" class=\"input_checkbox \" type=\"checkbox\" id=\"avia_5_1\" value=\"true\"\/><label class=\"input_checkbox_label\" for=\"avia_5_1\">Vzorov\u00fd v\u00fdtisk Snova Klass! 1 \u2013 zdarma<\/label><\/p><p class='  form_element form_element_half' id='element_avia_6_1'><input  name=\"avia_6_1\" class=\"input_checkbox \" type=\"checkbox\" id=\"avia_6_1\" value=\"true\"\/><label class=\"input_checkbox_label\" for=\"avia_6_1\">Vzorov\u00fd v\u00fdtisk Snova Klass! 2 \u2013 zdarma<\/label><\/p><p class='  first_form  form_element form_element_half' id='element_avia_7_1'><input  name=\"avia_7_1\" class=\"input_checkbox \" type=\"checkbox\" id=\"avia_7_1\" value=\"true\"\/><label class=\"input_checkbox_label\" for=\"avia_7_1\">Vzorov\u00fd v\u00fdtisk Klass! 3 \u2013 zdarma<\/label><\/p><p class='  form_element form_element_half' id='element_avia_8_1'><input  name=\"avia_8_1\" class=\"input_checkbox \" type=\"checkbox\" id=\"avia_8_1\" value=\"true\"\/><label class=\"input_checkbox_label\" for=\"avia_8_1\">\u0160kolen\u00ed na v\u00fdukov\u00fd interaktivn\u00ed Klett LMS zdarma<\/label><\/p><p class='  first_form  form_element form_element_half' id='element_avia_9_1'><input  name=\"avia_9_1\" class=\"input_checkbox \" type=\"checkbox\" id=\"avia_9_1\" value=\"true\"\/><label class=\"input_checkbox_label\" for=\"avia_9_1\">Prezentaci na moj\u00ed \u0161kole zdarma<\/label><\/p><p class='  form_element form_element_half av-last-visible-form-element' id='element_avia_10_1'><input  name=\"avia_10_1\" class=\"input_checkbox \" type=\"checkbox\" id=\"avia_10_1\" value=\"true\"\/><label class=\"input_checkbox_label\" for=\"avia_10_1\">Chci se st\u00e1t redak\u010dn\u00edm evalu\u00e1torem<\/label><\/p><p class=\"hidden\"><input type=\"text\" name=\"avia_11_1\" class=\"hidden \" id=\"avia_11_1\" value=\"\" \/><\/p><p class=\"form_element \"><input type=\"hidden\" value=\"1\" name=\"avia_generated_form1\" \/><input type=\"submit\" value=\"Odeslat\" class=\"button\"  data-sending-label=\"Sending\"\/><\/p><\/fieldset><\/form><div id=\"ajaxresponse_1\" class=\"ajaxresponse ajaxresponse_1 hidden\"><\/div>\n\n<style type=\"text\/css\" data-created_by=\"avia_inline_auto\" id=\"style-css-av-2tj7a-d3ab70737fac46e12057874375f9f323\">\n#top .hr.hr-invisible.av-2tj7a-d3ab70737fac46e12057874375f9f323{\nheight:80px;\n}\n<\/style>\n<div  class='hr av-2tj7a-d3ab70737fac46e12057874375f9f323 hr-invisible  avia-builder-el-29  el_after_av_contact  el_before_av_one_full '><span class='hr-inner '><span class=\"hr-inner-style\"><\/span><\/span><\/div>\n\n<style type=\"text\/css\" data-created_by=\"avia_inline_auto\" id=\"style-css-av-6nje-178c612815a4fed2385139bd05a26d89\">\n.flex_column.av-6nje-178c612815a4fed2385139bd05a26d89{\nborder-radius:0px 0px 0px 0px;\npadding:0px 0px 0px 0px;\n}\n<\/style>\n<div  class='flex_column av-6nje-178c612815a4fed2385139bd05a26d89 av_one_full  avia-builder-el-30  el_after_av_hr  avia-builder-el-last  first flex_column_div av-zero-column-padding  '     ><section  class='av_textblock_section av-1afbu-876fff03d04e08be8223cf01d9ad515c '   itemscope=\"itemscope\" itemtype=\"https:\/\/schema.org\/CreativeWork\" ><div class='avia_textblock'  itemprop=\"text\" ><p style=\"text-align: center;\"><strong>P\u0159ejete si dost\u00e1vat informace o novink\u00e1ch, produktech a n\u00e1mi po\u0159\u00e1dan\u00fdch akc\u00edch?\u00a0<\/strong><\/p>\n<p style=\"text-align: center;\">Vypl\u0148te souhlas a my v\u00e1s budeme r\u00e1di kontaktovat.<\/p>\n<\/div><\/section><br \/>\n<div  class='avia-button-wrap av-qooi-846aab1d346c65852951ac1ee722bb20-wrap avia-button-center  avia-builder-el-32  el_after_av_textblock  avia-builder-el-last '><a href='https:\/\/www.klett.cz\/souhlas'  class='avia-button av-qooi-846aab1d346c65852951ac1ee722bb20 av-link-btn avia-icon_select-no avia-size-large avia-position-center avia-color-theme-color'  target=\"_blank\"  rel=\"noopener noreferrer\"  aria-label=\"Souhlas\"><span class='avia_iconbox_title' >Souhlas<\/span><\/a><\/div><\/p><\/div>\n","protected":false},"excerpt":{"rendered":"","protected":false},"author":2,"featured_media":0,"parent":0,"menu_order":0,"comment_status":"closed","ping_status":"closed","template":"","meta":{"footnotes":""},"class_list":["post-42","page","type-page","status-publish","hentry"],"_links":{"self":[{"href":"https:\/\/klett.cz\/snova-klass\/wp-json\/wp\/v2\/pages\/42","targetHints":{"allow":["GET"]}}],"collection":[{"href":"https:\/\/klett.cz\/snova-klass\/wp-json\/wp\/v2\/pages"}],"about":[{"href":"https:\/\/klett.cz\/snova-klass\/wp-json\/wp\/v2\/types\/page"}],"author":[{"embeddable":true,"href":"https:\/\/klett.cz\/snova-klass\/wp-json\/wp\/v2\/users\/2"}],"replies":[{"embeddable":true,"href":"https:\/\/klett.cz\/snova-klass\/wp-json\/wp\/v2\/comments?post=42"}],"version-history":[{"count":17,"href":"https:\/\/klett.cz\/snova-klass\/wp-json\/wp\/v2\/pages\/42\/revisions"}],"predecessor-version":[{"id":524,"href":"https:\/\/klett.cz\/snova-klass\/wp-json\/wp\/v2\/pages\/42\/revisions\/524"}],"wp:attachment":[{"href":"https:\/\/klett.cz\/snova-klass\/wp-json\/wp\/v2\/media?parent=42"}],"curies":[{"name":"wp","href":"https:\/\/api.w.org\/{rel}","templated":true}]}}