{"id":2,"date":"2018-04-25T18:25:53","date_gmt":"2018-04-25T16:25:53","guid":{"rendered":"http:\/\/klett.cz\/maximalinteraktiv\/?page_id=2"},"modified":"2022-02-17T10:34:05","modified_gmt":"2022-02-17T09:34:05","slug":"zkusebni-stranka","status":"publish","type":"page","link":"https:\/\/klett.cz\/snova-klass\/","title":{"rendered":"Dom\u016f"},"content":{"rendered":"\n<style type=\"text\/css\" data-created_by=\"avia_inline_auto\" id=\"style-css-av-28bq-bb04576439b489dd5c4d4f68d18dbfcb\">\n.avia-image-container.av-28bq-bb04576439b489dd5c4d4f68d18dbfcb img.avia_image{\nbox-shadow:none;\n}\n.avia-image-container.av-28bq-bb04576439b489dd5c4d4f68d18dbfcb .av-image-caption-overlay-center{\ncolor:#ffffff;\n}\n<\/style>\n<div  class='avia-image-container av-28bq-bb04576439b489dd5c4d4f68d18dbfcb av-styling- avia-align-center  avia-builder-el-0  el_before_av_hr  avia-builder-el-first '   itemprop=\"image\" itemscope=\"itemscope\" itemtype=\"https:\/\/schema.org\/ImageObject\" ><div class=\"avia-image-container-inner\"><div class=\"avia-image-overlay-wrap\"><img fetchpriority=\"high\" class='wp-image-359 avia-img-lazy-loading-not-359 avia_image ' src='https:\/\/klett.cz\/snova-klass\/wp-content\/uploads\/1_Klett_Snova_Klass_banner_1500x630.jpg' alt='' title='1_Klett_Snova_Klass_banner_1500x630'  height=\"630\" width=\"1500\"  itemprop=\"thumbnailUrl\"  \/><\/div><\/div><\/div>\n\n<style type=\"text\/css\" data-created_by=\"avia_inline_auto\" id=\"style-css-av-la06-c76671bd8da5c88572fc1ff7ef703de1\">\n#top .hr.hr-invisible.av-la06-c76671bd8da5c88572fc1ff7ef703de1{\nheight:50px;\n}\n<\/style>\n<div  class='hr av-la06-c76671bd8da5c88572fc1ff7ef703de1 hr-invisible  avia-builder-el-1  el_after_av_image  el_before_av_one_full '><span class='hr-inner '><span class=\"hr-inner-style\"><\/span><\/span><\/div>\n\n<style type=\"text\/css\" data-created_by=\"avia_inline_auto\" id=\"style-css-av-i4ka-40b101598816aca86aef0cc2db0cefab\">\n.flex_column.av-i4ka-40b101598816aca86aef0cc2db0cefab{\nborder-radius:0px 0px 0px 0px;\npadding:0px 0px 0px 0px;\n}\n<\/style>\n<div  class='flex_column av-i4ka-40b101598816aca86aef0cc2db0cefab av_one_full  avia-builder-el-2  el_after_av_hr  el_before_av_one_full  first flex_column_div av-zero-column-padding  '     ><section  class='av_textblock_section av-gzva-e862f5bcfcbd973637608b065d14d727 '   itemscope=\"itemscope\" itemtype=\"https:\/\/schema.org\/CreativeWork\" ><div class='avia_textblock'  itemprop=\"text\" ><h1 style=\"text-align: center;\">Snova Klass<br \/>\n<strong>\u0421\u043d\u043e\u0432\u0430 \u043a\u043b\u0430\u0441\u0441!<\/strong><\/h1>\n<\/div><\/section><\/div>\n\n<style type=\"text\/css\" data-created_by=\"avia_inline_auto\" id=\"style-css-av-d3cy-77a8ba1d64b591013cc8933cf2bc0a9c\">\n.flex_column.av-d3cy-77a8ba1d64b591013cc8933cf2bc0a9c{\nborder-radius:0px 0px 0px 0px;\npadding:0px 0px 0px 0px;\n}\n<\/style>\n<div  class='flex_column av-d3cy-77a8ba1d64b591013cc8933cf2bc0a9c av_one_full  avia-builder-el-4  el_after_av_one_full  el_before_av_one_full  first flex_column_div av-zero-column-padding  column-top-margin'     ><section  class='av_textblock_section av-bh22-93d4d9d79c72d542ce7f2d59231824ad '   itemscope=\"itemscope\" itemtype=\"https:\/\/schema.org\/CreativeWork\" ><div class='avia_textblock'  itemprop=\"text\" ><p style=\"text-align: center;\"><strong>Snova Klass! 1 a 2, Klass! 3 <\/strong>je soubor v\u00fdukov\u00fdch materi\u00e1l\u016f pro st\u0159edn\u00ed \u0161koly a gymn\u00e1zia, kter\u00fd byl vytvo\u0159en zku\u0161en\u00fdm t\u00fdmem autor\u016f a redaktor\u016f nakladatelstv\u00ed Klett.<\/p>\n<p style=\"text-align: center;\"><strong>U\u010debnice Snova Klass! 1 a 2, Klass! 3 <\/strong>jsou ur\u010deny \u017e\u00e1k\u016fm 1.\u20134. ro\u010dn\u00edk\u016f st\u0159edn\u00edch \u0161kol a gymn\u00e1zi\u00ed, kte\u0159\u00ed se studiem rusk\u00e9ho jazyka za\u010d\u00ednaj\u00ed. T\u0159\u00edd\u00edln\u00e1 sada dovede \u017e\u00e1ky na \u00farove\u0148 B1 dle SERR a pokryje \u010dty\u0159i roky studia p\u0159i dotaci 2 hodiny t\u00fddn\u011b.<\/p>\n<p style=\"text-align: center;\">V\u0161echny 3 d\u00edly u\u010debnice <strong>Snova Klass! <\/strong>(Snova Klass! 1 a 2, Klass! 3) byly schv\u00e1leny Ministerstvem \u0161kolstv\u00ed, ml\u00e1de\u017ee a t\u011blov\u00fdchovy.<\/p>\n<\/div><\/section><\/div>\n\n<style type=\"text\/css\" data-created_by=\"avia_inline_auto\" id=\"style-css-av-90lw-0caa92404c8333e5db8f3029f7ee6920\">\n.flex_column.av-90lw-0caa92404c8333e5db8f3029f7ee6920{\nborder-radius:0px 0px 0px 0px;\npadding:0px 0px 0px 0px;\n}\n<\/style>\n<div  class='flex_column av-90lw-0caa92404c8333e5db8f3029f7ee6920 av_one_full  avia-builder-el-6  el_after_av_one_full  el_before_av_one_full  first flex_column_div av-zero-column-padding  column-top-margin'     ><div  class='avia-button-wrap av-6vfk-903ab8bf031c19abe41d798b306cae46-wrap avia-button-center  avia-builder-el-7  avia-builder-el-no-sibling '><a href='https:\/\/www.mauthor.com\/present\/5335630212104192'  class='avia-button av-6vfk-903ab8bf031c19abe41d798b306cae46 av-link-btn avia-icon_select-yes-left-icon avia-size-large avia-position-center avia-color-theme-color'  target=\"_blank\"  rel=\"noopener noreferrer\"  aria-label=\"Vyzkou\u0161ejte interaktivn\u00ed obsah \u0421\u043d\u043e\u0432\u0430 \u043a\u043b\u0430\u0441\u0441! \"><span class='avia_button_icon avia_button_icon_left avia-iconfont avia-font-entypo-fontello' data-av_icon='\ue803' data-av_iconfont='entypo-fontello' ><\/span><span class='avia_iconbox_title' >Vyzkou\u0161ejte interaktivn\u00ed obsah \u0421\u043d\u043e\u0432\u0430 \u043a\u043b\u0430\u0441\u0441! <\/span><\/a><\/div><\/div>\n<style type=\"text\/css\" data-created_by=\"avia_inline_auto\" id=\"style-css-av-6f4m-a5a0cbc1c106f203fef5684cbed89407\">\n.flex_column.av-6f4m-a5a0cbc1c106f203fef5684cbed89407{\nborder-radius:0px 0px 0px 0px;\npadding:0px 0px 0px 0px;\n}\n<\/style>\n<div  class='flex_column av-6f4m-a5a0cbc1c106f203fef5684cbed89407 av_one_full  avia-builder-el-8  el_after_av_one_full  avia-builder-el-last  first flex_column_div av-zero-column-padding  column-top-margin'     ><style type=\"text\/css\" data-created_by=\"avia_inline_auto\" id=\"style-css-av-3cys-ecf3740218f87fc2962b30be451ae5cc\">\n.avia-image-container.av-3cys-ecf3740218f87fc2962b30be451ae5cc img.avia_image{\nbox-shadow:none;\n}\n.avia-image-container.av-3cys-ecf3740218f87fc2962b30be451ae5cc .av-image-caption-overlay-center{\ncolor:#ffffff;\n}\n<\/style>\n<div  class='avia-image-container av-3cys-ecf3740218f87fc2962b30be451ae5cc av-styling- avia-align-center  avia-builder-el-9  avia-builder-el-no-sibling '   itemprop=\"image\" itemscope=\"itemscope\" itemtype=\"https:\/\/schema.org\/ImageObject\" ><div class=\"avia-image-container-inner\"><div class=\"avia-image-overlay-wrap\"><img fetchpriority=\"high\" class='wp-image-397 avia-img-lazy-loading-not-397 avia_image ' src='https:\/\/klett.cz\/snova-klass\/wp-content\/uploads\/2_Klett_Snova_Klass_banner_1500x630_10_duvodu_proc2.jpg' alt='' title='2_Klett_Snova_Klass_banner_1500x630_10_duvodu_proc[2]'  height=\"630\" width=\"1500\"  itemprop=\"thumbnailUrl\"  \/><\/div><\/div><\/div><\/div><\/p>\n","protected":false},"excerpt":{"rendered":"","protected":false},"author":1,"featured_media":0,"parent":0,"menu_order":0,"comment_status":"closed","ping_status":"open","template":"","meta":{"footnotes":""},"class_list":["post-2","page","type-page","status-publish","hentry"],"_links":{"self":[{"href":"https:\/\/klett.cz\/snova-klass\/wp-json\/wp\/v2\/pages\/2","targetHints":{"allow":["GET"]}}],"collection":[{"href":"https:\/\/klett.cz\/snova-klass\/wp-json\/wp\/v2\/pages"}],"about":[{"href":"https:\/\/klett.cz\/snova-klass\/wp-json\/wp\/v2\/types\/page"}],"author":[{"embeddable":true,"href":"https:\/\/klett.cz\/snova-klass\/wp-json\/wp\/v2\/users\/1"}],"replies":[{"embeddable":true,"href":"https:\/\/klett.cz\/snova-klass\/wp-json\/wp\/v2\/comments?post=2"}],"version-history":[{"count":21,"href":"https:\/\/klett.cz\/snova-klass\/wp-json\/wp\/v2\/pages\/2\/revisions"}],"predecessor-version":[{"id":500,"href":"https:\/\/klett.cz\/snova-klass\/wp-json\/wp\/v2\/pages\/2\/revisions\/500"}],"wp:attachment":[{"href":"https:\/\/klett.cz\/snova-klass\/wp-json\/wp\/v2\/media?parent=2"}],"curies":[{"name":"wp","href":"https:\/\/api.w.org\/{rel}","templated":true}]}}