{"id":36,"date":"2018-10-11T10:47:29","date_gmt":"2018-10-11T08:47:29","guid":{"rendered":"https:\/\/klett.cz\/kmi\/?page_id=36"},"modified":"2025-08-25T15:00:24","modified_gmt":"2025-08-25T13:00:24","slug":"ukazky","status":"publish","type":"page","link":"https:\/\/klett.cz\/nuttys-english\/ukazky\/","title":{"rendered":"Uk\u00e1zky a materi\u00e1ly"},"content":{"rendered":"<section  class='av_textblock_section av-9tdv4-c5803af681c003909770dfc51c74b421 '   itemscope=\"itemscope\" itemtype=\"https:\/\/schema.org\/CreativeWork\" ><div class='avia_textblock'  itemprop=\"text\" ><h1 style=\"text-align: center;\">UK\u00c1ZKY V\u00ddUKOV\u00c9 SADY NUTTY\u2019S ENGLISH<\/h1>\n<p style=\"text-align: center;\">Materi\u00e1ly jsou voln\u011b ke sta\u017een\u00ed \u010di poslechu bez registrace a p\u0159ihl\u00e1\u0161en\u00ed. M\u00e1te-li dotazy ke zve\u0159ejn\u011bn\u00fdm materi\u00e1l\u016fm, obra\u0165te se na na\u0161i\u00a0<a href=\"http:\/\/klett.cz\/nuttys-english\/kontakty\/\">infolinku<\/a>\u00a0nebo n\u00e1m napi\u0161te\u00a0<a href=\"http:\/\/klett.cz\/forest-friends\/kontakt\">e-mail<\/a>.<\/p>\n<\/div><\/section>\n\n<style type=\"text\/css\" data-created_by=\"avia_inline_auto\" id=\"style-css-av-8i0rs-effe34077b3a8f756e24adc131bffd15\">\n#top .hr.hr-invisible.av-8i0rs-effe34077b3a8f756e24adc131bffd15{\nheight:80px;\n}\n<\/style>\n<div  class='hr av-8i0rs-effe34077b3a8f756e24adc131bffd15 hr-invisible  avia-builder-el-1  el_after_av_textblock  el_before_av_textblock '><span class='hr-inner '><span class=\"hr-inner-style\"><\/span><\/span><\/div>\n<section  class='av_textblock_section av-9ceg0-fc5f10bad013135f0d97163575789a59 '   itemscope=\"itemscope\" itemtype=\"https:\/\/schema.org\/CreativeWork\" ><div class='avia_textblock'  itemprop=\"text\" ><h2 style=\"text-align: center;\">Uk\u00e1zky v\u00fdukov\u00fdch materi\u00e1l\u016f Nutty\u2019s English<\/h2>\n<\/div><\/section>\n\n<style type=\"text\/css\" data-created_by=\"avia_inline_auto\" id=\"style-css-av-si14-d52d82535e47de154d338a60ed3a2260\">\n#top .av-masonry.av-si14-d52d82535e47de154d338a60ed3a2260{\nbackground-color:#ffffff;\n}\n<\/style>\n<div id='av-masonry-1' class='av-masonry av-si14-d52d82535e47de154d338a60ed3a2260 noHover av-flex-size av-large-gap av-hover-overlay-active av-masonry-animation-active av-masonry-col-flexible av-caption-always av-caption-style- av-masonry-gallery ' data-post_id=\"36\"><div class=\"av-masonry-container isotope av-js-disabled\"><div class='av-masonry-entry isotope-item av-masonry-item-no-image '><\/div><a href=\"https:\/\/online.fliphtml5.com\/woejv\/czyd\/index.html#p=1\"  aria-label=\"image Activity Book\"  target=\"_blank\" rel=\"noopener noreferrer\" id='av-masonry-1-item-2100' data-av-masonry-item='2100' class='av-masonry-entry isotope-item post-2100 attachment type-attachment status-inherit hentry  av-masonry-item-with-image' title=\"Activity Book\" alt=\"\"  data-av-masonry-custom-link=\"https:\/\/online.fliphtml5.com\/woejv\/czyd\/index.html#p=1\"  itemprop=\"thumbnailUrl\" ><div class='av-inner-masonry-sizer'><\/div><figure class='av-inner-masonry main_color'><div class=\"av-masonry-outerimage-container\"><div class='av-masonry-image-container'  ><img decoding=\"async\" width=\"497\" height=\"705\" fetchpriority=\"high\" class=\"wp-image-2100 avia-img-lazy-loading-not-2100\"  src=\"https:\/\/klett.cz\/nuttys-english\/wp-content\/uploads\/nuttys-english-activity-book.png\" title=\"Activity Book\" alt=\"\" srcset=\"https:\/\/klett.cz\/nuttys-english\/wp-content\/uploads\/nuttys-english-activity-book.png 497w, https:\/\/klett.cz\/nuttys-english\/wp-content\/uploads\/nuttys-english-activity-book-211x300.png 211w\" sizes=\"(max-width: 497px) 100vw, 497px\" \/><\/div><\/div><figcaption class='av-inner-masonry-content site-background'><div class='av-inner-masonry-content-pos'><div class='av-inner-masonry-content-pos-content'><div class='avia-arrow'><\/div><h3 class='av-masonry-entry-title entry-title '  itemprop=\"headline\" >Activity Book<\/h3><\/div><\/div><\/figcaption><\/figure><\/a><!--end av-masonry entry--><a href=\" https:\/\/online.fliphtml5.com\/woejv\/ngnw\/#p=1\"  aria-label=\"image Metodick\u00e1 p\u0159\u00edru\u010dka\"  target=\"_blank\" rel=\"noopener noreferrer\" id='av-masonry-1-item-2098' data-av-masonry-item='2098' class='av-masonry-entry isotope-item post-2098 attachment type-attachment status-inherit hentry  av-masonry-item-with-image' title=\"Metodick\u00e1 p\u0159\u00edru\u010dka\" alt=\"\"  data-av-masonry-custom-link=\"https:\/\/online.fliphtml5.com\/woejv\/ngnw\/#p=1\"  itemprop=\"thumbnailUrl\" ><div class='av-inner-masonry-sizer'><\/div><figure class='av-inner-masonry main_color'><div class=\"av-masonry-outerimage-container\"><div class='av-masonry-image-container'  ><img decoding=\"async\" width=\"497\" height=\"705\" fetchpriority=\"high\" class=\"wp-image-2098 avia-img-lazy-loading-not-2098\"  src=\"https:\/\/klett.cz\/nuttys-english\/wp-content\/uploads\/nuttys-english-metodika.png\" title=\"Metodick\u00e1 p\u0159\u00edru\u010dka\" alt=\"\" srcset=\"https:\/\/klett.cz\/nuttys-english\/wp-content\/uploads\/nuttys-english-metodika.png 497w, https:\/\/klett.cz\/nuttys-english\/wp-content\/uploads\/nuttys-english-metodika-211x300.png 211w\" sizes=\"(max-width: 497px) 100vw, 497px\" \/><\/div><\/div><figcaption class='av-inner-masonry-content site-background'><div class='av-inner-masonry-content-pos'><div class='av-inner-masonry-content-pos-content'><div class='avia-arrow'><\/div><h3 class='av-masonry-entry-title entry-title '  itemprop=\"headline\" >Metodick\u00e1 p\u0159\u00edru\u010dka<\/h3><\/div><\/div><\/figcaption><\/figure><\/a><!--end av-masonry entry--><a href=\"https:\/\/klett.cz\/nuttys-english\/wp-content\/uploads\/nuttys-english-booster-ukazka.pdf\"  aria-label=\"image Booster\"  target=\"_blank\" rel=\"noopener noreferrer\" id='av-masonry-1-item-2099' data-av-masonry-item='2099' class='av-masonry-entry isotope-item post-2099 attachment type-attachment status-inherit hentry  av-masonry-item-with-image' title=\"Booster\" alt=\"\"  data-av-masonry-custom-link=\"https:\/\/klett.cz\/nuttys-english\/wp-content\/uploads\/nuttys-english-booster-ukazka.pdf\"  itemprop=\"thumbnailUrl\" ><div class='av-inner-masonry-sizer'><\/div><figure class='av-inner-masonry main_color'><div class=\"av-masonry-outerimage-container\"><div class='av-masonry-image-container'  ><img decoding=\"async\" width=\"497\" height=\"705\" fetchpriority=\"high\" class=\"wp-image-2099 avia-img-lazy-loading-not-2099\"  src=\"https:\/\/klett.cz\/nuttys-english\/wp-content\/uploads\/nuttys-english-booster.png\" title=\"Booster\" alt=\"\" srcset=\"https:\/\/klett.cz\/nuttys-english\/wp-content\/uploads\/nuttys-english-booster.png 497w, https:\/\/klett.cz\/nuttys-english\/wp-content\/uploads\/nuttys-english-booster-211x300.png 211w\" sizes=\"(max-width: 497px) 100vw, 497px\" \/><\/div><\/div><figcaption class='av-inner-masonry-content site-background'><div class='av-inner-masonry-content-pos'><div class='av-inner-masonry-content-pos-content'><div class='avia-arrow'><\/div><h3 class='av-masonry-entry-title entry-title '  itemprop=\"headline\" >Booster<\/h3><\/div><\/div><\/figcaption><\/figure><\/a><!--end av-masonry entry--><a href=\"https:\/\/klett.cz\/forest-friends\/wp-content\/uploads\/forest-friends-flashcards-lesson-1.pdf\"  aria-label=\"image Flashcards\"  target=\"_blank\" rel=\"noopener noreferrer\" id='av-masonry-1-item-1806' data-av-masonry-item='1806' class='av-masonry-entry isotope-item post-1806 attachment type-attachment status-inherit hentry  av-masonry-item-with-image' title=\"Flashcards\" alt=\"\"  data-av-masonry-custom-link=\"https:\/\/klett.cz\/forest-friends\/wp-content\/uploads\/forest-friends-flashcards-lesson-1.pdf\"  itemprop=\"thumbnailUrl\" ><div class='av-inner-masonry-sizer'><\/div><figure class='av-inner-masonry main_color'><div class=\"av-masonry-outerimage-container\"><div class='av-masonry-image-container'  ><img decoding=\"async\" width=\"497\" height=\"705\" fetchpriority=\"high\" class=\"wp-image-1806 avia-img-lazy-loading-not-1806\"  src=\"https:\/\/klett.cz\/nuttys-english\/wp-content\/uploads\/forest-friends-1-flashcards.png\" title=\"Flashcards\" alt=\"\" srcset=\"https:\/\/klett.cz\/nuttys-english\/wp-content\/uploads\/forest-friends-1-flashcards.png 497w, https:\/\/klett.cz\/nuttys-english\/wp-content\/uploads\/forest-friends-1-flashcards-211x300.png 211w\" sizes=\"(max-width: 497px) 100vw, 497px\" \/><\/div><\/div><figcaption class='av-inner-masonry-content site-background'><div class='av-inner-masonry-content-pos'><div class='av-inner-masonry-content-pos-content'><div class='avia-arrow'><\/div><h3 class='av-masonry-entry-title entry-title '  itemprop=\"headline\" >Flashcards<\/h3><\/div><\/div><\/figcaption><\/figure><\/a><!--end av-masonry entry--><a href=\"https:\/\/klett.cz\/nuttys-english\/wp-content\/uploads\/nuttys-english-obsah.pdf\"  aria-label=\"image Obsah Nutty\u2019s English 1\"  target=\"_blank\" rel=\"noopener noreferrer\" id='av-masonry-1-item-2105' data-av-masonry-item='2105' class='av-masonry-entry isotope-item post-2105 attachment type-attachment status-inherit hentry  av-masonry-item-with-image' title=\"Obsah Nutty\u2019s English 1\" alt=\"\"  data-av-masonry-custom-link=\"https:\/\/klett.cz\/nuttys-english\/wp-content\/uploads\/nuttys-english-obsah.pdf\"  itemprop=\"thumbnailUrl\" ><div class='av-inner-masonry-sizer'><\/div><figure class='av-inner-masonry main_color'><div class=\"av-masonry-outerimage-container\"><div class='av-masonry-image-container'  ><img decoding=\"async\" width=\"497\" height=\"705\" fetchpriority=\"high\" class=\"wp-image-2105 avia-img-lazy-loading-not-2105\"  src=\"https:\/\/klett.cz\/nuttys-english\/wp-content\/uploads\/nuttys-english-obsah.png\" title=\"Obsah Nutty\u2019s English 1\" alt=\"\" srcset=\"https:\/\/klett.cz\/nuttys-english\/wp-content\/uploads\/nuttys-english-obsah.png 497w, https:\/\/klett.cz\/nuttys-english\/wp-content\/uploads\/nuttys-english-obsah-211x300.png 211w\" sizes=\"(max-width: 497px) 100vw, 497px\" \/><\/div><\/div><figcaption class='av-inner-masonry-content site-background'><div class='av-inner-masonry-content-pos'><div class='av-inner-masonry-content-pos-content'><div class='avia-arrow'><\/div><h3 class='av-masonry-entry-title entry-title '  itemprop=\"headline\" >Obsah Nutty\u2019s English 1<\/h3><\/div><\/div><\/figcaption><\/figure><\/a><!--end av-masonry entry--><a href=\"https:\/\/klett.cz\/nuttys-english\/wp-content\/uploads\/NE2_OBSAH.pdf\"  aria-label=\"image Obsah Nutty\u2019s English 2\"  target=\"_blank\" rel=\"noopener noreferrer\" id='av-masonry-1-item-2627' data-av-masonry-item='2627' class='av-masonry-entry isotope-item post-2627 attachment type-attachment status-inherit hentry  av-masonry-item-with-image' title=\"Obsah Nutty\u2019s English 2\" alt=\"\"  data-av-masonry-custom-link=\"https:\/\/klett.cz\/nuttys-english\/wp-content\/uploads\/NE2_OBSAH.pdf\"  itemprop=\"thumbnailUrl\" ><div class='av-inner-masonry-sizer'><\/div><figure class='av-inner-masonry main_color'><div class=\"av-masonry-outerimage-container\"><div class='av-masonry-image-container'  ><img decoding=\"async\" width=\"497\" height=\"705\" fetchpriority=\"high\" class=\"wp-image-2627 avia-img-lazy-loading-not-2627\"  src=\"https:\/\/klett.cz\/nuttys-english\/wp-content\/uploads\/497x705px-ukazkove-materialy-wordpress.png\" title=\"Obsah Nutty\u2019s English 2\" alt=\"\" srcset=\"https:\/\/klett.cz\/nuttys-english\/wp-content\/uploads\/497x705px-ukazkove-materialy-wordpress.png 497w, https:\/\/klett.cz\/nuttys-english\/wp-content\/uploads\/497x705px-ukazkove-materialy-wordpress-211x300.png 211w\" sizes=\"(max-width: 497px) 100vw, 497px\" \/><\/div><\/div><figcaption class='av-inner-masonry-content site-background'><div class='av-inner-masonry-content-pos'><div class='av-inner-masonry-content-pos-content'><div class='avia-arrow'><\/div><h3 class='av-masonry-entry-title entry-title '  itemprop=\"headline\" >Obsah Nutty\u2019s English 2<\/h3><\/div><\/div><\/figcaption><\/figure><\/a><!--end av-masonry entry--><a href=\"https:\/\/klett.cz\/nuttys-english\/wp-content\/uploads\/NE2_MP_UNIT1.pdf\"  aria-label=\"image Metodika 1. lekce Nutty\u2019s English 2\"  target=\"_blank\" rel=\"noopener noreferrer\" id='av-masonry-1-item-2740' data-av-masonry-item='2740' class='av-masonry-entry isotope-item post-2740 attachment type-attachment status-inherit hentry  av-masonry-item-with-image' title=\"Metodika 1. lekce Nutty\u2019s English 2\" alt=\"\"  data-av-masonry-custom-link=\"https:\/\/klett.cz\/nuttys-english\/wp-content\/uploads\/NE2_MP_UNIT1.pdf\"  itemprop=\"thumbnailUrl\" ><div class='av-inner-masonry-sizer'><\/div><figure class='av-inner-masonry main_color'><div class=\"av-masonry-outerimage-container\"><div class='av-masonry-image-container'  ><img decoding=\"async\" width=\"499\" height=\"705\" fetchpriority=\"high\" class=\"wp-image-2740 avia-img-lazy-loading-not-2740\"  src=\"https:\/\/klett.cz\/nuttys-english\/wp-content\/uploads\/MP-NE-2-1-499x705.png\" title=\"Metodika 1. lekce Nutty\u2019s English 2\" alt=\"\" srcset=\"https:\/\/klett.cz\/nuttys-english\/wp-content\/uploads\/MP-NE-2-1-499x705.png 499w, https:\/\/klett.cz\/nuttys-english\/wp-content\/uploads\/MP-NE-2-1-212x300.png 212w, https:\/\/klett.cz\/nuttys-english\/wp-content\/uploads\/MP-NE-2-1-729x1030.png 729w, https:\/\/klett.cz\/nuttys-english\/wp-content\/uploads\/MP-NE-2-1-768x1085.png 768w, https:\/\/klett.cz\/nuttys-english\/wp-content\/uploads\/MP-NE-2-1.png 911w\" sizes=\"(max-width: 499px) 100vw, 499px\" \/><\/div><\/div><figcaption class='av-inner-masonry-content site-background'><div class='av-inner-masonry-content-pos'><div class='av-inner-masonry-content-pos-content'><div class='avia-arrow'><\/div><h3 class='av-masonry-entry-title entry-title '  itemprop=\"headline\" >Metodika 1. lekce Nutty\u2019s English 2<\/h3><\/div><\/div><\/figcaption><\/figure><\/a><!--end av-masonry entry--><a href=\"https:\/\/klett.cz\/nuttys-english\/wp-content\/uploads\/NE2_Teachers-Book_preview_vodoznak.pdf\"  aria-label=\"image Metodick\u00e1 p\u0159\u00edru\u010dka Nutty\u2019s English 2\"  target=\"_blank\" rel=\"noopener noreferrer\" id='av-masonry-1-item-2745' data-av-masonry-item='2745' class='av-masonry-entry isotope-item post-2745 attachment type-attachment status-inherit hentry  av-masonry-item-with-image' title=\"Metodick\u00e1 p\u0159\u00edru\u010dka Nutty\u2019s English 2\" alt=\"\"  data-av-masonry-custom-link=\"https:\/\/klett.cz\/nuttys-english\/wp-content\/uploads\/NE2_Teachers-Book_preview_vodoznak.pdf\"  itemprop=\"thumbnailUrl\" ><div class='av-inner-masonry-sizer'><\/div><figure class='av-inner-masonry main_color'><div class=\"av-masonry-outerimage-container\"><div class='av-masonry-image-container'  ><img decoding=\"async\" width=\"496\" height=\"705\" fetchpriority=\"high\" class=\"wp-image-2745 avia-img-lazy-loading-not-2745\"  src=\"https:\/\/klett.cz\/nuttys-english\/wp-content\/uploads\/Cover_Teachers_Book_print-496x705.png\" title=\"Metodick\u00e1 p\u0159\u00edru\u010dka Nutty\u2019s English 2\" alt=\"\" srcset=\"https:\/\/klett.cz\/nuttys-english\/wp-content\/uploads\/Cover_Teachers_Book_print-496x705.png 496w, https:\/\/klett.cz\/nuttys-english\/wp-content\/uploads\/Cover_Teachers_Book_print-211x300.png 211w, https:\/\/klett.cz\/nuttys-english\/wp-content\/uploads\/Cover_Teachers_Book_print-724x1030.png 724w, https:\/\/klett.cz\/nuttys-english\/wp-content\/uploads\/Cover_Teachers_Book_print-768x1092.png 768w, https:\/\/klett.cz\/nuttys-english\/wp-content\/uploads\/Cover_Teachers_Book_print-1080x1536.png 1080w, https:\/\/klett.cz\/nuttys-english\/wp-content\/uploads\/Cover_Teachers_Book_print-1440x2048.png 1440w, https:\/\/klett.cz\/nuttys-english\/wp-content\/uploads\/Cover_Teachers_Book_print-1055x1500.png 1055w\" sizes=\"(max-width: 496px) 100vw, 496px\" \/><\/div><\/div><figcaption class='av-inner-masonry-content site-background'><div class='av-inner-masonry-content-pos'><div class='av-inner-masonry-content-pos-content'><div class='avia-arrow'><\/div><h3 class='av-masonry-entry-title entry-title '  itemprop=\"headline\" >Metodick\u00e1 p\u0159\u00edru\u010dka Nutty\u2019s English 2<\/h3><\/div><\/div><\/figcaption><\/figure><\/a><!--end av-masonry entry--><\/div><\/div>\n<section  class='av_textblock_section av-l5mig14l-a184ec49b4e1fce5264f57a007caa556 '   itemscope=\"itemscope\" itemtype=\"https:\/\/schema.org\/CreativeWork\" ><div class='avia_textblock'  itemprop=\"text\" ><h3 style=\"text-align: center;\">Animovan\u00e9 video Nutty\u2019s English<\/h3>\n<\/div><\/section>\n<div  class='flex_column av-c2ac-7e098286254ece9f5e83870335b0eb79 av_one_fourth  avia-builder-el-5  el_after_av_textblock  el_before_av_one_half  first flex_column_div  column-top-margin'     ><\/div>\n<div  class='flex_column av-2lm0g-b7c7209e293e23b0fcbd9bb9f10bb469 av_one_half  avia-builder-el-6  el_after_av_one_fourth  el_before_av_one_fourth  flex_column_div  column-top-margin'     ><style type=\"text\/css\" data-created_by=\"avia_inline_auto\" id=\"style-css-av-l5migmvf-8d8731da72f544cdc66d6bbe656657a0\">\n.avia-video.av-l5migmvf-8d8731da72f544cdc66d6bbe656657a0{\nbackground-image:url(https:\/\/klett.cz\/nuttys-english\/wp-content\/uploads\/ff-video-obr.png);\n}\n<\/style>\n<div  class='avia-video av-l5migmvf-8d8731da72f544cdc66d6bbe656657a0 avia-video-16-9 av-preview-image avia-video-load-always avia-video-html5'  itemprop=\"video\" itemtype=\"https:\/\/schema.org\/VideoObject\"  data-original_url='https:\/\/klett.cz\/forest-friends\/wp-content\/uploads\/forest-friends-unit0-welcome.mp4'><video class='avia_video' poster=\"https:\/\/klett.cz\/nuttys-english\/wp-content\/uploads\/ff-video-obr.png\"   preload=\"auto\"  controls id='player_36_98576072_1637235879'><source src='https:\/\/klett.cz\/forest-friends\/wp-content\/uploads\/forest-friends-unit0-welcome.mp4' type='video\/mp4' \/><\/video><\/div><\/div>\n<div  class='flex_column av-1x2u0-d5f12cc06aed9f30bef662e4ecbec0f6 av_one_fourth  avia-builder-el-8  el_after_av_one_half  avia-builder-el-last  flex_column_div  column-top-margin'     ><\/div>\n","protected":false},"excerpt":{"rendered":"","protected":false},"author":2,"featured_media":0,"parent":0,"menu_order":0,"comment_status":"closed","ping_status":"closed","template":"","meta":{"footnotes":""},"class_list":["post-36","page","type-page","status-publish","hentry"],"_links":{"self":[{"href":"https:\/\/klett.cz\/nuttys-english\/wp-json\/wp\/v2\/pages\/36","targetHints":{"allow":["GET"]}}],"collection":[{"href":"https:\/\/klett.cz\/nuttys-english\/wp-json\/wp\/v2\/pages"}],"about":[{"href":"https:\/\/klett.cz\/nuttys-english\/wp-json\/wp\/v2\/types\/page"}],"author":[{"embeddable":true,"href":"https:\/\/klett.cz\/nuttys-english\/wp-json\/wp\/v2\/users\/2"}],"replies":[{"embeddable":true,"href":"https:\/\/klett.cz\/nuttys-english\/wp-json\/wp\/v2\/comments?post=36"}],"version-history":[{"count":41,"href":"https:\/\/klett.cz\/nuttys-english\/wp-json\/wp\/v2\/pages\/36\/revisions"}],"predecessor-version":[{"id":2744,"href":"https:\/\/klett.cz\/nuttys-english\/wp-json\/wp\/v2\/pages\/36\/revisions\/2744"}],"wp:attachment":[{"href":"https:\/\/klett.cz\/nuttys-english\/wp-json\/wp\/v2\/media?parent=36"}],"curies":[{"name":"wp","href":"https:\/\/api.w.org\/{rel}","templated":true}]}}