{"id":45,"date":"2018-10-11T10:48:04","date_gmt":"2018-10-11T08:48:04","guid":{"rendered":"https:\/\/klett.cz\/kmi\/?page_id=45"},"modified":"2026-04-07T12:21:23","modified_gmt":"2026-04-07T10:21:23","slug":"vzorky-zdarma","status":"publish","type":"page","link":"https:\/\/klett.cz\/nos-vemos-hoy\/vzorky-zdarma\/","title":{"rendered":"Vzorky zdarma"},"content":{"rendered":"\n<style type=\"text\/css\" data-created_by=\"avia_inline_auto\" id=\"style-css-av-bmz25-60bf4db1abc2bcb0a3c80ba6c9bb3f37\">\n.flex_column.av-bmz25-60bf4db1abc2bcb0a3c80ba6c9bb3f37{\nborder-radius:0px 0px 0px 0px;\npadding:0px 0px 0px 0px;\n}\n<\/style>\n<div  class='flex_column av-bmz25-60bf4db1abc2bcb0a3c80ba6c9bb3f37 av_one_full  avia-builder-el-0  el_before_av_image  avia-builder-el-first  first flex_column_div av-zero-column-padding  '     ><section  class='av_textblock_section av-b3nj9-08d61fd4069ce0fbb9d648cf6e0fd834 '   itemscope=\"itemscope\" itemtype=\"https:\/\/schema.org\/CreativeWork\" ><div class='avia_textblock'  itemprop=\"text\" ><h1 style=\"text-align: center;\">OBJEDNEJTE SI ZDARMA VZORKY NOS VEMOS HOY<\/h1>\n<p style=\"text-align: center;\">Chcete se sezn\u00e1mit s u\u010debnic\u00ed Nos vemos hoy? Vyberte si variantu, kter\u00e1 v\u00e1m vyhovuje, vypl\u0148te formul\u00e1\u0159 se \u017e\u00e1dost\u00ed a my v\u00e1m v\u00fdtisk doru\u010d\u00edme do \u0161koly.<\/p>\n<\/div><\/section><br \/>\n\n<style type=\"text\/css\" data-created_by=\"avia_inline_auto\" id=\"style-css-av-ab0wh-c988cf5b4a6ab4825f860314c26cedfb\">\n#top .hr.hr-invisible.av-ab0wh-c988cf5b4a6ab4825f860314c26cedfb{\nheight:50px;\n}\n<\/style>\n<div  class='hr av-ab0wh-c988cf5b4a6ab4825f860314c26cedfb hr-invisible  avia-builder-el-2  el_after_av_textblock  avia-builder-el-last '><span class='hr-inner '><span class=\"hr-inner-style\"><\/span><\/span><\/div><\/p><\/div>\n\n<style type=\"text\/css\" data-created_by=\"avia_inline_auto\" id=\"style-css-av-9ojpx-fdfbda4b36046b4b0950c328dd462a21\">\n.avia-image-container.av-9ojpx-fdfbda4b36046b4b0950c328dd462a21 img.avia_image{\nbox-shadow:none;\n}\n.avia-image-container.av-9ojpx-fdfbda4b36046b4b0950c328dd462a21 .av-image-caption-overlay-center{\ncolor:#ffffff;\n}\n<\/style>\n<div  class='avia-image-container av-9ojpx-fdfbda4b36046b4b0950c328dd462a21 av-styling- avia-align-center  avia-builder-el-3  el_after_av_one_full  el_before_av_hr '   itemprop=\"image\" itemscope=\"itemscope\" itemtype=\"https:\/\/schema.org\/ImageObject\" ><div class=\"avia-image-container-inner\"><div class=\"avia-image-overlay-wrap\"><img decoding=\"async\" fetchpriority=\"high\" class='wp-image-868 avia-img-lazy-loading-not-868 avia_image ' src=\"https:\/\/klett.cz\/nos-vemos-hoy\/wp-content\/uploads\/Nos-Vemos-Hoy-uvodka-3.png\" alt='' title='Nos Vemos Hoy \u00favodka (3)'  height=\"423\" width=\"1210\"  itemprop=\"thumbnailUrl\" srcset=\"https:\/\/klett.cz\/nos-vemos-hoy\/wp-content\/uploads\/Nos-Vemos-Hoy-uvodka-3.png 1210w, https:\/\/klett.cz\/nos-vemos-hoy\/wp-content\/uploads\/Nos-Vemos-Hoy-uvodka-3-300x105.png 300w, https:\/\/klett.cz\/nos-vemos-hoy\/wp-content\/uploads\/Nos-Vemos-Hoy-uvodka-3-1030x360.png 1030w, https:\/\/klett.cz\/nos-vemos-hoy\/wp-content\/uploads\/Nos-Vemos-Hoy-uvodka-3-768x268.png 768w, https:\/\/klett.cz\/nos-vemos-hoy\/wp-content\/uploads\/Nos-Vemos-Hoy-uvodka-3-705x246.png 705w\" sizes=\"(max-width: 1210px) 100vw, 1210px\" \/><\/div><\/div><\/div>\n\n<style type=\"text\/css\" data-created_by=\"avia_inline_auto\" id=\"style-css-av-mei5jyb4-610da44d83c5e0ca09599dede0dee241\">\n#top .hr.hr-invisible.av-mei5jyb4-610da44d83c5e0ca09599dede0dee241{\nheight:50px;\n}\n<\/style>\n<div  class='hr av-mei5jyb4-610da44d83c5e0ca09599dede0dee241 hr-invisible  avia-builder-el-4  el_after_av_image  el_before_av_one_full '><span class='hr-inner '><span class=\"hr-inner-style\"><\/span><\/span><\/div>\n\n<style type=\"text\/css\" data-created_by=\"avia_inline_auto\" id=\"style-css-av-2gix1-2ccd9c55a5f29426455674b0c32bc881\">\n.flex_column.av-2gix1-2ccd9c55a5f29426455674b0c32bc881{\nborder-radius:0px 0px 0px 0px;\npadding:0px 0px 0px 0px;\n}\n<\/style>\n<div  class='flex_column av-2gix1-2ccd9c55a5f29426455674b0c32bc881 av_one_full  avia-builder-el-5  el_after_av_hr  el_before_av_one_full  first flex_column_div av-zero-column-padding  '     ><section  class='av_textblock_section av-k66l242z-15b0281af30e862ea0368b9c21842549 '   itemscope=\"itemscope\" itemtype=\"https:\/\/schema.org\/CreativeWork\" ><div class='avia_textblock'  itemprop=\"text\" ><h2 style=\"text-align: center;\">Vzorov\u00fd v\u00fdtisk Nos Vemos Hoy<\/h2>\n<p style=\"text-align: center;\">Chcete nahl\u00e9dnout do u\u010debn\u00ed sady Nos vemos hoy a poznat, co nab\u00edz\u00ed? Vy\u017e\u00e1dejte si zdarma zasl\u00e1n\u00ed vzorov\u00e9ho v\u00fdtisku u\u010debnice a integrovan\u00e9ho pracovn\u00edho se\u0161itu.<\/p>\n<div class=\"flex_column av-1kk2h-44a2bd55a6bbfc79621e579a03f6a085 av_one_full avia-builder-el-5 el_after_av_hr el_before_av_hr first flex_column_div \">\n<section class=\"av_textblock_section av-l5mfpqj8-187082366320c9d27f2be83ce495fb16 \">\n<div class=\"avia_textblock\">\n<p style=\"text-align: center;\">Vypln\u011bn\u00edm formul\u00e1\u0159e \u0161kole nevznik\u00e1 \u017e\u00e1dn\u00e1 povinnost ani z\u00e1vazek v\u016f\u010di nakladatelstv\u00ed Fraus Klett. V\u0161echny n\u00e1klady spojen\u00e9 se zasl\u00e1n\u00edm vzorov\u00fdch v\u00fdtisk\u016f pln\u011b hrad\u00ed nakladatelstv\u00ed Fraus Klett. Vzorov\u00e9 v\u00fdtisky zdarma poskytujeme u\u010ditel\u016fm a pedagogick\u00fdm pracovn\u00edk\u016fm.<\/p>\n<\/div>\n<\/section>\n<\/div>\n<div class=\"hr av-14ort-eb0ba686c2352c81d7c2a04b303d7a2a hr-invisible avia-builder-el-7 el_after_av_one_full el_before_av_contact \"><\/div>\n<\/div><\/section><br \/>\n<div  class='hr av-o7sl-7cf1386bc7ca1d8ab6562b4ad6549b54 hr-default  avia-builder-el-7  el_after_av_textblock  avia-builder-el-last '><span class='hr-inner '><span class=\"hr-inner-style\"><\/span><\/span><\/div><\/p><\/div>\n<style type=\"text\/css\" data-created_by=\"avia_inline_auto\" id=\"style-css-av-77r9-e77d17ab7003478c53de588c359270af\">\n.flex_column.av-77r9-e77d17ab7003478c53de588c359270af{\nborder-radius:0px 0px 0px 0px;\npadding:0px 0px 0px 0px;\n}\n<\/style>\n<div  class='flex_column av-77r9-e77d17ab7003478c53de588c359270af av_one_full  avia-builder-el-8  el_after_av_one_full  avia-builder-el-last  first flex_column_div av-zero-column-padding  column-top-margin'     ><p><form action=\"https:\/\/klett.cz\/nos-vemos-hoy\/vzorky-zdarma\/\" method=\"post\" data-fields-with-error=\"Found errors in the following field(s):\" class=\"avia_ajax_form av-form-labels-visible   avia-builder-el-9  el_before_av_textblock  avia-builder-el-first   \" data-avia-form-id=\"1\" data-avia-redirect='' ><h3 class=''>POZNEJTE NOS VEMOS HOY NA \u017dIVO \u2013 OBJEDNEJTE SI VZORKY ZDARMA<\/h3><fieldset><h3 id='element_avia_1_1' class=' first_form  form_element form_fullwidth av-form-headline '>Vypl\u0148te pros\u00edm n\u00e1sleduj\u00edc\u00ed \u00fadaje:<\/h3><p id='element_avia_2_1' class=' first_form  form_element form_fullwidth av-form-empty-line '> <\/p><h6 id='element_avia_3_1' class=' first_form  form_element form_fullwidth av-form-headline '>Vyberte, o jak\u00fd vzorov\u00fd v\u00fdtisk m\u00e1te z\u00e1jem<\/h6><p class='  first_form  form_element form_element_half' id='element_avia_4_1'><input  name=\"avia_4_1\" class=\"input_checkbox \" type=\"checkbox\" id=\"avia_4_1\" value=\"true\"\/><label class=\"input_checkbox_label\" for=\"avia_4_1\">Vzorov\u00fd v\u00fdtisk Nos vemos hoy 1 \u2013 zdarma (rozes\u00edl\u00e1me ihned)<\/label><\/p><p class='  form_element form_element_half' id='element_avia_5_1'><input  name=\"avia_5_1\" class=\"input_checkbox \" type=\"checkbox\" id=\"avia_5_1\" value=\"true\"\/><label class=\"input_checkbox_label\" for=\"avia_5_1\">Vzorov\u00fd v\u00fdtisk Nos vemos hoy 2 \u2013 zdarma (rozes\u00edl\u00e1me v srpnu 2026)<\/label><\/p><h6 id='element_avia_6_1' class=' first_form  form_element form_fullwidth av-form-headline '>Va\u0161e \u00fadaje:<\/h6><p class='  first_form  form_element form_element_two_third' id='element_avia_7_1'><label for=\"avia_7_1\">N\u00e1zev \u0161koly <abbr class=\"required\" title=\"required\">*<\/abbr><\/label> <input name=\"avia_7_1\" class=\"text_input is_empty\" type=\"text\" id=\"avia_7_1\" value=\"\" \/><\/p><p class='  form_element form_element_third' id='element_avia_8_1'><label for=\"avia_8_1\"> I\u010cO (za \u00fa\u010delem ov\u011b\u0159en\u00ed spr\u00e1vnosti adresy \u0161koly) <abbr class=\"required\" title=\"required\">*<\/abbr><\/label> <input name=\"avia_8_1\" class=\"text_input is_empty\" type=\"text\" id=\"avia_8_1\" value=\"\" \/><\/p><p class='  first_form  form_element form_element_half' id='element_avia_9_1'><label for=\"avia_9_1\">Jm\u00e9no <abbr class=\"required\" title=\"required\">*<\/abbr><\/label> <input name=\"avia_9_1\" class=\"text_input is_empty\" type=\"text\" id=\"avia_9_1\" value=\"\" \/><\/p><p class='  form_element form_element_half' id='element_avia_10_1'><label for=\"avia_10_1\">P\u0159\u00edjmen\u00ed <abbr class=\"required\" title=\"required\">*<\/abbr><\/label> <input name=\"avia_10_1\" class=\"text_input is_empty\" type=\"text\" id=\"avia_10_1\" value=\"\" \/><\/p><p class='  first_form  form_element form_element_half' id='element_avia_11_1'><label for=\"avia_11_1\">E-mail <abbr class=\"required\" title=\"required\">*<\/abbr><\/label> <input name=\"avia_11_1\" class=\"text_input is_email\" type=\"text\" id=\"avia_11_1\" value=\"\" \/><\/p><p class='  form_element form_element_half' id='element_avia_12_1'><label for=\"avia_12_1\">Telefon (za \u00fa\u010delem dopravy) <abbr class=\"required\" title=\"required\">*<\/abbr><\/label> <input name=\"avia_12_1\" class=\"text_input is_empty\" type=\"text\" id=\"avia_12_1\" value=\"\" \/><\/p><p class='  first_form  form_element form_fullwidth' id='element_avia_13_1'><label for=\"avia_13_1\">Kam m\u00e1me vzorov\u00fd v\u00fdtisk poslat?<\/label><select  name=\"avia_13_1\" class=\"select \" id=\"avia_13_1\"><option   value='na adresu \u0161koly'>na adresu \u0161koly<\/option><option   value='na soukromou adresu'>na soukromou adresu<\/option><\/select><\/p><p class='  first_form  form_element form_element_two_third' id='element_avia_14_1'><label for=\"avia_14_1\">Ulice <abbr class=\"required\" title=\"required\">*<\/abbr><\/label> <input name=\"avia_14_1\" class=\"text_input is_empty\" type=\"text\" id=\"avia_14_1\" value=\"\" \/><\/p><p class='  form_element form_element_third' id='element_avia_15_1'><label for=\"avia_15_1\">\u010c\u00edslo popisn\u00e9 <abbr class=\"required\" title=\"required\">*<\/abbr><\/label> <input name=\"avia_15_1\" class=\"text_input is_empty\" type=\"text\" id=\"avia_15_1\" value=\"\" \/><\/p><p class='  first_form  form_element form_element_two_third' id='element_avia_16_1'><label for=\"avia_16_1\">M\u011bsto: <abbr class=\"required\" title=\"required\">*<\/abbr><\/label> <input name=\"avia_16_1\" class=\"text_input is_empty\" type=\"text\" id=\"avia_16_1\" value=\"\" \/><\/p><p class='  form_element form_element_third' id='element_avia_17_1'><label for=\"avia_17_1\">PS\u010c: <abbr class=\"required\" title=\"required\">*<\/abbr><\/label> <input name=\"avia_17_1\" class=\"text_input is_empty\" type=\"text\" id=\"avia_17_1\" value=\"\" \/><\/p><p class='  first_form  form_element form_fullwidth' id='element_avia_18_1'><input  name=\"avia_18_1\" class=\"input_checkbox \" type=\"checkbox\" id=\"avia_18_1\" value=\"true\"\/><label class=\"input_checkbox_label\" for=\"avia_18_1\">Souhlas\u00edm se zas\u00edl\u00e1n\u00edm informac\u00ed o sout\u011b\u017e\u00edch, dopl\u0148kov\u00fdch materi\u00e1lech, vzd\u011bl\u00e1vac\u00edch akc\u00ed a dal\u0161\u00edch zaj\u00edmav\u00fdch informac\u00ed na v\u00fd\u0161e uvedenou e-mailovou adresu.<\/label><\/p><p class='  first_form  form_element form_fullwidth av-last-visible-form-element' id='element_avia_19_1'><input  name=\"avia_19_1\" class=\"input_checkbox \" type=\"checkbox\" id=\"avia_19_1\" value=\"true\"\/><label class=\"input_checkbox_label\" for=\"avia_19_1\">Souhlas\u00edm s vyu\u017eit\u00edm m\u00e9ho telefonn\u00edho \u010d\u00edsla pro marketingov\u00e9 \u00fa\u010dely.<\/label><\/p><p class=\"hidden\"><input type=\"text\" name=\"avia_20_1\" class=\"hidden \" id=\"avia_20_1\" value=\"\" \/><\/p><p class=\"form_element \"><input type=\"hidden\" value=\"1\" name=\"avia_generated_form1\" \/><input type=\"submit\" value=\"Odeslat\" class=\"button\"  data-sending-label=\"Sending\"\/><\/p><\/fieldset><\/form><div id=\"ajaxresponse_1\" class=\"ajaxresponse ajaxresponse_1 hidden\"><\/div><br \/>\n<section  class='av_textblock_section av-196nl-e2d27f2aa73f2884e7467b98a5223948 '   itemscope=\"itemscope\" itemtype=\"https:\/\/schema.org\/CreativeWork\" ><div class='avia_textblock'  itemprop=\"text\" ><p style=\"text-align: center;\"><strong>P\u0159ejete si dost\u00e1vat informace o novink\u00e1ch, produktech a n\u00e1mi po\u0159\u00e1dan\u00fdch akc\u00edch?\u00a0<\/strong><\/p>\n<p style=\"text-align: center;\">Vypl\u0148te souhlas a my v\u00e1s budeme r\u00e1di kontaktovat.<\/p>\n<\/div><\/section><br \/>\n<div  class='avia-button-wrap av-ycrh-a17317732512e5fb686d0a2e4c9940f1-wrap avia-button-center  avia-builder-el-11  el_after_av_textblock  avia-builder-el-last '><a href='https:\/\/www.klett.cz\/souhlas'  class='avia-button av-ycrh-a17317732512e5fb686d0a2e4c9940f1 av-link-btn avia-icon_select-no avia-size-large avia-position-center avia-color-theme-color'  target=\"_blank\"  rel=\"noopener noreferrer\"  aria-label=\"Souhlas\"><span class='avia_iconbox_title' >Souhlas<\/span><\/a><\/div><\/p><\/div><\/p>\n","protected":false},"excerpt":{"rendered":"","protected":false},"author":2,"featured_media":0,"parent":0,"menu_order":0,"comment_status":"closed","ping_status":"closed","template":"","meta":{"footnotes":""},"class_list":["post-45","page","type-page","status-publish","hentry"],"_links":{"self":[{"href":"https:\/\/klett.cz\/nos-vemos-hoy\/wp-json\/wp\/v2\/pages\/45","targetHints":{"allow":["GET"]}}],"collection":[{"href":"https:\/\/klett.cz\/nos-vemos-hoy\/wp-json\/wp\/v2\/pages"}],"about":[{"href":"https:\/\/klett.cz\/nos-vemos-hoy\/wp-json\/wp\/v2\/types\/page"}],"author":[{"embeddable":true,"href":"https:\/\/klett.cz\/nos-vemos-hoy\/wp-json\/wp\/v2\/users\/2"}],"replies":[{"embeddable":true,"href":"https:\/\/klett.cz\/nos-vemos-hoy\/wp-json\/wp\/v2\/comments?post=45"}],"version-history":[{"count":34,"href":"https:\/\/klett.cz\/nos-vemos-hoy\/wp-json\/wp\/v2\/pages\/45\/revisions"}],"predecessor-version":[{"id":955,"href":"https:\/\/klett.cz\/nos-vemos-hoy\/wp-json\/wp\/v2\/pages\/45\/revisions\/955"}],"wp:attachment":[{"href":"https:\/\/klett.cz\/nos-vemos-hoy\/wp-json\/wp\/v2\/media?parent=45"}],"curies":[{"name":"wp","href":"https:\/\/api.w.org\/{rel}","templated":true}]}}