{"id":36,"date":"2018-10-11T10:47:29","date_gmt":"2018-10-11T08:47:29","guid":{"rendered":"https:\/\/klett.cz\/kmi\/?page_id=36"},"modified":"2026-04-01T07:31:31","modified_gmt":"2026-04-01T05:31:31","slug":"ukazky-materialy","status":"publish","type":"page","link":"https:\/\/klett.cz\/nos-vemos-hoy\/ukazky-materialy\/","title":{"rendered":"Uk\u00e1zky a materi\u00e1ly"},"content":{"rendered":"<section  class='av_textblock_section av-9tdv4-c5803af681c003909770dfc51c74b421 '   itemscope=\"itemscope\" itemtype=\"https:\/\/schema.org\/CreativeWork\" ><div class='avia_textblock'  itemprop=\"text\" ><h1 style=\"text-align: center;\">MATERI\u00c1LY KE STA\u017dEN\u00cd A UK\u00c1ZKY Z LEKC\u00cd NOS VEMOS HOY<\/h1>\n<p style=\"text-align: center;\">Materi\u00e1ly jsou voln\u011b ke sta\u017een\u00ed \u010di poslechu bez registrace a p\u0159ihl\u00e1\u0161en\u00ed. M\u00e1te-li dotazy ke zve\u0159ejn\u011bn\u00fdm materi\u00e1l\u016fm, obra\u0165te se na na\u0161i\u00a0<a href=\"https:\/\/klett.cz\/nos-vemos-hoy\/kontakty\/\">infolinku<\/a>\u00a0nebo n\u00e1m napi\u0161te<br \/>\n<a href=\"mailto:info@fraus-klett.cz\">e-mail<\/a>.<\/p>\n<\/div><\/section>\n<section  class='av_textblock_section av-9ceg0-fc5f10bad013135f0d97163575789a59 '   itemscope=\"itemscope\" itemtype=\"https:\/\/schema.org\/CreativeWork\" ><div class='avia_textblock'  itemprop=\"text\" ><h2 style=\"text-align: center;\">Uk\u00e1zky u\u010debnice Nos Vemos Hoy<\/h2>\n<\/div><\/section>\n\n<style type=\"text\/css\" data-created_by=\"avia_inline_auto\" id=\"style-css-av-8i0rs-effe34077b3a8f756e24adc131bffd15\">\n#top .hr.hr-invisible.av-8i0rs-effe34077b3a8f756e24adc131bffd15{\nheight:80px;\n}\n<\/style>\n<div  class='hr av-8i0rs-effe34077b3a8f756e24adc131bffd15 hr-invisible  avia-builder-el-2  el_after_av_textblock  el_before_av_masonry_gallery  avia-builder-el-last '><span class='hr-inner '><span class=\"hr-inner-style\"><\/span><\/span><\/div>\n\n<style type=\"text\/css\" data-created_by=\"avia_inline_auto\" id=\"style-css-av-si14-312ca780b671cd7506c9ecb0d0abb194\">\n#top .av-masonry.av-si14-312ca780b671cd7506c9ecb0d0abb194{\nbackground-color:#ffffff;\n}\n<\/style>\n<div id='av-masonry-1' class='av-masonry av-si14-312ca780b671cd7506c9ecb0d0abb194 noHover av-flex-size av-large-gap av-hover-overlay-active av-masonry-animation-active av-masonry-col-flexible av-caption-always av-caption-style- av-masonry-gallery ' data-post_id=\"36\"><div class=\"av-masonry-container isotope av-js-disabled\"><div class='av-masonry-entry isotope-item av-masonry-item-no-image '><\/div><a href=\"https:\/\/online.fliphtml5.com\/woejv\/cdds\/\"  aria-label=\"image Uk\u00e1zka u\u010debnice\"  target=\"_blank\" rel=\"noopener noreferrer\" id='av-masonry-1-item-844' data-av-masonry-item='844' class='av-masonry-entry isotope-item post-844 attachment type-attachment status-inherit hentry  av-masonry-item-with-image' title=\"Uk\u00e1zka u\u010debnice\" alt=\"Nos Vemos Hoy 1\"  data-av-masonry-custom-link=\"https:\/\/online.fliphtml5.com\/woejv\/cdds\/\"  itemprop=\"thumbnailUrl\" ><div class='av-inner-masonry-sizer'><\/div><figure class='av-inner-masonry main_color'><div class=\"av-masonry-outerimage-container\"><div class='av-masonry-image-container'  ><img decoding=\"async\" width=\"497\" height=\"705\" fetchpriority=\"high\" class=\"wp-image-844 avia-img-lazy-loading-not-844\"  src=\"https:\/\/klett.cz\/nos-vemos-hoy\/wp-content\/uploads\/Navrh-bez-nazvu-10.png\" title=\"Uk\u00e1zka u\u010debnice\" alt=\"Nos Vemos Hoy 1\" srcset=\"https:\/\/klett.cz\/nos-vemos-hoy\/wp-content\/uploads\/Navrh-bez-nazvu-10.png 497w, https:\/\/klett.cz\/nos-vemos-hoy\/wp-content\/uploads\/Navrh-bez-nazvu-10-211x300.png 211w\" sizes=\"(max-width: 497px) 100vw, 497px\" \/><\/div><\/div><figcaption class='av-inner-masonry-content site-background'><div class='av-inner-masonry-content-pos'><div class='av-inner-masonry-content-pos-content'><div class='avia-arrow'><\/div><h3 class='av-masonry-entry-title entry-title '  itemprop=\"headline\" >Uk\u00e1zka u\u010debnice<\/h3><\/div><\/div><\/figcaption><\/figure><\/a><!--end av-masonry entry--><a href=\"https:\/\/klett.cz\/uploads\/68947dd959d21-nos-vemos-hoy1-obsah.pdf\"  aria-label=\"image Obsah u\u010debnice\"  target=\"_blank\" rel=\"noopener noreferrer\" id='av-masonry-1-item-846' data-av-masonry-item='846' class='av-masonry-entry isotope-item post-846 attachment type-attachment status-inherit hentry  av-masonry-item-with-image' title=\"Obsah u\u010debnice\" alt=\"\"  data-av-masonry-custom-link=\"https:\/\/klett.cz\/uploads\/68947dd959d21-nos-vemos-hoy1-obsah.pdf\"  itemprop=\"thumbnailUrl\" ><div class='av-inner-masonry-sizer'><\/div><figure class='av-inner-masonry main_color'><div class=\"av-masonry-outerimage-container\"><div class='av-masonry-image-container'  ><img decoding=\"async\" width=\"497\" height=\"705\" fetchpriority=\"high\" class=\"wp-image-846 avia-img-lazy-loading-not-846\"  src=\"https:\/\/klett.cz\/nos-vemos-hoy\/wp-content\/uploads\/Navrh-bez-nazvu-10-1.png\" title=\"Obsah u\u010debnice\" alt=\"\" srcset=\"https:\/\/klett.cz\/nos-vemos-hoy\/wp-content\/uploads\/Navrh-bez-nazvu-10-1.png 497w, https:\/\/klett.cz\/nos-vemos-hoy\/wp-content\/uploads\/Navrh-bez-nazvu-10-1-211x300.png 211w\" sizes=\"(max-width: 497px) 100vw, 497px\" \/><\/div><\/div><figcaption class='av-inner-masonry-content site-background'><div class='av-inner-masonry-content-pos'><div class='av-inner-masonry-content-pos-content'><div class='avia-arrow'><\/div><h3 class='av-masonry-entry-title entry-title '  itemprop=\"headline\" >Obsah u\u010debnice<\/h3><\/div><\/div><\/figcaption><\/figure><\/a><!--end av-masonry entry--><a href=\"https:\/\/klett.cz\/uploads\/68947e9f27d2f-nos-vemos-hoy1-slovnik.pdf\"  aria-label=\"image Slovn\u00ed\u010dek\"  target=\"_blank\" rel=\"noopener noreferrer\" id='av-masonry-1-item-847' data-av-masonry-item='847' class='av-masonry-entry isotope-item post-847 attachment type-attachment status-inherit hentry  av-masonry-item-with-image' title=\"Slovn\u00ed\u010dek\" alt=\"\"  data-av-masonry-custom-link=\"https:\/\/klett.cz\/uploads\/68947e9f27d2f-nos-vemos-hoy1-slovnik.pdf\"  itemprop=\"thumbnailUrl\" ><div class='av-inner-masonry-sizer'><\/div><figure class='av-inner-masonry main_color'><div class=\"av-masonry-outerimage-container\"><div class='av-masonry-image-container'  ><img decoding=\"async\" width=\"497\" height=\"705\" fetchpriority=\"high\" class=\"wp-image-847 avia-img-lazy-loading-not-847\"  src=\"https:\/\/klett.cz\/nos-vemos-hoy\/wp-content\/uploads\/Navrh-bez-nazvu-10-2.png\" title=\"Slovn\u00ed\u010dek\" alt=\"\" srcset=\"https:\/\/klett.cz\/nos-vemos-hoy\/wp-content\/uploads\/Navrh-bez-nazvu-10-2.png 497w, https:\/\/klett.cz\/nos-vemos-hoy\/wp-content\/uploads\/Navrh-bez-nazvu-10-2-211x300.png 211w\" sizes=\"(max-width: 497px) 100vw, 497px\" \/><\/div><\/div><figcaption class='av-inner-masonry-content site-background'><div class='av-inner-masonry-content-pos'><div class='av-inner-masonry-content-pos-content'><div class='avia-arrow'><\/div><h3 class='av-masonry-entry-title entry-title '  itemprop=\"headline\" >Slovn\u00ed\u010dek<\/h3><\/div><\/div><\/figcaption><\/figure><\/a><!--end av-masonry entry--><a href=\"https:\/\/klett.cz\/nos-vemos-hoy\/wp-content\/uploads\/Nos-Vemos-hoy-2-lekce-1-nahled-PDF.pdf\"  aria-label=\"image Bezplatn\u00e1 uk\u00e1zkov\u00e1 lekce 2. d\u00edlu\"  target=\"_blank\" rel=\"noopener noreferrer\" id='av-masonry-1-item-950' data-av-masonry-item='950' class='av-masonry-entry isotope-item post-950 attachment type-attachment status-inherit hentry  av-masonry-item-with-image' title=\"Bezplatn\u00e1 uk\u00e1zkov\u00e1 lekce 2. d\u00edlu\" alt=\"\"  data-av-masonry-custom-link=\"https:\/\/klett.cz\/nos-vemos-hoy\/wp-content\/uploads\/Nos-Vemos-hoy-2-lekce-1-nahled-PDF.pdf\"  itemprop=\"thumbnailUrl\" ><div class='av-inner-masonry-sizer'><\/div><figure class='av-inner-masonry main_color'><div class=\"av-masonry-outerimage-container\"><div class='av-masonry-image-container'  ><img decoding=\"async\" width=\"495\" height=\"705\" fetchpriority=\"high\" class=\"wp-image-950 avia-img-lazy-loading-not-950\"  src=\"https:\/\/klett.cz\/nos-vemos-hoy\/wp-content\/uploads\/ikona-NVH-bezplatna-ukazkova-lekce-495x705.png\" title=\"Bezplatn\u00e1 uk\u00e1zkov\u00e1 lekce 2. d\u00edlu\" alt=\"\" srcset=\"https:\/\/klett.cz\/nos-vemos-hoy\/wp-content\/uploads\/ikona-NVH-bezplatna-ukazkova-lekce-495x705.png 495w, https:\/\/klett.cz\/nos-vemos-hoy\/wp-content\/uploads\/ikona-NVH-bezplatna-ukazkova-lekce-211x300.png 211w, https:\/\/klett.cz\/nos-vemos-hoy\/wp-content\/uploads\/ikona-NVH-bezplatna-ukazkova-lekce.png 668w\" sizes=\"(max-width: 495px) 100vw, 495px\" \/><\/div><\/div><figcaption class='av-inner-masonry-content site-background'><div class='av-inner-masonry-content-pos'><div class='av-inner-masonry-content-pos-content'><div class='avia-arrow'><\/div><h3 class='av-masonry-entry-title entry-title '  itemprop=\"headline\" >Bezplatn\u00e1 uk\u00e1zkov\u00e1 lekce 2. d\u00edlu<\/h3><\/div><\/div><\/figcaption><\/figure><\/a><!--end av-masonry entry--><\/div><\/div>\n<section  class='av_textblock_section av-bm8k-2-a99afdc38974e0ea3d54796d03c7366e '   itemscope=\"itemscope\" itemtype=\"https:\/\/schema.org\/CreativeWork\" ><div class='avia_textblock'  itemprop=\"text\" ><h2 style=\"text-align: center;\">Uk\u00e1zkov\u00e1 audia z Nos Vemos Hoy<\/h2>\n<\/div><\/section>\n\n<style type=\"text\/css\" data-created_by=\"avia_inline_auto\" id=\"style-css-av-meibtuoc-6a2be3e41adbcd659edc267fe6b3442b\">\n#top .av-masonry.av-meibtuoc-6a2be3e41adbcd659edc267fe6b3442b{\nbackground-color:#ffffff;\n}\n<\/style>\n<div id='av-masonry-2' class='av-masonry av-meibtuoc-6a2be3e41adbcd659edc267fe6b3442b noHover av-flex-size av-large-gap av-hover-overlay-active av-masonry-animation-active av-masonry-col-flexible av-caption-always av-caption-style- av-masonry-gallery ' data-post_id=\"36\"><div class=\"av-masonry-container isotope av-js-disabled\"><div class='av-masonry-entry isotope-item av-masonry-item-no-image '><\/div><a href=\"https:\/\/klett.cz\/nos-vemos-hoy\/wp-content\/uploads\/NVH-audio-UC-001.mp3\"  aria-label=\"image Uk\u00e1zka audia z u\u010debnice\"  target=\"_blank\" rel=\"noopener noreferrer\" id='av-masonry-2-item-888' data-av-masonry-item='888' class='av-masonry-entry isotope-item post-888 attachment type-attachment status-inherit hentry  av-masonry-item-with-image' title=\"Uk\u00e1zka audia z u\u010debnice\" alt=\"\"  data-av-masonry-custom-link=\"https:\/\/klett.cz\/nos-vemos-hoy\/wp-content\/uploads\/NVH-audio-UC-001.mp3\"  itemprop=\"thumbnailUrl\" ><div class='av-inner-masonry-sizer'><\/div><figure class='av-inner-masonry main_color'><div class=\"av-masonry-outerimage-container\"><div class='av-masonry-image-container'  ><img decoding=\"async\" width=\"497\" height=\"705\" fetchpriority=\"high\" class=\"wp-image-888 avia-img-lazy-loading-not-888\"  src=\"https:\/\/klett.cz\/nos-vemos-hoy\/wp-content\/uploads\/ucebnice-1.png\" title=\"Uk\u00e1zka audia z u\u010debnice\" alt=\"\" srcset=\"https:\/\/klett.cz\/nos-vemos-hoy\/wp-content\/uploads\/ucebnice-1.png 497w, https:\/\/klett.cz\/nos-vemos-hoy\/wp-content\/uploads\/ucebnice-1-211x300.png 211w\" sizes=\"(max-width: 497px) 100vw, 497px\" \/><\/div><\/div><figcaption class='av-inner-masonry-content site-background'><div class='av-inner-masonry-content-pos'><div class='av-inner-masonry-content-pos-content'><div class='avia-arrow'><\/div><h3 class='av-masonry-entry-title entry-title '  itemprop=\"headline\" >Uk\u00e1zka audia z u\u010debnice<\/h3><\/div><\/div><\/figcaption><\/figure><\/a><!--end av-masonry entry--><a href=\"https:\/\/klett.cz\/nos-vemos-hoy\/wp-content\/uploads\/NVH-audio-PS-ps_01.mp3\"  aria-label=\"image Uk\u00e1zka audia z pracovn\u00edho se\u0161itu\"  target=\"_blank\" rel=\"noopener noreferrer\" id='av-masonry-2-item-886' data-av-masonry-item='886' class='av-masonry-entry isotope-item post-886 attachment type-attachment status-inherit hentry  av-masonry-item-with-image' title=\"Uk\u00e1zka audia z pracovn\u00edho se\u0161itu\" alt=\"\"  data-av-masonry-custom-link=\"https:\/\/klett.cz\/nos-vemos-hoy\/wp-content\/uploads\/NVH-audio-PS-ps_01.mp3\"  itemprop=\"thumbnailUrl\" ><div class='av-inner-masonry-sizer'><\/div><figure class='av-inner-masonry main_color'><div class=\"av-masonry-outerimage-container\"><div class='av-masonry-image-container'  ><img decoding=\"async\" width=\"497\" height=\"705\" fetchpriority=\"high\" class=\"wp-image-886 avia-img-lazy-loading-not-886\"  src=\"https:\/\/klett.cz\/nos-vemos-hoy\/wp-content\/uploads\/Pracovni-sesit.png\" title=\"Uk\u00e1zka audia z pracovn\u00edho se\u0161itu\" alt=\"\" srcset=\"https:\/\/klett.cz\/nos-vemos-hoy\/wp-content\/uploads\/Pracovni-sesit.png 497w, https:\/\/klett.cz\/nos-vemos-hoy\/wp-content\/uploads\/Pracovni-sesit-211x300.png 211w\" sizes=\"(max-width: 497px) 100vw, 497px\" \/><\/div><\/div><figcaption class='av-inner-masonry-content site-background'><div class='av-inner-masonry-content-pos'><div class='av-inner-masonry-content-pos-content'><div class='avia-arrow'><\/div><h3 class='av-masonry-entry-title entry-title '  itemprop=\"headline\" >Uk\u00e1zka audia z pracovn\u00edho se\u0161itu<\/h3><\/div><\/div><\/figcaption><\/figure><\/a><!--end av-masonry entry--><a href=\"https:\/\/klett.cz\/nos-vemos-hoy\/wp-content\/uploads\/NVH-audio-slovnik-G1a.wav\"  aria-label=\"image Slovn\u00ed\u010dek\"  target=\"_blank\" rel=\"noopener noreferrer\" id='av-masonry-2-item-887' data-av-masonry-item='887' class='av-masonry-entry isotope-item post-887 attachment type-attachment status-inherit hentry  av-masonry-item-with-image' title=\"Slovn\u00ed\u010dek\" alt=\"\"  data-av-masonry-custom-link=\"https:\/\/klett.cz\/nos-vemos-hoy\/wp-content\/uploads\/NVH-audio-slovnik-G1a.wav\"  itemprop=\"thumbnailUrl\" ><div class='av-inner-masonry-sizer'><\/div><figure class='av-inner-masonry main_color'><div class=\"av-masonry-outerimage-container\"><div class='av-masonry-image-container'  ><img decoding=\"async\" width=\"497\" height=\"705\" fetchpriority=\"high\" class=\"wp-image-887 avia-img-lazy-loading-not-887\"  src=\"https:\/\/klett.cz\/nos-vemos-hoy\/wp-content\/uploads\/Slovnicek-1.png\" title=\"Slovn\u00ed\u010dek\" alt=\"\" srcset=\"https:\/\/klett.cz\/nos-vemos-hoy\/wp-content\/uploads\/Slovnicek-1.png 497w, https:\/\/klett.cz\/nos-vemos-hoy\/wp-content\/uploads\/Slovnicek-1-211x300.png 211w\" sizes=\"(max-width: 497px) 100vw, 497px\" \/><\/div><\/div><figcaption class='av-inner-masonry-content site-background'><div class='av-inner-masonry-content-pos'><div class='av-inner-masonry-content-pos-content'><div class='avia-arrow'><\/div><h3 class='av-masonry-entry-title entry-title '  itemprop=\"headline\" >Slovn\u00ed\u010dek<\/h3><\/div><\/div><\/figcaption><\/figure><\/a><!--end av-masonry entry--><\/div><\/div>\n<section  class='av_textblock_section av-15aws-fc195d7c6c869716a212b45d1ae54bd3 '   itemscope=\"itemscope\" itemtype=\"https:\/\/schema.org\/CreativeWork\" ><div class='avia_textblock'  itemprop=\"text\" ><h2 style=\"text-align: center;\">Uk\u00e1zkov\u00e1 videa z Nos Vemos Hoy<\/h2>\n<\/div><\/section>\n<div  class='flex_column av-r1k8-2761ea31b154d69f99ea87afebae240e av_one_half  avia-builder-el-7  el_after_av_textblock  el_before_av_one_half  first flex_column_div  column-top-margin'     ><style type=\"text\/css\" data-created_by=\"avia_inline_auto\" id=\"style-css-av-me6uwvvz-e938825b44e5cd5bb1baa46605a388cf\">\n.avia-video.av-me6uwvvz-e938825b44e5cd5bb1baa46605a388cf{\nbackground-image:url(https:\/\/klett.cz\/nos-vemos-hoy\/wp-content\/uploads\/NVH-1-300x169.png);\n}\n<\/style>\n<div  class='avia-video av-me6uwvvz-e938825b44e5cd5bb1baa46605a388cf avia-video-16-9 av-preview-image avia-video-load-always avia-video-html5'  itemprop=\"video\" itemtype=\"https:\/\/schema.org\/VideoObject\"  data-original_url='https:\/\/klett.cz\/nos-vemos-hoy\/wp-content\/uploads\/V6.mp4'><video class='avia_video' poster=\"https:\/\/klett.cz\/nos-vemos-hoy\/wp-content\/uploads\/NVH-1-300x169.png\"   preload=\"auto\"  controls id='player_36_599924665_1627238713'><source src='https:\/\/klett.cz\/nos-vemos-hoy\/wp-content\/uploads\/V6.mp4' type='video\/mp4' \/><\/video><\/div><\/div>\n<div  class='flex_column av-13nng-d804934ad707733fa443ecc976c3b90a av_one_half  avia-builder-el-9  el_after_av_one_half  avia-builder-el-last  flex_column_div  column-top-margin'     ><style type=\"text\/css\" data-created_by=\"avia_inline_auto\" id=\"style-css-av-me6v7yuv-ed6d7512a95c66df1da6966a3607bcad\">\n.avia-video.av-me6v7yuv-ed6d7512a95c66df1da6966a3607bcad{\nbackground-image:url(https:\/\/klett.cz\/nos-vemos-hoy\/wp-content\/uploads\/NVH-2-300x169.png);\n}\n<\/style>\n<div  class='avia-video av-me6v7yuv-ed6d7512a95c66df1da6966a3607bcad avia-video-16-9 av-preview-image avia-video-load-always avia-video-html5'  itemprop=\"video\" itemtype=\"https:\/\/schema.org\/VideoObject\"  data-original_url='https:\/\/klett.cz\/nos-vemos-hoy\/wp-content\/uploads\/V5.mp4'><video class='avia_video' poster=\"https:\/\/klett.cz\/nos-vemos-hoy\/wp-content\/uploads\/NVH-2-300x169.png\"   preload=\"auto\"  controls id='player_36_1184799149_1101568630'><source src='https:\/\/klett.cz\/nos-vemos-hoy\/wp-content\/uploads\/V5.mp4' type='video\/mp4' \/><\/video><\/div><\/div>\n","protected":false},"excerpt":{"rendered":"","protected":false},"author":2,"featured_media":0,"parent":0,"menu_order":0,"comment_status":"closed","ping_status":"closed","template":"","meta":{"footnotes":""},"class_list":["post-36","page","type-page","status-publish","hentry"],"_links":{"self":[{"href":"https:\/\/klett.cz\/nos-vemos-hoy\/wp-json\/wp\/v2\/pages\/36","targetHints":{"allow":["GET"]}}],"collection":[{"href":"https:\/\/klett.cz\/nos-vemos-hoy\/wp-json\/wp\/v2\/pages"}],"about":[{"href":"https:\/\/klett.cz\/nos-vemos-hoy\/wp-json\/wp\/v2\/types\/page"}],"author":[{"embeddable":true,"href":"https:\/\/klett.cz\/nos-vemos-hoy\/wp-json\/wp\/v2\/users\/2"}],"replies":[{"embeddable":true,"href":"https:\/\/klett.cz\/nos-vemos-hoy\/wp-json\/wp\/v2\/comments?post=36"}],"version-history":[{"count":57,"href":"https:\/\/klett.cz\/nos-vemos-hoy\/wp-json\/wp\/v2\/pages\/36\/revisions"}],"predecessor-version":[{"id":949,"href":"https:\/\/klett.cz\/nos-vemos-hoy\/wp-json\/wp\/v2\/pages\/36\/revisions\/949"}],"wp:attachment":[{"href":"https:\/\/klett.cz\/nos-vemos-hoy\/wp-json\/wp\/v2\/media?parent=36"}],"curies":[{"name":"wp","href":"https:\/\/api.w.org\/{rel}","templated":true}]}}