{"id":2,"date":"2018-04-25T18:25:53","date_gmt":"2018-04-25T16:25:53","guid":{"rendered":"http:\/\/klett.cz\/maximalinteraktiv\/?page_id=2"},"modified":"2025-08-25T17:33:44","modified_gmt":"2025-08-25T15:33:44","slug":"zkusebni-stranka","status":"publish","type":"page","link":"https:\/\/klett.cz\/nos-vemos-hoy\/","title":{"rendered":"Dom\u016f"},"content":{"rendered":"\n<style type=\"text\/css\" data-created_by=\"avia_inline_auto\" id=\"style-css-av-28bq-f03039cf40fd9a6a4b0841c4b006be73\">\n.avia-image-container.av-28bq-f03039cf40fd9a6a4b0841c4b006be73 img.avia_image{\nbox-shadow:none;\n}\n.avia-image-container.av-28bq-f03039cf40fd9a6a4b0841c4b006be73 .av-image-caption-overlay-center{\ncolor:#ffffff;\n}\n<\/style>\n<div  class='avia-image-container av-28bq-f03039cf40fd9a6a4b0841c4b006be73 av-styling- avia-align-center  avia-builder-el-0  el_before_av_hr  avia-builder-el-first '   itemprop=\"image\" itemscope=\"itemscope\" itemtype=\"https:\/\/schema.org\/ImageObject\" ><div class=\"avia-image-container-inner\"><div class=\"avia-image-overlay-wrap\"><img decoding=\"async\" fetchpriority=\"high\" class='wp-image-866 avia-img-lazy-loading-not-866 avia_image ' src=\"https:\/\/klett.cz\/nos-vemos-hoy\/wp-content\/uploads\/Nos-Vemos-Hoy-uvodka-1-1.png\" alt='' title='Nos Vemos Hoy \u00favodka (1)'  height=\"423\" width=\"1210\"  itemprop=\"thumbnailUrl\" srcset=\"https:\/\/klett.cz\/nos-vemos-hoy\/wp-content\/uploads\/Nos-Vemos-Hoy-uvodka-1-1.png 1210w, https:\/\/klett.cz\/nos-vemos-hoy\/wp-content\/uploads\/Nos-Vemos-Hoy-uvodka-1-1-300x105.png 300w, https:\/\/klett.cz\/nos-vemos-hoy\/wp-content\/uploads\/Nos-Vemos-Hoy-uvodka-1-1-1030x360.png 1030w, https:\/\/klett.cz\/nos-vemos-hoy\/wp-content\/uploads\/Nos-Vemos-Hoy-uvodka-1-1-768x268.png 768w, https:\/\/klett.cz\/nos-vemos-hoy\/wp-content\/uploads\/Nos-Vemos-Hoy-uvodka-1-1-705x246.png 705w\" sizes=\"(max-width: 1210px) 100vw, 1210px\" \/><\/div><\/div><\/div>\n\n<style type=\"text\/css\" data-created_by=\"avia_inline_auto\" id=\"style-css-av-la06-c76671bd8da5c88572fc1ff7ef703de1\">\n#top .hr.hr-invisible.av-la06-c76671bd8da5c88572fc1ff7ef703de1{\nheight:50px;\n}\n<\/style>\n<div  class='hr av-la06-c76671bd8da5c88572fc1ff7ef703de1 hr-invisible  avia-builder-el-1  el_after_av_image  el_before_av_one_half '><span class='hr-inner '><span class=\"hr-inner-style\"><\/span><\/span><\/div>\n\n<style type=\"text\/css\" data-created_by=\"avia_inline_auto\" id=\"style-css-av-5p20-2feb0f2eba76963f5352d70f018ab12c\">\n.flex_column.av-5p20-2feb0f2eba76963f5352d70f018ab12c{\nborder-radius:0px 0px 0px 0px;\npadding:0px 0px 0px 0px;\n}\n<\/style>\n<div  class='flex_column av-5p20-2feb0f2eba76963f5352d70f018ab12c av_one_half  avia-builder-el-2  el_after_av_hr  el_before_av_one_half  first flex_column_div av-zero-column-padding  '     ><style type=\"text\/css\" data-created_by=\"avia_inline_auto\" id=\"style-css-av-gzva-fe0b5f34a819e3503376ccae1359838c\">\n#top .av_textblock_section.av-gzva-fe0b5f34a819e3503376ccae1359838c .avia_textblock{\nfont-size:25px;\ncolor:#009aa7;\ntext-align:center;\n}\n<\/style>\n<section  class='av_textblock_section av-gzva-fe0b5f34a819e3503376ccae1359838c '   itemscope=\"itemscope\" itemtype=\"https:\/\/schema.org\/CreativeWork\" ><div class='avia_textblock av_inherit_color'  itemprop=\"text\" ><h1>NOS VEMOS HOY<\/h1>\n<h3>Nov\u00e1 generace u\u010debnic \u0161pan\u011bl\u0161tiny pro st\u0159edn\u00ed \u0161koly<\/h3>\n<\/div><\/section><br \/>\n\n<style type=\"text\/css\" data-created_by=\"avia_inline_auto\" id=\"style-css-av-3g1w-ad1779eb816de901ebd3605cf095a45d\">\n.avia-image-container.av-3g1w-ad1779eb816de901ebd3605cf095a45d img.avia_image{\nbox-shadow:none;\n}\n.avia-image-container.av-3g1w-ad1779eb816de901ebd3605cf095a45d .av-image-caption-overlay-center{\ncolor:#ffffff;\n}\n<\/style>\n<div  class='avia-image-container av-3g1w-ad1779eb816de901ebd3605cf095a45d av-styling- avia-align-center  avia-builder-el-4  el_after_av_textblock  avia-builder-el-last '   itemprop=\"image\" itemscope=\"itemscope\" itemtype=\"https:\/\/schema.org\/ImageObject\" ><div class=\"avia-image-container-inner\"><div class=\"avia-image-overlay-wrap\"><img decoding=\"async\" fetchpriority=\"high\" class='wp-image-922 avia-img-lazy-loading-not-922 avia_image ' src=\"https:\/\/klett.cz\/nos-vemos-hoy\/wp-content\/uploads\/NVH_Mock_upy3.png\" alt='' title='NVH_Mock_upy3'  height=\"515\" width=\"700\"  itemprop=\"thumbnailUrl\" srcset=\"https:\/\/klett.cz\/nos-vemos-hoy\/wp-content\/uploads\/NVH_Mock_upy3.png 700w, https:\/\/klett.cz\/nos-vemos-hoy\/wp-content\/uploads\/NVH_Mock_upy3-300x221.png 300w\" sizes=\"(max-width: 700px) 100vw, 700px\" \/><\/div><\/div><\/div><\/p><\/div>\n\n<style type=\"text\/css\" data-created_by=\"avia_inline_auto\" id=\"style-css-av-d3cy-33e4aca9de5787fd53649b95bc1c5190\">\n.flex_column.av-d3cy-33e4aca9de5787fd53649b95bc1c5190{\nborder-radius:0px 0px 0px 0px;\npadding:0px 0px 0px 0px;\n}\n<\/style>\n<div  class='flex_column av-d3cy-33e4aca9de5787fd53649b95bc1c5190 av_one_half  avia-builder-el-5  el_after_av_one_half  el_before_av_two_third  flex_column_div av-zero-column-padding  '     ><style type=\"text\/css\" data-created_by=\"avia_inline_auto\" id=\"style-css-av-bh22-87654212094c6173bd0a5d2390998489\">\n#top .av_textblock_section.av-bh22-87654212094c6173bd0a5d2390998489 .avia_textblock{\nfont-size:18px;\n}\n<\/style>\n<section  class='av_textblock_section av-bh22-87654212094c6173bd0a5d2390998489 '   itemscope=\"itemscope\" itemtype=\"https:\/\/schema.org\/CreativeWork\" ><div class='avia_textblock'  itemprop=\"text\" ><p data-start=\"208\" data-end=\"620\"><strong data-start=\"208\" data-end=\"225\">Nos vemos hoy<\/strong> je modern\u00ed u\u010debnicov\u00e1 sada ur\u010den\u00e1 pro v\u00fduku \u0161pan\u011blsk\u00e9ho jazyka na gymn\u00e1zi\u00edch a st\u0159edn\u00edch odborn\u00fdch \u0161kol\u00e1ch. \u010cesk\u00e1 adaptace vych\u00e1z\u00ed z origin\u00e1ln\u00ed \u0161pan\u011blsk\u00e9 verze a pln\u011b odpov\u00edd\u00e1 po\u017eadavk\u016fm <strong data-start=\"413\" data-end=\"454\">R\u00e1mcov\u00e9ho vzd\u011bl\u00e1vac\u00edho programu (RVP)<\/strong>. \u010cty\u0159i d\u00edly u\u010debnice s integrovan\u00fdm pracovn\u00edm se\u0161item dovedou \u017e\u00e1ky postupn\u011b od \u00farovn\u011b <strong data-start=\"539\" data-end=\"554\">A1 a\u017e po B2<\/strong> podle Spole\u010dn\u00e9ho evropsk\u00e9ho referen\u010dn\u00edho r\u00e1mce pro jazyky (SERR).<\/p>\n<p data-start=\"622\" data-end=\"1075\">U\u010debnice je koncipov\u00e1na s <strong data-start=\"648\" data-end=\"683\">modern\u00edm a praktick\u00fdm p\u0159\u00edstupem<\/strong>, kter\u00fd klade d\u016fraz zejm\u00e9na na rozvoj <strong data-start=\"721\" data-end=\"743\">mluven\u00ed a poslechu<\/strong>. Nab\u00edz\u00ed st\u0159edn\u00ed progresi, pestrou \u0161k\u00e1lu cvi\u010den\u00ed, pr\u00e1ci na mini projektech, \u010dten\u00ed zpracovan\u00e9 formou autentick\u00fdch konverzac\u00ed (nap\u0159. p\u0159es WhatsApp), p\u0159ehledn\u00e9 gramatick\u00e9 a komunika\u010dn\u00ed tabulky, bohat\u00fd audio i video obsah a mo\u017enost pracovat <strong data-start=\"980\" data-end=\"1014\">v pln\u011b interaktivn\u00edm prost\u0159ed\u00ed<\/strong> \u2013 a\u0165 u\u017e na tabuli, po\u010d\u00edta\u010di, tabletu nebo mobiln\u00edm za\u0159\u00edzen\u00ed.<\/p>\n<\/div><\/section><\/div><div class='flex_column_table av-90lw-9070a63ff65cec0ce6977744d8b2c1b1 sc-av_two_third av-equal-height-column-flextable'>\n<style type=\"text\/css\" data-created_by=\"avia_inline_auto\" id=\"style-css-av-90lw-9070a63ff65cec0ce6977744d8b2c1b1\">\n@keyframes av_boxShadowEffect_av-90lw-9070a63ff65cec0ce6977744d8b2c1b1-column {\n0%   { box-shadow:  0 0 0 0 #009aa7; opacity: 1; }\n100% { box-shadow:  0 0 10px 0 #009aa7; opacity: 1; }\n}\n.flex_column.av-90lw-9070a63ff65cec0ce6977744d8b2c1b1{\nbox-shadow: 0 0 10px 0 #009aa7;\npadding:30px 30px 30px 30px;\nbackground-color:#ffffff;\n}\n<\/style>\n<div  class='flex_column av-90lw-9070a63ff65cec0ce6977744d8b2c1b1 av_two_third  avia-builder-el-7  el_after_av_one_half  el_before_av_one_third  first flex_column_table_cell av-equal-height-column av-align-middle shadow-not-animated  column-top-margin'     ><style type=\"text\/css\" data-created_by=\"avia_inline_auto\" id=\"style-css-av-2r4y-5a81989374641c8044a8d939a3d200b2\">\n#top .av_textblock_section.av-2r4y-5a81989374641c8044a8d939a3d200b2 .avia_textblock{\ncolor:#252525;\ntext-align:justify;\n}\n<\/style>\n<section  class='av_textblock_section av-2r4y-5a81989374641c8044a8d939a3d200b2 '   itemscope=\"itemscope\" itemtype=\"https:\/\/schema.org\/CreativeWork\" ><div class='avia_textblock av_inherit_color'  itemprop=\"text\" ><h3 data-start=\"811\" data-end=\"850\">Pro\u010d zvolit pr\u00e1v\u011b Nos vemos hoy?<\/h3>\n<ul data-start=\"852\" data-end=\"1768\">\n<li data-start=\"852\" data-end=\"1061\">\n<p data-start=\"854\" data-end=\"1061\"><strong data-start=\"857\" data-end=\"902\">U\u010debnice + pracovn\u00ed se\u0161it v jednom svazku<\/strong><br data-start=\"902\" data-end=\"905\" \/>Ka\u017ed\u00fd d\u00edl obsahuje 8 tematick\u00fdch lekc\u00ed (z toho 2 opakovac\u00ed), ide\u00e1ln\u011b uzp\u016fsoben\u00fdch pro v\u00fduku v rozsahu 3 hodin t\u00fddn\u011b. Pokr\u00fdv\u00e1 \u00farovn\u011b <strong data-start=\"1039\" data-end=\"1051\">A1 a\u017e B2<\/strong> dle SERR.<\/p>\n<\/li>\n<li data-start=\"1063\" data-end=\"1229\">\n<p data-start=\"1065\" data-end=\"1229\"><strong data-start=\"1068\" data-end=\"1103\">D\u016fraz na komunikaci a interakci<\/strong><br data-start=\"1103\" data-end=\"1106\" \/>Aktivity podporuj\u00ed skupinovou spolupr\u00e1ci, projektovou v\u00fduku, pr\u00e1ci s autentick\u00fdmi zdroji a rozvoj digit\u00e1ln\u00edch dovednost\u00ed.<\/p>\n<\/li>\n<li data-start=\"1231\" data-end=\"1426\">\n<p data-start=\"1233\" data-end=\"1426\"><strong data-start=\"1236\" data-end=\"1286\">Vysv\u011btlen\u00ed v \u010de\u0161tin\u011b, slovn\u00ed\u010dek i autoevaluace<\/strong><br data-start=\"1286\" data-end=\"1289\" \/>Gramatika a fr\u00e1ze jsou vysv\u011btleny srozumiteln\u011b v \u010de\u0161tin\u011b. Sou\u010d\u00e1st\u00ed jsou i autoevalua\u010dn\u00ed str\u00e1nky a praktick\u00fd <strong data-start=\"1399\" data-end=\"1425\">\u010desko-\u0161pan\u011blsk\u00fd glos\u00e1\u0159<\/strong>.<\/p>\n<\/li>\n<li data-start=\"1428\" data-end=\"1585\">\n<p data-start=\"1430\" data-end=\"1585\"><strong data-start=\"1433\" data-end=\"1469\">Re\u00e1lie a t\u00e9mata bl\u00edzk\u00e1 student\u016fm<\/strong><br data-start=\"1469\" data-end=\"1472\" \/>Lekce reflektuj\u00ed ka\u017edodenn\u00ed \u017eivot teenager\u016f \u2013 formou WhatsApp konverzac\u00ed, soci\u00e1ln\u00edch s\u00edt\u00ed, map a online obsahu.<\/p>\n<\/li>\n<li data-start=\"1587\" data-end=\"1768\">\n<p data-start=\"1589\" data-end=\"1768\"><strong data-start=\"1594\" data-end=\"1615\">Digit\u00e1ln\u00ed podpora<\/strong><br data-start=\"1615\" data-end=\"1618\" \/>U\u010debnice nab\u00edz\u00ed <strong data-start=\"1636\" data-end=\"1666\">bohat\u00fd audio a video obsah<\/strong>, interaktivn\u00ed verzi pro online v\u00fduku a elektronickou metodiku s testy, kl\u00ed\u010di i dopl\u0148kov\u00fdmi materi\u00e1ly.<\/p>\n<\/li>\n<\/ul>\n<\/div><\/section><\/div><\/p>\n<div class='av-flex-placeholder'><\/div>\n<style type=\"text\/css\" data-created_by=\"avia_inline_auto\" id=\"style-css-av-2swu-8e7a6f9f9e34218a42d78cb585e2ac13\">\n.flex_column.av-2swu-8e7a6f9f9e34218a42d78cb585e2ac13{\nborder-radius:0px 0px 0px 0px;\npadding:10px 10px 10px 10px;\nbackground-color:#def9fc;\n}\n<\/style>\n<div  class='flex_column av-2swu-8e7a6f9f9e34218a42d78cb585e2ac13 av_one_third  avia-builder-el-9  el_after_av_two_third  el_before_av_hr  flex_column_table_cell av-equal-height-column av-align-middle  column-top-margin'     ><p>\n<style type=\"text\/css\" data-created_by=\"avia_inline_auto\" id=\"style-css-av-m34a162v-a01e90bb6f98a2297282ab0df0d2cc94\">\n.avia-image-container.av-m34a162v-a01e90bb6f98a2297282ab0df0d2cc94 img.avia_image{\nbox-shadow:none;\n}\n.avia-image-container.av-m34a162v-a01e90bb6f98a2297282ab0df0d2cc94 .av-image-caption-overlay-center{\ncolor:#ffffff;\n}\n<\/style>\n<div  class='avia-image-container av-m34a162v-a01e90bb6f98a2297282ab0df0d2cc94 av-styling- avia-align-center  avia-builder-el-10  el_before_av_textblock  avia-builder-el-first '   itemprop=\"image\" itemscope=\"itemscope\" itemtype=\"https:\/\/schema.org\/ImageObject\" ><div class=\"avia-image-container-inner\"><div class=\"avia-image-overlay-wrap\"><img decoding=\"async\" fetchpriority=\"high\" class='wp-image-926 avia-img-lazy-loading-not-926 avia_image ' src=\"https:\/\/klett.cz\/nos-vemos-hoy\/wp-content\/uploads\/NVH_Mock_upy5.png\" alt='' title='NVH_Mock_upy5'  height=\"515\" width=\"700\"  itemprop=\"thumbnailUrl\" srcset=\"https:\/\/klett.cz\/nos-vemos-hoy\/wp-content\/uploads\/NVH_Mock_upy5.png 700w, https:\/\/klett.cz\/nos-vemos-hoy\/wp-content\/uploads\/NVH_Mock_upy5-300x221.png 300w\" sizes=\"(max-width: 700px) 100vw, 700px\" \/><\/div><\/div><\/div><br \/>\n\n<style type=\"text\/css\" data-created_by=\"avia_inline_auto\" id=\"style-css-av-me2ndw14-5fb80c5a26ec35025adda94a479d7b0e\">\n#top .av_textblock_section.av-me2ndw14-5fb80c5a26ec35025adda94a479d7b0e .avia_textblock{\ncolor:#252525;\n}\n<\/style>\n<section  class='av_textblock_section av-me2ndw14-5fb80c5a26ec35025adda94a479d7b0e '   itemscope=\"itemscope\" itemtype=\"https:\/\/schema.org\/CreativeWork\" ><div class='avia_textblock av_inherit_color'  itemprop=\"text\" ><h3 style=\"text-align: center;\" data-start=\"2724\" data-end=\"2755\">Sou\u010d\u00e1sti sady<br \/>\nNos vemos hoy<\/h3>\n<ul data-start=\"2757\" data-end=\"3009\">\n<li data-start=\"2757\" data-end=\"2802\">\n<p data-start=\"2759\" data-end=\"2802\">U\u010debnice s integrovan\u00fdm pracovn\u00edm se\u0161item<\/p>\n<\/li>\n<li data-start=\"2803\" data-end=\"2850\">\n<p data-start=\"2805\" data-end=\"2850\">Elektronick\u00e1 metodick\u00e1 p\u0159\u00edru\u010dka pro u\u010ditele<\/p>\n<\/li>\n<li data-start=\"2851\" data-end=\"2884\">\n<p data-start=\"2853\" data-end=\"2884\">Audionahr\u00e1vky a v\u00fdukov\u00e1 videa<\/p>\n<\/li>\n<li data-start=\"2885\" data-end=\"2916\">\n<p data-start=\"2887\" data-end=\"2916\">Interaktivn\u00ed verze u\u010debnice<\/p>\n<\/li>\n<li data-start=\"2917\" data-end=\"2959\">\n<p data-start=\"2919\" data-end=\"2959\">Testy, kl\u00ed\u010de a kop\u00edrovateln\u00e9 materi\u00e1ly<\/p>\n<\/li>\n<li data-start=\"2960\" data-end=\"3009\">\n<p data-start=\"2962\" data-end=\"3009\">Prvky pro autoevaluaci a \u010desko-\u0161pan\u011blsk\u00fd glos\u00e1\u0159<\/p>\n<\/li>\n<\/ul>\n<\/div><\/section><\/p><\/div><\/div><!--close column table wrapper. Autoclose: 1 -->\n<div  class='hr av-3yw8-085f71edf0eab89ee14b5811b27280ad hr-default  avia-builder-el-12  el_after_av_one_third  el_before_av_one_half '><span class='hr-inner '><span class=\"hr-inner-style\"><\/span><\/span><\/div>\n<div class='flex_column_table av-be5w-74fc1c1c531039d275029a33596626ac sc-av_one_half av-equal-height-column-flextable'>\n<style type=\"text\/css\" data-created_by=\"avia_inline_auto\" id=\"style-css-av-be5w-74fc1c1c531039d275029a33596626ac\">\n.flex_column.av-be5w-74fc1c1c531039d275029a33596626ac{\nborder-radius:0px 0px 0px 0px;\npadding:0px 0px 0px 0px;\n}\n<\/style>\n<div  class='flex_column av-be5w-74fc1c1c531039d275029a33596626ac av_one_half  avia-builder-el-13  el_after_av_hr  el_before_av_one_half  first flex_column_table_cell av-equal-height-column av-align-top av-zero-column-padding  '     ><style type=\"text\/css\" data-created_by=\"avia_inline_auto\" id=\"style-css-av-me2nc0ij-ce025ceecb79dd16eecb56247615c006\">\n#top .av_textblock_section.av-me2nc0ij-ce025ceecb79dd16eecb56247615c006 .avia_textblock{\nfont-size:25px;\ncolor:#252525;\ntext-align:left;\n}\n<\/style>\n<section  class='av_textblock_section av-me2nc0ij-ce025ceecb79dd16eecb56247615c006 '   itemscope=\"itemscope\" itemtype=\"https:\/\/schema.org\/CreativeWork\" ><div class='avia_textblock av_inherit_color'  itemprop=\"text\" ><p data-start=\"1775\" data-end=\"1822\"><strong style=\"color: #009aa7;\">U\u010debnice navr\u017een\u00e1 u\u010diteli pro u\u010ditele<\/strong><\/p>\n<p data-start=\"1824\" data-end=\"2098\">Autorsk\u00fd t\u00fdm veden\u00fd <strong style=\"color: #009aa7;\" data-start=\"1844\" data-end=\"1871\">Danielou Gimeno S\u00e1nchez<\/strong> propojuje zku\u0161enosti z v\u00fduky \u0161pan\u011bl\u0161tiny v \u010desk\u00e9m prost\u0159ed\u00ed s modern\u00edmi pedagogick\u00fdmi trendy. D\u00edky tomu je <strong style=\"color: #009aa7;\" data-start=\"1979\" data-end=\"1996\">Nos vemos hoy<\/strong> srozumiteln\u00e1, praktick\u00e1 a z\u00e1rove\u0148 z\u00e1bavn\u00e1 \u2013 ide\u00e1ln\u00ed volba pro \u0161koly, kter\u00e9 cht\u011bj\u00ed dr\u017eet krok s dobou.<\/p>\n<\/div><\/section><\/div>\n<div class='av-flex-placeholder'><\/div>\n<style type=\"text\/css\" data-created_by=\"avia_inline_auto\" id=\"style-css-av-943q-572830d2b6f47dddc9935520ab51685b\">\n.flex_column.av-943q-572830d2b6f47dddc9935520ab51685b{\nborder-radius:0px 0px 0px 0px;\npadding:0px 0px 0px 0px;\n}\n<\/style>\n<div  class='flex_column av-943q-572830d2b6f47dddc9935520ab51685b av_one_half  avia-builder-el-15  el_after_av_one_half  el_before_av_one_full  flex_column_table_cell av-equal-height-column av-align-top av-zero-column-padding  '     ><style type=\"text\/css\" data-created_by=\"avia_inline_auto\" id=\"style-css-av-8g4y-003683f11b14941db091319671e92ebc\">\n.avia-video.av-8g4y-003683f11b14941db091319671e92ebc{\nbackground-image:url(https:\/\/klett.cz\/nos-vemos-hoy\/wp-content\/uploads\/ThumbnailsMedailonky-Lektoru-Youtube-3.png);\n}\n<\/style>\n<div  class='avia-video av-8g4y-003683f11b14941db091319671e92ebc avia-video-16-9 av-preview-image avia-video-load-always av-lazyload-immediate av-lazyload-video-embed'  itemprop=\"video\" itemtype=\"https:\/\/schema.org\/VideoObject\"  data-original_url='https:\/\/youtu.be\/6aMGaRmSHqE'><script type='text\/html' class='av-video-tmpl'><div class='avia-iframe-wrap'><iframe loading=\"lazy\" title=\"Nos Vemos Hoy \u2013 modern\u00ed v\u00fduka \u0161pan\u011bl\u0161tiny pro st\u0159edn\u00ed \u0161koly a gymn\u00e1zia\" width=\"1500\" height=\"844\" src=\"https:\/\/www.youtube.com\/embed\/6aMGaRmSHqE?feature=oembed&autoplay=0&loop=0&controls=1&mute=0\" frameborder=\"0\" allow=\"accelerometer; autoplay; clipboard-write; encrypted-media; gyroscope; picture-in-picture; web-share\" referrerpolicy=\"strict-origin-when-cross-origin\" allowfullscreen><\/iframe><\/div><\/script><div class='av-click-to-play-overlay'><div class=\"avia_playpause_icon\"><\/div><\/div><\/div><\/div><\/div><!--close column table wrapper. Autoclose: 1 -->\n<div class='flex_column_table av-41iy-215225c204f687380462c64946c5384b sc-av_one_full av-equal-height-column-flextable'>\n<style type=\"text\/css\" data-created_by=\"avia_inline_auto\" id=\"style-css-av-41iy-215225c204f687380462c64946c5384b\">\n.flex_column.av-41iy-215225c204f687380462c64946c5384b{\nborder-radius:0px 0px 0px 0px;\npadding:50px 50px 50px 50px;\nbackground-color:#ffffff;\n}\n<\/style>\n<div  class='flex_column av-41iy-215225c204f687380462c64946c5384b av_one_full  avia-builder-el-17  el_after_av_one_half  avia-builder-el-last  first flex_column_table_cell av-equal-height-column av-align-top  column-top-margin'     ><style type=\"text\/css\" data-created_by=\"avia_inline_auto\" id=\"style-css-av-me2nhqr0-c5948467e3edc9c6c756f6d5cda2ee15\">\n#top .av_textblock_section.av-me2nhqr0-c5948467e3edc9c6c756f6d5cda2ee15 .avia_textblock{\ncolor:#252525;\n}\n<\/style>\n<section  class='av_textblock_section av-me2nhqr0-c5948467e3edc9c6c756f6d5cda2ee15 '   itemscope=\"itemscope\" itemtype=\"https:\/\/schema.org\/CreativeWork\" ><div class='avia_textblock av_inherit_color'  itemprop=\"text\" ><p style=\"text-align: center;\" data-start=\"3288\" data-end=\"3319\"><strong style=\"color: #009aa7; font-size: 25.0pt;\">Za\u010dn\u011bte s Nos vemos hoy je\u0161t\u011b dnes<\/strong><\/p>\n<p style=\"text-align: center;\"><a href=\"https:\/\/klett.cz\/nos-vemos-hoy\/vzorky-zdarma\/\"><strong>Vy\u017e\u00e1dejte si vzorek \u010di vzorovou lekci\u00a0<\/strong><\/a><\/p>\n<p style=\"text-align: center;\"><strong>Poslechn\u011bte si podcast <a href=\"https:\/\/youtu.be\/CZ1mnv-FY_g?si=HFDTDo1iulRliJ-c\">P\u0159ed tabul\u00ed \u2013 Daniela Gimeno S\u00e1nchez<\/a><\/strong><\/p>\n<\/div><\/section><br \/>\n<div  class='avia-button-wrap av-me2nkaqj-f0c715aec8c79d6333a940c67251dec0-wrap avia-button-center  avia-builder-el-19  el_after_av_textblock  avia-builder-el-last '>\n<style type=\"text\/css\" data-created_by=\"avia_inline_auto\" id=\"style-css-av-me2nkaqj-f0c715aec8c79d6333a940c67251dec0\">\n#top #wrap_all .avia-button.av-me2nkaqj-f0c715aec8c79d6333a940c67251dec0{\nfont-size:20px;\nbackground-color:#009aa7;\nborder-color:#009aa7;\ntransition:all 0.4s ease-in-out;\n}\n#top #wrap_all .avia-button.av-me2nkaqj-f0c715aec8c79d6333a940c67251dec0:hover{\ncolor:white;\ntransition:all 0.4s ease-in-out;\n}\n#top #wrap_all .avia-button.av-me2nkaqj-f0c715aec8c79d6333a940c67251dec0:hover .avia-svg-icon svg:first-child{\nfill:white;\nstroke:white;\n}\n\n@media only screen and (min-width: 768px) and (max-width: 989px){ \n#top #wrap_all .avia-button.av-me2nkaqj-f0c715aec8c79d6333a940c67251dec0{\nfont-size:20px;\n}\n}\n<\/style>\n<a href='https:\/\/klett.cz\/eshop\/nos-vemos-hoy-lang-8-seg-161-c-8538766.html?from=0'  class='avia-button av-me2nkaqj-f0c715aec8c79d6333a940c67251dec0 av-link-btn avia-icon_select-no avia-size-large avia-position-center avia-font-color-theme-color'  target=\"_blank\"  rel=\"noopener noreferrer\"  aria-label=\"E-shop Nos vemos hoy\"><span class='avia_iconbox_title' >E-shop Nos vemos hoy<\/span><span class='avia_button_background avia-button avia-color-theme-color-highlight' ><\/span><\/a><\/div><\/p><\/div><\/div><!--close column table wrapper. Autoclose: 1 -->\n","protected":false},"excerpt":{"rendered":"","protected":false},"author":1,"featured_media":0,"parent":0,"menu_order":0,"comment_status":"closed","ping_status":"open","template":"","meta":{"footnotes":""},"class_list":["post-2","page","type-page","status-publish","hentry"],"_links":{"self":[{"href":"https:\/\/klett.cz\/nos-vemos-hoy\/wp-json\/wp\/v2\/pages\/2","targetHints":{"allow":["GET"]}}],"collection":[{"href":"https:\/\/klett.cz\/nos-vemos-hoy\/wp-json\/wp\/v2\/pages"}],"about":[{"href":"https:\/\/klett.cz\/nos-vemos-hoy\/wp-json\/wp\/v2\/types\/page"}],"author":[{"embeddable":true,"href":"https:\/\/klett.cz\/nos-vemos-hoy\/wp-json\/wp\/v2\/users\/1"}],"replies":[{"embeddable":true,"href":"https:\/\/klett.cz\/nos-vemos-hoy\/wp-json\/wp\/v2\/comments?post=2"}],"version-history":[{"count":114,"href":"https:\/\/klett.cz\/nos-vemos-hoy\/wp-json\/wp\/v2\/pages\/2\/revisions"}],"predecessor-version":[{"id":927,"href":"https:\/\/klett.cz\/nos-vemos-hoy\/wp-json\/wp\/v2\/pages\/2\/revisions\/927"}],"wp:attachment":[{"href":"https:\/\/klett.cz\/nos-vemos-hoy\/wp-json\/wp\/v2\/media?parent=2"}],"curies":[{"name":"wp","href":"https:\/\/api.w.org\/{rel}","templated":true}]}}