{"id":674,"date":"2023-10-25T10:46:18","date_gmt":"2023-10-25T08:46:18","guid":{"rendered":"https:\/\/klett.cz\/kmi\/?page_id=674"},"modified":"2026-04-10T11:47:40","modified_gmt":"2026-04-10T09:47:40","slug":"srovnani-sad","status":"publish","type":"page","link":"https:\/\/klett.cz\/kmi\/srovnani-sad\/","title":{"rendered":"Srovn\u00e1n\u00ed sad"},"content":{"rendered":"<div  class='flex_column av-1qpfhu-2a3cc0cea8494c15908ced168b119ec8 av_one_full  avia-builder-el-0  el_before_av_one_full  avia-builder-el-first  first flex_column_div  '     ><section  class='av_textblock_section av-lo5i878i-e2a45693579d95af5ca30d4bf731368b '   itemscope=\"itemscope\" itemtype=\"https:\/\/schema.org\/CreativeWork\" ><div class='avia_textblock'  itemprop=\"text\" ><h1 style=\"text-align: center;\">Srovn\u00e1n\u00ed u\u010debn\u00edch sad pro v\u00fduku n\u011bm\u010diny na z\u00e1kladn\u00edch \u0161kol\u00e1ch<\/h1>\n<p style=\"text-align: center;\">Nejste si jist\u00ed, jakou u\u010debn\u00ed sadu pro v\u00fduku n\u011bm\u010diny na Z\u0160 zvolit? P\u0159ipravili jsme pro v\u00e1s srovn\u00e1n\u00ed n\u00e1mi vydan\u00fdch publikac\u00ed.<\/p>\n<\/div><\/section><\/div>\n<div  class='flex_column av-1ilwwa-ade267437065a0243cceb82b4aa168d2 av_one_full  avia-builder-el-2  el_after_av_one_full  el_before_av_one_full  first flex_column_div  column-top-margin'     ><style type=\"text\/css\" data-created_by=\"avia_inline_auto\" id=\"style-css-av-lo5i907d-86bc70e9379bb5e1b9224c4c2de0a150\">\n.avia-image-container.av-lo5i907d-86bc70e9379bb5e1b9224c4c2de0a150 img.avia_image{\nbox-shadow:none;\n}\n.avia-image-container.av-lo5i907d-86bc70e9379bb5e1b9224c4c2de0a150 .av-image-caption-overlay-center{\ncolor:#ffffff;\n}\n<\/style>\n<div  class='avia-image-container av-lo5i907d-86bc70e9379bb5e1b9224c4c2de0a150 av-styling- avia-align-center  avia-builder-el-3  avia-builder-el-no-sibling '   itemprop=\"image\" itemscope=\"itemscope\" itemtype=\"https:\/\/schema.org\/ImageObject\" ><div class=\"avia-image-container-inner\"><div class=\"avia-image-overlay-wrap\"><img decoding=\"async\" fetchpriority=\"high\" class='wp-image-677 avia-img-lazy-loading-not-677 avia_image ' src=\"https:\/\/klett.cz\/kmi\/wp-content\/uploads\/daf_26-1-1030x362.jpg\" alt='' title='daf_26'  height=\"362\" width=\"1030\"  itemprop=\"thumbnailUrl\" srcset=\"https:\/\/klett.cz\/kmi\/wp-content\/uploads\/daf_26-1-1030x362.jpg 1030w, https:\/\/klett.cz\/kmi\/wp-content\/uploads\/daf_26-1-300x105.jpg 300w, https:\/\/klett.cz\/kmi\/wp-content\/uploads\/daf_26-1-768x270.jpg 768w, https:\/\/klett.cz\/kmi\/wp-content\/uploads\/daf_26-1-705x248.jpg 705w, https:\/\/klett.cz\/kmi\/wp-content\/uploads\/daf_26-1.jpg 1139w\" sizes=\"(max-width: 1030px) 100vw, 1030px\" \/><\/div><\/div><\/div><\/div>\n<div  class='flex_column av-4uf2i-6b72128105338a34c05188942cf02a5d av_one_full  avia-builder-el-4  el_after_av_one_full  el_before_av_one_full  first flex_column_div  column-top-margin'     ><p>\n<style type=\"text\/css\" data-created_by=\"avia_inline_auto\" id=\"style-css-av-lo5i9pua-0640303355b84446f19091f817c04e23\">\n#top .hr.hr-invisible.av-lo5i9pua-0640303355b84446f19091f817c04e23{\nheight:20px;\n}\n<\/style>\n<div  class='hr av-lo5i9pua-0640303355b84446f19091f817c04e23 hr-invisible  avia-builder-el-5  el_before_av_textblock  avia-builder-el-first '><span class='hr-inner '><span class=\"hr-inner-style\"><\/span><\/span><\/div><br \/>\n<section  class='av_textblock_section av-lo5i9uyb-0125f5303af49107629ef20c830cdfd8 '   itemscope=\"itemscope\" itemtype=\"https:\/\/schema.org\/CreativeWork\" ><div class='avia_textblock'  itemprop=\"text\" ><h2>Team Deutsch neu<\/h2>\n<p>Jedna u\u010debnice pro \u017e\u00e1ky druh\u00e9ho stupn\u011b z\u00e1kladn\u00edch \u0161kol, kter\u00e1 pokryje celou dobu v\u00fduky n\u011bm\u010diny \u2013 8. a 9. ro\u010dn\u00edk Z\u0160. L\u00e1tka lekc\u00ed je rozd\u011blena do dvojstran, na jejich\u017e okraji se nach\u00e1z\u00ed sloupec Baukasten, kter\u00fd prezentuje gramatiku a frazeologii p\u0159\u00edslu\u0161n\u00e9 dvojstrany na principu postupn\u00e9ho skl\u00e1d\u00e1n\u00ed jednotliv\u00fdch jazykov\u00fdch stavebn\u00edch kamen\u016f. \u017d\u00e1ci maj\u00ed mo\u017enost prost\u0159ednictv\u00edm mobiln\u00edch telefon\u016f a jasn\u011b dan\u00e9ho sc\u00e9n\u00e1\u0159e d\u011blat selfie a nat\u00e1\u010det videa, pou\u017e\u00edvat p\u0159i tom n\u011bm\u010dinu a v\u0161e pak prezentovat v hodin\u00e1ch. V lekc\u00edch je \u0159ada aktivit, kter\u00e9 podporuj\u00ed projektovou v\u00fduku a vz\u00e1jemnou spolupr\u00e1ci. V pracovn\u00edm se\u0161it\u011b jsou \u017e\u00e1ci vedeni k dotv\u00e1\u0159en\u00ed my\u0161lenkov\u00fdch map a ke kreativn\u00ed pr\u00e1ci se slovn\u00ed z\u00e1sobou. Nechyb\u00ed dostate\u010dn\u00e9 mno\u017estv\u00ed text\u016f, zapojen\u00ed re\u00e1li\u00ed prost\u0159ednictv\u00edm bohat\u00e9ho obrazov\u00e9ho materi\u00e1lu a deskov\u00e9 hry na procvi\u010den\u00ed prob\u00edran\u00e9 l\u00e1tky.<\/p>\n<p>U\u010debnice podporuj\u00edc\u00ed projektovou v\u00fduku s m\u00edrnou progres\u00ed vhodn\u00e1 pro \u017e\u00e1ky 8. a 9. t\u0159\u00edd z\u00e1kladn\u00edch \u0161kol.<\/p>\n<ul>\n<li>u\u010debnice a samostatn\u00fd pracovn\u00ed se\u0161it ve dvou d\u00edlech<\/li>\n<li>obsahuje \u010de\u0161tinu<\/li>\n<li>1 d\u00edl, A1<\/li>\n<\/ul>\n<\/div><\/section><br \/>\n<div  class='avia-button-wrap av-lo5iautc-01ace06f2a0c38758009944a1077bb50-wrap avia-button-center  avia-builder-el-7  el_after_av_textblock  avia-builder-el-last '><a href='https:\/\/klett.cz\/team-deutsch\/'  class='avia-button av-lo5iautc-01ace06f2a0c38758009944a1077bb50 av-link-btn avia-icon_select-no avia-size-x-large avia-position-center avia-color-theme-color'  target=\"_blank\"  rel=\"noopener noreferrer\"  aria-label=\"ZJISTIT V\u00cdCE O SAD\u011a TEAM DEUTSCH NEU\"><span class='avia_iconbox_title' >ZJISTIT V\u00cdCE O SAD\u011a TEAM DEUTSCH NEU<\/span><\/a><\/div><\/p><\/div>\n<div  class='flex_column av-19h3pe-6eb3bfd31f781516d4dbea0a90d01df7 av_one_full  avia-builder-el-8  el_after_av_one_full  el_before_av_one_full  first flex_column_div  column-top-margin'     ><p>\n<style type=\"text\/css\" data-created_by=\"avia_inline_auto\" id=\"style-css-av-14epci-d3050cb7511dd50652c2b53033fc4556\">\n#top .hr.hr-invisible.av-14epci-d3050cb7511dd50652c2b53033fc4556{\nheight:20px;\n}\n<\/style>\n<div  class='hr av-14epci-d3050cb7511dd50652c2b53033fc4556 hr-invisible  avia-builder-el-9  el_before_av_textblock  avia-builder-el-first '><span class='hr-inner '><span class=\"hr-inner-style\"><\/span><\/span><\/div><br \/>\n<section  class='av_textblock_section av-lo5ibfzn-f758bd340429ab89bc7236bb7a34a79e '   itemscope=\"itemscope\" itemtype=\"https:\/\/schema.org\/CreativeWork\" ><div class='avia_textblock'  itemprop=\"text\" ><h2>Wir alle<\/h2>\n<p>\u0158ada u\u010debnic pro \u017e\u00e1ky druh\u00e9ho stupn\u011b z\u00e1kladn\u00edch \u0161kol vhodn\u00e1 zejm\u00e9na p\u0159i ni\u017e\u0161\u00ed hodinov\u00e9 dotaci (2\u20133 hodiny t\u00fddn\u011b). Osv\u011bd\u010den\u00fd koncept v modern\u00edm aktualizovan\u00e9m pojet\u00ed zachov\u00e1v\u00e1 p\u0159ednosti p\u016fvodn\u00edho vyd\u00e1n\u00ed: modul\u00e1rn\u00ed syst\u00e9m, velmi m\u00edrnou progresi, p\u0159im\u011b\u0159enou slovn\u00ed z\u00e1sobu a jednoduch\u00e9 \u00falohy na mluven\u00ed, d\u00edky kter\u00fdm za\u017eij\u00ed \u017e\u00e1ci brzy pocit \u00fasp\u011bchu. Novinkami jsou rapy, gramatick\u00e9 klipy, zapojen\u00ed re\u00e1li\u00ed (mimo jin\u00e9 prost\u0159ednictv\u00edm vide\u00ed z Berl\u00edna) a pr\u00e1ce s jednoduch\u00fdmi autentick\u00fdmi materi\u00e1ly. P\u0159\u00edmo do u\u010debnice jsou zakomponovan\u00e9 n\u00e1vody na konverza\u010dn\u00ed a pohybov\u00e9 hry. V z\u00e1v\u011bru lekc\u00ed najdou \u017e\u00e1ci st\u00e1l\u00e9 rubriky pro aktivn\u00ed pr\u00e1ci se slovn\u00ed z\u00e1sobou, autentick\u00fdmi texty a podn\u011bty pro vytv\u00e1\u0159en\u00ed vlastn\u00edch projekt\u016f. U\u010debnice Wir alle m\u00e1 tak\u00e9 pln\u011b interaktivn\u00ed verzi.<\/p>\n<p>U\u010debnice p\u0159edstavuje n\u011bm\u010dinu jednoduchou a srozumitelnou formou a je vhodn\u00e1 pro druh\u00fd stupe\u0148 z\u00e1kladn\u00edch \u0161kol s ni\u017e\u0161\u00ed hodinovou dotac\u00ed.<\/p>\n<ul>\n<li>u\u010debnice a pracovn\u00ed se\u0161it v samostatn\u00e9m svazku<\/li>\n<li>obsahuje \u010de\u0161tinu<\/li>\n<li>3 d\u00edly, A1, A2.1, A2.2, mo\u017enost nav\u00e1zat dal\u0161\u00edm d\u00edlem na B1 v origin\u00e1ln\u00edm n\u011bmeck\u00e9m vyd\u00e1n\u00ed (neobsahuje \u010de\u0161tinu)<\/li>\n<\/ul>\n<\/div><\/section><br \/>\n<div  class='avia-button-wrap av-lo5ibztc-404a6e6a695bd953532810a53405965a-wrap avia-button-center  avia-builder-el-11  el_after_av_textblock  avia-builder-el-last '><a href='https:\/\/klett.cz\/wir-alle\/'  class='avia-button av-lo5ibztc-404a6e6a695bd953532810a53405965a av-link-btn avia-icon_select-no avia-size-x-large avia-position-center avia-color-theme-color'  target=\"_blank\"  rel=\"noopener noreferrer\"  aria-label=\"ZJISTIT V\u00cdCE O SAD\u011a WIR ALLE\"><span class='avia_iconbox_title' >ZJISTIT V\u00cdCE O SAD\u011a WIR ALLE<\/span><\/a><\/div><\/p><\/div>\n<div  class='flex_column av-xju02-0e1773b5caf9245f2cf9928ff33b59e1 av_one_full  avia-builder-el-12  el_after_av_one_full  el_before_av_one_full  first flex_column_div  column-top-margin'     ><p>\n<style type=\"text\/css\" data-created_by=\"avia_inline_auto\" id=\"style-css-av-q7cea-e272611f8e514ff184949e460787c639\">\n#top .hr.hr-invisible.av-q7cea-e272611f8e514ff184949e460787c639{\nheight:20px;\n}\n<\/style>\n<div  class='hr av-q7cea-e272611f8e514ff184949e460787c639 hr-invisible  avia-builder-el-13  el_before_av_textblock  avia-builder-el-first '><span class='hr-inner '><span class=\"hr-inner-style\"><\/span><\/span><\/div><br \/>\n<section  class='av_textblock_section av-lo5iclfx-14c6a49ae4ac1d7889c04cf5fd8cf5f8 '   itemscope=\"itemscope\" itemtype=\"https:\/\/schema.org\/CreativeWork\" ><div class='avia_textblock'  itemprop=\"text\" ><h2>Klett Maximal interaktiv<\/h2>\n<p>Komunikativn\u00ed u\u010debnice v atraktivn\u00edm grafick\u00e9m zpracov\u00e1n\u00ed obsahuj\u00edc\u00ed modern\u00ed, \u017eivou n\u011bm\u010dinu, kterou pou\u017e\u00edvaj\u00ed sou\u010dasn\u00ed teenage\u0159i v n\u011bmecky mluv\u00edc\u00edch zem\u00edch. U\u010debnic\u00ed prov\u00e1z\u00ed parta kamar\u00e1d\u016f, kte\u0159\u00ed se prezentuj\u00ed prost\u0159ednictv\u00edm dialog\u016f a fotek, ale tak\u00e9 ve vide\u00edch, tvo\u0159\u00edc\u00edch ned\u00edlnou sou\u010d\u00e1st ka\u017ed\u00e9 lekce. Mno\u017estv\u00ed rozmanit\u00fdch text\u016f, fotografi\u00ed, komiks, odkazy na modern\u00ed m\u00e9dia \u010di cvi\u010den\u00ed podporuj\u00edc\u00ed vnit\u0159n\u00ed diferenciaci \u010din\u00ed v\u00fduku atraktivn\u00ed a efektivn\u00ed. Sou\u010d\u00e1st\u00ed sady jsou tak\u00e9 speci\u00e1ln\u00ed strany s projekty, p\u0159\u00edpravou na jazykov\u00e9 zkou\u0161ky a re\u00e1liemi n\u011bmecky mluv\u00edc\u00edch zem\u00ed. U\u010debnice m\u00e1 pln\u011b interaktivn\u00ed podporu pro vyu\u010duj\u00edc\u00ed i \u017e\u00e1ky d\u00edky aplikaci Klett LMS.<\/p>\n<p>Netradi\u010dn\u00ed u\u010debnice n\u011bm\u010diny se st\u0159edn\u00ed progres\u00ed prob\u00edran\u00e9ho u\u010diva ur\u010den\u00e1 pro \u017e\u00e1ky 7.\u20139. t\u0159\u00edd z\u00e1kladn\u00edch \u0161kol.<\/p>\n<ul>\n<li>u\u010debnice a \u010dernob\u00edl\u00fd\/barevn\u00fd pracovn\u00ed se\u0161it v samostatn\u00e9m svazku<\/li>\n<li>obsahuje \u010de\u0161tinu<\/li>\n<li>3 d\u00edly, A1.1, A1.2, A2.1<\/li>\n<\/ul>\n<\/div><\/section><\/p><\/div>\n<div  class='flex_column av-1xjlu-d5352d46951afdf0c9c7869d229a5efe av_one_full  avia-builder-el-15  el_after_av_one_full  el_before_av_one_fourth  first flex_column_div  column-top-margin'     ><p>\n<style type=\"text\/css\" data-created_by=\"avia_inline_auto\" id=\"style-css-av-lo5id4jk-b4d3a485d293278af12dba3ea8922b65\">\n#top .hr.hr-invisible.av-lo5id4jk-b4d3a485d293278af12dba3ea8922b65{\nheight:30px;\n}\n<\/style>\n<div  class='hr av-lo5id4jk-b4d3a485d293278af12dba3ea8922b65 hr-invisible  avia-builder-el-16  el_before_av_textblock  avia-builder-el-first '><span class='hr-inner '><span class=\"hr-inner-style\"><\/span><\/span><\/div><br \/>\n<section  class='av_textblock_section av-lo5idgzm-a30c2f1bda88ebabd16d998d74f229d2 '   itemscope=\"itemscope\" itemtype=\"https:\/\/schema.org\/CreativeWork\" ><div class='avia_textblock'  itemprop=\"text\" ><h2 style=\"text-align: center;\">D\u016fle\u017eit\u00e9 dokumenty ke sta\u017een\u00ed<\/h2>\n<\/div><\/section><\/p><\/div>\n<div  class='flex_column av-e0u4q-b185e223d8f6662f28b5bacfb12c1678 av_one_fourth  avia-builder-el-18  el_after_av_one_full  el_before_av_one_fourth  first flex_column_div  column-top-margin'     ><div  class='avia-button-wrap av-lo5ieeui-6425c196e6db7d302fab345104a4feca-wrap avia-button-center  avia-builder-el-19  avia-builder-el-no-sibling '><a href='https:\/\/klett.cz\/kmi\/wp-content\/uploads\/DAF_srovnani_sad_upraveny_TISK_A4.pdf'  class='avia-button av-lo5ieeui-6425c196e6db7d302fab345104a4feca av-link-btn avia-icon_select-no avia-size-medium avia-position-center avia-color-theme-color'  target=\"_blank\"  rel=\"noopener noreferrer\"  aria-label=\"POROVN\u00c1N\u00cd SAD\"><span class='avia_iconbox_title' >POROVN\u00c1N\u00cd SAD<\/span><\/a><\/div><\/div>\n<div  class='flex_column av-8wwzm-db0645f136768914879ee40a9628432c av_one_fourth  avia-builder-el-20  el_after_av_one_fourth  el_before_av_one_fourth  flex_column_div  column-top-margin'     ><div  class='avia-button-wrap av-lo5iffwd-1a78d5667278800acd52e672e30f1cbc-wrap avia-button-center  avia-builder-el-21  avia-builder-el-no-sibling '><a href='https:\/\/klett.cz\/kmi\/wp-content\/uploads\/DAF_financni_pomoc_skolam_TISK.pdf'  class='avia-button av-lo5iffwd-1a78d5667278800acd52e672e30f1cbc av-link-btn avia-icon_select-no avia-size-medium avia-position-center avia-color-theme-color'  target=\"_blank\"  rel=\"noopener noreferrer\"  aria-label=\"PROGRAM FINAN\u010cN\u00cd POMOCI\"><span class='avia_iconbox_title' >PROGRAM FINAN\u010cN\u00cd POMOCI<\/span><\/a><\/div><\/div>\n<div  class='flex_column av-cthy2-d04e922228dc05c982960c0e213d4de9 av_one_fourth  avia-builder-el-22  el_after_av_one_fourth  el_before_av_one_fourth  flex_column_div  column-top-margin'     ><div  class='avia-button-wrap av-lo5ige4m-64ee4960a124e991d70e59531b69a5a1-wrap avia-button-center  avia-builder-el-23  avia-builder-el-no-sibling '><a href='https:\/\/klett.cz\/kmi\/wp-content\/uploads\/DAF_nemcina_portfolio_novy_2025_upraveny_TISK_A4.pdf'  class='avia-button av-lo5ige4m-64ee4960a124e991d70e59531b69a5a1 av-link-btn avia-icon_select-no avia-size-medium avia-position-center avia-color-theme-color'  target=\"_blank\"  rel=\"noopener noreferrer\"  aria-label=\"PR\u016eVODN\u00cd DOPIS\"><span class='avia_iconbox_title' >PR\u016eVODN\u00cd DOPIS<\/span><\/a><\/div><\/div>\n<div  class='flex_column av-bm47u-9f0a43a250c21bb5702d58e4a31a8cb8 av_one_fourth  avia-builder-el-24  el_after_av_one_fourth  avia-builder-el-last  flex_column_div  column-top-margin'     ><div  class='avia-button-wrap av-lo5igvp3-835229d0dd353989dc8b19b3202ad958-wrap avia-button-center  avia-builder-el-25  avia-builder-el-no-sibling '><a href='https:\/\/klett.cz\/kmi\/wp-content\/uploads\/DAF_cenik_vyukovych_sad_na_web.pdf'  class='avia-button av-lo5igvp3-835229d0dd353989dc8b19b3202ad958 av-link-btn avia-icon_select-no avia-size-medium avia-position-center avia-color-theme-color'  target=\"_blank\"  rel=\"noopener noreferrer\"  aria-label=\"CEN\u00cdK\"><span class='avia_iconbox_title' >CEN\u00cdK<\/span><\/a><\/div><\/div>\n","protected":false},"excerpt":{"rendered":"","protected":false},"author":4,"featured_media":0,"parent":0,"menu_order":0,"comment_status":"closed","ping_status":"closed","template":"","meta":{"_exactmetrics_skip_tracking":false,"_exactmetrics_sitenote_active":false,"_exactmetrics_sitenote_note":"","_exactmetrics_sitenote_category":0,"footnotes":""},"class_list":["post-674","page","type-page","status-publish","hentry"],"_links":{"self":[{"href":"https:\/\/klett.cz\/kmi\/wp-json\/wp\/v2\/pages\/674","targetHints":{"allow":["GET"]}}],"collection":[{"href":"https:\/\/klett.cz\/kmi\/wp-json\/wp\/v2\/pages"}],"about":[{"href":"https:\/\/klett.cz\/kmi\/wp-json\/wp\/v2\/types\/page"}],"author":[{"embeddable":true,"href":"https:\/\/klett.cz\/kmi\/wp-json\/wp\/v2\/users\/4"}],"replies":[{"embeddable":true,"href":"https:\/\/klett.cz\/kmi\/wp-json\/wp\/v2\/comments?post=674"}],"version-history":[{"count":8,"href":"https:\/\/klett.cz\/kmi\/wp-json\/wp\/v2\/pages\/674\/revisions"}],"predecessor-version":[{"id":735,"href":"https:\/\/klett.cz\/kmi\/wp-json\/wp\/v2\/pages\/674\/revisions\/735"}],"wp:attachment":[{"href":"https:\/\/klett.cz\/kmi\/wp-json\/wp\/v2\/media?parent=674"}],"curies":[{"name":"wp","href":"https:\/\/api.w.org\/{rel}","templated":true}]}}