{"id":618,"date":"2023-07-10T14:42:07","date_gmt":"2023-07-10T12:42:07","guid":{"rendered":"https:\/\/klett.cz\/kmi\/?page_id=618"},"modified":"2023-07-10T14:42:07","modified_gmt":"2023-07-10T12:42:07","slug":"kahoot-k-lekci-4-2","status":"publish","type":"page","link":"https:\/\/klett.cz\/kmi\/kahoot-k-lekci-4-2\/","title":{"rendered":"Kahoot! k lekci 4.2"},"content":{"rendered":"\n<style type=\"text\/css\" data-created_by=\"avia_inline_auto\" id=\"style-css-av-15o4c2-717bde8caecb62f8987231ed6de7a546\">\n.flex_column.av-15o4c2-717bde8caecb62f8987231ed6de7a546{\nborder-radius:0px 0px 0px 0px;\npadding:0px 0px 0px 0px;\n}\n<\/style>\n<div  class='flex_column av-15o4c2-717bde8caecb62f8987231ed6de7a546 av_one_full  avia-builder-el-0  el_before_av_one_full  avia-builder-el-first  first flex_column_div av-zero-column-padding  '     ><style type=\"text\/css\" data-created_by=\"avia_inline_auto\" id=\"style-css-av-kliajlr4-dcc96d3cc0774fb2ff16ee9623fb6fa9\">\n.avia-image-container.av-kliajlr4-dcc96d3cc0774fb2ff16ee9623fb6fa9 img.avia_image{\nbox-shadow:none;\n}\n.avia-image-container.av-kliajlr4-dcc96d3cc0774fb2ff16ee9623fb6fa9 .av-image-caption-overlay-center{\ncolor:#ffffff;\n}\n<\/style>\n<div  class='avia-image-container av-kliajlr4-dcc96d3cc0774fb2ff16ee9623fb6fa9 av-styling- avia-align-center  avia-builder-el-1  avia-builder-el-no-sibling '   itemprop=\"image\" itemscope=\"itemscope\" itemtype=\"https:\/\/schema.org\/ImageObject\" ><div class=\"avia-image-container-inner\"><div class=\"avia-image-overlay-wrap\"><img decoding=\"async\" fetchpriority=\"high\" class='wp-image-456 avia-img-lazy-loading-not-456 avia_image ' src=\"https:\/\/klett.cz\/kmi\/wp-content\/uploads\/1280px-Kahoot_Logo.svg_-300x102-1.png\" alt='' title='1280px-Kahoot_Logo.svg_-300x102 (1)'  height=\"102\" width=\"300\"  itemprop=\"thumbnailUrl\"  \/><\/div><\/div><\/div><\/div>\n\n<style type=\"text\/css\" data-created_by=\"avia_inline_auto\" id=\"style-css-av-b1uq-14df09eacdad071f4ef27f3f2cddc610\">\n.flex_column.av-b1uq-14df09eacdad071f4ef27f3f2cddc610{\nborder-radius:0px 0px 0px 0px;\npadding:0px 0px 0px 0px;\n}\n<\/style>\n<div  class='flex_column av-b1uq-14df09eacdad071f4ef27f3f2cddc610 av_one_full  avia-builder-el-2  el_after_av_one_full  el_before_av_one_full  first flex_column_div av-zero-column-padding  column-top-margin'     ><section  class='av_textblock_section av-kliajf1x-c135fd025dd029f28e999c14d9b369a9 '   itemscope=\"itemscope\" itemtype=\"https:\/\/schema.org\/CreativeWork\" ><div class='avia_textblock'  itemprop=\"text\" ><h1 style=\"text-align: center;\">Z\u00c1BAVN\u00c9 KV\u00cdZY KAHOOT! K LEKCI 4.2<\/h1>\n<\/div><\/section><\/div>\n<div  class='flex_column av-qgeqq-fa8ee75368a67f7451de0361a2506243 av_one_full  avia-builder-el-4  el_after_av_one_full  el_before_av_one_full  first flex_column_div  column-top-margin'     ><section  class='av_textblock_section av-ljwsvvq0-e3021d6b484c42e622cad4506b48f8c4 '   itemscope=\"itemscope\" itemtype=\"https:\/\/schema.org\/CreativeWork\" ><div class='avia_textblock'  itemprop=\"text\" ><h2 style=\"text-align: center;\"><a href=\"https:\/\/create.kahoot.it\/details\/5cf249f8-ac2a-47fd-8f6a-15fffe0d1c91\" target=\"_blank\" rel=\"noopener\">LEKTION 4.2 Grammatik<\/a><\/h2>\n<\/div><\/section><\/div>\n<div  class='flex_column av-1zh0a-824f172d618b65b365184a1ab37f89e9 av_one_full  avia-builder-el-6  el_after_av_one_full  el_before_av_one_full  first flex_column_div  column-top-margin'     ><section  class='av_textblock_section av-ljwswkhn-3dc8e51d39d536de0d0023f215e1e27f '   itemscope=\"itemscope\" itemtype=\"https:\/\/schema.org\/CreativeWork\" ><div class='avia_textblock'  itemprop=\"text\" ><h2 style=\"text-align: center;\"><a href=\"https:\/\/create.kahoot.it\/details\/2e19aa24-66bd-480e-8a50-26d8f996fa4f\" target=\"_blank\" rel=\"noopener\">LEKTION 4.2 Wortschatz<\/a><\/h2>\n<\/div><\/section><\/div>\n<div  class='flex_column av-dlzd6-61149e218cd32c40e943fbcba7e7d43f av_one_full  avia-builder-el-8  el_after_av_one_full  avia-builder-el-last  first flex_column_div  column-top-margin'     ><section  class='av_textblock_section av-azf1m-59ac0b83784455df88c754d2032a412c '   itemscope=\"itemscope\" itemtype=\"https:\/\/schema.org\/CreativeWork\" ><div class='avia_textblock'  itemprop=\"text\" ><h2 style=\"text-align: center;\"><a href=\"https:\/\/create.kahoot.it\/details\/c51099c0-2dec-4413-9d33-16cb96b06426\" target=\"_blank\" rel=\"noopener\">LEKTION 4.2 Wiederholung<\/a><\/h2>\n<\/div><\/section><\/div>\n","protected":false},"excerpt":{"rendered":"","protected":false},"author":4,"featured_media":0,"parent":0,"menu_order":0,"comment_status":"closed","ping_status":"closed","template":"","meta":{"_exactmetrics_skip_tracking":false,"_exactmetrics_sitenote_active":false,"_exactmetrics_sitenote_note":"","_exactmetrics_sitenote_category":0,"footnotes":""},"class_list":["post-618","page","type-page","status-publish","hentry"],"_links":{"self":[{"href":"https:\/\/klett.cz\/kmi\/wp-json\/wp\/v2\/pages\/618","targetHints":{"allow":["GET"]}}],"collection":[{"href":"https:\/\/klett.cz\/kmi\/wp-json\/wp\/v2\/pages"}],"about":[{"href":"https:\/\/klett.cz\/kmi\/wp-json\/wp\/v2\/types\/page"}],"author":[{"embeddable":true,"href":"https:\/\/klett.cz\/kmi\/wp-json\/wp\/v2\/users\/4"}],"replies":[{"embeddable":true,"href":"https:\/\/klett.cz\/kmi\/wp-json\/wp\/v2\/comments?post=618"}],"version-history":[{"count":4,"href":"https:\/\/klett.cz\/kmi\/wp-json\/wp\/v2\/pages\/618\/revisions"}],"predecessor-version":[{"id":622,"href":"https:\/\/klett.cz\/kmi\/wp-json\/wp\/v2\/pages\/618\/revisions\/622"}],"wp:attachment":[{"href":"https:\/\/klett.cz\/kmi\/wp-json\/wp\/v2\/media?parent=618"}],"curies":[{"name":"wp","href":"https:\/\/api.w.org\/{rel}","templated":true}]}}