{"id":582,"date":"2023-02-04T10:04:47","date_gmt":"2023-02-04T09:04:47","guid":{"rendered":"https:\/\/klett.cz\/kmi\/?page_id=582"},"modified":"2023-02-04T10:04:47","modified_gmt":"2023-02-04T09:04:47","slug":"kahoot-k-lekci-3-1","status":"publish","type":"page","link":"https:\/\/klett.cz\/kmi\/kahoot-k-lekci-3-1\/","title":{"rendered":"Kahoot k lekci 3.1"},"content":{"rendered":"\n<style type=\"text\/css\" data-created_by=\"avia_inline_auto\" id=\"style-css-av-av_one_full-79ff81c021393065cee878051452f6a6\">\n.flex_column.av-av_one_full-79ff81c021393065cee878051452f6a6{\nborder-radius:0px 0px 0px 0px;\npadding:0px 0px 0px 0px;\n}\n<\/style>\n<div  class='flex_column av-av_one_full-79ff81c021393065cee878051452f6a6 av_one_full  avia-builder-el-0  el_before_av_one_full  avia-builder-el-first  first flex_column_div av-zero-column-padding  '     ><style type=\"text\/css\" data-created_by=\"avia_inline_auto\" id=\"style-css-av-kliajlr4-dcc96d3cc0774fb2ff16ee9623fb6fa9\">\n.avia-image-container.av-kliajlr4-dcc96d3cc0774fb2ff16ee9623fb6fa9 img.avia_image{\nbox-shadow:none;\n}\n.avia-image-container.av-kliajlr4-dcc96d3cc0774fb2ff16ee9623fb6fa9 .av-image-caption-overlay-center{\ncolor:#ffffff;\n}\n<\/style>\n<div  class='avia-image-container av-kliajlr4-dcc96d3cc0774fb2ff16ee9623fb6fa9 av-styling- avia-align-center  avia-builder-el-1  avia-builder-el-no-sibling '   itemprop=\"image\" itemscope=\"itemscope\" itemtype=\"https:\/\/schema.org\/ImageObject\" ><div class=\"avia-image-container-inner\"><div class=\"avia-image-overlay-wrap\"><img decoding=\"async\" fetchpriority=\"high\" class='wp-image-456 avia-img-lazy-loading-not-456 avia_image ' src=\"https:\/\/klett.cz\/kmi\/wp-content\/uploads\/1280px-Kahoot_Logo.svg_-300x102-1.png\" alt='' title='1280px-Kahoot_Logo.svg_-300x102 (1)'  height=\"102\" width=\"300\"  itemprop=\"thumbnailUrl\"  \/><\/div><\/div><\/div><\/div>\n\n<style type=\"text\/css\" data-created_by=\"avia_inline_auto\" id=\"style-css-av-av_one_full-79ff81c021393065cee878051452f6a6\">\n.flex_column.av-av_one_full-79ff81c021393065cee878051452f6a6{\nborder-radius:0px 0px 0px 0px;\npadding:0px 0px 0px 0px;\n}\n<\/style>\n<div  class='flex_column av-av_one_full-79ff81c021393065cee878051452f6a6 av_one_full  avia-builder-el-2  el_after_av_one_full  el_before_av_one_full  first flex_column_div av-zero-column-padding  column-top-margin'     ><section  class='av_textblock_section av-kliajf1x-c135fd025dd029f28e999c14d9b369a9 '   itemscope=\"itemscope\" itemtype=\"https:\/\/schema.org\/CreativeWork\" ><div class='avia_textblock'  itemprop=\"text\" ><h1 style=\"text-align: center;\">Z\u00c1BAVN\u00c9 KV\u00cdZY KAHOOT! K LEKCI 3.1<\/h1>\n<\/div><\/section><\/div>\n<style type=\"text\/css\" data-created_by=\"avia_inline_auto\" id=\"style-css-av-av_one_full-79ff81c021393065cee878051452f6a6\">\n.flex_column.av-av_one_full-79ff81c021393065cee878051452f6a6{\nborder-radius:0px 0px 0px 0px;\npadding:0px 0px 0px 0px;\n}\n<\/style>\n<div  class='flex_column av-av_one_full-79ff81c021393065cee878051452f6a6 av_one_full  avia-builder-el-4  el_after_av_one_full  el_before_av_one_full  first flex_column_div av-zero-column-padding  column-top-margin'     ><section  class='av_textblock_section av-kliajf1x-c135fd025dd029f28e999c14d9b369a9 '   itemscope=\"itemscope\" itemtype=\"https:\/\/schema.org\/CreativeWork\" ><div class='avia_textblock'  itemprop=\"text\" ><h2 style=\"text-align: center;\"><a href=\"https:\/\/create.kahoot.it\/details\/77d4d784-30f8-436a-88cd-1f4b683bd5d5\" target=\"_blank\" rel=\"noopener\">LEKTION 3.1 Grammatik<\/a><\/h2>\n<\/div><\/section><\/div>\n<style type=\"text\/css\" data-created_by=\"avia_inline_auto\" id=\"style-css-av-av_one_full-79ff81c021393065cee878051452f6a6\">\n.flex_column.av-av_one_full-79ff81c021393065cee878051452f6a6{\nborder-radius:0px 0px 0px 0px;\npadding:0px 0px 0px 0px;\n}\n<\/style>\n<div  class='flex_column av-av_one_full-79ff81c021393065cee878051452f6a6 av_one_full  avia-builder-el-6  el_after_av_one_full  el_before_av_one_full  first flex_column_div av-zero-column-padding  column-top-margin'     ><section  class='av_textblock_section av-kliajf1x-c135fd025dd029f28e999c14d9b369a9 '   itemscope=\"itemscope\" itemtype=\"https:\/\/schema.org\/CreativeWork\" ><div class='avia_textblock'  itemprop=\"text\" ><h2 style=\"text-align: center;\"><a href=\"https:\/\/create.kahoot.it\/details\/75cafc97-c43a-4378-82fb-7c4aacd1737b\" target=\"_blank\" rel=\"noopener\">LEKTION 3.1 Wortschatz<\/a><\/h2>\n<\/div><\/section><\/div>\n<style type=\"text\/css\" data-created_by=\"avia_inline_auto\" id=\"style-css-av-av_one_full-79ff81c021393065cee878051452f6a6\">\n.flex_column.av-av_one_full-79ff81c021393065cee878051452f6a6{\nborder-radius:0px 0px 0px 0px;\npadding:0px 0px 0px 0px;\n}\n<\/style>\n<div  class='flex_column av-av_one_full-79ff81c021393065cee878051452f6a6 av_one_full  avia-builder-el-8  el_after_av_one_full  avia-builder-el-last  first flex_column_div av-zero-column-padding  column-top-margin'     ><section  class='av_textblock_section av-kliajf1x-c135fd025dd029f28e999c14d9b369a9 '   itemscope=\"itemscope\" itemtype=\"https:\/\/schema.org\/CreativeWork\" ><div class='avia_textblock'  itemprop=\"text\" ><h2 style=\"text-align: center;\"><a href=\"https:\/\/create.kahoot.it\/details\/e71f373c-822a-467e-ba93-6f3c47fc886f\" target=\"_blank\" rel=\"noopener\">LEKTION 3.1 Wiederholung<\/a><\/h2>\n<\/div><\/section><\/div><\/p>\n","protected":false},"excerpt":{"rendered":"","protected":false},"author":4,"featured_media":0,"parent":0,"menu_order":0,"comment_status":"closed","ping_status":"closed","template":"","meta":{"_exactmetrics_skip_tracking":false,"_exactmetrics_sitenote_active":false,"_exactmetrics_sitenote_note":"","_exactmetrics_sitenote_category":0,"footnotes":""},"class_list":["post-582","page","type-page","status-publish","hentry"],"_links":{"self":[{"href":"https:\/\/klett.cz\/kmi\/wp-json\/wp\/v2\/pages\/582","targetHints":{"allow":["GET"]}}],"collection":[{"href":"https:\/\/klett.cz\/kmi\/wp-json\/wp\/v2\/pages"}],"about":[{"href":"https:\/\/klett.cz\/kmi\/wp-json\/wp\/v2\/types\/page"}],"author":[{"embeddable":true,"href":"https:\/\/klett.cz\/kmi\/wp-json\/wp\/v2\/users\/4"}],"replies":[{"embeddable":true,"href":"https:\/\/klett.cz\/kmi\/wp-json\/wp\/v2\/comments?post=582"}],"version-history":[{"count":3,"href":"https:\/\/klett.cz\/kmi\/wp-json\/wp\/v2\/pages\/582\/revisions"}],"predecessor-version":[{"id":608,"href":"https:\/\/klett.cz\/kmi\/wp-json\/wp\/v2\/pages\/582\/revisions\/608"}],"wp:attachment":[{"href":"https:\/\/klett.cz\/kmi\/wp-json\/wp\/v2\/media?parent=582"}],"curies":[{"name":"wp","href":"https:\/\/api.w.org\/{rel}","templated":true}]}}