{"id":471,"date":"2021-02-23T18:48:46","date_gmt":"2021-02-23T17:48:46","guid":{"rendered":"https:\/\/klett.cz\/kmi\/?page_id=471"},"modified":"2021-08-04T20:25:05","modified_gmt":"2021-08-04T18:25:05","slug":"kahoot-k-lekci-1-3","status":"publish","type":"page","link":"https:\/\/klett.cz\/kmi\/kahoot-k-lekci-1-3\/","title":{"rendered":"Kahoot k lekci 1.3"},"content":{"rendered":"\n<style type=\"text\/css\" data-created_by=\"avia_inline_auto\" id=\"style-css-av-zb3mf-6437b1b99a34a14bb4fac439379364de\">\n.flex_column.av-zb3mf-6437b1b99a34a14bb4fac439379364de{\nborder-radius:0px 0px 0px 0px;\npadding:0px 0px 0px 0px;\n}\n<\/style>\n<div  class='flex_column av-zb3mf-6437b1b99a34a14bb4fac439379364de av_one_full  avia-builder-el-0  el_before_av_one_full  avia-builder-el-first  first flex_column_div av-zero-column-padding  '     ><style type=\"text\/css\" data-created_by=\"avia_inline_auto\" id=\"style-css-av-kliajlr4-dcc96d3cc0774fb2ff16ee9623fb6fa9\">\n.avia-image-container.av-kliajlr4-dcc96d3cc0774fb2ff16ee9623fb6fa9 img.avia_image{\nbox-shadow:none;\n}\n.avia-image-container.av-kliajlr4-dcc96d3cc0774fb2ff16ee9623fb6fa9 .av-image-caption-overlay-center{\ncolor:#ffffff;\n}\n<\/style>\n<div  class='avia-image-container av-kliajlr4-dcc96d3cc0774fb2ff16ee9623fb6fa9 av-styling- avia-align-center  avia-builder-el-1  avia-builder-el-no-sibling '   itemprop=\"image\" itemscope=\"itemscope\" itemtype=\"https:\/\/schema.org\/ImageObject\" ><div class=\"avia-image-container-inner\"><div class=\"avia-image-overlay-wrap\"><img decoding=\"async\" fetchpriority=\"high\" class='wp-image-456 avia-img-lazy-loading-not-456 avia_image ' src=\"https:\/\/klett.cz\/kmi\/wp-content\/uploads\/1280px-Kahoot_Logo.svg_-300x102-1.png\" alt='' title='1280px-Kahoot_Logo.svg_-300x102 (1)'  height=\"102\" width=\"300\"  itemprop=\"thumbnailUrl\"  \/><\/div><\/div><\/div><\/div>\n\n<style type=\"text\/css\" data-created_by=\"avia_inline_auto\" id=\"style-css-av-ragf3-9d88803bdfba8ab39b872d92dca598b2\">\n.flex_column.av-ragf3-9d88803bdfba8ab39b872d92dca598b2{\nborder-radius:0px 0px 0px 0px;\npadding:0px 0px 0px 0px;\n}\n<\/style>\n<div  class='flex_column av-ragf3-9d88803bdfba8ab39b872d92dca598b2 av_one_full  avia-builder-el-2  el_after_av_one_full  el_before_av_one_full  first flex_column_div av-zero-column-padding  column-top-margin'     ><section  class='av_textblock_section av-kliajf1x-2c90b5b58d32e51bfa54431167c6978a '   itemscope=\"itemscope\" itemtype=\"https:\/\/schema.org\/CreativeWork\" ><div class='avia_textblock'  itemprop=\"text\" ><h1 style=\"text-align: center;\">Z\u00c1BAVN\u00c9 KV\u00cdZY KAHOOT! K LEKCI 1.3<\/h1>\n<\/div><\/section><\/div>\n\n<style type=\"text\/css\" data-created_by=\"avia_inline_auto\" id=\"style-css-av-mtj7j-00e8a71cf2277a2bac58182e973615bc\">\n.flex_column.av-mtj7j-00e8a71cf2277a2bac58182e973615bc{\nborder-radius:0px 0px 0px 0px;\npadding:0px 0px 0px 0px;\n}\n<\/style>\n<div  class='flex_column av-mtj7j-00e8a71cf2277a2bac58182e973615bc av_one_full  avia-builder-el-4  el_after_av_one_full  el_before_av_one_full  first flex_column_div av-zero-column-padding  column-top-margin'     ><section  class='av_textblock_section av-kliajf1x-2c90b5b58d32e51bfa54431167c6978a '   itemscope=\"itemscope\" itemtype=\"https:\/\/schema.org\/CreativeWork\" ><div class='avia_textblock'  itemprop=\"text\" ><h2 style=\"text-align: center;\"><a href=\"https:\/\/create.kahoot.it\/share\/lekce-1-3-grammatik\/f46fdcd0-2b32-4930-a8c2-04a99b47dac6\" target=\"_blank\" rel=\"noopener\">LEKTION 1.3 Grammatik<\/a><\/h2>\n<\/div><\/section><\/div>\n<style type=\"text\/css\" data-created_by=\"avia_inline_auto\" id=\"style-css-av-ht7p3-ee31192a4db72838dd60aef49c2f93a1\">\n.flex_column.av-ht7p3-ee31192a4db72838dd60aef49c2f93a1{\nborder-radius:0px 0px 0px 0px;\npadding:0px 0px 0px 0px;\n}\n<\/style>\n<div  class='flex_column av-ht7p3-ee31192a4db72838dd60aef49c2f93a1 av_one_full  avia-builder-el-6  el_after_av_one_full  el_before_av_one_full  first flex_column_div av-zero-column-padding  column-top-margin'     ><section  class='av_textblock_section av-kliajf1x-2c90b5b58d32e51bfa54431167c6978a '   itemscope=\"itemscope\" itemtype=\"https:\/\/schema.org\/CreativeWork\" ><div class='avia_textblock'  itemprop=\"text\" ><h2 style=\"text-align: center;\"><a href=\"https:\/\/create.kahoot.it\/share\/lekce-1-3-wortschatz\/2f2b6d32-e37e-48a0-9819-0a31357eff69\" target=\"_blank\" rel=\"noopener\">LEKTION 1.3 Wortschatz<\/a><\/h2>\n<\/div><\/section><\/div>\n<style type=\"text\/css\" data-created_by=\"avia_inline_auto\" id=\"style-css-av-8n1w7-3e4e77a291c2031a576629f7e1235227\">\n.flex_column.av-8n1w7-3e4e77a291c2031a576629f7e1235227{\nborder-radius:0px 0px 0px 0px;\npadding:0px 0px 0px 0px;\n}\n<\/style>\n<div  class='flex_column av-8n1w7-3e4e77a291c2031a576629f7e1235227 av_one_full  avia-builder-el-8  el_after_av_one_full  avia-builder-el-last  first flex_column_div av-zero-column-padding  column-top-margin'     ><section  class='av_textblock_section av-kliajf1x-2c90b5b58d32e51bfa54431167c6978a '   itemscope=\"itemscope\" itemtype=\"https:\/\/schema.org\/CreativeWork\" ><div class='avia_textblock'  itemprop=\"text\" ><h2 style=\"text-align: center;\"><a href=\"https:\/\/create.kahoot.it\/share\/lekce-1-3-wiederholung\/27308b70-b03f-4edf-a426-16e2479ef761\" target=\"_blank\" rel=\"noopener\">LEKTION 1.3 Wiederholung<\/a><\/h2>\n<\/div><\/section><\/div><\/p>\n","protected":false},"excerpt":{"rendered":"","protected":false},"author":4,"featured_media":0,"parent":0,"menu_order":0,"comment_status":"closed","ping_status":"closed","template":"","meta":{"_exactmetrics_skip_tracking":false,"_exactmetrics_sitenote_active":false,"_exactmetrics_sitenote_note":"","_exactmetrics_sitenote_category":0,"footnotes":""},"class_list":["post-471","page","type-page","status-publish","hentry"],"_links":{"self":[{"href":"https:\/\/klett.cz\/kmi\/wp-json\/wp\/v2\/pages\/471","targetHints":{"allow":["GET"]}}],"collection":[{"href":"https:\/\/klett.cz\/kmi\/wp-json\/wp\/v2\/pages"}],"about":[{"href":"https:\/\/klett.cz\/kmi\/wp-json\/wp\/v2\/types\/page"}],"author":[{"embeddable":true,"href":"https:\/\/klett.cz\/kmi\/wp-json\/wp\/v2\/users\/4"}],"replies":[{"embeddable":true,"href":"https:\/\/klett.cz\/kmi\/wp-json\/wp\/v2\/comments?post=471"}],"version-history":[{"count":4,"href":"https:\/\/klett.cz\/kmi\/wp-json\/wp\/v2\/pages\/471\/revisions"}],"predecessor-version":[{"id":537,"href":"https:\/\/klett.cz\/kmi\/wp-json\/wp\/v2\/pages\/471\/revisions\/537"}],"wp:attachment":[{"href":"https:\/\/klett.cz\/kmi\/wp-json\/wp\/v2\/media?parent=471"}],"curies":[{"name":"wp","href":"https:\/\/api.w.org\/{rel}","templated":true}]}}