{"id":459,"date":"2021-02-23T18:41:42","date_gmt":"2021-02-23T17:41:42","guid":{"rendered":"https:\/\/klett.cz\/kmi\/?page_id=459"},"modified":"2021-08-04T20:23:25","modified_gmt":"2021-08-04T18:23:25","slug":"kahoot-k-lekci-1-1","status":"publish","type":"page","link":"https:\/\/klett.cz\/kmi\/kahoot-k-lekci-1-1\/","title":{"rendered":"Kahoot k lekci 1.1"},"content":{"rendered":"\n<style type=\"text\/css\" data-created_by=\"avia_inline_auto\" id=\"style-css-av-zpzvn-a393ca35c16f8fba6cf85f22a5ad6be2\">\n.flex_column.av-zpzvn-a393ca35c16f8fba6cf85f22a5ad6be2{\nborder-radius:0px 0px 0px 0px;\npadding:0px 0px 0px 0px;\n}\n<\/style>\n<div  class='flex_column av-zpzvn-a393ca35c16f8fba6cf85f22a5ad6be2 av_one_full  avia-builder-el-0  el_before_av_one_full  avia-builder-el-first  first flex_column_div av-zero-column-padding  '     ><style type=\"text\/css\" data-created_by=\"avia_inline_auto\" id=\"style-css-av-kliajlr4-dcc96d3cc0774fb2ff16ee9623fb6fa9\">\n.avia-image-container.av-kliajlr4-dcc96d3cc0774fb2ff16ee9623fb6fa9 img.avia_image{\nbox-shadow:none;\n}\n.avia-image-container.av-kliajlr4-dcc96d3cc0774fb2ff16ee9623fb6fa9 .av-image-caption-overlay-center{\ncolor:#ffffff;\n}\n<\/style>\n<div  class='avia-image-container av-kliajlr4-dcc96d3cc0774fb2ff16ee9623fb6fa9 av-styling- avia-align-center  avia-builder-el-1  avia-builder-el-no-sibling '   itemprop=\"image\" itemscope=\"itemscope\" itemtype=\"https:\/\/schema.org\/ImageObject\" ><div class=\"avia-image-container-inner\"><div class=\"avia-image-overlay-wrap\"><img decoding=\"async\" fetchpriority=\"high\" class='wp-image-456 avia-img-lazy-loading-not-456 avia_image ' src=\"https:\/\/klett.cz\/kmi\/wp-content\/uploads\/1280px-Kahoot_Logo.svg_-300x102-1.png\" alt='' title='1280px-Kahoot_Logo.svg_-300x102 (1)'  height=\"102\" width=\"300\"  itemprop=\"thumbnailUrl\"  \/><\/div><\/div><\/div><\/div>\n\n<style type=\"text\/css\" data-created_by=\"avia_inline_auto\" id=\"style-css-av-rshbv-4c44c3a5aaba8da7eecd9f40e86e0b00\">\n.flex_column.av-rshbv-4c44c3a5aaba8da7eecd9f40e86e0b00{\nborder-radius:0px 0px 0px 0px;\npadding:0px 0px 0px 0px;\n}\n<\/style>\n<div  class='flex_column av-rshbv-4c44c3a5aaba8da7eecd9f40e86e0b00 av_one_full  avia-builder-el-2  el_after_av_one_full  el_before_av_one_full  first flex_column_div av-zero-column-padding  column-top-margin'     ><section  class='av_textblock_section av-kliajf1x-2c90b5b58d32e51bfa54431167c6978a '   itemscope=\"itemscope\" itemtype=\"https:\/\/schema.org\/CreativeWork\" ><div class='avia_textblock'  itemprop=\"text\" ><h1 style=\"text-align: center;\">Z\u00c1BAVN\u00c9 KV\u00cdZY KAHOOT! K LEKCI 1.1<\/h1>\n<\/div><\/section><\/div>\n\n<style type=\"text\/css\" data-created_by=\"avia_inline_auto\" id=\"style-css-av-mwshf-85866c49cdfb96ff8db223848d2d6302\">\n.flex_column.av-mwshf-85866c49cdfb96ff8db223848d2d6302{\nborder-radius:0px 0px 0px 0px;\npadding:0px 0px 0px 0px;\n}\n<\/style>\n<div  class='flex_column av-mwshf-85866c49cdfb96ff8db223848d2d6302 av_one_full  avia-builder-el-4  el_after_av_one_full  el_before_av_one_full  first flex_column_div av-zero-column-padding  column-top-margin'     ><section  class='av_textblock_section av-kliajf1x-2c90b5b58d32e51bfa54431167c6978a '   itemscope=\"itemscope\" itemtype=\"https:\/\/schema.org\/CreativeWork\" ><div class='avia_textblock'  itemprop=\"text\" ><h2 style=\"text-align: center;\"><a href=\"https:\/\/create.kahoot.it\/share\/lekce-1-1-grammatik\/908e320c-25d3-4457-8ea8-912b863129df\" target=\"_blank\" rel=\"noopener\">LEKTION 1.1 Grammatik<\/a><\/h2>\n<\/div><\/section><\/div>\n<style type=\"text\/css\" data-created_by=\"avia_inline_auto\" id=\"style-css-av-gp2gz-9bc6c5e82f480febbe995a225e11d76c\">\n.flex_column.av-gp2gz-9bc6c5e82f480febbe995a225e11d76c{\nborder-radius:0px 0px 0px 0px;\npadding:0px 0px 0px 0px;\n}\n<\/style>\n<div  class='flex_column av-gp2gz-9bc6c5e82f480febbe995a225e11d76c av_one_full  avia-builder-el-6  el_after_av_one_full  el_before_av_one_full  first flex_column_div av-zero-column-padding  column-top-margin'     ><section  class='av_textblock_section av-kliajf1x-2c90b5b58d32e51bfa54431167c6978a '   itemscope=\"itemscope\" itemtype=\"https:\/\/schema.org\/CreativeWork\" ><div class='avia_textblock'  itemprop=\"text\" ><h2 style=\"text-align: center;\"><a href=\"https:\/\/create.kahoot.it\/share\/lekce-1-1-wortschatz\/ccdfdf8f-2ead-4676-963e-fe673eb85e18\" target=\"_blank\" rel=\"noopener\">LEKTION 1.1 Wortschatz<\/a><\/h2>\n<\/div><\/section><\/div>\n<style type=\"text\/css\" data-created_by=\"avia_inline_auto\" id=\"style-css-av-16omb-689c531e6899f5c2f9cb67bd3a945ad8\">\n.flex_column.av-16omb-689c531e6899f5c2f9cb67bd3a945ad8{\nborder-radius:0px 0px 0px 0px;\npadding:0px 0px 0px 0px;\n}\n<\/style>\n<div  class='flex_column av-16omb-689c531e6899f5c2f9cb67bd3a945ad8 av_one_full  avia-builder-el-8  el_after_av_one_full  avia-builder-el-last  first flex_column_div av-zero-column-padding  column-top-margin'     ><section  class='av_textblock_section av-kliajf1x-2c90b5b58d32e51bfa54431167c6978a '   itemscope=\"itemscope\" itemtype=\"https:\/\/schema.org\/CreativeWork\" ><div class='avia_textblock'  itemprop=\"text\" ><h2 style=\"text-align: center;\"><a href=\"https:\/\/create.kahoot.it\/share\/lekce-1-1-wiederholung\/ff1b70d3-dd09-4ece-9da6-2e087a046a47\" target=\"_blank\" rel=\"noopener\">LEKTION\u00a01.1 Wiederholung<\/a><\/h2>\n<\/div><\/section><\/div><\/p>\n","protected":false},"excerpt":{"rendered":"","protected":false},"author":4,"featured_media":0,"parent":0,"menu_order":0,"comment_status":"closed","ping_status":"closed","template":"","meta":{"_exactmetrics_skip_tracking":false,"_exactmetrics_sitenote_active":false,"_exactmetrics_sitenote_note":"","_exactmetrics_sitenote_category":0,"footnotes":""},"class_list":["post-459","page","type-page","status-publish","hentry"],"_links":{"self":[{"href":"https:\/\/klett.cz\/kmi\/wp-json\/wp\/v2\/pages\/459","targetHints":{"allow":["GET"]}}],"collection":[{"href":"https:\/\/klett.cz\/kmi\/wp-json\/wp\/v2\/pages"}],"about":[{"href":"https:\/\/klett.cz\/kmi\/wp-json\/wp\/v2\/types\/page"}],"author":[{"embeddable":true,"href":"https:\/\/klett.cz\/kmi\/wp-json\/wp\/v2\/users\/4"}],"replies":[{"embeddable":true,"href":"https:\/\/klett.cz\/kmi\/wp-json\/wp\/v2\/comments?post=459"}],"version-history":[{"count":4,"href":"https:\/\/klett.cz\/kmi\/wp-json\/wp\/v2\/pages\/459\/revisions"}],"predecessor-version":[{"id":581,"href":"https:\/\/klett.cz\/kmi\/wp-json\/wp\/v2\/pages\/459\/revisions\/581"}],"wp:attachment":[{"href":"https:\/\/klett.cz\/kmi\/wp-json\/wp\/v2\/media?parent=459"}],"curies":[{"name":"wp","href":"https:\/\/api.w.org\/{rel}","templated":true}]}}