{"id":45,"date":"2018-10-11T10:48:04","date_gmt":"2018-10-11T08:48:04","guid":{"rendered":"https:\/\/klett.cz\/kmi\/?page_id=45"},"modified":"2025-04-16T20:47:59","modified_gmt":"2025-04-16T18:47:59","slug":"vzorky-zdarma","status":"publish","type":"page","link":"https:\/\/klett.cz\/kmi\/vzorky-zdarma\/","title":{"rendered":"Vzorky zdarma"},"content":{"rendered":"\n<style type=\"text\/css\" data-created_by=\"avia_inline_auto\" id=\"style-css-av-c7n9t-63a0b4b7b1eec3c2edca22cf2cdf5cb5\">\n.flex_column.av-c7n9t-63a0b4b7b1eec3c2edca22cf2cdf5cb5{\nborder-radius:0px 0px 0px 0px;\npadding:0px 0px 0px 0px;\n}\n<\/style>\n<div  class='flex_column av-c7n9t-63a0b4b7b1eec3c2edca22cf2cdf5cb5 av_one_full  avia-builder-el-0  el_before_av_image  avia-builder-el-first  first flex_column_div av-zero-column-padding  '     ><section  class='av_textblock_section av-bor3p-8e64cc6b1d4fb5da8b17baa6d82ba4e0 '   itemscope=\"itemscope\" itemtype=\"https:\/\/schema.org\/CreativeWork\" ><div class='avia_textblock'  itemprop=\"text\" ><h1 style=\"text-align: center;\">OBJEDNEJTE SI ZDARMA VZORKY KLETT MAXIMAL INTERAKTIV<\/h1>\n<p style=\"text-align: center;\">Chcete se sezn\u00e1mit s materi\u00e1ly Klett Maximal interaktiv? Vyberte si variantu vypl\u0148te formul\u00e1\u0159 se \u017e\u00e1dost\u00ed a my v\u00e1m v\u00fdtisk doru\u010d\u00edme do \u0161koly.<\/p>\n<\/div><\/section><br \/>\n\n<style type=\"text\/css\" data-created_by=\"avia_inline_auto\" id=\"style-css-av-ayvb9-278b74ebc9456711a060ea75084ad255\">\n#top .hr.hr-invisible.av-ayvb9-278b74ebc9456711a060ea75084ad255{\nheight:50px;\n}\n<\/style>\n<div  class='hr av-ayvb9-278b74ebc9456711a060ea75084ad255 hr-invisible  avia-builder-el-2  el_after_av_textblock  avia-builder-el-last '><span class='hr-inner '><span class=\"hr-inner-style\"><\/span><\/span><\/div><\/p><\/div>\n\n<style type=\"text\/css\" data-created_by=\"avia_inline_auto\" id=\"style-css-av-ak5wx-9410f7c726f0ac0d38e660b18dedcf32\">\n.avia-image-container.av-ak5wx-9410f7c726f0ac0d38e660b18dedcf32 img.avia_image{\nbox-shadow:none;\n}\n.avia-image-container.av-ak5wx-9410f7c726f0ac0d38e660b18dedcf32 .av-image-caption-overlay-center{\ncolor:#ffffff;\n}\n<\/style>\n<div  class='avia-image-container av-ak5wx-9410f7c726f0ac0d38e660b18dedcf32 av-styling- avia-align-center  avia-builder-el-3  el_after_av_one_full  el_before_av_one_full '   itemprop=\"image\" itemscope=\"itemscope\" itemtype=\"https:\/\/schema.org\/ImageObject\" ><div class=\"avia-image-container-inner\"><div class=\"avia-image-overlay-wrap\"><img decoding=\"async\" fetchpriority=\"high\" class='wp-image-132 avia-img-lazy-loading-not-132 avia_image ' src=\"https:\/\/klett.cz\/kmi\/wp-content\/uploads\/3ucebnice_MAXIMAL_dosebe_upr.png\" alt='Klett Maximal interaktiv - u\u010debnice' title='Klett Maximal interaktiv - u\u010debnice'  height=\"500\" width=\"690\"  itemprop=\"thumbnailUrl\" srcset=\"https:\/\/klett.cz\/kmi\/wp-content\/uploads\/3ucebnice_MAXIMAL_dosebe_upr.png 690w, https:\/\/klett.cz\/kmi\/wp-content\/uploads\/3ucebnice_MAXIMAL_dosebe_upr-300x217.png 300w, https:\/\/klett.cz\/kmi\/wp-content\/uploads\/3ucebnice_MAXIMAL_dosebe_upr-450x326.png 450w\" sizes=\"(max-width: 690px) 100vw, 690px\" \/><\/div><\/div><\/div>\n\n<style type=\"text\/css\" data-created_by=\"avia_inline_auto\" id=\"style-css-av-3efad-95b788db9ea8982e99ef128d88acd589\">\n.flex_column.av-3efad-95b788db9ea8982e99ef128d88acd589{\nborder-radius:0px 0px 0px 0px;\npadding:0px 0px 0px 0px;\n}\n<\/style>\n<div  class='flex_column av-3efad-95b788db9ea8982e99ef128d88acd589 av_one_full  avia-builder-el-4  el_after_av_image  el_before_av_one_full  first flex_column_div av-zero-column-padding  '     ><style type=\"text\/css\" data-created_by=\"avia_inline_auto\" id=\"style-css-av-ayvb9-2-14883d18884b3fb6b62309b27337bf6e\">\n#top .hr.hr-invisible.av-ayvb9-2-14883d18884b3fb6b62309b27337bf6e{\nheight:100px;\n}\n<\/style>\n<div  class='hr av-ayvb9-2-14883d18884b3fb6b62309b27337bf6e hr-invisible  avia-builder-el-5  avia-builder-el-no-sibling '><span class='hr-inner '><span class=\"hr-inner-style\"><\/span><\/span><\/div><\/div>\n\n<style type=\"text\/css\" data-created_by=\"avia_inline_auto\" id=\"style-css-av-2bvxx-4d80b2ec1e15227ae622ff237e09e78f\">\n.flex_column.av-2bvxx-4d80b2ec1e15227ae622ff237e09e78f{\nborder-radius:0px 0px 0px 0px;\npadding:0px 0px 0px 0px;\n}\n<\/style>\n<div  class='flex_column av-2bvxx-4d80b2ec1e15227ae622ff237e09e78f av_one_full  avia-builder-el-6  el_after_av_one_full  el_before_av_hr  first flex_column_div av-zero-column-padding  column-top-margin'     ><section  class='av_textblock_section av-k66m322e-2ce6eea09bb79a82992a659fc94b2ad5 '   itemscope=\"itemscope\" itemtype=\"https:\/\/schema.org\/CreativeWork\" ><div class='avia_textblock'  itemprop=\"text\" ><p style=\"text-align: center;\">Vypln\u011bn\u00edm formul\u00e1\u0159e \u0161kole nevznik\u00e1 \u017e\u00e1dn\u00e1 povinnost ani z\u00e1vazek v\u016f\u010di Klett nakladatelstv\u00ed. V\u0161echny n\u00e1klady spojen\u00e9 se zasl\u00e1n\u00edm vzorov\u00fdch v\u00fdtisk\u016f pln\u011b hrad\u00ed Klett nakladatelstv\u00ed. Vzorov\u00e9 v\u00fdtisky zdarma poskytujeme u\u010ditel\u016fm a pedagogick\u00fdm pracovn\u00edk\u016fm.<\/p>\n<\/div><\/section><\/div>\n\n<style type=\"text\/css\" data-created_by=\"avia_inline_auto\" id=\"style-css-av-9oug1-8c5b3bd656de06a5ff0e814f8afc3d03\">\n#top .hr.hr-invisible.av-9oug1-8c5b3bd656de06a5ff0e814f8afc3d03{\nheight:80px;\n}\n<\/style>\n<div  class='hr av-9oug1-8c5b3bd656de06a5ff0e814f8afc3d03 hr-invisible  avia-builder-el-8  el_after_av_one_full  el_before_av_contact '><span class='hr-inner '><span class=\"hr-inner-style\"><\/span><\/span><\/div>\n<form action=\"https:\/\/klett.cz\/kmi\/vzorky-zdarma\/\" method=\"post\" data-fields-with-error=\"Found errors in the following field(s):\" class=\"avia_ajax_form av-form-labels-visible   avia-builder-el-9  el_after_av_hr  el_before_av_hr   \" data-avia-form-id=\"1\" data-avia-redirect='https:\/\/klett.cz\/kmi\/dekujeme\/' ><h3 class=''>Vypl\u0148te pros\u00edm n\u00e1sleduj\u00edc\u00ed \u00fadaje:<\/h3><fieldset><h5 id='element_avia_1_1' class=' first_form  form_element form_fullwidth av-form-headline '>Vyberte, o jak\u00fd vzorov\u00fd v\u00fdtisk m\u00e1te z\u00e1jem<\/h5><p class='  first_form  form_element form_element_half' id='element_avia_2_1'><input  name=\"avia_2_1\" class=\"input_checkbox \" type=\"checkbox\" id=\"avia_2_1\" value=\"true\"\/><label class=\"input_checkbox_label\" for=\"avia_2_1\">Vzorov\u00fd v\u00fdtisk Klett Maximal interaktiv 1 \u2013 zdarma<\/label><\/p><p class='  form_element form_element_half' id='element_avia_3_1'><input  name=\"avia_3_1\" class=\"input_checkbox \" type=\"checkbox\" id=\"avia_3_1\" value=\"true\"\/><label class=\"input_checkbox_label\" for=\"avia_3_1\">Vzorov\u00fd v\u00fdtisk Klett Maximal interaktiv 2 \u2013 zdarma<\/label><\/p><p class='  first_form  form_element form_element_half' id='element_avia_4_1'><input  name=\"avia_4_1\" class=\"input_checkbox \" type=\"checkbox\" id=\"avia_4_1\" value=\"true\"\/><label class=\"input_checkbox_label\" for=\"avia_4_1\">Vzorov\u00fd v\u00fdtisk Klett Maximal interaktiv 3 \u2013 zdarma<\/label><\/p><h3 id='element_avia_5_1' class=' first_form  form_element form_fullwidth av-form-headline '>Va\u0161e \u00fadaje:<\/h3><p class='  first_form  form_element form_element_two_third' id='element_avia_6_1'><label for=\"avia_6_1\">N\u00e1zev \u0161koly <abbr class=\"required\" title=\"required\">*<\/abbr><\/label> <input name=\"avia_6_1\" class=\"text_input is_empty\" type=\"text\" id=\"avia_6_1\" value=\"\" \/><\/p><p class='  form_element form_element_third' id='element_avia_7_1'><label for=\"avia_7_1\">I\u010cO (za \u00fa\u010delem ov\u011b\u0159en\u00ed spr\u00e1vnosti adresy \u0161koly)  <abbr class=\"required\" title=\"required\">*<\/abbr><\/label> <input name=\"avia_7_1\" class=\"text_input is_empty\" type=\"text\" id=\"avia_7_1\" value=\"\" \/><\/p><p class='  first_form  form_element form_element_half' id='element_avia_8_1'><label for=\"avia_8_1\">Jm\u00e9no <abbr class=\"required\" title=\"required\">*<\/abbr><\/label> <input name=\"avia_8_1\" class=\"text_input is_empty\" type=\"text\" id=\"avia_8_1\" value=\"\" \/><\/p><p class='  form_element form_element_half' id='element_avia_9_1'><label for=\"avia_9_1\">P\u0159\u00edjmen\u00ed <abbr class=\"required\" title=\"required\">*<\/abbr><\/label> <input name=\"avia_9_1\" class=\"text_input is_empty\" type=\"text\" id=\"avia_9_1\" value=\"\" \/><\/p><p class='  first_form  form_element form_element_half' id='element_avia_10_1'><label for=\"avia_10_1\">E-mail <abbr class=\"required\" title=\"required\">*<\/abbr><\/label> <input name=\"avia_10_1\" class=\"text_input is_email\" type=\"text\" id=\"avia_10_1\" value=\"\" \/><\/p><p class='  form_element form_element_half' id='element_avia_11_1'><label for=\"avia_11_1\">Telefon (za \u00fa\u010delem dopravy) <abbr class=\"required\" title=\"required\">*<\/abbr><\/label> <input name=\"avia_11_1\" class=\"text_input is_empty\" type=\"text\" id=\"avia_11_1\" value=\"\" \/><\/p><p class='  first_form  form_element form_fullwidth' id='element_avia_12_1'><label for=\"avia_12_1\">Kam m\u00e1me vzorov\u00fd v\u00fdtisk poslat?<\/label><select  name=\"avia_12_1\" class=\"select \" id=\"avia_12_1\"><option   value='na adresu \u0161koly'>na adresu \u0161koly<\/option><option   value='na soukromou adresu'>na soukromou adresu<\/option><\/select><\/p><p class='  first_form  form_element form_element_two_third' id='element_avia_13_1'><label for=\"avia_13_1\">Ulice <abbr class=\"required\" title=\"required\">*<\/abbr><\/label> <input name=\"avia_13_1\" class=\"text_input is_empty\" type=\"text\" id=\"avia_13_1\" value=\"\" \/><\/p><p class='  form_element form_element_third' id='element_avia_14_1'><label for=\"avia_14_1\">\u010c\u00edslo popisn\u00e9 <abbr class=\"required\" title=\"required\">*<\/abbr><\/label> <input name=\"avia_14_1\" class=\"text_input is_empty\" type=\"text\" id=\"avia_14_1\" value=\"\" \/><\/p><p class='  first_form  form_element form_element_third' id='element_avia_15_1'><label for=\"avia_15_1\">PS\u010c <abbr class=\"required\" title=\"required\">*<\/abbr><\/label> <input name=\"avia_15_1\" class=\"text_input is_empty\" type=\"text\" id=\"avia_15_1\" value=\"\" \/><\/p><p class='  form_element form_element_two_third' id='element_avia_16_1'><label for=\"avia_16_1\">M\u011bsto <abbr class=\"required\" title=\"required\">*<\/abbr><\/label> <input name=\"avia_16_1\" class=\"text_input is_empty\" type=\"text\" id=\"avia_16_1\" value=\"\" \/><\/p><p class='  first_form  form_element form_fullwidth' id='element_avia_17_1'><input  name=\"avia_17_1\" class=\"input_checkbox \" type=\"checkbox\" id=\"avia_17_1\" value=\"true\"\/><label class=\"input_checkbox_label\" for=\"avia_17_1\">Souhlas\u00edm se zas\u00edl\u00e1n\u00edm informac\u00ed o sout\u011b\u017e\u00edch, dopl\u0148kov\u00fdch materi\u00e1lech, vzd\u011bl\u00e1vac\u00edch akc\u00ed a dal\u0161\u00edch zaj\u00edmav\u00fdch informac\u00ed na v\u00fd\u0161e uvedenou e-mailovou adresu.<\/label><\/p><p class='  first_form  form_element form_fullwidth' id='element_avia_18_1'><input  name=\"avia_18_1\" class=\"input_checkbox \" type=\"checkbox\" id=\"avia_18_1\" value=\"true\"\/><label class=\"input_checkbox_label\" for=\"avia_18_1\">Souhlas\u00edm s vyu\u017eit\u00edm m\u00e9ho telefonn\u00edho \u010d\u00edsla pro marketingov\u00e9 \u00fa\u010dely.<\/label><\/p><h5 id='element_avia_19_1' class=' first_form  form_element form_fullwidth av-form-headline '>Co pro v\u00e1s je\u0161t\u011b m\u016f\u017eeme ud\u011blat?<\/h5><p class='  first_form  form_element form_element_half' id='element_avia_20_1'><input  name=\"avia_20_1\" class=\"input_checkbox \" type=\"checkbox\" id=\"avia_20_1\" value=\"true\"\/><label class=\"input_checkbox_label\" for=\"avia_20_1\">Prezentace na moj\u00ed \u0161kole \u2013 zdarma<\/label><\/p><p class='  form_element form_element_half' id='element_avia_21_1'><input  name=\"avia_21_1\" class=\"input_checkbox \" type=\"checkbox\" id=\"avia_21_1\" value=\"true\"\/><label class=\"input_checkbox_label\" for=\"avia_21_1\">M\u00e1m z\u00e1jem o \u0161kolen\u00ed na v\u00fdukov\u00fd interaktivn\u00ed mCourser \u2013 zdarma<\/label><\/p><p class='  first_form  form_element form_element_half' id='element_avia_22_1'><input  name=\"avia_22_1\" class=\"input_checkbox \" type=\"checkbox\" id=\"avia_22_1\" value=\"true\"\/><label class=\"input_checkbox_label\" for=\"avia_22_1\">Chci se st\u00e1t redak\u010dn\u00edm evalu\u00e1torem<\/label><\/p><div id='avia_23_1' class='av-form-text'><p>\nOdesl\u00e1n\u00edm formul\u00e1\u0159e souhlas\u00edm se zpracov\u00e1n\u00edm osobn\u00edch \u00fadaj\u016f. <strong style=\"color: #24448a;\"><a href=\"https:\/\/klett.cz\/osobniudaje\/zasady_zpracovani_osobnich_udaju.pdf\">Z\u00e1sady zpracov\u00e1n\u00ed osobn\u00edch \u00fadaj\u016f.<\/a><\/strong><\/p>\n<\/div><p class=\"hidden\"><input type=\"text\" name=\"avia_24_1\" class=\"hidden \" id=\"avia_24_1\" value=\"\" \/><\/p><p class=\"form_element \"><input type=\"hidden\" value=\"1\" name=\"avia_generated_form1\" \/><input type=\"submit\" value=\"Odeslat\" class=\"button\"  data-sending-label=\"Sending\"\/><\/p><\/fieldset><\/form><div id=\"ajaxresponse_1\" class=\"ajaxresponse ajaxresponse_1 hidden\"><\/div>\n\n<style type=\"text\/css\" data-created_by=\"avia_inline_auto\" id=\"style-css-av-2vf3t-ddef13a7eb4e2824cec88427e064a4e1\">\n#top .hr.hr-invisible.av-2vf3t-ddef13a7eb4e2824cec88427e064a4e1{\nheight:80px;\n}\n<\/style>\n<div  class='hr av-2vf3t-ddef13a7eb4e2824cec88427e064a4e1 hr-invisible  avia-builder-el-10  el_after_av_contact  el_before_av_one_full '><span class='hr-inner '><span class=\"hr-inner-style\"><\/span><\/span><\/div>\n\n<style type=\"text\/css\" data-created_by=\"avia_inline_auto\" id=\"style-css-av-220jh-c23f67e5314505e1229a038009188284\">\n.flex_column.av-220jh-c23f67e5314505e1229a038009188284{\nborder-radius:0px 0px 0px 0px;\npadding:0px 0px 0px 0px;\n}\n<\/style>\n<div  class='flex_column av-220jh-c23f67e5314505e1229a038009188284 av_one_full  avia-builder-el-11  el_after_av_hr  avia-builder-el-last  first flex_column_div av-zero-column-padding  '     ><section  class='av_textblock_section av-1lc8d-8768286a42e4ab9d903e8965757722b8 '   itemscope=\"itemscope\" itemtype=\"https:\/\/schema.org\/CreativeWork\" ><div class='avia_textblock'  itemprop=\"text\" ><p style=\"text-align: center;\"><strong>P\u0159ejete si zas\u00edlat informace o novink\u00e1ch, produktech a n\u00e1mi po\u0159\u00e1dan\u00fdch akc\u00edch?\u00a0<\/strong><\/p>\n<p style=\"text-align: center;\">Vypl\u0148te pros\u00edm souhlas se zpracov\u00e1n\u00edm osobn\u00edch \u00fadaj\u016f a my v\u00e1s budeme r\u00e1di kontaktovat.<\/p>\n<\/div><\/section><br \/>\n<div  class='avia-button-wrap av-r2yh-b2058933f1aeede69b5d6cc2c469d1cb-wrap avia-button-center  avia-builder-el-13  el_after_av_textblock  avia-builder-el-last '><a href='https:\/\/www.klett.cz\/souhlas'  class='avia-button av-r2yh-b2058933f1aeede69b5d6cc2c469d1cb av-link-btn avia-icon_select-no avia-size-large avia-position-center avia-color-theme-color'  target=\"_blank\"  rel=\"noopener noreferrer\"  aria-label=\"Souhlas\"><span class='avia_iconbox_title' >Souhlas<\/span><\/a><\/div><\/p><\/div>\n","protected":false},"excerpt":{"rendered":"","protected":false},"author":2,"featured_media":0,"parent":0,"menu_order":0,"comment_status":"closed","ping_status":"closed","template":"","meta":{"_exactmetrics_skip_tracking":false,"_exactmetrics_sitenote_active":false,"_exactmetrics_sitenote_note":"","_exactmetrics_sitenote_category":0,"footnotes":""},"class_list":["post-45","page","type-page","status-publish","hentry"],"_links":{"self":[{"href":"https:\/\/klett.cz\/kmi\/wp-json\/wp\/v2\/pages\/45","targetHints":{"allow":["GET"]}}],"collection":[{"href":"https:\/\/klett.cz\/kmi\/wp-json\/wp\/v2\/pages"}],"about":[{"href":"https:\/\/klett.cz\/kmi\/wp-json\/wp\/v2\/types\/page"}],"author":[{"embeddable":true,"href":"https:\/\/klett.cz\/kmi\/wp-json\/wp\/v2\/users\/2"}],"replies":[{"embeddable":true,"href":"https:\/\/klett.cz\/kmi\/wp-json\/wp\/v2\/comments?post=45"}],"version-history":[{"count":31,"href":"https:\/\/klett.cz\/kmi\/wp-json\/wp\/v2\/pages\/45\/revisions"}],"predecessor-version":[{"id":712,"href":"https:\/\/klett.cz\/kmi\/wp-json\/wp\/v2\/pages\/45\/revisions\/712"}],"wp:attachment":[{"href":"https:\/\/klett.cz\/kmi\/wp-json\/wp\/v2\/media?parent=45"}],"curies":[{"name":"wp","href":"https:\/\/api.w.org\/{rel}","templated":true}]}}