{"id":39,"date":"2018-10-11T10:47:41","date_gmt":"2018-10-11T08:47:41","guid":{"rendered":"https:\/\/klett.cz\/kmi\/?page_id=39"},"modified":"2023-10-25T10:55:33","modified_gmt":"2023-10-25T08:55:33","slug":"klett-maximal-interaktiv","status":"publish","type":"page","link":"https:\/\/klett.cz\/kmi\/klett-maximal-interaktiv\/","title":{"rendered":"klett maximal interaktiv"},"content":{"rendered":"\n<style type=\"text\/css\" data-created_by=\"avia_inline_auto\" id=\"style-css-av-139gf-fc490e2c71ab941d72935eee2f182909\">\n.flex_column.av-139gf-fc490e2c71ab941d72935eee2f182909{\nborder-radius:0px 0px 0px 0px;\npadding:0px 0px 0px 0px;\n}\n<\/style>\n<div  class='flex_column av-139gf-fc490e2c71ab941d72935eee2f182909 av_one_full  avia-builder-el-0  el_before_av_one_full  avia-builder-el-first  first flex_column_div av-zero-column-padding  '     ><style type=\"text\/css\" data-created_by=\"avia_inline_auto\" id=\"style-css-av-aa5yf-807919a7f9eb86e82497487f6b0e7b0e\">\n.avia-image-container.av-aa5yf-807919a7f9eb86e82497487f6b0e7b0e img.avia_image{\nbox-shadow:none;\n}\n.avia-image-container.av-aa5yf-807919a7f9eb86e82497487f6b0e7b0e .av-image-caption-overlay-center{\ncolor:#ffffff;\n}\n<\/style>\n<div  class='avia-image-container av-aa5yf-807919a7f9eb86e82497487f6b0e7b0e av-styling- avia-align-center  avia-builder-el-1  avia-builder-el-no-sibling '   itemprop=\"image\" itemscope=\"itemscope\" itemtype=\"https:\/\/schema.org\/ImageObject\" ><div class=\"avia-image-container-inner\"><div class=\"avia-image-overlay-wrap\"><img decoding=\"async\" fetchpriority=\"high\" class='wp-image-113 avia-img-lazy-loading-not-113 avia_image ' src=\"https:\/\/klett.cz\/kmi\/wp-content\/uploads\/3ucebnice_MAXIMAL.png\" alt='Klett Maximal interaktiv - u\u010debnice' title='Klett Maximal interaktiv - u\u010debnice'  height=\"500\" width=\"944\"  itemprop=\"thumbnailUrl\" srcset=\"https:\/\/klett.cz\/kmi\/wp-content\/uploads\/3ucebnice_MAXIMAL.png 944w, https:\/\/klett.cz\/kmi\/wp-content\/uploads\/3ucebnice_MAXIMAL-300x159.png 300w, https:\/\/klett.cz\/kmi\/wp-content\/uploads\/3ucebnice_MAXIMAL-768x407.png 768w, https:\/\/klett.cz\/kmi\/wp-content\/uploads\/3ucebnice_MAXIMAL-710x375.png 710w, https:\/\/klett.cz\/kmi\/wp-content\/uploads\/3ucebnice_MAXIMAL-705x373.png 705w, https:\/\/klett.cz\/kmi\/wp-content\/uploads\/3ucebnice_MAXIMAL-450x238.png 450w\" sizes=\"(max-width: 944px) 100vw, 944px\" \/><\/div><\/div><\/div><\/div>\n\n<style type=\"text\/css\" data-created_by=\"avia_inline_auto\" id=\"style-css-av-9xx4z-adaef49af59fb28bfa91b13be32e901a\">\n.flex_column.av-9xx4z-adaef49af59fb28bfa91b13be32e901a{\nborder-radius:0px 0px 0px 0px;\npadding:0px 0px 0px 0px;\n}\n<\/style>\n<div  class='flex_column av-9xx4z-adaef49af59fb28bfa91b13be32e901a av_one_full  avia-builder-el-2  el_after_av_one_full  el_before_av_one_full  first flex_column_div av-zero-column-padding  column-top-margin'     ><section  class='av_textblock_section av-95kaz-82c474eadb95ecc1242b53deaf98379e '   itemscope=\"itemscope\" itemtype=\"https:\/\/schema.org\/CreativeWork\" ><div class='avia_textblock'  itemprop=\"text\" ><h1 style=\"text-align: center;\">Klett Maximal interaktiv<\/h1>\n<h2 style=\"text-align: center;\">Atraktivn\u00ed u\u010debnice a pracovn\u00ed se\u0161it<\/h2>\n<p style=\"text-align: center;\">Sada u\u010debnic n\u011bmeck\u00e9ho jazyka Klett Maximal interaktiv je ur\u010dena pro \u017e\u00e1ky 7.\u20139. t\u0159\u00edd Z\u0160 a odpov\u00eddaj\u00edc\u00edch ro\u010dn\u00edk\u016f v\u00edcelet\u00fdch gymn\u00e1zi\u00ed. Je vytvo\u0159ena v souladu s RVP a po\u017eadavky u mezin\u00e1rodn\u00edch zkou\u0161ek z\u00a0n\u011bmeck\u00e9ho jazyka (GI, \u00d6SD, DSD).<\/p>\n<p style=\"text-align: center;\">Jazykov\u00e1 \u00farove\u0148 sah\u00e1 <strong>od A.1 a\u017e po A2.1<\/strong> a je rovnom\u011brn\u011b rozlo\u017eena do t\u0159\u00ed d\u00edl\u016f t\u00e9to v\u00fdukov\u00e9 sady.<\/p>\n<p style=\"text-align: center;\">Sadu tvo\u0159\u00ed <strong>u\u010debnice<\/strong>, <strong>\u010dernob\u00edl\u00fd \u010di barevn\u00fd pracovn\u00ed se\u0161it<\/strong>, kter\u00fd nav\u00edc obsahuje unik\u00e1tn\u00ed <strong>k\u00f3d, kter\u00fd \u017e\u00e1k\u016fm umo\u017en\u00ed p\u0159\u00edstup do interaktivn\u00ed online podpory<\/strong>.<\/p>\n<p style=\"text-align: center;\">Vyu\u010duj\u00ed maj\u00ed nav\u00edc k\u00a0dispozici <strong>metodickou p\u0159\u00edru\u010dku s\u00a0praktick\u00fdmi tipy<\/strong> do v\u00fduku, testy, dopl\u0148kov\u00fdmi pracovn\u00edmi listy a DVD se v\u0161emi audio i video nahr\u00e1vkami.<\/p>\n<\/div><\/section><\/div>\n\n<style type=\"text\/css\" data-created_by=\"avia_inline_auto\" id=\"style-css-av-8f52j-964dec9caf842bc5d7d15b9a7955fdbb\">\n.flex_column.av-8f52j-964dec9caf842bc5d7d15b9a7955fdbb{\nborder-radius:0px 0px 0px 0px;\npadding:0px 0px 0px 0px;\n}\n<\/style>\n<div  class='flex_column av-8f52j-964dec9caf842bc5d7d15b9a7955fdbb av_one_full  avia-builder-el-4  el_after_av_one_full  el_before_av_hr  first flex_column_div av-zero-column-padding  column-top-margin'     ><style type=\"text\/css\" data-created_by=\"avia_inline_auto\" id=\"style-css-av-7wyd3-34666e673b559ca2c2db05787786b09c\">\n.avia-image-container.av-7wyd3-34666e673b559ca2c2db05787786b09c img.avia_image{\nbox-shadow:none;\n}\n.avia-image-container.av-7wyd3-34666e673b559ca2c2db05787786b09c .av-image-caption-overlay-center{\ncolor:#ffffff;\n}\n<\/style>\n<div  class='avia-image-container av-7wyd3-34666e673b559ca2c2db05787786b09c av-styling- avia-align-center  avia-builder-el-5  avia-builder-el-no-sibling '   itemprop=\"image\" itemscope=\"itemscope\" itemtype=\"https:\/\/schema.org\/ImageObject\" ><div class=\"avia-image-container-inner\"><div class=\"avia-image-overlay-wrap\"><img decoding=\"async\" fetchpriority=\"high\" class='wp-image-114 avia-img-lazy-loading-not-114 avia_image ' src=\"https:\/\/klett.cz\/kmi\/wp-content\/uploads\/ucebnicepracsesit.png\" alt='Klett Maximal interaktiv - u\u010debnice a pracovn\u00ed se\u0161it' title='Klett Maximal interaktiv'  height=\"500\" width=\"496\"  itemprop=\"thumbnailUrl\" srcset=\"https:\/\/klett.cz\/kmi\/wp-content\/uploads\/ucebnicepracsesit.png 496w, https:\/\/klett.cz\/kmi\/wp-content\/uploads\/ucebnicepracsesit-80x80.png 80w, https:\/\/klett.cz\/kmi\/wp-content\/uploads\/ucebnicepracsesit-298x300.png 298w, https:\/\/klett.cz\/kmi\/wp-content\/uploads\/ucebnicepracsesit-36x36.png 36w, https:\/\/klett.cz\/kmi\/wp-content\/uploads\/ucebnicepracsesit-180x180.png 180w, https:\/\/klett.cz\/kmi\/wp-content\/uploads\/ucebnicepracsesit-120x120.png 120w, https:\/\/klett.cz\/kmi\/wp-content\/uploads\/ucebnicepracsesit-450x454.png 450w\" sizes=\"(max-width: 496px) 100vw, 496px\" \/><\/div><\/div><\/div><\/div>\n\n<style type=\"text\/css\" data-created_by=\"avia_inline_auto\" id=\"style-css-av-7a1tr-78350818997dd14a80c308a2e0725eca\">\n#top .hr.hr-invisible.av-7a1tr-78350818997dd14a80c308a2e0725eca{\nheight:80px;\n}\n<\/style>\n<div  class='hr av-7a1tr-78350818997dd14a80c308a2e0725eca hr-invisible  avia-builder-el-6  el_after_av_one_full  el_before_av_one_full '><span class='hr-inner '><span class=\"hr-inner-style\"><\/span><\/span><\/div>\n\n<style type=\"text\/css\" data-created_by=\"avia_inline_auto\" id=\"style-css-av-717uj-3e15f77455d5f98f1c8992e474e0ed48\">\n.flex_column.av-717uj-3e15f77455d5f98f1c8992e474e0ed48{\nborder-radius:0px 0px 0px 0px;\npadding:0px 0px 0px 0px;\n}\n<\/style>\n<div  class='flex_column av-717uj-3e15f77455d5f98f1c8992e474e0ed48 av_one_full  avia-builder-el-7  el_after_av_hr  el_before_av_one_full  first flex_column_div av-zero-column-padding  '     ><section  class='av_textblock_section av-6i19f-794b95375cd4e988d5b448d8dc2258ad '   itemscope=\"itemscope\" itemtype=\"https:\/\/schema.org\/CreativeWork\" ><div class='avia_textblock'  itemprop=\"text\" ><h2 style=\"text-align: center;\">Co v\u00e1s \u010dek\u00e1 s\u00a0Klett Maximal interaktiv?<\/h2>\n<ul>\n<li>Komunikativn\u00ed p\u0159\u00edstup spolu s re\u00e1ln\u00fdmi p\u0159\u00edb\u011bhy a rozhovory rodil\u00fdch n\u011bmeck\u00fdch teenager\u016f.<\/li>\n<li>Integrovan\u00e9 re\u00e1lie, mini projekty, sebehodnocen\u00ed, opakov\u00e1n\u00ed \u2013 to v\u0161e promy\u0161len\u011b napom\u00e1h\u00e1 zlep\u0161ovat znalosti \u017e\u00e1k\u016f.<\/li>\n<li>Dal\u0161\u00ed mimo\u0159\u00e1dn\u00e9 aktivity, jako je projektov\u00e1 strana \u010di p\u0159\u00edprava na jazykov\u00e9 zkou\u0161ky.<\/li>\n<li>V\u0161echny materi\u00e1ly, doprov\u00e1zen\u00e9 mno\u017estv\u00edm rozmanit\u00fdch text\u016f, fotografi\u00ed, komiksem, odkazy na modern\u00ed m\u00e9dia \u010di cvi\u010den\u00ed podporuj\u00edc\u00ed vnit\u0159n\u00ed diferenciaci, \u010din\u00ed v\u00fduku atraktivn\u00ed a efektivn\u00ed.<\/li>\n<li>Interaktivn\u00ed u\u010debnice, kter\u00e1 obsahuje ti\u0161t\u011bnou u\u010debnici i pracovn\u00ed se\u0161it v\u00a0digit\u00e1ln\u00ed podob\u011b, je obohacena o didaktizovan\u00e1 videa a v\u00edce ne\u017e 100 kr\u00e1tk\u00fdch doprovodn\u00fdch klip\u016f.<\/li>\n<li>Interaktivn\u00ed u\u010debnice je dopln\u011bna velk\u00fdm mno\u017estv\u00edm didaktick\u00fdch her, interaktivn\u00edch cvi\u010den\u00ed a aktivit zam\u011b\u0159en\u00fdch na pos\u00edlen\u00ed slovn\u00ed z\u00e1soby a upevn\u011bn\u00ed gramatick\u00fdch jev\u016f.<\/li>\n<\/ul>\n<\/div><\/section><\/div>\n\n<style type=\"text\/css\" data-created_by=\"avia_inline_auto\" id=\"style-css-av-5mycv-ec1c27d19e1e93be27ccc011c8d8dfa1\">\n.flex_column.av-5mycv-ec1c27d19e1e93be27ccc011c8d8dfa1{\nborder-radius:0px 0px 0px 0px;\npadding:0px 0px 0px 0px;\n}\n<\/style>\n<div  class='flex_column av-5mycv-ec1c27d19e1e93be27ccc011c8d8dfa1 av_one_full  avia-builder-el-9  el_after_av_one_full  el_before_av_hr  first flex_column_div av-zero-column-padding  column-top-margin'     ><style type=\"text\/css\" data-created_by=\"avia_inline_auto\" id=\"style-css-av-511ur-94f58ac0314a443e79cd6cb46d227e22\">\n.avia-image-container.av-511ur-94f58ac0314a443e79cd6cb46d227e22 img.avia_image{\nbox-shadow:none;\n}\n.avia-image-container.av-511ur-94f58ac0314a443e79cd6cb46d227e22 .av-image-caption-overlay-center{\ncolor:#ffffff;\n}\n<\/style>\n<div  class='avia-image-container av-511ur-94f58ac0314a443e79cd6cb46d227e22 av-styling- avia-align-center  avia-builder-el-10  avia-builder-el-no-sibling '   itemprop=\"image\" itemscope=\"itemscope\" itemtype=\"https:\/\/schema.org\/ImageObject\" ><div class=\"avia-image-container-inner\"><div class=\"avia-image-overlay-wrap\"><img decoding=\"async\" fetchpriority=\"high\" class='wp-image-116 avia-img-lazy-loading-not-116 avia_image ' src=\"https:\/\/klett.cz\/kmi\/wp-content\/uploads\/MAXIMAL_ucebnice_0lekce2.png\" alt='Klett Maximal interaktiv - u\u010debnice - 0lekce' title='Klett Maximal interaktiv - u\u010debnice - 0lekce'  height=\"345\" width=\"600\"  itemprop=\"thumbnailUrl\" srcset=\"https:\/\/klett.cz\/kmi\/wp-content\/uploads\/MAXIMAL_ucebnice_0lekce2.png 600w, https:\/\/klett.cz\/kmi\/wp-content\/uploads\/MAXIMAL_ucebnice_0lekce2-300x173.png 300w, https:\/\/klett.cz\/kmi\/wp-content\/uploads\/MAXIMAL_ucebnice_0lekce2-450x259.png 450w\" sizes=\"(max-width: 600px) 100vw, 600px\" \/><\/div><\/div><\/div><\/div>\n\n<style type=\"text\/css\" data-created_by=\"avia_inline_auto\" id=\"style-css-av-4a5vj-556ad185f1cb15ece59043dcf7d29428\">\n#top .hr.hr-invisible.av-4a5vj-556ad185f1cb15ece59043dcf7d29428{\nheight:80px;\n}\n<\/style>\n<div  class='hr av-4a5vj-556ad185f1cb15ece59043dcf7d29428 hr-invisible  avia-builder-el-11  el_after_av_one_full  el_before_av_one_full '><span class='hr-inner '><span class=\"hr-inner-style\"><\/span><\/span><\/div>\n\n<style type=\"text\/css\" data-created_by=\"avia_inline_auto\" id=\"style-css-av-43kon-d430fedb68f62f5d9da79546310bbce9\">\n.flex_column.av-43kon-d430fedb68f62f5d9da79546310bbce9{\nborder-radius:0px 0px 0px 0px;\npadding:0px 0px 0px 0px;\n}\n<\/style>\n<div  class='flex_column av-43kon-d430fedb68f62f5d9da79546310bbce9 av_one_full  avia-builder-el-12  el_after_av_hr  el_before_av_one_half  first flex_column_div av-zero-column-padding  '     ><section  class='av_textblock_section av-35ykr-47a7bf0acea78417b44fec27f4e1d48f '   itemscope=\"itemscope\" itemtype=\"https:\/\/schema.org\/CreativeWork\" ><div class='avia_textblock'  itemprop=\"text\" ><h2>Struktura u\u010debnice a pracovn\u00edho se\u0161itu Klett Maximal interaktiv<\/h2>\n<\/div><\/section><\/div>\n\n<style type=\"text\/css\" data-created_by=\"avia_inline_auto\" id=\"style-css-av-2mlqn-c2608576e5378fa58dc13c16e6b6b3cf\">\n.flex_column.av-2mlqn-c2608576e5378fa58dc13c16e6b6b3cf{\nborder-radius:0px 0px 0px 0px;\npadding:0px 0px 0px 0px;\n}\n<\/style>\n<div  class='flex_column av-2mlqn-c2608576e5378fa58dc13c16e6b6b3cf av_one_half  avia-builder-el-14  el_after_av_one_full  el_before_av_one_half  first flex_column_div av-zero-column-padding  column-top-margin'     ><section  class='av_textblock_section av-23oyb-a70fca27df9bce90713bb1685618edb8 '   itemscope=\"itemscope\" itemtype=\"https:\/\/schema.org\/CreativeWork\" ><div class='avia_textblock'  itemprop=\"text\" ><h2>Struktura u\u010debnice<\/h2>\n<p>Ka\u017ed\u00fd d\u00edl u\u010debnice Klett Maximal interaktiv se skl\u00e1d\u00e1 ze <strong>dvou modul\u016f, <\/strong>kde ka\u017ed\u00fd\u00a0modul je tvo\u0159en <strong>t\u0159emi lekcemi<\/strong>. Prvn\u00ed d\u00edl obsahuje nav\u00edc nultou motiva\u010dn\u00ed lekci.<\/p>\n<p><strong>Struktura modulu a lekc\u00ed:<\/strong><\/p>\n<p><strong>\u00davodn\u00ed motiva\u010dn\u00ed dvoustrana modulu<\/strong><\/p>\n<ul>\n<li>c\u00edle dan\u00e9ho modulu<\/li>\n<li>z\u00e1bavn\u00e9 \u00falohy pro zv\u00fd\u0161en\u00ed zv\u011bdavosti a motivace \u017e\u00e1k\u016f<\/li>\n<\/ul>\n<p><strong>Jednotliv\u00e9 lekce<\/strong><\/p>\n<ul>\n<li>velk\u00e9 mno\u017estv\u00ed rozmanit\u00fdch cvi\u010den\u00ed<\/li>\n<li>systematick\u00fd n\u00e1cvik spr\u00e1vn\u00e9 v\u00fdslovnosti<\/li>\n<li>rovnom\u011brn\u00fd rozvoj jazykov\u00fdch kompetenc\u00ed<\/li>\n<li>pr\u00e1ce s videem<\/li>\n<li>miniprojekty<\/li>\n<li>slovn\u00edk se slov\u00ed\u010dky \u0159azen\u00fdmi dle strany prvn\u00edho v\u00fdskytu na konci ka\u017ed\u00e9 lekce<\/li>\n<\/ul>\n<p><strong>Klett Maximal pr\u00e4sentiert<\/strong><\/p>\n<ul>\n<li>strana explicitn\u011b zam\u011b\u0159en\u00e1 na re\u00e1lie<\/li>\n<\/ul>\n<p><strong>Projekt<\/strong><\/p>\n<ul>\n<li>strana v\u011bnovan\u00e1 projektu, p\u0159i jeho\u017e vytv\u00e1\u0159en\u00ed \u017e\u00e1ci z\u00faro\u010d\u00ed (nejen) nabit\u00e9 znalosti<\/li>\n<\/ul>\n<p><strong>Grammatik\u00fcbersicht<\/strong><\/p>\n<ul>\n<li>gramatick\u00fd p\u0159ehled na konci u\u010debnice p\u0159ehledn\u011b shrnuje ve\u0161kerou gramatickou l\u00e1tku dan\u00e9ho d\u00edlu<\/li>\n<\/ul>\n<\/div><\/section><\/div>\n\n<style type=\"text\/css\" data-created_by=\"avia_inline_auto\" id=\"style-css-av-1qqlf-f17e8b78df279ab3000f5ab8d07ba239\">\n.flex_column.av-1qqlf-f17e8b78df279ab3000f5ab8d07ba239{\nborder-radius:0px 0px 0px 0px;\npadding:0px 0px 0px 0px;\n}\n<\/style>\n<div  class='flex_column av-1qqlf-f17e8b78df279ab3000f5ab8d07ba239 av_one_half  avia-builder-el-16  el_after_av_one_half  el_before_av_one_full  flex_column_div av-zero-column-padding  column-top-margin'     ><section  class='av_textblock_section av-p1f3-5d9b82f1e1921d14f371cf9f7443cdf2 '   itemscope=\"itemscope\" itemtype=\"https:\/\/schema.org\/CreativeWork\" ><div class='avia_textblock'  itemprop=\"text\" ><h2>Struktura pracovn\u00edho se\u0161itu<\/h2>\n<p>Pracovn\u00ed se\u0161it Klett Maximal interaktiv se stejn\u011b jako u\u010debnice skl\u00e1d\u00e1 ze <strong>dvou modul\u016f<\/strong>. Ka\u017ed\u00fd modul je tvo\u0159en <strong>t\u0159emi lekcemi<\/strong>.<\/p>\n<p><strong>Struktura modulu<\/strong><\/p>\n<p><strong>\u00davodn\u00ed motiva\u010dn\u00ed strana modulu<\/strong><\/p>\n<ul>\n<li>vztahuje se k \u00favodn\u00ed dvoustran\u011b v u\u010debnici<\/li>\n<\/ul>\n<p><strong>Jednotliv\u00e9 lekce<\/strong><\/p>\n<ul>\n<li>velk\u00e9 mno\u017estv\u00ed rozmanit\u00fdch cvi\u010den\u00ed, kter\u00e1 rozv\u00edj\u00ed prob\u00edranou l\u00e1tku v\u00a0u\u010debnici<\/li>\n<\/ul>\n<p><strong>Aktionsseiten<\/strong><\/p>\n<ul>\n<li>dvoustrana zam\u011b\u0159en\u00e1 na kreativn\u00ed cvi\u010den\u00ed, miniprojekty<\/li>\n<\/ul>\n<p><strong>Pr\u00fcfungstraining<\/strong><\/p>\n<ul>\n<li>\u010dty\u0159i strany obsahuj\u00edc\u00ed p\u0159\u00edpravu na jazykov\u00e9 zkou\u0161ky<\/li>\n<li>tr\u00e9nink v\u0161ech \u010dty\u0159 jazykov\u00fdch dovednost\u00ed \u2013 poslech s porozum\u011bn\u00edm, \u010dten\u00ed, psan\u00ed, mluven\u00ed<\/li>\n<\/ul>\n<p><strong>Meine Grammatik<\/strong><\/p>\n<ul>\n<li>dvoustrana s gramatick\u00fdm p\u0159ehledem dan\u00e9ho modulu<\/li>\n<\/ul>\n<p><strong>Mein Wortschatz<\/strong><\/p>\n<ul>\n<li>t\u0159i strany, kter\u00e9 slou\u017e\u00ed k systematizaci slovn\u00ed z\u00e1soby<\/li>\n<\/ul>\n<p><strong>Das kann ich schon<\/strong><\/p>\n<ul>\n<li>dv\u011b strany, na kter\u00fdch si sami \u017e\u00e1ci prov\u011b\u0159\u00ed, nakolik zvl\u00e1dli l\u00e1tku dan\u00e9ho modulu<\/li>\n<\/ul>\n<p>Na konci pracovn\u00edho se\u0161itu se nach\u00e1z\u00ed <strong>abecedn\u00ed slovn\u00ed\u010dek<\/strong> s\u00a0uvedenou lekc\u00ed a stranou prvn\u00edho v\u00fdskytu.<\/p>\n<\/div><\/section><\/div>\n<div  class='flex_column av-165e3-ca62983902461ab118103c70a6f2ee36 av_one_full  avia-builder-el-18  el_after_av_one_half  avia-builder-el-last  first flex_column_div  column-top-margin'     ><section  class='av_textblock_section av-lo5iot76-7d7fb3e9b1c5370e6fbeb676887ec724 '   itemscope=\"itemscope\" itemtype=\"https:\/\/schema.org\/CreativeWork\" ><div class='avia_textblock'  itemprop=\"text\" ><h2 style=\"text-align: center;\">Nev\u00edte, kterou v\u00fdukovou sadu zvolit?<\/h2>\n<p style=\"text-align: center;\"><strong>Rozhodujete se mezi sadami Wir alle, Team Deutsch neu nebo Klett Maximal interkativ?\u00a0<\/strong><\/p>\n<p style=\"text-align: center;\">Pod\u00edvejte se na n\u00e1\u0161 rozcestn\u00edk nebo na str\u00e1nku zam\u011b\u0159enou na porovn\u00e1n\u00ed jednotliv\u00fdch sad.<\/p>\n<p style=\"text-align: center;\">P\u0159\u00edpadn\u011b n\u00e1s kontaktujte prost\u0159ednictv\u00edm e-mailu <a href=\"mailto:info@klett.cz\">info@klett.cz<\/a>.<\/p>\n<\/div><\/section><br \/>\n\n<style type=\"text\/css\" data-created_by=\"avia_inline_auto\" id=\"style-css-av-lo5iqt53-5f880df9941aeb0031a512e096caccae\">\n.avia-image-container.av-lo5iqt53-5f880df9941aeb0031a512e096caccae img.avia_image{\nbox-shadow:none;\n}\n.avia-image-container.av-lo5iqt53-5f880df9941aeb0031a512e096caccae .av-image-caption-overlay-center{\ncolor:#ffffff;\n}\n<\/style>\n<div  class='avia-image-container av-lo5iqt53-5f880df9941aeb0031a512e096caccae av-styling- avia-align-center  avia-builder-el-20  el_after_av_textblock  el_before_av_button '   itemprop=\"image\" itemscope=\"itemscope\" itemtype=\"https:\/\/schema.org\/ImageObject\" ><div class=\"avia-image-container-inner\"><div class=\"avia-image-overlay-wrap\"><img decoding=\"async\" fetchpriority=\"high\" class='wp-image-683 avia-img-lazy-loading-not-683 avia_image ' src=\"https:\/\/klett.cz\/kmi\/wp-content\/uploads\/DAF_ZS_rozcestnik-724x1030.png\" alt='' title='DAF_ZS_rozcestnik'  height=\"1030\" width=\"724\"  itemprop=\"thumbnailUrl\" srcset=\"https:\/\/klett.cz\/kmi\/wp-content\/uploads\/DAF_ZS_rozcestnik-724x1030.png 724w, https:\/\/klett.cz\/kmi\/wp-content\/uploads\/DAF_ZS_rozcestnik-211x300.png 211w, https:\/\/klett.cz\/kmi\/wp-content\/uploads\/DAF_ZS_rozcestnik-768x1093.png 768w, https:\/\/klett.cz\/kmi\/wp-content\/uploads\/DAF_ZS_rozcestnik-1080x1536.png 1080w, https:\/\/klett.cz\/kmi\/wp-content\/uploads\/DAF_ZS_rozcestnik-1054x1500.png 1054w, https:\/\/klett.cz\/kmi\/wp-content\/uploads\/DAF_ZS_rozcestnik-495x705.png 495w, https:\/\/klett.cz\/kmi\/wp-content\/uploads\/DAF_ZS_rozcestnik.png 1140w\" sizes=\"(max-width: 724px) 100vw, 724px\" \/><\/div><\/div><\/div><br \/>\n<div  class='avia-button-wrap av-lo5irfeb-f4913296ff2b356c59b81188a40e2827-wrap avia-button-center  avia-builder-el-21  el_after_av_image  avia-builder-el-last '><a href='https:\/\/klett.cz\/kmi\/srovnani-sad\/'  class='avia-button av-lo5irfeb-f4913296ff2b356c59b81188a40e2827 av-link-btn avia-icon_select-no avia-size-x-large avia-position-center avia-color-theme-color'   aria-label=\"P\u0158EJ\u00cdT NA POROVN\u00c1N\u00cd SAD\"><span class='avia_iconbox_title' >P\u0158EJ\u00cdT NA POROVN\u00c1N\u00cd SAD<\/span><\/a><\/div><\/p><\/div>\n","protected":false},"excerpt":{"rendered":"","protected":false},"author":2,"featured_media":0,"parent":0,"menu_order":0,"comment_status":"closed","ping_status":"closed","template":"","meta":{"_exactmetrics_skip_tracking":false,"_exactmetrics_sitenote_active":false,"_exactmetrics_sitenote_note":"","_exactmetrics_sitenote_category":0,"footnotes":""},"class_list":["post-39","page","type-page","status-publish","hentry"],"_links":{"self":[{"href":"https:\/\/klett.cz\/kmi\/wp-json\/wp\/v2\/pages\/39","targetHints":{"allow":["GET"]}}],"collection":[{"href":"https:\/\/klett.cz\/kmi\/wp-json\/wp\/v2\/pages"}],"about":[{"href":"https:\/\/klett.cz\/kmi\/wp-json\/wp\/v2\/types\/page"}],"author":[{"embeddable":true,"href":"https:\/\/klett.cz\/kmi\/wp-json\/wp\/v2\/users\/2"}],"replies":[{"embeddable":true,"href":"https:\/\/klett.cz\/kmi\/wp-json\/wp\/v2\/comments?post=39"}],"version-history":[{"count":13,"href":"https:\/\/klett.cz\/kmi\/wp-json\/wp\/v2\/pages\/39\/revisions"}],"predecessor-version":[{"id":682,"href":"https:\/\/klett.cz\/kmi\/wp-json\/wp\/v2\/pages\/39\/revisions\/682"}],"wp:attachment":[{"href":"https:\/\/klett.cz\/kmi\/wp-json\/wp\/v2\/media?parent=39"}],"curies":[{"name":"wp","href":"https:\/\/api.w.org\/{rel}","templated":true}]}}