{"id":204,"date":"2019-06-21T22:07:10","date_gmt":"2019-06-21T20:07:10","guid":{"rendered":"https:\/\/klett.cz\/kmi\/?page_id=204"},"modified":"2022-02-06T15:01:05","modified_gmt":"2022-02-06T14:01:05","slug":"materialy-ke-stazeni","status":"publish","type":"page","link":"https:\/\/klett.cz\/kmi\/materialy-ke-stazeni\/","title":{"rendered":"Materi\u00e1ly ke sta\u017een\u00ed"},"content":{"rendered":"\n<style type=\"text\/css\" data-created_by=\"avia_inline_auto\" id=\"style-css-av-1lgw3g-e4ca29651d4b2c6f251c2f8363a5ec34\">\n.flex_column.av-1lgw3g-e4ca29651d4b2c6f251c2f8363a5ec34{\nborder-radius:0px 0px 0px 0px;\npadding:0px 0px 0px 0px;\n}\n<\/style>\n<div  class='flex_column av-1lgw3g-e4ca29651d4b2c6f251c2f8363a5ec34 av_one_full  avia-builder-el-0  el_before_av_hr  avia-builder-el-first  first flex_column_div av-zero-column-padding  '     ><section  class='av_textblock_section av-1go46s-d7a5b87801837be6b4e3a3d6d301697d '   itemscope=\"itemscope\" itemtype=\"https:\/\/schema.org\/CreativeWork\" ><div class='avia_textblock'  itemprop=\"text\" ><h1 style=\"text-align: center;\">Materi\u00e1ly ke sta\u017een\u00ed<\/h1>\n<p style=\"text-align: center;\">Obdr\u017eeli jste ji\u017e vzorov\u00fd v\u00fdtisk zdarma? V\u00fdborn\u011b. Vyberte si z nab\u00eddky n\u00ed\u017ee a st\u00e1hn\u011bte si pot\u0159ebn\u00e9 materi\u00e1ly:<\/p>\n<\/div><\/section><\/div>\n\n<style type=\"text\/css\" data-created_by=\"avia_inline_auto\" id=\"style-css-av-1b4z7g-d1cacad710c774c8119dfbf182f46219\">\n#top .hr.hr-invisible.av-1b4z7g-d1cacad710c774c8119dfbf182f46219{\nheight:50px;\n}\n<\/style>\n<div  class='hr av-1b4z7g-d1cacad710c774c8119dfbf182f46219 hr-invisible  avia-builder-el-2  el_after_av_one_full  el_before_av_one_full '><span class='hr-inner '><span class=\"hr-inner-style\"><\/span><\/span><\/div>\n\n<style type=\"text\/css\" data-created_by=\"avia_inline_auto\" id=\"style-css-av-10pjrw-807bbd5a148869858ce78fd46747eaba\">\n.flex_column.av-10pjrw-807bbd5a148869858ce78fd46747eaba{\nborder-radius:0px 0px 0px 0px;\npadding:0px 0px 0px 0px;\n}\n<\/style>\n<div  class='flex_column av-10pjrw-807bbd5a148869858ce78fd46747eaba av_one_full  avia-builder-el-3  el_after_av_hr  el_before_av_hr  first flex_column_div av-zero-column-padding  '     ><style type=\"text\/css\" data-created_by=\"avia_inline_auto\" id=\"style-css-av-w6ydo-5c6de757bf978cdbb73a0e2dc366f61c\">\n.avia-image-container.av-w6ydo-5c6de757bf978cdbb73a0e2dc366f61c img.avia_image{\nbox-shadow:none;\n}\n.avia-image-container.av-w6ydo-5c6de757bf978cdbb73a0e2dc366f61c .av-image-caption-overlay-center{\ncolor:#ffffff;\n}\n<\/style>\n<div  class='avia-image-container av-w6ydo-5c6de757bf978cdbb73a0e2dc366f61c av-styling- avia-align-center  avia-builder-el-4  avia-builder-el-no-sibling '   itemprop=\"image\" itemscope=\"itemscope\" itemtype=\"https:\/\/schema.org\/ImageObject\" ><div class=\"avia-image-container-inner\"><div class=\"avia-image-overlay-wrap\"><img decoding=\"async\" fetchpriority=\"high\" class='wp-image-236 avia-img-lazy-loading-not-236 avia_image ' src=\"https:\/\/klett.cz\/kmi\/wp-content\/uploads\/KMI_mapa_men.png\" alt='' title='KMI mapa'  height=\"389\" width=\"600\"  itemprop=\"thumbnailUrl\" srcset=\"https:\/\/klett.cz\/kmi\/wp-content\/uploads\/KMI_mapa_men.png 600w, https:\/\/klett.cz\/kmi\/wp-content\/uploads\/KMI_mapa_men-300x195.png 300w, https:\/\/klett.cz\/kmi\/wp-content\/uploads\/KMI_mapa_men-450x292.png 450w\" sizes=\"(max-width: 600px) 100vw, 600px\" \/><\/div><\/div><\/div><\/div>\n\n<style type=\"text\/css\" data-created_by=\"avia_inline_auto\" id=\"style-css-av-r76xg-870dd8fdae898ad921e991f0009d3a8f\">\n#top .hr.hr-invisible.av-r76xg-870dd8fdae898ad921e991f0009d3a8f{\nheight:50px;\n}\n<\/style>\n<div  class='hr av-r76xg-870dd8fdae898ad921e991f0009d3a8f hr-invisible  avia-builder-el-5  el_after_av_one_full  el_before_av_textblock '><span class='hr-inner '><span class=\"hr-inner-style\"><\/span><\/span><\/div>\n<section  class='av_textblock_section av-j2lr0-5800d95da76b5a013a2d115f65b597e8 '   itemscope=\"itemscope\" itemtype=\"https:\/\/schema.org\/CreativeWork\" ><div class='avia_textblock'  itemprop=\"text\" ><h2 style=\"text-align: center;\">Informace k sad\u011b Klett Maximal interkativ<\/h2>\n<p style=\"text-align: center;\"><a href=\"https:\/\/klett.cz\/kmi\/wp-content\/uploads\/pruvodni_informacni_dopis.pdf\">Pr\u016fvodn\u00ed informa\u010dn\u00ed dopis (PDF)<\/a><\/p>\n<\/div><\/section>\n<section  class='av_textblock_section av-19ak4-328a92d9da8bfb7447e54d13a4cda7fe '   itemscope=\"itemscope\" itemtype=\"https:\/\/schema.org\/CreativeWork\" ><div class='avia_textblock'  itemprop=\"text\" ><h2 style=\"text-align: center;\">Poslechy k sad\u011b Klett Maximal interaktiv<\/h2>\n<p style=\"text-align: center;\"><a href=\"https:\/\/klett.cz\/kmi\/wp-content\/uploads\/KMi_1_poslech_MP3.zip\">St\u00e1hn\u011bte si poslechy &#8211; KMI 1 (ZIP)<\/a><\/p>\n<p style=\"text-align: center;\"><a href=\"https:\/\/klett.cz\/kmi\/wp-content\/uploads\/Poslechy_KMI2.zip\">St\u00e1hn\u011bte si poslechy &#8211; KMI 2 (ZIP)<\/a><\/p>\n<p style=\"text-align: center;\"><a href=\"https:\/\/klett.cz\/kmi\/wp-content\/uploads\/Poslech_KMi_3.zip\">St\u00e1hn\u011bte si poslechy &#8211; KMI 3 (ZIP)<\/a><\/p>\n<p style=\"text-align: center;\"><a href=\"https:\/\/klett.cz\/kmi\/wp-content\/uploads\/klett_maximal_interaktiv_1_-_slovicka_v_mp3.zip\">Nahran\u00e1 slov\u00ed\u010dka ve form\u00e1tu MP3 pro prvn\u00ed d\u00edl (ZIP)<\/a><\/p>\n<p style=\"text-align: center;\"><a href=\"https:\/\/klett.cz\/kmi\/wp-content\/uploads\/klett_maximal_interaktiv_2_-_slovicka_v_mp3.zip\">Nahran\u00e1 slov\u00ed\u010dka ve form\u00e1tu MP3 pro druh\u00fd d\u00edl (ZIP)<\/a><\/p>\n<p style=\"text-align: center;\"><a href=\"https:\/\/klett.cz\/kmi\/wp-content\/uploads\/Slovicka_KMi_3.zip\">Nahran\u00e1 slov\u00ed\u010dka ve form\u00e1tu MP3 pro t\u0159et\u00ed d\u00edl (ZIP)<\/a><\/p>\n<\/div><\/section>\n<section  class='av_textblock_section av-7nykk-642b68dadc01d200d9de356ecfea361a '   itemscope=\"itemscope\" itemtype=\"https:\/\/schema.org\/CreativeWork\" ><div class='avia_textblock'  itemprop=\"text\" ><h2 style=\"text-align: center;\">Plak\u00e1ty Klett Maximal interaktiv<\/h2>\n<p style=\"text-align: center;\"><a href=\"https:\/\/klett.cz\/kmi\/wp-content\/uploads\/plakaty_maximal.zip\">Didaktick\u00e9 plak\u00e1ty Willkommen im Freundeskreis a Stundenplan (ZIP)<\/a><br \/>\n<a href=\"https:\/\/klett.cz\/kmi\/wp-content\/uploads\/mapy.zip\">Plak\u00e1ty s re\u00e1liemi \u010cesk\u00e9 republiky a Slovenska (ZIP)<\/a><\/p>\n<\/div><\/section>\n","protected":false},"excerpt":{"rendered":"","protected":false},"author":4,"featured_media":0,"parent":0,"menu_order":0,"comment_status":"closed","ping_status":"closed","template":"","meta":{"_exactmetrics_skip_tracking":false,"_exactmetrics_sitenote_active":false,"_exactmetrics_sitenote_note":"","_exactmetrics_sitenote_category":0,"footnotes":""},"class_list":["post-204","page","type-page","status-publish","hentry"],"_links":{"self":[{"href":"https:\/\/klett.cz\/kmi\/wp-json\/wp\/v2\/pages\/204","targetHints":{"allow":["GET"]}}],"collection":[{"href":"https:\/\/klett.cz\/kmi\/wp-json\/wp\/v2\/pages"}],"about":[{"href":"https:\/\/klett.cz\/kmi\/wp-json\/wp\/v2\/types\/page"}],"author":[{"embeddable":true,"href":"https:\/\/klett.cz\/kmi\/wp-json\/wp\/v2\/users\/4"}],"replies":[{"embeddable":true,"href":"https:\/\/klett.cz\/kmi\/wp-json\/wp\/v2\/comments?post=204"}],"version-history":[{"count":14,"href":"https:\/\/klett.cz\/kmi\/wp-json\/wp\/v2\/pages\/204\/revisions"}],"predecessor-version":[{"id":547,"href":"https:\/\/klett.cz\/kmi\/wp-json\/wp\/v2\/pages\/204\/revisions\/547"}],"wp:attachment":[{"href":"https:\/\/klett.cz\/kmi\/wp-json\/wp\/v2\/media?parent=204"}],"curies":[{"name":"wp","href":"https:\/\/api.w.org\/{rel}","templated":true}]}}