{"id":2,"date":"2018-04-25T18:25:53","date_gmt":"2018-04-25T16:25:53","guid":{"rendered":"http:\/\/klett.cz\/maximalinteraktiv\/?page_id=2"},"modified":"2021-07-31T12:25:35","modified_gmt":"2021-07-31T10:25:35","slug":"zkusebni-stranka","status":"publish","type":"page","link":"https:\/\/klett.cz\/kmi\/","title":{"rendered":"Dom\u016f"},"content":{"rendered":"\n<style type=\"text\/css\" data-created_by=\"avia_inline_auto\" id=\"style-css-av-mj42-15387529b42f6c87c7a1acaae88644fe\">\n.avia-image-container.av-mj42-15387529b42f6c87c7a1acaae88644fe img.avia_image{\nbox-shadow:none;\n}\n.avia-image-container.av-mj42-15387529b42f6c87c7a1acaae88644fe .av-image-caption-overlay-center{\ncolor:#ffffff;\n}\n<\/style>\n<div  class='avia-image-container av-mj42-15387529b42f6c87c7a1acaae88644fe av-styling- avia-align-center  avia-builder-el-0  el_before_av_hr  avia-builder-el-first '   itemprop=\"image\" itemscope=\"itemscope\" itemtype=\"https:\/\/schema.org\/ImageObject\" ><div class=\"avia-image-container-inner\"><div class=\"avia-image-overlay-wrap\"><img decoding=\"async\" fetchpriority=\"high\" class='wp-image-109 avia-img-lazy-loading-not-109 avia_image ' src=\"https:\/\/klett.cz\/kmi\/wp-content\/uploads\/uvod_webu.png\" alt='Klett Maximal interaktiv - \u00favodn\u00ed foto' title='Klett Maximal interaktiv'  height=\"748\" width=\"1500\"  itemprop=\"thumbnailUrl\" srcset=\"https:\/\/klett.cz\/kmi\/wp-content\/uploads\/uvod_webu.png 1500w, https:\/\/klett.cz\/kmi\/wp-content\/uploads\/uvod_webu-300x150.png 300w, https:\/\/klett.cz\/kmi\/wp-content\/uploads\/uvod_webu-768x383.png 768w, https:\/\/klett.cz\/kmi\/wp-content\/uploads\/uvod_webu-1030x514.png 1030w, https:\/\/klett.cz\/kmi\/wp-content\/uploads\/uvod_webu-705x352.png 705w, https:\/\/klett.cz\/kmi\/wp-content\/uploads\/uvod_webu-450x224.png 450w\" sizes=\"(max-width: 1500px) 100vw, 1500px\" \/><\/div><\/div><\/div>\n\n<style type=\"text\/css\" data-created_by=\"avia_inline_auto\" id=\"style-css-av-l4am-ff7fb24e652e0abcf5052fc2276825e5\">\n#top .hr.hr-invisible.av-l4am-ff7fb24e652e0abcf5052fc2276825e5{\nheight:50px;\n}\n<\/style>\n<div  class='hr av-l4am-ff7fb24e652e0abcf5052fc2276825e5 hr-invisible  avia-builder-el-1  el_after_av_image  el_before_av_one_full '><span class='hr-inner '><span class=\"hr-inner-style\"><\/span><\/span><\/div>\n\n<style type=\"text\/css\" data-created_by=\"avia_inline_auto\" id=\"style-css-av-hnio-1f5ac58a718a3077de2b1d6f2429f94e\">\n.flex_column.av-hnio-1f5ac58a718a3077de2b1d6f2429f94e{\nborder-radius:0px 0px 0px 0px;\npadding:0px 0px 0px 0px;\n}\n<\/style>\n<div  class='flex_column av-hnio-1f5ac58a718a3077de2b1d6f2429f94e av_one_full  avia-builder-el-2  el_after_av_hr  el_before_av_one_full  first flex_column_div av-zero-column-padding  '     ><section  class='av_textblock_section av-gq8m-8543553a972697c6cea65fbd1911f69a '   itemscope=\"itemscope\" itemtype=\"https:\/\/schema.org\/CreativeWork\" ><div class='avia_textblock'  itemprop=\"text\" ><h1 style=\"text-align: center;\">Klett Maximal interaktiv<\/h1>\n<\/div><\/section><\/div>\n\n<style type=\"text\/css\" data-created_by=\"avia_inline_auto\" id=\"style-css-av-d2wu-ef63943f7348094e3bee6f009c19d2ee\">\n.flex_column.av-d2wu-ef63943f7348094e3bee6f009c19d2ee{\nborder-radius:0px 0px 0px 0px;\npadding:0px 0px 0px 0px;\n}\n<\/style>\n<div  class='flex_column av-d2wu-ef63943f7348094e3bee6f009c19d2ee av_one_full  avia-builder-el-4  el_after_av_one_full  el_before_av_one_full  first flex_column_div av-zero-column-padding  column-top-margin'     ><section  class='av_textblock_section av-ccvw-5ea0ea9ae7e5ba08d8b8bde3efcbd2b7 '   itemscope=\"itemscope\" itemtype=\"https:\/\/schema.org\/CreativeWork\" ><div class='avia_textblock'  itemprop=\"text\" ><p style=\"text-align: center;\"><strong>Klett Maximal interativ<\/strong> je unik\u00e1tn\u00ed sada v\u00fdukov\u00fdch materi\u00e1l\u016f pro z\u00e1kladn\u00ed \u0161koly a v\u00edcelet\u00e1 gymn\u00e1zia, kterou vytvo\u0159il autorsk\u00fd t\u00fdm spole\u010dnosti Klett Groupe a na jej\u00edm\u017e v\u00fdvoji od po\u010d\u00e1tku spolupracovali i \u010de\u0161t\u00ed auto\u0159i a redakto\u0159i.<\/p>\n<p style=\"text-align: center;\"><strong>Sada Klett Maximal interaktiv<\/strong> je ur\u010dena pro \u017e\u00e1ky 7. a\u017e 9. t\u0159\u00edd z\u00e1kladn\u00edch \u0161kol a ni\u017e\u0161\u00edch stup\u0148\u016f v\u00edcelet\u00fdch gymn\u00e1zi\u00ed. Pln\u011b respektuje po\u017eadavky RVP a obsahuje p\u0159\u00edpravu na mezin\u00e1rodn\u00ed zkou\u0161ky p\u0159\u00edslu\u0161n\u00e9 \u00farovn\u011b (GI, DSD, \u00d6SD).<\/p>\n<p style=\"text-align: center;\">U\u010debnice Klett Maximal interaktiv byly schv\u00e1leny Ministerstvem \u0161kolstv\u00ed, ml\u00e1de\u017ee a t\u011blov\u00fdchovy.<\/p>\n<\/div><\/section><\/div>\n<style type=\"text\/css\" data-created_by=\"avia_inline_auto\" id=\"style-css-av-35w2-86a851eff584924e14cd39077cf01d3e\">\n.flex_column.av-35w2-86a851eff584924e14cd39077cf01d3e{\nborder-radius:0px 0px 0px 0px;\npadding:0px 0px 0px 0px;\n}\n<\/style>\n<div  class='flex_column av-35w2-86a851eff584924e14cd39077cf01d3e av_one_full  avia-builder-el-6  el_after_av_one_full  el_before_av_one_full  first flex_column_div av-zero-column-padding  column-top-margin'     ><div  class='avia-button-wrap av-6zwy-79b7555e42ba9dd45ecb9ffff51c2744-wrap avia-button-center  avia-builder-el-7  avia-builder-el-no-sibling '><a href='https:\/\/www.mauthor.com\/embed\/6028936308588544'  class='avia-button av-6zwy-79b7555e42ba9dd45ecb9ffff51c2744 av-link-btn avia-icon_select-yes-left-icon avia-size-large avia-position-center avia-color-theme-color'   aria-label=\"Vyzkou\u0161et interaktivn\u00ed obsah Klett Maximal interaktiv \"><span class='avia_button_icon avia_button_icon_left avia-iconfont avia-font-entypo-fontello' data-av_icon='\ue803' data-av_iconfont='entypo-fontello' ><\/span><span class='avia_iconbox_title' >Vyzkou\u0161et interaktivn\u00ed obsah Klett Maximal interaktiv <\/span><\/a><\/div><\/div><\/p>\n\n<style type=\"text\/css\" data-created_by=\"avia_inline_auto\" id=\"style-css-av-669q-f2fcd7938288d5bde778b53f04cc722f\">\n.flex_column.av-669q-f2fcd7938288d5bde778b53f04cc722f{\nborder-radius:0px 0px 0px 0px;\npadding:0px 0px 0px 0px;\n}\n<\/style>\n<div  class='flex_column av-669q-f2fcd7938288d5bde778b53f04cc722f av_one_full  avia-builder-el-8  el_after_av_one_full  avia-builder-el-last  first flex_column_div av-zero-column-padding  column-top-margin'     ><style type=\"text\/css\" data-created_by=\"avia_inline_auto\" id=\"style-css-av-3rfm-d6533f5ac4246ff73426df1c25b6b70a\">\n.avia-image-container.av-3rfm-d6533f5ac4246ff73426df1c25b6b70a img.avia_image{\nbox-shadow:none;\n}\n.avia-image-container.av-3rfm-d6533f5ac4246ff73426df1c25b6b70a .av-image-caption-overlay-center{\ncolor:#ffffff;\n}\n<\/style>\n<div  class='avia-image-container av-3rfm-d6533f5ac4246ff73426df1c25b6b70a av-styling- avia-align-center  avia-builder-el-9  avia-builder-el-no-sibling '   itemprop=\"image\" itemscope=\"itemscope\" itemtype=\"https:\/\/schema.org\/ImageObject\" ><div class=\"avia-image-container-inner\"><div class=\"avia-image-overlay-wrap\"><img decoding=\"async\" fetchpriority=\"high\" class='wp-image-126 avia-img-lazy-loading-not-126 avia_image ' src=\"https:\/\/klett.cz\/kmi\/wp-content\/uploads\/10duvodu_MAXIMAL-1030x432.png\" alt='10 d\u016fvod\u016f, pro\u010d u\u010dit s\u00a0Klett Maximal interaktiv: 1) re\u00e1ln\u00ed hrdinov\u00e9 v\u00a0autentick\u00fdch situac\u00edch 2) \u017eiv\u00e1 modern\u00ed n\u011bm\u010dina 3) v\u00edce ne\u017e 80 d\u011bjov\u00fdch vide\u00ed v sad\u011b 4) modern\u00ed didaktick\u00fd p\u0159\u00edstup obohacen\u00fd o neurolingvistiku 5) komunikativn\u00ed p\u0159\u00edstup \u2013 nov\u00e9 pou\u017eit\u00ed v\u00a0u\u010debnic\u00edch n\u011bm\u010diny 6) velk\u00e9 mno\u017estv\u00ed rozmanit\u00fdch cvi\u010den\u00ed 7) vyu\u017e\u00edv\u00e1n\u00ed modern\u00edch m\u00e9di\u00ed 8) t\u0159\u00ed\u00farov\u0148ov\u00e1 vnit\u0159n\u00ed diferenciace 9) pln\u00e1 interaktivn\u00ed podpora v\u010detn\u011b Klett LMS 10) velk\u00e9 mno\u017estv\u00ed dopl\u0148kov\u00fdch materi\u00e1l\u016f' title='10 d\u016fvod\u016f, pro\u010d u\u010dit s Klett Maximal interaktiv'  height=\"432\" width=\"1030\"  itemprop=\"thumbnailUrl\" srcset=\"https:\/\/klett.cz\/kmi\/wp-content\/uploads\/10duvodu_MAXIMAL.png 1030w, https:\/\/klett.cz\/kmi\/wp-content\/uploads\/10duvodu_MAXIMAL-300x126.png 300w, https:\/\/klett.cz\/kmi\/wp-content\/uploads\/10duvodu_MAXIMAL-768x322.png 768w, https:\/\/klett.cz\/kmi\/wp-content\/uploads\/10duvodu_MAXIMAL-705x296.png 705w, https:\/\/klett.cz\/kmi\/wp-content\/uploads\/10duvodu_MAXIMAL-450x189.png 450w\" sizes=\"(max-width: 1030px) 100vw, 1030px\" \/><\/div><\/div><\/div><\/div>\n","protected":false},"excerpt":{"rendered":"","protected":false},"author":1,"featured_media":0,"parent":0,"menu_order":0,"comment_status":"closed","ping_status":"open","template":"","meta":{"_exactmetrics_skip_tracking":false,"_exactmetrics_sitenote_active":false,"_exactmetrics_sitenote_note":"","_exactmetrics_sitenote_category":0,"footnotes":""},"class_list":["post-2","page","type-page","status-publish","hentry"],"_links":{"self":[{"href":"https:\/\/klett.cz\/kmi\/wp-json\/wp\/v2\/pages\/2","targetHints":{"allow":["GET"]}}],"collection":[{"href":"https:\/\/klett.cz\/kmi\/wp-json\/wp\/v2\/pages"}],"about":[{"href":"https:\/\/klett.cz\/kmi\/wp-json\/wp\/v2\/types\/page"}],"author":[{"embeddable":true,"href":"https:\/\/klett.cz\/kmi\/wp-json\/wp\/v2\/users\/1"}],"replies":[{"embeddable":true,"href":"https:\/\/klett.cz\/kmi\/wp-json\/wp\/v2\/comments?post=2"}],"version-history":[{"count":12,"href":"https:\/\/klett.cz\/kmi\/wp-json\/wp\/v2\/pages\/2\/revisions"}],"predecessor-version":[{"id":567,"href":"https:\/\/klett.cz\/kmi\/wp-json\/wp\/v2\/pages\/2\/revisions\/567"}],"wp:attachment":[{"href":"https:\/\/klett.cz\/kmi\/wp-json\/wp\/v2\/media?parent=2"}],"curies":[{"name":"wp","href":"https:\/\/api.w.org\/{rel}","templated":true}]}}