{"id":267,"date":"2019-09-22T15:59:27","date_gmt":"2019-09-22T13:59:27","guid":{"rendered":"https:\/\/klett.cz\/klassnyje-druzja\/?page_id=267"},"modified":"2020-03-13T13:36:11","modified_gmt":"2020-03-13T12:36:11","slug":"materialy","status":"publish","type":"page","link":"https:\/\/klett.cz\/klassnyje-druzja\/materialy\/","title":{"rendered":"Materi\u00e1ly ke sta\u017een\u00ed"},"content":{"rendered":"\n<style type=\"text\/css\" data-created_by=\"avia_inline_auto\" id=\"style-css-av-ghpnv-112aa70442f93bdbda19a7df83db709c\">\n.flex_column.av-ghpnv-112aa70442f93bdbda19a7df83db709c{\nborder-radius:0px 0px 0px 0px;\npadding:0px 0px 0px 0px;\n}\n<\/style>\n<div  class='flex_column av-ghpnv-112aa70442f93bdbda19a7df83db709c av_one_full  avia-builder-el-0  el_before_av_one_full  avia-builder-el-first  first flex_column_div av-zero-column-padding  '     ><section  class='av_textblock_section av-k0v1tv5n-90da28e42bfc2a3434af6431b48229e3 '   itemscope=\"itemscope\" itemtype=\"https:\/\/schema.org\/CreativeWork\" ><div class='avia_textblock'  itemprop=\"text\" ><h1 style=\"text-align: center;\">MATERI\u00c1LY KE STA\u017dEN\u00cd<\/h1>\n<p style=\"text-align: center;\">Obdr\u017eeli jste ji\u017e vzorov\u00fd v\u00fdtisk zdarma nebo ji\u017e u\u010d\u00edte podle Klassnyje drzuja? V\u00fdborn\u011b. Vyberte si z nab\u00eddky n\u00ed\u017ee a st\u00e1hn\u011bte si pot\u0159ebn\u00e9 materi\u00e1ly:<\/p>\n<\/div><\/section><\/div>\n\n<style type=\"text\/css\" data-created_by=\"avia_inline_auto\" id=\"style-css-av-6qb77-c5f13b99297040a8309489ddf3ffd8b0\">\n.flex_column.av-6qb77-c5f13b99297040a8309489ddf3ffd8b0{\nborder-radius:0px 0px 0px 0px;\npadding:0px 0px 0px 0px;\n}\n<\/style>\n<div  class='flex_column av-6qb77-c5f13b99297040a8309489ddf3ffd8b0 av_one_full  avia-builder-el-2  el_after_av_one_full  el_before_av_one_full  first flex_column_div av-zero-column-padding  column-top-margin'     ><section  class='av_textblock_section av-k0v22eam-3b1cf456f0571a06ae80f5fd6fa25927 '   itemscope=\"itemscope\" itemtype=\"https:\/\/schema.org\/CreativeWork\" ><div class='avia_textblock'  itemprop=\"text\" ><h1 style=\"text-align: center;\">Poslechy k sad\u011b Klassnyje druzja<\/h1>\n<p style=\"text-align: center;\"><a href=\"https:\/\/klett.cz\/klassnyje-druzja\/wp-content\/uploads\/KD-1_poslechy.zip\"><strong>St\u00e1hnout poslechy k sad\u011b Klassnyje druzja 1 (ZIP)<\/strong><\/a><\/p>\n<p style=\"text-align: center;\"><strong><a href=\"https:\/\/klett.cz\/klassnyje-druzja\/wp-content\/uploads\/KD2-poslechy.zip\">St\u00e1hnout poslechy k sad\u011b Klassnyje druzja 2 (ZIP)<\/a><\/strong><\/p>\n<p style=\"text-align: center;\"><strong><a href=\"https:\/\/klett.cz\/klassnyje-druzja\/wp-content\/uploads\/KD3_poslechy_final.zip\">St\u00e1hnout poslechy k sad\u011b Klassnyje druzja 3 (ZIP)<\/a><\/strong><\/p>\n<\/div><\/section><\/div>\n<style type=\"text\/css\" data-created_by=\"avia_inline_auto\" id=\"style-css-av-6qb77-c5f13b99297040a8309489ddf3ffd8b0\">\n.flex_column.av-6qb77-c5f13b99297040a8309489ddf3ffd8b0{\nborder-radius:0px 0px 0px 0px;\npadding:0px 0px 0px 0px;\n}\n<\/style>\n<div  class='flex_column av-6qb77-c5f13b99297040a8309489ddf3ffd8b0 av_one_full  avia-builder-el-4  el_after_av_one_full  avia-builder-el-last  first flex_column_div av-zero-column-padding  column-top-margin'     ><section  class='av_textblock_section av-k0v22eam-3b1cf456f0571a06ae80f5fd6fa25927 '   itemscope=\"itemscope\" itemtype=\"https:\/\/schema.org\/CreativeWork\" ><div class='avia_textblock'  itemprop=\"text\" ><h1 style=\"text-align: center;\">Slov\u00ed\u010dka k sad\u011b Klassnyje druzja<\/h1>\n<p style=\"text-align: center;\"><a href=\"https:\/\/klett.cz\/klassnyje-druzja\/wp-content\/uploads\/KD1_slovicka.zip\"><strong>St\u00e1hnout slov\u00ed\u010dka k sad\u011b Klassnyje druzja 1 (ZIP)<\/strong><\/a><\/p>\n<p style=\"text-align: center;\"><strong><a href=\"https:\/\/klett.cz\/klassnyje-druzja\/wp-content\/uploads\/KD2_slovicka.zip\">St\u00e1hnout slov\u00ed\u010dka k sad\u011b Klassnyje druzja 2 (ZIP)<\/a><\/strong><\/p>\n<p style=\"text-align: center;\"><strong><a href=\"https:\/\/klett.cz\/klassnyje-druzja\/wp-content\/uploads\/KD3_slovicka.zip\">St\u00e1hnout slov\u00ed\u010dka k sad\u011b Klassnyje druzja 3 (ZIP)<\/a><\/strong><\/p>\n<\/div><\/section><\/div><\/p>\n","protected":false},"excerpt":{"rendered":"","protected":false},"author":4,"featured_media":0,"parent":0,"menu_order":0,"comment_status":"closed","ping_status":"closed","template":"","meta":{"_exactmetrics_skip_tracking":false,"_exactmetrics_sitenote_active":false,"_exactmetrics_sitenote_note":"","_exactmetrics_sitenote_category":0,"footnotes":""},"class_list":["post-267","page","type-page","status-publish","hentry"],"_links":{"self":[{"href":"https:\/\/klett.cz\/klassnyje-druzja\/wp-json\/wp\/v2\/pages\/267","targetHints":{"allow":["GET"]}}],"collection":[{"href":"https:\/\/klett.cz\/klassnyje-druzja\/wp-json\/wp\/v2\/pages"}],"about":[{"href":"https:\/\/klett.cz\/klassnyje-druzja\/wp-json\/wp\/v2\/types\/page"}],"author":[{"embeddable":true,"href":"https:\/\/klett.cz\/klassnyje-druzja\/wp-json\/wp\/v2\/users\/4"}],"replies":[{"embeddable":true,"href":"https:\/\/klett.cz\/klassnyje-druzja\/wp-json\/wp\/v2\/comments?post=267"}],"version-history":[{"count":5,"href":"https:\/\/klett.cz\/klassnyje-druzja\/wp-json\/wp\/v2\/pages\/267\/revisions"}],"predecessor-version":[{"id":370,"href":"https:\/\/klett.cz\/klassnyje-druzja\/wp-json\/wp\/v2\/pages\/267\/revisions\/370"}],"wp:attachment":[{"href":"https:\/\/klett.cz\/klassnyje-druzja\/wp-json\/wp\/v2\/media?parent=267"}],"curies":[{"name":"wp","href":"https:\/\/api.w.org\/{rel}","templated":true}]}}