{"id":2,"date":"2018-04-25T18:25:53","date_gmt":"2018-04-25T16:25:53","guid":{"rendered":"http:\/\/klett.cz\/maximalinteraktiv\/?page_id=2"},"modified":"2022-02-18T09:25:47","modified_gmt":"2022-02-18T08:25:47","slug":"zkusebni-stranka","status":"publish","type":"page","link":"https:\/\/klett.cz\/klassnyje-druzja\/","title":{"rendered":"Dom\u016f"},"content":{"rendered":"\n<style type=\"text\/css\" data-created_by=\"avia_inline_auto\" id=\"style-css-av-28bq-5de533557248266b2b7b1ef00bee5f40\">\n.avia-image-container.av-28bq-5de533557248266b2b7b1ef00bee5f40 img.avia_image{\nbox-shadow:none;\n}\n.avia-image-container.av-28bq-5de533557248266b2b7b1ef00bee5f40 .av-image-caption-overlay-center{\ncolor:#ffffff;\n}\n<\/style>\n<div  class='avia-image-container av-28bq-5de533557248266b2b7b1ef00bee5f40 av-styling- avia-align-center  avia-builder-el-0  el_before_av_hr  avia-builder-el-first '   itemprop=\"image\" itemscope=\"itemscope\" itemtype=\"https:\/\/schema.org\/ImageObject\" ><div class=\"avia-image-container-inner\"><div class=\"avia-image-overlay-wrap\"><img fetchpriority=\"high\" class='wp-image-240 avia-img-lazy-loading-not-240 avia_image ' src='https:\/\/klett.cz\/klassnyje-druzja\/wp-content\/uploads\/Na\u0301vrh-bez-na\u0301zvu.png' alt='' title='Klassnyje druzja - \u00favod'  height=\"850\" width=\"1500\"  itemprop=\"thumbnailUrl\"  \/><\/div><\/div><\/div>\n\n<style type=\"text\/css\" data-created_by=\"avia_inline_auto\" id=\"style-css-av-la06-c76671bd8da5c88572fc1ff7ef703de1\">\n#top .hr.hr-invisible.av-la06-c76671bd8da5c88572fc1ff7ef703de1{\nheight:50px;\n}\n<\/style>\n<div  class='hr av-la06-c76671bd8da5c88572fc1ff7ef703de1 hr-invisible  avia-builder-el-1  el_after_av_image  el_before_av_one_full '><span class='hr-inner '><span class=\"hr-inner-style\"><\/span><\/span><\/div>\n\n<style type=\"text\/css\" data-created_by=\"avia_inline_auto\" id=\"style-css-av-i4ka-40b101598816aca86aef0cc2db0cefab\">\n.flex_column.av-i4ka-40b101598816aca86aef0cc2db0cefab{\nborder-radius:0px 0px 0px 0px;\npadding:0px 0px 0px 0px;\n}\n<\/style>\n<div  class='flex_column av-i4ka-40b101598816aca86aef0cc2db0cefab av_one_full  avia-builder-el-2  el_after_av_hr  el_before_av_one_full  first flex_column_div av-zero-column-padding  '     ><section  class='av_textblock_section av-gzva-e862f5bcfcbd973637608b065d14d727 '   itemscope=\"itemscope\" itemtype=\"https:\/\/schema.org\/CreativeWork\" ><div class='avia_textblock'  itemprop=\"text\" ><h1 style=\"text-align: center;\">Klassnyje druzja<br \/>\n\u041a\u043b\u0430\u0441\u0441\u043d\u044b\u0435 \u0434\u0440\u0443\u0437\u044c\u044f<\/h1>\n<\/div><\/section><\/div>\n\n<style type=\"text\/css\" data-created_by=\"avia_inline_auto\" id=\"style-css-av-d3cy-77a8ba1d64b591013cc8933cf2bc0a9c\">\n.flex_column.av-d3cy-77a8ba1d64b591013cc8933cf2bc0a9c{\nborder-radius:0px 0px 0px 0px;\npadding:0px 0px 0px 0px;\n}\n<\/style>\n<div  class='flex_column av-d3cy-77a8ba1d64b591013cc8933cf2bc0a9c av_one_full  avia-builder-el-4  el_after_av_one_full  el_before_av_one_full  first flex_column_div av-zero-column-padding  column-top-margin'     ><section  class='av_textblock_section av-bh22-93d4d9d79c72d542ce7f2d59231824ad '   itemscope=\"itemscope\" itemtype=\"https:\/\/schema.org\/CreativeWork\" ><div class='avia_textblock'  itemprop=\"text\" ><p style=\"text-align: center;\"><strong>Klassnyje druzja<\/strong> je soubor v\u00fdukov\u00fdch materi\u00e1l\u016f pro z\u00e1kladn\u00ed \u0161koly a v\u00edcelet\u00e1 gymn\u00e1zia, kter\u00fd byl vytvo\u0159en zku\u0161en\u00fdm t\u00fdmem autor\u016f a redaktor\u016f nakladatelstv\u00ed Klett.<\/p>\n<p style=\"text-align: center;\"><strong>Sada Klassnyje druzja<\/strong> je ur\u010dena pro \u017e\u00e1ky 7.\u2013 9. t\u0159\u00edd z\u00e1kladn\u00edch \u0161kol a odpov\u00eddaj\u00edc\u00edch ro\u010dn\u00edk\u016f v\u00edcelet\u00fdch gymn\u00e1zi\u00ed, kte\u0159\u00ed se studiem rusk\u00e9ho jazyka za\u010d\u00ednaj\u00ed. T\u0159\u00edd\u00edln\u00e1 sada dovede \u017e\u00e1ky na \u00farove\u0148 A1 (A1+) dle SERR a pokryje t\u0159i roky studia p\u0159i dotaci 2 hodiny t\u00fddn\u011b.<\/p>\n<p style=\"text-align: center;\">V\u0161echny 3 d\u00edly u\u010debnice Klassnyje druzja (Novyje klassnyje druzja 1, Klassnyje druzja 2, Klassnyje druzja 3) byly schv\u00e1leny Ministerstvem \u0161kolstv\u00ed, ml\u00e1de\u017ee a t\u011blov\u00fdchovy.<\/p>\n<\/div><\/section><\/div>\n\n<style type=\"text\/css\" data-created_by=\"avia_inline_auto\" id=\"style-css-av-90lw-0caa92404c8333e5db8f3029f7ee6920\">\n.flex_column.av-90lw-0caa92404c8333e5db8f3029f7ee6920{\nborder-radius:0px 0px 0px 0px;\npadding:0px 0px 0px 0px;\n}\n<\/style>\n<div  class='flex_column av-90lw-0caa92404c8333e5db8f3029f7ee6920 av_one_full  avia-builder-el-6  el_after_av_one_full  el_before_av_one_full  first flex_column_div av-zero-column-padding  column-top-margin'     ><div  class='avia-button-wrap av-6vfk-69c47ba39871f2e3c597e91cb4ef5463-wrap avia-button-center  avia-builder-el-7  avia-builder-el-no-sibling '><a href='https:\/\/www.mauthor.com\/embed\/5321934017658880'  class='avia-button av-6vfk-69c47ba39871f2e3c597e91cb4ef5463 av-link-btn avia-icon_select-yes-left-icon avia-size-large avia-position-center avia-color-theme-color'   aria-label=\"Vyzkou\u0161et interaktivn\u00ed obsah \u041a\u043b\u0430\u0441\u0441\u043d\u044b\u0435 \u0434\u0440\u0443\u0437\u044c\u044f\"><span class='avia_button_icon avia_button_icon_left avia-iconfont avia-font-entypo-fontello' data-av_icon='\ue803' data-av_iconfont='entypo-fontello' ><\/span><span class='avia_iconbox_title' >Vyzkou\u0161et interaktivn\u00ed obsah \u041a\u043b\u0430\u0441\u0441\u043d\u044b\u0435 \u0434\u0440\u0443\u0437\u044c\u044f<\/span><\/a><\/div><\/div>\n\n<style type=\"text\/css\" data-created_by=\"avia_inline_auto\" id=\"style-css-av-6f4m-a5a0cbc1c106f203fef5684cbed89407\">\n.flex_column.av-6f4m-a5a0cbc1c106f203fef5684cbed89407{\nborder-radius:0px 0px 0px 0px;\npadding:0px 0px 0px 0px;\n}\n<\/style>\n<div  class='flex_column av-6f4m-a5a0cbc1c106f203fef5684cbed89407 av_one_full  avia-builder-el-8  el_after_av_one_full  avia-builder-el-last  first flex_column_div av-zero-column-padding  column-top-margin'     ><style type=\"text\/css\" data-created_by=\"avia_inline_auto\" id=\"style-css-av-3cys-17c33301792e6f0daa683e7d2136e76c\">\n.avia-image-container.av-3cys-17c33301792e6f0daa683e7d2136e76c img.avia_image{\nbox-shadow:none;\n}\n.avia-image-container.av-3cys-17c33301792e6f0daa683e7d2136e76c .av-image-caption-overlay-center{\ncolor:#ffffff;\n}\n<\/style>\n<div  class='avia-image-container av-3cys-17c33301792e6f0daa683e7d2136e76c av-styling- avia-align-center  avia-builder-el-9  avia-builder-el-no-sibling '   itemprop=\"image\" itemscope=\"itemscope\" itemtype=\"https:\/\/schema.org\/ImageObject\" ><div class=\"avia-image-container-inner\"><div class=\"avia-image-overlay-wrap\"><img fetchpriority=\"high\" class='wp-image-263 avia-img-lazy-loading-not-263 avia_image ' src='https:\/\/klett.cz\/klassnyje-druzja\/wp-content\/uploads\/10-duvodu_KD-1030x527.png' alt='' title='10 d\u016fvod\u016f, pro\u010d u\u010dit s Klassnyje druzja'  height=\"527\" width=\"1030\"  itemprop=\"thumbnailUrl\"  \/><\/div><\/div><\/div><\/div>\n","protected":false},"excerpt":{"rendered":"","protected":false},"author":1,"featured_media":0,"parent":0,"menu_order":0,"comment_status":"closed","ping_status":"open","template":"","meta":{"_exactmetrics_skip_tracking":false,"_exactmetrics_sitenote_active":false,"_exactmetrics_sitenote_note":"","_exactmetrics_sitenote_category":0,"footnotes":""},"class_list":["post-2","page","type-page","status-publish","hentry"],"_links":{"self":[{"href":"https:\/\/klett.cz\/klassnyje-druzja\/wp-json\/wp\/v2\/pages\/2","targetHints":{"allow":["GET"]}}],"collection":[{"href":"https:\/\/klett.cz\/klassnyje-druzja\/wp-json\/wp\/v2\/pages"}],"about":[{"href":"https:\/\/klett.cz\/klassnyje-druzja\/wp-json\/wp\/v2\/types\/page"}],"author":[{"embeddable":true,"href":"https:\/\/klett.cz\/klassnyje-druzja\/wp-json\/wp\/v2\/users\/1"}],"replies":[{"embeddable":true,"href":"https:\/\/klett.cz\/klassnyje-druzja\/wp-json\/wp\/v2\/comments?post=2"}],"version-history":[{"count":16,"href":"https:\/\/klett.cz\/klassnyje-druzja\/wp-json\/wp\/v2\/pages\/2\/revisions"}],"predecessor-version":[{"id":391,"href":"https:\/\/klett.cz\/klassnyje-druzja\/wp-json\/wp\/v2\/pages\/2\/revisions\/391"}],"wp:attachment":[{"href":"https:\/\/klett.cz\/klassnyje-druzja\/wp-json\/wp\/v2\/media?parent=2"}],"curies":[{"name":"wp","href":"https:\/\/api.w.org\/{rel}","templated":true}]}}