{"id":33,"date":"2018-10-11T10:46:53","date_gmt":"2018-10-11T08:46:53","guid":{"rendered":"https:\/\/klett.cz\/kmi\/?page_id=33"},"modified":"2024-10-03T19:59:17","modified_gmt":"2024-10-03T17:59:17","slug":"kontakty","status":"publish","type":"page","link":"https:\/\/klett.cz\/funpark\/kontakty\/","title":{"rendered":"Kontakty"},"content":{"rendered":"<section  class='av_textblock_section av-jyx08icl-386b5307549e33cba8813f6ef21df9f2 '   itemscope=\"itemscope\" itemtype=\"https:\/\/schema.org\/CreativeWork\" ><div class='avia_textblock'  itemprop=\"text\" ><h1 style=\"text-align: center;\">Kontakt<\/h1>\n<\/div><\/section>\n<\/div><\/div><\/div><!-- close content main div --><\/div><\/div><div id='av_section_1'  class='avia-section av-aoeol-b048fec950386b8298a0524d861d54b6 main_color avia-section-default avia-no-border-styling  avia-builder-el-1  el_after_av_textblock  avia-builder-el-last  avia-bg-style-scroll container_wrap sidebar_right'  ><div class='container av-section-cont-open' ><div class='template-page content  av-content-small alpha units'><div class='post-entry post-entry-type-page post-entry-33'><div class='entry-content-wrapper clearfix'>\n\n<style type=\"text\/css\" data-created_by=\"avia_inline_auto\" id=\"style-css-av-1yzyt-e1cdfa8a6788b41fa5f56033a86ec897\">\n.flex_column.av-1yzyt-e1cdfa8a6788b41fa5f56033a86ec897{\nborder-radius:0px 0px 0px 0px;\npadding:0px 0px 0px 0px;\n}\n<\/style>\n<div  class='flex_column av-1yzyt-e1cdfa8a6788b41fa5f56033a86ec897 av_one_half  avia-builder-el-2  el_before_av_one_half  avia-builder-el-first  first flex_column_div av-zero-column-padding  '     ><style type=\"text\/css\" data-created_by=\"avia_inline_auto\" id=\"style-css-av-kn4mhcct-a535f6befcf147acfea400490bc6504e\">\n.avia-image-container.av-kn4mhcct-a535f6befcf147acfea400490bc6504e img.avia_image{\nbox-shadow:none;\n}\n.avia-image-container.av-kn4mhcct-a535f6befcf147acfea400490bc6504e .av-image-caption-overlay-center{\ncolor:#ffffff;\n}\n<\/style>\n<div  class='avia-image-container av-kn4mhcct-a535f6befcf147acfea400490bc6504e av-styling- avia-align-center  avia-builder-el-3  avia-builder-el-no-sibling '   itemprop=\"image\" itemscope=\"itemscope\" itemtype=\"https:\/\/schema.org\/ImageObject\" ><div class=\"avia-image-container-inner\"><div class=\"avia-image-overlay-wrap\"><img decoding=\"async\" fetchpriority=\"high\" class='wp-image-407 avia-img-lazy-loading-not-407 avia_image ' src=\"https:\/\/klett.cz\/funpark\/wp-content\/uploads\/liskana-web-1-300x300.png\" alt='' title='liskana web 1'  height=\"300\" width=\"300\"  itemprop=\"thumbnailUrl\" srcset=\"https:\/\/klett.cz\/funpark\/wp-content\/uploads\/liskana-web-1-300x300.png 300w, https:\/\/klett.cz\/funpark\/wp-content\/uploads\/liskana-web-1-80x80.png 80w, https:\/\/klett.cz\/funpark\/wp-content\/uploads\/liskana-web-1-36x36.png 36w, https:\/\/klett.cz\/funpark\/wp-content\/uploads\/liskana-web-1-180x180.png 180w, https:\/\/klett.cz\/funpark\/wp-content\/uploads\/liskana-web-1.png 500w\" sizes=\"(max-width: 300px) 100vw, 300px\" \/><\/div><\/div><\/div><\/div>\n<style type=\"text\/css\" data-created_by=\"avia_inline_auto\" id=\"style-css-av-662gx-2e19ceec42f583f9e57657d2cdc02319\">\n.flex_column.av-662gx-2e19ceec42f583f9e57657d2cdc02319{\nborder-radius:0px 0px 0px 0px;\npadding:0px 0px 0px 0px;\n}\n<\/style>\n<div  class='flex_column av-662gx-2e19ceec42f583f9e57657d2cdc02319 av_one_half  avia-builder-el-4  el_after_av_one_half  el_before_av_one_half  flex_column_div av-zero-column-padding  '     ><form action=\"https:\/\/klett.cz\/funpark\/kontakty\/\" method=\"post\" data-fields-with-error=\"Found errors in the following field(s):\" class=\"avia_ajax_form av-form-labels-visible   avia-builder-el-5  avia-builder-el-no-sibling  av-custom-form-color av-dark-form \" data-avia-form-id=\"1\" data-avia-redirect='' ><h3 class=''>Napi\u0161te n\u00e1m<\/h3><fieldset><p class='  first_form  form_element form_element_half' id='element_avia_1_1'><label for=\"avia_1_1\">Jm\u00e9no <abbr class=\"required\" title=\"required\">*<\/abbr><\/label> <input name=\"avia_1_1\" class=\"text_input is_empty\" type=\"text\" id=\"avia_1_1\" value=\"\" \/><\/p><p class='  form_element form_element_half' id='element_avia_2_1'><label for=\"avia_2_1\">P\u0159\u00edjmen\u00ed <abbr class=\"required\" title=\"required\">*<\/abbr><\/label> <input name=\"avia_2_1\" class=\"text_input is_empty\" type=\"text\" id=\"avia_2_1\" value=\"\" \/><\/p><p class='  first_form  form_element form_element_half' id='element_avia_3_1'><label for=\"avia_3_1\">E-mail <abbr class=\"required\" title=\"required\">*<\/abbr><\/label> <input name=\"avia_3_1\" class=\"text_input is_empty\" type=\"text\" id=\"avia_3_1\" value=\"\" \/><\/p><p class='  form_element form_element_half' id='element_avia_4_1'><label for=\"avia_4_1\">N\u00e1zev \u0161koly <abbr class=\"required\" title=\"required\">*<\/abbr><\/label> <input name=\"avia_4_1\" class=\"text_input is_empty\" type=\"text\" id=\"avia_4_1\" value=\"\" \/><\/p><p class='  first_form  form_element form_fullwidth av-last-visible-form-element' id='element_avia_5_1'><label for=\"avia_5_1\" class=\"textare_label hidden textare_label_avia_5_1\">Zde napi\u0161te zpr\u00e1vu <abbr class=\"required\" title=\"required\">*<\/abbr><\/label><textarea  name=\"avia_5_1\" class=\"text_area is_empty\" cols=\"40\" rows=\"7\" id=\"avia_5_1\" ><\/textarea><\/p><p class=\"hidden\"><input type=\"text\" name=\"avia_6_1\" class=\"hidden \" id=\"avia_6_1\" value=\"\" \/><\/p><p class=\"form_element \"><input type=\"hidden\" value=\"1\" name=\"avia_generated_form1\" \/><input type=\"submit\" value=\"Odeslat\" class=\"button\"  data-sending-label=\"Sending\"\/><\/p><\/fieldset><\/form><div id=\"ajaxresponse_1\" class=\"ajaxresponse ajaxresponse_1 hidden\"><\/div><\/div>\n<style type=\"text\/css\" data-created_by=\"avia_inline_auto\" id=\"style-css-av-9vhh9-98534d5dffe4d3f22b0e3e56dfcea189\">\n.flex_column.av-9vhh9-98534d5dffe4d3f22b0e3e56dfcea189{\nborder-radius:0px 0px 0px 0px;\npadding:0px 0px 0px 0px;\n}\n<\/style>\n<div  class='flex_column av-9vhh9-98534d5dffe4d3f22b0e3e56dfcea189 av_one_half  avia-builder-el-6  el_after_av_one_half  el_before_av_one_half  first flex_column_div av-zero-column-padding  column-top-margin'     ><section  class='av_textblock_section av-8e8kx-5760f44450f079976bff8f17f28bfdd4 '   itemscope=\"itemscope\" itemtype=\"https:\/\/schema.org\/CreativeWork\" ><div class='avia_textblock'  itemprop=\"text\" ><p><strong>Klett nakladatelstv\u00ed s. r. o.<\/strong><br \/>\nJi\u010d\u00ednsk\u00e1 2348\/10<br \/>\n130 00 Praha 3 \u2013 Vinohrady<\/p>\n<p><strong>E-mail: <a href=\"mailto:info@klett.cz\">info@klett.cz<\/a><\/strong><br \/>\n<strong>Telefon: +420 233 084 110<\/strong><\/p>\n<\/div><\/section><\/div>\n<style type=\"text\/css\" data-created_by=\"avia_inline_auto\" id=\"style-css-av-806vd-a1cc3350277cb9832004871136080799\">\n.flex_column.av-806vd-a1cc3350277cb9832004871136080799{\nborder-radius:0px 0px 0px 0px;\npadding:0px 0px 0px 0px;\n}\n<\/style>\n<div  class='flex_column av-806vd-a1cc3350277cb9832004871136080799 av_one_half  avia-builder-el-8  el_after_av_one_half  avia-builder-el-last  flex_column_div av-zero-column-padding  column-top-margin'     ><section  class='av_textblock_section av-790xt-833dc1adea5fbac522476b322751573f '   itemscope=\"itemscope\" itemtype=\"https:\/\/schema.org\/CreativeWork\" ><div class='avia_textblock'  itemprop=\"text\" ><p><iframe loading=\"lazy\" style=\"border: 0;\" src=\"https:\/\/www.google.com\/maps\/embed?pb=!1m18!1m12!1m3!1d223.9743919042972!2d14.46108852841277!3d50.0775854721035!2m3!1f0!2f0!3f0!3m2!1i1024!2i768!4f13.1!3m3!1m2!1s0x470b92f2a6496065%3A0x4e9a5bc1ec141933!2sKlett+Nakladatelstv%C3%AD+S.r.o.!5e0!3m2!1sen!2scz!4v1516778676980\" width=\"400\" height=\"300\" frameborder=\"0\" allowfullscreen=\"allowfullscreen\"><\/iframe><\/p>\n<\/div><\/section><\/div><\/div><\/div><\/div><!-- close content main div --><\/div><\/div><div id='after_section_1'  class='main_color av_default_container_wrap container_wrap sidebar_right'  ><div class='container av-section-cont-open' ><div class='template-page content  av-content-small alpha units'><div class='post-entry post-entry-type-page post-entry-33'><div class='entry-content-wrapper clearfix'>\n","protected":false},"excerpt":{"rendered":"","protected":false},"author":2,"featured_media":0,"parent":0,"menu_order":0,"comment_status":"closed","ping_status":"closed","template":"","meta":{"footnotes":""},"class_list":["post-33","page","type-page","status-publish","hentry"],"_links":{"self":[{"href":"https:\/\/klett.cz\/funpark\/wp-json\/wp\/v2\/pages\/33","targetHints":{"allow":["GET"]}}],"collection":[{"href":"https:\/\/klett.cz\/funpark\/wp-json\/wp\/v2\/pages"}],"about":[{"href":"https:\/\/klett.cz\/funpark\/wp-json\/wp\/v2\/types\/page"}],"author":[{"embeddable":true,"href":"https:\/\/klett.cz\/funpark\/wp-json\/wp\/v2\/users\/2"}],"replies":[{"embeddable":true,"href":"https:\/\/klett.cz\/funpark\/wp-json\/wp\/v2\/comments?post=33"}],"version-history":[{"count":12,"href":"https:\/\/klett.cz\/funpark\/wp-json\/wp\/v2\/pages\/33\/revisions"}],"predecessor-version":[{"id":2342,"href":"https:\/\/klett.cz\/funpark\/wp-json\/wp\/v2\/pages\/33\/revisions\/2342"}],"wp:attachment":[{"href":"https:\/\/klett.cz\/funpark\/wp-json\/wp\/v2\/media?parent=33"}],"curies":[{"name":"wp","href":"https:\/\/api.w.org\/{rel}","templated":true}]}}