{"id":1346,"date":"2022-07-21T11:02:31","date_gmt":"2022-07-21T09:02:31","guid":{"rendered":"https:\/\/klett.cz\/funpark\/?page_id=1346"},"modified":"2026-02-25T12:36:16","modified_gmt":"2026-02-25T11:36:16","slug":"interaktivni-vyuka","status":"publish","type":"page","link":"https:\/\/klett.cz\/funpark\/interaktivni-vyuka\/","title":{"rendered":"Interaktivn\u00ed v\u00fduka"},"content":{"rendered":"<div  class='flex_column av-ari7tu-a5f443b1e1e396e4199b36795eee3ba5 av_one_full  avia-builder-el-0  el_before_av_one_full  avia-builder-el-first  first flex_column_div  '     ><section  class='av_textblock_section av-l5us6gf3-062d360a5681aeb009ddd43250579582 '   itemscope=\"itemscope\" itemtype=\"https:\/\/schema.org\/CreativeWork\" ><div class='avia_textblock'  itemprop=\"text\" ><h1 style=\"text-align: center;\">Interaktivn\u00ed v\u00fduka na port\u00e1lu IZZI<\/h1>\n<\/div><\/section><\/div>\n<div  class='flex_column av-ylyfm-ead9400ae6a75b112fee97daf257cade av_one_full  avia-builder-el-2  el_after_av_one_full  el_before_av_one_full  first flex_column_div  column-top-margin'     ><style type=\"text\/css\" data-created_by=\"avia_inline_auto\" id=\"style-css-av-l5ushn8t-ee6b906018f5701df9b8fff97d95347f\">\n.avia-image-container.av-l5ushn8t-ee6b906018f5701df9b8fff97d95347f img.avia_image{\nbox-shadow:none;\n}\n.avia-image-container.av-l5ushn8t-ee6b906018f5701df9b8fff97d95347f .av-image-caption-overlay-center{\ncolor:#ffffff;\n}\n<\/style>\n<div  class='avia-image-container av-l5ushn8t-ee6b906018f5701df9b8fff97d95347f av-styling- avia-align-center  avia-builder-el-3  avia-builder-el-no-sibling '   itemprop=\"image\" itemscope=\"itemscope\" itemtype=\"https:\/\/schema.org\/ImageObject\" ><div class=\"avia-image-container-inner\"><div class=\"avia-image-overlay-wrap\"><img decoding=\"async\" fetchpriority=\"high\" class='wp-image-1086 avia-img-lazy-loading-not-1086 avia_image ' src=\"https:\/\/klett.cz\/funpark\/wp-content\/uploads\/FUNPARK_vsechna_zarizeni_liska.png\" alt='' title='FUNPARK_vsechna_zarizeni_liska'  height=\"515\" width=\"700\"  itemprop=\"thumbnailUrl\" srcset=\"https:\/\/klett.cz\/funpark\/wp-content\/uploads\/FUNPARK_vsechna_zarizeni_liska.png 700w, https:\/\/klett.cz\/funpark\/wp-content\/uploads\/FUNPARK_vsechna_zarizeni_liska-300x221.png 300w\" sizes=\"(max-width: 700px) 100vw, 700px\" \/><\/div><\/div><\/div><\/div>\n<div  class='flex_column av-7g50r6-b5a9608e3745ea894459fe54caa3ae31 av_one_full  avia-builder-el-4  el_after_av_one_full  el_before_av_one_half  first flex_column_div  column-top-margin'     ><section  class='av_textblock_section av-l5usf9db-58200470eeaa062a7f26b64aa867f6cd '   itemscope=\"itemscope\" itemtype=\"https:\/\/schema.org\/CreativeWork\" ><div class='avia_textblock'  itemprop=\"text\" ><p style=\"text-align: center;\">Interaktivn\u00ed podporu FUNPARK na platform\u011b IZZI vyv\u00edj\u00edme s ohledem na co nejrychlej\u0161\u00ed a nejp\u0159ehledn\u011bj\u0161\u00ed orientaci. M\u016f\u017eete ji snadno pou\u017e\u00edt jak ve t\u0159\u00edd\u011b na interaktivn\u00ed tabuli nebo b\u011b\u017en\u00e9 tabuli napojen\u00e9 na projektor s po\u010d\u00edta\u010dem, tak i na tabletech nebo chytr\u00fdch mobiln\u00edch telefonech.<\/p>\n<\/div><\/section><\/div>\n<div  class='flex_column av-6kneki-ee9c27f13b227fe223f0b4368dce404f av_one_half  avia-builder-el-6  el_after_av_one_full  el_before_av_one_half  first flex_column_div  column-top-margin'     ><style type=\"text\/css\" data-created_by=\"avia_inline_auto\" id=\"style-css-av-l5usji7k-ce57c34ad0a0848239045ceb76661ff9\">\n.avia-image-container.av-l5usji7k-ce57c34ad0a0848239045ceb76661ff9 img.avia_image{\nbox-shadow:none;\n}\n.avia-image-container.av-l5usji7k-ce57c34ad0a0848239045ceb76661ff9 .av-image-caption-overlay-center{\ncolor:#ffffff;\n}\n<\/style>\n<div  class='avia-image-container av-l5usji7k-ce57c34ad0a0848239045ceb76661ff9 av-styling- avia-align-center  avia-builder-el-7  avia-builder-el-no-sibling '   itemprop=\"image\" itemscope=\"itemscope\" itemtype=\"https:\/\/schema.org\/ImageObject\" ><div class=\"avia-image-container-inner\"><div class=\"avia-image-overlay-wrap\"><img decoding=\"async\" fetchpriority=\"high\" class='wp-image-1348 avia-img-lazy-loading-not-1348 avia_image ' src=\"https:\/\/klett.cz\/funpark\/wp-content\/uploads\/FUNPARK_ucebnice_interaktivni_cedule_liska-1.png\" alt='' title='FUNPARK_ucebnice_interaktivni_cedule_liska'  height=\"515\" width=\"700\"  itemprop=\"thumbnailUrl\" srcset=\"https:\/\/klett.cz\/funpark\/wp-content\/uploads\/FUNPARK_ucebnice_interaktivni_cedule_liska-1.png 700w, https:\/\/klett.cz\/funpark\/wp-content\/uploads\/FUNPARK_ucebnice_interaktivni_cedule_liska-1-300x221.png 300w\" sizes=\"(max-width: 700px) 100vw, 700px\" \/><\/div><\/div><\/div><\/div>\n<div  class='flex_column av-3urqpu-f01cf2c5851d0495e80555b145ae268d av_one_half  avia-builder-el-8  el_after_av_one_half  el_before_av_one_full  flex_column_div  column-top-margin'     ><style type=\"text\/css\" data-created_by=\"avia_inline_auto\" id=\"style-css-av-239fma-1126f32d2302578a88f3874ac02d7879\">\n.avia-image-container.av-239fma-1126f32d2302578a88f3874ac02d7879 img.avia_image{\nbox-shadow:none;\n}\n.avia-image-container.av-239fma-1126f32d2302578a88f3874ac02d7879 .av-image-caption-overlay-center{\ncolor:#ffffff;\n}\n<\/style>\n<div  class='avia-image-container av-239fma-1126f32d2302578a88f3874ac02d7879 av-styling- avia-align-center  avia-builder-el-9  avia-builder-el-no-sibling '   itemprop=\"image\" itemscope=\"itemscope\" itemtype=\"https:\/\/schema.org\/ImageObject\" ><div class=\"avia-image-container-inner\"><div class=\"avia-image-overlay-wrap\"><img decoding=\"async\" fetchpriority=\"high\" class='wp-image-1349 avia-img-lazy-loading-not-1349 avia_image ' src=\"https:\/\/klett.cz\/funpark\/wp-content\/uploads\/FUNPARK_tablet_mobil_liska.png\" alt='' title='FUNPARK_tablet_mobil_liska'  height=\"515\" width=\"700\"  itemprop=\"thumbnailUrl\" srcset=\"https:\/\/klett.cz\/funpark\/wp-content\/uploads\/FUNPARK_tablet_mobil_liska.png 700w, https:\/\/klett.cz\/funpark\/wp-content\/uploads\/FUNPARK_tablet_mobil_liska-300x221.png 300w\" sizes=\"(max-width: 700px) 100vw, 700px\" \/><\/div><\/div><\/div><\/div>\n<div  class='flex_column av-2a6ho2-a4675f284d9fa6cb8ffff6a55a6bcac3 av_one_full  avia-builder-el-10  el_after_av_one_half  el_before_av_one_full  first flex_column_div  column-top-margin'     ><p>\n<style type=\"text\/css\" data-created_by=\"avia_inline_auto\" id=\"style-css-av-l5usqttn-24d5305db0e689446c2538973e7562ad\">\n#top .hr.hr-invisible.av-l5usqttn-24d5305db0e689446c2538973e7562ad{\nheight:50px;\n}\n<\/style>\n<div  class='hr av-l5usqttn-24d5305db0e689446c2538973e7562ad hr-invisible  avia-builder-el-11  el_before_av_textblock  avia-builder-el-first '><span class='hr-inner '><span class=\"hr-inner-style\"><\/span><\/span><\/div><br \/>\n<section  class='av_textblock_section av-l5usmqx8-65f407e5f0d8c43cebab86aa4e001977 '   itemscope=\"itemscope\" itemtype=\"https:\/\/schema.org\/CreativeWork\" ><div class='avia_textblock'  itemprop=\"text\" ><h2 style=\"text-align: center;\">Vyzkou\u0161ejte si uk\u00e1zkovou lekci zdarma<\/h2>\n<p style=\"text-align: center;\">Bez nutnosti registrace a p\u0159ihl\u00e1\u0161en\u00ed vstupte do sedm\u00e9 lekce prvn\u00edho d\u00edlu FUNPARK. Vlevo naho\u0159e si zvolte p\u0159\u00edslu\u0161nou dvojstranu lekce a posunut\u00edm dol\u016f se dostanete ke v\u0161em aktivit\u00e1m.<\/p>\n<\/div><\/section><br \/>\n<div  class='avia-button-wrap av-l5usp0w6-b9bd52edc0c85cbf9c85eb88621cdd36-wrap avia-button-center  avia-builder-el-13  el_after_av_textblock  avia-builder-el-last '>\n<style type=\"text\/css\" data-created_by=\"avia_inline_auto\" id=\"style-css-av-l5usp0w6-b9bd52edc0c85cbf9c85eb88621cdd36\">\n#top #wrap_all .avia-button.av-l5usp0w6-b9bd52edc0c85cbf9c85eb88621cdd36{\nborder-radius:10px 10px 10px 10px;\ntransition:all 0.4s ease-in-out;\n}\n#top #wrap_all.avia-button.av-l5usp0w6-b9bd52edc0c85cbf9c85eb88621cdd36:hover .avia_button_background{\nborder-radius:10px 10px 10px 10px;\n}\n<\/style>\n<a href='https:\/\/cz.izzi.digital\/DOS\/103108\/199291.html'  class='avia-button av-l5usp0w6-b9bd52edc0c85cbf9c85eb88621cdd36 av-link-btn avia-icon_select-no avia-size-x-large avia-position-center avia-color-theme-color'  target=\"_blank\"  rel=\"noopener noreferrer\"  aria-label=\"Vyzkou\u0161et interaktivn\u00ed lekci\"><span class='avia_iconbox_title' >Vyzkou\u0161et interaktivn\u00ed lekci<\/span><\/a><\/div><\/p><\/div><div  class='flex_column av-4qld02-9fc1bf0bf0d654feb5ac7a1856bcac55 av_one_full  avia-builder-el-14  el_after_av_one_full  el_before_av_one_fifth  first flex_column_div  column-top-margin'     ><p>\n<style type=\"text\/css\" data-created_by=\"avia_inline_auto\" id=\"style-css-av-2gfbsy-54f9a1b93a3d57cef8aa42fec9f63910\">\n#top .hr.hr-invisible.av-2gfbsy-54f9a1b93a3d57cef8aa42fec9f63910{\nheight:50px;\n}\n<\/style>\n<div  class='hr av-2gfbsy-54f9a1b93a3d57cef8aa42fec9f63910 hr-invisible  avia-builder-el-15  el_before_av_textblock  avia-builder-el-first '><span class='hr-inner '><span class=\"hr-inner-style\"><\/span><\/span><\/div><br \/>\n<section  class='av_textblock_section av-l5ustf25-5ddb5404d5a1e9c9afe878d9361bd13c '   itemscope=\"itemscope\" itemtype=\"https:\/\/schema.org\/CreativeWork\" ><div class='avia_textblock'  itemprop=\"text\" ><h2 style=\"text-align: center;\">3D virtu\u00e1ln\u00ed slovn\u00ed\u010dek<\/h2>\n<p style=\"text-align: center;\">Postupn\u011b budeme p\u0159id\u00e1vat ke slov\u00ed\u010dk\u016fm ve vybran\u00fdch lekc\u00edch i 3D virtu\u00e1ln\u00ed prohl\u00eddky. M\u016f\u017eete tak se \u017e\u00e1ky proch\u00e1zet virtu\u00e1ln\u00ed prostor a ukazovat jim pot\u0159ebn\u00e1 slov\u00ed\u010dka\u00a0v\u010detn\u011b poslechu.<\/p>\n<\/div><\/section><br \/>\n<div  class='avia-button-wrap av-l5usuhnm-03f48238238ba0c68e0701ca17fc4184-wrap avia-button-center  avia-builder-el-17  el_after_av_textblock  avia-builder-el-last '>\n<style type=\"text\/css\" data-created_by=\"avia_inline_auto\" id=\"style-css-av-l5usuhnm-03f48238238ba0c68e0701ca17fc4184\">\n#top #wrap_all .avia-button.av-l5usuhnm-03f48238238ba0c68e0701ca17fc4184{\nborder-radius:10px 10px 10px 10px;\ntransition:all 0.4s ease-in-out;\n}\n#top #wrap_all.avia-button.av-l5usuhnm-03f48238238ba0c68e0701ca17fc4184:hover .avia_button_background{\nborder-radius:10px 10px 10px 10px;\n}\n<\/style>\n<a href='https:\/\/mpembed.com\/show\/?m=UEpeKkkbwJQ&amp;mpu=1456'  class='avia-button av-l5usuhnm-03f48238238ba0c68e0701ca17fc4184 av-link-btn avia-icon_select-no avia-size-x-large avia-position-center avia-color-theme-color'  target=\"_blank\"  rel=\"noopener noreferrer\"  aria-label=\"Pod\u00edvat se na 3D virtu\u00e1ln\u00ed uk\u00e1zku\"><span class='avia_iconbox_title' >Pod\u00edvat se na 3D virtu\u00e1ln\u00ed uk\u00e1zku<\/span><\/a><\/div><\/p><\/div><\/p>\n<div  class='flex_column av-4aj33m-b481884748dc1e1751437b3c1f6a20a7 av_one_fifth  avia-builder-el-18  el_after_av_one_full  el_before_av_three_fifth  first flex_column_div  column-top-margin'     ><\/div>\n<div  class='flex_column av-l5usv9db-e98d0793a4f5db1feb27dd4bf7528af0 av_three_fifth  avia-builder-el-19  el_after_av_one_fifth  el_before_av_one_fifth  flex_column_div  column-top-margin'     ><style type=\"text\/css\" data-created_by=\"avia_inline_auto\" id=\"style-css-av-l5usvkt0-18c288cbfe8a9025659a8b1e76c1ab93\">\n.avia-image-container.av-l5usvkt0-18c288cbfe8a9025659a8b1e76c1ab93 img.avia_image{\nbox-shadow:none;\n}\n.avia-image-container.av-l5usvkt0-18c288cbfe8a9025659a8b1e76c1ab93 .av-image-caption-overlay-center{\ncolor:#ffffff;\n}\n<\/style>\n<div  class='avia-image-container av-l5usvkt0-18c288cbfe8a9025659a8b1e76c1ab93 av-styling- avia-align-center  avia-builder-el-20  avia-builder-el-no-sibling '   itemprop=\"image\" itemscope=\"itemscope\" itemtype=\"https:\/\/schema.org\/ImageObject\" ><div class=\"avia-image-container-inner\"><div class=\"avia-image-overlay-wrap\"><img decoding=\"async\" fetchpriority=\"high\" class='wp-image-1136 avia-img-lazy-loading-not-1136 avia_image ' src=\"https:\/\/klett.cz\/funpark\/wp-content\/uploads\/liska-bublina-web.png\" alt='' title='liska-bublina-web'  height=\"686\" width=\"1000\"  itemprop=\"thumbnailUrl\" srcset=\"https:\/\/klett.cz\/funpark\/wp-content\/uploads\/liska-bublina-web.png 1000w, https:\/\/klett.cz\/funpark\/wp-content\/uploads\/liska-bublina-web-300x206.png 300w, https:\/\/klett.cz\/funpark\/wp-content\/uploads\/liska-bublina-web-768x527.png 768w, https:\/\/klett.cz\/funpark\/wp-content\/uploads\/liska-bublina-web-705x484.png 705w\" sizes=\"(max-width: 1000px) 100vw, 1000px\" \/><\/div><\/div><\/div><\/div>\n<div  class='flex_column av-2qi72q-1dc2fb8dfc8bf4ced421659b525725f0 av_one_fifth  avia-builder-el-21  el_after_av_three_fifth  avia-builder-el-last  flex_column_div  column-top-margin'     ><\/div>\n","protected":false},"excerpt":{"rendered":"","protected":false},"author":4,"featured_media":0,"parent":0,"menu_order":0,"comment_status":"closed","ping_status":"closed","template":"","meta":{"footnotes":""},"class_list":["post-1346","page","type-page","status-publish","hentry"],"_links":{"self":[{"href":"https:\/\/klett.cz\/funpark\/wp-json\/wp\/v2\/pages\/1346","targetHints":{"allow":["GET"]}}],"collection":[{"href":"https:\/\/klett.cz\/funpark\/wp-json\/wp\/v2\/pages"}],"about":[{"href":"https:\/\/klett.cz\/funpark\/wp-json\/wp\/v2\/types\/page"}],"author":[{"embeddable":true,"href":"https:\/\/klett.cz\/funpark\/wp-json\/wp\/v2\/users\/4"}],"replies":[{"embeddable":true,"href":"https:\/\/klett.cz\/funpark\/wp-json\/wp\/v2\/comments?post=1346"}],"version-history":[{"count":14,"href":"https:\/\/klett.cz\/funpark\/wp-json\/wp\/v2\/pages\/1346\/revisions"}],"predecessor-version":[{"id":2505,"href":"https:\/\/klett.cz\/funpark\/wp-json\/wp\/v2\/pages\/1346\/revisions\/2505"}],"wp:attachment":[{"href":"https:\/\/klett.cz\/funpark\/wp-json\/wp\/v2\/media?parent=1346"}],"curies":[{"name":"wp","href":"https:\/\/api.w.org\/{rel}","templated":true}]}}