{"id":1276,"date":"2022-07-19T09:58:44","date_gmt":"2022-07-19T07:58:44","guid":{"rendered":"https:\/\/klett.cz\/funpark\/?page_id=1276"},"modified":"2022-10-24T14:45:54","modified_gmt":"2022-10-24T12:45:54","slug":"vyukova-sada","status":"publish","type":"page","link":"https:\/\/klett.cz\/funpark\/vyukova-sada\/","title":{"rendered":"V\u00fdukov\u00e1 sada"},"content":{"rendered":"\n<style type=\"text\/css\" data-created_by=\"avia_inline_auto\" id=\"style-css-av-2achnw-2ff22963e8240407db93d938693696c5\">\n.avia-image-container.av-2achnw-2ff22963e8240407db93d938693696c5 img.avia_image{\nbox-shadow:none;\n}\n.avia-image-container.av-2achnw-2ff22963e8240407db93d938693696c5 .av-image-caption-overlay-center{\ncolor:#ffffff;\n}\n<\/style>\n<div  class='avia-image-container av-2achnw-2ff22963e8240407db93d938693696c5 av-styling- avia-align-center  avia-builder-el-0  el_before_av_hr  avia-builder-el-first '   itemprop=\"image\" itemscope=\"itemscope\" itemtype=\"https:\/\/schema.org\/ImageObject\" ><div class=\"avia-image-container-inner\"><div class=\"avia-image-overlay-wrap\"><img decoding=\"async\" fetchpriority=\"high\" class='wp-image-1361 avia-img-lazy-loading-not-1361 avia_image ' src=\"https:\/\/klett.cz\/funpark\/wp-content\/uploads\/2_Funpark_1210x423.jpg\" alt='' title='2_Funpark_1210x423'  height=\"423\" width=\"1210\"  itemprop=\"thumbnailUrl\" srcset=\"https:\/\/klett.cz\/funpark\/wp-content\/uploads\/2_Funpark_1210x423.jpg 1210w, https:\/\/klett.cz\/funpark\/wp-content\/uploads\/2_Funpark_1210x423-300x105.jpg 300w, https:\/\/klett.cz\/funpark\/wp-content\/uploads\/2_Funpark_1210x423-1030x360.jpg 1030w, https:\/\/klett.cz\/funpark\/wp-content\/uploads\/2_Funpark_1210x423-768x268.jpg 768w, https:\/\/klett.cz\/funpark\/wp-content\/uploads\/2_Funpark_1210x423-705x246.jpg 705w\" sizes=\"(max-width: 1210px) 100vw, 1210px\" \/><\/div><\/div><\/div>\n\n<style type=\"text\/css\" data-created_by=\"avia_inline_auto\" id=\"style-css-av-l5qp5meq-685c432e5b7224951455fde95ea16bca\">\n#top .hr.hr-invisible.av-l5qp5meq-685c432e5b7224951455fde95ea16bca{\nheight:15px;\n}\n<\/style>\n<div  class='hr av-l5qp5meq-685c432e5b7224951455fde95ea16bca hr-invisible  avia-builder-el-1  el_after_av_image  el_before_av_one_full '><span class='hr-inner '><span class=\"hr-inner-style\"><\/span><\/span><\/div>\n<div  class='flex_column av-g4k8e4-335c5428386379e3856f5d1010028ed8 av_one_full  avia-builder-el-2  el_after_av_hr  el_before_av_hr  first flex_column_div  '     ><section  class='av_textblock_section av-l5qnw4fc-edf967eb5a351c1ae2892096afc06bfd '   itemscope=\"itemscope\" itemtype=\"https:\/\/schema.org\/CreativeWork\" ><div class='avia_textblock'  itemprop=\"text\" ><h1 style=\"text-align: center;\">V\u00fdukov\u00e1 sada angli\u010dtiny pro prvn\u00ed stupe\u0148 Z\u0160<\/h1>\n<p style=\"text-align: center;\">FUNPARK, to jsou komplexn\u00ed a prov\u00e1zan\u00e9 materi\u00e1ly pro v\u00fduku angli\u010dtiny od 3. ro\u010dn\u00edku z\u00e1kladn\u00edch \u0161kol.\u00a0Jedn\u00e1 se o pracovn\u00ed u\u010debnici, tedy u\u010debnici a pracovn\u00ed se\u0161it v\u00a0jednom, kter\u00e1 hravou a nen\u00e1silnou formou postupn\u011b rozv\u00edj\u00ed v\u0161echny jazykov\u00e9 kompetence \u017e\u00e1k\u016f.<\/p>\n<p style=\"text-align: center;\">V \u0161koln\u00edm roce 2021\/2022 pilotovalo FUNPARK 425 u\u010ditel\u016f na 255 \u0161kol\u00e1ch. Na z\u00e1klad\u011b jejich poznatk\u016f, jsme u\u010debn\u00ed sadu d\u00e1le vyv\u00edjeli.\u00a0 FUNPARK se tak postupn\u011b st\u00e1v\u00e1 zcela ojedin\u011bl\u00fdm materi\u00e1lem, kter\u00fd je upravov\u00e1n b\u011bhem \u0161koln\u00edho roku na z\u00e1klad\u011b re\u00e1ln\u00fdch po\u017eadavk\u016f b\u011bhem v\u00fduky.<\/p>\n<\/div><\/section><\/div>\n\n<style type=\"text\/css\" data-created_by=\"avia_inline_auto\" id=\"style-css-av-l5qnwpkk-a0305fca824df5c9781d8544046f49d9\">\n#top .hr.hr-invisible.av-l5qnwpkk-a0305fca824df5c9781d8544046f49d9{\nheight:100px;\n}\n<\/style>\n<div  class='hr av-l5qnwpkk-a0305fca824df5c9781d8544046f49d9 hr-invisible  avia-builder-el-4  el_after_av_one_full  el_before_av_one_full '><span class='hr-inner '><span class=\"hr-inner-style\"><\/span><\/span><\/div>\n<div  class='flex_column av-eoq0r0-e6e4133eba23b6e3273b3a60bd18bee6 av_one_full  avia-builder-el-5  el_after_av_hr  el_before_av_one_third  first flex_column_div  '     ><section  class='av_textblock_section av-l5qnwxjl-3c047f54ceb92618e6b8767b0d067d24 '   itemscope=\"itemscope\" itemtype=\"https:\/\/schema.org\/CreativeWork\" ><div class='avia_textblock'  itemprop=\"text\" ><h2 style=\"text-align: center;\">Pro\u010d je FUNPARK vhodn\u00fd pro v\u0161echny typy \u0161kol?<\/h2>\n<\/div><\/section><\/div>\n<div  class='flex_column av-ckvtpo-529571f7782be5b98abc9b960710d07c av_one_third  avia-builder-el-7  el_after_av_one_full  el_before_av_two_third  first flex_column_div  column-top-margin'     ><style type=\"text\/css\" data-created_by=\"avia_inline_auto\" id=\"style-css-av-l5qnxqhl-756502db7fb593ad85510b3ed2b02830\">\n.avia-image-container.av-l5qnxqhl-756502db7fb593ad85510b3ed2b02830 img.avia_image{\nbox-shadow:none;\n}\n.avia-image-container.av-l5qnxqhl-756502db7fb593ad85510b3ed2b02830 .av-image-caption-overlay-center{\ncolor:#ffffff;\n}\n<\/style>\n<div  class='avia-image-container av-l5qnxqhl-756502db7fb593ad85510b3ed2b02830 av-styling- avia-align-center  avia-builder-el-8  avia-builder-el-no-sibling '   itemprop=\"image\" itemscope=\"itemscope\" itemtype=\"https:\/\/schema.org\/ImageObject\" ><div class=\"avia-image-container-inner\"><div class=\"avia-image-overlay-wrap\"><img decoding=\"async\" fetchpriority=\"high\" class='wp-image-1092 avia-img-lazy-loading-not-1092 avia_image ' src=\"https:\/\/klett.cz\/funpark\/wp-content\/uploads\/liska-sedici.png\" alt='' title='liska sedici'  height=\"788\" width=\"940\"  itemprop=\"thumbnailUrl\" srcset=\"https:\/\/klett.cz\/funpark\/wp-content\/uploads\/liska-sedici.png 940w, https:\/\/klett.cz\/funpark\/wp-content\/uploads\/liska-sedici-300x251.png 300w, https:\/\/klett.cz\/funpark\/wp-content\/uploads\/liska-sedici-768x644.png 768w, https:\/\/klett.cz\/funpark\/wp-content\/uploads\/liska-sedici-705x591.png 705w\" sizes=\"(max-width: 940px) 100vw, 940px\" \/><\/div><\/div><\/div><\/div>\n<div  class='flex_column av-bb8irg-b1dd62d246f71fc3336fa2741cc24b52 av_two_third  avia-builder-el-9  el_after_av_one_third  el_before_av_hr  flex_column_div  column-top-margin'     ><section  class='av_textblock_section av-l5qny33z-103d91206d7d369997a59d2a262249fc '   itemscope=\"itemscope\" itemtype=\"https:\/\/schema.org\/CreativeWork\" ><div class='avia_textblock'  itemprop=\"text\" ><ul>\n<li><strong>podporuje st\u0159\u00eddavou v\u00fduku \u2013 <\/strong>pro samostatnou pr\u00e1ci m\u016f\u017eete vyu\u017e\u00edt pestr\u00e9 aktivity nejen z pracovn\u00ed u\u010debnice a dal\u0161\u00edch p\u0159ipraven\u00fdch dopl\u0148kov\u00fdch materi\u00e1l\u016f, ale i nabit\u00e9 interaktivn\u00ed prost\u0159ed\u00ed<\/li>\n<li><strong>u\u010divo je vystav\u011bno na principu spir\u00e1ly \u2013<\/strong>\u00a0umo\u017e\u0148uje ka\u017ed\u00e9mu \u017e\u00e1kovi postupovat podle jeho odpov\u00eddaj\u00edc\u00ed \u00farovn\u011b<\/li>\n<li>obsahuje jak\u00a0<strong>n\u00e1ro\u010dn\u011bj\u0161\u00ed cvi\u010den\u00ed<\/strong>, kter\u00e1 budou v\u00fdzvou pro pokro\u010dilej\u0161\u00ed \u017e\u00e1ky, tak i\u00a0<strong>cvi\u010den\u00ed zohled\u0148uj\u00edc\u00ed pot\u0159eby \u017e\u00e1k\u016f s\u00a0SPU<\/strong><\/li>\n<li>v\u00e1\u0161 \u010das na p\u0159\u00edpravu \u0161et\u0159\u00ed<strong>\u00a0detailn\u011b zpracovan\u00fd metodick\u00fd pr\u016fvodce<\/strong>, ve kter\u00e9m najdete mno\u017estv\u00ed didaktick\u00fdch her, skupinov\u00e9 a kooperativn\u00ed aktivity nebo tipy na praktick\u00e9 uspo\u0159\u00e1d\u00e1n\u00ed v\u00fduky a organizaci t\u0159\u00eddy<\/li>\n<\/ul>\n<\/div><\/section><\/div>\n\n<style type=\"text\/css\" data-created_by=\"avia_inline_auto\" id=\"style-css-av-8lf7sc-4914cc025a5d39dd86c4a0ccf4ffb711\">\n#top .hr.hr-invisible.av-8lf7sc-4914cc025a5d39dd86c4a0ccf4ffb711{\nheight:100px;\n}\n<\/style>\n<div  class='hr av-8lf7sc-4914cc025a5d39dd86c4a0ccf4ffb711 hr-invisible  avia-builder-el-11  el_after_av_two_third  el_before_av_one_full '><span class='hr-inner '><span class=\"hr-inner-style\"><\/span><\/span><\/div>\n<div  class='flex_column av-99shks-0c4e8967ed203337438325619bcfb9fc av_one_full  avia-builder-el-12  el_after_av_hr  el_before_av_one_fourth  first flex_column_div  '     ><section  class='av_textblock_section av-l5qo892x-e849d36c99361398303aae3260d7e220 '   itemscope=\"itemscope\" itemtype=\"https:\/\/schema.org\/CreativeWork\" ><div class='avia_textblock'  itemprop=\"text\" ><h2 style=\"text-align: center;\">Struktura pracovn\u00ed u\u010debnice FUNPARK<\/h2>\n<\/div><\/section><\/div>\n<div  class='flex_column av-2qcmek-c5dcf1caa3decec3947a1bb37092423d av_one_fourth  avia-builder-el-14  el_after_av_one_full  el_before_av_two_fifth  first flex_column_div  column-top-margin'     ><\/div>\n<div  class='flex_column av-7i5ofw-57f3201889b196a70aa3482506d71e08 av_two_fifth  avia-builder-el-15  el_after_av_one_fourth  el_before_av_one_third  flex_column_div  column-top-margin'     ><section  class='av_textblock_section av-l5qog20c-cc9dc3287c59bea88b3ff2fab2d85900 '   itemscope=\"itemscope\" itemtype=\"https:\/\/schema.org\/CreativeWork\" ><div class='avia_textblock'  itemprop=\"text\" ><ul>\n<li>10 lekc\u00ed ve dvou d\u00edlech (1 d\u00edl: 1.\u20135. lekce, 2. d\u00edl: 6.\u201310. lekce)<\/li>\n<li>speci\u00e1ln\u00ed poh\u00e1dkov\u00e1 5. a 10. lekce s mo\u017enost\u00ed vyu\u017eit\u00ed k dramatizaci (u\u010ditel si m\u016f\u017ee vybrat, zda s d\u011btmi komiksov\u00e9 poh\u00e1dky pouze p\u0159e\u010dte, nebo je secvi\u010d\u00ed jako kr\u00e1tk\u00e9 divadeln\u00ed p\u0159edstaven\u00ed)<\/li>\n<li>voliteln\u00fd opakovac\u00ed Booster po 2., 4., 7. a 9. lekci (sada roz\u0161i\u0159uj\u00edc\u00edch cvi\u010den\u00ed k zopakov\u00e1n\u00ed del\u0161\u00edch celk\u016f ur\u010den\u00e1 k samostatn\u00e9 pr\u00e1ci nebo pro rychlej\u0161\u00ed \u017e\u00e1ky)<\/li>\n<li>slovn\u00ed\u010dek ke ka\u017ed\u00e9 lekci<\/li>\n<li>arch se samolepkami<\/li>\n<\/ul>\n<\/div><\/section><\/div><div  class='flex_column av-5zefxo-2f3ba460f74aa78b1d26d93588127866 av_one_third  avia-builder-el-17  el_after_av_two_fifth  el_before_av_hr  flex_column_div  column-top-margin'     ><style type=\"text\/css\" data-created_by=\"avia_inline_auto\" id=\"style-css-av-432qjw-82c2b0c18286dba0db737e7ed7cfe539\">\n.avia-image-container.av-432qjw-82c2b0c18286dba0db737e7ed7cfe539 img.avia_image{\nbox-shadow:none;\n}\n.avia-image-container.av-432qjw-82c2b0c18286dba0db737e7ed7cfe539 .av-image-caption-overlay-center{\ncolor:#ffffff;\n}\n<\/style>\n<div  class='avia-image-container av-432qjw-82c2b0c18286dba0db737e7ed7cfe539 av-styling- avia-align-center  avia-builder-el-18  avia-builder-el-no-sibling '   itemprop=\"image\" itemscope=\"itemscope\" itemtype=\"https:\/\/schema.org\/ImageObject\" ><div class=\"avia-image-container-inner\"><div class=\"avia-image-overlay-wrap\"><img decoding=\"async\" fetchpriority=\"high\" class='wp-image-1291 avia-img-lazy-loading-not-1291 avia_image ' src=\"https:\/\/klett.cz\/funpark\/wp-content\/uploads\/liska-ocas-ctverec-300x300.png\" alt='' title='liska-ocas-ctverec'  height=\"300\" width=\"300\"  itemprop=\"thumbnailUrl\" srcset=\"https:\/\/klett.cz\/funpark\/wp-content\/uploads\/liska-ocas-ctverec-300x300.png 300w, https:\/\/klett.cz\/funpark\/wp-content\/uploads\/liska-ocas-ctverec-80x80.png 80w, https:\/\/klett.cz\/funpark\/wp-content\/uploads\/liska-ocas-ctverec-36x36.png 36w, https:\/\/klett.cz\/funpark\/wp-content\/uploads\/liska-ocas-ctverec-180x180.png 180w, https:\/\/klett.cz\/funpark\/wp-content\/uploads\/liska-ocas-ctverec.png 495w\" sizes=\"(max-width: 300px) 100vw, 300px\" \/><\/div><\/div><\/div><\/div><\/p>\n\n<style type=\"text\/css\" data-created_by=\"avia_inline_auto\" id=\"style-css-av-2h3by4-d20add54cf4440ed9a9f6888cfe184af\">\n#top .hr.hr-invisible.av-2h3by4-d20add54cf4440ed9a9f6888cfe184af{\nheight:100px;\n}\n<\/style>\n<div  class='hr av-2h3by4-d20add54cf4440ed9a9f6888cfe184af hr-invisible  avia-builder-el-19  el_after_av_one_third  el_before_av_one_full '><span class='hr-inner '><span class=\"hr-inner-style\"><\/span><\/span><\/div>\n<div  class='flex_column av-99mhj0-0662ec388fc1d61a02906f2112c34438 av_one_full  avia-builder-el-20  el_after_av_hr  el_before_av_one_third  first flex_column_div  '     ><section  class='av_textblock_section av-l5qoirip-c62c9f27584d651a39f4fab182f3ae76 '   itemscope=\"itemscope\" itemtype=\"https:\/\/schema.org\/CreativeWork\" ><div class='avia_textblock'  itemprop=\"text\" ><h2 style=\"text-align: center;\">Struktura lekce FUNPARK<\/h2>\n<\/div><\/section><\/div>\n<div  class='flex_column av-841kn0-c0406567ed4188c468a513ea401b0767 av_one_third  avia-builder-el-22  el_after_av_one_full  el_before_av_two_third  first flex_column_div  column-top-margin'     ><style type=\"text\/css\" data-created_by=\"avia_inline_auto\" id=\"style-css-av-54oou4-a3f4c49804efb6699100fd0c9a2aa525\">\n.avia-image-container.av-54oou4-a3f4c49804efb6699100fd0c9a2aa525 img.avia_image{\nbox-shadow:none;\n}\n.avia-image-container.av-54oou4-a3f4c49804efb6699100fd0c9a2aa525 .av-image-caption-overlay-center{\ncolor:#ffffff;\n}\n<\/style>\n<div  class='avia-image-container av-54oou4-a3f4c49804efb6699100fd0c9a2aa525 av-styling- avia-align-center  avia-builder-el-23  avia-builder-el-no-sibling '   itemprop=\"image\" itemscope=\"itemscope\" itemtype=\"https:\/\/schema.org\/ImageObject\" ><div class=\"avia-image-container-inner\"><div class=\"avia-image-overlay-wrap\"><img decoding=\"async\" fetchpriority=\"high\" class='wp-image-1069 avia-img-lazy-loading-not-1069 avia_image ' src=\"https:\/\/klett.cz\/funpark\/wp-content\/uploads\/52.png\" alt='' title='52'  height=\"400\" width=\"600\"  itemprop=\"thumbnailUrl\" srcset=\"https:\/\/klett.cz\/funpark\/wp-content\/uploads\/52.png 600w, https:\/\/klett.cz\/funpark\/wp-content\/uploads\/52-300x200.png 300w\" sizes=\"(max-width: 600px) 100vw, 600px\" \/><\/div><\/div><\/div><\/div>\n<div  class='flex_column av-4qccvg-7daddaaec676ff2f3cf358950a3950fd av_two_third  avia-builder-el-24  el_after_av_one_third  el_before_av_hr  flex_column_div  column-top-margin'     ><section  class='av_textblock_section av-l5qoouy5-0875e0948086273cf6cd18024f6e6c29 '   itemscope=\"itemscope\" itemtype=\"https:\/\/schema.org\/CreativeWork\" ><div class='avia_textblock'  itemprop=\"text\" ><ul>\n<li>jedna vyu\u010dovac\u00ed hodina je rozvr\u017een\u00e1 do jedn\u00e9 dvoustrany lekce<\/li>\n<li>na z\u00e1v\u011br lekce m\u016f\u017eete vyu\u017e\u00edt opakov\u00e1n\u00ed a test<\/li>\n<li>t\u00e9matick\u00fd celek je v\u017edy tvo\u0159en t\u0159emi dvoustranami a jednou \u201ehrac\u00ed\u201c hodinou<\/li>\n<li>pr\u016fb\u011b\u017en\u00e9 a opakovan\u00e9 zapojujeme aktivity z portfolia a interaktivn\u00edch prvk\u016f<\/li>\n<li>v lev\u00e9 obr\u00e1zkov\u00e9 \u010d\u00e1sti naleznete novou slovn\u00ed z\u00e1sobu a fr\u00e1ze, n\u00e1sleduje p\u00edsni\u010dka, hra nebo n\u00e1cvik s flashcards a\u00a0 cvi\u010den\u00ed v u\u010debnici<\/li>\n<\/ul>\n<\/div><\/section><\/div>\n\n<style type=\"text\/css\" data-created_by=\"avia_inline_auto\" id=\"style-css-av-2lb2ws-63334b3f1f4e4eb17ad24643d5ea8e09\">\n#top .hr.hr-invisible.av-2lb2ws-63334b3f1f4e4eb17ad24643d5ea8e09{\nheight:100px;\n}\n<\/style>\n<div  class='hr av-2lb2ws-63334b3f1f4e4eb17ad24643d5ea8e09 hr-invisible  avia-builder-el-26  el_after_av_two_third  el_before_av_one_full '><span class='hr-inner '><span class=\"hr-inner-style\"><\/span><\/span><\/div>\n<div  class='flex_column av-7i3bkc-778fefae040ddd4ae7e42f23462aee9d av_one_full  avia-builder-el-27  el_after_av_hr  el_before_av_one_third  first flex_column_div  '     ><section  class='av_textblock_section av-l5qnyquf-a5a6adede66b4fd81eac8a2903283957 '   itemscope=\"itemscope\" itemtype=\"https:\/\/schema.org\/CreativeWork\" ><div class='avia_textblock'  itemprop=\"text\" ><h2 style=\"text-align: center;\"><strong>Komponenty FUNPARK<\/strong><\/h2>\n<p style=\"text-align: center;\">FUNPARK obsahuje \u0159adu obvykl\u00fdch komponent, nab\u00eddneme v\u00e1m ale i nov\u00e9, origin\u00e1ln\u00ed v\u00fdukov\u00e9 materi\u00e1ly. V\u00fdb\u011br a zpracov\u00e1n\u00ed t\u011bchto materi\u00e1l\u016f vych\u00e1z\u00ed z re\u00e1ln\u00e9 v\u00fduky angli\u010dtiny na \u010desk\u00fdch \u0161kol\u00e1ch.<\/p>\n<p style=\"text-align: center;\">K dispozici jsou n\u00e1sleduj\u00edc\u00ed v\u00fdukov\u00e9 materi\u00e1ly:<\/p>\n<\/div><\/section><\/div>\n<div  class='flex_column av-mes70-3b3486f109ab5d6e4fdf052cd0e3f479 av_one_third  avia-builder-el-29  el_after_av_one_full  el_before_av_two_third  first flex_column_div  column-top-margin'     ><style type=\"text\/css\" data-created_by=\"avia_inline_auto\" id=\"style-css-av-3id2f0-6af6845852971cadf9e7a997b6acd29e\">\n.avia-image-container.av-3id2f0-6af6845852971cadf9e7a997b6acd29e img.avia_image{\nbox-shadow:none;\n}\n.avia-image-container.av-3id2f0-6af6845852971cadf9e7a997b6acd29e .av-image-caption-overlay-center{\ncolor:#ffffff;\n}\n<\/style>\n<div  class='avia-image-container av-3id2f0-6af6845852971cadf9e7a997b6acd29e av-styling- avia-align-center  avia-builder-el-30  avia-builder-el-no-sibling '   itemprop=\"image\" itemscope=\"itemscope\" itemtype=\"https:\/\/schema.org\/ImageObject\" ><div class=\"avia-image-container-inner\"><div class=\"avia-image-overlay-wrap\"><img decoding=\"async\" fetchpriority=\"high\" class='wp-image-407 avia-img-lazy-loading-not-407 avia_image ' src=\"https:\/\/klett.cz\/funpark\/wp-content\/uploads\/liskana-web-1.png\" alt='' title='liskana web 1'  height=\"500\" width=\"500\"  itemprop=\"thumbnailUrl\" srcset=\"https:\/\/klett.cz\/funpark\/wp-content\/uploads\/liskana-web-1.png 500w, https:\/\/klett.cz\/funpark\/wp-content\/uploads\/liskana-web-1-300x300.png 300w, https:\/\/klett.cz\/funpark\/wp-content\/uploads\/liskana-web-1-80x80.png 80w, https:\/\/klett.cz\/funpark\/wp-content\/uploads\/liskana-web-1-36x36.png 36w, https:\/\/klett.cz\/funpark\/wp-content\/uploads\/liskana-web-1-180x180.png 180w\" sizes=\"(max-width: 500px) 100vw, 500px\" \/><\/div><\/div><\/div><\/div>\n<div  class='flex_column av-2zjjzg-0285577b689bea3e96211e14b196d554 av_two_third  avia-builder-el-31  el_after_av_one_third  el_before_av_button  flex_column_div  column-top-margin'     ><section  class='av_textblock_section av-l5qnzmos-ce80d91143996a4bc7fa72a36cead57a '   itemscope=\"itemscope\" itemtype=\"https:\/\/schema.org\/CreativeWork\" ><div class='avia_textblock'  itemprop=\"text\" ><p>Pro\u00a0<strong>\u017e\u00e1ky:\u00a0<\/strong><\/p>\n<ul>\n<li>dvoud\u00edln\u00e1 pracovn\u00ed u\u010debnice s vlo\u017een\u00fdmi samolepkami<\/li>\n<li>portfolio s\u00a0\u017e\u00e1kovskou verz\u00ed flashcards, hrac\u00edmi pl\u00e1nky, projekty a integrovanou mapou r\u016fstu<\/li>\n<li>pracovn\u00ed listy s\u00a0dom\u00e1c\u00ed p\u0159\u00edpravou<\/li>\n<\/ul>\n<p>Pro\u00a0<strong>u\u010ditele<\/strong>:<\/p>\n<ul>\n<li>u\u010ditelsk\u00e9 vyd\u00e1n\u00ed pracovn\u00ed u\u010debnice s\u00a0propracovan\u00fdm metodick\u00fdm pr\u016fvodcem<\/li>\n<li>u\u010ditelskou verzi flashcards<\/li>\n<li>p\u0159\u00edru\u010dku pro u\u010ditele a asistenty se zam\u011b\u0159en\u00edm na \u017e\u00e1ky s SPU<\/li>\n<li>testy ke ka\u017ed\u00e9 lekci ve dvou variant\u00e1ch<\/li>\n<li>interaktivn\u00ed zpracov\u00e1n\u00ed v\u010detn\u011b podpory Klett LMS se spr\u00e1vou virtu\u00e1ln\u00ed t\u0159\u00eddy<\/li>\n<li>hodnot\u00edc\u00ed raz\u00edtka a ma\u0148\u00e1sek Foxie aj.<\/li>\n<\/ul>\n<\/div><\/section><\/div>\n<div  class='avia-button-wrap av-l5qo3l5h-0b147372d050320e5266de01a2821887-wrap avia-button-center  avia-builder-el-33  el_after_av_two_third  el_before_av_hr '>\n<style type=\"text\/css\" data-created_by=\"avia_inline_auto\" id=\"style-css-av-l5qo3l5h-0b147372d050320e5266de01a2821887\">\n#top #wrap_all .avia-button.av-l5qo3l5h-0b147372d050320e5266de01a2821887{\nborder-radius:20px 20px 20px 20px;\ntransition:all 0.4s ease-in-out;\n}\n#top #wrap_all.avia-button.av-l5qo3l5h-0b147372d050320e5266de01a2821887:hover .avia_button_background{\nborder-radius:20px 20px 20px 20px;\n}\n<\/style>\n<a href='https:\/\/klett.cz\/funpark\/komponenty\/'  class='avia-button av-l5qo3l5h-0b147372d050320e5266de01a2821887 av-link-btn avia-icon_select-no avia-size-x-large avia-position-center avia-color-theme-color-highlight'   aria-label=\"PROHL\u00c9DNOUT V\u0160ECHNY KOMPONENTY PRO \u017d\u00c1KY A U\u010cITELE\"><span class='avia_iconbox_title' >PROHL\u00c9DNOUT V\u0160ECHNY KOMPONENTY PRO \u017d\u00c1KY A U\u010cITELE<\/span><\/a><\/div>\n\n<style type=\"text\/css\" data-created_by=\"avia_inline_auto\" id=\"style-css-av-823224-81fe7beaf3f147681409f36b442aec40\">\n#top .hr.hr-invisible.av-823224-81fe7beaf3f147681409f36b442aec40{\nheight:100px;\n}\n<\/style>\n<div  class='hr av-823224-81fe7beaf3f147681409f36b442aec40 hr-invisible  avia-builder-el-34  el_after_av_button  el_before_av_one_full '><span class='hr-inner '><span class=\"hr-inner-style\"><\/span><\/span><\/div>\n<div  class='flex_column av-58fxnw-d79171f376fd3ee11010999fc79cb756 av_one_full  avia-builder-el-35  el_after_av_hr  el_before_av_one_full  first flex_column_div  '     ><section  class='av_textblock_section av-l5qp26xa-cd07e0741910aa6cff8c4e9c9a138ee7 '   itemscope=\"itemscope\" itemtype=\"https:\/\/schema.org\/CreativeWork\" ><div class='avia_textblock'  itemprop=\"text\" ><h2 style=\"text-align: center;\"><strong>Interaktivn\u00ed podpora FUNPARK<\/strong><\/h2>\n<p style=\"text-align: center;\">Interaktivn\u00ed podpora cel\u00e9 v\u00fdukov\u00e9 sady FUNPARK pob\u011b\u017e\u00ed na platform\u011b IZZI.<\/p>\n<p style=\"text-align: center;\">IZZI\u00a0 byla vyv\u00edjena s ohledem na co nejrychlej\u0161\u00ed a nejp\u0159ehledn\u011bj\u0161\u00ed orientaci, na vyu\u017eit\u00ed ve t\u0159\u00edd\u00e1ch s interaktivn\u00ed tabul\u00ed \u010di dataprojektorem, ale i na tabletech \u010di chytr\u00fdch telefonech.<\/p>\n<\/div><\/section><\/div>\n<div  class='flex_column av-2x56f0-fdc936a19849547c89257ff066f7eca7 av_one_full  avia-builder-el-37  el_after_av_one_full  el_before_av_one_half  first flex_column_div  column-top-margin'     ><style type=\"text\/css\" data-created_by=\"avia_inline_auto\" id=\"style-css-av-l5qp8b0w-9ad90c339c393348cc0b0a489df057d9\">\n.avia-image-container.av-l5qp8b0w-9ad90c339c393348cc0b0a489df057d9 img.avia_image{\nbox-shadow:none;\n}\n.avia-image-container.av-l5qp8b0w-9ad90c339c393348cc0b0a489df057d9 .av-image-caption-overlay-center{\ncolor:#ffffff;\n}\n<\/style>\n<div  class='avia-image-container av-l5qp8b0w-9ad90c339c393348cc0b0a489df057d9 av-styling- avia-align-center  avia-builder-el-38  avia-builder-el-no-sibling '   itemprop=\"image\" itemscope=\"itemscope\" itemtype=\"https:\/\/schema.org\/ImageObject\" ><div class=\"avia-image-container-inner\"><div class=\"avia-image-overlay-wrap\"><img decoding=\"async\" fetchpriority=\"high\" class='wp-image-1086 avia-img-lazy-loading-not-1086 avia_image ' src=\"https:\/\/klett.cz\/funpark\/wp-content\/uploads\/FUNPARK_vsechna_zarizeni_liska.png\" alt='' title='FUNPARK_vsechna_zarizeni_liska'  height=\"515\" width=\"700\"  itemprop=\"thumbnailUrl\" srcset=\"https:\/\/klett.cz\/funpark\/wp-content\/uploads\/FUNPARK_vsechna_zarizeni_liska.png 700w, https:\/\/klett.cz\/funpark\/wp-content\/uploads\/FUNPARK_vsechna_zarizeni_liska-300x221.png 300w\" sizes=\"(max-width: 700px) 100vw, 700px\" \/><\/div><\/div><\/div><\/div>\n<div  class='flex_column av-3wmecs-85b35029ca1a8f698083a22358845f3e av_one_half  avia-builder-el-39  el_after_av_one_full  el_before_av_one_half  first flex_column_div  column-top-margin'     ><div  class='avia-button-wrap av-l5qp3aoh-25ac7109bb3b0b5d4c399fa53f408ce6-wrap avia-button-center  avia-builder-el-40  avia-builder-el-no-sibling '>\n<style type=\"text\/css\" data-created_by=\"avia_inline_auto\" id=\"style-css-av-l5qp3aoh-25ac7109bb3b0b5d4c399fa53f408ce6\">\n#top #wrap_all .avia-button.av-l5qp3aoh-25ac7109bb3b0b5d4c399fa53f408ce6{\nborder-radius:20px 20px 20px 20px;\ntransition:all 0.4s ease-in-out;\n}\n#top #wrap_all.avia-button.av-l5qp3aoh-25ac7109bb3b0b5d4c399fa53f408ce6:hover .avia_button_background{\nborder-radius:20px 20px 20px 20px;\n}\n<\/style>\n<a href=''  class='avia-button av-l5qp3aoh-25ac7109bb3b0b5d4c399fa53f408ce6 av-link-btn avia-icon_select-no avia-size-x-large avia-position-center avia-color-theme-color-highlight'   aria-label=\"ZJISTIT V\u00cdCE O INTERAKTIVN\u00cd PODPO\u0158E\"><span class='avia_iconbox_title' >ZJISTIT V\u00cdCE O INTERAKTIVN\u00cd PODPO\u0158E<\/span><\/a><\/div><\/div>\n<div  class='flex_column av-2brpss-5cff27314130e6882baedc356fd66b6b av_one_half  avia-builder-el-41  el_after_av_one_half  avia-builder-el-last  flex_column_div  column-top-margin'     ><div  class='avia-button-wrap av-l5qp3qa5-7c38f0b0b9d65eb9fd02f6c240cd3854-wrap avia-button-center  avia-builder-el-42  avia-builder-el-no-sibling '>\n<style type=\"text\/css\" data-created_by=\"avia_inline_auto\" id=\"style-css-av-l5qp3qa5-7c38f0b0b9d65eb9fd02f6c240cd3854\">\n#top #wrap_all .avia-button.av-l5qp3qa5-7c38f0b0b9d65eb9fd02f6c240cd3854{\nborder-radius:20px 20px 20px 20px;\ntransition:all 0.4s ease-in-out;\n}\n#top #wrap_all.avia-button.av-l5qp3qa5-7c38f0b0b9d65eb9fd02f6c240cd3854:hover .avia_button_background{\nborder-radius:20px 20px 20px 20px;\n}\n<\/style>\n<a href='https:\/\/api.izzi.digital\/preview\/page\/244668?token=256088ab5705b52abb7200eb9ffdf19e'  class='avia-button av-l5qp3qa5-7c38f0b0b9d65eb9fd02f6c240cd3854 av-link-btn avia-icon_select-no avia-size-x-large avia-position-center avia-color-theme-color-highlight'  target=\"_blank\"  rel=\"noopener noreferrer\"  aria-label=\"VYZKOU\u0160ET LEKCI INTERAKTIVN\u00cd PODPORY ZDARMA\"><span class='avia_iconbox_title' >VYZKOU\u0160ET LEKCI INTERAKTIVN\u00cd PODPORY ZDARMA<\/span><\/a><\/div><\/div>\n","protected":false},"excerpt":{"rendered":"","protected":false},"author":4,"featured_media":0,"parent":0,"menu_order":0,"comment_status":"closed","ping_status":"closed","template":"","meta":{"footnotes":""},"class_list":["post-1276","page","type-page","status-publish","hentry"],"_links":{"self":[{"href":"https:\/\/klett.cz\/funpark\/wp-json\/wp\/v2\/pages\/1276","targetHints":{"allow":["GET"]}}],"collection":[{"href":"https:\/\/klett.cz\/funpark\/wp-json\/wp\/v2\/pages"}],"about":[{"href":"https:\/\/klett.cz\/funpark\/wp-json\/wp\/v2\/types\/page"}],"author":[{"embeddable":true,"href":"https:\/\/klett.cz\/funpark\/wp-json\/wp\/v2\/users\/4"}],"replies":[{"embeddable":true,"href":"https:\/\/klett.cz\/funpark\/wp-json\/wp\/v2\/comments?post=1276"}],"version-history":[{"count":21,"href":"https:\/\/klett.cz\/funpark\/wp-json\/wp\/v2\/pages\/1276\/revisions"}],"predecessor-version":[{"id":1518,"href":"https:\/\/klett.cz\/funpark\/wp-json\/wp\/v2\/pages\/1276\/revisions\/1518"}],"wp:attachment":[{"href":"https:\/\/klett.cz\/funpark\/wp-json\/wp\/v2\/media?parent=1276"}],"curies":[{"name":"wp","href":"https:\/\/api.w.org\/{rel}","templated":true}]}}