{"id":39,"date":"2018-10-11T10:47:41","date_gmt":"2018-10-11T08:47:41","guid":{"rendered":"https:\/\/klett.cz\/kmi\/?page_id=39"},"modified":"2019-06-25T11:48:56","modified_gmt":"2019-06-25T09:48:56","slug":"dleicht","status":"publish","type":"page","link":"https:\/\/klett.cz\/dleicht\/dleicht\/","title":{"rendered":"d.leicht"},"content":{"rendered":"\n<style type=\"text\/css\" data-created_by=\"avia_inline_auto\" id=\"style-css-av-av_one_full-15d750bd1b332b34c6e70b077ebbccdf\">\n.flex_column.av-av_one_full-15d750bd1b332b34c6e70b077ebbccdf{\nborder-radius:0px 0px 0px 0px;\npadding:0px 0px 0px 0px;\n}\n<\/style>\n<div  class='flex_column av-av_one_full-15d750bd1b332b34c6e70b077ebbccdf av_one_full  avia-builder-el-0  el_before_av_one_full  avia-builder-el-first  first flex_column_div av-zero-column-padding  '     ><style type=\"text\/css\" data-created_by=\"avia_inline_auto\" id=\"style-css-av-av_image-7669a310388c4ff029ab8f88c9dab96f\">\n.avia-image-container.av-av_image-7669a310388c4ff029ab8f88c9dab96f img.avia_image{\nbox-shadow:none;\n}\n.avia-image-container.av-av_image-7669a310388c4ff029ab8f88c9dab96f .av-image-caption-overlay-center{\ncolor:#ffffff;\n}\n<\/style>\n<div  class='avia-image-container av-av_image-7669a310388c4ff029ab8f88c9dab96f av-styling- avia-align-center  avia-builder-el-1  avia-builder-el-no-sibling '   itemprop=\"image\" itemscope=\"itemscope\" itemtype=\"https:\/\/schema.org\/ImageObject\" ><div class=\"avia-image-container-inner\"><div class=\"avia-image-overlay-wrap\"><img fetchpriority=\"high\" class='wp-image-225 avia-img-lazy-loading-not-225 avia_image ' src='https:\/\/klett.cz\/dleicht\/wp-content\/uploads\/02_uvodni-obrazek_4ucebnice.png' alt='' title='d.leicht - u\u010debnice'  height=\"1210\" width=\"3159\"  itemprop=\"thumbnailUrl\"  \/><\/div><\/div><\/div><\/div>\n\n<style type=\"text\/css\" data-created_by=\"avia_inline_auto\" id=\"style-css-av-av_one_full-15d750bd1b332b34c6e70b077ebbccdf\">\n.flex_column.av-av_one_full-15d750bd1b332b34c6e70b077ebbccdf{\nborder-radius:0px 0px 0px 0px;\npadding:0px 0px 0px 0px;\n}\n<\/style>\n<div  class='flex_column av-av_one_full-15d750bd1b332b34c6e70b077ebbccdf av_one_full  avia-builder-el-2  el_after_av_one_full  el_before_av_one_full  first flex_column_div av-zero-column-padding  column-top-margin'     ><section  class='av_textblock_section av-av_textblock-2de302bf1aa3cf4c9157dbe6f50ac7eb '   itemscope=\"itemscope\" itemtype=\"https:\/\/schema.org\/CreativeWork\" ><div class='avia_textblock'  itemprop=\"text\" ><h1 style=\"text-align: center;\">Seznamte se s d.leicht<\/h1>\n<p style=\"text-align: center;\">d.leicht je nov\u00e1 v\u00fdukov\u00e1 sada u\u010debnic n\u011bm\u010diny pro st\u0159edn\u00ed \u0161koly. U\u010debnice d.leicht byly inspirov\u00e1ny obl\u00edben\u00fdmi u\u010debnicemi Direkt neu, ale na rozd\u00edl od nich se vyzna\u010duj\u00ed m\u00edrn\u011bj\u0161\u00ed gramatickou progres\u00ed a ni\u017e\u0161\u00ed slovn\u00ed z\u00e1sobou. Novinkou v t\u00e9to sad\u011b jsou \u00falohy typu \u201eBinnendifferenzierung\u201c, kter\u00e9 usnadn\u00ed vyu\u010duj\u00edc\u00edm pr\u00e1ci s heterogenn\u00ed skupinou \u017e\u00e1k\u016f.<\/p>\n<\/div><\/section><\/div>\n\n<style type=\"text\/css\" data-created_by=\"avia_inline_auto\" id=\"style-css-av-av_one_full-15d750bd1b332b34c6e70b077ebbccdf\">\n.flex_column.av-av_one_full-15d750bd1b332b34c6e70b077ebbccdf{\nborder-radius:0px 0px 0px 0px;\npadding:0px 0px 0px 0px;\n}\n<\/style>\n<div  class='flex_column av-av_one_full-15d750bd1b332b34c6e70b077ebbccdf av_one_full  avia-builder-el-4  el_after_av_one_full  el_before_av_hr  first flex_column_div av-zero-column-padding  column-top-margin'     ><style type=\"text\/css\" data-created_by=\"avia_inline_auto\" id=\"style-css-av-av_image-c247ac6efeefd5c606e1370e596ef3e0\">\n.avia-image-container.av-av_image-c247ac6efeefd5c606e1370e596ef3e0 img.avia_image{\nbox-shadow:none;\n}\n.avia-image-container.av-av_image-c247ac6efeefd5c606e1370e596ef3e0 .av-image-caption-overlay-center{\ncolor:#ffffff;\n}\n<\/style>\n<div  class='avia-image-container av-av_image-c247ac6efeefd5c606e1370e596ef3e0 av-styling- avia-align-center  avia-builder-el-5  avia-builder-el-no-sibling '   itemprop=\"image\" itemscope=\"itemscope\" itemtype=\"https:\/\/schema.org\/ImageObject\" ><div class=\"avia-image-container-inner\"><div class=\"avia-image-overlay-wrap\"><img fetchpriority=\"high\" class='wp-image-229 avia-img-lazy-loading-not-229 avia_image ' src='https:\/\/klett.cz\/dleicht\/wp-content\/uploads\/12_1dil-ucebnice_barevne_men.png' alt='' title='d.leicht - u\u010debnice 1. d\u00edl'  height=\"631\" width=\"700\"  itemprop=\"thumbnailUrl\"  \/><\/div><\/div><\/div><\/div>\n\n<style type=\"text\/css\" data-created_by=\"avia_inline_auto\" id=\"style-css-av-av_hr-f095e8c6caff2957f7b0f5952509c362\">\n#top .hr.hr-invisible.av-av_hr-f095e8c6caff2957f7b0f5952509c362{\nheight:80px;\n}\n<\/style>\n<div  class='hr av-av_hr-f095e8c6caff2957f7b0f5952509c362 hr-invisible  avia-builder-el-6  el_after_av_one_full  el_before_av_one_full '><span class='hr-inner '><span class=\"hr-inner-style\"><\/span><\/span><\/div>\n\n<style type=\"text\/css\" data-created_by=\"avia_inline_auto\" id=\"style-css-av-av_one_full-15d750bd1b332b34c6e70b077ebbccdf\">\n.flex_column.av-av_one_full-15d750bd1b332b34c6e70b077ebbccdf{\nborder-radius:0px 0px 0px 0px;\npadding:0px 0px 0px 0px;\n}\n<\/style>\n<div  class='flex_column av-av_one_full-15d750bd1b332b34c6e70b077ebbccdf av_one_full  avia-builder-el-7  el_after_av_hr  el_before_av_hr  first flex_column_div av-zero-column-padding  '     ><section  class='av_textblock_section av-av_textblock-2de302bf1aa3cf4c9157dbe6f50ac7eb '   itemscope=\"itemscope\" itemtype=\"https:\/\/schema.org\/CreativeWork\" ><div class='avia_textblock'  itemprop=\"text\" ><h2 style=\"text-align: center;\">Co v\u00e1s \u010dek\u00e1 s v\u00fdukovou sadou d.leicht?<\/h2>\n<h3 style=\"text-align: center;\">Interaktivn\u00ed u\u010debnice a pracovn\u00ed se\u0161it<\/h3>\n<p style=\"text-align: center;\">Vytvo\u0159ili jsme pln\u011b interaktivn\u00ed u\u010debnici a pracovn\u00ed se\u0161it. Interaktivn\u00ed v\u00fduka je velmi praktick\u00e1, p\u0159i dom\u00e1c\u00ed p\u0159\u00edprav\u011b m\u00e1 i funkci motiva\u010dn\u00ed a z\u00e1bavnou. Studenti si tak na sv\u00fdch telefonech, tabletech \u010di po\u010d\u00edta\u010d\u00edch mohou znovu pustit audia, videa a z\u00e1bavou formou procvi\u010dit l\u00e1tku \u010di natr\u00e9novat spr\u00e1vnou v\u00fdslovnost.<\/p>\n<h3 style=\"text-align: center;\">M\u00edrn\u00e1 progrese a d\u016fraz na komunikaci<\/h3>\n<p style=\"text-align: center;\">Stejn\u011b jako u\u010debnice Direkt interaktiv obsahuje tato v\u00fdukov\u00e1 sada systematickou gramatiku, vysv\u011btlen\u00ed v \u010de\u0161tin\u011b a \u00falohy zam\u011b\u0159en\u00e9 na komunikaci. Na rozd\u00edl od Direkt interaktiv se d.leicht vyzna\u010duje m\u00edrn\u011bj\u0161\u00ed gramatickou progres\u00ed a ni\u017e\u0161\u00ed slovn\u00ed z\u00e1sobou. Klade d\u016fraz na porozum\u011bn\u00ed sly\u0161en\u00e9mu, pr\u00e1ci s fotkami, obr\u00e1zky, videem, komiksy a zapojuje \u017e\u00e1ka aktivn\u011b do v\u00fduky.<\/p>\n<h3 style=\"text-align: center;\">Vnit\u0159n\u00ed diferenciace<\/h3>\n<p style=\"text-align: center;\">V\u00fdukov\u00e1 sada d.leicht obsahuje \u00falohy, kter\u00e9 usnad\u0148uj\u00ed pr\u00e1ci s\u00a0heterogenn\u00ed skupinou \u017e\u00e1k\u016f. Jedn\u00e1 se o nab\u00eddku v\u00edce \u00faloh k\u00a0jednomu t\u00e9matu\/jevu. \u017d\u00e1ci si mohou vybrat, kter\u00e1 \u00faloha se jim bude l\u00e9pe zpracov\u00e1vat. Jedn\u00e1 se o \u00falohy s\u00a0rozd\u00edlnou obt\u00ed\u017enost\u00ed, mnohdy je v\u0161ak tak\u00e9 na v\u00fdb\u011br zp\u016fsob zpracov\u00e1n\u00ed (\u00fastn\u011b, p\u00edsemn\u011b, ve dvojic\u00edch, samostatn\u011b).<\/p>\n<h3 style=\"text-align: center;\">Tematick\u00e9 zam\u011b\u0159en\u00ed jednotliv\u00fdch lekc\u00ed<\/h3>\n<p style=\"text-align: center;\">P\u0159izp\u016fsobili jsme u\u010debnice tak, aby byly maxim\u00e1ln\u011b praktick\u00e9, pou\u017eiteln\u00e9 a zaj\u00edmav\u00e9 pro c\u00edlovou skupinu mlad\u00fdch lid\u00ed. T\u00e9mata reflektuj\u00ed sou\u010dasn\u00e9 zm\u011bny ve sv\u011bt\u011b a jsou zpracov\u00e1na srozumitelnou formou.<\/p>\n<h3 style=\"text-align: center;\">Gramatika<\/h3>\n<p style=\"text-align: center;\">Pot\u0159ebn\u00fd objem gramatiky jsme rozd\u011blili tak, aby uveden\u00ed nov\u00e9 lekce bylo p\u0159irozen\u00e9 a doch\u00e1zelo k plynul\u00e9 progresi \u017e\u00e1k\u016f. U\u010debnice obsahuje gramatick\u00e9 r\u00e1me\u010dky, do kter\u00fdch si \u017e\u00e1ci sami dopl\u0148uj\u00ed na z\u00e1klad\u011b vyvozen\u00ed z text\u016f. Za ka\u017edou lekc\u00ed je systematick\u00fd gramatick\u00fd p\u0159ehled s\u00a0p\u0159\u00edkladov\u00fdmi v\u011btami a vysv\u011btlen\u00edm v\u00a0\u010de\u0161tin\u011b. U\u010debnice zahrnuje z\u00e1v\u011bre\u010dn\u00fd gramatick\u00fd p\u0159ehled v\u00a0tabulk\u00e1ch.<\/p>\n<\/div><\/section><br \/>\n\n<style type=\"text\/css\" data-created_by=\"avia_inline_auto\" id=\"style-css-av-av_image-25d8bf334398b7d893b129ee16837d58\">\n.avia-image-container.av-av_image-25d8bf334398b7d893b129ee16837d58 img.avia_image{\nbox-shadow:none;\n}\n.avia-image-container.av-av_image-25d8bf334398b7d893b129ee16837d58 .av-image-caption-overlay-center{\ncolor:#ffffff;\n}\n<\/style>\n<div  class='avia-image-container av-av_image-25d8bf334398b7d893b129ee16837d58 av-styling-circle avia-align-center  avia-builder-el-9  el_after_av_textblock  el_before_av_textblock '   itemprop=\"image\" itemscope=\"itemscope\" itemtype=\"https:\/\/schema.org\/ImageObject\" ><div class=\"avia-image-container-inner\"><div class=\"avia-image-overlay-wrap\"><img fetchpriority=\"high\" class='wp-image-241 avia-img-lazy-loading-not-241 avia_image ' src='https:\/\/klett.cz\/dleicht\/wp-content\/uploads\/11_Komiks-obrazek_men.png' alt='' title='Obr\u00e1zek_komiks'  height=\"277\" width=\"500\"  itemprop=\"thumbnailUrl\"  \/><\/div><\/div><\/div><br \/>\n<section  class='av_textblock_section av-av_textblock-2de302bf1aa3cf4c9157dbe6f50ac7eb '   itemscope=\"itemscope\" itemtype=\"https:\/\/schema.org\/CreativeWork\" ><div class='avia_textblock'  itemprop=\"text\" ><h3 style=\"text-align: center;\">Re\u00e1ln\u00ed hrdinov\u00e9<\/h3>\n<p>Ka\u017edou u\u010debnic\u00ed voln\u011b prol\u00edn\u00e1 p\u0159\u00edb\u011bh skupiny mlad\u00fdch lid\u00ed v\u00a0n\u011bmecky mluv\u00edc\u00edch zem\u00edch. S\u00a0hrdiny se setk\u00e1v\u00e1me zejm\u00e9na v\u00a0komiksech a ve vide\u00edch, ale ji na jin\u00fdch m\u00edstech v\u00a0u\u010debnici. Pom\u00e1haj\u00ed zapojit re\u00e1lie a zprost\u0159edkovat \u017e\u00e1k\u016fm kulturn\u00ed kontext nen\u00e1silnou formou.<\/p>\n<h3 style=\"text-align: center;\">Video<\/h3>\n<p style=\"text-align: center;\">Ke ka\u017ed\u00e9 lekci jsme vytvo\u0159ili z\u00e1bavn\u00e1 didaktick\u00e1 videa s\u00a0hrdiny, kter\u00e9 \u017e\u00e1ci ji\u017e znaj\u00ed z\u00a0komiks\u016f jednotliv\u00fdch lekc\u00ed. Slou\u017e\u00ed k zopakov\u00e1n\u00ed l\u00e1tky dan\u00e9 lekce, ale tak\u00e9 jako d\u016fle\u017eit\u00fd motiva\u010dn\u00ed prost\u0159edek pro \u017e\u00e1ky. Videa jsou k dispozici s titulky nebo bez titulk\u016f. Jejich pou\u017eit\u00ed ve v\u00fduce z\u00e1vis\u00ed pln\u011b na rozhodnut\u00ed u\u010ditele (v u\u010debnici maj\u00ed videa sv\u00e9 vyhrazen\u00e9 m\u00edsto, v\u00a0metodick\u00e9 p\u0159\u00edru\u010dce je pak pops\u00e1na kompletn\u00ed pr\u00e1ce s\u00a0videi, v\u010d. didaktick\u00fdch tip\u016f a dal\u0161\u00edch pracovn\u00edch list\u016f).<\/p>\n<h3 style=\"text-align: center;\">Audio<\/h3>\n<p style=\"text-align: center;\">K\u00a0jednotliv\u00fdm lekc\u00edm jsou k\u00a0dispozici MP3 nahr\u00e1vky na CD, je\u017e je sou\u010d\u00e1st\u00ed ka\u017ed\u00e9 u\u010debnice d.leicht.<\/p>\n<h3 style=\"text-align: center;\">Modern\u00ed grafick\u00fd design<\/h3>\n<p style=\"text-align: center;\">P\u0159izp\u016fsobili jsme design c\u00edlov\u00e9 skupin\u011b teenager\u016f. Krom\u011b ilustrac\u00ed a fotografi\u00ed je sou\u010d\u00e1st\u00ed u\u010debnic tak\u00e9 komiks, kter\u00fd pom\u00e1h\u00e1 upevnit probranou l\u00e1tku z\u00e1bavnou formou.<\/p>\n<h3 style=\"text-align: center;\">Metodick\u00e1 p\u0159\u00edru\u010dka<\/h3>\n<p style=\"text-align: center;\">Metodick\u00e1 p\u0159\u00edru\u010dka obsahuje DVD s\u00a0video nahr\u00e1vkami, metodick\u00e9 pokyny, transkripce, v\u00fdsledky v\u0161ech cvi\u010den\u00ed z\u00a0u\u010debnice i pracovn\u00edho se\u0161itu a velk\u00e9 mno\u017estv\u00ed kop\u00edrovateln\u00fdch p\u0159edloh ke ka\u017ed\u00e9 lekci.<\/p>\n<\/div><\/section><\/p><\/div>\n<style type=\"text\/css\" data-created_by=\"avia_inline_auto\" id=\"style-css-av-av_hr-f095e8c6caff2957f7b0f5952509c362\">\n#top .hr.hr-invisible.av-av_hr-f095e8c6caff2957f7b0f5952509c362{\nheight:80px;\n}\n<\/style>\n<div  class='hr av-av_hr-f095e8c6caff2957f7b0f5952509c362 hr-invisible  avia-builder-el-11  el_after_av_one_full  el_before_av_one_full '><span class='hr-inner '><span class=\"hr-inner-style\"><\/span><\/span><\/div><\/p>\n\n<style type=\"text\/css\" data-created_by=\"avia_inline_auto\" id=\"style-css-av-av_one_full-15d750bd1b332b34c6e70b077ebbccdf\">\n.flex_column.av-av_one_full-15d750bd1b332b34c6e70b077ebbccdf{\nborder-radius:0px 0px 0px 0px;\npadding:0px 0px 0px 0px;\n}\n<\/style>\n<div  class='flex_column av-av_one_full-15d750bd1b332b34c6e70b077ebbccdf av_one_full  avia-builder-el-12  el_after_av_hr  el_before_av_one_half  first flex_column_div av-zero-column-padding  '     ><section  class='av_textblock_section av-av_textblock-2de302bf1aa3cf4c9157dbe6f50ac7eb '   itemscope=\"itemscope\" itemtype=\"https:\/\/schema.org\/CreativeWork\" ><div class='avia_textblock'  itemprop=\"text\" ><h2 style=\"text-align: center;\">Struktura u\u010debnice a pracovn\u00edho se\u0161itu d.leicht<\/h2>\n<\/div><\/section><\/div>\n\n<style type=\"text\/css\" data-created_by=\"avia_inline_auto\" id=\"style-css-av-av_one_half-15d750bd1b332b34c6e70b077ebbccdf\">\n.flex_column.av-av_one_half-15d750bd1b332b34c6e70b077ebbccdf{\nborder-radius:0px 0px 0px 0px;\npadding:0px 0px 0px 0px;\n}\n<\/style>\n<div  class='flex_column av-av_one_half-15d750bd1b332b34c6e70b077ebbccdf av_one_half  avia-builder-el-14  el_after_av_one_full  el_before_av_one_half  first flex_column_div av-zero-column-padding  column-top-margin'     ><style type=\"text\/css\" data-created_by=\"avia_inline_auto\" id=\"style-css-av-av_image-63612d4f115de9e95dc5746208a7ca8d\">\n.avia-image-container.av-av_image-63612d4f115de9e95dc5746208a7ca8d img.avia_image{\nbox-shadow:none;\n}\n.avia-image-container.av-av_image-63612d4f115de9e95dc5746208a7ca8d .av-image-caption-overlay-center{\ncolor:#ffffff;\n}\n<\/style>\n<div  class='avia-image-container av-av_image-63612d4f115de9e95dc5746208a7ca8d av-styling- avia-align-center  avia-builder-el-15  avia-builder-el-no-sibling '   itemprop=\"image\" itemscope=\"itemscope\" itemtype=\"https:\/\/schema.org\/ImageObject\" ><div class=\"avia-image-container-inner\"><div class=\"avia-image-overlay-wrap\"><img fetchpriority=\"high\" class='wp-image-228 avia-img-lazy-loading-not-228 avia_image ' src='https:\/\/klett.cz\/dleicht\/wp-content\/uploads\/06_ucebnice_str70-71_BEZpozadi-1030x687.png' alt='' title='D.leich 1 - otev\u0159en\u00e1 u\u010debnice'  height=\"687\" width=\"1030\"  itemprop=\"thumbnailUrl\"  \/><\/div><\/div><\/div><\/div>\n\n<style type=\"text\/css\" data-created_by=\"avia_inline_auto\" id=\"style-css-av-av_one_half-c8fc129dc35fd1ae2a1e410224d39ea8\">\n.flex_column.av-av_one_half-c8fc129dc35fd1ae2a1e410224d39ea8{\nborder-radius:0px 0px 0px 0px;\npadding:0px 0px 0px 0px;\n}\n<\/style>\n<div  class='flex_column av-av_one_half-c8fc129dc35fd1ae2a1e410224d39ea8 av_one_half  avia-builder-el-16  el_after_av_one_half  el_before_av_one_half  flex_column_div av-zero-column-padding  column-top-margin'     ><style type=\"text\/css\" data-created_by=\"avia_inline_auto\" id=\"style-css-av-av_image-7773a128d6b978db961e03c03a209f35\">\n.avia-image-container.av-av_image-7773a128d6b978db961e03c03a209f35 img.avia_image{\nbox-shadow:none;\n}\n.avia-image-container.av-av_image-7773a128d6b978db961e03c03a209f35 .av-image-caption-overlay-center{\ncolor:#ffffff;\n}\n<\/style>\n<div  class='avia-image-container av-av_image-7773a128d6b978db961e03c03a209f35 av-styling- avia-align-center  avia-builder-el-17  avia-builder-el-no-sibling '   itemprop=\"image\" itemscope=\"itemscope\" itemtype=\"https:\/\/schema.org\/ImageObject\" ><div class=\"avia-image-container-inner\"><div class=\"avia-image-overlay-wrap\"><img fetchpriority=\"high\" class='wp-image-227 avia-img-lazy-loading-not-227 avia_image ' src='https:\/\/klett.cz\/dleicht\/wp-content\/uploads\/05_ucebnice_str116-117_BEZpozadi-1030x687.png' alt='' title='D.leicht 1 - pracovn\u00ed se\u0161it'  height=\"687\" width=\"1030\"  itemprop=\"thumbnailUrl\"  \/><\/div><\/div><\/div><\/div>\n\n<style type=\"text\/css\" data-created_by=\"avia_inline_auto\" id=\"style-css-av-av_one_half-15d750bd1b332b34c6e70b077ebbccdf\">\n.flex_column.av-av_one_half-15d750bd1b332b34c6e70b077ebbccdf{\nborder-radius:0px 0px 0px 0px;\npadding:0px 0px 0px 0px;\n}\n<\/style>\n<div  class='flex_column av-av_one_half-15d750bd1b332b34c6e70b077ebbccdf av_one_half  avia-builder-el-18  el_after_av_one_half  el_before_av_one_half  first flex_column_div av-zero-column-padding  column-top-margin'     ><section  class='av_textblock_section av-av_textblock-2de302bf1aa3cf4c9157dbe6f50ac7eb '   itemscope=\"itemscope\" itemtype=\"https:\/\/schema.org\/CreativeWork\" ><div class='avia_textblock'  itemprop=\"text\" ><h2 style=\"text-align: center;\">Struktura u\u010debnice<\/h2>\n<ul>\n<li>8 lekc\u00ed u\u010debnice a pracovn\u00edho se\u0161itu (d.leicht 1 a d.leicht 2)<\/li>\n<li>6 lekc\u00ed u\u010debnice a pracovn\u00edho se\u0161itu (d.leicht 3 a d.leicht 4)<\/li>\n<li>2 opakovac\u00ed jednotky a 2 testy v\u00a0ka\u017ed\u00e9m svazku<\/li>\n<li>v\u00a0d.leicht 3 a d.leicht 4 Bonusseiten s\u00a0texty nav\u00edc a projekty ke ka\u017ed\u00e9 lekci<\/li>\n<\/ul>\n<p style=\"text-align: center;\"><strong>Ka\u017ed\u00e1 lekce je rozd\u011blena n\u00e1sledovn\u011b: <\/strong><\/p>\n<ul>\n<li>3 uzav\u0159en\u00e9 dvojstrany A, B, C<\/li>\n<li>dvojstrana D zam\u011b\u0159en\u00e1 na fonetiku\/psan\u00ed a z\u00e1bavn\u00e9 opakov\u00e1n\u00ed v\u00a0komiksech a vide\u00edch<\/li>\n<li>dvojstrana s gramatick\u00fdm p\u0159ehledem a slovn\u00ed\u010dkem dle odd\u00edl\u016f lekce<\/li>\n<\/ul>\n<\/div><\/section><\/div>\n\n<style type=\"text\/css\" data-created_by=\"avia_inline_auto\" id=\"style-css-av-av_one_half-c8fc129dc35fd1ae2a1e410224d39ea8\">\n.flex_column.av-av_one_half-c8fc129dc35fd1ae2a1e410224d39ea8{\nborder-radius:0px 0px 0px 0px;\npadding:0px 0px 0px 0px;\n}\n<\/style>\n<div  class='flex_column av-av_one_half-c8fc129dc35fd1ae2a1e410224d39ea8 av_one_half  avia-builder-el-20  el_after_av_one_half  avia-builder-el-last  flex_column_div av-zero-column-padding  column-top-margin'     ><section  class='av_textblock_section av-av_textblock-2de302bf1aa3cf4c9157dbe6f50ac7eb '   itemscope=\"itemscope\" itemtype=\"https:\/\/schema.org\/CreativeWork\" ><div class='avia_textblock'  itemprop=\"text\" ><h2 style=\"text-align: center;\">Struktura pracovn\u00edho se\u0161itu<\/h2>\n<ul>\n<li>velk\u00e9 mno\u017estv\u00ed \u00faloh pro samostatnou pr\u00e1ci<\/li>\n<li>dal\u0161\u00ed audio cvi\u010den\u00ed<\/li>\n<li>d.leicht 1: v lekc\u00edch 1\u20134 dopl\u0148kov\u00e1 fonetick\u00e1 cvi\u010den\u00ed, v lekc\u00edch 5\u20138 \u2013 L\u00fcckentext a k n\u011bmu multiple-choice \u00faloha<\/li>\n<li>d.leicht 3 a d.leicht 4 \u2013 jedna strana v\u011bnov\u00e1na c\u00edlen\u00e9mu opakov\u00e1n\u00ed jazykov\u00fdch a gramatick\u00fdch jev\u016f prob\u00edran\u00fdch v p\u0159edchoz\u00edch d\u00edlech v nov\u00e9m kontextu<\/li>\n<li><em>Letzte Seite <\/em>\u2013 opakov\u00e1n\u00ed u\u010diva formou miniher, projekt\u016f, p\u00edsni\u010dek a pr\u00e1ce s\u00a0internetem<\/li>\n<li>kr\u00e1tk\u00fd autoevalua\u010dn\u00ed test v\u00a0z\u00e1v\u011bru ka\u017ed\u00e9 lekce<\/li>\n<\/ul>\n<\/div><\/section><\/div>\n","protected":false},"excerpt":{"rendered":"","protected":false},"author":2,"featured_media":0,"parent":0,"menu_order":0,"comment_status":"closed","ping_status":"closed","template":"","meta":{"footnotes":""},"class_list":["post-39","page","type-page","status-publish","hentry"],"_links":{"self":[{"href":"https:\/\/klett.cz\/dleicht\/wp-json\/wp\/v2\/pages\/39","targetHints":{"allow":["GET"]}}],"collection":[{"href":"https:\/\/klett.cz\/dleicht\/wp-json\/wp\/v2\/pages"}],"about":[{"href":"https:\/\/klett.cz\/dleicht\/wp-json\/wp\/v2\/types\/page"}],"author":[{"embeddable":true,"href":"https:\/\/klett.cz\/dleicht\/wp-json\/wp\/v2\/users\/2"}],"replies":[{"embeddable":true,"href":"https:\/\/klett.cz\/dleicht\/wp-json\/wp\/v2\/comments?post=39"}],"version-history":[{"count":16,"href":"https:\/\/klett.cz\/dleicht\/wp-json\/wp\/v2\/pages\/39\/revisions"}],"predecessor-version":[{"id":349,"href":"https:\/\/klett.cz\/dleicht\/wp-json\/wp\/v2\/pages\/39\/revisions\/349"}],"wp:attachment":[{"href":"https:\/\/klett.cz\/dleicht\/wp-json\/wp\/v2\/media?parent=39"}],"curies":[{"name":"wp","href":"https:\/\/api.w.org\/{rel}","templated":true}]}}