{"id":33,"date":"2018-10-11T10:46:53","date_gmt":"2018-10-11T08:46:53","guid":{"rendered":"https:\/\/klett.cz\/kmi\/?page_id=33"},"modified":"2021-04-29T16:18:22","modified_gmt":"2021-04-29T14:18:22","slug":"kontakt","status":"publish","type":"page","link":"https:\/\/klett.cz\/dleicht\/kontakt\/","title":{"rendered":"Kontakt"},"content":{"rendered":"<div id='av_section_1'  class='avia-section av-akmvp-c05d20130ad1ea79421eb3994ab78b81 main_color avia-section-default avia-no-border-styling  avia-builder-el-0  el_before_av_section  avia-builder-el-first  avia-bg-style-scroll container_wrap sidebar_right'  ><div class='container av-section-cont-open' ><main  role=\"main\" itemprop=\"mainContentOfPage\"  class='template-page content  av-content-small alpha units'><div class='post-entry post-entry-type-page post-entry-33'><div class='entry-content-wrapper clearfix'>\n<section  class='av_textblock_section av-9pqj9-534638b097cef6b90db13108008a839f '   itemscope=\"itemscope\" itemtype=\"https:\/\/schema.org\/CreativeWork\" ><div class='avia_textblock'  itemprop=\"text\" ><h1 style=\"text-align: center;\">KONTAKTUJTE N\u00c1S<\/h1>\n<\/div><\/section>\n\n<\/div><\/div><\/main><!-- close content main element --><\/div><\/div><div id='av_section_2'  class='avia-section av-3fel-4b0da83212971c18331ba77f6fc74cdf main_color avia-section-no-padding avia-no-border-styling  avia-builder-el-2  el_after_av_section  el_before_av_one_half  avia-bg-style-scroll container_wrap sidebar_right'  ><div class='container av-section-cont-open' ><div class='template-page content  av-content-small alpha units'><div class='post-entry post-entry-type-page post-entry-33'><div class='entry-content-wrapper clearfix'>\n\n<style type=\"text\/css\" data-created_by=\"avia_inline_auto\" id=\"style-css-av-8l2c5-4d6b3aeba5f9fb01cd4f4c297d976758\">\n.flex_column.av-8l2c5-4d6b3aeba5f9fb01cd4f4c297d976758{\nborder-radius:0px 0px 0px 0px;\npadding:0px 0px 0px 0px;\n}\n<\/style>\n<div  class='flex_column av-8l2c5-4d6b3aeba5f9fb01cd4f4c297d976758 av_one_half  avia-builder-el-3  el_before_av_one_half  avia-builder-el-first  first flex_column_div av-zero-column-padding  '     ><form action=\"https:\/\/klett.cz\/dleicht\/kontakt\/\" method=\"post\" data-fields-with-error=\"Found errors in the following field(s):\" class=\"avia_ajax_form av-form-labels-visible   avia-builder-el-4  avia-builder-el-no-sibling  av-custom-form-color av-dark-form \" data-avia-form-id=\"1\" data-avia-redirect='' ><h3 class=''>Napi\u0161te n\u00e1m<\/h3><fieldset><p class='  first_form  form_element form_element_half' id='element_avia_1_1'><label for=\"avia_1_1\">Jm\u00e9no <abbr class=\"required\" title=\"required\">*<\/abbr><\/label> <input name=\"avia_1_1\" class=\"text_input is_empty\" type=\"text\" id=\"avia_1_1\" value=\"\" \/><\/p><p class='  form_element form_element_half' id='element_avia_2_1'><label for=\"avia_2_1\">P\u0159ijmen\u00ed <abbr class=\"required\" title=\"required\">*<\/abbr><\/label> <input name=\"avia_2_1\" class=\"text_input is_empty\" type=\"text\" id=\"avia_2_1\" value=\"\" \/><\/p><p class='  first_form  form_element form_element_half' id='element_avia_3_1'><label for=\"avia_3_1\">E-mail <abbr class=\"required\" title=\"required\">*<\/abbr><\/label> <input name=\"avia_3_1\" class=\"text_input is_empty\" type=\"text\" id=\"avia_3_1\" value=\"\" \/><\/p><p class='  form_element form_element_half' id='element_avia_4_1'><label for=\"avia_4_1\">N\u00e1zev \u0161koly <abbr class=\"required\" title=\"required\">*<\/abbr><\/label> <input name=\"avia_4_1\" class=\"text_input is_empty\" type=\"text\" id=\"avia_4_1\" value=\"\" \/><\/p><p class='  first_form  form_element form_fullwidth av-last-visible-form-element' id='element_avia_5_1'><label for=\"avia_5_1\" class=\"textare_label hidden textare_label_avia_5_1\">Zde napi\u0161te zpr\u00e1vu <abbr class=\"required\" title=\"required\">*<\/abbr><\/label><textarea  name=\"avia_5_1\" class=\"text_area is_empty\" cols=\"40\" rows=\"7\" id=\"avia_5_1\" ><\/textarea><\/p><p class=\"hidden\"><input type=\"text\" name=\"avia_6_1\" class=\"hidden \" id=\"avia_6_1\" value=\"\" \/><\/p><p class=\"form_element \"><input type=\"hidden\" value=\"1\" name=\"avia_generated_form1\" \/><input type=\"submit\" value=\"ODESLAT\" class=\"button\"  data-sending-label=\"Sending\"\/><\/p><\/fieldset><\/form><div id=\"ajaxresponse_1\" class=\"ajaxresponse ajaxresponse_1 hidden\"><\/div><\/div>\n<style type=\"text\/css\" data-created_by=\"avia_inline_auto\" id=\"style-css-av-48omp-dd42affae534e4cb442f78d7c10f81ce\">\n.flex_column.av-48omp-dd42affae534e4cb442f78d7c10f81ce{\nborder-radius:0px 0px 0px 0px;\npadding:0px 0px 0px 0px;\n}\n<\/style>\n<div  class='flex_column av-48omp-dd42affae534e4cb442f78d7c10f81ce av_one_half  avia-builder-el-5  el_after_av_one_half  avia-builder-el-last  flex_column_div av-zero-column-padding  '     ><p>\n<style type=\"text\/css\" data-created_by=\"avia_inline_auto\" id=\"style-css-av-3z5f5-1f124112a979b5cdbbe344eff1ab5e43\">\n#top .hr.av-3z5f5-1f124112a979b5cdbbe344eff1ab5e43{\nmargin-top:30px;\nmargin-bottom:30px;\n}\n.hr.av-3z5f5-1f124112a979b5cdbbe344eff1ab5e43 .hr-inner{\nwidth:50px;\nborder-color:#ffffff;\n}\n<\/style>\n<div  class='hr av-3z5f5-1f124112a979b5cdbbe344eff1ab5e43 hr-custom  avia-builder-el-6  el_before_av_image  avia-builder-el-first  hr-center hr-icon-no'><span class='hr-inner inner-border-av-border-thin'><span class=\"hr-inner-style\"><\/span><\/span><\/div><br \/>\n\n<style type=\"text\/css\" data-created_by=\"avia_inline_auto\" id=\"style-css-av-3hoy5-08949268ba7969fe005e8f32ff7df3c0\">\n.avia-image-container.av-3hoy5-08949268ba7969fe005e8f32ff7df3c0 img.avia_image{\nbox-shadow:none;\n}\n.avia-image-container.av-3hoy5-08949268ba7969fe005e8f32ff7df3c0 .av-image-caption-overlay-center{\ncolor:#ffffff;\n}\n<\/style>\n<div  class='avia-image-container av-3hoy5-08949268ba7969fe005e8f32ff7df3c0 av-styling- avia-align-center  avia-builder-el-7  el_after_av_hr  avia-builder-el-last '   itemprop=\"image\" itemscope=\"itemscope\" itemtype=\"https:\/\/schema.org\/ImageObject\" ><div class=\"avia-image-container-inner\"><div class=\"avia-image-overlay-wrap\"><img fetchpriority=\"high\" class='wp-image-263 avia-img-lazy-loading-not-263 avia_image ' src='https:\/\/klett.cz\/dleicht\/wp-content\/uploads\/11_Komiks-obrazek03_men.png' alt='' title='Obr\u00e1zek - komiks'  height=\"609\" width=\"1100\"  itemprop=\"thumbnailUrl\"  \/><\/div><\/div><\/div><\/p><\/div><\/div><\/div><\/div><!-- close content main div --><\/div><\/div><div id='after_section_2'  class='main_color av_default_container_wrap container_wrap sidebar_right'  ><div class='container av-section-cont-open' ><div class='template-page content  av-content-small alpha units'><div class='post-entry post-entry-type-page post-entry-33'><div class='entry-content-wrapper clearfix'>\n<style type=\"text\/css\" data-created_by=\"avia_inline_auto\" id=\"style-css-av-9jgt-05d5d84d3f9d9f4d46960d34926216ed\">\n.flex_column.av-9jgt-05d5d84d3f9d9f4d46960d34926216ed{\nborder-radius:0px 0px 0px 0px;\npadding:0px 0px 0px 0px;\n}\n<\/style>\n<div  class='flex_column av-9jgt-05d5d84d3f9d9f4d46960d34926216ed av_one_half  avia-builder-el-8  el_after_av_section  el_before_av_one_half  avia-builder-el-first  first flex_column_div av-zero-column-padding  '     ><section  class='av_textblock_section av-1wmxp-6378c3eb4ecd77327ebf0d747fca5af1 '   itemscope=\"itemscope\" itemtype=\"https:\/\/schema.org\/CreativeWork\" ><div class='avia_textblock'  itemprop=\"text\" ><p><strong>Klett nakladatelstv\u00ed s.r.o.<\/strong><br \/>\nJi\u010d\u00ednsk\u00e1 2348\/10<br \/>\n130 00 Praha 3 \u2013 Vinohrady<\/p>\n<p><strong>E-mail: <a href=\"mailto:info@klett.cz\">info@klett.cz<\/a><\/strong><br \/>\n<strong>Telefon: +420 233 084 110<\/strong><\/p>\n<\/div><\/section><\/div><\/p>\n\n<style type=\"text\/css\" data-created_by=\"avia_inline_auto\" id=\"style-css-av-1oj9p-ce8b9eead92458d072f765e722b3ad9d\">\n.flex_column.av-1oj9p-ce8b9eead92458d072f765e722b3ad9d{\nborder-radius:0px 0px 0px 0px;\npadding:0px 0px 0px 0px;\n}\n<\/style>\n<div  class='flex_column av-1oj9p-ce8b9eead92458d072f765e722b3ad9d av_one_half  avia-builder-el-10  el_after_av_one_half  avia-builder-el-last  flex_column_div av-zero-column-padding  '     ><section  class='av_textblock_section av-1473d-839f945a6251319d3df908c730ccc1ff '   itemscope=\"itemscope\" itemtype=\"https:\/\/schema.org\/CreativeWork\" ><div class='avia_textblock'  itemprop=\"text\" ><p><iframe loading=\"lazy\" style=\"border: 0;\" src=\"https:\/\/www.google.com\/maps\/embed?pb=!1m18!1m12!1m3!1d223.9743919042972!2d14.46108852841277!3d50.0775854721035!2m3!1f0!2f0!3f0!3m2!1i1024!2i768!4f13.1!3m3!1m2!1s0x470b92f2a6496065%3A0x4e9a5bc1ec141933!2sKlett+Nakladatelstv%C3%AD+S.r.o.!5e0!3m2!1sen!2scz!4v1516778676980\" width=\"400\" height=\"300\" frameborder=\"0\" allowfullscreen=\"allowfullscreen\"><\/iframe><\/p>\n<\/div><\/section><\/div>\n","protected":false},"excerpt":{"rendered":"","protected":false},"author":2,"featured_media":0,"parent":0,"menu_order":0,"comment_status":"closed","ping_status":"closed","template":"","meta":{"footnotes":""},"class_list":["post-33","page","type-page","status-publish","hentry"],"_links":{"self":[{"href":"https:\/\/klett.cz\/dleicht\/wp-json\/wp\/v2\/pages\/33","targetHints":{"allow":["GET"]}}],"collection":[{"href":"https:\/\/klett.cz\/dleicht\/wp-json\/wp\/v2\/pages"}],"about":[{"href":"https:\/\/klett.cz\/dleicht\/wp-json\/wp\/v2\/types\/page"}],"author":[{"embeddable":true,"href":"https:\/\/klett.cz\/dleicht\/wp-json\/wp\/v2\/users\/2"}],"replies":[{"embeddable":true,"href":"https:\/\/klett.cz\/dleicht\/wp-json\/wp\/v2\/comments?post=33"}],"version-history":[{"count":9,"href":"https:\/\/klett.cz\/dleicht\/wp-json\/wp\/v2\/pages\/33\/revisions"}],"predecessor-version":[{"id":400,"href":"https:\/\/klett.cz\/dleicht\/wp-json\/wp\/v2\/pages\/33\/revisions\/400"}],"wp:attachment":[{"href":"https:\/\/klett.cz\/dleicht\/wp-json\/wp\/v2\/media?parent=33"}],"curies":[{"name":"wp","href":"https:\/\/api.w.org\/{rel}","templated":true}]}}