{"id":2,"date":"2018-04-25T18:25:53","date_gmt":"2018-04-25T16:25:53","guid":{"rendered":"http:\/\/klett.cz\/maximalinteraktiv\/?page_id=2"},"modified":"2022-02-18T09:24:03","modified_gmt":"2022-02-18T08:24:03","slug":"zkusebni-stranka","status":"publish","type":"page","link":"https:\/\/klett.cz\/dleicht\/","title":{"rendered":"Dom\u016f"},"content":{"rendered":"\n<style type=\"text\/css\" data-created_by=\"avia_inline_auto\" id=\"style-css-av-lrrw-4ace95ac37659a9aecb8c1726448ef58\">\n.avia-image-container.av-lrrw-4ace95ac37659a9aecb8c1726448ef58 img.avia_image{\nbox-shadow:none;\n}\n.avia-image-container.av-lrrw-4ace95ac37659a9aecb8c1726448ef58 .av-image-caption-overlay-center{\ncolor:#ffffff;\n}\n<\/style>\n<div  class='avia-image-container av-lrrw-4ace95ac37659a9aecb8c1726448ef58 av-styling- avia-align-center  avia-builder-el-0  el_before_av_hr  avia-builder-el-first '   itemprop=\"image\" itemscope=\"itemscope\" itemtype=\"https:\/\/schema.org\/ImageObject\" ><div class=\"avia-image-container-inner\"><div class=\"avia-image-overlay-wrap\"><img fetchpriority=\"high\" class='wp-image-310 avia-img-lazy-loading-not-310 avia_image ' src='https:\/\/klett.cz\/dleicht\/wp-content\/uploads\/D.leicht_banner_web_01.png' alt='' title='d.leicht banner'  height=\"900\" width=\"1500\"  itemprop=\"thumbnailUrl\"  \/><\/div><\/div><\/div>\n\n<style type=\"text\/css\" data-created_by=\"avia_inline_auto\" id=\"style-css-av-knk4-7b7cdd2718ab82f36c58eefbc0426e9e\">\n#top .hr.hr-invisible.av-knk4-7b7cdd2718ab82f36c58eefbc0426e9e{\nheight:50px;\n}\n<\/style>\n<div  class='hr av-knk4-7b7cdd2718ab82f36c58eefbc0426e9e hr-invisible  avia-builder-el-1  el_after_av_image  el_before_av_one_full '><span class='hr-inner '><span class=\"hr-inner-style\"><\/span><\/span><\/div>\n\n<style type=\"text\/css\" data-created_by=\"avia_inline_auto\" id=\"style-css-av-hh26-5ab150dbbcf289cb39e70e9054dad631\">\n.flex_column.av-hh26-5ab150dbbcf289cb39e70e9054dad631{\nborder-radius:0px 0px 0px 0px;\npadding:0px 0px 0px 0px;\n}\n<\/style>\n<div  class='flex_column av-hh26-5ab150dbbcf289cb39e70e9054dad631 av_one_full  avia-builder-el-2  el_after_av_hr  el_before_av_one_full  first flex_column_div av-zero-column-padding  '     ><section  class='av_textblock_section av-g5vu-4c82947cf2d404260230007fb7de3e22 '   itemscope=\"itemscope\" itemtype=\"https:\/\/schema.org\/CreativeWork\" ><div class='avia_textblock'  itemprop=\"text\" ><p style=\"text-align: center;\"><strong>d.leicht je nov\u00e1 v\u00fdukov\u00e1 sada u\u010debnic n\u011bm\u010diny pro st\u0159edn\u00ed \u0161koly<\/strong><\/p>\n<p style=\"text-align: center;\">U\u010debn\u00ed sada d.leicht vznikla v\u00a0jednom z\u00a0nejv\u011bt\u0161\u00edch nakladatelsk\u00fdch dom\u016f v\u00a0Evrop\u011b a je pln\u011b p\u0159izp\u016fsobena pro v\u00fduku n\u011bmeck\u00e9ho jazyka na \u010desk\u00fdch st\u0159edn\u00edch \u0161kol\u00e1ch.<\/p>\n<p style=\"text-align: center;\">\u010cty\u0159i d\u00edly u\u010debnice dovedou \u017e\u00e1ky na \u00farove\u0148 B1 dle Spole\u010dn\u00e9ho evropsk\u00e9ho referen\u010dn\u00edho r\u00e1mce pro jazyky.<\/p>\n<p style=\"text-align: center;\">Ka\u017ed\u00fd z d\u00edl\u016f klade d\u016fraz na porozum\u011bn\u00ed sly\u0161en\u00e9mu, komunikaci a aktivn\u00ed zapojen\u00ed \u017e\u00e1ka do v\u00fduky. d.leicht byl inspirov\u00e1n obl\u00edbenou u\u010debn\u00ed sadou <em>Direkt neu<\/em>, ale na rozd\u00edl od n\u00ed se vyzna\u010duje pozvoln\u011bj\u0161\u00ed gramatickou progres\u00ed a ni\u017e\u0161\u00ed slovn\u00ed z\u00e1sobou. Novinkou v\u00a0t\u00e9to sad\u011b jsou \u00falohy typu \u201eBinnendifferenzierung\u201c, kter\u00e9 usnadn\u00ed vyu\u010duj\u00edc\u00edm pr\u00e1ci s\u00a0heterogenn\u00ed skupinou \u017e\u00e1k\u016f.<\/p>\n<p style=\"text-align: center;\">\u010ctvrt\u00fd d\u00edl u\u010debnice d.leicht pr\u00e1v\u011b proch\u00e1z\u00ed schvalovac\u00edm \u0159\u00edzen\u00edm na Ministerstvu \u0161kolstv\u00ed, ml\u00e1de\u017ee a t\u011blov\u00fdchovy. Prvn\u00ed a t\u0159et\u00ed d\u00edl u\u010debnice m\u00e1 ud\u011blenou dolo\u017eku M\u0160MT.<\/p>\n<\/div><\/section><\/div>\n\n<style type=\"text\/css\" data-created_by=\"avia_inline_auto\" id=\"style-css-av-1ei4-98d33860b6da0b15d14974b28c110396\">\n.flex_column.av-1ei4-98d33860b6da0b15d14974b28c110396{\nborder-radius:0px 0px 0px 0px;\npadding:0px 0px 0px 0px;\n}\n<\/style>\n<div  class='flex_column av-1ei4-98d33860b6da0b15d14974b28c110396 av_one_full  avia-builder-el-4  el_after_av_one_full  el_before_av_one_full  first flex_column_div av-zero-column-padding  column-top-margin'     ><div  class='avia-button-wrap av-cnwu-c90535cfc2ef337ee679f4160d45672d-wrap avia-button-center  avia-builder-el-5  avia-builder-el-no-sibling '><a href='https:\/\/www.mauthor.com\/present\/6031415038443520'  class='avia-button av-cnwu-c90535cfc2ef337ee679f4160d45672d av-link-btn avia-icon_select-no avia-size-x-large avia-position-center avia-color-theme-color'   aria-label=\"VYZKOU\u0160ET INTERAKTIVN\u00cd OBSAH D.LEICHT\"><span class='avia_iconbox_title' >VYZKOU\u0160ET INTERAKTIVN\u00cd OBSAH D.LEICHT<\/span><\/a><\/div><\/div>\n\n<style type=\"text\/css\" data-created_by=\"avia_inline_auto\" id=\"style-css-av-ajh6-773f43a6ef4226e71fc4c552ae6d4b52\">\n.flex_column.av-ajh6-773f43a6ef4226e71fc4c552ae6d4b52{\nborder-radius:0px 0px 0px 0px;\npadding:0px 0px 0px 0px;\n}\n<\/style>\n<div  class='flex_column av-ajh6-773f43a6ef4226e71fc4c552ae6d4b52 av_one_full  avia-builder-el-6  el_after_av_one_full  el_before_av_one_full  first flex_column_div av-zero-column-padding  column-top-margin'     ><style type=\"text\/css\" data-created_by=\"avia_inline_auto\" id=\"style-css-av-7utg-c695110b3d753e677dfd9dfb8ace3c82\">\n.avia-image-container.av-7utg-c695110b3d753e677dfd9dfb8ace3c82 img.avia_image{\nbox-shadow:none;\n}\n.avia-image-container.av-7utg-c695110b3d753e677dfd9dfb8ace3c82 .av-image-caption-overlay-center{\ncolor:#ffffff;\n}\n<\/style>\n<div  class='avia-image-container av-7utg-c695110b3d753e677dfd9dfb8ace3c82 av-styling- avia-align-center  avia-builder-el-7  avia-builder-el-no-sibling '   itemprop=\"image\" itemscope=\"itemscope\" itemtype=\"https:\/\/schema.org\/ImageObject\" ><div class=\"avia-image-container-inner\"><div class=\"avia-image-overlay-wrap\"><img fetchpriority=\"high\" class='wp-image-346 avia-img-lazy-loading-not-346 avia_image ' src='https:\/\/klett.cz\/dleicht\/wp-content\/uploads\/03_10_duvodu_upraveno.png' alt='10 d\u016fvod\u016f, pro\u010d u\u010dit podle d.leicht: 1) ti\u0161t\u011bn\u00e1 a pln\u011b interaktivn\u00ed verze pro \u017e\u00e1ky i u\u010ditele, 2) snadn\u00e1 orientace v u\u010debnici i pracovn\u00edm se\u0161it\u011b, 3) m\u00edrn\u00e1 progrese, d\u016fraz na komunikaci a aktivn\u00ed zapojen\u00ed \u017e\u00e1ka, 4) vnit\u0159n\u00ed diferenciace a mo\u017enost vybrat si, jak \u00falohu zpracov\u00e1vat, 5) praktick\u00e9 vyu\u017eit\u00ed, modern\u00ed a komunikativn\u00ed p\u0159\u00edstup a aktivity, 6) koncept zohled\u0148uj\u00edc\u00ed specifika \u010desk\u00e9ho prost\u0159ed\u00ed (systematick\u00e1 gramatika, vysv\u011btlen\u00ed v \u010de\u0161tin\u011b), 7) didaktick\u00e1 videa a komiksy s re\u00e1ln\u00fdmi hrdiny, 8) opakov\u00e1n\u00ed u\u010diva formou Partnerspiele, miniher a projekt\u016f, 9) minim\u00e1ln\u00ed n\u00e1roky na p\u0159\u00edpravu na v\u00fduku d\u00edky metodick\u00e9 p\u0159\u00edru\u010dce, 10) integrovan\u00fd pracovn\u00ed se\u0161it a CD s nahr\u00e1vkami v MP3' title='10 d\u016fvod\u016f, pro\u010d u\u010dit podle d.leicht'  height=\"1548\" width=\"3024\"  itemprop=\"thumbnailUrl\"  \/><\/div><\/div><\/div><\/div>\n\n<style type=\"text\/css\" data-created_by=\"avia_inline_auto\" id=\"style-css-av-63a8-5781eb52d569074f15a492c9b877ad1f\">\n.flex_column.av-63a8-5781eb52d569074f15a492c9b877ad1f{\nborder-radius:0px 0px 0px 0px;\npadding:0px 0px 0px 0px;\n}\n<\/style>\n<div  class='flex_column av-63a8-5781eb52d569074f15a492c9b877ad1f av_one_full  avia-builder-el-8  el_after_av_one_full  avia-builder-el-last  first flex_column_div av-zero-column-padding  column-top-margin'     ><div  class='avia-button-wrap av-3pc2-513b94bfec6afcbdc2bf5bf100531e2e-wrap avia-button-center  avia-builder-el-9  avia-builder-el-no-sibling '><a href='https:\/\/klett.cz\/dleicht\/dleicht\/'  class='avia-button av-3pc2-513b94bfec6afcbdc2bf5bf100531e2e av-link-btn avia-icon_select-no avia-size-x-large avia-position-center avia-color-theme-color'   aria-label=\"ZJISTIT V\u00cdCE O D.LEICHT\"><span class='avia_iconbox_title' >ZJISTIT V\u00cdCE O D.LEICHT<\/span><\/a><\/div><\/div>\n","protected":false},"excerpt":{"rendered":"","protected":false},"author":1,"featured_media":0,"parent":0,"menu_order":0,"comment_status":"closed","ping_status":"open","template":"","meta":{"footnotes":""},"class_list":["post-2","page","type-page","status-publish","hentry"],"_links":{"self":[{"href":"https:\/\/klett.cz\/dleicht\/wp-json\/wp\/v2\/pages\/2","targetHints":{"allow":["GET"]}}],"collection":[{"href":"https:\/\/klett.cz\/dleicht\/wp-json\/wp\/v2\/pages"}],"about":[{"href":"https:\/\/klett.cz\/dleicht\/wp-json\/wp\/v2\/types\/page"}],"author":[{"embeddable":true,"href":"https:\/\/klett.cz\/dleicht\/wp-json\/wp\/v2\/users\/1"}],"replies":[{"embeddable":true,"href":"https:\/\/klett.cz\/dleicht\/wp-json\/wp\/v2\/comments?post=2"}],"version-history":[{"count":21,"href":"https:\/\/klett.cz\/dleicht\/wp-json\/wp\/v2\/pages\/2\/revisions"}],"predecessor-version":[{"id":405,"href":"https:\/\/klett.cz\/dleicht\/wp-json\/wp\/v2\/pages\/2\/revisions\/405"}],"wp:attachment":[{"href":"https:\/\/klett.cz\/dleicht\/wp-json\/wp\/v2\/media?parent=2"}],"curies":[{"name":"wp","href":"https:\/\/api.w.org\/{rel}","templated":true}]}}