{"id":959,"date":"2024-10-02T09:41:20","date_gmt":"2024-10-02T07:41:20","guid":{"rendered":"https:\/\/klett.cz\/direkt\/?page_id=959"},"modified":"2024-10-02T12:41:46","modified_gmt":"2024-10-02T10:41:46","slug":"kahoot-k-22-lekci-direkt-interaktiv-3","status":"publish","type":"page","link":"https:\/\/klett.cz\/direkt\/kahoot-k-22-lekci-direkt-interaktiv-3\/","title":{"rendered":"Kahoot! k 22. lekci Direkt interaktiv 3"},"content":{"rendered":"\n<style type=\"text\/css\" data-created_by=\"avia_inline_auto\" id=\"style-css-av-zb6jy-f10f8d3afedd05d826141fc8eea77f7f\">\n.flex_column.av-zb6jy-f10f8d3afedd05d826141fc8eea77f7f{\nborder-radius:0px 0px 0px 0px;\npadding:0px 0px 0px 0px;\n}\n<\/style>\n<div  class='flex_column av-zb6jy-f10f8d3afedd05d826141fc8eea77f7f av_one_full  avia-builder-el-0  el_before_av_one_full  avia-builder-el-first  first flex_column_div av-zero-column-padding  '     ><p>\n<style type=\"text\/css\" data-created_by=\"avia_inline_auto\" id=\"style-css-av-k38tzf9i-a855a7e75cd04d1c366097f718686b83\">\n.avia-image-container.av-k38tzf9i-a855a7e75cd04d1c366097f718686b83 img.avia_image{\nbox-shadow:none;\n}\n.avia-image-container.av-k38tzf9i-a855a7e75cd04d1c366097f718686b83 .av-image-caption-overlay-center{\ncolor:#ffffff;\n}\n<\/style>\n<div  class='avia-image-container av-k38tzf9i-a855a7e75cd04d1c366097f718686b83 av-styling- avia-align-center  avia-builder-el-1  el_before_av_hr  avia-builder-el-first '   itemprop=\"image\" itemscope=\"itemscope\" itemtype=\"https:\/\/schema.org\/ImageObject\" ><div class=\"avia-image-container-inner\"><div class=\"avia-image-overlay-wrap\"><img decoding=\"async\" fetchpriority=\"high\" class='wp-image-267 avia-img-lazy-loading-not-267 avia_image ' src=\"https:\/\/klett.cz\/direkt\/wp-content\/uploads\/2019\/11\/1280px-Kahoot_Logo.svg_-300x102.png\" alt='' title='1280px-Kahoot_Logo.svg_'  height=\"102\" width=\"300\"  itemprop=\"thumbnailUrl\" srcset=\"https:\/\/klett.cz\/direkt\/wp-content\/uploads\/2019\/11\/1280px-Kahoot_Logo.svg_-300x102.png 300w, https:\/\/klett.cz\/direkt\/wp-content\/uploads\/2019\/11\/1280px-Kahoot_Logo.svg_-768x262.png 768w, https:\/\/klett.cz\/direkt\/wp-content\/uploads\/2019\/11\/1280px-Kahoot_Logo.svg_-1030x351.png 1030w, https:\/\/klett.cz\/direkt\/wp-content\/uploads\/2019\/11\/1280px-Kahoot_Logo.svg_.png 1280w, https:\/\/klett.cz\/direkt\/wp-content\/uploads\/2019\/11\/1280px-Kahoot_Logo.svg_-705x240.png 705w, https:\/\/klett.cz\/direkt\/wp-content\/uploads\/2019\/11\/1280px-Kahoot_Logo.svg_-450x153.png 450w\" sizes=\"(max-width: 300px) 100vw, 300px\" \/><\/div><\/div><\/div><br \/>\n\n<style type=\"text\/css\" data-created_by=\"avia_inline_auto\" id=\"style-css-av-k38u05lj-99752b46ea943530e6a100015dbb625c\">\n#top .hr.hr-invisible.av-k38u05lj-99752b46ea943530e6a100015dbb625c{\nheight:50px;\n}\n<\/style>\n<div  class='hr av-k38u05lj-99752b46ea943530e6a100015dbb625c hr-invisible  avia-builder-el-2  el_after_av_image  el_before_av_textblock '><span class='hr-inner '><span class=\"hr-inner-style\"><\/span><\/span><\/div><br \/>\n<section  class='av_textblock_section av-k38tz0yb-b3917a0e5a08f5f226850f0061a84d85 '   itemscope=\"itemscope\" itemtype=\"https:\/\/schema.org\/CreativeWork\" ><div class='avia_textblock'  itemprop=\"text\" ><h1 style=\"text-align: center;\">Z\u00e1bavn\u00e9 kv\u00edzy Kahoot! k 22. lekci u\u010debnice Direkt interaktiv 3<\/h1>\n<\/div><\/section><br \/>\n\n<style type=\"text\/css\" data-created_by=\"avia_inline_auto\" id=\"style-css-av-k38u05lj-1-1f8d53554ce26b0af3f3785f89aa52b3\">\n#top .hr.hr-invisible.av-k38u05lj-1-1f8d53554ce26b0af3f3785f89aa52b3{\nheight:50px;\n}\n<\/style>\n<div  class='hr av-k38u05lj-1-1f8d53554ce26b0af3f3785f89aa52b3 hr-invisible  avia-builder-el-4  el_after_av_textblock  el_before_av_image '><span class='hr-inner '><span class=\"hr-inner-style\"><\/span><\/span><\/div><br \/>\n\n<style type=\"text\/css\" data-created_by=\"avia_inline_auto\" id=\"style-css-av-k38u3d9e-e708e75a3ada7ceb1124e9c5468c71a2\">\n.avia-image-container.av-k38u3d9e-e708e75a3ada7ceb1124e9c5468c71a2 img.avia_image{\nbox-shadow:none;\n}\n.avia-image-container.av-k38u3d9e-e708e75a3ada7ceb1124e9c5468c71a2 .av-image-caption-overlay-center{\ncolor:#ffffff;\n}\n<\/style>\n<div  class='avia-image-container av-k38u3d9e-e708e75a3ada7ceb1124e9c5468c71a2 av-styling- avia-align-center  avia-builder-el-5  el_after_av_hr  avia-builder-el-last '   itemprop=\"image\" itemscope=\"itemscope\" itemtype=\"https:\/\/schema.org\/ImageObject\" ><div class=\"avia-image-container-inner\"><div class=\"avia-image-overlay-wrap\"><img decoding=\"async\" fetchpriority=\"high\" class='wp-image-965 avia-img-lazy-loading-not-965 avia_image ' src=\"https:\/\/klett.cz\/direkt\/wp-content\/uploads\/2024\/10\/DI_Kahoot-na-web-3.png\" alt='' title='DI_Kahoot na web (3)'  height=\"600\" width=\"379\"  itemprop=\"thumbnailUrl\" srcset=\"https:\/\/klett.cz\/direkt\/wp-content\/uploads\/2024\/10\/DI_Kahoot-na-web-3.png 379w, https:\/\/klett.cz\/direkt\/wp-content\/uploads\/2024\/10\/DI_Kahoot-na-web-3-190x300.png 190w\" sizes=\"(max-width: 379px) 100vw, 379px\" \/><\/div><\/div><\/div><\/p><\/div>\n<div  class='flex_column av-z7t3p-901f17016b545d25525ac050c42d5c8c av_one_full  avia-builder-el-6  el_after_av_one_full  el_before_av_one_full  first flex_column_div  column-top-margin'     ><section  class='av_textblock_section av-laphm9tn-ca9d8230626da39c076a5b757f164bf6 '   itemscope=\"itemscope\" itemtype=\"https:\/\/schema.org\/CreativeWork\" ><div class='avia_textblock'  itemprop=\"text\" ><h1 style=\"text-align: center;\">Kahoot! \u2013 Grammatik<\/h1>\n<h3 style=\"text-align: center;\"><a href=\"https:\/\/create.kahoot.it\/details\/c7728b58-d671-4ccb-b085-3580de1aadfe\" target=\"_blank\" rel=\"noopener\"><strong>Nep\u0159\u00edm\u00e9 ot\u00e1zky<\/strong><\/a><\/h3>\n<h3 style=\"text-align: center;\"><a href=\"https:\/\/create.kahoot.it\/share\/22-lekce-direkt-interaktiv-b1-gramatika-tazaci-zajmena-wo-predlozka\/4e0d13ca-b722-41ef-85e4-c155387ea64c\" target=\"_blank\" rel=\"noopener\"><strong>Z\u00e1jmenn\u00e1 p\u0159\u00edslovce t\u00e1zac\u00ed<\/strong><\/a><\/h3>\n<h3 style=\"text-align: center;\"><a href=\"https:\/\/create.kahoot.it\/share\/22-lekce-direkt-interaktiv-b1-gramatika-zajmenna-prislovce-da-predlozka\/e4a393b7-17df-4f82-8e53-08649d838130\" target=\"_blank\" rel=\"noopener\"><strong>Z\u00e1jmenn\u00e1 p\u0159\u00edslovce ukazovac\u00ed<\/strong><\/a><\/h3>\n<h3 style=\"text-align: center;\"><a href=\"https:\/\/create.kahoot.it\/share\/22-lekce-direkt-interaktiv-b1-gramatika-tazaci-zajmena-wo-predlozka\/4e0d13ca-b722-41ef-85e4-c155387ea64c\" target=\"_blank\" rel=\"noopener\"><strong>Z\u00e1jmenn\u00e1 p\u0159\u00edslovce t\u00e1zac\u00ed a ukazovac\u00ed ve VV\/VH<\/strong><\/a><\/h3>\n<h3 style=\"text-align: center;\"><a href=\"https:\/\/create.kahoot.it\/share\/22-lekce-direkt-interaktiv-b1-gramatika-alle-beide-keine-manche\/648d6372-2e5c-444e-8824-977747cdd8d3\" target=\"_blank\" rel=\"noopener\"><strong>Sklo\u0148ov\u00e1n\u00ed p\u0159\u00eddavn\u00fdch jm\u00e9n po \u00a0neur\u010dit\u00fdch z\u00e1jmenech v\u00a0mn.\u010d. (alle, beide, keine, manche)<\/strong><\/a><\/h3>\n<h3 style=\"text-align: center;\"><a href=\"https:\/\/create.kahoot.it\/share\/22-lekce-direkt-interaktiv-b1-gram-andere-einige-ein-paar-mehrere-viele-wenige\/6b9612da-debf-4e04-84a6-1f2f76d58657\" target=\"_blank\" rel=\"noopener\"><strong>Sklo\u0148ov\u00e1n\u00ed p\u0159\u00eddavn\u00fdch jm\u00e9n po \u00a0neur\u010dit\u00fdch z\u00e1jmenech v\u00a0mn.\u010d. \u00a0(andere,einige, ein paar, mehrere, viele, wenige)<\/strong><\/a><\/h3>\n<\/div><\/section><\/div><div  class='flex_column av-q5pwl-31dc0d26ac76c687a5ddf91d3b3a773f av_one_full  avia-builder-el-8  el_after_av_one_full  el_before_av_one_full  first flex_column_div  column-top-margin'     ><section  class='av_textblock_section av-lpwth-7a69dda4fec16c626a958c4cfb76dd05 '   itemscope=\"itemscope\" itemtype=\"https:\/\/schema.org\/CreativeWork\" ><div class='avia_textblock'  itemprop=\"text\" ><h1 style=\"text-align: center;\">Kahoot! \u2013 Wortschatz<\/h1>\n<h3 style=\"text-align: center;\"><a href=\"https:\/\/create.kahoot.it\/details\/fa98580e-f1c3-45bf-8d69-59bc1a1e4b16\" target=\"_blank\" rel=\"noopener\"><strong>Menschliche Eigenschaften<\/strong><\/a><\/h3>\n<h3 style=\"text-align: center;\"><a href=\"https:\/\/create.kahoot.it\/details\/10b488c4-7fda-4b9f-baff-4eeadca6dfe6\" target=\"_blank\" rel=\"noopener\">Europ\u00e4ische Union<\/a><\/h3>\n<h3 style=\"text-align: center;\"><\/h3>\n<\/div><\/section><\/div><\/p>\n<div  class='flex_column av-bvj5r-56c991252b7d899a6b6fc5b0e3cb3c4a av_one_full  avia-builder-el-10  el_after_av_one_full  el_before_av_one_full  first flex_column_div  column-top-margin'     ><section  class='av_textblock_section av-m1riiap4-0ad39c2edcf44834d7cd8e19d9665b6a '   itemscope=\"itemscope\" itemtype=\"https:\/\/schema.org\/CreativeWork\" ><div class='avia_textblock'  itemprop=\"text\" ><h1 style=\"text-align: center;\">Kahoot! \u2013 Re\u00e1lie<\/h1>\n<h3 style=\"text-align: center;\"><a href=\"https:\/\/create.kahoot.it\/share\/22-lekce-direkt-interaktiv-b1-realie-eu\/0b4b6567-9992-40ed-9dcd-f83452482807\" target=\"_blank\" rel=\"noopener\"><strong>EU<\/strong><\/a><\/h3>\n<h3 style=\"text-align: center;\"><\/h3>\n<\/div><\/section><\/div>\n<div  class='flex_column av-fk491-6f9fb80d3cdccb55eb5f32f540de7819 av_one_full  avia-builder-el-12  el_after_av_one_full  avia-builder-el-last  first flex_column_div  column-top-margin'     ><section  class='av_textblock_section av-bjyfp-958f0e30a1cce27a1735c621a57e4db5 '   itemscope=\"itemscope\" itemtype=\"https:\/\/schema.org\/CreativeWork\" ><div class='avia_textblock'  itemprop=\"text\" ><h1 style=\"text-align: center;\"><a href=\"https:\/\/create.kahoot.it\/share\/22-lekce-direkt-interaktiv-b1-opakovani\/092a69cb-27b5-4f75-ae57-81c65d92a824\" target=\"_blank\" rel=\"noopener\">Kahoot! \u2013 Wiederholung<\/a><\/h1>\n<\/div><\/section><\/div>\n","protected":false},"excerpt":{"rendered":"","protected":false},"author":4,"featured_media":0,"parent":0,"menu_order":0,"comment_status":"closed","ping_status":"closed","template":"","meta":{"_exactmetrics_skip_tracking":false,"_exactmetrics_sitenote_active":false,"_exactmetrics_sitenote_note":"","_exactmetrics_sitenote_category":0,"footnotes":""},"class_list":["post-959","page","type-page","status-publish","hentry"],"_links":{"self":[{"href":"https:\/\/klett.cz\/direkt\/wp-json\/wp\/v2\/pages\/959","targetHints":{"allow":["GET"]}}],"collection":[{"href":"https:\/\/klett.cz\/direkt\/wp-json\/wp\/v2\/pages"}],"about":[{"href":"https:\/\/klett.cz\/direkt\/wp-json\/wp\/v2\/types\/page"}],"author":[{"embeddable":true,"href":"https:\/\/klett.cz\/direkt\/wp-json\/wp\/v2\/users\/4"}],"replies":[{"embeddable":true,"href":"https:\/\/klett.cz\/direkt\/wp-json\/wp\/v2\/comments?post=959"}],"version-history":[{"count":7,"href":"https:\/\/klett.cz\/direkt\/wp-json\/wp\/v2\/pages\/959\/revisions"}],"predecessor-version":[{"id":980,"href":"https:\/\/klett.cz\/direkt\/wp-json\/wp\/v2\/pages\/959\/revisions\/980"}],"wp:attachment":[{"href":"https:\/\/klett.cz\/direkt\/wp-json\/wp\/v2\/media?parent=959"}],"curies":[{"name":"wp","href":"https:\/\/api.w.org\/{rel}","templated":true}]}}