{"id":950,"date":"2024-10-02T09:15:11","date_gmt":"2024-10-02T07:15:11","guid":{"rendered":"https:\/\/klett.cz\/direkt\/?page_id=950"},"modified":"2024-10-02T09:56:46","modified_gmt":"2024-10-02T07:56:46","slug":"kahoot-k-21-lekci-direkt-interaktiv-3","status":"publish","type":"page","link":"https:\/\/klett.cz\/direkt\/kahoot-k-21-lekci-direkt-interaktiv-3\/","title":{"rendered":"Kahoot! k 21. lekci Direkt interaktiv 3"},"content":{"rendered":"\n<style type=\"text\/css\" data-created_by=\"avia_inline_auto\" id=\"style-css-av-zb6jy-f10f8d3afedd05d826141fc8eea77f7f\">\n.flex_column.av-zb6jy-f10f8d3afedd05d826141fc8eea77f7f{\nborder-radius:0px 0px 0px 0px;\npadding:0px 0px 0px 0px;\n}\n<\/style>\n<div  class='flex_column av-zb6jy-f10f8d3afedd05d826141fc8eea77f7f av_one_full  avia-builder-el-0  el_before_av_one_full  avia-builder-el-first  first flex_column_div av-zero-column-padding  '     ><p>\n<style type=\"text\/css\" data-created_by=\"avia_inline_auto\" id=\"style-css-av-k38tzf9i-a855a7e75cd04d1c366097f718686b83\">\n.avia-image-container.av-k38tzf9i-a855a7e75cd04d1c366097f718686b83 img.avia_image{\nbox-shadow:none;\n}\n.avia-image-container.av-k38tzf9i-a855a7e75cd04d1c366097f718686b83 .av-image-caption-overlay-center{\ncolor:#ffffff;\n}\n<\/style>\n<div  class='avia-image-container av-k38tzf9i-a855a7e75cd04d1c366097f718686b83 av-styling- avia-align-center  avia-builder-el-1  el_before_av_hr  avia-builder-el-first '   itemprop=\"image\" itemscope=\"itemscope\" itemtype=\"https:\/\/schema.org\/ImageObject\" ><div class=\"avia-image-container-inner\"><div class=\"avia-image-overlay-wrap\"><img decoding=\"async\" fetchpriority=\"high\" class='wp-image-267 avia-img-lazy-loading-not-267 avia_image ' src=\"https:\/\/klett.cz\/direkt\/wp-content\/uploads\/2019\/11\/1280px-Kahoot_Logo.svg_-300x102.png\" alt='' title='1280px-Kahoot_Logo.svg_'  height=\"102\" width=\"300\"  itemprop=\"thumbnailUrl\" srcset=\"https:\/\/klett.cz\/direkt\/wp-content\/uploads\/2019\/11\/1280px-Kahoot_Logo.svg_-300x102.png 300w, https:\/\/klett.cz\/direkt\/wp-content\/uploads\/2019\/11\/1280px-Kahoot_Logo.svg_-768x262.png 768w, https:\/\/klett.cz\/direkt\/wp-content\/uploads\/2019\/11\/1280px-Kahoot_Logo.svg_-1030x351.png 1030w, https:\/\/klett.cz\/direkt\/wp-content\/uploads\/2019\/11\/1280px-Kahoot_Logo.svg_.png 1280w, https:\/\/klett.cz\/direkt\/wp-content\/uploads\/2019\/11\/1280px-Kahoot_Logo.svg_-705x240.png 705w, https:\/\/klett.cz\/direkt\/wp-content\/uploads\/2019\/11\/1280px-Kahoot_Logo.svg_-450x153.png 450w\" sizes=\"(max-width: 300px) 100vw, 300px\" \/><\/div><\/div><\/div><br \/>\n\n<style type=\"text\/css\" data-created_by=\"avia_inline_auto\" id=\"style-css-av-k38u05lj-99752b46ea943530e6a100015dbb625c\">\n#top .hr.hr-invisible.av-k38u05lj-99752b46ea943530e6a100015dbb625c{\nheight:50px;\n}\n<\/style>\n<div  class='hr av-k38u05lj-99752b46ea943530e6a100015dbb625c hr-invisible  avia-builder-el-2  el_after_av_image  el_before_av_textblock '><span class='hr-inner '><span class=\"hr-inner-style\"><\/span><\/span><\/div><br \/>\n<section  class='av_textblock_section av-k38tz0yb-b3917a0e5a08f5f226850f0061a84d85 '   itemscope=\"itemscope\" itemtype=\"https:\/\/schema.org\/CreativeWork\" ><div class='avia_textblock'  itemprop=\"text\" ><h1 style=\"text-align: center;\">Z\u00e1bavn\u00e9 kv\u00edzy Kahoot! k 21. lekci u\u010debnice Direkt interaktiv 3<\/h1>\n<\/div><\/section><br \/>\n\n<style type=\"text\/css\" data-created_by=\"avia_inline_auto\" id=\"style-css-av-k38u05lj-1-1f8d53554ce26b0af3f3785f89aa52b3\">\n#top .hr.hr-invisible.av-k38u05lj-1-1f8d53554ce26b0af3f3785f89aa52b3{\nheight:50px;\n}\n<\/style>\n<div  class='hr av-k38u05lj-1-1f8d53554ce26b0af3f3785f89aa52b3 hr-invisible  avia-builder-el-4  el_after_av_textblock  el_before_av_image '><span class='hr-inner '><span class=\"hr-inner-style\"><\/span><\/span><\/div><br \/>\n\n<style type=\"text\/css\" data-created_by=\"avia_inline_auto\" id=\"style-css-av-k38u3d9e-bb5377e954c77db50047d73bd705aab9\">\n.avia-image-container.av-k38u3d9e-bb5377e954c77db50047d73bd705aab9 img.avia_image{\nbox-shadow:none;\n}\n.avia-image-container.av-k38u3d9e-bb5377e954c77db50047d73bd705aab9 .av-image-caption-overlay-center{\ncolor:#ffffff;\n}\n<\/style>\n<div  class='avia-image-container av-k38u3d9e-bb5377e954c77db50047d73bd705aab9 av-styling- avia-align-center  avia-builder-el-5  el_after_av_hr  avia-builder-el-last '   itemprop=\"image\" itemscope=\"itemscope\" itemtype=\"https:\/\/schema.org\/ImageObject\" ><div class=\"avia-image-container-inner\"><div class=\"avia-image-overlay-wrap\"><img decoding=\"async\" fetchpriority=\"high\" class='wp-image-964 avia-img-lazy-loading-not-964 avia_image ' src=\"https:\/\/klett.cz\/direkt\/wp-content\/uploads\/2024\/10\/DI_Kahoot-na-web-2.png\" alt='' title='DI_Kahoot na web (2)'  height=\"600\" width=\"379\"  itemprop=\"thumbnailUrl\" srcset=\"https:\/\/klett.cz\/direkt\/wp-content\/uploads\/2024\/10\/DI_Kahoot-na-web-2.png 379w, https:\/\/klett.cz\/direkt\/wp-content\/uploads\/2024\/10\/DI_Kahoot-na-web-2-190x300.png 190w\" sizes=\"(max-width: 379px) 100vw, 379px\" \/><\/div><\/div><\/div><\/p><\/div><div  class='flex_column av-z7t3p-901f17016b545d25525ac050c42d5c8c av_one_full  avia-builder-el-6  el_after_av_one_full  el_before_av_one_full  first flex_column_div  column-top-margin'     ><section  class='av_textblock_section av-laphm9tn-ca9d8230626da39c076a5b757f164bf6 '   itemscope=\"itemscope\" itemtype=\"https:\/\/schema.org\/CreativeWork\" ><div class='avia_textblock'  itemprop=\"text\" ><h1 style=\"text-align: center;\">Kahoot! \u2013 Grammatik<\/h1>\n<h3 style=\"text-align: center;\"><a href=\"https:\/\/create.kahoot.it\/creator\/edca99a2-0015-4e50-8b56-5286087b5cda\" target=\"_blank\" rel=\"noopener\"><strong>2.p\u00e1d (genitiv)<\/strong><\/a><\/h3>\n<h3 style=\"text-align: center;\"><a href=\"https:\/\/create.kahoot.it\/details\/a1cb8c01-be57-4700-803a-1ea323ea5938\" target=\"_blank\" rel=\"noopener\"><strong>2.p\u00e1d (genitiv) p\u0159\u00eddavn\u00fdch jmen<\/strong><\/a><\/h3>\n<h3 style=\"text-align: center;\"><a href=\"https:\/\/create.kahoot.it\/creator\/eb3476fc-9443-49f2-8c61-8130c7d86632\" target=\"_blank\" rel=\"noopener\"><strong>P\u0159edlo\u017eky s\u00a02.p\u00e1dem<\/strong><\/a><\/h3>\n<h3 style=\"text-align: center;\"><a href=\"https:\/\/create.kahoot.it\/creator\/a25503e5-0227-49f6-83cd-468734075e7f\" target=\"_blank\" rel=\"noopener\"><strong>Slab\u00e9 sklo\u0148ov\u00e1n\u00ed podstatn\u00fdch jmen<\/strong><\/a><\/h3>\n<\/div><\/section><\/div><\/p>\n<div  class='flex_column av-q5pwl-31dc0d26ac76c687a5ddf91d3b3a773f av_one_full  avia-builder-el-8  el_after_av_one_full  el_before_av_one_full  first flex_column_div  column-top-margin'     ><section  class='av_textblock_section av-lpwth-7a69dda4fec16c626a958c4cfb76dd05 '   itemscope=\"itemscope\" itemtype=\"https:\/\/schema.org\/CreativeWork\" ><div class='avia_textblock'  itemprop=\"text\" ><h1 style=\"text-align: center;\">Kahoot! \u2013 Wortschatz<\/h1>\n<h3 style=\"text-align: center;\"><a href=\"https:\/\/create.kahoot.it\/creator\/29ab5e90-8516-4d22-9ae1-2980c740138b\" target=\"_blank\" rel=\"noopener\"><strong>Sehensw\u00fcrdigkeiten<\/strong><\/a><\/h3>\n<h3 style=\"text-align: center;\"><a href=\"https:\/\/create.kahoot.it\/creator\/ba84bc47-7bc4-41c9-a58d-227705d4a798\" target=\"_blank\" rel=\"noopener\">Natursch\u00f6nheiten<\/a><\/h3>\n<h3 style=\"text-align: center;\"><\/h3>\n<\/div><\/section><\/div>\n<div  class='flex_column av-bvj5r-56c991252b7d899a6b6fc5b0e3cb3c4a av_one_full  avia-builder-el-10  el_after_av_one_full  el_before_av_one_full  first flex_column_div  column-top-margin'     ><section  class='av_textblock_section av-m1riiap4-0ad39c2edcf44834d7cd8e19d9665b6a '   itemscope=\"itemscope\" itemtype=\"https:\/\/schema.org\/CreativeWork\" ><div class='avia_textblock'  itemprop=\"text\" ><h1 style=\"text-align: center;\">Kahoot! \u2013 Re\u00e1lie<\/h1>\n<h3 style=\"text-align: center;\"><a href=\"https:\/\/create.kahoot.it\/details\/2851b9f2-c579-4962-a40f-ab031c8fc823\" target=\"_blank\" rel=\"noopener\"><strong>Prag<\/strong><\/a><\/h3>\n<h3 style=\"text-align: center;\"><a href=\"https:\/\/create.kahoot.it\/details\/e8379567-ab50-4b90-b9d6-e4334ad24a64\" target=\"_blank\" rel=\"noopener\">Prager Sehensw\u00fcrdigkeiten<\/a><\/h3>\n<h3 style=\"text-align: center;\"><a href=\"https:\/\/create.kahoot.it\/creator\/9c09b6de-0d79-4c36-b471-4a7e5a769aad\" target=\"_blank\" rel=\"noopener\"><strong>Tschechien<\/strong><\/a><\/h3>\n<h3 style=\"text-align: center;\"><\/h3>\n<\/div><\/section><\/div>\n<div  class='flex_column av-fk491-6f9fb80d3cdccb55eb5f32f540de7819 av_one_full  avia-builder-el-12  el_after_av_one_full  avia-builder-el-last  first flex_column_div  column-top-margin'     ><section  class='av_textblock_section av-bjyfp-958f0e30a1cce27a1735c621a57e4db5 '   itemscope=\"itemscope\" itemtype=\"https:\/\/schema.org\/CreativeWork\" ><div class='avia_textblock'  itemprop=\"text\" ><h1 style=\"text-align: center;\"><a href=\"https:\/\/create.kahoot.it\/auth\/login?next=%2Fcreator%2Ff627b646-710b-49fa-9f9e-6b72c50f5167\" target=\"_blank\" rel=\"noopener\">Kahoot! \u2013 Wiederholung<\/a><\/h1>\n<\/div><\/section><\/div>\n","protected":false},"excerpt":{"rendered":"","protected":false},"author":4,"featured_media":0,"parent":0,"menu_order":0,"comment_status":"closed","ping_status":"closed","template":"","meta":{"_exactmetrics_skip_tracking":false,"_exactmetrics_sitenote_active":false,"_exactmetrics_sitenote_note":"","_exactmetrics_sitenote_category":0,"footnotes":""},"class_list":["post-950","page","type-page","status-publish","hentry"],"_links":{"self":[{"href":"https:\/\/klett.cz\/direkt\/wp-json\/wp\/v2\/pages\/950","targetHints":{"allow":["GET"]}}],"collection":[{"href":"https:\/\/klett.cz\/direkt\/wp-json\/wp\/v2\/pages"}],"about":[{"href":"https:\/\/klett.cz\/direkt\/wp-json\/wp\/v2\/types\/page"}],"author":[{"embeddable":true,"href":"https:\/\/klett.cz\/direkt\/wp-json\/wp\/v2\/users\/4"}],"replies":[{"embeddable":true,"href":"https:\/\/klett.cz\/direkt\/wp-json\/wp\/v2\/comments?post=950"}],"version-history":[{"count":6,"href":"https:\/\/klett.cz\/direkt\/wp-json\/wp\/v2\/pages\/950\/revisions"}],"predecessor-version":[{"id":968,"href":"https:\/\/klett.cz\/direkt\/wp-json\/wp\/v2\/pages\/950\/revisions\/968"}],"wp:attachment":[{"href":"https:\/\/klett.cz\/direkt\/wp-json\/wp\/v2\/media?parent=950"}],"curies":[{"name":"wp","href":"https:\/\/api.w.org\/{rel}","templated":true}]}}