{"id":869,"date":"2022-11-20T16:09:35","date_gmt":"2022-11-20T15:09:35","guid":{"rendered":"https:\/\/klett.cz\/direkt\/?page_id=869"},"modified":"2022-11-21T11:44:53","modified_gmt":"2022-11-21T10:44:53","slug":"kahoot-k-18-lekci-direkt-interaktiv","status":"publish","type":"page","link":"https:\/\/klett.cz\/direkt\/kahoot-k-18-lekci-direkt-interaktiv\/","title":{"rendered":"Kahoot! k 18. lekci Direkt interaktiv 2"},"content":{"rendered":"\n<style type=\"text\/css\" data-created_by=\"avia_inline_auto\" id=\"style-css-av-zb6jy-f10f8d3afedd05d826141fc8eea77f7f\">\n.flex_column.av-zb6jy-f10f8d3afedd05d826141fc8eea77f7f{\nborder-radius:0px 0px 0px 0px;\npadding:0px 0px 0px 0px;\n}\n<\/style>\n<div  class='flex_column av-zb6jy-f10f8d3afedd05d826141fc8eea77f7f av_one_full  avia-builder-el-0  el_before_av_one_full  avia-builder-el-first  first flex_column_div av-zero-column-padding  '     ><p>\n<style type=\"text\/css\" data-created_by=\"avia_inline_auto\" id=\"style-css-av-k38tzf9i-a855a7e75cd04d1c366097f718686b83\">\n.avia-image-container.av-k38tzf9i-a855a7e75cd04d1c366097f718686b83 img.avia_image{\nbox-shadow:none;\n}\n.avia-image-container.av-k38tzf9i-a855a7e75cd04d1c366097f718686b83 .av-image-caption-overlay-center{\ncolor:#ffffff;\n}\n<\/style>\n<div  class='avia-image-container av-k38tzf9i-a855a7e75cd04d1c366097f718686b83 av-styling- avia-align-center  avia-builder-el-1  el_before_av_hr  avia-builder-el-first '   itemprop=\"image\" itemscope=\"itemscope\" itemtype=\"https:\/\/schema.org\/ImageObject\" ><div class=\"avia-image-container-inner\"><div class=\"avia-image-overlay-wrap\"><img decoding=\"async\" fetchpriority=\"high\" class='wp-image-267 avia-img-lazy-loading-not-267 avia_image ' src=\"https:\/\/klett.cz\/direkt\/wp-content\/uploads\/2019\/11\/1280px-Kahoot_Logo.svg_-300x102.png\" alt='' title='1280px-Kahoot_Logo.svg_'  height=\"102\" width=\"300\"  itemprop=\"thumbnailUrl\" srcset=\"https:\/\/klett.cz\/direkt\/wp-content\/uploads\/2019\/11\/1280px-Kahoot_Logo.svg_-300x102.png 300w, https:\/\/klett.cz\/direkt\/wp-content\/uploads\/2019\/11\/1280px-Kahoot_Logo.svg_-768x262.png 768w, https:\/\/klett.cz\/direkt\/wp-content\/uploads\/2019\/11\/1280px-Kahoot_Logo.svg_-1030x351.png 1030w, https:\/\/klett.cz\/direkt\/wp-content\/uploads\/2019\/11\/1280px-Kahoot_Logo.svg_.png 1280w, https:\/\/klett.cz\/direkt\/wp-content\/uploads\/2019\/11\/1280px-Kahoot_Logo.svg_-705x240.png 705w, https:\/\/klett.cz\/direkt\/wp-content\/uploads\/2019\/11\/1280px-Kahoot_Logo.svg_-450x153.png 450w\" sizes=\"(max-width: 300px) 100vw, 300px\" \/><\/div><\/div><\/div><br \/>\n\n<style type=\"text\/css\" data-created_by=\"avia_inline_auto\" id=\"style-css-av-k38u05lj-99752b46ea943530e6a100015dbb625c\">\n#top .hr.hr-invisible.av-k38u05lj-99752b46ea943530e6a100015dbb625c{\nheight:50px;\n}\n<\/style>\n<div  class='hr av-k38u05lj-99752b46ea943530e6a100015dbb625c hr-invisible  avia-builder-el-2  el_after_av_image  el_before_av_textblock '><span class='hr-inner '><span class=\"hr-inner-style\"><\/span><\/span><\/div><br \/>\n<section  class='av_textblock_section av-k38tz0yb-eb5333f7b44943b4a70bf528dd5db923 '   itemscope=\"itemscope\" itemtype=\"https:\/\/schema.org\/CreativeWork\" ><div class='avia_textblock'  itemprop=\"text\" ><h1 style=\"text-align: center;\">Z\u00e1bavn\u00e9 kv\u00edzy Kahoot! k 18. lekci u\u010debnice Direkt interaktiv 2<\/h1>\n<\/div><\/section><br \/>\n\n<style type=\"text\/css\" data-created_by=\"avia_inline_auto\" id=\"style-css-av-k38u05lj-1-1f8d53554ce26b0af3f3785f89aa52b3\">\n#top .hr.hr-invisible.av-k38u05lj-1-1f8d53554ce26b0af3f3785f89aa52b3{\nheight:50px;\n}\n<\/style>\n<div  class='hr av-k38u05lj-1-1f8d53554ce26b0af3f3785f89aa52b3 hr-invisible  avia-builder-el-4  el_after_av_textblock  el_before_av_image '><span class='hr-inner '><span class=\"hr-inner-style\"><\/span><\/span><\/div><br \/>\n\n<style type=\"text\/css\" data-created_by=\"avia_inline_auto\" id=\"style-css-av-k38u3d9e-d491b2e94df1796434b298fae9338427\">\n.avia-image-container.av-k38u3d9e-d491b2e94df1796434b298fae9338427 img.avia_image{\nbox-shadow:none;\n}\n.avia-image-container.av-k38u3d9e-d491b2e94df1796434b298fae9338427 .av-image-caption-overlay-center{\ncolor:#ffffff;\n}\n<\/style>\n<div  class='avia-image-container av-k38u3d9e-d491b2e94df1796434b298fae9338427 av-styling- avia-align-center  avia-builder-el-5  el_after_av_hr  avia-builder-el-last '   itemprop=\"image\" itemscope=\"itemscope\" itemtype=\"https:\/\/schema.org\/ImageObject\" ><div class=\"avia-image-container-inner\"><div class=\"avia-image-overlay-wrap\"><img decoding=\"async\" fetchpriority=\"high\" class='wp-image-871 avia-img-lazy-loading-not-871 avia_image ' src=\"https:\/\/klett.cz\/direkt\/wp-content\/uploads\/2022\/11\/kahoot-18.png\" alt='' title='kahoot-18'  height=\"600\" width=\"379\"  itemprop=\"thumbnailUrl\" srcset=\"https:\/\/klett.cz\/direkt\/wp-content\/uploads\/2022\/11\/kahoot-18.png 379w, https:\/\/klett.cz\/direkt\/wp-content\/uploads\/2022\/11\/kahoot-18-190x300.png 190w\" sizes=\"(max-width: 379px) 100vw, 379px\" \/><\/div><\/div><\/div><\/p><\/div>\n<div  class='flex_column av-z7t3p-901f17016b545d25525ac050c42d5c8c av_one_full  avia-builder-el-6  el_after_av_one_full  el_before_av_one_full  first flex_column_div  column-top-margin'     ><section  class='av_textblock_section av-laphm9tn-8630cf5c695e5978580347d4400fbee0 '   itemscope=\"itemscope\" itemtype=\"https:\/\/schema.org\/CreativeWork\" ><div class='avia_textblock'  itemprop=\"text\" ><h1 style=\"text-align: center;\">Kahoot! \u2013 Grammatik<\/h1>\n<h3 style=\"text-align: center;\"><a href=\"https:\/\/create.kahoot.it\/details\/288abbe0-86f5-492e-8695-1e67a8ef3e57\" target=\"_blank\" rel=\"noopener\"><strong>VV podm\u00ednkov\u00e9 1 \u2013 w\u00e4re, h\u00e4tte<\/strong><\/a><\/h3>\n<h3 style=\"text-align: center;\"><a href=\"https:\/\/create.kahoot.it\/details\/4f9e58cb-8c30-48c1-a5ba-0a8c4cc49435\" target=\"_blank\" rel=\"noopener\"><strong>VV podm\u00ednkov\u00e9\u00a02<\/strong><\/a><\/h3>\n<h3 style=\"text-align: center;\"><a href=\"https:\/\/create.kahoot.it\/details\/1c9285b7-dcee-48a1-b974-687a1752450c\" target=\"_blank\" rel=\"noopener\"><strong>VV podm\u00ednkov\u00e9 bez spojky wenn<\/strong><\/a><\/h3>\n<h3 style=\"text-align: center;\"><a href=\"https:\/\/create.kahoot.it\/details\/53e016a7-2bc9-4359-af10-514af465e744\" target=\"_blank\" rel=\"noopener\"><strong>Konjunktiv\u00a0II \u2013 opisn\u00fd tvar w\u00fcrde + infinitiv<\/strong><\/a><\/h3>\n<h3 style=\"text-align: center;\"><a href=\"https:\/\/create.kahoot.it\/details\/7b6edfaf-e9fd-4441-b6c8-47b807835764\" target=\"_blank\" rel=\"noopener\"><strong>Konjunktiv II \u2013 w\u00e4re, h\u00e4tte<\/strong><\/a><\/h3>\n<h3 style=\"text-align: center;\"><a href=\"https:\/\/create.kahoot.it\/details\/c1e2b0b5-a9a6-46bd-a7cd-d792144b6489\" target=\"_blank\" rel=\"noopener\"><strong>Konjunktiv II \u2013 mod\u00e1ln\u00ed slovesa<\/strong><\/a><\/h3>\n<h3 style=\"text-align: center;\"><a href=\"https:\/\/create.kahoot.it\/details\/1a381d71-a66e-415b-b590-85d9df6dfa21\" target=\"_blank\" rel=\"noopener\"><strong>Konjunktiv II \u2013 nepravideln\u00e1 slovesa\u00a0<\/strong><\/a><\/h3>\n<\/div><\/section><\/div>\n<div  class='flex_column av-q5pwl-31dc0d26ac76c687a5ddf91d3b3a773f av_one_full  avia-builder-el-8  el_after_av_one_full  el_before_av_one_full  first flex_column_div  column-top-margin'     ><section  class='av_textblock_section av-lpwth-007ec17c67ea0e4c1a68936a4b046ecd '   itemscope=\"itemscope\" itemtype=\"https:\/\/schema.org\/CreativeWork\" ><div class='avia_textblock'  itemprop=\"text\" ><h1 style=\"text-align: center;\">Kahoot! \u2013 Wortschatz<\/h1>\n<h3 style=\"text-align: center;\"><a href=\"https:\/\/create.kahoot.it\/details\/3575a40d-3685-4d0f-84ee-ec8eb8e3380e\" target=\"_blank\" rel=\"noopener\"><strong>Berufe<\/strong><\/a><\/h3>\n<h3 style=\"text-align: center;\"><a href=\"https:\/\/create.kahoot.it\/details\/85f6043e-a197-4455-9cc4-5dbcb8acee03\" target=\"_blank\" rel=\"noopener\"><strong>Zukunftspl\u00e4ne<\/strong><\/a><\/h3>\n<h3 style=\"text-align: center;\"><a href=\"https:\/\/create.kahoot.it\/details\/38f5715e-1c78-4670-9fed-63267bd20dda\" target=\"_blank\" rel=\"noopener\"><strong>An der Uni<\/strong><\/a><\/h3>\n<h3 style=\"text-align: center;\"><a href=\"https:\/\/create.kahoot.it\/details\/58e32d68-332f-4288-b8af-d3d0f98a8f97\" target=\"_blank\" rel=\"noopener\"><strong>Lebenslauf<\/strong><\/a><\/h3>\n<h3 style=\"text-align: center;\"><a href=\"https:\/\/create.kahoot.it\/details\/2f7b0c0e-e60d-420d-a81e-8d382d4d94c6\" target=\"_blank\" rel=\"noopener\"><strong>Ausbildung und Studium<\/strong><\/a><\/h3>\n<h3 style=\"text-align: center;\"><a href=\"https:\/\/create.kahoot.it\/details\/45dfed6e-547d-4434-a2e1-a8c285839437\" target=\"_blank\" rel=\"noopener\"><strong>Verkehrszeichen<\/strong><\/a><\/h3>\n<h3 style=\"text-align: center;\"><a href=\"https:\/\/create.kahoot.it\/details\/37c40722-319f-468f-927c-4ca2758abe52\" target=\"_blank\" rel=\"noopener\"><strong>In der Fahrschule<\/strong><\/a><\/h3>\n<h3 style=\"text-align: center;\"><\/h3>\n<\/div><\/section><\/div><div  class='flex_column av-fk491-6f9fb80d3cdccb55eb5f32f540de7819 av_one_full  avia-builder-el-10  el_after_av_one_full  el_before_av_one_full  first flex_column_div  column-top-margin'     ><section  class='av_textblock_section av-bjyfp-71199adff6f9554fdef4e6e7205f5d99 '   itemscope=\"itemscope\" itemtype=\"https:\/\/schema.org\/CreativeWork\" ><div class='avia_textblock'  itemprop=\"text\" ><h1 style=\"text-align: center;\"><a href=\"https:\/\/create.kahoot.it\/details\/72c11839-f218-47ca-9b62-97f7152ac894\" target=\"_blank\" rel=\"noopener\">Kahoot! \u2013 Wiederholung<\/a><\/h1>\n<\/div><\/section><\/div><\/p>\n<div  class='flex_column av-a8e8t-f5b74360902ae6f115e1cebf21c80c69 av_one_full  avia-builder-el-12  el_after_av_one_full  avia-builder-el-last  first flex_column_div  column-top-margin'     ><section  class='av_textblock_section av-laphvnu0-d551b3252a377b4059caafab8156e480 '   itemscope=\"itemscope\" itemtype=\"https:\/\/schema.org\/CreativeWork\" ><div class='avia_textblock'  itemprop=\"text\" ><h1 style=\"text-align: center;\">Kahoot! \u2013 <strong>Landeskunde<\/strong><\/h1>\n<h3 style=\"text-align: center;\"><a href=\"https:\/\/create.kahoot.it\/details\/ce425572-5253-4c7d-8f20-58d2b435b4fc\" target=\"_blank\" rel=\"noopener\"><strong>Schulsystem in Deutschland 1<\/strong><\/a><\/h3>\n<h3 style=\"text-align: center;\"><a href=\"https:\/\/create.kahoot.it\/details\/d7988622-8182-4565-be12-9838a50c61a7\" target=\"_blank\" rel=\"noopener\"><strong>Schulsystem in Deutschland 2<\/strong><\/a><\/h3>\n<\/div><\/section><\/div>\n","protected":false},"excerpt":{"rendered":"","protected":false},"author":3,"featured_media":0,"parent":0,"menu_order":0,"comment_status":"closed","ping_status":"closed","template":"","meta":{"_exactmetrics_skip_tracking":false,"_exactmetrics_sitenote_active":false,"_exactmetrics_sitenote_note":"","_exactmetrics_sitenote_category":0,"footnotes":""},"class_list":["post-869","page","type-page","status-publish","hentry"],"_links":{"self":[{"href":"https:\/\/klett.cz\/direkt\/wp-json\/wp\/v2\/pages\/869","targetHints":{"allow":["GET"]}}],"collection":[{"href":"https:\/\/klett.cz\/direkt\/wp-json\/wp\/v2\/pages"}],"about":[{"href":"https:\/\/klett.cz\/direkt\/wp-json\/wp\/v2\/types\/page"}],"author":[{"embeddable":true,"href":"https:\/\/klett.cz\/direkt\/wp-json\/wp\/v2\/users\/3"}],"replies":[{"embeddable":true,"href":"https:\/\/klett.cz\/direkt\/wp-json\/wp\/v2\/comments?post=869"}],"version-history":[{"count":7,"href":"https:\/\/klett.cz\/direkt\/wp-json\/wp\/v2\/pages\/869\/revisions"}],"predecessor-version":[{"id":887,"href":"https:\/\/klett.cz\/direkt\/wp-json\/wp\/v2\/pages\/869\/revisions\/887"}],"wp:attachment":[{"href":"https:\/\/klett.cz\/direkt\/wp-json\/wp\/v2\/media?parent=869"}],"curies":[{"name":"wp","href":"https:\/\/api.w.org\/{rel}","templated":true}]}}