{"id":855,"date":"2022-11-19T10:43:11","date_gmt":"2022-11-19T09:43:11","guid":{"rendered":"https:\/\/klett.cz\/direkt\/?page_id=855"},"modified":"2022-11-21T11:43:25","modified_gmt":"2022-11-21T10:43:25","slug":"kahoot-k-17-lekci-direkt-interaktiv","status":"publish","type":"page","link":"https:\/\/klett.cz\/direkt\/kahoot-k-17-lekci-direkt-interaktiv\/","title":{"rendered":"Kahoot! k 17. lekci Direkt interaktiv 2"},"content":{"rendered":"\n<style type=\"text\/css\" data-created_by=\"avia_inline_auto\" id=\"style-css-av-zb6jy-f10f8d3afedd05d826141fc8eea77f7f\">\n.flex_column.av-zb6jy-f10f8d3afedd05d826141fc8eea77f7f{\nborder-radius:0px 0px 0px 0px;\npadding:0px 0px 0px 0px;\n}\n<\/style>\n<div  class='flex_column av-zb6jy-f10f8d3afedd05d826141fc8eea77f7f av_one_full  avia-builder-el-0  el_before_av_one_full  avia-builder-el-first  first flex_column_div av-zero-column-padding  '     ><p>\n<style type=\"text\/css\" data-created_by=\"avia_inline_auto\" id=\"style-css-av-k38tzf9i-a855a7e75cd04d1c366097f718686b83\">\n.avia-image-container.av-k38tzf9i-a855a7e75cd04d1c366097f718686b83 img.avia_image{\nbox-shadow:none;\n}\n.avia-image-container.av-k38tzf9i-a855a7e75cd04d1c366097f718686b83 .av-image-caption-overlay-center{\ncolor:#ffffff;\n}\n<\/style>\n<div  class='avia-image-container av-k38tzf9i-a855a7e75cd04d1c366097f718686b83 av-styling- avia-align-center  avia-builder-el-1  el_before_av_hr  avia-builder-el-first '   itemprop=\"image\" itemscope=\"itemscope\" itemtype=\"https:\/\/schema.org\/ImageObject\" ><div class=\"avia-image-container-inner\"><div class=\"avia-image-overlay-wrap\"><img decoding=\"async\" fetchpriority=\"high\" class='wp-image-267 avia-img-lazy-loading-not-267 avia_image ' src=\"https:\/\/klett.cz\/direkt\/wp-content\/uploads\/2019\/11\/1280px-Kahoot_Logo.svg_-300x102.png\" alt='' title='1280px-Kahoot_Logo.svg_'  height=\"102\" width=\"300\"  itemprop=\"thumbnailUrl\" srcset=\"https:\/\/klett.cz\/direkt\/wp-content\/uploads\/2019\/11\/1280px-Kahoot_Logo.svg_-300x102.png 300w, https:\/\/klett.cz\/direkt\/wp-content\/uploads\/2019\/11\/1280px-Kahoot_Logo.svg_-768x262.png 768w, https:\/\/klett.cz\/direkt\/wp-content\/uploads\/2019\/11\/1280px-Kahoot_Logo.svg_-1030x351.png 1030w, https:\/\/klett.cz\/direkt\/wp-content\/uploads\/2019\/11\/1280px-Kahoot_Logo.svg_.png 1280w, https:\/\/klett.cz\/direkt\/wp-content\/uploads\/2019\/11\/1280px-Kahoot_Logo.svg_-705x240.png 705w, https:\/\/klett.cz\/direkt\/wp-content\/uploads\/2019\/11\/1280px-Kahoot_Logo.svg_-450x153.png 450w\" sizes=\"(max-width: 300px) 100vw, 300px\" \/><\/div><\/div><\/div><br \/>\n\n<style type=\"text\/css\" data-created_by=\"avia_inline_auto\" id=\"style-css-av-k38u05lj-99752b46ea943530e6a100015dbb625c\">\n#top .hr.hr-invisible.av-k38u05lj-99752b46ea943530e6a100015dbb625c{\nheight:50px;\n}\n<\/style>\n<div  class='hr av-k38u05lj-99752b46ea943530e6a100015dbb625c hr-invisible  avia-builder-el-2  el_after_av_image  el_before_av_textblock '><span class='hr-inner '><span class=\"hr-inner-style\"><\/span><\/span><\/div><br \/>\n<section  class='av_textblock_section av-k38tz0yb-eb5333f7b44943b4a70bf528dd5db923 '   itemscope=\"itemscope\" itemtype=\"https:\/\/schema.org\/CreativeWork\" ><div class='avia_textblock'  itemprop=\"text\" ><h1 style=\"text-align: center;\">Z\u00e1bavn\u00e9 kv\u00edzy Kahoot! k 17. lekci u\u010debnice Direkt interaktiv 2<\/h1>\n<\/div><\/section><br \/>\n\n<style type=\"text\/css\" data-created_by=\"avia_inline_auto\" id=\"style-css-av-k38u05lj-4-ae1b18f0cfec9c987ed042c66fd50e1e\">\n#top .hr.hr-invisible.av-k38u05lj-4-ae1b18f0cfec9c987ed042c66fd50e1e{\nheight:50px;\n}\n<\/style>\n<div  class='hr av-k38u05lj-4-ae1b18f0cfec9c987ed042c66fd50e1e hr-invisible  avia-builder-el-4  el_after_av_textblock  el_before_av_image '><span class='hr-inner '><span class=\"hr-inner-style\"><\/span><\/span><\/div><br \/>\n\n<style type=\"text\/css\" data-created_by=\"avia_inline_auto\" id=\"style-css-av-k38u3d9e-a0d7278a9f49caa8fe3d74955c445011\">\n.avia-image-container.av-k38u3d9e-a0d7278a9f49caa8fe3d74955c445011 img.avia_image{\nbox-shadow:none;\n}\n.avia-image-container.av-k38u3d9e-a0d7278a9f49caa8fe3d74955c445011 .av-image-caption-overlay-center{\ncolor:#ffffff;\n}\n<\/style>\n<div  class='avia-image-container av-k38u3d9e-a0d7278a9f49caa8fe3d74955c445011 av-styling- avia-align-center  avia-builder-el-5  el_after_av_hr  avia-builder-el-last '   itemprop=\"image\" itemscope=\"itemscope\" itemtype=\"https:\/\/schema.org\/ImageObject\" ><div class=\"avia-image-container-inner\"><div class=\"avia-image-overlay-wrap\"><img decoding=\"async\" fetchpriority=\"high\" class='wp-image-848 avia-img-lazy-loading-not-848 avia_image ' src=\"https:\/\/klett.cz\/direkt\/wp-content\/uploads\/2022\/11\/kahoot-17.png\" alt='' title='kahoot-17'  height=\"600\" width=\"379\"  itemprop=\"thumbnailUrl\" srcset=\"https:\/\/klett.cz\/direkt\/wp-content\/uploads\/2022\/11\/kahoot-17.png 379w, https:\/\/klett.cz\/direkt\/wp-content\/uploads\/2022\/11\/kahoot-17-190x300.png 190w\" sizes=\"(max-width: 379px) 100vw, 379px\" \/><\/div><\/div><\/div><\/p><\/div>\n<div  class='flex_column av-mpusf-673efd052b98c3726d07c6740b279491 av_one_full  avia-builder-el-6  el_after_av_one_full  el_before_av_one_full  first flex_column_div  column-top-margin'     ><section  class='av_textblock_section av-lanq58z5-05bbeae1672a23f95ed7af44409b1876 '   itemscope=\"itemscope\" itemtype=\"https:\/\/schema.org\/CreativeWork\" ><div class='avia_textblock'  itemprop=\"text\" ><h1 style=\"text-align: center;\">Kahoot! \u2013 Grammatik<\/h1>\n<h3 style=\"text-align: center;\"><a href=\"https:\/\/create.kahoot.it\/details\/c9061328-58e1-43bb-8735-d4aa7459587a\" target=\"_blank\" rel=\"noopener\"><strong>Pr\u00e9teritum nepravideln\u00fdch sloves 1<\/strong><\/a><\/h3>\n<h3 style=\"text-align: center;\"><a href=\"https:\/\/create.kahoot.it\/details\/5d70e6d4-0259-488c-ae2b-57f95c48d46b\" target=\"_blank\" rel=\"noopener\"><strong>Pr\u00e9teritum nepravideln\u00fdch sloves 2<\/strong><\/a><\/h3>\n<h3 style=\"text-align: center;\"><a href=\"https:\/\/create.kahoot.it\/details\/38ef9c1c-bab9-40f6-bc7e-a51fa4a91dfc\" target=\"_blank\" rel=\"noopener\"><strong>Pr\u00e9teritum pravideln\u00fdch sloves<\/strong><\/a><\/h3>\n<h3 style=\"text-align: center;\"><a href=\"https:\/\/create.kahoot.it\/details\/370df631-6abe-4a69-b7f0-83e3a97d3658\" target=\"_blank\" rel=\"noopener\"><strong>Pr\u00e9teritum: Referat schreiben<\/strong><\/a><\/h3>\n<h3 style=\"text-align: center;\"><a href=\"https:\/\/create.kahoot.it\/details\/83c8bcbb-be81-4886-b4d0-aa736ed3c309\" target=\"_blank\" rel=\"noopener\"><strong>Vzta\u017en\u00e9 v\u011bty 1<\/strong><\/a><\/h3>\n<h3 style=\"text-align: center;\"><a href=\"https:\/\/create.kahoot.it\/details\/3e75767c-6aa6-44ac-8c00-499c84162fa8\" target=\"_blank\" rel=\"noopener\"><strong>Vzta\u017en\u00e9 v\u011bty 2<\/strong><\/a><\/h3>\n<h3 style=\"text-align: center;\"><a href=\"https:\/\/create.kahoot.it\/details\/8d07c63b-4153-440a-9b0b-2c2387d1d0ce\" target=\"_blank\" rel=\"noopener\">\u00a0<strong>V\u011bty s damit\/um <\/strong>\u2013 <strong>zu<\/strong><\/a><\/h3>\n<h3 style=\"text-align: center;\"><a href=\"https:\/\/create.kahoot.it\/details\/e1f2d40b-36da-4fdf-b5a5-b8aa32b78b43\" target=\"_blank\" rel=\"noopener\"><strong>\u010casov\u00e1n\u00ed sloves na -eln, -ern<\/strong><\/a><\/h3>\n<\/div><\/section><\/div>\n<div  class='flex_column av-ec9jb-b24b5da7531a4cb79d99371bf2b0d318 av_one_full  avia-builder-el-8  el_after_av_one_full  el_before_av_one_full  first flex_column_div  column-top-margin'     ><section  class='av_textblock_section av-lanq5rti-1435db760e93c147e5ed50ce9e6966b6 '   itemscope=\"itemscope\" itemtype=\"https:\/\/schema.org\/CreativeWork\" ><div class='avia_textblock'  itemprop=\"text\" ><h1 style=\"text-align: center;\">Kahoot! \u2013 Wortschatz<\/h1>\n<h3 style=\"text-align: center;\"><a href=\"https:\/\/create.kahoot.it\/details\/3e2fab49-a9df-4788-b13a-c2c177397e84\" target=\"_blank\" rel=\"noopener\"><strong>Alte Medien 1 (Print- und Druckmedien)<\/strong><\/a><\/h3>\n<h3 style=\"text-align: center;\"><strong><a href=\"https:\/\/create.kahoot.it\/details\/a7fa2cbe-2db6-4ff1-9350-441ea7c3aea1\" target=\"_blank\" rel=\"noopener\">Alte (analoge) Medien 2<\/a> <\/strong><\/h3>\n<h3 style=\"text-align: center;\"><a href=\"https:\/\/create.kahoot.it\/details\/291a3fce-6fef-4665-a526-387f22e10ad6\" target=\"_blank\" rel=\"noopener\"><strong>Neue Medien<\/strong><\/a><\/h3>\n<h3 style=\"text-align: center;\"><a href=\"https:\/\/create.kahoot.it\/details\/cdd63611-3beb-48eb-aaad-cdcfa82e9426\" target=\"_blank\" rel=\"noopener\"><strong>Handy<\/strong><\/a><\/h3>\n<h3 style=\"text-align: center;\"><a href=\"https:\/\/create.kahoot.it\/details\/cf256c57-888f-46ce-8732-cb6458478c1e\" target=\"_blank\" rel=\"noopener\"><strong>Fit am Computer 1<\/strong><\/a><\/h3>\n<h3 style=\"text-align: center;\"><a href=\"https:\/\/create.kahoot.it\/details\/1497076f-39fa-440e-8626-5cfae964fcac\" target=\"_blank\" rel=\"noopener\"><strong>Fit am Computer 2<\/strong><\/a><\/h3>\n<h3 style=\"text-align: center;\"><a href=\"https:\/\/create.kahoot.it\/details\/76e2cc66-22ca-4657-aaf3-65d3bd52a7d4\" target=\"_blank\" rel=\"noopener\"><strong>Soziale Netzwerke<\/strong><\/a><\/h3>\n<h3 style=\"text-align: center;\"><a href=\"https:\/\/create.kahoot.it\/details\/45a07fe0-1cda-482e-af53-6c5649572148\" target=\"_blank\" rel=\"noopener\"><strong>Medienaktivit\u00e4ten<\/strong><\/a><\/h3>\n<\/div><\/section><\/div><div  class='flex_column av-9x6on-cdf50ccf14302c0822a23da76713dc6c av_one_full  avia-builder-el-10  el_after_av_one_full  el_before_av_one_half  first flex_column_div  column-top-margin'     ><section  class='av_textblock_section av-lanq6euz-1b76ed48305b967d0ebf15fccc990c9d '   itemscope=\"itemscope\" itemtype=\"https:\/\/schema.org\/CreativeWork\" ><div class='avia_textblock'  itemprop=\"text\" ><h1 style=\"text-align: center;\"><a href=\"https:\/\/create.kahoot.it\/details\/d806d668-5082-4f81-8cdc-64c1c1d7c560\" target=\"_blank\" rel=\"noopener\">Kahoot! \u2013 Wiederholung<\/a><\/h1>\n<\/div><\/section><\/div><\/p>\n<div  class='flex_column av-md3on-9542c15948c8a5bd764b35cf25c9a719 av_one_half  avia-builder-el-12  el_after_av_one_full  el_before_av_one_half  first flex_column_div  column-top-margin'     ><div  class='avia-button-wrap av-1k2en-f2ed065952fab8cc4dd82911d81ae282-wrap avia-button-right  avia-builder-el-13  avia-builder-el-no-sibling '><a href='https:\/\/klett.cz\/direkt\/online-kvizy-kahoot\/'  class='avia-button av-1k2en-f2ed065952fab8cc4dd82911d81ae282 av-link-btn avia-icon_select-no avia-size-x-large avia-position-right avia-color-theme-color'   aria-label=\"ZP\u011aT NA V\u00ddPIS KAHOOT!\"><span class='avia_iconbox_title' >ZP\u011aT NA V\u00ddPIS KAHOOT!<\/span><\/a><\/div><\/div>\n<div  class='flex_column av-71zen-a17ef92d56a5248d6382d647c0fd4025 av_one_half  avia-builder-el-14  el_after_av_one_half  avia-builder-el-last  flex_column_div  column-top-margin'     ><div  class='avia-button-wrap av-laphxyh9-782d5110faa7e0108751eb8f7d743af4-wrap avia-button-left  avia-builder-el-15  avia-builder-el-no-sibling '><a href='https:\/\/klett.cz\/direkt\/kahoot-k-18-lekci-direkt-interaktiv\/'  class='avia-button av-laphxyh9-782d5110faa7e0108751eb8f7d743af4 av-link-btn avia-icon_select-no avia-size-x-large avia-position-left avia-color-theme-color'   aria-label=\"P\u0158EJ\u00cdT NA KAHOOT! K 18. LEKCI\"><span class='avia_iconbox_title' >P\u0158EJ\u00cdT NA KAHOOT! K 18. LEKCI<\/span><\/a><\/div><\/div>\n","protected":false},"excerpt":{"rendered":"","protected":false},"author":3,"featured_media":0,"parent":0,"menu_order":0,"comment_status":"closed","ping_status":"closed","template":"","meta":{"_exactmetrics_skip_tracking":false,"_exactmetrics_sitenote_active":false,"_exactmetrics_sitenote_note":"","_exactmetrics_sitenote_category":0,"footnotes":""},"class_list":["post-855","page","type-page","status-publish","hentry"],"_links":{"self":[{"href":"https:\/\/klett.cz\/direkt\/wp-json\/wp\/v2\/pages\/855","targetHints":{"allow":["GET"]}}],"collection":[{"href":"https:\/\/klett.cz\/direkt\/wp-json\/wp\/v2\/pages"}],"about":[{"href":"https:\/\/klett.cz\/direkt\/wp-json\/wp\/v2\/types\/page"}],"author":[{"embeddable":true,"href":"https:\/\/klett.cz\/direkt\/wp-json\/wp\/v2\/users\/3"}],"replies":[{"embeddable":true,"href":"https:\/\/klett.cz\/direkt\/wp-json\/wp\/v2\/comments?post=855"}],"version-history":[{"count":10,"href":"https:\/\/klett.cz\/direkt\/wp-json\/wp\/v2\/pages\/855\/revisions"}],"predecessor-version":[{"id":885,"href":"https:\/\/klett.cz\/direkt\/wp-json\/wp\/v2\/pages\/855\/revisions\/885"}],"wp:attachment":[{"href":"https:\/\/klett.cz\/direkt\/wp-json\/wp\/v2\/media?parent=855"}],"curies":[{"name":"wp","href":"https:\/\/api.w.org\/{rel}","templated":true}]}}