{"id":845,"date":"2022-11-17T16:51:44","date_gmt":"2022-11-17T15:51:44","guid":{"rendered":"https:\/\/klett.cz\/direkt\/?page_id=845"},"modified":"2022-11-19T10:45:38","modified_gmt":"2022-11-19T09:45:38","slug":"kahoot-k-16-lekci-direkt-interaktiv","status":"publish","type":"page","link":"https:\/\/klett.cz\/direkt\/kahoot-k-16-lekci-direkt-interaktiv\/","title":{"rendered":"Kahoot! k 16. lekci Direkt interaktiv 2"},"content":{"rendered":"\n<style type=\"text\/css\" data-created_by=\"avia_inline_auto\" id=\"style-css-av-zb6jy-f10f8d3afedd05d826141fc8eea77f7f\">\n.flex_column.av-zb6jy-f10f8d3afedd05d826141fc8eea77f7f{\nborder-radius:0px 0px 0px 0px;\npadding:0px 0px 0px 0px;\n}\n<\/style>\n<div  class='flex_column av-zb6jy-f10f8d3afedd05d826141fc8eea77f7f av_one_full  avia-builder-el-0  el_before_av_one_full  avia-builder-el-first  first flex_column_div av-zero-column-padding  '     ><p>\n<style type=\"text\/css\" data-created_by=\"avia_inline_auto\" id=\"style-css-av-k38tzf9i-a855a7e75cd04d1c366097f718686b83\">\n.avia-image-container.av-k38tzf9i-a855a7e75cd04d1c366097f718686b83 img.avia_image{\nbox-shadow:none;\n}\n.avia-image-container.av-k38tzf9i-a855a7e75cd04d1c366097f718686b83 .av-image-caption-overlay-center{\ncolor:#ffffff;\n}\n<\/style>\n<div  class='avia-image-container av-k38tzf9i-a855a7e75cd04d1c366097f718686b83 av-styling- avia-align-center  avia-builder-el-1  el_before_av_hr  avia-builder-el-first '   itemprop=\"image\" itemscope=\"itemscope\" itemtype=\"https:\/\/schema.org\/ImageObject\" ><div class=\"avia-image-container-inner\"><div class=\"avia-image-overlay-wrap\"><img decoding=\"async\" fetchpriority=\"high\" class='wp-image-267 avia-img-lazy-loading-not-267 avia_image ' src=\"https:\/\/klett.cz\/direkt\/wp-content\/uploads\/2019\/11\/1280px-Kahoot_Logo.svg_-300x102.png\" alt='' title='1280px-Kahoot_Logo.svg_'  height=\"102\" width=\"300\"  itemprop=\"thumbnailUrl\" srcset=\"https:\/\/klett.cz\/direkt\/wp-content\/uploads\/2019\/11\/1280px-Kahoot_Logo.svg_-300x102.png 300w, https:\/\/klett.cz\/direkt\/wp-content\/uploads\/2019\/11\/1280px-Kahoot_Logo.svg_-768x262.png 768w, https:\/\/klett.cz\/direkt\/wp-content\/uploads\/2019\/11\/1280px-Kahoot_Logo.svg_-1030x351.png 1030w, https:\/\/klett.cz\/direkt\/wp-content\/uploads\/2019\/11\/1280px-Kahoot_Logo.svg_.png 1280w, https:\/\/klett.cz\/direkt\/wp-content\/uploads\/2019\/11\/1280px-Kahoot_Logo.svg_-705x240.png 705w, https:\/\/klett.cz\/direkt\/wp-content\/uploads\/2019\/11\/1280px-Kahoot_Logo.svg_-450x153.png 450w\" sizes=\"(max-width: 300px) 100vw, 300px\" \/><\/div><\/div><\/div><br \/>\n\n<style type=\"text\/css\" data-created_by=\"avia_inline_auto\" id=\"style-css-av-k38u05lj-99752b46ea943530e6a100015dbb625c\">\n#top .hr.hr-invisible.av-k38u05lj-99752b46ea943530e6a100015dbb625c{\nheight:50px;\n}\n<\/style>\n<div  class='hr av-k38u05lj-99752b46ea943530e6a100015dbb625c hr-invisible  avia-builder-el-2  el_after_av_image  el_before_av_textblock '><span class='hr-inner '><span class=\"hr-inner-style\"><\/span><\/span><\/div><br \/>\n<section  class='av_textblock_section av-k38tz0yb-eb5333f7b44943b4a70bf528dd5db923 '   itemscope=\"itemscope\" itemtype=\"https:\/\/schema.org\/CreativeWork\" ><div class='avia_textblock'  itemprop=\"text\" ><h1 style=\"text-align: center;\">Z\u00e1bavn\u00e9 kv\u00edzy Kahoot! k 16. lekci u\u010debnice Direkt interaktiv 2<\/h1>\n<\/div><\/section><br \/>\n\n<style type=\"text\/css\" data-created_by=\"avia_inline_auto\" id=\"style-css-av-k38u05lj-1-1f8d53554ce26b0af3f3785f89aa52b3\">\n#top .hr.hr-invisible.av-k38u05lj-1-1f8d53554ce26b0af3f3785f89aa52b3{\nheight:50px;\n}\n<\/style>\n<div  class='hr av-k38u05lj-1-1f8d53554ce26b0af3f3785f89aa52b3 hr-invisible  avia-builder-el-4  el_after_av_textblock  el_before_av_image '><span class='hr-inner '><span class=\"hr-inner-style\"><\/span><\/span><\/div><br \/>\n\n<style type=\"text\/css\" data-created_by=\"avia_inline_auto\" id=\"style-css-av-k38u3d9e-100989c14eb1db075fb21a55abc6bf51\">\n.avia-image-container.av-k38u3d9e-100989c14eb1db075fb21a55abc6bf51 img.avia_image{\nbox-shadow:none;\n}\n.avia-image-container.av-k38u3d9e-100989c14eb1db075fb21a55abc6bf51 .av-image-caption-overlay-center{\ncolor:#ffffff;\n}\n<\/style>\n<div  class='avia-image-container av-k38u3d9e-100989c14eb1db075fb21a55abc6bf51 av-styling- avia-align-center  avia-builder-el-5  el_after_av_hr  avia-builder-el-last '   itemprop=\"image\" itemscope=\"itemscope\" itemtype=\"https:\/\/schema.org\/ImageObject\" ><div class=\"avia-image-container-inner\"><div class=\"avia-image-overlay-wrap\"><img decoding=\"async\" fetchpriority=\"high\" class='wp-image-847 avia-img-lazy-loading-not-847 avia_image ' src=\"https:\/\/klett.cz\/direkt\/wp-content\/uploads\/2022\/11\/kahoot-16.png\" alt='' title='kahoot-16'  height=\"600\" width=\"379\"  itemprop=\"thumbnailUrl\" srcset=\"https:\/\/klett.cz\/direkt\/wp-content\/uploads\/2022\/11\/kahoot-16.png 379w, https:\/\/klett.cz\/direkt\/wp-content\/uploads\/2022\/11\/kahoot-16-190x300.png 190w\" sizes=\"(max-width: 379px) 100vw, 379px\" \/><\/div><\/div><\/div><\/p><\/div>\n\n<style type=\"text\/css\" data-created_by=\"avia_inline_auto\" id=\"style-css-av-mtia6-ee1543dd2c791f8e03113a4a65d0d0eb\">\n.flex_column.av-mtia6-ee1543dd2c791f8e03113a4a65d0d0eb{\nborder-radius:0px 0px 0px 0px;\npadding:0px 0px 0px 0px;\n}\n<\/style>\n<div  class='flex_column av-mtia6-ee1543dd2c791f8e03113a4a65d0d0eb av_one_full  avia-builder-el-6  el_after_av_one_full  el_before_av_one_full  first flex_column_div av-zero-column-padding  column-top-margin'     ><section  class='av_textblock_section av-k38tuo9s-3a461c9e9d347d191ca539867bffe436 '   itemscope=\"itemscope\" itemtype=\"https:\/\/schema.org\/CreativeWork\" ><div class='avia_textblock'  itemprop=\"text\" ><h1 style=\"text-align: center;\">Kahoot! \u2013 Grammatik<\/h1>\n<h3 style=\"text-align: center;\"><strong><a href=\"https:\/\/create.kahoot.it\/details\/d1a19b8e-40f4-4cac-8497-a35e62460d34\" target=\"_blank\" rel=\"noopener\">VV se spojkou damit, zkracov\u00e1n\u00ed um \u2013 zu<\/a> <\/strong><\/h3>\n<h3 style=\"text-align: center;\"><a href=\"https:\/\/create.kahoot.it\/details\/c1d5bcc1-5416-4a7d-b0c0-1bf38f11b0d2\" target=\"_blank\" rel=\"noopener\"><strong>VV se spojkou dass a zkracov\u00e1n\u00ed s zu<\/strong><\/a><\/h3>\n<h3 style=\"text-align: center;\"><a href=\"https:\/\/create.kahoot.it\/details\/dc3c3eb5-8f36-49b2-a290-6e16102f0f03\" target=\"_blank\" rel=\"noopener\"><strong>VV se spojkami dass\/damit, zkracov\u00e1n\u00ed um \u2013 zu<\/strong><\/a><\/h3>\n<h3 style=\"text-align: center;\"><a href=\"https:\/\/create.kahoot.it\/details\/3fa47815-7c4d-4e57-8d12-5dfd6bdfe83f\" target=\"_blank\" rel=\"noopener\"><strong>Infinitiv s zu<\/strong><\/a><\/h3>\n<h3 style=\"text-align: center;\"><a href=\"https:\/\/create.kahoot.it\/details\/06897455-d18b-439d-a1c5-f152f441ea12\" target=\"_blank\" rel=\"noopener\"><strong>Infinitiv s\/bez zu<\/strong><\/a><\/h3>\n<\/div><\/section><\/div>\n<style type=\"text\/css\" data-created_by=\"avia_inline_auto\" id=\"style-css-av-gurkm-e63eed25c91d6678d59e3ba143447f6b\">\n.flex_column.av-gurkm-e63eed25c91d6678d59e3ba143447f6b{\nborder-radius:0px 0px 0px 0px;\npadding:0px 0px 0px 0px;\n}\n<\/style>\n<div  class='flex_column av-gurkm-e63eed25c91d6678d59e3ba143447f6b av_one_full  avia-builder-el-8  el_after_av_one_full  el_before_av_one_full  first flex_column_div av-zero-column-padding  column-top-margin'     ><section  class='av_textblock_section av-k38tvtpw-c8e33fe476d9333ab450159bc5a5460b '   itemscope=\"itemscope\" itemtype=\"https:\/\/schema.org\/CreativeWork\" ><div class='avia_textblock'  itemprop=\"text\" ><h1 style=\"text-align: center;\">Kahoot! \u2013 Wortschatz<\/h1>\n<h3 style=\"text-align: center;\"><a href=\"https:\/\/create.kahoot.it\/details\/b61a193f-8f5a-445f-9745-df59ec47281b\" target=\"_blank\" rel=\"noopener\"><strong>Kultur<\/strong><\/a><\/h3>\n<h3 style=\"text-align: center;\"><a href=\"https:\/\/create.kahoot.it\/details\/c6b76e20-7b66-498f-9e25-935c66803f54\" target=\"_blank\" rel=\"noopener\"><strong>Filmkritik<\/strong><\/a><\/h3>\n<h3 style=\"text-align: center;\"><a href=\"https:\/\/create.kahoot.it\/details\/22fd5ed6-0017-4976-b2d9-fce771be3d28\" target=\"_blank\" rel=\"noopener\"><strong>Filmgenres<\/strong><\/a><\/h3>\n<h3 style=\"text-align: center;\"><a href=\"https:\/\/create.kahoot.it\/details\/18254f94-606a-4546-9739-3ea799a31885\" target=\"_blank\" rel=\"noopener\"><strong>Film<\/strong><\/a><\/h3>\n<h3 style=\"text-align: center;\"><a href=\"https:\/\/create.kahoot.it\/details\/9872cc49-8037-4791-87ba-c2aa15ff14ac\" target=\"_blank\" rel=\"noopener\"><strong>Musikinstrumente<\/strong><\/a><\/h3>\n<\/div><\/section><\/div>\n<style type=\"text\/css\" data-created_by=\"avia_inline_auto\" id=\"style-css-av-8aicm-313c5002614bd53aa63629f9e9328f5f\">\n.flex_column.av-8aicm-313c5002614bd53aa63629f9e9328f5f{\nborder-radius:0px 0px 0px 0px;\npadding:0px 0px 0px 0px;\n}\n<\/style>\n<div  class='flex_column av-8aicm-313c5002614bd53aa63629f9e9328f5f av_one_full  avia-builder-el-10  el_after_av_one_full  el_before_av_one_half  first flex_column_div av-zero-column-padding  column-top-margin'     ><section  class='av_textblock_section av-k38twvpn-03d8116877a9fb583f00feff24480d76 '   itemscope=\"itemscope\" itemtype=\"https:\/\/schema.org\/CreativeWork\" ><div class='avia_textblock'  itemprop=\"text\" ><h1 style=\"text-align: center;\"><a href=\"https:\/\/create.kahoot.it\/details\/04cbc43a-95b1-48b6-995a-49b06fff13fa\" target=\"_blank\" rel=\"noopener\">Kahoot! \u2013 Wiederholung<\/a><\/h1>\n<\/div><\/section><\/div><div  class='flex_column av-av_one_half-a93934ecd89fbb8a9566d39e89cd3725 av_one_half  avia-builder-el-12  el_after_av_one_full  el_before_av_one_half  first flex_column_div  column-top-margin'     ><div  class='avia-button-wrap av-av_button-bdc2c4677e48ba7c9e9463cdb2ebfd67-wrap avia-button-right  avia-builder-el-13  avia-builder-el-no-sibling '><a href='https:\/\/klett.cz\/direkt\/online-kvizy-kahoot\/'  class='avia-button av-av_button-bdc2c4677e48ba7c9e9463cdb2ebfd67 av-link-btn avia-icon_select-no avia-size-x-large avia-position-right avia-color-theme-color'   aria-label=\"ZP\u011aT NA V\u00ddPIS KAHOOT!\"><span class='avia_iconbox_title' >ZP\u011aT NA V\u00ddPIS KAHOOT!<\/span><\/a><\/div><\/div><\/p>\n<div  class='flex_column av-av_one_half-d06667205e6186ec8414c6eb7605d406 av_one_half  avia-builder-el-14  el_after_av_one_half  avia-builder-el-last  flex_column_div  column-top-margin'     ><div  class='avia-button-wrap av-lanqvfc3-060f3008e2818590742a59545c7cca1c-wrap avia-button-left  avia-builder-el-15  avia-builder-el-no-sibling '><a href='https:\/\/klett.cz\/direkt\/kahoot-k-17-lekci-direkt-interaktiv\/'  class='avia-button av-lanqvfc3-060f3008e2818590742a59545c7cca1c av-link-btn avia-icon_select-no avia-size-x-large avia-position-left avia-color-theme-color'   aria-label=\"P\u0158EJ\u00cdT NA KAHOOT! K 17. LEKCI\"><span class='avia_iconbox_title' >P\u0158EJ\u00cdT NA KAHOOT! K 17. LEKCI<\/span><\/a><\/div><\/div>\n","protected":false},"excerpt":{"rendered":"","protected":false},"author":3,"featured_media":0,"parent":0,"menu_order":0,"comment_status":"closed","ping_status":"closed","template":"","meta":{"_exactmetrics_skip_tracking":false,"_exactmetrics_sitenote_active":false,"_exactmetrics_sitenote_note":"","_exactmetrics_sitenote_category":0,"footnotes":""},"class_list":["post-845","page","type-page","status-publish","hentry"],"_links":{"self":[{"href":"https:\/\/klett.cz\/direkt\/wp-json\/wp\/v2\/pages\/845","targetHints":{"allow":["GET"]}}],"collection":[{"href":"https:\/\/klett.cz\/direkt\/wp-json\/wp\/v2\/pages"}],"about":[{"href":"https:\/\/klett.cz\/direkt\/wp-json\/wp\/v2\/types\/page"}],"author":[{"embeddable":true,"href":"https:\/\/klett.cz\/direkt\/wp-json\/wp\/v2\/users\/3"}],"replies":[{"embeddable":true,"href":"https:\/\/klett.cz\/direkt\/wp-json\/wp\/v2\/comments?post=845"}],"version-history":[{"count":7,"href":"https:\/\/klett.cz\/direkt\/wp-json\/wp\/v2\/pages\/845\/revisions"}],"predecessor-version":[{"id":854,"href":"https:\/\/klett.cz\/direkt\/wp-json\/wp\/v2\/pages\/845\/revisions\/854"}],"wp:attachment":[{"href":"https:\/\/klett.cz\/direkt\/wp-json\/wp\/v2\/media?parent=845"}],"curies":[{"name":"wp","href":"https:\/\/api.w.org\/{rel}","templated":true}]}}