{"id":812,"date":"2022-04-12T16:13:13","date_gmt":"2022-04-12T14:13:13","guid":{"rendered":"https:\/\/klett.cz\/direkt\/?page_id=812"},"modified":"2025-10-20T09:21:51","modified_gmt":"2025-10-20T07:21:51","slug":"ukazky-materialy","status":"publish","type":"page","link":"https:\/\/klett.cz\/direkt\/ukazky-materialy\/","title":{"rendered":"Uk\u00e1zky a materi\u00e1ly"},"content":{"rendered":"<div  class='flex_column av-en8kc-4dee13a3a66db266643a343dc0dd0edb av_one_full  avia-builder-el-0  el_before_av_one_full  avia-builder-el-first  first flex_column_div  '     ><section  class='av_textblock_section av-l1w7umtx-f1ebdd1e62c3f594cbba1bb262044a13 '   itemscope=\"itemscope\" itemtype=\"https:\/\/schema.org\/CreativeWork\" ><div class='avia_textblock'  itemprop=\"text\" ><h1 style=\"text-align: center;\">MATERI\u00c1LY KE STA\u017dEN\u00cd A UK\u00c1ZKY Z LEKC\u00cd DIREKT INTERAKTIV<\/h1>\n<p style=\"text-align: center;\">Materi\u00e1ly jsou voln\u011b ke sta\u017een\u00ed \u010di poslechu bez nutnosti registrace a p\u0159ihl\u00e1\u0161en\u00ed. M\u00e1te-li dotazy ke zve\u0159ejn\u011bn\u00fdm materi\u00e1l\u016fm, obra\u0165te se na na\u0161i <strong><a href=\"http:\/\/klett.cz\/direkt\/kontakty\/\">infolinku<\/a>\u00a0<\/strong>nebo n\u00e1m napi\u0161te<strong>\u00a0<a href=\"https:\/\/klett.cz\/direkt\/kontakty\/\">e-mail<\/a>.<\/strong><\/p>\n<\/div><\/section><br \/>\n\n<style type=\"text\/css\" data-created_by=\"avia_inline_auto\" id=\"style-css-av-l1w7vust-fe3add67da30862fc55986bad61b8fff\">\n#top .hr.hr-invisible.av-l1w7vust-fe3add67da30862fc55986bad61b8fff{\nheight:50px;\n}\n<\/style>\n<div  class='hr av-l1w7vust-fe3add67da30862fc55986bad61b8fff hr-invisible  avia-builder-el-2  el_after_av_textblock  el_before_av_textblock '><span class='hr-inner '><span class=\"hr-inner-style\"><\/span><\/span><\/div><br \/>\n<section  class='av_textblock_section av-l1w7wemr-d2c665af5bf1d7b502598f36832e8e6c '   itemscope=\"itemscope\" itemtype=\"https:\/\/schema.org\/CreativeWork\" ><div class='avia_textblock'  itemprop=\"text\" ><h1 style=\"text-align: center;\">Uk\u00e1zky a materi\u00e1ly z Direkt interaktiv 1<\/h1>\n<\/div><\/section><br \/>\n<div id='av-masonry-1' class='av-masonry av-l1w7xyxl-0cad19597084302ffc1cdcd7f7553162 noHover av-flex-size av-large-gap av-hover-overlay-active av-masonry-animation-active av-masonry-col-flexible av-caption-always av-caption-style- av-masonry-gallery ' data-post_id=\"812\"><div class=\"av-masonry-container isotope av-js-disabled\"><div class='av-masonry-entry isotope-item av-masonry-item-no-image '><\/div><a href=\"https:\/\/online.fliphtml5.com\/woejv\/nhrx\/\"  aria-label=\"image Uk\u00e1zka u\u010debnice s pracovn\u00edm se\u0161item\"  target=\"_blank\" rel=\"noopener noreferrer\" id='av-masonry-1-item-104' data-av-masonry-item='104' class='av-masonry-entry isotope-item post-104 attachment type-attachment status-inherit hentry  av-masonry-item-with-image' title=\"Uk\u00e1zka u\u010debnice s pracovn\u00edm se\u0161item\" alt=\"\"  data-av-masonry-custom-link=\"https:\/\/online.fliphtml5.com\/woejv\/nhrx\/\"  itemprop=\"thumbnailUrl\" ><div class='av-inner-masonry-sizer'><\/div><figure class='av-inner-masonry main_color'><div class=\"av-masonry-outerimage-container\"><div class='av-masonry-image-container'  ><img decoding=\"async\" width=\"425\" height=\"600\" fetchpriority=\"high\" class=\"wp-image-104 avia-img-lazy-loading-not-104\"  src=\"https:\/\/klett.cz\/direkt\/wp-content\/uploads\/2019\/03\/DIREKT_1dil_2D.png\" title=\"Uk\u00e1zka u\u010debnice s pracovn\u00edm se\u0161item\" alt=\"\" srcset=\"https:\/\/klett.cz\/direkt\/wp-content\/uploads\/2019\/03\/DIREKT_1dil_2D.png 425w, https:\/\/klett.cz\/direkt\/wp-content\/uploads\/2019\/03\/DIREKT_1dil_2D-213x300.png 213w\" sizes=\"(max-width: 425px) 100vw, 425px\" \/><\/div><\/div><figcaption class='av-inner-masonry-content site-background'><div class='av-inner-masonry-content-pos'><div class='av-inner-masonry-content-pos-content'><div class='avia-arrow'><\/div><h3 class='av-masonry-entry-title entry-title '  itemprop=\"headline\" >Uk\u00e1zka u\u010debnice s pracovn\u00edm se\u0161item<\/h3><\/div><\/div><\/figcaption><\/figure><\/a><!--end av-masonry entry--><a href=\"https:\/\/online.fliphtml5.com\/woejv\/ybmv\/\"  aria-label=\"image Uk\u00e1zka cvi\u010debnice Intensivtrainer\"  target=\"_blank\" rel=\"noopener noreferrer\" id='av-masonry-1-item-110' data-av-masonry-item='110' class='av-masonry-entry isotope-item post-110 attachment type-attachment status-inherit hentry  av-masonry-item-with-image' title=\"Uk\u00e1zka cvi\u010debnice Intensivtrainer\" alt=\"\"  data-av-masonry-custom-link=\"https:\/\/online.fliphtml5.com\/woejv\/ybmv\/\"  itemprop=\"thumbnailUrl\" ><div class='av-inner-masonry-sizer'><\/div><figure class='av-inner-masonry main_color'><div class=\"av-masonry-outerimage-container\"><div class='av-masonry-image-container'  ><img decoding=\"async\" width=\"425\" height=\"600\" fetchpriority=\"high\" class=\"wp-image-110 avia-img-lazy-loading-not-110\"  src=\"https:\/\/klett.cz\/direkt\/wp-content\/uploads\/2019\/03\/V\u00fdst\u0159i\u017eek_Direkt_cvi\u010debnice2.png\" title=\"Uk\u00e1zka cvi\u010debnice Intensivtrainer\" alt=\"\" srcset=\"https:\/\/klett.cz\/direkt\/wp-content\/uploads\/2019\/03\/V\u00fdst\u0159i\u017eek_Direkt_cvi\u010debnice2.png 425w, https:\/\/klett.cz\/direkt\/wp-content\/uploads\/2019\/03\/V\u00fdst\u0159i\u017eek_Direkt_cvi\u010debnice2-213x300.png 213w\" sizes=\"(max-width: 425px) 100vw, 425px\" \/><\/div><\/div><figcaption class='av-inner-masonry-content site-background'><div class='av-inner-masonry-content-pos'><div class='av-inner-masonry-content-pos-content'><div class='avia-arrow'><\/div><h3 class='av-masonry-entry-title entry-title '  itemprop=\"headline\" >Uk\u00e1zka cvi\u010debnice Intensivtrainer<\/h3><\/div><\/div><\/figcaption><\/figure><\/a><!--end av-masonry entry--><a href=\"https:\/\/klett.cz\/direkt\/wp-content\/uploads\/2019\/03\/Metodika-Direkt-04-CZ_nahled.pdf\"  aria-label=\"image Uk\u00e1zka metodick\u00e9 p\u0159\u00edru\u010dky\"  target=\"_blank\" rel=\"noopener noreferrer\" id='av-masonry-1-item-114' data-av-masonry-item='114' class='av-masonry-entry isotope-item post-114 attachment type-attachment status-inherit hentry  av-masonry-item-with-image' title=\"Uk\u00e1zka metodick\u00e9 p\u0159\u00edru\u010dky\" alt=\"\"  data-av-masonry-custom-link=\"https:\/\/klett.cz\/direkt\/wp-content\/uploads\/2019\/03\/Metodika-Direkt-04-CZ_nahled.pdf\"  itemprop=\"thumbnailUrl\" ><div class='av-inner-masonry-sizer'><\/div><figure class='av-inner-masonry main_color'><div class=\"av-masonry-outerimage-container\"><div class='av-masonry-image-container'  ><img decoding=\"async\" width=\"425\" height=\"600\" fetchpriority=\"high\" class=\"wp-image-114 avia-img-lazy-loading-not-114\"  src=\"https:\/\/klett.cz\/direkt\/wp-content\/uploads\/2019\/03\/V\u00fdst\u0159i\u017eek_DI_metodika2-1.png\" title=\"Uk\u00e1zka metodick\u00e9 p\u0159\u00edru\u010dky\" alt=\"\" srcset=\"https:\/\/klett.cz\/direkt\/wp-content\/uploads\/2019\/03\/V\u00fdst\u0159i\u017eek_DI_metodika2-1.png 425w, https:\/\/klett.cz\/direkt\/wp-content\/uploads\/2019\/03\/V\u00fdst\u0159i\u017eek_DI_metodika2-1-213x300.png 213w\" sizes=\"(max-width: 425px) 100vw, 425px\" \/><\/div><\/div><figcaption class='av-inner-masonry-content site-background'><div class='av-inner-masonry-content-pos'><div class='av-inner-masonry-content-pos-content'><div class='avia-arrow'><\/div><h3 class='av-masonry-entry-title entry-title '  itemprop=\"headline\" >Uk\u00e1zka metodick\u00e9 p\u0159\u00edru\u010dky<\/h3><\/div><\/div><\/figcaption><\/figure><\/a><!--end av-masonry entry--><a href=\"https:\/\/klett.cz\/direkt\/wp-content\/uploads\/2019\/03\/testy_CB.pdf\"  aria-label=\"image Uk\u00e1zka test\u016f k Direkt interaktiv\"  target=\"_blank\" rel=\"noopener noreferrer\" id='av-masonry-1-item-111' data-av-masonry-item='111' class='av-masonry-entry isotope-item post-111 attachment type-attachment status-inherit hentry  av-masonry-item-with-image' title=\"Uk\u00e1zka test\u016f k Direkt interaktiv\" alt=\"\"  data-av-masonry-custom-link=\"https:\/\/klett.cz\/direkt\/wp-content\/uploads\/2019\/03\/testy_CB.pdf\"  itemprop=\"thumbnailUrl\" ><div class='av-inner-masonry-sizer'><\/div><figure class='av-inner-masonry main_color'><div class=\"av-masonry-outerimage-container\"><div class='av-masonry-image-container'  ><img decoding=\"async\" width=\"425\" height=\"600\" fetchpriority=\"high\" class=\"wp-image-111 avia-img-lazy-loading-not-111\"  src=\"https:\/\/klett.cz\/direkt\/wp-content\/uploads\/2019\/03\/V\u00fdst\u0159i\u017eek_direkt_testy2.png\" title=\"Uk\u00e1zka test\u016f k Direkt interaktiv\" alt=\"\" srcset=\"https:\/\/klett.cz\/direkt\/wp-content\/uploads\/2019\/03\/V\u00fdst\u0159i\u017eek_direkt_testy2.png 425w, https:\/\/klett.cz\/direkt\/wp-content\/uploads\/2019\/03\/V\u00fdst\u0159i\u017eek_direkt_testy2-213x300.png 213w\" sizes=\"(max-width: 425px) 100vw, 425px\" \/><\/div><\/div><figcaption class='av-inner-masonry-content site-background'><div class='av-inner-masonry-content-pos'><div class='av-inner-masonry-content-pos-content'><div class='avia-arrow'><\/div><h3 class='av-masonry-entry-title entry-title '  itemprop=\"headline\" >Uk\u00e1zka test\u016f k Direkt interaktiv<\/h3><\/div><\/div><\/figcaption><\/figure><\/a><!--end av-masonry entry--><\/div><\/div><br \/>\n<div  class='avia-button-wrap av-l1w7z8p4-1645a9b2a8c08ed583341eaa6bb2bd4a-wrap avia-button-center  avia-builder-el-5  el_after_av_masonry_gallery  avia-builder-el-no-sibling '><a href='https:\/\/klett.cz\/direkt\/ukazky-materialy-direkt-interaktiv-1\/'  class='avia-button av-l1w7z8p4-1645a9b2a8c08ed583341eaa6bb2bd4a av-link-btn avia-icon_select-no avia-size-x-large avia-position-center avia-color-theme-color'   aria-label=\"ZOBRAZIT DAL\u0160\u00cd UK\u00c1ZKY K DIREKT INTERAKTIV 1\"><span class='avia_iconbox_title' >ZOBRAZIT DAL\u0160\u00cd UK\u00c1ZKY K DIREKT INTERAKTIV 1<\/span><\/a><\/div><\/p><\/div><div  class='flex_column av-81qes-c05eccd4ce0a0532155d39bd2475afbe av_one_full  avia-builder-el-6  el_after_av_one_full  avia-builder-el-last  first flex_column_div  column-top-margin'     ><p>\n<style type=\"text\/css\" data-created_by=\"avia_inline_auto\" id=\"style-css-av-okvw-f3e7836f45af195d3e3a5a9280dba8a9\">\n#top .hr.hr-invisible.av-okvw-f3e7836f45af195d3e3a5a9280dba8a9{\nheight:80px;\n}\n<\/style>\n<div  class='hr av-okvw-f3e7836f45af195d3e3a5a9280dba8a9 hr-invisible  avia-builder-el-7  el_before_av_textblock  avia-builder-el-first '><span class='hr-inner '><span class=\"hr-inner-style\"><\/span><\/span><\/div><br \/>\n<section  class='av_textblock_section av-l1w7znib-d1a03251dec7b6159edd9858d110890a '   itemscope=\"itemscope\" itemtype=\"https:\/\/schema.org\/CreativeWork\" ><div class='avia_textblock'  itemprop=\"text\" ><h1 style=\"text-align: center;\">Uk\u00e1zky a materi\u00e1ly z Direkt interaktiv 2<\/h1>\n<\/div><\/section><br \/>\n<div id='av-masonry-2' class='av-masonry av-l1w80hh9-6a34c1e0cab78e9dd38ba9a612208119 noHover av-flex-size av-large-gap av-hover-overlay-active av-masonry-animation-active av-masonry-col-flexible av-caption-always av-caption-style- av-masonry-gallery ' data-post_id=\"812\"><div class=\"av-masonry-container isotope av-js-disabled\"><div class='av-masonry-entry isotope-item av-masonry-item-no-image '><\/div><a href=\"https:\/\/online.fliphtml5.com\/woejv\/wehq\/\"  aria-label=\"image Uk\u00e1zka u\u010debnice s pracovn\u00edm se\u0161item\"  target=\"_blank\" rel=\"noopener noreferrer\" id='av-masonry-2-item-794' data-av-masonry-item='794' class='av-masonry-entry isotope-item post-794 attachment type-attachment status-inherit hentry  av-masonry-item-with-image' title=\"Uk\u00e1zka u\u010debnice s pracovn\u00edm se\u0161item\" alt=\"\"  data-av-masonry-custom-link=\"https:\/\/online.fliphtml5.com\/woejv\/wehq\/\"  itemprop=\"thumbnailUrl\" ><div class='av-inner-masonry-sizer'><\/div><figure class='av-inner-masonry main_color'><div class=\"av-masonry-outerimage-container\"><div class='av-masonry-image-container'  ><img decoding=\"async\" width=\"497\" height=\"705\" fetchpriority=\"high\" class=\"wp-image-794 avia-img-lazy-loading-not-794\"  src=\"https:\/\/klett.cz\/direkt\/wp-content\/uploads\/2022\/04\/direkt-2-ucebnice.png\" title=\"Uk\u00e1zka u\u010debnice s pracovn\u00edm se\u0161item\" alt=\"\" srcset=\"https:\/\/klett.cz\/direkt\/wp-content\/uploads\/2022\/04\/direkt-2-ucebnice.png 497w, https:\/\/klett.cz\/direkt\/wp-content\/uploads\/2022\/04\/direkt-2-ucebnice-211x300.png 211w\" sizes=\"(max-width: 497px) 100vw, 497px\" \/><\/div><\/div><figcaption class='av-inner-masonry-content site-background'><div class='av-inner-masonry-content-pos'><div class='av-inner-masonry-content-pos-content'><div class='avia-arrow'><\/div><h3 class='av-masonry-entry-title entry-title '  itemprop=\"headline\" >Uk\u00e1zka u\u010debnice s pracovn\u00edm se\u0161item<\/h3><\/div><\/div><\/figcaption><\/figure><\/a><!--end av-masonry entry--><a href=\"https:\/\/online.fliphtml5.com\/woejv\/fkoz\/#p=1\"  aria-label=\"image Uk\u00e1zka cvi\u010debnice Intensivtrainer\"  target=\"_blank\" rel=\"noopener noreferrer\" id='av-masonry-2-item-793' data-av-masonry-item='793' class='av-masonry-entry isotope-item post-793 attachment type-attachment status-inherit hentry  av-masonry-item-with-image' title=\"Uk\u00e1zka cvi\u010debnice Intensivtrainer\" alt=\"\"  data-av-masonry-custom-link=\"https:\/\/online.fliphtml5.com\/woejv\/fkoz\/#p=1\"  itemprop=\"thumbnailUrl\" ><div class='av-inner-masonry-sizer'><\/div><figure class='av-inner-masonry main_color'><div class=\"av-masonry-outerimage-container\"><div class='av-masonry-image-container'  ><img decoding=\"async\" width=\"497\" height=\"705\" fetchpriority=\"high\" class=\"wp-image-793 avia-img-lazy-loading-not-793\"  src=\"https:\/\/klett.cz\/direkt\/wp-content\/uploads\/2022\/04\/direkt-2-cvicebnice.png\" title=\"Uk\u00e1zka cvi\u010debnice Intensivtrainer\" alt=\"\" srcset=\"https:\/\/klett.cz\/direkt\/wp-content\/uploads\/2022\/04\/direkt-2-cvicebnice.png 497w, https:\/\/klett.cz\/direkt\/wp-content\/uploads\/2022\/04\/direkt-2-cvicebnice-211x300.png 211w\" sizes=\"(max-width: 497px) 100vw, 497px\" \/><\/div><\/div><figcaption class='av-inner-masonry-content site-background'><div class='av-inner-masonry-content-pos'><div class='av-inner-masonry-content-pos-content'><div class='avia-arrow'><\/div><h3 class='av-masonry-entry-title entry-title '  itemprop=\"headline\" >Uk\u00e1zka cvi\u010debnice Intensivtrainer<\/h3><\/div><\/div><\/figcaption><\/figure><\/a><!--end av-masonry entry--><a href=\"https:\/\/klett.cz\/direkt\/wp-content\/uploads\/2022\/04\/Direkt-interaktiv-2-metodika-ukazka.pdf\"  aria-label=\"image Uk\u00e1zka metodick\u00e9 p\u0159\u00edru\u010dky\"  target=\"_blank\" rel=\"noopener noreferrer\" id='av-masonry-2-item-791' data-av-masonry-item='791' class='av-masonry-entry isotope-item post-791 attachment type-attachment status-inherit hentry  av-masonry-item-with-image' title=\"Uk\u00e1zka metodick\u00e9 p\u0159\u00edru\u010dky\" alt=\"\"  data-av-masonry-custom-link=\"https:\/\/klett.cz\/direkt\/wp-content\/uploads\/2022\/04\/Direkt-interaktiv-2-metodika-ukazka.pdf\"  itemprop=\"thumbnailUrl\" ><div class='av-inner-masonry-sizer'><\/div><figure class='av-inner-masonry main_color'><div class=\"av-masonry-outerimage-container\"><div class='av-masonry-image-container'  ><img decoding=\"async\" width=\"497\" height=\"705\" fetchpriority=\"high\" class=\"wp-image-791 avia-img-lazy-loading-not-791\"  src=\"https:\/\/klett.cz\/direkt\/wp-content\/uploads\/2022\/04\/direkt-2-metodika.png\" title=\"Uk\u00e1zka metodick\u00e9 p\u0159\u00edru\u010dky\" alt=\"\" srcset=\"https:\/\/klett.cz\/direkt\/wp-content\/uploads\/2022\/04\/direkt-2-metodika.png 497w, https:\/\/klett.cz\/direkt\/wp-content\/uploads\/2022\/04\/direkt-2-metodika-211x300.png 211w\" sizes=\"(max-width: 497px) 100vw, 497px\" \/><\/div><\/div><figcaption class='av-inner-masonry-content site-background'><div class='av-inner-masonry-content-pos'><div class='av-inner-masonry-content-pos-content'><div class='avia-arrow'><\/div><h3 class='av-masonry-entry-title entry-title '  itemprop=\"headline\" >Uk\u00e1zka metodick\u00e9 p\u0159\u00edru\u010dky<\/h3><\/div><\/div><\/figcaption><\/figure><\/a><!--end av-masonry entry--><a href=\"https:\/\/klett.cz\/direkt\/wp-content\/uploads\/2022\/04\/Direkt-interaktiv-2-testy-ukazka.pdf\"  aria-label=\"image Uk\u00e1zka test\u016f k Direkt interaktiv 2\"  target=\"_blank\" rel=\"noopener noreferrer\" id='av-masonry-2-item-792' data-av-masonry-item='792' class='av-masonry-entry isotope-item post-792 attachment type-attachment status-inherit hentry  av-masonry-item-with-image' title=\"Uk\u00e1zka test\u016f k Direkt interaktiv 2\" alt=\"\"  data-av-masonry-custom-link=\"https:\/\/klett.cz\/direkt\/wp-content\/uploads\/2022\/04\/Direkt-interaktiv-2-testy-ukazka.pdf\"  itemprop=\"thumbnailUrl\" ><div class='av-inner-masonry-sizer'><\/div><figure class='av-inner-masonry main_color'><div class=\"av-masonry-outerimage-container\"><div class='av-masonry-image-container'  ><img decoding=\"async\" width=\"497\" height=\"705\" fetchpriority=\"high\" class=\"wp-image-792 avia-img-lazy-loading-not-792\"  src=\"https:\/\/klett.cz\/direkt\/wp-content\/uploads\/2022\/04\/direkt-2-testy.png\" title=\"Uk\u00e1zka test\u016f k Direkt interaktiv 2\" alt=\"\" srcset=\"https:\/\/klett.cz\/direkt\/wp-content\/uploads\/2022\/04\/direkt-2-testy.png 497w, https:\/\/klett.cz\/direkt\/wp-content\/uploads\/2022\/04\/direkt-2-testy-211x300.png 211w\" sizes=\"(max-width: 497px) 100vw, 497px\" \/><\/div><\/div><figcaption class='av-inner-masonry-content site-background'><div class='av-inner-masonry-content-pos'><div class='av-inner-masonry-content-pos-content'><div class='avia-arrow'><\/div><h3 class='av-masonry-entry-title entry-title '  itemprop=\"headline\" >Uk\u00e1zka test\u016f k Direkt interaktiv 2<\/h3><\/div><\/div><\/figcaption><\/figure><\/a><!--end av-masonry entry--><\/div><\/div><br \/>\n<div  class='avia-button-wrap av-l1w81tmj-70a257b280e4f488887cc2a9a95c2866-wrap avia-button-center  avia-builder-el-10  el_after_av_masonry_gallery  avia-builder-el-no-sibling '><a href='https:\/\/klett.cz\/direkt\/ukazky-materialy-direkt-interaktiv-2\/'  class='avia-button av-l1w81tmj-70a257b280e4f488887cc2a9a95c2866 av-link-btn avia-icon_select-no avia-size-x-large avia-position-center avia-color-theme-color'   aria-label=\"ZOBRAZIT DAL\u0160\u00cd UK\u00c1ZKY K DIREKT INTERAKTIV 2\"><span class='avia_iconbox_title' >ZOBRAZIT DAL\u0160\u00cd UK\u00c1ZKY K DIREKT INTERAKTIV 2<\/span><\/a><\/div><\/p><\/div><\/p>\n","protected":false},"excerpt":{"rendered":"","protected":false},"author":3,"featured_media":0,"parent":0,"menu_order":0,"comment_status":"closed","ping_status":"closed","template":"","meta":{"_exactmetrics_skip_tracking":false,"_exactmetrics_sitenote_active":false,"_exactmetrics_sitenote_note":"","_exactmetrics_sitenote_category":0,"footnotes":""},"class_list":["post-812","page","type-page","status-publish","hentry"],"_links":{"self":[{"href":"https:\/\/klett.cz\/direkt\/wp-json\/wp\/v2\/pages\/812","targetHints":{"allow":["GET"]}}],"collection":[{"href":"https:\/\/klett.cz\/direkt\/wp-json\/wp\/v2\/pages"}],"about":[{"href":"https:\/\/klett.cz\/direkt\/wp-json\/wp\/v2\/types\/page"}],"author":[{"embeddable":true,"href":"https:\/\/klett.cz\/direkt\/wp-json\/wp\/v2\/users\/3"}],"replies":[{"embeddable":true,"href":"https:\/\/klett.cz\/direkt\/wp-json\/wp\/v2\/comments?post=812"}],"version-history":[{"count":7,"href":"https:\/\/klett.cz\/direkt\/wp-json\/wp\/v2\/pages\/812\/revisions"}],"predecessor-version":[{"id":1017,"href":"https:\/\/klett.cz\/direkt\/wp-json\/wp\/v2\/pages\/812\/revisions\/1017"}],"wp:attachment":[{"href":"https:\/\/klett.cz\/direkt\/wp-json\/wp\/v2\/media?parent=812"}],"curies":[{"name":"wp","href":"https:\/\/api.w.org\/{rel}","templated":true}]}}