{"id":651,"date":"2021-09-20T17:47:39","date_gmt":"2021-09-20T15:47:39","guid":{"rendered":"https:\/\/klett.cz\/direkt\/?page_id=651"},"modified":"2022-01-10T09:21:19","modified_gmt":"2022-01-10T08:21:19","slug":"kahoot-k-12-lekci-direkt-interaktiv-2","status":"publish","type":"page","link":"https:\/\/klett.cz\/direkt\/kahoot-k-12-lekci-direkt-interaktiv-2\/","title":{"rendered":"Kahoot! k 12. lekci Direkt interaktiv 2"},"content":{"rendered":"\n<style type=\"text\/css\" data-created_by=\"avia_inline_auto\" id=\"style-css-av-zb6jy-f10f8d3afedd05d826141fc8eea77f7f\">\n.flex_column.av-zb6jy-f10f8d3afedd05d826141fc8eea77f7f{\nborder-radius:0px 0px 0px 0px;\npadding:0px 0px 0px 0px;\n}\n<\/style>\n<div  class='flex_column av-zb6jy-f10f8d3afedd05d826141fc8eea77f7f av_one_full  avia-builder-el-0  el_before_av_one_full  avia-builder-el-first  first flex_column_div av-zero-column-padding  '     ><p>\n<style type=\"text\/css\" data-created_by=\"avia_inline_auto\" id=\"style-css-av-k38tzf9i-a855a7e75cd04d1c366097f718686b83\">\n.avia-image-container.av-k38tzf9i-a855a7e75cd04d1c366097f718686b83 img.avia_image{\nbox-shadow:none;\n}\n.avia-image-container.av-k38tzf9i-a855a7e75cd04d1c366097f718686b83 .av-image-caption-overlay-center{\ncolor:#ffffff;\n}\n<\/style>\n<div  class='avia-image-container av-k38tzf9i-a855a7e75cd04d1c366097f718686b83 av-styling- avia-align-center  avia-builder-el-1  el_before_av_hr  avia-builder-el-first '   itemprop=\"image\" itemscope=\"itemscope\" itemtype=\"https:\/\/schema.org\/ImageObject\" ><div class=\"avia-image-container-inner\"><div class=\"avia-image-overlay-wrap\"><img decoding=\"async\" fetchpriority=\"high\" class='wp-image-267 avia-img-lazy-loading-not-267 avia_image ' src=\"https:\/\/klett.cz\/direkt\/wp-content\/uploads\/2019\/11\/1280px-Kahoot_Logo.svg_-300x102.png\" alt='' title='1280px-Kahoot_Logo.svg_'  height=\"102\" width=\"300\"  itemprop=\"thumbnailUrl\" srcset=\"https:\/\/klett.cz\/direkt\/wp-content\/uploads\/2019\/11\/1280px-Kahoot_Logo.svg_-300x102.png 300w, https:\/\/klett.cz\/direkt\/wp-content\/uploads\/2019\/11\/1280px-Kahoot_Logo.svg_-768x262.png 768w, https:\/\/klett.cz\/direkt\/wp-content\/uploads\/2019\/11\/1280px-Kahoot_Logo.svg_-1030x351.png 1030w, https:\/\/klett.cz\/direkt\/wp-content\/uploads\/2019\/11\/1280px-Kahoot_Logo.svg_.png 1280w, https:\/\/klett.cz\/direkt\/wp-content\/uploads\/2019\/11\/1280px-Kahoot_Logo.svg_-705x240.png 705w, https:\/\/klett.cz\/direkt\/wp-content\/uploads\/2019\/11\/1280px-Kahoot_Logo.svg_-450x153.png 450w\" sizes=\"(max-width: 300px) 100vw, 300px\" \/><\/div><\/div><\/div><br \/>\n\n<style type=\"text\/css\" data-created_by=\"avia_inline_auto\" id=\"style-css-av-k38u05lj-99752b46ea943530e6a100015dbb625c\">\n#top .hr.hr-invisible.av-k38u05lj-99752b46ea943530e6a100015dbb625c{\nheight:50px;\n}\n<\/style>\n<div  class='hr av-k38u05lj-99752b46ea943530e6a100015dbb625c hr-invisible  avia-builder-el-2  el_after_av_image  el_before_av_textblock '><span class='hr-inner '><span class=\"hr-inner-style\"><\/span><\/span><\/div><br \/>\n<section  class='av_textblock_section av-k38tz0yb-dd10985f255037945e16a3cc180fea4b '   itemscope=\"itemscope\" itemtype=\"https:\/\/schema.org\/CreativeWork\" ><div class='avia_textblock'  itemprop=\"text\" ><h1 style=\"text-align: center;\">Z\u00e1bavn\u00e9 kv\u00edzy Kahoot! k 12. lekci u\u010debnice Direkt interaktiv 2<\/h1>\n<\/div><\/section><br \/>\n\n<style type=\"text\/css\" data-created_by=\"avia_inline_auto\" id=\"style-css-av-k38u05lj-99752b46ea943530e6a100015dbb625c\">\n#top .hr.hr-invisible.av-k38u05lj-99752b46ea943530e6a100015dbb625c{\nheight:50px;\n}\n<\/style>\n<div  class='hr av-k38u05lj-99752b46ea943530e6a100015dbb625c hr-invisible  avia-builder-el-4  el_after_av_textblock  el_before_av_image '><span class='hr-inner '><span class=\"hr-inner-style\"><\/span><\/span><\/div><br \/>\n\n<style type=\"text\/css\" data-created_by=\"avia_inline_auto\" id=\"style-css-av-k38u3d9e-24f793a5a49961bbc76f8e50a7f2f356\">\n.avia-image-container.av-k38u3d9e-24f793a5a49961bbc76f8e50a7f2f356 img.avia_image{\nbox-shadow:none;\n}\n.avia-image-container.av-k38u3d9e-24f793a5a49961bbc76f8e50a7f2f356 .av-image-caption-overlay-center{\ncolor:#ffffff;\n}\n<\/style>\n<div  class='avia-image-container av-k38u3d9e-24f793a5a49961bbc76f8e50a7f2f356 av-styling- avia-align-center  avia-builder-el-5  el_after_av_hr  avia-builder-el-last '   itemprop=\"image\" itemscope=\"itemscope\" itemtype=\"https:\/\/schema.org\/ImageObject\" ><div class=\"avia-image-container-inner\"><div class=\"avia-image-overlay-wrap\"><img decoding=\"async\" fetchpriority=\"high\" class='wp-image-647 avia-img-lazy-loading-not-647 avia_image ' src=\"https:\/\/klett.cz\/direkt\/wp-content\/uploads\/2021\/09\/kahoot-12.png\" alt='' title='kahoot-12'  height=\"600\" width=\"379\"  itemprop=\"thumbnailUrl\" srcset=\"https:\/\/klett.cz\/direkt\/wp-content\/uploads\/2021\/09\/kahoot-12.png 379w, https:\/\/klett.cz\/direkt\/wp-content\/uploads\/2021\/09\/kahoot-12-190x300.png 190w\" sizes=\"(max-width: 379px) 100vw, 379px\" \/><\/div><\/div><\/div><\/p><\/div>\n\n<style type=\"text\/css\" data-created_by=\"avia_inline_auto\" id=\"style-css-av-buu8r-e837147776c551ea0d7d2be500f4d9b5\">\n.flex_column.av-buu8r-e837147776c551ea0d7d2be500f4d9b5{\nborder-radius:0px 0px 0px 0px;\npadding:0px 0px 0px 0px;\n}\n<\/style>\n<div  class='flex_column av-buu8r-e837147776c551ea0d7d2be500f4d9b5 av_one_full  avia-builder-el-6  el_after_av_one_full  el_before_av_one_full  first flex_column_div av-zero-column-padding  column-top-margin'     ><section  class='av_textblock_section av-ktsti9dz-d1829e44c4e5e6e0309a58157b8f5a55 '   itemscope=\"itemscope\" itemtype=\"https:\/\/schema.org\/CreativeWork\" ><div class='avia_textblock'  itemprop=\"text\" ><h1 style=\"text-align: center;\">Kahoot! \u2013 Grammatik<\/h1>\n<h3 style=\"text-align: center;\"><a href=\"https:\/\/create.kahoot.it\/details\/97d0f5d5-920c-4952-9c92-d5bfdf2331a9\">Stup\u0148ov\u00e1n\u00ed p\u0159\u00eddavn\u00fdch jmen 1<\/a><\/h3>\n<h3 style=\"text-align: center;\"><a href=\"https:\/\/create.kahoot.it\/details\/ec6cc5dc-8d5b-4467-b8a8-fbb93f21995f\">Stup\u0148ov\u00e1n\u00ed p\u0159\u00eddavn\u00fdch jmen 2<\/a><\/h3>\n<h3 style=\"text-align: center;\"><a href=\"https:\/\/create.kahoot.it\/details\/7d93e332-2d45-4cef-a958-77890210ccd1\">Zvratn\u00e1 slovesa<\/a><\/h3>\n<h3 style=\"text-align: center;\"><a href=\"https:\/\/create.kahoot.it\/details\/c990879e-3600-4f45-aa7a-9e70a429d562\">Minul\u00e9 \u010dasy &#8211; nepravideln\u00e9 tvary<\/a><\/h3>\n<h3 style=\"text-align: center;\"><a href=\"https:\/\/create.kahoot.it\/details\/d25de3ca-9902-4238-b337-e78c50faff43\">P\u0159edlo\u017eky a zem\u011bpisn\u00e9 n\u00e1zvy 1<\/a><\/h3>\n<h3 style=\"text-align: center;\"><a href=\"https:\/\/create.kahoot.it\/details\/caa8d79c-dbee-4a99-b55b-3451fe4db926\">P\u0159edlo\u017eky a zem\u011bpisn\u00e9 n\u00e1zvy 2<\/a><\/h3>\n<h3 style=\"text-align: center;\"><a href=\"https:\/\/create.kahoot.it\/details\/10c5cf9a-05c9-4495-80f5-81f6429a0a31\">Minul\u00e9 \u010dasy \u2013 t\u00e9ma Klassenfahrt nach Deutschland 1<\/a><\/h3>\n<h3 style=\"text-align: center;\"><a href=\"https:\/\/create.kahoot.it\/details\/2edd4c94-984c-4918-aa90-b9d4527b9f93\">Minul\u00e9 \u010dasy \u2013 t\u00e9ma Klassenfahrt nach Deutschland 2<\/a><\/h3>\n<\/div><\/section><\/div>\n\n<style type=\"text\/css\" data-created_by=\"avia_inline_auto\" id=\"style-css-av-buu8r-e837147776c551ea0d7d2be500f4d9b5\">\n.flex_column.av-buu8r-e837147776c551ea0d7d2be500f4d9b5{\nborder-radius:0px 0px 0px 0px;\npadding:0px 0px 0px 0px;\n}\n<\/style>\n<div  class='flex_column av-buu8r-e837147776c551ea0d7d2be500f4d9b5 av_one_full  avia-builder-el-8  el_after_av_one_full  el_before_av_one_full  first flex_column_div av-zero-column-padding  column-top-margin'     ><section  class='av_textblock_section av-ktsti9dz-d1829e44c4e5e6e0309a58157b8f5a55 '   itemscope=\"itemscope\" itemtype=\"https:\/\/schema.org\/CreativeWork\" ><div class='avia_textblock'  itemprop=\"text\" ><h1 style=\"text-align: center;\">Kahoot! \u2013 Wortschatz<\/h1>\n<h3 style=\"text-align: center;\"><a href=\"https:\/\/create.kahoot.it\/details\/86dc4486-5cb9-4047-9e5d-ab770b34482a\">Verkehrsmeldung<\/a><\/h3>\n<h3 style=\"text-align: center;\"><a href=\"https:\/\/create.kahoot.it\/details\/76861cde-21f3-4766-9cbf-35db9a18310d\">Emoce<\/a><\/h3>\n<h3 style=\"text-align: center;\"><a href=\"https:\/\/create.kahoot.it\/details\/6333db51-89e7-42e5-82ca-6674721d1fa5\">Landschaft<\/a><\/h3>\n<\/div><\/section><\/div>\n\n<style type=\"text\/css\" data-created_by=\"avia_inline_auto\" id=\"style-css-av-buu8r-e837147776c551ea0d7d2be500f4d9b5\">\n.flex_column.av-buu8r-e837147776c551ea0d7d2be500f4d9b5{\nborder-radius:0px 0px 0px 0px;\npadding:0px 0px 0px 0px;\n}\n<\/style>\n<div  class='flex_column av-buu8r-e837147776c551ea0d7d2be500f4d9b5 av_one_full  avia-builder-el-10  el_after_av_one_full  el_before_av_one_full  first flex_column_div av-zero-column-padding  column-top-margin'     ><section  class='av_textblock_section av-ktsti9dz-d1829e44c4e5e6e0309a58157b8f5a55 '   itemscope=\"itemscope\" itemtype=\"https:\/\/schema.org\/CreativeWork\" ><div class='avia_textblock'  itemprop=\"text\" ><h1 style=\"text-align: center;\"><a href=\"https:\/\/create.kahoot.it\/details\/e368fa6c-3c5f-4e76-833b-1ed209d1677a\">Kahoot! \u2013 Wiederholung<\/a><\/h1>\n<\/div><\/section><\/div>\n<div  class='flex_column av-av_one_full-a93934ecd89fbb8a9566d39e89cd3725 av_one_full  avia-builder-el-12  el_after_av_one_full  el_before_av_one_half  first flex_column_div  column-top-margin'     ><\/div>\n<div  class='flex_column av-av_one_half-a93934ecd89fbb8a9566d39e89cd3725 av_one_half  avia-builder-el-13  el_after_av_one_full  el_before_av_one_half  first flex_column_div  column-top-margin'     ><div  class='avia-button-wrap av-av_button-bdc2c4677e48ba7c9e9463cdb2ebfd67-wrap avia-button-right  avia-builder-el-14  avia-builder-el-no-sibling '><a href='https:\/\/klett.cz\/direkt\/online-kvizy-kahoot\/'  class='avia-button av-av_button-bdc2c4677e48ba7c9e9463cdb2ebfd67 av-link-btn avia-icon_select-no avia-size-x-large avia-position-right avia-color-theme-color'   aria-label=\"ZP\u011aT NA V\u00ddPIS KAHOOT!\"><span class='avia_iconbox_title' >ZP\u011aT NA V\u00ddPIS KAHOOT!<\/span><\/a><\/div><\/div>\n<div  class='flex_column av-av_one_half-d06667205e6186ec8414c6eb7605d406 av_one_half  avia-builder-el-15  el_after_av_one_half  avia-builder-el-last  flex_column_div  column-top-margin'     ><div  class='avia-button-wrap av-ky8f364g-02cdc0ac92670b55d672c430f3263a82-wrap avia-button-left  avia-builder-el-16  avia-builder-el-no-sibling '><a href='https:\/\/klett.cz\/direkt\/kahoot-k-13-lekci-direkt-interaktiv\/'  class='avia-button av-ky8f364g-02cdc0ac92670b55d672c430f3263a82 av-link-btn avia-icon_select-no avia-size-x-large avia-position-left avia-color-theme-color'   aria-label=\"P\u0158EJ\u00cdT NA KAHOOT! K 13. LEKCI\"><span class='avia_iconbox_title' >P\u0158EJ\u00cdT NA KAHOOT! K 13. LEKCI<\/span><\/a><\/div><\/div>\n","protected":false},"excerpt":{"rendered":"","protected":false},"author":3,"featured_media":0,"parent":0,"menu_order":0,"comment_status":"closed","ping_status":"closed","template":"","meta":{"_exactmetrics_skip_tracking":false,"_exactmetrics_sitenote_active":false,"_exactmetrics_sitenote_note":"","_exactmetrics_sitenote_category":0,"footnotes":""},"class_list":["post-651","page","type-page","status-publish","hentry"],"_links":{"self":[{"href":"https:\/\/klett.cz\/direkt\/wp-json\/wp\/v2\/pages\/651","targetHints":{"allow":["GET"]}}],"collection":[{"href":"https:\/\/klett.cz\/direkt\/wp-json\/wp\/v2\/pages"}],"about":[{"href":"https:\/\/klett.cz\/direkt\/wp-json\/wp\/v2\/types\/page"}],"author":[{"embeddable":true,"href":"https:\/\/klett.cz\/direkt\/wp-json\/wp\/v2\/users\/3"}],"replies":[{"embeddable":true,"href":"https:\/\/klett.cz\/direkt\/wp-json\/wp\/v2\/comments?post=651"}],"version-history":[{"count":5,"href":"https:\/\/klett.cz\/direkt\/wp-json\/wp\/v2\/pages\/651\/revisions"}],"predecessor-version":[{"id":726,"href":"https:\/\/klett.cz\/direkt\/wp-json\/wp\/v2\/pages\/651\/revisions\/726"}],"wp:attachment":[{"href":"https:\/\/klett.cz\/direkt\/wp-json\/wp\/v2\/media?parent=651"}],"curies":[{"name":"wp","href":"https:\/\/api.w.org\/{rel}","templated":true}]}}