{"id":504,"date":"2020-09-30T14:10:53","date_gmt":"2020-09-30T12:10:53","guid":{"rendered":"http:\/\/klett.cz\/direkt\/?page_id=504"},"modified":"2022-01-10T09:28:17","modified_gmt":"2022-01-10T08:28:17","slug":"kahoot-k-9-lekci-direkt-interaktiv-1","status":"publish","type":"page","link":"https:\/\/klett.cz\/direkt\/kahoot-k-9-lekci-direkt-interaktiv-1\/","title":{"rendered":"Kahoot! k 9. lekci Direkt interaktiv 1"},"content":{"rendered":"\n<style type=\"text\/css\" data-created_by=\"avia_inline_auto\" id=\"style-css-av-zb6jy-f10f8d3afedd05d826141fc8eea77f7f\">\n.flex_column.av-zb6jy-f10f8d3afedd05d826141fc8eea77f7f{\nborder-radius:0px 0px 0px 0px;\npadding:0px 0px 0px 0px;\n}\n<\/style>\n<div  class='flex_column av-zb6jy-f10f8d3afedd05d826141fc8eea77f7f av_one_full  avia-builder-el-0  el_before_av_one_full  avia-builder-el-first  first flex_column_div av-zero-column-padding  '     ><p>\n<style type=\"text\/css\" data-created_by=\"avia_inline_auto\" id=\"style-css-av-k38tzf9i-a855a7e75cd04d1c366097f718686b83\">\n.avia-image-container.av-k38tzf9i-a855a7e75cd04d1c366097f718686b83 img.avia_image{\nbox-shadow:none;\n}\n.avia-image-container.av-k38tzf9i-a855a7e75cd04d1c366097f718686b83 .av-image-caption-overlay-center{\ncolor:#ffffff;\n}\n<\/style>\n<div  class='avia-image-container av-k38tzf9i-a855a7e75cd04d1c366097f718686b83 av-styling- avia-align-center  avia-builder-el-1  el_before_av_hr  avia-builder-el-first '   itemprop=\"image\" itemscope=\"itemscope\" itemtype=\"https:\/\/schema.org\/ImageObject\" ><div class=\"avia-image-container-inner\"><div class=\"avia-image-overlay-wrap\"><img decoding=\"async\" fetchpriority=\"high\" class='wp-image-267 avia-img-lazy-loading-not-267 avia_image ' src=\"https:\/\/klett.cz\/direkt\/wp-content\/uploads\/2019\/11\/1280px-Kahoot_Logo.svg_-300x102.png\" alt='' title='1280px-Kahoot_Logo.svg_'  height=\"102\" width=\"300\"  itemprop=\"thumbnailUrl\" srcset=\"https:\/\/klett.cz\/direkt\/wp-content\/uploads\/2019\/11\/1280px-Kahoot_Logo.svg_-300x102.png 300w, https:\/\/klett.cz\/direkt\/wp-content\/uploads\/2019\/11\/1280px-Kahoot_Logo.svg_-768x262.png 768w, https:\/\/klett.cz\/direkt\/wp-content\/uploads\/2019\/11\/1280px-Kahoot_Logo.svg_-1030x351.png 1030w, https:\/\/klett.cz\/direkt\/wp-content\/uploads\/2019\/11\/1280px-Kahoot_Logo.svg_.png 1280w, https:\/\/klett.cz\/direkt\/wp-content\/uploads\/2019\/11\/1280px-Kahoot_Logo.svg_-705x240.png 705w, https:\/\/klett.cz\/direkt\/wp-content\/uploads\/2019\/11\/1280px-Kahoot_Logo.svg_-450x153.png 450w\" sizes=\"(max-width: 300px) 100vw, 300px\" \/><\/div><\/div><\/div><br \/>\n\n<style type=\"text\/css\" data-created_by=\"avia_inline_auto\" id=\"style-css-av-k38u05lj-99752b46ea943530e6a100015dbb625c\">\n#top .hr.hr-invisible.av-k38u05lj-99752b46ea943530e6a100015dbb625c{\nheight:50px;\n}\n<\/style>\n<div  class='hr av-k38u05lj-99752b46ea943530e6a100015dbb625c hr-invisible  avia-builder-el-2  el_after_av_image  el_before_av_textblock '><span class='hr-inner '><span class=\"hr-inner-style\"><\/span><\/span><\/div><br \/>\n<section  class='av_textblock_section av-k38tz0yb-2aace1bab5075e475c317a6247896666 '   itemscope=\"itemscope\" itemtype=\"https:\/\/schema.org\/CreativeWork\" ><div class='avia_textblock'  itemprop=\"text\" ><h1 style=\"text-align: center;\">Z\u00e1bavn\u00e9 kv\u00edzy Kahoot! k 9. lekci u\u010debnice Direkt interaktiv 1<\/h1>\n<\/div><\/section><br \/>\n\n<style type=\"text\/css\" data-created_by=\"avia_inline_auto\" id=\"style-css-av-k38u05lj-99752b46ea943530e6a100015dbb625c\">\n#top .hr.hr-invisible.av-k38u05lj-99752b46ea943530e6a100015dbb625c{\nheight:50px;\n}\n<\/style>\n<div  class='hr av-k38u05lj-99752b46ea943530e6a100015dbb625c hr-invisible  avia-builder-el-4  el_after_av_textblock  el_before_av_image '><span class='hr-inner '><span class=\"hr-inner-style\"><\/span><\/span><\/div><br \/>\n\n<style type=\"text\/css\" data-created_by=\"avia_inline_auto\" id=\"style-css-av-k38u3d9e-822f254fb754602bd8b395d08496e9fc\">\n.avia-image-container.av-k38u3d9e-822f254fb754602bd8b395d08496e9fc img.avia_image{\nbox-shadow:none;\n}\n.avia-image-container.av-k38u3d9e-822f254fb754602bd8b395d08496e9fc .av-image-caption-overlay-center{\ncolor:#ffffff;\n}\n<\/style>\n<div  class='avia-image-container av-k38u3d9e-822f254fb754602bd8b395d08496e9fc av-styling- avia-align-center  avia-builder-el-5  el_after_av_hr  avia-builder-el-last '   itemprop=\"image\" itemscope=\"itemscope\" itemtype=\"https:\/\/schema.org\/ImageObject\" ><div class=\"avia-image-container-inner\"><div class=\"avia-image-overlay-wrap\"><img decoding=\"async\" fetchpriority=\"high\" class='wp-image-506 avia-img-lazy-loading-not-506 avia_image ' src=\"https:\/\/klett.cz\/direkt\/wp-content\/uploads\/2020\/09\/16.png\" alt='' title='16'  height=\"600\" width=\"379\"  itemprop=\"thumbnailUrl\" srcset=\"https:\/\/klett.cz\/direkt\/wp-content\/uploads\/2020\/09\/16.png 379w, https:\/\/klett.cz\/direkt\/wp-content\/uploads\/2020\/09\/16-190x300.png 190w\" sizes=\"(max-width: 379px) 100vw, 379px\" \/><\/div><\/div><\/div><\/p><\/div>\n\n<style type=\"text\/css\" data-created_by=\"avia_inline_auto\" id=\"style-css-av-mtia6-ee1543dd2c791f8e03113a4a65d0d0eb\">\n.flex_column.av-mtia6-ee1543dd2c791f8e03113a4a65d0d0eb{\nborder-radius:0px 0px 0px 0px;\npadding:0px 0px 0px 0px;\n}\n<\/style>\n<div  class='flex_column av-mtia6-ee1543dd2c791f8e03113a4a65d0d0eb av_one_full  avia-builder-el-6  el_after_av_one_full  el_before_av_one_full  first flex_column_div av-zero-column-padding  column-top-margin'     ><section  class='av_textblock_section av-k38tuo9s-82c5d3f05c1b3b77ad89d779bbff3fd8 '   itemscope=\"itemscope\" itemtype=\"https:\/\/schema.org\/CreativeWork\" ><div class='avia_textblock'  itemprop=\"text\" ><h1 style=\"text-align: center;\">Kahoot! &#8211; GRAMATIKA<\/h1>\n<h3 style=\"text-align: center;\"><a href=\"https:\/\/create.kahoot.it\/details\/9-lekce-direkt-interaktiv-1-gramatika-pozicni-slovesa\/34f872f6-d2fd-47f1-b5d7-1a01b569972f\" target=\"_blank\" rel=\"noopener\">Pozi\u010dn\u00ed slovesa<\/a><\/h3>\n<h3 style=\"text-align: center;\"><a href=\"https:\/\/create.kahoot.it\/details\/9-lekce-direkt-interaktiv-1-gramatika-predlozky-pro-popis-cesty\/f8ff4ddb-4ac9-40de-b05d-09689e1f4330\" target=\"_blank\" rel=\"noopener\">P\u0159edlo\u017eky pro popis cesty<\/a><\/h3>\n<h3 class=\"kahoot-title__heading\" style=\"text-align: center;\" data-functional-selector=\"kahoot-title__heading\"><a href=\"https:\/\/create.kahoot.it\/details\/9-lekce-direkt-interaktiv-1-gramatika-predlozky-s-3-a-4-padem-bez-padu\/f235024b-cecd-4b42-802b-f571c368b2b5\" target=\"_blank\" rel=\"noopener\">P\u0159edlo\u017eky se 3. a 4. p\u00e1dem bez \u010dlen\u016f<\/a><\/h3>\n<h3 class=\"kahoot-title__heading\" style=\"text-align: center;\" data-functional-selector=\"kahoot-title__heading\"><a href=\"https:\/\/create.kahoot.it\/details\/9-lekce-direkt-interaktiv-gramatika-predlozky-s-3-a-4-padem-cleny\/4dbaac02-b054-44b2-8e21-8ef3dad7b003\" target=\"_blank\" rel=\"noopener\">P\u0159edlo\u017eky se 3. a 4. p\u00e1dem + \u010dleny<\/a><\/h3>\n<h3 class=\"kahoot-title__heading\" style=\"text-align: center;\" data-functional-selector=\"kahoot-title__heading\"><a href=\"https:\/\/create.kahoot.it\/details\/9-lekce-direkt-interaktiv-gramatika-predlozky-s-3-a-4-padem-in-auf\/a3d70112-30eb-4e6f-a5a5-25994c678053\" target=\"_blank\" rel=\"noopener\">P\u0159edlo\u017eky s 3 a 4. p\u00e1dem &#8211; in + auf<\/a><\/h3>\n<\/div><\/section><\/div>\n\n<style type=\"text\/css\" data-created_by=\"avia_inline_auto\" id=\"style-css-av-gurkm-e63eed25c91d6678d59e3ba143447f6b\">\n.flex_column.av-gurkm-e63eed25c91d6678d59e3ba143447f6b{\nborder-radius:0px 0px 0px 0px;\npadding:0px 0px 0px 0px;\n}\n<\/style>\n<div  class='flex_column av-gurkm-e63eed25c91d6678d59e3ba143447f6b av_one_full  avia-builder-el-8  el_after_av_one_full  el_before_av_one_full  first flex_column_div av-zero-column-padding  column-top-margin'     ><section  class='av_textblock_section av-k38tvtpw-83795a49307a03b71ff8a3fb6656ca49 '   itemscope=\"itemscope\" itemtype=\"https:\/\/schema.org\/CreativeWork\" ><div class='avia_textblock'  itemprop=\"text\" ><h1 style=\"text-align: center;\">Kahoot! &#8211; SLOVN\u00cd Z\u00c1SOBA<\/h1>\n<h3 class=\"kahoot-title__heading\" style=\"text-align: center;\" data-functional-selector=\"kahoot-title__heading\"><a href=\"https:\/\/create.kahoot.it\/details\/9-lekce-direkt-interaktiv-1-slovni-zasoba-wohnen-zimmer-und-raume\/38904fc4-b2a6-45a0-910e-a79f80204799\" target=\"_blank\" rel=\"noopener\">Wohnen (Zimmer und R\u00e4ume)<\/a><\/h3>\n<h3 class=\"kahoot-title__heading\" style=\"text-align: center;\" data-functional-selector=\"kahoot-title__heading\"><a href=\"https:\/\/create.kahoot.it\/details\/9-lekce-direkt-interktiv-1-slovni-zasoba-wohnungseinrichtung\/21d9edb5-e578-4f7f-8bc2-723790c9a77a\" target=\"_blank\" rel=\"noopener\">Wohnungseinrichtung<\/a><\/h3>\n<h3 class=\"kahoot-title__heading\" style=\"text-align: center;\" data-functional-selector=\"kahoot-title__heading\"><a href=\"https:\/\/create.kahoot.it\/details\/9-lekce-direkt-interaktiv-1-slovni-zasoba-rund-um-die-wohnungsuche\/801aac4c-2e0f-447c-b545-715428c17be1\" target=\"_blank\" rel=\"noopener\">Rund um die Wohnungsuche<\/a><\/h3>\n<h3 class=\"kahoot-title__heading\" style=\"text-align: center;\" data-functional-selector=\"kahoot-title__heading\"><a href=\"https:\/\/create.kahoot.it\/details\/9-lekce-direkt-interaktiv-1-slovni-zasoba-wohnen-und-wohnformen\/b08cc858-4356-49af-9cf6-6318c3fcc3da\" target=\"_blank\" rel=\"noopener\">Wohnen und Wohnformen<\/a><\/h3>\n<\/div><\/section><\/div>\n\n<style type=\"text\/css\" data-created_by=\"avia_inline_auto\" id=\"style-css-av-8aicm-313c5002614bd53aa63629f9e9328f5f\">\n.flex_column.av-8aicm-313c5002614bd53aa63629f9e9328f5f{\nborder-radius:0px 0px 0px 0px;\npadding:0px 0px 0px 0px;\n}\n<\/style>\n<div  class='flex_column av-8aicm-313c5002614bd53aa63629f9e9328f5f av_one_full  avia-builder-el-10  el_after_av_one_full  el_before_av_one_full  first flex_column_div av-zero-column-padding  column-top-margin'     ><section  class='av_textblock_section av-k38twvpn-73c5cfcede288674eb01f55f649c2127 '   itemscope=\"itemscope\" itemtype=\"https:\/\/schema.org\/CreativeWork\" ><div class='avia_textblock'  itemprop=\"text\" ><h1 style=\"text-align: center;\"><a href=\"https:\/\/create.kahoot.it\/details\/9-lekce-direkt-interaktiv-1-opakovani\/f5939738-a3ad-46d8-81f9-186875be7712\" target=\"_blank\" rel=\"noopener\">Kahoot! &#8211; OPAKOV\u00c1N\u00cd<\/a><\/h1>\n<\/div><\/section><\/div>\n<div  class='flex_column av-av_one_full-a93934ecd89fbb8a9566d39e89cd3725 av_one_full  avia-builder-el-12  el_after_av_one_full  el_before_av_one_half  first flex_column_div  column-top-margin'     ><\/div>\n<div  class='flex_column av-av_one_half-a93934ecd89fbb8a9566d39e89cd3725 av_one_half  avia-builder-el-13  el_after_av_one_full  el_before_av_one_half  first flex_column_div  column-top-margin'     ><div  class='avia-button-wrap av-av_button-bdc2c4677e48ba7c9e9463cdb2ebfd67-wrap avia-button-right  avia-builder-el-14  avia-builder-el-no-sibling '><a href='https:\/\/klett.cz\/direkt\/online-kvizy-kahoot\/'  class='avia-button av-av_button-bdc2c4677e48ba7c9e9463cdb2ebfd67 av-link-btn avia-icon_select-no avia-size-x-large avia-position-right avia-color-theme-color'   aria-label=\"ZP\u011aT NA V\u00ddPIS KAHOOT!\"><span class='avia_iconbox_title' >ZP\u011aT NA V\u00ddPIS KAHOOT!<\/span><\/a><\/div><\/div>\n<div  class='flex_column av-av_one_half-d06667205e6186ec8414c6eb7605d406 av_one_half  avia-builder-el-15  el_after_av_one_half  avia-builder-el-last  flex_column_div  column-top-margin'     ><div  class='avia-button-wrap av-ky8fc5h9-5e5580cde60f686667b29ad1b7a9f9f7-wrap avia-button-left  avia-builder-el-16  avia-builder-el-no-sibling '><a href='https:\/\/klett.cz\/direkt\/kahoot-k-10-lekci-direkt-interaktiv-1\/'  class='avia-button av-ky8fc5h9-5e5580cde60f686667b29ad1b7a9f9f7 av-link-btn avia-icon_select-no avia-size-x-large avia-position-left avia-color-theme-color'   aria-label=\"P\u0158EJ\u00cdT NA KAHOOT! K 10. LEKCI\"><span class='avia_iconbox_title' >P\u0158EJ\u00cdT NA KAHOOT! K 10. LEKCI<\/span><\/a><\/div><\/div>\n","protected":false},"excerpt":{"rendered":"","protected":false},"author":3,"featured_media":0,"parent":0,"menu_order":0,"comment_status":"closed","ping_status":"closed","template":"","meta":{"_exactmetrics_skip_tracking":false,"_exactmetrics_sitenote_active":false,"_exactmetrics_sitenote_note":"","_exactmetrics_sitenote_category":0,"footnotes":""},"class_list":["post-504","page","type-page","status-publish","hentry"],"_links":{"self":[{"href":"https:\/\/klett.cz\/direkt\/wp-json\/wp\/v2\/pages\/504","targetHints":{"allow":["GET"]}}],"collection":[{"href":"https:\/\/klett.cz\/direkt\/wp-json\/wp\/v2\/pages"}],"about":[{"href":"https:\/\/klett.cz\/direkt\/wp-json\/wp\/v2\/types\/page"}],"author":[{"embeddable":true,"href":"https:\/\/klett.cz\/direkt\/wp-json\/wp\/v2\/users\/3"}],"replies":[{"embeddable":true,"href":"https:\/\/klett.cz\/direkt\/wp-json\/wp\/v2\/comments?post=504"}],"version-history":[{"count":5,"href":"https:\/\/klett.cz\/direkt\/wp-json\/wp\/v2\/pages\/504\/revisions"}],"predecessor-version":[{"id":743,"href":"https:\/\/klett.cz\/direkt\/wp-json\/wp\/v2\/pages\/504\/revisions\/743"}],"wp:attachment":[{"href":"https:\/\/klett.cz\/direkt\/wp-json\/wp\/v2\/media?parent=504"}],"curies":[{"name":"wp","href":"https:\/\/api.w.org\/{rel}","templated":true}]}}