{"id":37,"date":"2018-09-26T16:14:13","date_gmt":"2018-09-26T14:14:13","guid":{"rendered":"http:\/\/klett.cz\/direkt\/?page_id=37"},"modified":"2025-10-30T15:39:15","modified_gmt":"2025-10-30T14:39:15","slug":"kontakty","status":"publish","type":"page","link":"https:\/\/klett.cz\/direkt\/kontakty\/","title":{"rendered":"Kontakty"},"content":{"rendered":"\n<style type=\"text\/css\" data-created_by=\"avia_inline_auto\" id=\"style-css-av-2fdh-7cf90a21b9ec34adffd8249d4a3dbf46\">\n.flex_column.av-2fdh-7cf90a21b9ec34adffd8249d4a3dbf46{\nborder-radius:0px 0px 0px 0px;\npadding:0px 0px 0px 0px;\n}\n<\/style>\n<div  class='flex_column av-2fdh-7cf90a21b9ec34adffd8249d4a3dbf46 av_one_full  avia-builder-el-0  el_before_av_one_half  avia-builder-el-first  first flex_column_div av-zero-column-padding  '     ><section  class='av_textblock_section av-jzv89i6i-48ac1ff320e5018c5135f5aa011ca23f '   itemscope=\"itemscope\" itemtype=\"https:\/\/schema.org\/CreativeWork\" ><div class='avia_textblock'  itemprop=\"text\" ><h1 style=\"text-align: center;\">Kontakty<\/h1>\n<\/div><\/section><\/div>\n\n<style type=\"text\/css\" data-created_by=\"avia_inline_auto\" id=\"style-css-av-6bzih-49a8d7f386375802c2d4db4ed209e1e9\">\n.flex_column.av-6bzih-49a8d7f386375802c2d4db4ed209e1e9{\nborder-radius:0px 0px 0px 0px;\npadding:0px 0px 0px 0px;\n}\n<\/style>\n<div  class='flex_column av-6bzih-49a8d7f386375802c2d4db4ed209e1e9 av_one_half  avia-builder-el-2  el_after_av_one_full  el_before_av_one_half  first flex_column_div av-zero-column-padding  column-top-margin'     ><form action=\"https:\/\/klett.cz\/direkt\/kontakty\/\" method=\"post\" data-fields-with-error=\"Found errors in the following field(s):\" class=\"avia_ajax_form av-form-labels-visible   avia-builder-el-3  avia-builder-el-no-sibling  av-custom-form-color av-dark-form \" data-avia-form-id=\"1\" data-avia-redirect='' ><h3 class=''>Napi\u0161te n\u00e1m<\/h3><fieldset><p class='  first_form  form_element form_element_half' id='element_avia_1_1'><label for=\"avia_1_1\">Jm\u00e9no <abbr class=\"required\" title=\"required\">*<\/abbr><\/label> <input name=\"avia_1_1\" class=\"text_input is_empty\" type=\"text\" id=\"avia_1_1\" value=\"\" \/><\/p><p class='  form_element form_element_half' id='element_avia_2_1'><label for=\"avia_2_1\">P\u0159ijmen\u00ed <abbr class=\"required\" title=\"required\">*<\/abbr><\/label> <input name=\"avia_2_1\" class=\"text_input is_empty\" type=\"text\" id=\"avia_2_1\" value=\"\" \/><\/p><p class='  first_form  form_element form_element_half' id='element_avia_3_1'><label for=\"avia_3_1\">E-mail <abbr class=\"required\" title=\"required\">*<\/abbr><\/label> <input name=\"avia_3_1\" class=\"text_input is_empty\" type=\"text\" id=\"avia_3_1\" value=\"\" \/><\/p><p class='  form_element form_element_half' id='element_avia_4_1'><label for=\"avia_4_1\">N\u00e1zev \u0161koly <abbr class=\"required\" title=\"required\">*<\/abbr><\/label> <input name=\"avia_4_1\" class=\"text_input is_empty\" type=\"text\" id=\"avia_4_1\" value=\"\" \/><\/p><p class='  first_form  form_element form_fullwidth av-last-visible-form-element' id='element_avia_5_1'><label for=\"avia_5_1\" class=\"textare_label hidden textare_label_avia_5_1\">Zde napi\u0161te zpr\u00e1vu <abbr class=\"required\" title=\"required\">*<\/abbr><\/label><textarea  name=\"avia_5_1\" class=\"text_area is_empty\" cols=\"40\" rows=\"7\" id=\"avia_5_1\" ><\/textarea><\/p><p class=\"hidden\"><input type=\"text\" name=\"avia_6_1\" class=\"hidden \" id=\"avia_6_1\" value=\"\" \/><\/p><p class=\"form_element \"><input type=\"hidden\" value=\"1\" name=\"avia_generated_form1\" \/><input type=\"submit\" value=\"Odeslat\" class=\"button\"  data-sending-label=\"Sending\"\/><\/p><\/fieldset><\/form><div id=\"ajaxresponse_1\" class=\"ajaxresponse ajaxresponse_1 hidden\"><\/div><\/div>\n\n<style type=\"text\/css\" data-created_by=\"avia_inline_auto\" id=\"style-css-av-1zhk9-ab2ce03261cf916deb028c04a6e5405b\">\n.flex_column.av-1zhk9-ab2ce03261cf916deb028c04a6e5405b{\nborder-radius:0px 0px 0px 0px;\npadding:0px 0px 0px 0px;\n}\n<\/style>\n<div  class='flex_column av-1zhk9-ab2ce03261cf916deb028c04a6e5405b av_one_half  avia-builder-el-4  el_after_av_one_half  el_before_av_one_half  flex_column_div av-zero-column-padding  column-top-margin'     ><p>\n<style type=\"text\/css\" data-created_by=\"avia_inline_auto\" id=\"style-css-av-1iftt-bc7944d27d62a61de16f852c1149205b\">\n#top .hr.hr-invisible.av-1iftt-bc7944d27d62a61de16f852c1149205b{\nheight:80px;\n}\n<\/style>\n<div  class='hr av-1iftt-bc7944d27d62a61de16f852c1149205b hr-invisible  avia-builder-el-5  el_before_av_image  avia-builder-el-first '><span class='hr-inner '><span class=\"hr-inner-style\"><\/span><\/span><\/div><br \/>\n\n<style type=\"text\/css\" data-created_by=\"avia_inline_auto\" id=\"style-css-av-rr0x-54579454e11ed65823b07a62730a466f\">\n.avia-image-container.av-rr0x-54579454e11ed65823b07a62730a466f img.avia_image{\nbox-shadow:none;\n}\n.avia-image-container.av-rr0x-54579454e11ed65823b07a62730a466f .av-image-caption-overlay-center{\ncolor:#ffffff;\n}\n<\/style>\n<div  class='avia-image-container av-rr0x-54579454e11ed65823b07a62730a466f av-styling- avia-align-center  avia-builder-el-6  el_after_av_hr  avia-builder-el-last '   itemprop=\"image\" itemscope=\"itemscope\" itemtype=\"https:\/\/schema.org\/ImageObject\" ><div class=\"avia-image-container-inner\"><div class=\"avia-image-overlay-wrap\"><img decoding=\"async\" fetchpriority=\"high\" class='wp-image-39 avia-img-lazy-loading-not-39 avia_image ' src=\"https:\/\/klett.cz\/direkt\/wp-content\/uploads\/2018\/09\/800_8518-1030x688.jpg\" alt='' title=''  height=\"688\" width=\"1030\"  itemprop=\"thumbnailUrl\" srcset=\"https:\/\/klett.cz\/direkt\/wp-content\/uploads\/2018\/09\/800_8518-1030x688.jpg 1030w, https:\/\/klett.cz\/direkt\/wp-content\/uploads\/2018\/09\/800_8518-300x200.jpg 300w, https:\/\/klett.cz\/direkt\/wp-content\/uploads\/2018\/09\/800_8518-768x513.jpg 768w, https:\/\/klett.cz\/direkt\/wp-content\/uploads\/2018\/09\/800_8518-1500x1001.jpg 1500w, https:\/\/klett.cz\/direkt\/wp-content\/uploads\/2018\/09\/800_8518-705x471.jpg 705w, https:\/\/klett.cz\/direkt\/wp-content\/uploads\/2018\/09\/800_8518-450x300.jpg 450w\" sizes=\"(max-width: 1030px) 100vw, 1030px\" \/><\/div><\/div><\/div><\/p><\/div>\n\n<style type=\"text\/css\" data-created_by=\"avia_inline_auto\" id=\"style-css-av-9yb3p-da922b49e5bfc9fe10c4e4e9eb8d90f5\">\n.flex_column.av-9yb3p-da922b49e5bfc9fe10c4e4e9eb8d90f5{\nborder-radius:0px 0px 0px 0px;\npadding:0px 0px 0px 0px;\n}\n<\/style>\n<div  class='flex_column av-9yb3p-da922b49e5bfc9fe10c4e4e9eb8d90f5 av_one_half  avia-builder-el-7  el_after_av_one_half  el_before_av_one_half  first flex_column_div av-zero-column-padding  column-top-margin'     ><section  class='av_textblock_section av-8fvj9-e35cc198ebf681046ab088068d01625c '   itemscope=\"itemscope\" itemtype=\"https:\/\/schema.org\/CreativeWork\" ><div class='avia_textblock'  itemprop=\"text\" ><p><strong>Fraus Klett, s. r. o.<\/strong><br \/>\nPob\u0159e\u017en\u00ed 620\/3<br \/>\n186 00 Praha 8 \u2013 Karl\u00edn<\/p>\n<p><strong>E-mail: <a href=\"mailto:info@fraus-klett.cz\">info@fraus-klett.cz<\/a><\/strong><br \/>\n<strong>Telefon: +420 233 084 110<\/strong><\/p>\n<\/div><\/section><\/div>\n<style type=\"text\/css\" data-created_by=\"avia_inline_auto\" id=\"style-css-av-885g5-fb6d6dbc0b63a409ac7b28430edd6ce8\">\n.flex_column.av-885g5-fb6d6dbc0b63a409ac7b28430edd6ce8{\nborder-radius:0px 0px 0px 0px;\npadding:0px 0px 0px 0px;\n}\n<\/style>\n<div  class='flex_column av-885g5-fb6d6dbc0b63a409ac7b28430edd6ce8 av_one_half  avia-builder-el-9  el_after_av_one_half  avia-builder-el-last  flex_column_div av-zero-column-padding  column-top-margin'     ><section  class='av_textblock_section av-q2x1-3ddabcaad1dbe3222ce6116d5691dece '   itemscope=\"itemscope\" itemtype=\"https:\/\/schema.org\/CreativeWork\" ><div class='avia_textblock'  itemprop=\"text\" ><p><iframe loading=\"lazy\" style=\"border: 0;\" src=\"https:\/\/www.google.com\/maps\/embed?pb=!1m18!1m12!1m3!1d223.9743919042972!2d14.46108852841277!3d50.0775854721035!2m3!1f0!2f0!3f0!3m2!1i1024!2i768!4f13.1!3m3!1m2!1s0x470b92f2a6496065%3A0x4e9a5bc1ec141933!2sKlett+Nakladatelstv%C3%AD+S.r.o.!5e0!3m2!1sen!2scz!4v1516778676980\" width=\"400\" height=\"300\" frameborder=\"0\" allowfullscreen=\"allowfullscreen\"><\/iframe><\/p>\n<\/div><\/section><\/div><\/p>\n","protected":false},"excerpt":{"rendered":"","protected":false},"author":2,"featured_media":0,"parent":0,"menu_order":0,"comment_status":"closed","ping_status":"closed","template":"","meta":{"_exactmetrics_skip_tracking":false,"_exactmetrics_sitenote_active":false,"_exactmetrics_sitenote_note":"","_exactmetrics_sitenote_category":0,"footnotes":""},"class_list":["post-37","page","type-page","status-publish","hentry"],"_links":{"self":[{"href":"https:\/\/klett.cz\/direkt\/wp-json\/wp\/v2\/pages\/37","targetHints":{"allow":["GET"]}}],"collection":[{"href":"https:\/\/klett.cz\/direkt\/wp-json\/wp\/v2\/pages"}],"about":[{"href":"https:\/\/klett.cz\/direkt\/wp-json\/wp\/v2\/types\/page"}],"author":[{"embeddable":true,"href":"https:\/\/klett.cz\/direkt\/wp-json\/wp\/v2\/users\/2"}],"replies":[{"embeddable":true,"href":"https:\/\/klett.cz\/direkt\/wp-json\/wp\/v2\/comments?post=37"}],"version-history":[{"count":20,"href":"https:\/\/klett.cz\/direkt\/wp-json\/wp\/v2\/pages\/37\/revisions"}],"predecessor-version":[{"id":1056,"href":"https:\/\/klett.cz\/direkt\/wp-json\/wp\/v2\/pages\/37\/revisions\/1056"}],"wp:attachment":[{"href":"https:\/\/klett.cz\/direkt\/wp-json\/wp\/v2\/media?parent=37"}],"curies":[{"name":"wp","href":"https:\/\/api.w.org\/{rel}","templated":true}]}}