{"id":358,"date":"2020-01-06T18:04:43","date_gmt":"2020-01-06T17:04:43","guid":{"rendered":"http:\/\/klett.cz\/direkt\/?page_id=358"},"modified":"2025-10-29T16:19:24","modified_gmt":"2025-10-29T15:19:24","slug":"kahoot-k-6-lekci-direkt-interaktiv-1","status":"publish","type":"page","link":"https:\/\/klett.cz\/direkt\/kahoot-k-6-lekci-direkt-interaktiv-1\/","title":{"rendered":"Kahoot! k 6. lekci Direkt interaktiv 1"},"content":{"rendered":"\n<style type=\"text\/css\" data-created_by=\"avia_inline_auto\" id=\"style-css-av-zb6jy-f10f8d3afedd05d826141fc8eea77f7f\">\n.flex_column.av-zb6jy-f10f8d3afedd05d826141fc8eea77f7f{\nborder-radius:0px 0px 0px 0px;\npadding:0px 0px 0px 0px;\n}\n<\/style>\n<div  class='flex_column av-zb6jy-f10f8d3afedd05d826141fc8eea77f7f av_one_full  avia-builder-el-0  el_before_av_one_full  avia-builder-el-first  first flex_column_div av-zero-column-padding  '     ><p>\n<style type=\"text\/css\" data-created_by=\"avia_inline_auto\" id=\"style-css-av-k38tzf9i-a855a7e75cd04d1c366097f718686b83\">\n.avia-image-container.av-k38tzf9i-a855a7e75cd04d1c366097f718686b83 img.avia_image{\nbox-shadow:none;\n}\n.avia-image-container.av-k38tzf9i-a855a7e75cd04d1c366097f718686b83 .av-image-caption-overlay-center{\ncolor:#ffffff;\n}\n<\/style>\n<div  class='avia-image-container av-k38tzf9i-a855a7e75cd04d1c366097f718686b83 av-styling- avia-align-center  avia-builder-el-1  el_before_av_hr  avia-builder-el-first '   itemprop=\"image\" itemscope=\"itemscope\" itemtype=\"https:\/\/schema.org\/ImageObject\" ><div class=\"avia-image-container-inner\"><div class=\"avia-image-overlay-wrap\"><img decoding=\"async\" fetchpriority=\"high\" class='wp-image-267 avia-img-lazy-loading-not-267 avia_image ' src=\"https:\/\/klett.cz\/direkt\/wp-content\/uploads\/2019\/11\/1280px-Kahoot_Logo.svg_-300x102.png\" alt='' title='1280px-Kahoot_Logo.svg_'  height=\"102\" width=\"300\"  itemprop=\"thumbnailUrl\" srcset=\"https:\/\/klett.cz\/direkt\/wp-content\/uploads\/2019\/11\/1280px-Kahoot_Logo.svg_-300x102.png 300w, https:\/\/klett.cz\/direkt\/wp-content\/uploads\/2019\/11\/1280px-Kahoot_Logo.svg_-768x262.png 768w, https:\/\/klett.cz\/direkt\/wp-content\/uploads\/2019\/11\/1280px-Kahoot_Logo.svg_-1030x351.png 1030w, https:\/\/klett.cz\/direkt\/wp-content\/uploads\/2019\/11\/1280px-Kahoot_Logo.svg_.png 1280w, https:\/\/klett.cz\/direkt\/wp-content\/uploads\/2019\/11\/1280px-Kahoot_Logo.svg_-705x240.png 705w, https:\/\/klett.cz\/direkt\/wp-content\/uploads\/2019\/11\/1280px-Kahoot_Logo.svg_-450x153.png 450w\" sizes=\"(max-width: 300px) 100vw, 300px\" \/><\/div><\/div><\/div><br \/>\n\n<style type=\"text\/css\" data-created_by=\"avia_inline_auto\" id=\"style-css-av-k38u05lj-99752b46ea943530e6a100015dbb625c\">\n#top .hr.hr-invisible.av-k38u05lj-99752b46ea943530e6a100015dbb625c{\nheight:50px;\n}\n<\/style>\n<div  class='hr av-k38u05lj-99752b46ea943530e6a100015dbb625c hr-invisible  avia-builder-el-2  el_after_av_image  el_before_av_textblock '><span class='hr-inner '><span class=\"hr-inner-style\"><\/span><\/span><\/div><br \/>\n<section  class='av_textblock_section av-k38tz0yb-2aace1bab5075e475c317a6247896666 '   itemscope=\"itemscope\" itemtype=\"https:\/\/schema.org\/CreativeWork\" ><div class='avia_textblock'  itemprop=\"text\" ><h1 style=\"text-align: center;\">Z\u00e1bavn\u00e9 kv\u00edzy Kahoot! k 6. lekci u\u010debnice Direkt interaktiv 1<\/h1>\n<\/div><\/section><br \/>\n\n<style type=\"text\/css\" data-created_by=\"avia_inline_auto\" id=\"style-css-av-k38u05lj-1-1f8d53554ce26b0af3f3785f89aa52b3\">\n#top .hr.hr-invisible.av-k38u05lj-1-1f8d53554ce26b0af3f3785f89aa52b3{\nheight:50px;\n}\n<\/style>\n<div  class='hr av-k38u05lj-1-1f8d53554ce26b0af3f3785f89aa52b3 hr-invisible  avia-builder-el-4  el_after_av_textblock  el_before_av_image '><span class='hr-inner '><span class=\"hr-inner-style\"><\/span><\/span><\/div><br \/>\n\n<style type=\"text\/css\" data-created_by=\"avia_inline_auto\" id=\"style-css-av-k38u3d9e-5e0bd9545f08a80cbc0e970c9faf48d2\">\n.avia-image-container.av-k38u3d9e-5e0bd9545f08a80cbc0e970c9faf48d2 img.avia_image{\nbox-shadow:none;\n}\n.avia-image-container.av-k38u3d9e-5e0bd9545f08a80cbc0e970c9faf48d2 .av-image-caption-overlay-center{\ncolor:#ffffff;\n}\n<\/style>\n<div  class='avia-image-container av-k38u3d9e-5e0bd9545f08a80cbc0e970c9faf48d2 av-styling- avia-align-center  avia-builder-el-5  el_after_av_hr  avia-builder-el-last '   itemprop=\"image\" itemscope=\"itemscope\" itemtype=\"https:\/\/schema.org\/ImageObject\" ><div class=\"avia-image-container-inner\"><div class=\"avia-image-overlay-wrap\"><img decoding=\"async\" fetchpriority=\"high\" class='wp-image-362 avia-img-lazy-loading-not-362 avia_image ' src=\"https:\/\/klett.cz\/direkt\/wp-content\/uploads\/2020\/01\/6.png\" alt='' title='6'  height=\"600\" width=\"379\"  itemprop=\"thumbnailUrl\" srcset=\"https:\/\/klett.cz\/direkt\/wp-content\/uploads\/2020\/01\/6.png 379w, https:\/\/klett.cz\/direkt\/wp-content\/uploads\/2020\/01\/6-190x300.png 190w\" sizes=\"(max-width: 379px) 100vw, 379px\" \/><\/div><\/div><\/div><\/p><\/div>\n\n<style type=\"text\/css\" data-created_by=\"avia_inline_auto\" id=\"style-css-av-mtia6-ee1543dd2c791f8e03113a4a65d0d0eb\">\n.flex_column.av-mtia6-ee1543dd2c791f8e03113a4a65d0d0eb{\nborder-radius:0px 0px 0px 0px;\npadding:0px 0px 0px 0px;\n}\n<\/style>\n<div  class='flex_column av-mtia6-ee1543dd2c791f8e03113a4a65d0d0eb av_one_full  avia-builder-el-6  el_after_av_one_full  el_before_av_one_full  first flex_column_div av-zero-column-padding  column-top-margin'     ><section  class='av_textblock_section av-k38tuo9s-78d06099dccfe045749f7f9d95fccad7 '   itemscope=\"itemscope\" itemtype=\"https:\/\/schema.org\/CreativeWork\" ><div class='avia_textblock'  itemprop=\"text\" ><h1 style=\"text-align: center;\">Kahoot! &#8211; GRAMATIKA<\/h1>\n<h3 style=\"text-align: center;\"><a href=\"https:\/\/create.kahoot.it\/details\/a2b1a6d3-8a5b-46bf-9981-5b20bbe72453\">Ur\u010dov\u00e1n\u00ed \u010dasu<\/a><\/h3>\n<h3 style=\"text-align: center;\"><a href=\"https:\/\/create.kahoot.it\/details\/7ff66f0a-32c0-43eb-ae18-a40cd6bd36cd\">P\u0159edlo\u017eky se 4. p\u00e1dem + sklo\u0148ov\u00e1n\u00ed\u00a0<\/a><\/h3>\n<h3 style=\"text-align: center;\"><a href=\"https:\/\/create.kahoot.it\/details\/81017f41-020e-4c4b-a193-579ba692eb2e\">P\u0159edlo\u017eky se 4. p\u00e1dem<\/a><\/h3>\n<h3 style=\"text-align: center;\"><a href=\"https:\/\/create.kahoot.it\/details\/131c7190-3a1d-4f9b-aaca-b410867ed0d0\">Odlu\u010diteln\u00e9 p\u0159edpony<\/a><\/h3>\n<h3 style=\"text-align: center;\"><a href=\"https:\/\/create.kahoot.it\/details\/179f5b86-83ba-4bc3-a928-0add2cf2878e\">Odlu\u010diteln\u00e9 a neodlu\u010diteln\u00e9 p\u0159edpony<\/a><\/h3>\n<h3 style=\"text-align: center;\"><a href=\"https:\/\/create.kahoot.it\/details\/39b48c1e-6707-4f46-a8e4-a26052eb3253\">Z\u00e1jmena osobn\u00ed ve 4. p\u00e1d\u011b<\/a><\/h3>\n<\/div><\/section><\/div>\n<style type=\"text\/css\" data-created_by=\"avia_inline_auto\" id=\"style-css-av-gurkm-e63eed25c91d6678d59e3ba143447f6b\">\n.flex_column.av-gurkm-e63eed25c91d6678d59e3ba143447f6b{\nborder-radius:0px 0px 0px 0px;\npadding:0px 0px 0px 0px;\n}\n<\/style>\n<div  class='flex_column av-gurkm-e63eed25c91d6678d59e3ba143447f6b av_one_full  avia-builder-el-8  el_after_av_one_full  el_before_av_one_full  first flex_column_div av-zero-column-padding  column-top-margin'     ><section  class='av_textblock_section av-k38tvtpw-d90be1f9dc62e9d24aac5622e28b9370 '   itemscope=\"itemscope\" itemtype=\"https:\/\/schema.org\/CreativeWork\" ><div class='avia_textblock'  itemprop=\"text\" ><h1 style=\"text-align: center;\">Kahoot! &#8211; SLOVN\u00cd Z\u00c1SOBA<\/h1>\n<h3 style=\"text-align: center;\"><a href=\"https:\/\/create.kahoot.it\/details\/111098e6-cc1e-4e74-af6f-932bf38730d8\">Tagesprogramm<\/a><\/h3>\n<h3 style=\"text-align: center;\"><a href=\"https:\/\/create.kahoot.it\/details\/d34da5bf-5b1b-4335-bdf4-be975370d6ba\">Hausarbeiten und Pflichten<\/a><\/h3>\n<h3 style=\"text-align: center;\"><a href=\"https:\/\/create.kahoot.it\/details\/7083ad13-4ed5-40a2-81ce-ee39b0493eb1\">Ein Tag eines Bloggers<\/a><\/h3>\n<\/div><\/section><\/div>\n<style type=\"text\/css\" data-created_by=\"avia_inline_auto\" id=\"style-css-av-8aicm-313c5002614bd53aa63629f9e9328f5f\">\n.flex_column.av-8aicm-313c5002614bd53aa63629f9e9328f5f{\nborder-radius:0px 0px 0px 0px;\npadding:0px 0px 0px 0px;\n}\n<\/style>\n<div  class='flex_column av-8aicm-313c5002614bd53aa63629f9e9328f5f av_one_full  avia-builder-el-10  el_after_av_one_full  el_before_av_one_full  first flex_column_div av-zero-column-padding  column-top-margin'     ><section  class='av_textblock_section av-k38twvpn-5c9f413f4db8c2dc827b474ece1b5f20 '   itemscope=\"itemscope\" itemtype=\"https:\/\/schema.org\/CreativeWork\" ><div class='avia_textblock'  itemprop=\"text\" ><h1 style=\"text-align: center;\">Kahoot! &#8211; OPAKOV\u00c1N\u00cd<\/h1>\n<h3 style=\"text-align: center;\"><a href=\"https:\/\/create.kahoot.it\/details\/d27b292c-63ee-4690-a4e4-3de19010b20f\">V\u0161e<\/a><\/h3>\n<h3 style=\"text-align: center;\"><a href=\"https:\/\/create.kahoot.it\/details\/793187d6-e8c4-4c6b-8615-f52cd0f3b858\">Gramatika<\/a><\/h3>\n<h3 style=\"text-align: center;\"><a href=\"https:\/\/create.kahoot.it\/details\/263be1fc-6441-44c7-be52-f84e335282ec\">Slovn\u00ed z\u00e1soba<\/a><\/h3>\n<\/div><\/section><\/div><div  class='flex_column av-tm67y-69e3cf23510c681b899c0482fa6a3f62 av_one_full  avia-builder-el-12  el_after_av_one_full  el_before_av_one_half  first flex_column_div  column-top-margin'     ><\/div><\/p>\n<div  class='flex_column av-k6whi-d07d3a9bc10a13ba0019c79ac1b1285d av_one_half  avia-builder-el-13  el_after_av_one_full  el_before_av_one_half  first flex_column_div  column-top-margin'     ><div  class='avia-button-wrap av-ejwm6-2e60148a7e917b5af6e6b94788fdc538-wrap avia-button-right  avia-builder-el-14  avia-builder-el-no-sibling '><a href='https:\/\/klett.cz\/direkt\/online-kvizy-kahoot\/'  class='avia-button av-ejwm6-2e60148a7e917b5af6e6b94788fdc538 av-link-btn avia-icon_select-no avia-size-x-large avia-position-right avia-color-theme-color'   aria-label=\"ZP\u011aT NA V\u00ddPIS KAHOOT!\"><span class='avia_iconbox_title' >ZP\u011aT NA V\u00ddPIS KAHOOT!<\/span><\/a><\/div><\/div>\n<div  class='flex_column av-9m0am-86c582b36ae9c7e932cd4642a6473706 av_one_half  avia-builder-el-15  el_after_av_one_half  avia-builder-el-last  flex_column_div  column-top-margin'     ><div  class='avia-button-wrap av-ky8f9juz-f764cf002d1583b13ca30f3b2b133848-wrap avia-button-left  avia-builder-el-16  avia-builder-el-no-sibling '><a href='https:\/\/klett.cz\/direkt\/kahoot-k-7-lekci-direkt-interaktiv-1\/'  class='avia-button av-ky8f9juz-f764cf002d1583b13ca30f3b2b133848 av-link-btn avia-icon_select-no avia-size-x-large avia-position-left avia-color-theme-color'   aria-label=\"P\u0158EJ\u00cdT NA KAHOOT! K 7. LEKCI\"><span class='avia_iconbox_title' >P\u0158EJ\u00cdT NA KAHOOT! K 7. LEKCI<\/span><\/a><\/div><\/div>\n","protected":false},"excerpt":{"rendered":"","protected":false},"author":3,"featured_media":0,"parent":0,"menu_order":0,"comment_status":"closed","ping_status":"closed","template":"","meta":{"_exactmetrics_skip_tracking":false,"_exactmetrics_sitenote_active":false,"_exactmetrics_sitenote_note":"","_exactmetrics_sitenote_category":0,"footnotes":""},"class_list":["post-358","page","type-page","status-publish","hentry"],"_links":{"self":[{"href":"https:\/\/klett.cz\/direkt\/wp-json\/wp\/v2\/pages\/358","targetHints":{"allow":["GET"]}}],"collection":[{"href":"https:\/\/klett.cz\/direkt\/wp-json\/wp\/v2\/pages"}],"about":[{"href":"https:\/\/klett.cz\/direkt\/wp-json\/wp\/v2\/types\/page"}],"author":[{"embeddable":true,"href":"https:\/\/klett.cz\/direkt\/wp-json\/wp\/v2\/users\/3"}],"replies":[{"embeddable":true,"href":"https:\/\/klett.cz\/direkt\/wp-json\/wp\/v2\/comments?post=358"}],"version-history":[{"count":7,"href":"https:\/\/klett.cz\/direkt\/wp-json\/wp\/v2\/pages\/358\/revisions"}],"predecessor-version":[{"id":1053,"href":"https:\/\/klett.cz\/direkt\/wp-json\/wp\/v2\/pages\/358\/revisions\/1053"}],"wp:attachment":[{"href":"https:\/\/klett.cz\/direkt\/wp-json\/wp\/v2\/media?parent=358"}],"curies":[{"name":"wp","href":"https:\/\/api.w.org\/{rel}","templated":true}]}}