{"id":339,"date":"2020-01-06T17:46:01","date_gmt":"2020-01-06T16:46:01","guid":{"rendered":"http:\/\/klett.cz\/direkt\/?page_id=339"},"modified":"2025-10-29T16:18:14","modified_gmt":"2025-10-29T15:18:14","slug":"kahoot-k-4-lekci-direkt-interaktiv-1","status":"publish","type":"page","link":"https:\/\/klett.cz\/direkt\/kahoot-k-4-lekci-direkt-interaktiv-1\/","title":{"rendered":"Kahoot! k 4. lekci Direkt interaktiv 1"},"content":{"rendered":"\n<style type=\"text\/css\" data-created_by=\"avia_inline_auto\" id=\"style-css-av-zb6jy-f10f8d3afedd05d826141fc8eea77f7f\">\n.flex_column.av-zb6jy-f10f8d3afedd05d826141fc8eea77f7f{\nborder-radius:0px 0px 0px 0px;\npadding:0px 0px 0px 0px;\n}\n<\/style>\n<div  class='flex_column av-zb6jy-f10f8d3afedd05d826141fc8eea77f7f av_one_full  avia-builder-el-0  el_before_av_one_full  avia-builder-el-first  first flex_column_div av-zero-column-padding  '     ><p>\n<style type=\"text\/css\" data-created_by=\"avia_inline_auto\" id=\"style-css-av-k38tzf9i-a855a7e75cd04d1c366097f718686b83\">\n.avia-image-container.av-k38tzf9i-a855a7e75cd04d1c366097f718686b83 img.avia_image{\nbox-shadow:none;\n}\n.avia-image-container.av-k38tzf9i-a855a7e75cd04d1c366097f718686b83 .av-image-caption-overlay-center{\ncolor:#ffffff;\n}\n<\/style>\n<div  class='avia-image-container av-k38tzf9i-a855a7e75cd04d1c366097f718686b83 av-styling- avia-align-center  avia-builder-el-1  el_before_av_hr  avia-builder-el-first '   itemprop=\"image\" itemscope=\"itemscope\" itemtype=\"https:\/\/schema.org\/ImageObject\" ><div class=\"avia-image-container-inner\"><div class=\"avia-image-overlay-wrap\"><img decoding=\"async\" fetchpriority=\"high\" class='wp-image-267 avia-img-lazy-loading-not-267 avia_image ' src=\"https:\/\/klett.cz\/direkt\/wp-content\/uploads\/2019\/11\/1280px-Kahoot_Logo.svg_-300x102.png\" alt='' title='1280px-Kahoot_Logo.svg_'  height=\"102\" width=\"300\"  itemprop=\"thumbnailUrl\" srcset=\"https:\/\/klett.cz\/direkt\/wp-content\/uploads\/2019\/11\/1280px-Kahoot_Logo.svg_-300x102.png 300w, https:\/\/klett.cz\/direkt\/wp-content\/uploads\/2019\/11\/1280px-Kahoot_Logo.svg_-768x262.png 768w, https:\/\/klett.cz\/direkt\/wp-content\/uploads\/2019\/11\/1280px-Kahoot_Logo.svg_-1030x351.png 1030w, https:\/\/klett.cz\/direkt\/wp-content\/uploads\/2019\/11\/1280px-Kahoot_Logo.svg_.png 1280w, https:\/\/klett.cz\/direkt\/wp-content\/uploads\/2019\/11\/1280px-Kahoot_Logo.svg_-705x240.png 705w, https:\/\/klett.cz\/direkt\/wp-content\/uploads\/2019\/11\/1280px-Kahoot_Logo.svg_-450x153.png 450w\" sizes=\"(max-width: 300px) 100vw, 300px\" \/><\/div><\/div><\/div><br \/>\n\n<style type=\"text\/css\" data-created_by=\"avia_inline_auto\" id=\"style-css-av-k38u05lj-99752b46ea943530e6a100015dbb625c\">\n#top .hr.hr-invisible.av-k38u05lj-99752b46ea943530e6a100015dbb625c{\nheight:50px;\n}\n<\/style>\n<div  class='hr av-k38u05lj-99752b46ea943530e6a100015dbb625c hr-invisible  avia-builder-el-2  el_after_av_image  el_before_av_textblock '><span class='hr-inner '><span class=\"hr-inner-style\"><\/span><\/span><\/div><br \/>\n<section  class='av_textblock_section av-k38tz0yb-2aace1bab5075e475c317a6247896666 '   itemscope=\"itemscope\" itemtype=\"https:\/\/schema.org\/CreativeWork\" ><div class='avia_textblock'  itemprop=\"text\" ><h1 style=\"text-align: center;\">Z\u00e1bavn\u00e9 kv\u00edzy Kahoot! k 4. lekci u\u010debnice Direkt interaktiv 1<\/h1>\n<\/div><\/section><br \/>\n\n<style type=\"text\/css\" data-created_by=\"avia_inline_auto\" id=\"style-css-av-k38u05lj-1-1f8d53554ce26b0af3f3785f89aa52b3\">\n#top .hr.hr-invisible.av-k38u05lj-1-1f8d53554ce26b0af3f3785f89aa52b3{\nheight:50px;\n}\n<\/style>\n<div  class='hr av-k38u05lj-1-1f8d53554ce26b0af3f3785f89aa52b3 hr-invisible  avia-builder-el-4  el_after_av_textblock  el_before_av_image '><span class='hr-inner '><span class=\"hr-inner-style\"><\/span><\/span><\/div><br \/>\n\n<style type=\"text\/css\" data-created_by=\"avia_inline_auto\" id=\"style-css-av-k38u3d9e-febe5a4c3f91ced4ee3554a9b79c5c9c\">\n.avia-image-container.av-k38u3d9e-febe5a4c3f91ced4ee3554a9b79c5c9c img.avia_image{\nbox-shadow:none;\n}\n.avia-image-container.av-k38u3d9e-febe5a4c3f91ced4ee3554a9b79c5c9c .av-image-caption-overlay-center{\ncolor:#ffffff;\n}\n<\/style>\n<div  class='avia-image-container av-k38u3d9e-febe5a4c3f91ced4ee3554a9b79c5c9c av-styling- avia-align-center  avia-builder-el-5  el_after_av_hr  avia-builder-el-last '   itemprop=\"image\" itemscope=\"itemscope\" itemtype=\"https:\/\/schema.org\/ImageObject\" ><div class=\"avia-image-container-inner\"><div class=\"avia-image-overlay-wrap\"><img decoding=\"async\" fetchpriority=\"high\" class='wp-image-341 avia-img-lazy-loading-not-341 avia_image ' src=\"https:\/\/klett.cz\/direkt\/wp-content\/uploads\/2020\/01\/4.png\" alt='' title='4. lekce Direkt interaktiv'  height=\"600\" width=\"379\"  itemprop=\"thumbnailUrl\" srcset=\"https:\/\/klett.cz\/direkt\/wp-content\/uploads\/2020\/01\/4.png 379w, https:\/\/klett.cz\/direkt\/wp-content\/uploads\/2020\/01\/4-190x300.png 190w\" sizes=\"(max-width: 379px) 100vw, 379px\" \/><\/div><\/div><\/div><\/p><\/div>\n\n<style type=\"text\/css\" data-created_by=\"avia_inline_auto\" id=\"style-css-av-mtia6-ee1543dd2c791f8e03113a4a65d0d0eb\">\n.flex_column.av-mtia6-ee1543dd2c791f8e03113a4a65d0d0eb{\nborder-radius:0px 0px 0px 0px;\npadding:0px 0px 0px 0px;\n}\n<\/style>\n<div  class='flex_column av-mtia6-ee1543dd2c791f8e03113a4a65d0d0eb av_one_full  avia-builder-el-6  el_after_av_one_full  el_before_av_one_full  first flex_column_div av-zero-column-padding  column-top-margin'     ><section  class='av_textblock_section av-k38tuo9s-78d06099dccfe045749f7f9d95fccad7 '   itemscope=\"itemscope\" itemtype=\"https:\/\/schema.org\/CreativeWork\" ><div class='avia_textblock'  itemprop=\"text\" ><h1 style=\"text-align: center;\">Kahoot! &#8211; GRAMATIKA<\/h1>\n<h3 style=\"text-align: center;\"><a href=\"https:\/\/create.kahoot.it\/details\/951d13ab-fecb-4fca-bb0d-71701c9f44b0\">4. p\u00e1d<\/a><\/h3>\n<h3 style=\"text-align: center;\"><a href=\"https:\/\/create.kahoot.it\/details\/9dce5dca-478b-4a92-b9e7-149747571b7d\">\u010clen ur\u010dit\u00fd a neur\u010dit\u00fd<\/a><\/h3>\n<h3 style=\"text-align: center;\"><a href=\"https:\/\/create.kahoot.it\/details\/48013311-ad53-4011-92ac-f5f09fadc6e1\">Schulsachen 1 \u2013 Plural<\/a><\/h3>\n<h3 style=\"text-align: center;\"><a href=\"https:\/\/create.kahoot.it\/details\/8680fe3b-8729-4058-a427-bcc35eef516e\">Schulsachen 2 \u2013 Plural<\/a><\/h3>\n<h3 style=\"text-align: center;\"><a href=\"https:\/\/create.kahoot.it\/details\/5f3e9269-e809-440b-b29b-4438bcc45d26\">Mod\u00e1ln\u00ed sloveso (k\u00f6nen)<\/a><\/h3>\n<h3 style=\"text-align: center;\"><a href=\"https:\/\/create.kahoot.it\/details\/628d0cd6-9817-4bd9-8cf7-eb2f2faaa3a6\">Mod\u00e1ln\u00ed sloveso (wollen)<\/a><\/h3>\n<h3 style=\"text-align: center;\"><a href=\"https:\/\/create.kahoot.it\/details\/dd1e3e5d-e87c-48fd-8606-b2bcadaf64f0\">Mod\u00e1ln\u00ed sloveso (m\u00fcssen)<\/a><\/h3>\n<h3 style=\"text-align: center;\"><a href=\"https:\/\/create.kahoot.it\/details\/d862591d-7567-446e-b0ca-e1d0b6732c73\">Mod\u00e1ln\u00ed sloveso (d\u00fcrfen)<\/a><\/h3>\n<h3 style=\"text-align: center;\"><a href=\"https:\/\/create.kahoot.it\/details\/05c6b654-f16a-4dd4-bf5e-a1b399649da3\">Mod\u00e1ln\u00ed sloveso (sollen)<\/a><\/h3>\n<h3 style=\"text-align: center;\"><a href=\"https:\/\/create.kahoot.it\/details\/87f0387d-f22f-4f28-980c-6134327894a5\">Wie geht\u2019s dir?<\/a><\/h3>\n<h3 style=\"text-align: center;\"><\/h3>\n<\/div><\/section><\/div>\n<style type=\"text\/css\" data-created_by=\"avia_inline_auto\" id=\"style-css-av-gurkm-e63eed25c91d6678d59e3ba143447f6b\">\n.flex_column.av-gurkm-e63eed25c91d6678d59e3ba143447f6b{\nborder-radius:0px 0px 0px 0px;\npadding:0px 0px 0px 0px;\n}\n<\/style>\n<div  class='flex_column av-gurkm-e63eed25c91d6678d59e3ba143447f6b av_one_full  avia-builder-el-8  el_after_av_one_full  el_before_av_one_full  first flex_column_div av-zero-column-padding  column-top-margin'     ><section  class='av_textblock_section av-k38tvtpw-d90be1f9dc62e9d24aac5622e28b9370 '   itemscope=\"itemscope\" itemtype=\"https:\/\/schema.org\/CreativeWork\" ><div class='avia_textblock'  itemprop=\"text\" ><h1 style=\"text-align: center;\">Kahoot! &#8211; SLOVN\u00cd Z\u00c1SOBA<\/h1>\n<h3 style=\"text-align: center;\"><a href=\"https:\/\/create.kahoot.it\/details\/48013311-ad53-4011-92ac-f5f09fadc6e1\">Schulsachen 1<\/a><\/h3>\n<h3 style=\"text-align: center;\"><a href=\"https:\/\/create.kahoot.it\/details\/8680fe3b-8729-4058-a427-bcc35eef516e\">Schulsachen 2<\/a><\/h3>\n<h3 style=\"text-align: center;\"><a href=\"https:\/\/create.kahoot.it\/details\/240779ac-ddb2-491a-bbcf-e11e8762aee0\">Schulf\u00e4cher<\/a><\/h3>\n<h3 style=\"text-align: center;\"><a href=\"https:\/\/create.kahoot.it\/details\/74bcb2cb-0f93-45da-aabd-28b3f51f65a3\">Farben<\/a><\/h3>\n<\/div><\/section><\/div>\n<style type=\"text\/css\" data-created_by=\"avia_inline_auto\" id=\"style-css-av-8aicm-313c5002614bd53aa63629f9e9328f5f\">\n.flex_column.av-8aicm-313c5002614bd53aa63629f9e9328f5f{\nborder-radius:0px 0px 0px 0px;\npadding:0px 0px 0px 0px;\n}\n<\/style>\n<div  class='flex_column av-8aicm-313c5002614bd53aa63629f9e9328f5f av_one_full  avia-builder-el-10  el_after_av_one_full  el_before_av_one_full  first flex_column_div av-zero-column-padding  column-top-margin'     ><section  class='av_textblock_section av-k38twvpn-5c9f413f4db8c2dc827b474ece1b5f20 '   itemscope=\"itemscope\" itemtype=\"https:\/\/schema.org\/CreativeWork\" ><div class='avia_textblock'  itemprop=\"text\" ><h1 style=\"text-align: center;\">Kahoot! &#8211; OPAKOV\u00c1N\u00cd<\/h1>\n<h3 style=\"text-align: center;\"><a href=\"https:\/\/create.kahoot.it\/details\/7f1db5e0-da45-4e2c-8910-7278d71720e1\">V\u0161e<\/a><\/h3>\n<h3 style=\"text-align: center;\"><a href=\"https:\/\/create.kahoot.it\/details\/a5d84f53-a378-4e47-8a36-8f4a7bc8f77e\">Gramatika<\/a><\/h3>\n<h3 style=\"text-align: center;\"><a href=\"https:\/\/create.kahoot.it\/details\/256cec6e-b68b-41f5-aa50-83eb6a56b21c\">Slovn\u00ed z\u00e1soba<\/a><\/h3>\n<\/div><\/section><\/div><div  class='flex_column av-ryuej-94e0582fcd2dcc2208c450e762bb16c0 av_one_full  avia-builder-el-12  el_after_av_one_full  el_before_av_one_half  first flex_column_div  column-top-margin'     ><\/div><\/p>\n<div  class='flex_column av-k8rln-23117fc8feb6511eca09c050fb8e02c5 av_one_half  avia-builder-el-13  el_after_av_one_full  el_before_av_one_half  first flex_column_div  column-top-margin'     ><div  class='avia-button-wrap av-dth7n-df84290244885959c93649816e645d08-wrap avia-button-right  avia-builder-el-14  avia-builder-el-no-sibling '><a href='https:\/\/klett.cz\/direkt\/online-kvizy-kahoot\/'  class='avia-button av-dth7n-df84290244885959c93649816e645d08 av-link-btn avia-icon_select-no avia-size-x-large avia-position-right avia-color-theme-color'   aria-label=\"ZP\u011aT NA V\u00ddPIS KAHOOT!\"><span class='avia_iconbox_title' >ZP\u011aT NA V\u00ddPIS KAHOOT!<\/span><\/a><\/div><\/div>\n<div  class='flex_column av-akepf-e1ba238494267426ae8504b9eb9c428a av_one_half  avia-builder-el-15  el_after_av_one_half  avia-builder-el-last  flex_column_div  column-top-margin'     ><div  class='avia-button-wrap av-ky8f7qu0-eefeec41460fabc9ceedfc363db81fcd-wrap avia-button-left  avia-builder-el-16  avia-builder-el-no-sibling '><a href='https:\/\/klett.cz\/direkt\/kahoot-k-5-lekci-direkt-interaktiv-1\/'  class='avia-button av-ky8f7qu0-eefeec41460fabc9ceedfc363db81fcd av-link-btn avia-icon_select-no avia-size-x-large avia-position-left avia-color-theme-color'   aria-label=\"P\u0158EJ\u00cdT NA KAHOOT! K 5. LEKCI\"><span class='avia_iconbox_title' >P\u0158EJ\u00cdT NA KAHOOT! K 5. LEKCI<\/span><\/a><\/div><\/div>\n","protected":false},"excerpt":{"rendered":"","protected":false},"author":3,"featured_media":0,"parent":0,"menu_order":0,"comment_status":"closed","ping_status":"closed","template":"","meta":{"_exactmetrics_skip_tracking":false,"_exactmetrics_sitenote_active":false,"_exactmetrics_sitenote_note":"","_exactmetrics_sitenote_category":0,"footnotes":""},"class_list":["post-339","page","type-page","status-publish","hentry"],"_links":{"self":[{"href":"https:\/\/klett.cz\/direkt\/wp-json\/wp\/v2\/pages\/339","targetHints":{"allow":["GET"]}}],"collection":[{"href":"https:\/\/klett.cz\/direkt\/wp-json\/wp\/v2\/pages"}],"about":[{"href":"https:\/\/klett.cz\/direkt\/wp-json\/wp\/v2\/types\/page"}],"author":[{"embeddable":true,"href":"https:\/\/klett.cz\/direkt\/wp-json\/wp\/v2\/users\/3"}],"replies":[{"embeddable":true,"href":"https:\/\/klett.cz\/direkt\/wp-json\/wp\/v2\/comments?post=339"}],"version-history":[{"count":10,"href":"https:\/\/klett.cz\/direkt\/wp-json\/wp\/v2\/pages\/339\/revisions"}],"predecessor-version":[{"id":1049,"href":"https:\/\/klett.cz\/direkt\/wp-json\/wp\/v2\/pages\/339\/revisions\/1049"}],"wp:attachment":[{"href":"https:\/\/klett.cz\/direkt\/wp-json\/wp\/v2\/media?parent=339"}],"curies":[{"name":"wp","href":"https:\/\/api.w.org\/{rel}","templated":true}]}}