{"id":31,"date":"2018-09-26T16:02:17","date_gmt":"2018-09-26T14:02:17","guid":{"rendered":"http:\/\/klett.cz\/direkt\/?page_id=31"},"modified":"2025-10-30T15:46:44","modified_gmt":"2025-10-30T14:46:44","slug":"vzorky-zdarma","status":"publish","type":"page","link":"https:\/\/klett.cz\/direkt\/vzorky-zdarma\/","title":{"rendered":"Vzorky zdarma"},"content":{"rendered":"\n<style type=\"text\/css\" data-created_by=\"avia_inline_auto\" id=\"style-css-av-2j94r-c9b0356ce872c58ebeb263a2cf9dc3a4\">\n.flex_column.av-2j94r-c9b0356ce872c58ebeb263a2cf9dc3a4{\nborder-radius:0px 0px 0px 0px;\npadding:0px 0px 0px 0px;\n}\n<\/style>\n<div  class='flex_column av-2j94r-c9b0356ce872c58ebeb263a2cf9dc3a4 av_one_full  avia-builder-el-0  el_before_av_one_full  avia-builder-el-first  first flex_column_div av-zero-column-padding  '     ><section  class='av_textblock_section av-clcjr-7b84d2f179c6ea5e121c41021ebd734f '   itemscope=\"itemscope\" itemtype=\"https:\/\/schema.org\/CreativeWork\" ><div class='avia_textblock'  itemprop=\"text\" ><h1 style=\"text-align: center;\">OBJEDNEJTE SI ZDARMA VZORKY DIREKT INTERAKTIV<\/h1>\n<p style=\"text-align: center;\">Chcete se sezn\u00e1mit s materi\u00e1ly Direkt interaktiv? Vyberte si variantu, vypl\u0148te formul\u00e1\u0159 se \u017e\u00e1dost\u00ed a my v\u00e1m v\u00fdtisk doru\u010d\u00edme do \u0161koly.<\/p>\n<\/div><\/section><\/div>\n\n<style type=\"text\/css\" data-created_by=\"avia_inline_auto\" id=\"style-css-av-35mdn-e0b40966f2f4e8441df17b5d888eb663\">\n.flex_column.av-35mdn-e0b40966f2f4e8441df17b5d888eb663{\nborder-radius:0px 0px 0px 0px;\npadding:0px 0px 0px 0px;\n}\n<\/style>\n<div  class='flex_column av-35mdn-e0b40966f2f4e8441df17b5d888eb663 av_one_full  avia-builder-el-2  el_after_av_one_full  el_before_av_one_full  first flex_column_div av-zero-column-padding  column-top-margin'     ><section  class='av_textblock_section av-k5p3n7s2-fcfc42105c4b6489c6e289aebaba5ba3 '   itemscope=\"itemscope\" itemtype=\"https:\/\/schema.org\/CreativeWork\" ><div class='avia_textblock'  itemprop=\"text\" ><p style=\"text-align: center;\">Vypln\u011bn\u00edm formul\u00e1\u0159e \u0161kole nevznik\u00e1 \u017e\u00e1dn\u00e1 povinnost ani z\u00e1vazek v\u016f\u010di nakladatelstv\u00ed Fraus Klett. V\u0161echny n\u00e1klady spojen\u00e9 se zasl\u00e1n\u00edm vzorov\u00fdch v\u00fdtisk\u016f pln\u011b hrad\u00ed nakladatelstv\u00ed Fraus Klett. Vzorov\u00e9 v\u00fdtisky zdarma poskytujeme u\u010ditel\u016fm a pedagogick\u00fdm pracovn\u00edk\u016fm.<\/p>\n<\/div><\/section><\/div>\n<style type=\"text\/css\" data-created_by=\"avia_inline_auto\" id=\"style-css-av-o12j-d9e5523a49bec7e88050aa54d36d12de\">\n.flex_column.av-o12j-d9e5523a49bec7e88050aa54d36d12de{\nborder-radius:0px 0px 0px 0px;\npadding:0px 0px 0px 0px;\n}\n<\/style>\n<div  class='flex_column av-o12j-d9e5523a49bec7e88050aa54d36d12de av_one_full  avia-builder-el-4  el_after_av_one_full  el_before_av_one_full  first flex_column_div av-zero-column-padding  column-top-margin'     ><style type=\"text\/css\" data-created_by=\"avia_inline_auto\" id=\"style-css-av-k4baih4n-75433c6660a5fc74ed8237afac6f81ae\">\n.avia-image-container.av-k4baih4n-75433c6660a5fc74ed8237afac6f81ae img.avia_image{\nbox-shadow:none;\n}\n.avia-image-container.av-k4baih4n-75433c6660a5fc74ed8237afac6f81ae .av-image-caption-overlay-center{\ncolor:#ffffff;\n}\n<\/style>\n<div  class='avia-image-container av-k4baih4n-75433c6660a5fc74ed8237afac6f81ae av-styling- avia-align-center  avia-builder-el-5  avia-builder-el-no-sibling '   itemprop=\"image\" itemscope=\"itemscope\" itemtype=\"https:\/\/schema.org\/ImageObject\" ><div class=\"avia-image-container-inner\"><div class=\"avia-image-overlay-wrap\"><img decoding=\"async\" fetchpriority=\"high\" class='wp-image-331 avia-img-lazy-loading-not-331 avia_image ' src=\"https:\/\/klett.cz\/direkt\/wp-content\/uploads\/2019\/12\/Direkt_vzorky_men.png\" alt='' title='Direkt_vzorky_men'  height=\"499\" width=\"900\"  itemprop=\"thumbnailUrl\" srcset=\"https:\/\/klett.cz\/direkt\/wp-content\/uploads\/2019\/12\/Direkt_vzorky_men.png 900w, https:\/\/klett.cz\/direkt\/wp-content\/uploads\/2019\/12\/Direkt_vzorky_men-300x166.png 300w, https:\/\/klett.cz\/direkt\/wp-content\/uploads\/2019\/12\/Direkt_vzorky_men-768x426.png 768w, https:\/\/klett.cz\/direkt\/wp-content\/uploads\/2019\/12\/Direkt_vzorky_men-705x391.png 705w, https:\/\/klett.cz\/direkt\/wp-content\/uploads\/2019\/12\/Direkt_vzorky_men-450x250.png 450w\" sizes=\"(max-width: 900px) 100vw, 900px\" \/><\/div><\/div><\/div><\/div><\/p>\n\n<style type=\"text\/css\" data-created_by=\"avia_inline_auto\" id=\"style-css-av-3sb77-593f8e099dd4a19cafb8b2c19dfaa895\">\n.flex_column.av-3sb77-593f8e099dd4a19cafb8b2c19dfaa895{\nborder-radius:0px 0px 0px 0px;\npadding:0px 0px 0px 0px;\n}\n<\/style>\n<div  class='flex_column av-3sb77-593f8e099dd4a19cafb8b2c19dfaa895 av_one_full  avia-builder-el-6  el_after_av_one_full  el_before_av_one_fifth  first flex_column_div av-zero-column-padding  column-top-margin'     ><section  class='av_textblock_section av-k5p3lwpr-a5f8d1bf4d9a817bff3ae59908303c04 '   itemscope=\"itemscope\" itemtype=\"https:\/\/schema.org\/CreativeWork\" ><div class='avia_textblock'  itemprop=\"text\" ><h2 style=\"text-align: center;\">Vyberte si ide\u00e1ln\u00ed variantu pro va\u0161e pot\u0159eby<\/h2>\n<p style=\"text-align: center;\">R\u00e1di byste prozkoumali prvn\u00ed, druh\u00fd nebo t\u0159et\u00ed d\u00edl u\u010debnice <strong>Direkt interaktiv<\/strong>? Po\u017e\u00e1dejte o bezplatn\u00e9 zasl\u00e1n\u00ed u\u010debnice s integrovan\u00fdm pracovn\u00edm se\u0161item a z\u00edskejte mo\u017enost vyzkou\u0161et interaktivn\u00ed port\u00e1l <strong>mCourser<\/strong> k vybran\u00e9mu d\u00edlu.<\/p>\n<\/div><\/section><\/div>\n\n<style type=\"text\/css\" data-created_by=\"avia_inline_auto\" id=\"style-css-av-7g5n-9950f09f1421be360440e5bed79e56df\">\n.flex_column.av-7g5n-9950f09f1421be360440e5bed79e56df{\nborder-radius:0px 0px 0px 0px;\npadding:0px 0px 0px 0px;\n}\n<\/style>\n<div  class='flex_column av-7g5n-9950f09f1421be360440e5bed79e56df av_one_fifth  avia-builder-el-8  el_after_av_one_full  el_before_av_three_fifth  first flex_column_div av-zero-column-padding  column-top-margin'     ><\/div>\n\n<style type=\"text\/css\" data-created_by=\"avia_inline_auto\" id=\"style-css-av-1brur-52dc0ea009ff5f85f7b36c1295704317\">\n.flex_column.av-1brur-52dc0ea009ff5f85f7b36c1295704317{\nborder-radius:0px 0px 0px 0px;\npadding:0px 0px 0px 0px;\n}\n<\/style>\n<div  class='flex_column av-1brur-52dc0ea009ff5f85f7b36c1295704317 av_three_fifth  avia-builder-el-9  el_after_av_one_fifth  el_before_av_one_fifth  flex_column_div av-zero-column-padding  column-top-margin'     ><style type=\"text\/css\" data-created_by=\"avia_inline_auto\" id=\"style-css-av-lg0upd8m-1cfb68931a6507559a44d0ef76e47a71\">\n.avia-video.av-lg0upd8m-1cfb68931a6507559a44d0ef76e47a71{\nbackground-image:url(https:\/\/klett.cz\/direkt\/wp-content\/uploads\/2023\/04\/Unboxing-videa-di-scaled.jpeg);\n}\n<\/style>\n<div  class='avia-video av-lg0upd8m-1cfb68931a6507559a44d0ef76e47a71 avia-video-16-9 av-preview-image avia-video-load-always avia-video-html5'  itemprop=\"video\" itemtype=\"https:\/\/schema.org\/VideoObject\"  data-original_url='https:\/\/klett.cz\/direkt\/wp-content\/uploads\/2023\/04\/DI-1-unboxing-Milina-final-HD-1080p.mp4'><video class='avia_video' poster=\"https:\/\/klett.cz\/direkt\/wp-content\/uploads\/2023\/04\/Unboxing-videa-di-scaled.jpeg\"   preload=\"auto\"  controls id='player_31_2089287246_995971653'><source src='https:\/\/klett.cz\/direkt\/wp-content\/uploads\/2023\/04\/DI-1-unboxing-Milina-final-HD-1080p.mp4' type='video\/mp4' \/><\/video><\/div><\/div>\n\n<style type=\"text\/css\" data-created_by=\"avia_inline_auto\" id=\"style-css-av-omd7-fced397f8b3bf01093d82464185b0ac7\">\n.flex_column.av-omd7-fced397f8b3bf01093d82464185b0ac7{\nborder-radius:0px 0px 0px 0px;\npadding:0px 0px 0px 0px;\n}\n<\/style>\n<div  class='flex_column av-omd7-fced397f8b3bf01093d82464185b0ac7 av_one_fifth  avia-builder-el-11  el_after_av_three_fifth  el_before_av_one_full  flex_column_div av-zero-column-padding  column-top-margin'     ><\/div>\n\n<style type=\"text\/css\" data-created_by=\"avia_inline_auto\" id=\"style-css-av-35mdn-3-051da5435439047927a1c95005773da1\">\n.flex_column.av-35mdn-3-051da5435439047927a1c95005773da1{\nborder-radius:0px 0px 0px 0px;\npadding:0px 0px 0px 0px;\n}\n<\/style>\n<div  class='flex_column av-35mdn-3-051da5435439047927a1c95005773da1 av_one_full  avia-builder-el-12  el_after_av_one_fifth  el_before_av_hr  first flex_column_div av-zero-column-padding  column-top-margin'     ><section  class='av_textblock_section av-k5p3n7s2-2-016be094513e810b7a64e68ec0ee0fbd '   itemscope=\"itemscope\" itemtype=\"https:\/\/schema.org\/CreativeWork\" ><div class='avia_textblock'  itemprop=\"text\" ><h3 style=\"text-align: center;\"><strong>Pr\u00e9miov\u00fd u\u010ditelsk\u00fd bal\u00ed\u010dek za 1 251 K\u010d<\/strong><\/h3>\n<p style=\"text-align: center;\">Pl\u00e1nujete spolu se sv\u00fdmi \u017e\u00e1ky od nov\u00e9ho \u0161koln\u00edho roku ve v\u00fduce pracovat s Direkt interaktiv? V tom p\u0159\u00edpad\u011b je pro v\u00e1s \u2013 vyu\u010duj\u00edc\u00ed \u2013 ur\u010den Pr\u00e9miov\u00fd u\u010ditelsk\u00fd bal\u00ed\u010dek. Ten obsahuje kompletn\u00ed portfolio v\u0161ech ti\u0161t\u011bn\u00fdch materi\u00e1l\u016f k prvn\u00edmu a\/nebo druh\u00e9mu d\u00edlu Direkt interaktiv, tzn. u\u010debnici s integrovan\u00fdm pracovn\u00edm se\u0161item, metodickou p\u0159\u00edru\u010dku v\u010detn\u011b DVD, Intensivtrainer, knihu test\u016f, p\u0159ekladov\u00e1 cvi\u010den\u00ed a gramatick\u00fd p\u0159ehled. Pr\u00e9miov\u00fd bal\u00ed\u010dek k prvn\u00edmi i druh\u00e9mu d\u00edlu stoj\u00ed 1 251 K\u010d v\u010detn\u011b DPH.<\/p>\n<\/div><\/section><\/div>\n\n<style type=\"text\/css\" data-created_by=\"avia_inline_auto\" id=\"style-css-av-23nej-e742c9ddaa508d35ba750b384a0b2acc\">\n#top .hr.hr-invisible.av-23nej-e742c9ddaa508d35ba750b384a0b2acc{\nheight:50px;\n}\n<\/style>\n<div  class='hr av-23nej-e742c9ddaa508d35ba750b384a0b2acc hr-invisible  avia-builder-el-14  el_after_av_one_full  el_before_av_contact '><span class='hr-inner '><span class=\"hr-inner-style\"><\/span><\/span><\/div>\n<form action=\"https:\/\/klett.cz\/direkt\/vzorky-zdarma\/\" method=\"post\" data-fields-with-error=\"Found errors in the following field(s):\" class=\"avia_ajax_form av-form-labels-visible   avia-builder-el-15  el_after_av_hr  el_before_av_hr   \" data-avia-form-id=\"1\" data-avia-redirect='https:\/\/klett.cz\/direkt\/dekujeme\/' ><h3 class=''>Vypl\u0148te pros\u00edm n\u00e1sleduj\u00edc\u00ed \u00fadaje:<\/h3><fieldset><p id='element_avia_1_1' class=' first_form  form_element form_fullwidth av-form-empty-line '> <\/p><h5 id='element_avia_2_1' class=' first_form  form_element form_fullwidth av-form-headline '>O jak\u00fd vzorov\u00fd v\u00fdtisk m\u00e1te z\u00e1jem?<\/h5><p class='  first_form  form_element form_element_half' id='element_avia_3_1'><input  name=\"avia_3_1\" class=\"input_checkbox \" type=\"checkbox\" id=\"avia_3_1\" value=\"true\"\/><label class=\"input_checkbox_label\" for=\"avia_3_1\">Vzorov\u00fd v\u00fdtisk Direkt interaktiv 1. d\u00edl \u2013 zdarma<\/label><\/p><p class='  form_element form_element_half' id='element_avia_4_1'><input  name=\"avia_4_1\" class=\"input_checkbox \" type=\"checkbox\" id=\"avia_4_1\" value=\"true\"\/><label class=\"input_checkbox_label\" for=\"avia_4_1\">Vzorov\u00fd v\u00fdtisk Direkt interaktiv 2. d\u00edl \u2013 zdarma<\/label><\/p><p class='  first_form  form_element form_fullwidth' id='element_avia_5_1'><input  name=\"avia_5_1\" class=\"input_checkbox \" type=\"checkbox\" id=\"avia_5_1\" value=\"true\"\/><label class=\"input_checkbox_label\" for=\"avia_5_1\">Vzorov\u00fd v\u00fdtisk Direkt interaktiv 3. d\u00edl \u2013 zdarma<\/label><\/p><h5 id='element_avia_6_1' class=' first_form  form_element form_fullwidth av-form-headline '>Va\u0161e \u00fadaje:<\/h5><p class='  first_form  form_element form_element_two_third' id='element_avia_7_1'><label for=\"avia_7_1\">N\u00e1zev \u0161koly <abbr class=\"required\" title=\"required\">*<\/abbr><\/label> <input name=\"avia_7_1\" class=\"text_input is_empty\" type=\"text\" id=\"avia_7_1\" value=\"\" \/><\/p><p class='  form_element form_element_third' id='element_avia_8_1'><label for=\"avia_8_1\">I\u010cO (za \u00fa\u010delem ov\u011b\u0159en\u00ed spr\u00e1vnosti adresy \u0161koly) <abbr class=\"required\" title=\"required\">*<\/abbr><\/label> <input name=\"avia_8_1\" class=\"text_input is_empty\" type=\"text\" id=\"avia_8_1\" value=\"\" \/><\/p><p class='  first_form  form_element form_element_half' id='element_avia_9_1'><label for=\"avia_9_1\">Jm\u00e9no <abbr class=\"required\" title=\"required\">*<\/abbr><\/label> <input name=\"avia_9_1\" class=\"text_input is_empty\" type=\"text\" id=\"avia_9_1\" value=\"\" \/><\/p><p class='  form_element form_element_half' id='element_avia_10_1'><label for=\"avia_10_1\">P\u0159\u00edjmen\u00ed <abbr class=\"required\" title=\"required\">*<\/abbr><\/label> <input name=\"avia_10_1\" class=\"text_input is_empty\" type=\"text\" id=\"avia_10_1\" value=\"\" \/><\/p><p class='  first_form  form_element form_element_half' id='element_avia_11_1'><label for=\"avia_11_1\">E-mail <abbr class=\"required\" title=\"required\">*<\/abbr><\/label> <input name=\"avia_11_1\" class=\"text_input is_empty\" type=\"text\" id=\"avia_11_1\" value=\"\" \/><\/p><p class='  form_element form_element_half' id='element_avia_12_1'><label for=\"avia_12_1\">Telefon (za \u00fa\u010delem dopravy) <abbr class=\"required\" title=\"required\">*<\/abbr><\/label> <input name=\"avia_12_1\" class=\"text_input is_empty\" type=\"text\" id=\"avia_12_1\" value=\"\" \/><\/p><p class='  first_form  form_element form_fullwidth' id='element_avia_13_1'><label for=\"avia_13_1\">Kam m\u00e1me vzorov\u00fd v\u00fdtisk poslat?<\/label><select  name=\"avia_13_1\" class=\"select \" id=\"avia_13_1\"><option   value='na adresu \u0161koly'>na adresu \u0161koly<\/option><option   value='na soukromou adresu'>na soukromou adresu<\/option><\/select><\/p><p class='  first_form  form_element form_element_three_fourth' id='element_avia_14_1'><label for=\"avia_14_1\">Ulice <abbr class=\"required\" title=\"required\">*<\/abbr><\/label> <input name=\"avia_14_1\" class=\"text_input is_empty\" type=\"text\" id=\"avia_14_1\" value=\"\" \/><\/p><p class='  form_element form_element_fourth' id='element_avia_15_1'><label for=\"avia_15_1\">\u010c\u00edslo popisn\u00e9 <abbr class=\"required\" title=\"required\">*<\/abbr><\/label> <input name=\"avia_15_1\" class=\"text_input is_empty\" type=\"text\" id=\"avia_15_1\" value=\"\" \/><\/p><p class='  first_form  form_element form_element_fourth' id='element_avia_16_1'><label for=\"avia_16_1\">PS\u010c <abbr class=\"required\" title=\"required\">*<\/abbr><\/label> <input name=\"avia_16_1\" class=\"text_input is_empty\" type=\"text\" id=\"avia_16_1\" value=\"\" \/><\/p><p class='  form_element form_element_three_fourth' id='element_avia_17_1'><label for=\"avia_17_1\">M\u011bsto <abbr class=\"required\" title=\"required\">*<\/abbr><\/label> <input name=\"avia_17_1\" class=\"text_input is_empty\" type=\"text\" id=\"avia_17_1\" value=\"\" \/><\/p><p class='  first_form  form_element form_fullwidth' id='element_avia_18_1'><input  name=\"avia_18_1\" class=\"input_checkbox \" type=\"checkbox\" id=\"avia_18_1\" value=\"true\"\/><label class=\"input_checkbox_label\" for=\"avia_18_1\">Souhlas\u00edm se zas\u00edl\u00e1n\u00edm informac\u00ed o sout\u011b\u017e\u00edch, dopl\u0148kov\u00fdch materi\u00e1lech, vzd\u011bl\u00e1vac\u00edch akc\u00ed a dal\u0161\u00edch zaj\u00edmav\u00fdch informac\u00ed na v\u00fd\u0161e uvedenou e-mailovou adresu.<\/label><\/p><p class='  first_form  form_element form_fullwidth' id='element_avia_19_1'><input  name=\"avia_19_1\" class=\"input_checkbox \" type=\"checkbox\" id=\"avia_19_1\" value=\"true\"\/><label class=\"input_checkbox_label\" for=\"avia_19_1\">Souhlas\u00edm s vyu\u017eit\u00edm m\u00e9ho telefonn\u00edho \u010d\u00edsla pro marketingov\u00e9 \u00fa\u010dely.<\/label><\/p><h5 id='element_avia_20_1' class=' first_form  form_element form_fullwidth av-form-headline '>Speci\u00e1ln\u00ed nab\u00eddka<\/h5><p class='  first_form  form_element form_element_half' id='element_avia_21_1'><input  name=\"avia_21_1\" class=\"input_checkbox \" type=\"checkbox\" id=\"avia_21_1\" value=\"true\"\/><label class=\"input_checkbox_label\" for=\"avia_21_1\">Chci Pr\u00e9miov\u00fd u\u010ditelsk\u00fd bal\u00ed\u010dek Direkt interaktiv 1. d\u00edl za 1 251 K\u010d<\/label><\/p><p class='  form_element form_element_half' id='element_avia_22_1'><input  name=\"avia_22_1\" class=\"input_checkbox \" type=\"checkbox\" id=\"avia_22_1\" value=\"true\"\/><label class=\"input_checkbox_label\" for=\"avia_22_1\">Chci Pr\u00e9miov\u00fd u\u010ditelsk\u00fd bal\u00ed\u010dek Direkt interaktiv 2. d\u00edl za 1 251 K\u010d<\/label><\/p><p class='  first_form  form_element form_element_half' id='element_avia_23_1'><input  name=\"avia_23_1\" class=\"input_checkbox \" type=\"checkbox\" id=\"avia_23_1\" value=\"true\"\/><label class=\"input_checkbox_label\" for=\"avia_23_1\">Chci Pr\u00e9miov\u00fd u\u010ditelsk\u00fd bal\u00ed\u010dek Direkt interaktiv 3. d\u00edl za 1 251 K\u010d<\/label><\/p><h5 id='element_avia_24_1' class=' first_form  form_element form_fullwidth av-form-headline '>Co pro v\u00e1s je\u0161t\u011b m\u016f\u017eeme ud\u011blat?<\/h5><p class='  first_form  form_element form_element_half' id='element_avia_25_1'><input  name=\"avia_25_1\" class=\"input_checkbox \" type=\"checkbox\" id=\"avia_25_1\" value=\"true\"\/><label class=\"input_checkbox_label\" for=\"avia_25_1\">Prezentace na moj\u00ed \u0161kole \u2013 zdarma<\/label><\/p><p class='  form_element form_element_half' id='element_avia_26_1'><input  name=\"avia_26_1\" class=\"input_checkbox \" type=\"checkbox\" id=\"avia_26_1\" value=\"true\"\/><label class=\"input_checkbox_label\" for=\"avia_26_1\">M\u00e1m z\u00e1jem o \u0161kolen\u00ed na v\u00fdukov\u00fd interaktivn\u00ed Klett LMS \u2013 zdarma<\/label><\/p><div id='avia_27_1' class='av-form-text'><p>\nOdesl\u00e1n\u00edm formul\u00e1\u0159e souhlas\u00edm se zpracov\u00e1n\u00edm osobn\u00edch \u00fadaj\u016f.<strong> <a href=\"https:\/\/klett.cz\/osobniudaje\/zasady_zpracovani_osobnich_udaju.pdf\">Z\u00e1sady zpracov\u00e1n\u00ed osobn\u00edch \u00fadaj\u016f.<\/a><\/strong><\/p>\n<\/div><p class=\"hidden\"><input type=\"text\" name=\"avia_28_1\" class=\"hidden \" id=\"avia_28_1\" value=\"\" \/><\/p><p class=\"form_element \"><input type=\"hidden\" value=\"1\" name=\"avia_generated_form1\" \/><input type=\"submit\" value=\"Odeslat\" class=\"button\"  data-sending-label=\"Sending\"\/><\/p><\/fieldset><\/form><div id=\"ajaxresponse_1\" class=\"ajaxresponse ajaxresponse_1 hidden\"><\/div>\n\n<style type=\"text\/css\" data-created_by=\"avia_inline_auto\" id=\"style-css-av-23nej-1-a992a59566905dc4024e6c82f357d198\">\n#top .hr.hr-invisible.av-23nej-1-a992a59566905dc4024e6c82f357d198{\nheight:50px;\n}\n<\/style>\n<div  class='hr av-23nej-1-a992a59566905dc4024e6c82f357d198 hr-invisible  avia-builder-el-16  el_after_av_contact  el_before_av_textblock '><span class='hr-inner '><span class=\"hr-inner-style\"><\/span><\/span><\/div>\n<section  class='av_textblock_section av-1qipv-778c7e32f97dec5b6671e349dcc8dcd3 '   itemscope=\"itemscope\" itemtype=\"https:\/\/schema.org\/CreativeWork\" ><div class='avia_textblock'  itemprop=\"text\" ><p style=\"text-align: center;\"><strong>P\u0159ejete si zas\u00edlat informace o novink\u00e1ch, produktech a n\u00e1mi po\u0159\u00e1dan\u00fdch akc\u00edch?\u00a0<\/strong><\/p>\n<p style=\"text-align: center;\">Vypl\u0148te pros\u00edm souhlas se zpracov\u00e1n\u00edm osobn\u00edch \u00fadaj\u016f a my v\u00e1s budeme r\u00e1di kontaktovat.<\/p>\n<\/div><\/section>\n<div  class='avia-button-wrap av-z9ur-4e16b8fd73c806f3cb85084ca69e4293-wrap avia-button-center  avia-builder-el-18  el_after_av_textblock  avia-builder-el-last '><a href='http:\/\/klett.cz\/souhlas'  class='avia-button av-z9ur-4e16b8fd73c806f3cb85084ca69e4293 av-link-btn avia-icon_select-yes-left-icon avia-size-x-large avia-position-center avia-color-theme-color'  target=\"_blank\"  rel=\"noopener noreferrer\"  aria-label=\"Souhlas\"><span class='avia_button_icon avia_button_icon_left avia-iconfont avia-font-entypo-fontello' data-av_icon='\ue812' data-av_iconfont='entypo-fontello' ><\/span><span class='avia_iconbox_title' >Souhlas<\/span><\/a><\/div>\n","protected":false},"excerpt":{"rendered":"","protected":false},"author":2,"featured_media":0,"parent":0,"menu_order":0,"comment_status":"closed","ping_status":"closed","template":"","meta":{"_exactmetrics_skip_tracking":false,"_exactmetrics_sitenote_active":false,"_exactmetrics_sitenote_note":"","_exactmetrics_sitenote_category":0,"footnotes":""},"class_list":["post-31","page","type-page","status-publish","hentry"],"_links":{"self":[{"href":"https:\/\/klett.cz\/direkt\/wp-json\/wp\/v2\/pages\/31","targetHints":{"allow":["GET"]}}],"collection":[{"href":"https:\/\/klett.cz\/direkt\/wp-json\/wp\/v2\/pages"}],"about":[{"href":"https:\/\/klett.cz\/direkt\/wp-json\/wp\/v2\/types\/page"}],"author":[{"embeddable":true,"href":"https:\/\/klett.cz\/direkt\/wp-json\/wp\/v2\/users\/2"}],"replies":[{"embeddable":true,"href":"https:\/\/klett.cz\/direkt\/wp-json\/wp\/v2\/comments?post=31"}],"version-history":[{"count":52,"href":"https:\/\/klett.cz\/direkt\/wp-json\/wp\/v2\/pages\/31\/revisions"}],"predecessor-version":[{"id":1059,"href":"https:\/\/klett.cz\/direkt\/wp-json\/wp\/v2\/pages\/31\/revisions\/1059"}],"wp:attachment":[{"href":"https:\/\/klett.cz\/direkt\/wp-json\/wp\/v2\/media?parent=31"}],"curies":[{"name":"wp","href":"https:\/\/api.w.org\/{rel}","templated":true}]}}