{"id":279,"date":"2019-11-21T16:13:43","date_gmt":"2019-11-21T15:13:43","guid":{"rendered":"http:\/\/klett.cz\/direkt\/?page_id=279"},"modified":"2025-10-29T16:16:10","modified_gmt":"2025-10-29T15:16:10","slug":"kahoot-k-2-lekci-direkt-interaktiv-1","status":"publish","type":"page","link":"https:\/\/klett.cz\/direkt\/kahoot-k-2-lekci-direkt-interaktiv-1\/","title":{"rendered":"Kahoot! k 2. lekci Direkt interaktiv 1"},"content":{"rendered":"\n<style type=\"text\/css\" data-created_by=\"avia_inline_auto\" id=\"style-css-av-zb6jy-f10f8d3afedd05d826141fc8eea77f7f\">\n.flex_column.av-zb6jy-f10f8d3afedd05d826141fc8eea77f7f{\nborder-radius:0px 0px 0px 0px;\npadding:0px 0px 0px 0px;\n}\n<\/style>\n<div  class='flex_column av-zb6jy-f10f8d3afedd05d826141fc8eea77f7f av_one_full  avia-builder-el-0  el_before_av_one_full  avia-builder-el-first  first flex_column_div av-zero-column-padding  '     ><p>\n<style type=\"text\/css\" data-created_by=\"avia_inline_auto\" id=\"style-css-av-k38tzf9i-a855a7e75cd04d1c366097f718686b83\">\n.avia-image-container.av-k38tzf9i-a855a7e75cd04d1c366097f718686b83 img.avia_image{\nbox-shadow:none;\n}\n.avia-image-container.av-k38tzf9i-a855a7e75cd04d1c366097f718686b83 .av-image-caption-overlay-center{\ncolor:#ffffff;\n}\n<\/style>\n<div  class='avia-image-container av-k38tzf9i-a855a7e75cd04d1c366097f718686b83 av-styling- avia-align-center  avia-builder-el-1  el_before_av_hr  avia-builder-el-first '   itemprop=\"image\" itemscope=\"itemscope\" itemtype=\"https:\/\/schema.org\/ImageObject\" ><div class=\"avia-image-container-inner\"><div class=\"avia-image-overlay-wrap\"><img decoding=\"async\" fetchpriority=\"high\" class='wp-image-267 avia-img-lazy-loading-not-267 avia_image ' src=\"https:\/\/klett.cz\/direkt\/wp-content\/uploads\/2019\/11\/1280px-Kahoot_Logo.svg_-300x102.png\" alt='' title='1280px-Kahoot_Logo.svg_'  height=\"102\" width=\"300\"  itemprop=\"thumbnailUrl\" srcset=\"https:\/\/klett.cz\/direkt\/wp-content\/uploads\/2019\/11\/1280px-Kahoot_Logo.svg_-300x102.png 300w, https:\/\/klett.cz\/direkt\/wp-content\/uploads\/2019\/11\/1280px-Kahoot_Logo.svg_-768x262.png 768w, https:\/\/klett.cz\/direkt\/wp-content\/uploads\/2019\/11\/1280px-Kahoot_Logo.svg_-1030x351.png 1030w, https:\/\/klett.cz\/direkt\/wp-content\/uploads\/2019\/11\/1280px-Kahoot_Logo.svg_.png 1280w, https:\/\/klett.cz\/direkt\/wp-content\/uploads\/2019\/11\/1280px-Kahoot_Logo.svg_-705x240.png 705w, https:\/\/klett.cz\/direkt\/wp-content\/uploads\/2019\/11\/1280px-Kahoot_Logo.svg_-450x153.png 450w\" sizes=\"(max-width: 300px) 100vw, 300px\" \/><\/div><\/div><\/div><br \/>\n\n<style type=\"text\/css\" data-created_by=\"avia_inline_auto\" id=\"style-css-av-k38u05lj-99752b46ea943530e6a100015dbb625c\">\n#top .hr.hr-invisible.av-k38u05lj-99752b46ea943530e6a100015dbb625c{\nheight:50px;\n}\n<\/style>\n<div  class='hr av-k38u05lj-99752b46ea943530e6a100015dbb625c hr-invisible  avia-builder-el-2  el_after_av_image  el_before_av_textblock '><span class='hr-inner '><span class=\"hr-inner-style\"><\/span><\/span><\/div><br \/>\n<section  class='av_textblock_section av-k38tz0yb-2aace1bab5075e475c317a6247896666 '   itemscope=\"itemscope\" itemtype=\"https:\/\/schema.org\/CreativeWork\" ><div class='avia_textblock'  itemprop=\"text\" ><h1 style=\"text-align: center;\">Z\u00e1bavn\u00e9 kv\u00edzy Kahoot! k 2. lekci u\u010debnice Direkt interaktiv 1<\/h1>\n<\/div><\/section><br \/>\n\n<style type=\"text\/css\" data-created_by=\"avia_inline_auto\" id=\"style-css-av-k38u05lj-1-1f8d53554ce26b0af3f3785f89aa52b3\">\n#top .hr.hr-invisible.av-k38u05lj-1-1f8d53554ce26b0af3f3785f89aa52b3{\nheight:50px;\n}\n<\/style>\n<div  class='hr av-k38u05lj-1-1f8d53554ce26b0af3f3785f89aa52b3 hr-invisible  avia-builder-el-4  el_after_av_textblock  el_before_av_image '><span class='hr-inner '><span class=\"hr-inner-style\"><\/span><\/span><\/div><br \/>\n\n<style type=\"text\/css\" data-created_by=\"avia_inline_auto\" id=\"style-css-av-k38u3d9e-52ed9aa45c7ed91e367e23c95d067131\">\n.avia-image-container.av-k38u3d9e-52ed9aa45c7ed91e367e23c95d067131 img.avia_image{\nbox-shadow:none;\n}\n.avia-image-container.av-k38u3d9e-52ed9aa45c7ed91e367e23c95d067131 .av-image-caption-overlay-center{\ncolor:#ffffff;\n}\n<\/style>\n<div  class='avia-image-container av-k38u3d9e-52ed9aa45c7ed91e367e23c95d067131 av-styling- avia-align-center  avia-builder-el-5  el_after_av_hr  avia-builder-el-last '   itemprop=\"image\" itemscope=\"itemscope\" itemtype=\"https:\/\/schema.org\/ImageObject\" ><div class=\"avia-image-container-inner\"><div class=\"avia-image-overlay-wrap\"><img decoding=\"async\" fetchpriority=\"high\" class='wp-image-287 avia-img-lazy-loading-not-287 avia_image ' src=\"https:\/\/klett.cz\/direkt\/wp-content\/uploads\/2019\/11\/2-1.png\" alt='' title='2'  height=\"600\" width=\"379\"  itemprop=\"thumbnailUrl\" srcset=\"https:\/\/klett.cz\/direkt\/wp-content\/uploads\/2019\/11\/2-1.png 379w, https:\/\/klett.cz\/direkt\/wp-content\/uploads\/2019\/11\/2-1-190x300.png 190w\" sizes=\"(max-width: 379px) 100vw, 379px\" \/><\/div><\/div><\/div><\/p><\/div>\n\n<style type=\"text\/css\" data-created_by=\"avia_inline_auto\" id=\"style-css-av-mtia6-ee1543dd2c791f8e03113a4a65d0d0eb\">\n.flex_column.av-mtia6-ee1543dd2c791f8e03113a4a65d0d0eb{\nborder-radius:0px 0px 0px 0px;\npadding:0px 0px 0px 0px;\n}\n<\/style>\n<div  class='flex_column av-mtia6-ee1543dd2c791f8e03113a4a65d0d0eb av_one_full  avia-builder-el-6  el_after_av_one_full  el_before_av_one_full  first flex_column_div av-zero-column-padding  column-top-margin'     ><section  class='av_textblock_section av-k38tuo9s-78d06099dccfe045749f7f9d95fccad7 '   itemscope=\"itemscope\" itemtype=\"https:\/\/schema.org\/CreativeWork\" ><div class='avia_textblock'  itemprop=\"text\" ><h1 style=\"text-align: center;\">Kahoot! &#8211; GRAMATIKA<\/h1>\n<h3 style=\"text-align: center;\"><a href=\"https:\/\/create.kahoot.it\/details\/35bc7f96-6c06-45cf-b5d4-bdf3151b0b63\">T\u00e1zac\u00ed z\u00e1jmena<\/a><\/h3>\n<h3 style=\"text-align: center;\"><a href=\"https:\/\/create.kahoot.it\/details\/5a60161f-6428-46a1-94d5-08c0f865e218\">\u010c\u00edslovky (10\u2013100)<\/a><\/h3>\n<h3 style=\"text-align: center;\"><a href=\"https:\/\/create.kahoot.it\/details\/aaecf6b9-6513-498f-a448-9e7dbe30437f\">\u010c\u00edslovky (20\u2013100)<\/a><\/h3>\n<h3 style=\"text-align: center;\"><a href=\"https:\/\/create.kahoot.it\/details\/0d45e78b-0aaf-4370-8da0-43e0442653d5\">\u010c\u00edslovky ( 100\u20131 000 000)<\/a><\/h3>\n<h3 style=\"text-align: center;\"><a href=\"https:\/\/create.kahoot.it\/details\/4ac00e1b-d0e5-4c22-b68c-ba36d9c5ccf2\">P\u0159\u00edtomn\u00fd \u010das \u2013 pravideln\u00e9 tvary<\/a><\/h3>\n<h3 style=\"text-align: center;\"><a href=\"https:\/\/create.kahoot.it\/details\/76a4a589-a940-4db9-9136-1cec2050008b\">P\u0159\u00edtomn\u00fd \u010das \u2013 nepravideln\u00e1 slovesa<\/a><\/h3>\n<h3 style=\"text-align: center;\"><a href=\"https:\/\/create.kahoot.it\/details\/f07ae5a6-354e-4c34-a587-b006c419ded1\">P\u0159\u00edtomn\u00fd \u010das \u2013 nepravideln\u00e1 slovesa extra<\/a><\/h3>\n<h3 style=\"text-align: center;\"><a href=\"https:\/\/create.kahoot.it\/details\/98796c7b-409a-4ec8-ad4a-32d5960d54ac\">Slovosled \u2013 nep\u0159\u00edm\u00fd po\u0159\u00e1dek slov<\/a><\/h3>\n<\/div><\/section><\/div>\n<style type=\"text\/css\" data-created_by=\"avia_inline_auto\" id=\"style-css-av-gurkm-e63eed25c91d6678d59e3ba143447f6b\">\n.flex_column.av-gurkm-e63eed25c91d6678d59e3ba143447f6b{\nborder-radius:0px 0px 0px 0px;\npadding:0px 0px 0px 0px;\n}\n<\/style>\n<div  class='flex_column av-gurkm-e63eed25c91d6678d59e3ba143447f6b av_one_full  avia-builder-el-8  el_after_av_one_full  el_before_av_one_full  first flex_column_div av-zero-column-padding  column-top-margin'     ><section  class='av_textblock_section av-k38tvtpw-d90be1f9dc62e9d24aac5622e28b9370 '   itemscope=\"itemscope\" itemtype=\"https:\/\/schema.org\/CreativeWork\" ><div class='avia_textblock'  itemprop=\"text\" ><h1 style=\"text-align: center;\">Kahoot! &#8211; SLOVN\u00cd Z\u00c1SOBA<\/h1>\n<h3 style=\"text-align: center;\"><a href=\"https:\/\/create.kahoot.it\/details\/f64df99d-8b5e-412e-b8ba-e4f0f11d4157\">Berufe<\/a><\/h3>\n<h3 style=\"text-align: center;\"><a href=\"https:\/\/create.kahoot.it\/details\/dd486163-5cfb-4226-ba1c-9d58b606a96f\">Freizeit<\/a><\/h3>\n<h3 style=\"text-align: center;\"><a href=\"https:\/\/create.kahoot.it\/details\/641c2af3-52b2-417f-b7cf-a65cc7b678d6\">L\u00e4nder<\/a><\/h3>\n<h3 style=\"text-align: center;\"><a href=\"https:\/\/create.kahoot.it\/details\/73d7e0a7-8b9f-456f-bc0a-b164d59ea2df\">Nationalit\u00e4ten<\/a><\/h3>\n<h3 style=\"text-align: center;\"><a href=\"https:\/\/create.kahoot.it\/details\/8c6c7a01-c950-430d-b6ca-6d42e50612f8\">Sprachen<\/a><\/h3>\n<h3 style=\"text-align: center;\"><a href=\"https:\/\/create.kahoot.it\/details\/3a43626c-44c8-4ab3-92da-9660b71dfd0b\">Sprichst du\u2026 ?<\/a><\/h3>\n<\/div><\/section><\/div>\n<style type=\"text\/css\" data-created_by=\"avia_inline_auto\" id=\"style-css-av-8aicm-313c5002614bd53aa63629f9e9328f5f\">\n.flex_column.av-8aicm-313c5002614bd53aa63629f9e9328f5f{\nborder-radius:0px 0px 0px 0px;\npadding:0px 0px 0px 0px;\n}\n<\/style>\n<div  class='flex_column av-8aicm-313c5002614bd53aa63629f9e9328f5f av_one_full  avia-builder-el-10  el_after_av_one_full  el_before_av_one_full  first flex_column_div av-zero-column-padding  column-top-margin'     ><section  class='av_textblock_section av-k38twvpn-5c9f413f4db8c2dc827b474ece1b5f20 '   itemscope=\"itemscope\" itemtype=\"https:\/\/schema.org\/CreativeWork\" ><div class='avia_textblock'  itemprop=\"text\" ><h1 style=\"text-align: center;\">Kahoot! &#8211; OPAKOV\u00c1N\u00cd<\/h1>\n<h3 style=\"text-align: center;\"><a href=\"https:\/\/create.kahoot.it\/details\/fa93e34e-2377-42b1-8552-4e04711dc17a\">V\u0161e<\/a><\/h3>\n<h3 style=\"text-align: center;\"><a href=\"https:\/\/create.kahoot.it\/details\/d7212fe2-6ff6-4706-ac27-bd3d97518e2e\">Gramatika<\/a><\/h3>\n<h3 style=\"text-align: center;\"><a href=\"https:\/\/create.kahoot.it\/details\/3a3043c1-f35f-4fc5-a021-ddb46531486e\">Slovn\u00ed z\u00e1soba<\/a><\/h3>\n<\/div><\/section><\/div><div  class='flex_column av-r0ulb-a1dad30a9710ea77febefe90d6fdf8d7 av_one_full  avia-builder-el-12  el_after_av_one_full  el_before_av_one_half  first flex_column_div  column-top-margin'     ><\/div><\/p>\n<div  class='flex_column av-nfrzj-60418663fe36558184b6ef496a48fa8b av_one_half  avia-builder-el-13  el_after_av_one_full  el_before_av_one_half  first flex_column_div  column-top-margin'     ><div  class='avia-button-wrap av-hefwv-b5c6c6d50f9a3cb3332dc04d31d9668e-wrap avia-button-right  avia-builder-el-14  avia-builder-el-no-sibling '><a href='https:\/\/klett.cz\/direkt\/online-kvizy-kahoot\/'  class='avia-button av-hefwv-b5c6c6d50f9a3cb3332dc04d31d9668e av-link-btn avia-icon_select-no avia-size-x-large avia-position-right avia-color-theme-color'   aria-label=\"ZP\u011aT NA V\u00ddPIS KAHOOT!\"><span class='avia_iconbox_title' >ZP\u011aT NA V\u00ddPIS KAHOOT!<\/span><\/a><\/div><\/div>\n<div  class='flex_column av-9u9av-e5c3123f17655b4006f74c6a6c6ae190 av_one_half  avia-builder-el-15  el_after_av_one_half  avia-builder-el-last  flex_column_div  column-top-margin'     ><div  class='avia-button-wrap av-ky8f5sbu-a42c4e21e84743a31720137815d7fb1e-wrap avia-button-left  avia-builder-el-16  avia-builder-el-no-sibling '><a href='https:\/\/klett.cz\/direkt\/kahoot-k-3-lekci-direkt-interaktiv-1\/'  class='avia-button av-ky8f5sbu-a42c4e21e84743a31720137815d7fb1e av-link-btn avia-icon_select-no avia-size-x-large avia-position-left avia-color-theme-color'   aria-label=\"P\u0158EJ\u00cdT NA KAHOOT! K 3. LEKCI\"><span class='avia_iconbox_title' >P\u0158EJ\u00cdT NA KAHOOT! K 3. LEKCI<\/span><\/a><\/div><\/div>\n","protected":false},"excerpt":{"rendered":"","protected":false},"author":3,"featured_media":0,"parent":0,"menu_order":0,"comment_status":"closed","ping_status":"closed","template":"","meta":{"_exactmetrics_skip_tracking":false,"_exactmetrics_sitenote_active":false,"_exactmetrics_sitenote_note":"","_exactmetrics_sitenote_category":0,"footnotes":""},"class_list":["post-279","page","type-page","status-publish","hentry"],"_links":{"self":[{"href":"https:\/\/klett.cz\/direkt\/wp-json\/wp\/v2\/pages\/279","targetHints":{"allow":["GET"]}}],"collection":[{"href":"https:\/\/klett.cz\/direkt\/wp-json\/wp\/v2\/pages"}],"about":[{"href":"https:\/\/klett.cz\/direkt\/wp-json\/wp\/v2\/types\/page"}],"author":[{"embeddable":true,"href":"https:\/\/klett.cz\/direkt\/wp-json\/wp\/v2\/users\/3"}],"replies":[{"embeddable":true,"href":"https:\/\/klett.cz\/direkt\/wp-json\/wp\/v2\/comments?post=279"}],"version-history":[{"count":10,"href":"https:\/\/klett.cz\/direkt\/wp-json\/wp\/v2\/pages\/279\/revisions"}],"predecessor-version":[{"id":1045,"href":"https:\/\/klett.cz\/direkt\/wp-json\/wp\/v2\/pages\/279\/revisions\/1045"}],"wp:attachment":[{"href":"https:\/\/klett.cz\/direkt\/wp-json\/wp\/v2\/media?parent=279"}],"curies":[{"name":"wp","href":"https:\/\/api.w.org\/{rel}","templated":true}]}}