{"id":270,"date":"2019-11-21T15:54:08","date_gmt":"2019-11-21T14:54:08","guid":{"rendered":"http:\/\/klett.cz\/direkt\/?page_id=270"},"modified":"2025-10-29T12:07:18","modified_gmt":"2025-10-29T11:07:18","slug":"kahoot-k-1-lekci-direkt-interaktiv-1","status":"publish","type":"page","link":"https:\/\/klett.cz\/direkt\/kahoot-k-1-lekci-direkt-interaktiv-1\/","title":{"rendered":"Kahoot! k 1. lekci Direkt interaktiv 1"},"content":{"rendered":"\n<style type=\"text\/css\" data-created_by=\"avia_inline_auto\" id=\"style-css-av-zb6jy-f10f8d3afedd05d826141fc8eea77f7f\">\n.flex_column.av-zb6jy-f10f8d3afedd05d826141fc8eea77f7f{\nborder-radius:0px 0px 0px 0px;\npadding:0px 0px 0px 0px;\n}\n<\/style>\n<div  class='flex_column av-zb6jy-f10f8d3afedd05d826141fc8eea77f7f av_one_full  avia-builder-el-0  el_before_av_one_full  avia-builder-el-first  first flex_column_div av-zero-column-padding  '     ><p>\n<style type=\"text\/css\" data-created_by=\"avia_inline_auto\" id=\"style-css-av-k38tzf9i-a855a7e75cd04d1c366097f718686b83\">\n.avia-image-container.av-k38tzf9i-a855a7e75cd04d1c366097f718686b83 img.avia_image{\nbox-shadow:none;\n}\n.avia-image-container.av-k38tzf9i-a855a7e75cd04d1c366097f718686b83 .av-image-caption-overlay-center{\ncolor:#ffffff;\n}\n<\/style>\n<div  class='avia-image-container av-k38tzf9i-a855a7e75cd04d1c366097f718686b83 av-styling- avia-align-center  avia-builder-el-1  el_before_av_hr  avia-builder-el-first '   itemprop=\"image\" itemscope=\"itemscope\" itemtype=\"https:\/\/schema.org\/ImageObject\" ><div class=\"avia-image-container-inner\"><div class=\"avia-image-overlay-wrap\"><img decoding=\"async\" fetchpriority=\"high\" class='wp-image-267 avia-img-lazy-loading-not-267 avia_image ' src=\"https:\/\/klett.cz\/direkt\/wp-content\/uploads\/2019\/11\/1280px-Kahoot_Logo.svg_-300x102.png\" alt='' title='1280px-Kahoot_Logo.svg_'  height=\"102\" width=\"300\"  itemprop=\"thumbnailUrl\" srcset=\"https:\/\/klett.cz\/direkt\/wp-content\/uploads\/2019\/11\/1280px-Kahoot_Logo.svg_-300x102.png 300w, https:\/\/klett.cz\/direkt\/wp-content\/uploads\/2019\/11\/1280px-Kahoot_Logo.svg_-768x262.png 768w, https:\/\/klett.cz\/direkt\/wp-content\/uploads\/2019\/11\/1280px-Kahoot_Logo.svg_-1030x351.png 1030w, https:\/\/klett.cz\/direkt\/wp-content\/uploads\/2019\/11\/1280px-Kahoot_Logo.svg_.png 1280w, https:\/\/klett.cz\/direkt\/wp-content\/uploads\/2019\/11\/1280px-Kahoot_Logo.svg_-705x240.png 705w, https:\/\/klett.cz\/direkt\/wp-content\/uploads\/2019\/11\/1280px-Kahoot_Logo.svg_-450x153.png 450w\" sizes=\"(max-width: 300px) 100vw, 300px\" \/><\/div><\/div><\/div><br \/>\n\n<style type=\"text\/css\" data-created_by=\"avia_inline_auto\" id=\"style-css-av-k38u05lj-99752b46ea943530e6a100015dbb625c\">\n#top .hr.hr-invisible.av-k38u05lj-99752b46ea943530e6a100015dbb625c{\nheight:50px;\n}\n<\/style>\n<div  class='hr av-k38u05lj-99752b46ea943530e6a100015dbb625c hr-invisible  avia-builder-el-2  el_after_av_image  el_before_av_textblock '><span class='hr-inner '><span class=\"hr-inner-style\"><\/span><\/span><\/div><br \/>\n<section  class='av_textblock_section av-k38tz0yb-2aace1bab5075e475c317a6247896666 '   itemscope=\"itemscope\" itemtype=\"https:\/\/schema.org\/CreativeWork\" ><div class='avia_textblock'  itemprop=\"text\" ><h1 style=\"text-align: center;\">Z\u00e1bavn\u00e9 kv\u00edzy Kahoot! k 1. lekci u\u010debnice Direkt interaktiv 1<\/h1>\n<\/div><\/section><br \/>\n\n<style type=\"text\/css\" data-created_by=\"avia_inline_auto\" id=\"style-css-av-k38u05lj-99752b46ea943530e6a100015dbb625c\">\n#top .hr.hr-invisible.av-k38u05lj-99752b46ea943530e6a100015dbb625c{\nheight:50px;\n}\n<\/style>\n<div  class='hr av-k38u05lj-99752b46ea943530e6a100015dbb625c hr-invisible  avia-builder-el-4  el_after_av_textblock  el_before_av_image '><span class='hr-inner '><span class=\"hr-inner-style\"><\/span><\/span><\/div><br \/>\n\n<style type=\"text\/css\" data-created_by=\"avia_inline_auto\" id=\"style-css-av-k38u3d9e-54e604a36da1ed8bc334ada2b66d971d\">\n.avia-image-container.av-k38u3d9e-54e604a36da1ed8bc334ada2b66d971d img.avia_image{\nbox-shadow:none;\n}\n.avia-image-container.av-k38u3d9e-54e604a36da1ed8bc334ada2b66d971d .av-image-caption-overlay-center{\ncolor:#ffffff;\n}\n<\/style>\n<div  class='avia-image-container av-k38u3d9e-54e604a36da1ed8bc334ada2b66d971d av-styling- avia-align-center  avia-builder-el-5  el_after_av_hr  avia-builder-el-last '   itemprop=\"image\" itemscope=\"itemscope\" itemtype=\"https:\/\/schema.org\/ImageObject\" ><div class=\"avia-image-container-inner\"><div class=\"avia-image-overlay-wrap\"><img decoding=\"async\" fetchpriority=\"high\" class='wp-image-289 avia-img-lazy-loading-not-289 avia_image ' src=\"https:\/\/klett.cz\/direkt\/wp-content\/uploads\/2019\/11\/1-1.png\" alt='' title='1. lekce'  height=\"600\" width=\"379\"  itemprop=\"thumbnailUrl\" srcset=\"https:\/\/klett.cz\/direkt\/wp-content\/uploads\/2019\/11\/1-1.png 379w, https:\/\/klett.cz\/direkt\/wp-content\/uploads\/2019\/11\/1-1-190x300.png 190w\" sizes=\"(max-width: 379px) 100vw, 379px\" \/><\/div><\/div><\/div><\/p><\/div>\n\n<style type=\"text\/css\" data-created_by=\"avia_inline_auto\" id=\"style-css-av-pwrom-6df80a1cfec235c27136687a667a3a00\">\n.flex_column.av-pwrom-6df80a1cfec235c27136687a667a3a00{\nborder-radius:0px 0px 0px 0px;\npadding:0px 0px 0px 0px;\n}\n<\/style>\n<div  class='flex_column av-pwrom-6df80a1cfec235c27136687a667a3a00 av_one_full  avia-builder-el-6  el_after_av_one_full  el_before_av_one_full  first flex_column_div av-zero-column-padding  column-top-margin'     ><section  class='av_textblock_section av-k38txs6m-32e448c2a309aeef3310c9d38fcf3f48 '   itemscope=\"itemscope\" itemtype=\"https:\/\/schema.org\/CreativeWork\" ><div class='avia_textblock'  itemprop=\"text\" ><h1 style=\"text-align: center;\"><a href=\"https:\/\/create.kahoot.it\/share\/seznameni-se-s-ucebnici-direkt-interaktiv-1-aktualni-verze\/73c13156-029b-416b-810b-54eb65bf7dc6\" target=\"_blank\" rel=\"noopener\">Kahoot! &#8211; SEZN\u00c1MEN\u00cd S U\u010cEBNIC\u00cd<\/a><\/h1>\n<\/div><\/section><\/div>\n<style type=\"text\/css\" data-created_by=\"avia_inline_auto\" id=\"style-css-av-mtia6-ee1543dd2c791f8e03113a4a65d0d0eb\">\n.flex_column.av-mtia6-ee1543dd2c791f8e03113a4a65d0d0eb{\nborder-radius:0px 0px 0px 0px;\npadding:0px 0px 0px 0px;\n}\n<\/style>\n<div  class='flex_column av-mtia6-ee1543dd2c791f8e03113a4a65d0d0eb av_one_full  avia-builder-el-8  el_after_av_one_full  el_before_av_one_full  first flex_column_div av-zero-column-padding  column-top-margin'     ><section  class='av_textblock_section av-k38tuo9s-82c5d3f05c1b3b77ad89d779bbff3fd8 '   itemscope=\"itemscope\" itemtype=\"https:\/\/schema.org\/CreativeWork\" ><div class='avia_textblock'  itemprop=\"text\" ><h1 style=\"text-align: center;\"><a href=\"https:\/\/create.kahoot.it\/share\/1-lekce-direkt-interaktiv-1-gramatika\/3bf4ea84-e960-42f5-bace-90ef72f1b0e2\" target=\"_blank\" rel=\"noopener\">Kahoot! &#8211; GRAMATIKA<\/a><\/h1>\n<\/div><\/section><\/div><\/p>\n\n<style type=\"text\/css\" data-created_by=\"avia_inline_auto\" id=\"style-css-av-gurkm-e63eed25c91d6678d59e3ba143447f6b\">\n.flex_column.av-gurkm-e63eed25c91d6678d59e3ba143447f6b{\nborder-radius:0px 0px 0px 0px;\npadding:0px 0px 0px 0px;\n}\n<\/style>\n<div  class='flex_column av-gurkm-e63eed25c91d6678d59e3ba143447f6b av_one_full  avia-builder-el-10  el_after_av_one_full  el_before_av_one_full  first flex_column_div av-zero-column-padding  column-top-margin'     ><section  class='av_textblock_section av-k38tvtpw-83795a49307a03b71ff8a3fb6656ca49 '   itemscope=\"itemscope\" itemtype=\"https:\/\/schema.org\/CreativeWork\" ><div class='avia_textblock'  itemprop=\"text\" ><h1 style=\"text-align: center;\"><a href=\"https:\/\/create.kahoot.it\/share\/1-lekce-direkt-interaktiv-1-slovni-zasoba\/51513eda-1529-471f-9b03-843737b62888\" target=\"_blank\" rel=\"noopener\">Kahoot! &#8211; SLOVN\u00cd Z\u00c1SOBA<\/a><\/h1>\n<\/div><\/section><\/div>\n\n<style type=\"text\/css\" data-created_by=\"avia_inline_auto\" id=\"style-css-av-8aicm-313c5002614bd53aa63629f9e9328f5f\">\n.flex_column.av-8aicm-313c5002614bd53aa63629f9e9328f5f{\nborder-radius:0px 0px 0px 0px;\npadding:0px 0px 0px 0px;\n}\n<\/style>\n<div  class='flex_column av-8aicm-313c5002614bd53aa63629f9e9328f5f av_one_full  avia-builder-el-12  el_after_av_one_full  el_before_av_one_full  first flex_column_div av-zero-column-padding  column-top-margin'     ><section  class='av_textblock_section av-k38twvpn-73c5cfcede288674eb01f55f649c2127 '   itemscope=\"itemscope\" itemtype=\"https:\/\/schema.org\/CreativeWork\" ><div class='avia_textblock'  itemprop=\"text\" ><h1 style=\"text-align: center;\"><a href=\"https:\/\/create.kahoot.it\/share\/1-lekce-direkt-interaktiv-1-opakovani\/42f049ad-e271-4698-a354-a36bc6efff5f\" target=\"_blank\" rel=\"noopener\">Kahoot! &#8211; OPAKOV\u00c1N\u00cd<\/a><\/h1>\n<\/div><\/section><\/div>\n<div  class='flex_column av-tbvs6-84cd5318671f17b14a783cb98dc5e25b av_one_full  avia-builder-el-14  el_after_av_one_full  el_before_av_one_half  first flex_column_div  column-top-margin'     ><\/div>\n<div  class='flex_column av-iwsp2-02b1803cc156d8128566061aea6ede05 av_one_half  avia-builder-el-15  el_after_av_one_full  el_before_av_one_half  first flex_column_div  column-top-margin'     ><div  class='avia-button-wrap av-hk6p2-c16f08ca1587742324f65cc3675c7921-wrap avia-button-right  avia-builder-el-16  avia-builder-el-no-sibling '><a href='https:\/\/klett.cz\/direkt\/online-kvizy-kahoot\/'  class='avia-button av-hk6p2-c16f08ca1587742324f65cc3675c7921 av-link-btn avia-icon_select-no avia-size-x-large avia-position-right avia-color-theme-color'   aria-label=\"ZP\u011aT NA V\u00ddPIS KAHOOT!\"><span class='avia_iconbox_title' >ZP\u011aT NA V\u00ddPIS KAHOOT!<\/span><\/a><\/div><\/div>\n<div  class='flex_column av-a0tem-c3ba683b7b308f27f16825c32593ba49 av_one_half  avia-builder-el-17  el_after_av_one_half  avia-builder-el-last  flex_column_div  column-top-margin'     ><div  class='avia-button-wrap av-ky8ey46h-bc67f0b47fb16bfeaa0113fdf71eba6c-wrap avia-button-left  avia-builder-el-18  avia-builder-el-no-sibling '><a href='https:\/\/klett.cz\/direkt\/kahoot-k-2-lekci-direkt-interaktiv-1\/'  class='avia-button av-ky8ey46h-bc67f0b47fb16bfeaa0113fdf71eba6c av-link-btn avia-icon_select-no avia-size-x-large avia-position-left avia-color-theme-color'   aria-label=\"P\u0158EJ\u00cdT NA KAHOOT! K 2. LEKCI\"><span class='avia_iconbox_title' >P\u0158EJ\u00cdT NA KAHOOT! K 2. LEKCI<\/span><\/a><\/div><\/div>\n","protected":false},"excerpt":{"rendered":"","protected":false},"author":3,"featured_media":0,"parent":0,"menu_order":0,"comment_status":"closed","ping_status":"closed","template":"","meta":{"_exactmetrics_skip_tracking":false,"_exactmetrics_sitenote_active":false,"_exactmetrics_sitenote_note":"","_exactmetrics_sitenote_category":0,"footnotes":""},"class_list":["post-270","page","type-page","status-publish","hentry"],"_links":{"self":[{"href":"https:\/\/klett.cz\/direkt\/wp-json\/wp\/v2\/pages\/270","targetHints":{"allow":["GET"]}}],"collection":[{"href":"https:\/\/klett.cz\/direkt\/wp-json\/wp\/v2\/pages"}],"about":[{"href":"https:\/\/klett.cz\/direkt\/wp-json\/wp\/v2\/types\/page"}],"author":[{"embeddable":true,"href":"https:\/\/klett.cz\/direkt\/wp-json\/wp\/v2\/users\/3"}],"replies":[{"embeddable":true,"href":"https:\/\/klett.cz\/direkt\/wp-json\/wp\/v2\/comments?post=270"}],"version-history":[{"count":11,"href":"https:\/\/klett.cz\/direkt\/wp-json\/wp\/v2\/pages\/270\/revisions"}],"predecessor-version":[{"id":1023,"href":"https:\/\/klett.cz\/direkt\/wp-json\/wp\/v2\/pages\/270\/revisions\/1023"}],"wp:attachment":[{"href":"https:\/\/klett.cz\/direkt\/wp-json\/wp\/v2\/media?parent=270"}],"curies":[{"name":"wp","href":"https:\/\/api.w.org\/{rel}","templated":true}]}}