{"id":265,"date":"2019-11-21T16:33:37","date_gmt":"2019-11-21T15:33:37","guid":{"rendered":"http:\/\/klett.cz\/direkt\/?page_id=265"},"modified":"2024-10-02T12:16:07","modified_gmt":"2024-10-02T10:16:07","slug":"online-kvizy-kahoot","status":"publish","type":"page","link":"https:\/\/klett.cz\/direkt\/online-kvizy-kahoot\/","title":{"rendered":"Online kv\u00edzy Kahoot!"},"content":{"rendered":"\n<style type=\"text\/css\" data-created_by=\"avia_inline_auto\" id=\"style-css-av-h3kp5-4bc53d04814dcdf9f2a729e45b901356\">\n.flex_column.av-h3kp5-4bc53d04814dcdf9f2a729e45b901356{\nborder-radius:0px 0px 0px 0px;\npadding:0px 0px 0px 0px;\n}\n<\/style>\n<div  class='flex_column av-h3kp5-4bc53d04814dcdf9f2a729e45b901356 av_one_full  avia-builder-el-0  el_before_av_one_full  avia-builder-el-first  first flex_column_div av-zero-column-padding  '     ><p>\n<style type=\"text\/css\" data-created_by=\"avia_inline_auto\" id=\"style-css-av-k38tlcwp-53f25536977539b6589aa0f0b2319a4a\">\n.avia-image-container.av-k38tlcwp-53f25536977539b6589aa0f0b2319a4a img.avia_image{\nbox-shadow:none;\n}\n.avia-image-container.av-k38tlcwp-53f25536977539b6589aa0f0b2319a4a .av-image-caption-overlay-center{\ncolor:#ffffff;\n}\n<\/style>\n<div  class='avia-image-container av-k38tlcwp-53f25536977539b6589aa0f0b2319a4a av-styling- avia-align-center  avia-builder-el-1  el_before_av_hr  avia-builder-el-first '   itemprop=\"image\" itemscope=\"itemscope\" itemtype=\"https:\/\/schema.org\/ImageObject\" ><div class=\"avia-image-container-inner\"><div class=\"avia-image-overlay-wrap\"><img decoding=\"async\" fetchpriority=\"high\" class='wp-image-267 avia-img-lazy-loading-not-267 avia_image ' src=\"https:\/\/klett.cz\/direkt\/wp-content\/uploads\/2019\/11\/1280px-Kahoot_Logo.svg_-300x102.png\" alt='' title='1280px-Kahoot_Logo.svg_'  height=\"102\" width=\"300\"  itemprop=\"thumbnailUrl\" srcset=\"https:\/\/klett.cz\/direkt\/wp-content\/uploads\/2019\/11\/1280px-Kahoot_Logo.svg_-300x102.png 300w, https:\/\/klett.cz\/direkt\/wp-content\/uploads\/2019\/11\/1280px-Kahoot_Logo.svg_-768x262.png 768w, https:\/\/klett.cz\/direkt\/wp-content\/uploads\/2019\/11\/1280px-Kahoot_Logo.svg_-1030x351.png 1030w, https:\/\/klett.cz\/direkt\/wp-content\/uploads\/2019\/11\/1280px-Kahoot_Logo.svg_.png 1280w, https:\/\/klett.cz\/direkt\/wp-content\/uploads\/2019\/11\/1280px-Kahoot_Logo.svg_-705x240.png 705w, https:\/\/klett.cz\/direkt\/wp-content\/uploads\/2019\/11\/1280px-Kahoot_Logo.svg_-450x153.png 450w\" sizes=\"(max-width: 300px) 100vw, 300px\" \/><\/div><\/div><\/div><br \/>\n\n<style type=\"text\/css\" data-created_by=\"avia_inline_auto\" id=\"style-css-av-k38tqxuw-9ea9ceeef8ab92756f856d167460805e\">\n#top .hr.hr-invisible.av-k38tqxuw-9ea9ceeef8ab92756f856d167460805e{\nheight:20px;\n}\n<\/style>\n<div  class='hr av-k38tqxuw-9ea9ceeef8ab92756f856d167460805e hr-invisible  avia-builder-el-2  el_after_av_image  el_before_av_textblock '><span class='hr-inner '><span class=\"hr-inner-style\"><\/span><\/span><\/div><br \/>\n<section  class='av_textblock_section av-k38t6f2l-94be3665a24ce7c0cb3b7802e8ebd170 '   itemscope=\"itemscope\" itemtype=\"https:\/\/schema.org\/CreativeWork\" ><div class='avia_textblock'  itemprop=\"text\" ><h1 style=\"text-align: center;\">Online kv\u00edzy Kahoot!<\/h1>\n<p style=\"text-align: center;\">K jednotliv\u00fdm lekc\u00edm u\u010debnice Direkt interaktiv byly Mgr. Petrou Moskvou vytvo\u0159eny jednoduch\u00e9 a z\u00e1bavn\u00e9 online kv\u00edzy Kahoot!.<\/p>\n<p style=\"text-align: center;\">Ke ka\u017ed\u00e9 lekci jsou k dispozici v\u017edy t\u0159i takov\u00e9to kv\u00edzy (pouze k 1. lekci jsou vytvo\u0159eny kv\u00edzy 4 \u2013 nav\u00edc je sezn\u00e1men\u00ed s u\u010debnic\u00ed).<\/p>\n<\/div><\/section><br \/>\n\n<style type=\"text\/css\" data-created_by=\"avia_inline_auto\" id=\"style-css-av-k38tqxuw-26-e6433084aa81bd0f4eb7ac9e08c83b41\">\n#top .hr.hr-invisible.av-k38tqxuw-26-e6433084aa81bd0f4eb7ac9e08c83b41{\nheight:50px;\n}\n<\/style>\n<div  class='hr av-k38tqxuw-26-e6433084aa81bd0f4eb7ac9e08c83b41 hr-invisible  avia-builder-el-4  el_after_av_textblock  el_before_av_image '><span class='hr-inner '><span class=\"hr-inner-style\"><\/span><\/span><\/div><br \/>\n\n<style type=\"text\/css\" data-created_by=\"avia_inline_auto\" id=\"style-css-av-9vvxl-beecb293b1b8eb4ed6b3ff610253759f\">\n.avia-image-container.av-9vvxl-beecb293b1b8eb4ed6b3ff610253759f img.avia_image{\nbox-shadow:none;\n}\n.avia-image-container.av-9vvxl-beecb293b1b8eb4ed6b3ff610253759f .av-image-caption-overlay-center{\ncolor:#ffffff;\n}\n<\/style>\n<div  class='avia-image-container av-9vvxl-beecb293b1b8eb4ed6b3ff610253759f av-styling- avia-align-center  avia-builder-el-5  el_after_av_hr  el_before_av_hr '   itemprop=\"image\" itemscope=\"itemscope\" itemtype=\"https:\/\/schema.org\/ImageObject\" ><div class=\"avia-image-container-inner\"><div class=\"avia-image-overlay-wrap\"><img decoding=\"async\" fetchpriority=\"high\" class='wp-image-310 avia-img-lazy-loading-not-310 avia_image ' src=\"https:\/\/klett.cz\/direkt\/wp-content\/uploads\/2019\/11\/shutterstock_551965690_web-495x400.png\" alt='' title='shutterstock_551965690_web'  height=\"400\" width=\"495\"  itemprop=\"thumbnailUrl\"  \/><\/div><\/div><\/div><br \/>\n\n<style type=\"text\/css\" data-created_by=\"avia_inline_auto\" id=\"style-css-av-k38tqxuw-25-eb278e105313092994a6352e9aff22f7\">\n#top .hr.hr-invisible.av-k38tqxuw-25-eb278e105313092994a6352e9aff22f7{\nheight:50px;\n}\n<\/style>\n<div  class='hr av-k38tqxuw-25-eb278e105313092994a6352e9aff22f7 hr-invisible  avia-builder-el-6  el_after_av_image  el_before_av_textblock '><span class='hr-inner '><span class=\"hr-inner-style\"><\/span><\/span><\/div><br \/>\n<section  class='av_textblock_section av-k38tmyu1-e94e5929ac47a4ab01b4fa031506e9bb '   itemscope=\"itemscope\" itemtype=\"https:\/\/schema.org\/CreativeWork\" ><div class='avia_textblock'  itemprop=\"text\" ><p style=\"text-align: center;\">Vyberte si lekci, kter\u00e1 v\u00e1s zaj\u00edm\u00e1, a pak u\u017e si jen bavte (a u\u010dte) s\u00a0na\u0161imi z\u00e1bavn\u00fdmi kv\u00edzy.<\/p>\n<\/div><\/section><\/p><\/div>\n\n<style type=\"text\/css\" data-created_by=\"avia_inline_auto\" id=\"style-css-av-l2eo9-b629786f8da48ff824321ba2a702f7d5\">\n.flex_column.av-l2eo9-b629786f8da48ff824321ba2a702f7d5{\nborder-radius:0px 0px 0px 0px;\npadding:0px 0px 0px 0px;\n}\n<\/style>\n<div  class='flex_column av-l2eo9-b629786f8da48ff824321ba2a702f7d5 av_one_full  avia-builder-el-8  el_after_av_one_full  el_before_av_one_full  first flex_column_div av-zero-column-padding  column-top-margin'     ><section  class='av_textblock_section av-k38tpk2t-5efad8c8b139de75a91bdf34c0f42ab8 '   itemscope=\"itemscope\" itemtype=\"https:\/\/schema.org\/CreativeWork\" ><div class='avia_textblock'  itemprop=\"text\" ><h2 style=\"text-align: center;\"><a href=\"https:\/\/klett.cz\/direkt\/kahoot-k-1-lekci-direkt-interaktiv-1\/\">Kahoot! k 1. lekci Direkt interaktiv 1<\/a><\/h2>\n<h2 style=\"text-align: center;\"><\/h2>\n<h2 style=\"text-align: center;\"><\/h2>\n<\/div><\/section><\/div>\n\n<style type=\"text\/css\" data-created_by=\"avia_inline_auto\" id=\"style-css-av-gnne9-1d4df241ab7b38505b31855f6b175155\">\n.flex_column.av-gnne9-1d4df241ab7b38505b31855f6b175155{\nborder-radius:0px 0px 0px 0px;\npadding:0px 0px 0px 0px;\n}\n<\/style>\n<div  class='flex_column av-gnne9-1d4df241ab7b38505b31855f6b175155 av_one_full  avia-builder-el-10  el_after_av_one_full  el_before_av_one_full  first flex_column_div av-zero-column-padding  column-top-margin'     ><section  class='av_textblock_section av-k3a7ty22-1e077becc7f1e08da2fd42056b7a03bb '   itemscope=\"itemscope\" itemtype=\"https:\/\/schema.org\/CreativeWork\" ><div class='avia_textblock'  itemprop=\"text\" ><h2 style=\"text-align: center;\"><a href=\"https:\/\/klett.cz\/direkt\/kahoot-k-2-lekci-direkt-interaktiv-1\/\">Kahoot! k 2. lekci Direkt interaktiv 1<\/a><\/h2>\n<\/div><\/section><\/div>\n\n<style type=\"text\/css\" data-created_by=\"avia_inline_auto\" id=\"style-css-av-ack8p-01cd4b3c14b12cffefebea4c1f33bb51\">\n.flex_column.av-ack8p-01cd4b3c14b12cffefebea4c1f33bb51{\nborder-radius:0px 0px 0px 0px;\npadding:0px 0px 0px 0px;\n}\n<\/style>\n<div  class='flex_column av-ack8p-01cd4b3c14b12cffefebea4c1f33bb51 av_one_full  avia-builder-el-12  el_after_av_one_full  el_before_av_one_full  first flex_column_div av-zero-column-padding  column-top-margin'     ><section  class='av_textblock_section av-k3a7u8qa-b44708669a01cb25dde9bbf31eeffb64 '   itemscope=\"itemscope\" itemtype=\"https:\/\/schema.org\/CreativeWork\" ><div class='avia_textblock'  itemprop=\"text\" ><h2 style=\"text-align: center;\"><a href=\"https:\/\/klett.cz\/direkt\/kahoot-k-3-lekci-direkt-interaktiv-1\/\">Kahoot! k 3. lekci Direkt interaktiv 1<\/a><\/h2>\n<\/div><\/section><\/div>\n\n<style type=\"text\/css\" data-created_by=\"avia_inline_auto\" id=\"style-css-av-ack8p-24-6b50c3022d782b076da27c203397815f\">\n.flex_column.av-ack8p-24-6b50c3022d782b076da27c203397815f{\nborder-radius:0px 0px 0px 0px;\npadding:0px 0px 0px 0px;\n}\n<\/style>\n<div  class='flex_column av-ack8p-24-6b50c3022d782b076da27c203397815f av_one_full  avia-builder-el-14  el_after_av_one_full  el_before_av_one_full  first flex_column_div av-zero-column-padding  column-top-margin'     ><section  class='av_textblock_section av-k3a7u8qa-23-6a454e31c40f43e3f27562fecaadcbca '   itemscope=\"itemscope\" itemtype=\"https:\/\/schema.org\/CreativeWork\" ><div class='avia_textblock'  itemprop=\"text\" ><h2 style=\"text-align: center;\"><a href=\"https:\/\/klett.cz\/direkt\/kahoot-k-4-lekci-direkt-interaktiv-1\/\">Kahoot! k 4. lekci Direkt interaktiv 1<\/a><\/h2>\n<\/div><\/section><\/div>\n\n<style type=\"text\/css\" data-created_by=\"avia_inline_auto\" id=\"style-css-av-ack8p-22-5aab247d093d2c3509dd3aca80c3ff9e\">\n.flex_column.av-ack8p-22-5aab247d093d2c3509dd3aca80c3ff9e{\nborder-radius:0px 0px 0px 0px;\npadding:0px 0px 0px 0px;\n}\n<\/style>\n<div  class='flex_column av-ack8p-22-5aab247d093d2c3509dd3aca80c3ff9e av_one_full  avia-builder-el-16  el_after_av_one_full  el_before_av_one_full  first flex_column_div av-zero-column-padding  column-top-margin'     ><section  class='av_textblock_section av-k3a7u8qa-21-3ae3d6646fe1de9dad028ba85aee29ee '   itemscope=\"itemscope\" itemtype=\"https:\/\/schema.org\/CreativeWork\" ><div class='avia_textblock'  itemprop=\"text\" ><h2 style=\"text-align: center;\"><a href=\"https:\/\/klett.cz\/direkt\/kahoot-k-5-lekci-direkt-interaktiv-1\/\">Kahoot! k 5. lekci Direkt interaktiv 1<\/a><\/h2>\n<\/div><\/section><\/div>\n\n<style type=\"text\/css\" data-created_by=\"avia_inline_auto\" id=\"style-css-av-ack8p-20-e6b1dcbbf655370363b9e00ffda2d2c7\">\n.flex_column.av-ack8p-20-e6b1dcbbf655370363b9e00ffda2d2c7{\nborder-radius:0px 0px 0px 0px;\npadding:0px 0px 0px 0px;\n}\n<\/style>\n<div  class='flex_column av-ack8p-20-e6b1dcbbf655370363b9e00ffda2d2c7 av_one_full  avia-builder-el-18  el_after_av_one_full  el_before_av_one_full  first flex_column_div av-zero-column-padding  column-top-margin'     ><section  class='av_textblock_section av-k3a7u8qa-19-b36dd07dc7f222696b35499313681774 '   itemscope=\"itemscope\" itemtype=\"https:\/\/schema.org\/CreativeWork\" ><div class='avia_textblock'  itemprop=\"text\" ><h2 style=\"text-align: center;\"><a href=\"https:\/\/klett.cz\/direkt\/kahoot-k-6-lekci-direkt-interaktiv-1\/\">Kahoot! k 6. lekci Direkt interaktiv 1<\/a><\/h2>\n<\/div><\/section><\/div>\n\n<style type=\"text\/css\" data-created_by=\"avia_inline_auto\" id=\"style-css-av-ack8p-18-435fa78fb286c5c10503bda1e05d58db\">\n.flex_column.av-ack8p-18-435fa78fb286c5c10503bda1e05d58db{\nborder-radius:0px 0px 0px 0px;\npadding:0px 0px 0px 0px;\n}\n<\/style>\n<div  class='flex_column av-ack8p-18-435fa78fb286c5c10503bda1e05d58db av_one_full  avia-builder-el-20  el_after_av_one_full  el_before_av_one_full  first flex_column_div av-zero-column-padding  column-top-margin'     ><section  class='av_textblock_section av-k3a7u8qa-17-1af8db43748360faf08e9f9e8046e009 '   itemscope=\"itemscope\" itemtype=\"https:\/\/schema.org\/CreativeWork\" ><div class='avia_textblock'  itemprop=\"text\" ><h2 style=\"text-align: center;\"><a href=\"https:\/\/klett.cz\/direkt\/kahoot-k-7-lekci-direkt-interaktiv-1\/\">Kahoot! k 7. lekci Direkt interaktiv 1<\/a><\/h2>\n<\/div><\/section><\/div>\n\n<style type=\"text\/css\" data-created_by=\"avia_inline_auto\" id=\"style-css-av-ack8p-16-43dd3d785446de336c7f934369f8a03a\">\n.flex_column.av-ack8p-16-43dd3d785446de336c7f934369f8a03a{\nborder-radius:0px 0px 0px 0px;\npadding:0px 0px 0px 0px;\n}\n<\/style>\n<div  class='flex_column av-ack8p-16-43dd3d785446de336c7f934369f8a03a av_one_full  avia-builder-el-22  el_after_av_one_full  el_before_av_one_full  first flex_column_div av-zero-column-padding  column-top-margin'     ><section  class='av_textblock_section av-k3a7u8qa-15-bcbb8e20d08687feed24ca8da609cf86 '   itemscope=\"itemscope\" itemtype=\"https:\/\/schema.org\/CreativeWork\" ><div class='avia_textblock'  itemprop=\"text\" ><h2 style=\"text-align: center;\"><a href=\"https:\/\/klett.cz\/direkt\/kahoot-k-8-lekci-direkt-interaktiv-1\/\">Kahoot! k 8. lekci Direkt interaktiv 1<\/a><\/h2>\n<\/div><\/section><\/div>\n\n<style type=\"text\/css\" data-created_by=\"avia_inline_auto\" id=\"style-css-av-ack8p-14-adbaeb5dd9ad284c5f564da9901e6d80\">\n.flex_column.av-ack8p-14-adbaeb5dd9ad284c5f564da9901e6d80{\nborder-radius:0px 0px 0px 0px;\npadding:0px 0px 0px 0px;\n}\n<\/style>\n<div  class='flex_column av-ack8p-14-adbaeb5dd9ad284c5f564da9901e6d80 av_one_full  avia-builder-el-24  el_after_av_one_full  el_before_av_one_full  first flex_column_div av-zero-column-padding  column-top-margin'     ><section  class='av_textblock_section av-k3a7u8qa-13-61e7efabbab67b2b2e340493c9b35e58 '   itemscope=\"itemscope\" itemtype=\"https:\/\/schema.org\/CreativeWork\" ><div class='avia_textblock'  itemprop=\"text\" ><h2 style=\"text-align: center;\"><a href=\"https:\/\/klett.cz\/direkt\/kahoot-k-9-lekci-direkt-interaktiv-1\/\">Kahoot! k 9. lekci Direkt interaktiv 1<\/a><\/h2>\n<\/div><\/section><\/div>\n\n<style type=\"text\/css\" data-created_by=\"avia_inline_auto\" id=\"style-css-av-ack8p-12-037668d5b3836ae6374c1dd73de6b6a9\">\n.flex_column.av-ack8p-12-037668d5b3836ae6374c1dd73de6b6a9{\nborder-radius:0px 0px 0px 0px;\npadding:0px 0px 0px 0px;\n}\n<\/style>\n<div  class='flex_column av-ack8p-12-037668d5b3836ae6374c1dd73de6b6a9 av_one_full  avia-builder-el-26  el_after_av_one_full  el_before_av_one_full  first flex_column_div av-zero-column-padding  column-top-margin'     ><section  class='av_textblock_section av-k3a7u8qa-11-14ca1468794c1aab0b6faa0416b688c5 '   itemscope=\"itemscope\" itemtype=\"https:\/\/schema.org\/CreativeWork\" ><div class='avia_textblock'  itemprop=\"text\" ><h2 style=\"text-align: center;\"><a href=\"https:\/\/klett.cz\/direkt\/kahoot-k-10-lekci-direkt-interaktiv-1\/\">Kahoot! k 10. lekci Direkt interaktiv 1<\/a><\/h2>\n<\/div><\/section><\/div>\n\n<style type=\"text\/css\" data-created_by=\"avia_inline_auto\" id=\"style-css-av-ack8p-10-cbbd215d31c0b724f25d182ff2e15924\">\n.flex_column.av-ack8p-10-cbbd215d31c0b724f25d182ff2e15924{\nborder-radius:0px 0px 0px 0px;\npadding:0px 0px 0px 0px;\n}\n<\/style>\n<div  class='flex_column av-ack8p-10-cbbd215d31c0b724f25d182ff2e15924 av_one_full  avia-builder-el-28  el_after_av_one_full  el_before_av_one_full  first flex_column_div av-zero-column-padding  column-top-margin'     ><section  class='av_textblock_section av-k3a7u8qa-9-c30d89b0b66da54a19deab63c0d9f062 '   itemscope=\"itemscope\" itemtype=\"https:\/\/schema.org\/CreativeWork\" ><div class='avia_textblock'  itemprop=\"text\" ><h2 style=\"text-align: center;\"><a href=\"https:\/\/klett.cz\/direkt\/kahoot-k-11-lekci-direkt-interaktiv-2\/\">Kahoot! k 11. lekci Direkt interaktiv 2<\/a><\/h2>\n<\/div><\/section><\/div>\n\n<style type=\"text\/css\" data-created_by=\"avia_inline_auto\" id=\"style-css-av-ack8p-8-c752d6004e5729cf6d57713d6efdf025\">\n.flex_column.av-ack8p-8-c752d6004e5729cf6d57713d6efdf025{\nborder-radius:0px 0px 0px 0px;\npadding:0px 0px 0px 0px;\n}\n<\/style>\n<div  class='flex_column av-ack8p-8-c752d6004e5729cf6d57713d6efdf025 av_one_full  avia-builder-el-30  el_after_av_one_full  el_before_av_one_full  first flex_column_div av-zero-column-padding  column-top-margin'     ><section  class='av_textblock_section av-k3a7u8qa-7-c002b75faf96a6080357ba4b2e2fecd5 '   itemscope=\"itemscope\" itemtype=\"https:\/\/schema.org\/CreativeWork\" ><div class='avia_textblock'  itemprop=\"text\" ><h2 style=\"text-align: center;\"><a href=\"https:\/\/klett.cz\/direkt\/kahoot-k-12-lekci-direkt-interaktiv-2\/\">Kahoot! k 12. lekci Direkt interaktiv 2<\/a><\/h2>\n<\/div><\/section><\/div>\n\n<style type=\"text\/css\" data-created_by=\"avia_inline_auto\" id=\"style-css-av-ack8p-6-7bbcea31338c7f866708cd5bc2bca66e\">\n.flex_column.av-ack8p-6-7bbcea31338c7f866708cd5bc2bca66e{\nborder-radius:0px 0px 0px 0px;\npadding:0px 0px 0px 0px;\n}\n<\/style>\n<div  class='flex_column av-ack8p-6-7bbcea31338c7f866708cd5bc2bca66e av_one_full  avia-builder-el-32  el_after_av_one_full  el_before_av_one_full  first flex_column_div av-zero-column-padding  column-top-margin'     ><section  class='av_textblock_section av-k3a7u8qa-5-deb0a103976dff0741fd3ed93744b694 '   itemscope=\"itemscope\" itemtype=\"https:\/\/schema.org\/CreativeWork\" ><div class='avia_textblock'  itemprop=\"text\" ><h2 style=\"text-align: center;\"><a href=\"https:\/\/klett.cz\/direkt\/kahoot-k-13-lekci-direkt-interaktiv\/\">Kahoot! k 13. lekci Direkt interaktiv 2<\/a><\/h2>\n<\/div><\/section><\/div>\n\n<style type=\"text\/css\" data-created_by=\"avia_inline_auto\" id=\"style-css-av-ack8p-4-4ff95c6f5f17673323e727a8665b5d28\">\n.flex_column.av-ack8p-4-4ff95c6f5f17673323e727a8665b5d28{\nborder-radius:0px 0px 0px 0px;\npadding:0px 0px 0px 0px;\n}\n<\/style>\n<div  class='flex_column av-ack8p-4-4ff95c6f5f17673323e727a8665b5d28 av_one_full  avia-builder-el-34  el_after_av_one_full  el_before_av_one_full  first flex_column_div av-zero-column-padding  column-top-margin'     ><section  class='av_textblock_section av-k3a7u8qa-3-3463b289009c13d3ef5abeb9df6069f4 '   itemscope=\"itemscope\" itemtype=\"https:\/\/schema.org\/CreativeWork\" ><div class='avia_textblock'  itemprop=\"text\" ><h2 style=\"text-align: center;\"><a href=\"https:\/\/klett.cz\/direkt\/kahoot-k-14-lekci-direkt-interaktiv\/\">Kahoot! k 14. lekci Direkt interaktiv 2<\/a><\/h2>\n<\/div><\/section><\/div>\n\n<style type=\"text\/css\" data-created_by=\"avia_inline_auto\" id=\"style-css-av-990mp-d9a97afca9872a00eb935f8631f78f28\">\n.flex_column.av-990mp-d9a97afca9872a00eb935f8631f78f28{\nborder-radius:0px 0px 0px 0px;\npadding:0px 0px 0px 0px;\n}\n<\/style>\n<div  class='flex_column av-990mp-d9a97afca9872a00eb935f8631f78f28 av_one_full  avia-builder-el-36  el_after_av_one_full  el_before_av_one_full  first flex_column_div av-zero-column-padding  column-top-margin'     ><section  class='av_textblock_section av-ky8evxbg-b661c0b9bc98c354c96b3d8542fcca49 '   itemscope=\"itemscope\" itemtype=\"https:\/\/schema.org\/CreativeWork\" ><div class='avia_textblock'  itemprop=\"text\" ><h2 style=\"text-align: center;\"><a href=\"https:\/\/klett.cz\/direkt\/kahoot-k-15-lekci-direkt-interaktiv\/\">Kahoot! k 15. lekci Direkt interaktiv 2<\/a><\/h2>\n<\/div><\/section><\/div>\n\n<style type=\"text\/css\" data-created_by=\"avia_inline_auto\" id=\"style-css-av-gs349-24eab24137a5faab2da011b8fd71d870\">\n.flex_column.av-gs349-24eab24137a5faab2da011b8fd71d870{\nborder-radius:0px 0px 0px 0px;\npadding:0px 0px 0px 0px;\n}\n<\/style>\n<div  class='flex_column av-gs349-24eab24137a5faab2da011b8fd71d870 av_one_full  avia-builder-el-38  el_after_av_one_full  el_before_av_one_full  first flex_column_div av-zero-column-padding  column-top-margin'     ><section  class='av_textblock_section av-lanqyi7s-496d785168766bcdb9bc39a7810929f3 '   itemscope=\"itemscope\" itemtype=\"https:\/\/schema.org\/CreativeWork\" ><div class='avia_textblock'  itemprop=\"text\" ><h2 style=\"text-align: center;\"><a href=\"https:\/\/klett.cz\/direkt\/kahoot-k-16-lekci-direkt-interaktiv\/\">Kahoot! k 16. lekci Direkt interaktiv 2<\/a><\/h2>\n<\/div><\/section><\/div>\n\n<style type=\"text\/css\" data-created_by=\"avia_inline_auto\" id=\"style-css-av-9yz1l-c7970a0d1441d8817a1ce560dbe67470\">\n.flex_column.av-9yz1l-c7970a0d1441d8817a1ce560dbe67470{\nborder-radius:0px 0px 0px 0px;\npadding:0px 0px 0px 0px;\n}\n<\/style>\n<div  class='flex_column av-9yz1l-c7970a0d1441d8817a1ce560dbe67470 av_one_full  avia-builder-el-40  el_after_av_one_full  el_before_av_one_full  first flex_column_div av-zero-column-padding  column-top-margin'     ><section  class='av_textblock_section av-lanqyvxg-ea07569acc514b0ed71c43a5cee4268e '   itemscope=\"itemscope\" itemtype=\"https:\/\/schema.org\/CreativeWork\" ><div class='avia_textblock'  itemprop=\"text\" ><h2 style=\"text-align: center;\"><a href=\"https:\/\/klett.cz\/direkt\/kahoot-k-17-lekci-direkt-interaktiv\/\">Kahoot! k 17. lekci Direkt interaktiv 2<\/a><\/h2>\n<\/div><\/section><\/div>\n\n<style type=\"text\/css\" data-created_by=\"avia_inline_auto\" id=\"style-css-av-857rd-4b89fadbedb333780c4cb04250e6a775\">\n.flex_column.av-857rd-4b89fadbedb333780c4cb04250e6a775{\nborder-radius:0px 0px 0px 0px;\npadding:0px 0px 0px 0px;\n}\n<\/style>\n<div  class='flex_column av-857rd-4b89fadbedb333780c4cb04250e6a775 av_one_full  avia-builder-el-42  el_after_av_one_full  el_before_av_one_full  first flex_column_div av-zero-column-padding  column-top-margin'     ><section  class='av_textblock_section av-laphzw3c-42df4640c9768dd6db9e0fa662ebf7d3 '   itemscope=\"itemscope\" itemtype=\"https:\/\/schema.org\/CreativeWork\" ><div class='avia_textblock'  itemprop=\"text\" ><h2 style=\"text-align: center;\"><a href=\"https:\/\/klett.cz\/direkt\/kahoot-k-18-lekci-direkt-interaktiv\/\">Kahoot! k 18. lekci Direkt interaktiv 2<\/a><\/h2>\n<\/div><\/section><\/div>\n\n<style type=\"text\/css\" data-created_by=\"avia_inline_auto\" id=\"style-css-av-p8dt-8f6ea972201a866bec0c28419e299952\">\n.flex_column.av-p8dt-8f6ea972201a866bec0c28419e299952{\nborder-radius:0px 0px 0px 0px;\npadding:0px 0px 0px 0px;\n}\n<\/style>\n<div  class='flex_column av-p8dt-8f6ea972201a866bec0c28419e299952 av_one_full  avia-builder-el-44  el_after_av_one_full  el_before_av_one_full  first flex_column_div av-zero-column-padding  column-top-margin'     ><section  class='av_textblock_section av-m1qbjda5-cba229bccf238f4101a5d2030c75528b '   itemscope=\"itemscope\" itemtype=\"https:\/\/schema.org\/CreativeWork\" ><div class='avia_textblock'  itemprop=\"text\" ><h2 style=\"text-align: center;\"><a href=\"https:\/\/klett.cz\/direkt\/kahoot-k-19-lekci-direkt-interaktiv\/\">Kahoot! k 19. lekci Direkt interaktiv 3<\/a><\/h2>\n<\/div><\/section><\/div>\n\n<style type=\"text\/css\" data-created_by=\"avia_inline_auto\" id=\"style-css-av-89vyx-2ea622d62660daeda6c465a544bd2ed5\">\n.flex_column.av-89vyx-2ea622d62660daeda6c465a544bd2ed5{\nborder-radius:0px 0px 0px 0px;\npadding:0px 0px 0px 0px;\n}\n<\/style>\n<div  class='flex_column av-89vyx-2ea622d62660daeda6c465a544bd2ed5 av_one_full  avia-builder-el-46  el_after_av_one_full  el_before_av_one_full  first flex_column_div av-zero-column-padding  column-top-margin'     ><section  class='av_textblock_section av-m1rijfpk-7c493791795363f72241428762dbb2d0 '   itemscope=\"itemscope\" itemtype=\"https:\/\/schema.org\/CreativeWork\" ><div class='avia_textblock'  itemprop=\"text\" ><h2 style=\"text-align: center;\"><a href=\"https:\/\/klett.cz\/direkt\/kahoot-k-20-lekci-direkt-interaktiv-3\/\">Kahoot! k 20. lekci Direkt interaktiv 3<\/a><\/h2>\n<\/div><\/section><\/div>\n\n<style type=\"text\/css\" data-created_by=\"avia_inline_auto\" id=\"style-css-av-1po41-18027253d718085d4cdd994d839077df\">\n.flex_column.av-1po41-18027253d718085d4cdd994d839077df{\nborder-radius:0px 0px 0px 0px;\npadding:0px 0px 0px 0px;\n}\n<\/style>\n<div  class='flex_column av-1po41-18027253d718085d4cdd994d839077df av_one_full  avia-builder-el-48  el_after_av_one_full  el_before_av_one_full  first flex_column_div av-zero-column-padding  column-top-margin'     ><section  class='av_textblock_section av-m1rj6by2-950379b4e2ff90df148989f94fa3d7e9 '   itemscope=\"itemscope\" itemtype=\"https:\/\/schema.org\/CreativeWork\" ><div class='avia_textblock'  itemprop=\"text\" ><h2 style=\"text-align: center;\"><a href=\"https:\/\/klett.cz\/direkt\/kahoot-k-21-lekci-direkt-interaktiv-3\/\">Kahoot! k 21. lekci Direkt interaktiv 3<\/a><\/h2>\n<\/div><\/section><\/div>\n\n<style type=\"text\/css\" data-created_by=\"avia_inline_auto\" id=\"style-css-av-air8h-3baa3a42286f7c26d08d1e6623f99f81\">\n.flex_column.av-air8h-3baa3a42286f7c26d08d1e6623f99f81{\nborder-radius:0px 0px 0px 0px;\npadding:0px 0px 0px 0px;\n}\n<\/style>\n<div  class='flex_column av-air8h-3baa3a42286f7c26d08d1e6623f99f81 av_one_full  avia-builder-el-50  el_after_av_one_full  avia-builder-el-last  first flex_column_div av-zero-column-padding  column-top-margin'     ><section  class='av_textblock_section av-m1rj6hwe-c0f0545f9a90e02f43065a8e62732911 '   itemscope=\"itemscope\" itemtype=\"https:\/\/schema.org\/CreativeWork\" ><div class='avia_textblock'  itemprop=\"text\" ><h2 style=\"text-align: center;\"><a href=\"https:\/\/klett.cz\/direkt\/kahoot-k-22-lekci-direkt-interaktiv-3\/\">Kahoot! k 22. lekci Direkt interaktiv 3<\/a><\/h2>\n<\/div><\/section><\/div>\n","protected":false},"excerpt":{"rendered":"","protected":false},"author":3,"featured_media":0,"parent":0,"menu_order":0,"comment_status":"closed","ping_status":"closed","template":"","meta":{"_exactmetrics_skip_tracking":false,"_exactmetrics_sitenote_active":false,"_exactmetrics_sitenote_note":"","_exactmetrics_sitenote_category":0,"footnotes":""},"class_list":["post-265","page","type-page","status-publish","hentry"],"_links":{"self":[{"href":"https:\/\/klett.cz\/direkt\/wp-json\/wp\/v2\/pages\/265","targetHints":{"allow":["GET"]}}],"collection":[{"href":"https:\/\/klett.cz\/direkt\/wp-json\/wp\/v2\/pages"}],"about":[{"href":"https:\/\/klett.cz\/direkt\/wp-json\/wp\/v2\/types\/page"}],"author":[{"embeddable":true,"href":"https:\/\/klett.cz\/direkt\/wp-json\/wp\/v2\/users\/3"}],"replies":[{"embeddable":true,"href":"https:\/\/klett.cz\/direkt\/wp-json\/wp\/v2\/comments?post=265"}],"version-history":[{"count":32,"href":"https:\/\/klett.cz\/direkt\/wp-json\/wp\/v2\/pages\/265\/revisions"}],"predecessor-version":[{"id":978,"href":"https:\/\/klett.cz\/direkt\/wp-json\/wp\/v2\/pages\/265\/revisions\/978"}],"wp:attachment":[{"href":"https:\/\/klett.cz\/direkt\/wp-json\/wp\/v2\/media?parent=265"}],"curies":[{"name":"wp","href":"https:\/\/api.w.org\/{rel}","templated":true}]}}