{"id":26,"date":"2018-09-26T16:01:50","date_gmt":"2018-09-26T14:01:50","guid":{"rendered":"http:\/\/klett.cz\/direkt\/?page_id=26"},"modified":"2021-08-17T14:02:46","modified_gmt":"2021-08-17T12:02:46","slug":"direkt-interaktiv","status":"publish","type":"page","link":"https:\/\/klett.cz\/direkt\/direkt-interaktiv\/","title":{"rendered":"direkt interaktiv"},"content":{"rendered":"\n<style type=\"text\/css\" data-created_by=\"avia_inline_auto\" id=\"style-css-av-7zqcq-67d5c5aa30efd62e778853979bcb02ad\">\n.avia-image-container.av-7zqcq-67d5c5aa30efd62e778853979bcb02ad img.avia_image{\nbox-shadow:none;\n}\n.avia-image-container.av-7zqcq-67d5c5aa30efd62e778853979bcb02ad .av-image-caption-overlay-center{\ncolor:#ffffff;\n}\n<\/style>\n<div  class='avia-image-container av-7zqcq-67d5c5aa30efd62e778853979bcb02ad av-styling- avia-align-center  avia-builder-el-0  el_before_av_hr  avia-builder-el-first '   itemprop=\"image\" itemscope=\"itemscope\" itemtype=\"https:\/\/schema.org\/ImageObject\" ><div class=\"avia-image-container-inner\"><div class=\"avia-image-overlay-wrap\"><img decoding=\"async\" fetchpriority=\"high\" class='wp-image-202 avia-img-lazy-loading-not-202 avia_image ' src=\"https:\/\/klett.cz\/direkt\/wp-content\/uploads\/2019\/04\/3ucebnice_944x374.jpg\" alt='U\u010debnice Direkt interaktiv' title='U\u010debnice Direkt interaktiv'  height=\"374\" width=\"944\"  itemprop=\"thumbnailUrl\" srcset=\"https:\/\/klett.cz\/direkt\/wp-content\/uploads\/2019\/04\/3ucebnice_944x374.jpg 944w, https:\/\/klett.cz\/direkt\/wp-content\/uploads\/2019\/04\/3ucebnice_944x374-300x119.jpg 300w, https:\/\/klett.cz\/direkt\/wp-content\/uploads\/2019\/04\/3ucebnice_944x374-768x304.jpg 768w, https:\/\/klett.cz\/direkt\/wp-content\/uploads\/2019\/04\/3ucebnice_944x374-705x279.jpg 705w, https:\/\/klett.cz\/direkt\/wp-content\/uploads\/2019\/04\/3ucebnice_944x374-450x178.jpg 450w\" sizes=\"(max-width: 944px) 100vw, 944px\" \/><\/div><\/div><\/div>\n\n<style type=\"text\/css\" data-created_by=\"avia_inline_auto\" id=\"style-css-av-7q8j6-84d89d7c4d43d771c3c29eedaffc8933\">\n#top .hr.av-7q8j6-84d89d7c4d43d771c3c29eedaffc8933{\nmargin-top:30px;\nmargin-bottom:30px;\n}\n.hr.av-7q8j6-84d89d7c4d43d771c3c29eedaffc8933 .hr-inner{\nwidth:50px;\nmax-width:45%;\n}\n.hr.av-7q8j6-84d89d7c4d43d771c3c29eedaffc8933 .av-seperator-icon{\ncolor:#ffffff;\n}\n.hr.av-7q8j6-84d89d7c4d43d771c3c29eedaffc8933 .av-seperator-icon.avia-svg-icon svg:first-child{\nfill:#ffffff;\nstroke:#ffffff;\n}\n<\/style>\n<div  class='hr av-7q8j6-84d89d7c4d43d771c3c29eedaffc8933 hr-custom  avia-builder-el-1  el_after_av_image  el_before_av_one_full  hr-center hr-icon-yes'><span class='hr-inner inner-border-av-border-none'><span class=\"hr-inner-style\"><\/span><\/span><span class='av-seperator-icon avia-iconfont avia-font-entypo-fontello' data-av_icon='\ue808' data-av_iconfont='entypo-fontello' ><\/span><span class='hr-inner inner-border-av-border-none'><span class=\"hr-inner-style\"><\/span><\/span><\/div>\n\n<style type=\"text\/css\" data-created_by=\"avia_inline_auto\" id=\"style-css-av-72y12-3b976760090a714860a721948ea71179\">\n.flex_column.av-72y12-3b976760090a714860a721948ea71179{\nborder-radius:0px 0px 0px 0px;\npadding:0px 0px 0px 0px;\n}\n<\/style>\n<div  class='flex_column av-72y12-3b976760090a714860a721948ea71179 av_one_full  avia-builder-el-2  el_after_av_hr  el_before_av_one_full  first flex_column_div av-zero-column-padding  '     ><section  class='av_textblock_section av-64bnm-fe46061b0730f10ec7eb8acc3da30b19 '   itemscope=\"itemscope\" itemtype=\"https:\/\/schema.org\/CreativeWork\" ><div class='avia_textblock'  itemprop=\"text\" ><h1 style=\"text-align: center;\">Direkt interaktiv<\/h1>\n<p style=\"text-align: center;\">Direkt interaktiv je aktualizovan\u00e1 podoba obl\u00edben\u00e9 u\u010debnice n\u011bm\u010diny Direkt neu pro st\u0159edn\u00ed \u0161koly, kter\u00e1 c\u00edlen\u011b p\u0159ipravuje na sou\u010dasnou podobu maturitn\u00ed zkou\u0161ky.<\/p>\n<\/div><\/section><\/div>\n\n<style type=\"text\/css\" data-created_by=\"avia_inline_auto\" id=\"style-css-av-5ffcy-a97747211519fc3f5100e8ff90d7c3f9\">\n.flex_column.av-5ffcy-a97747211519fc3f5100e8ff90d7c3f9{\nborder-radius:0px 0px 0px 0px;\npadding:0px 0px 0px 0px;\n}\n<\/style>\n<div  class='flex_column av-5ffcy-a97747211519fc3f5100e8ff90d7c3f9 av_one_full  avia-builder-el-4  el_after_av_one_full  el_before_av_hr  first flex_column_div av-zero-column-padding  column-top-margin'     ><section  class='av_textblock_section av-4vt6q-32b03deeb9cf732758542c84a0fbce3c '   itemscope=\"itemscope\" itemtype=\"https:\/\/schema.org\/CreativeWork\" ><div class='avia_textblock'  itemprop=\"text\" ><h2 style=\"text-align: center;\">Co v\u00e1s \u010dek\u00e1 s Direkt interaktiv a v \u010dem se li\u0161\u00ed od p\u016fvodn\u00ed u\u010debnice?<\/h2>\n<h3 style=\"text-align: center;\">Interaktivn\u00ed u\u010debnice a pracovn\u00ed se\u0161it<\/h3>\n<p style=\"text-align: center;\">Vytvo\u0159ili jsme pln\u011b interaktivn\u00ed u\u010debnici a pracovn\u00ed se\u0161it. Interaktivn\u00ed v\u00fduka je velmi praktick\u00e1. P\u0159i dom\u00e1c\u00ed p\u0159\u00edprav\u011b si mohou studenti na sv\u00fdch telefonech \u010di tabletech znovu pustit audia nebo videa, a atraktivn\u011bj\u0161\u00ed formou si tak procvi\u010dit l\u00e1tku \u010di tr\u00e9novat spr\u00e1vnou v\u00fdslovnost.<\/p>\n<h3 style=\"text-align: center;\">C\u00edlen\u00e1 p\u0159\u00edprava k\u00a0maturit\u011b<\/h3>\n<p style=\"text-align: center;\">P\u0159\u00edprava k maturitn\u00ed zkou\u0161ce prob\u00edh\u00e1 kontinu\u00e1ln\u011b ji\u017e od prvn\u00edho d\u00edlu. V ka\u017ed\u00e9 lekci jsou drobn\u00e9 aktivity ABI SPRECHEN \u010di ABI SCHREIBEN. Sou\u010d\u00e1st\u00ed je tak\u00e9 dvoustrana (ABI-) FERTIGKEITSTRAINING, kter\u00e1 obsahuje \u00falohy dle sou\u010dasn\u00e9 podoby maturitn\u00ed zkou\u0161ky.<\/p>\n<h3 style=\"text-align: center;\">Vnit\u0159n\u00ed diferenciace<\/h3>\n<p style=\"text-align: center;\">Pr\u00e1ci s heterogenn\u00ed skupinou u\u010ditel\u016fm velmi usnadn\u00ed nov\u011b zpracovan\u00e1 metodick\u00e1 p\u0159\u00edru\u010dka. Zvl\u00e1\u0161t\u011b prvn\u00ed d\u00edl je zam\u011b\u0159en na skupiny, ve kter\u00fdch jsou nam\u00edchan\u00ed jak \u017e\u00e1ci se z\u00e1kladn\u00ed znalost\u00ed jazyka, tak \u017e\u00e1ci, kte\u0159\u00ed se s\u00a0n\u011bm\u010dinou setk\u00e1vaj\u00ed poprv\u00e9.<\/p>\n<h3 style=\"text-align: center;\">Tematick\u00e9 zam\u011b\u0159en\u00ed jednotliv\u00fdch lekc\u00ed<\/h3>\n<p style=\"text-align: center;\">U\u010debnice jsou koncipov\u00e1ny tak, aby byly maxim\u00e1ln\u011b praktick\u00e9, pou\u017eiteln\u00e9 a zaj\u00edmav\u00e9 pro danou c\u00edlovou skupinu. T\u00e9mata reflektuj\u00ed sou\u010dasn\u00e9 zm\u011bny ve sv\u011bt\u011b a t\u00fdkaj\u00ed se z\u00e1jmov\u00e9ho okruhu mlad\u00fdch lid\u00ed. T\u011b\u0161it se m\u016f\u017eete na kompletn\u00ed zm\u011bnu t\u00e9mat ve 4. a 10. lekci prvn\u00edho d\u00edlu Direkt interaktiv.<\/p>\n<h3 style=\"text-align: center;\">Gramatika<\/h3>\n<p style=\"text-align: center;\">Pot\u0159ebn\u00fd objem gramatiky jsme rozd\u011blili tak, aby uveden\u00ed nov\u00e9 lekce bylo p\u0159irozen\u00e9 a doch\u00e1zelo k plynul\u00e9 progresi student\u016f.<\/p>\n<h3 style=\"text-align: center;\">Re\u00e1ln\u00ed hrdinov\u00e9<\/h3>\n<p style=\"text-align: center;\">Anneli, Simona, Jense a Marca u\u017e mo\u017en\u00e1 zn\u00e1te z\u00a0prvn\u00edho vyd\u00e1n\u00ed u\u010debnice. I Direktem interaktiv budou tito mlad\u00ed lid\u00e9 z\u00a0Hannoveru a okol\u00ed prov\u00e1zet. K\u00a0nim se nav\u00edc p\u0159idaj\u00ed nov\u00ed hrdinov\u00e9 \u2013 Anna a Julian. Jejich \u017eivoty, z\u00e1jmy, rodinn\u00e9 p\u0159\u00edb\u011bhy, vztahy, radosti i probl\u00e9my pak tvo\u0159\u00ed d\u011bjovou linku nap\u0159\u00ed\u010d u\u010debnic\u00ed.<\/p>\n<h3 style=\"text-align: center;\">Video<\/h3>\n<p style=\"text-align: center;\">Vytvo\u0159ili jsme z\u00e1bavn\u00e1 didaktick\u00e1 videa formou vlogu, jimi\u017e v\u00e1s provedou p\u0159\u00e1tel\u00e9 Anna a Julian. Jejich pou\u017eit\u00ed ve v\u00fduce z\u00e1vis\u00ed pln\u011b na rozhodnut\u00ed u\u010ditele (v u\u010debnici maj\u00ed videa sv\u00e9 vyhrazen\u00e9 m\u00edsto, v metodick\u00e9 p\u0159\u00edru\u010dce je pak pops\u00e1na kompletn\u00ed pr\u00e1ce s videi, v\u010detn\u011b didaktick\u00fdch tip\u016f a pracovn\u00edch list\u016f).<\/p>\n<h3 style=\"text-align: center;\">Audio<\/h3>\n<p style=\"text-align: center;\">Na z\u00e1klad\u011b aktualizace text\u016f jsme nahr\u00e1li a doplnili nov\u00e1 poslechov\u00e1 cvi\u010den\u00ed.<\/p>\n<h3 style=\"text-align: center;\">Zv\u00fdrazn\u011bn\u00ed d\u016fle\u017eit\u00fdch informac\u00ed<\/h3>\n<p style=\"text-align: center;\">Sou\u010d\u00e1st\u00ed u\u010debnice jsou gramatick\u00e9 r\u00e1me\u010dky a nov\u011b tak\u00e9 odli\u0161nosti v\u00a0jazykov\u00fdch variant\u00e1ch D-A-CH v\u00a0lexik\u00e1ln\u00ed rovin\u011b. D\u00edky tomu jsme zv\u00fd\u0161ili praktick\u00e9 vyu\u017eit\u00ed u\u010debnice.<\/p>\n<h3 style=\"text-align: center;\">Modern\u00ed grafick\u00fd design<\/h3>\n<p style=\"text-align: center;\">P\u0159izp\u016fsobili jsme design c\u00edlov\u00e9 skupin\u011b teenager\u016f. Grafickou zm\u011bnou pro\u0161ly ilustrace i fotografie.<\/p>\n<h3 style=\"text-align: center;\">Metodick\u00e1 p\u0159\u00edru\u010dka<\/h3>\n<p style=\"text-align: center;\">Metodick\u00e1 p\u0159\u00edru\u010dka obsahuje DVD s\u00a0video a audio nahr\u00e1vkami, doporu\u010den\u00ed, p\u0159\u00edstupy a aktivity zohled\u0148uj\u00edc\u00ed individualizaci v\u00fduky, u\u010debn\u00ed styly a individualitu \u017e\u00e1k\u016f, d\u00e1le pracovn\u00ed listy a kop\u00edrovateln\u00e9 p\u0159edlohy, testy k lekc\u00edm a dal\u0161\u00ed tipy a materi\u00e1ly do v\u00fduky.<\/p>\n<\/div><\/section><\/div>\n<div  class='hr av-4qbnm-57ff0f11d96edc58a7b1909401dec463 hr-default  avia-builder-el-6  el_after_av_one_full  el_before_av_image '><span class='hr-inner '><span class=\"hr-inner-style\"><\/span><\/span><\/div>\n\n<style type=\"text\/css\" data-created_by=\"avia_inline_auto\" id=\"style-css-av-410xi-433ab463a05a4297a2628c8819b1bd95\">\n.avia-image-container.av-410xi-433ab463a05a4297a2628c8819b1bd95 img.avia_image{\nbox-shadow:none;\n}\n.avia-image-container.av-410xi-433ab463a05a4297a2628c8819b1bd95 .av-image-caption-overlay-center{\ncolor:#ffffff;\n}\n<\/style>\n<div  class='avia-image-container av-410xi-433ab463a05a4297a2628c8819b1bd95 av-styling- av-hover-grow avia-align-center  avia-builder-el-7  el_after_av_hr  el_before_av_section  avia-builder-el-last '   itemprop=\"image\" itemscope=\"itemscope\" itemtype=\"https:\/\/schema.org\/ImageObject\" ><div class=\"avia-image-container-inner\"><div class=\"avia-image-overlay-wrap\"><img decoding=\"async\" fetchpriority=\"high\" class='wp-image-199 avia-img-lazy-loading-not-199 avia_image ' src=\"https:\/\/klett.cz\/direkt\/wp-content\/uploads\/2019\/04\/DIREKT_open2_1133x651-1-1030x592.jpg\" alt='Uk\u00e1zka u\u010debnice' title='DIREKT INTERAKTIV'  height=\"592\" width=\"1030\"  itemprop=\"thumbnailUrl\" srcset=\"https:\/\/klett.cz\/direkt\/wp-content\/uploads\/2019\/04\/DIREKT_open2_1133x651-1-1030x592.jpg 1030w, https:\/\/klett.cz\/direkt\/wp-content\/uploads\/2019\/04\/DIREKT_open2_1133x651-1-300x172.jpg 300w, https:\/\/klett.cz\/direkt\/wp-content\/uploads\/2019\/04\/DIREKT_open2_1133x651-1-768x441.jpg 768w, https:\/\/klett.cz\/direkt\/wp-content\/uploads\/2019\/04\/DIREKT_open2_1133x651-1-705x405.jpg 705w, https:\/\/klett.cz\/direkt\/wp-content\/uploads\/2019\/04\/DIREKT_open2_1133x651-1-450x259.jpg 450w, https:\/\/klett.cz\/direkt\/wp-content\/uploads\/2019\/04\/DIREKT_open2_1133x651-1.jpg 1133w\" sizes=\"(max-width: 1030px) 100vw, 1030px\" \/><\/div><\/div><\/div>\n<\/div><\/div><\/div><!-- close content main div --><\/div><\/div><div id='av_section_1'  class='avia-section av-3ejqy-a1f74c4df6e3382ac52f5ce3109166d9 main_color avia-section-default avia-no-border-styling  avia-builder-el-8  el_after_av_image  el_before_av_one_half  avia-bg-style-scroll container_wrap sidebar_right'  ><div class='container av-section-cont-open' ><div class='template-page content  av-content-small alpha units'><div class='post-entry post-entry-type-page post-entry-26'><div class='entry-content-wrapper clearfix'><\/div><\/div><\/div><!-- close content main div --><\/div><\/div><div id='after_section_1'  class='main_color av_default_container_wrap container_wrap sidebar_right'  ><div class='container av-section-cont-open' ><div class='template-page content  av-content-small alpha units'><div class='post-entry post-entry-type-page post-entry-26'><div class='entry-content-wrapper clearfix'>\n\n<style type=\"text\/css\" data-created_by=\"avia_inline_auto\" id=\"style-css-av-2z16m-7b670e757c26f680ec3e75c1dddbf5ff\">\n.flex_column.av-2z16m-7b670e757c26f680ec3e75c1dddbf5ff{\nborder-radius:0px 0px 0px 0px;\npadding:0px 0px 0px 0px;\n}\n<\/style>\n<div  class='flex_column av-2z16m-7b670e757c26f680ec3e75c1dddbf5ff av_one_half  avia-builder-el-9  el_after_av_section  el_before_av_one_half  avia-builder-el-first  first flex_column_div av-zero-column-padding  '     ><section  class='av_textblock_section av-22ntu-bf539719df096b1acdc8609edcf125db '   itemscope=\"itemscope\" itemtype=\"https:\/\/schema.org\/CreativeWork\" ><div class='avia_textblock'  itemprop=\"text\" ><h2>Struktura u\u010debnice<\/h2>\n<ul>\n<li>10 lekc\u00ed<\/li>\n<li>po 5. a 10. lekci dvoustrana (ABI-)FERTIGKEITSTRAINING<\/li>\n<li>po 5. a 10. lekci dvoustrana FESTE<\/li>\n<li>GRAMMATIK\u00dcBERSICHT v\u010detn\u011b p\u0159ehledu nepravideln\u00fdch sloves na konci u\u010debnice<\/li>\n<\/ul>\n<p><strong>Struktura jednotliv\u00fdch lekc\u00ed: <\/strong><\/p>\n<ul>\n<li>\u00favodn\u00ed motiva\u010dn\u00ed dvoustrana<\/li>\n<li>\u010d\u00e1sti A, B, C s\u00a0mno\u017estv\u00edm pestr\u00fdch cvi\u010den\u00ed zam\u011b\u0159en\u00fdch na v\u0161echny jazykov\u00e9 dovednosti<\/li>\n<li>projekt a cvi\u010den\u00ed k videu<\/li>\n<li>gramatick\u00e1 dvojstrana<\/li>\n<li>fonetick\u00e1 \u010d\u00e1st orientovan\u00e1 na spr\u00e1vnou v\u00fdslovnost<\/li>\n<li>slovn\u00ed\u010dek na konci ka\u017ed\u00e9 lekce (s nahr\u00e1vkami spr\u00e1vn\u00e9 v\u00fdslovnosti slovn\u00ed z\u00e1soby)<\/li>\n<\/ul>\n<\/div><\/section><\/div>\n<style type=\"text\/css\" data-created_by=\"avia_inline_auto\" id=\"style-css-av-1clxy-acae715ee4dc469a2cf1d83b740501a1\">\n.flex_column.av-1clxy-acae715ee4dc469a2cf1d83b740501a1{\nborder-radius:0px 0px 0px 0px;\npadding:0px 0px 0px 0px;\n}\n<\/style>\n<div  class='flex_column av-1clxy-acae715ee4dc469a2cf1d83b740501a1 av_one_half  avia-builder-el-11  el_after_av_one_half  avia-builder-el-last  flex_column_div av-zero-column-padding  '     ><section  class='av_textblock_section av-sarq-6ccc694c1d08ce80baf6659dc16ca0c6 '   itemscope=\"itemscope\" itemtype=\"https:\/\/schema.org\/CreativeWork\" ><div class='avia_textblock'  itemprop=\"text\" ><h2>Struktura pracovn\u00edho se\u0161itu<\/h2>\n<ul>\n<li>\u00favodn\u00ed fonetick\u00fd kurz na za\u010d\u00e1tku pracovn\u00edho se\u0161itu<\/li>\n<li>cvi\u010den\u00ed prov\u00e1zan\u00e1 s\u00a0jednotliv\u00fdmi lekcemi u\u010debnice<\/li>\n<li>sebehodnocen\u00ed pomoc\u00ed komiksu v\u00a0z\u00e1v\u011bru ka\u017ed\u00e9 lekce<\/li>\n<li>abecedn\u00ed slovn\u00ed\u010dek na konci pracovn\u00edho se\u0161itu<\/li>\n<\/ul>\n<\/div><\/section><\/div><\/p>\n","protected":false},"excerpt":{"rendered":"","protected":false},"author":2,"featured_media":0,"parent":0,"menu_order":0,"comment_status":"closed","ping_status":"closed","template":"","meta":{"_exactmetrics_skip_tracking":false,"_exactmetrics_sitenote_active":false,"_exactmetrics_sitenote_note":"","_exactmetrics_sitenote_category":0,"footnotes":""},"class_list":["post-26","page","type-page","status-publish","hentry"],"_links":{"self":[{"href":"https:\/\/klett.cz\/direkt\/wp-json\/wp\/v2\/pages\/26","targetHints":{"allow":["GET"]}}],"collection":[{"href":"https:\/\/klett.cz\/direkt\/wp-json\/wp\/v2\/pages"}],"about":[{"href":"https:\/\/klett.cz\/direkt\/wp-json\/wp\/v2\/types\/page"}],"author":[{"embeddable":true,"href":"https:\/\/klett.cz\/direkt\/wp-json\/wp\/v2\/users\/2"}],"replies":[{"embeddable":true,"href":"https:\/\/klett.cz\/direkt\/wp-json\/wp\/v2\/comments?post=26"}],"version-history":[{"count":15,"href":"https:\/\/klett.cz\/direkt\/wp-json\/wp\/v2\/pages\/26\/revisions"}],"predecessor-version":[{"id":597,"href":"https:\/\/klett.cz\/direkt\/wp-json\/wp\/v2\/pages\/26\/revisions\/597"}],"wp:attachment":[{"href":"https:\/\/klett.cz\/direkt\/wp-json\/wp\/v2\/media?parent=26"}],"curies":[{"name":"wp","href":"https:\/\/api.w.org\/{rel}","templated":true}]}}